{"id":75244,"date":"2026-02-26T00:14:20","date_gmt":"2026-02-25T22:14:20","guid":{"rendered":"https:\/\/skyline-gs.com\/?post_type=product&#038;p=75244"},"modified":"2026-04-09T15:42:54","modified_gmt":"2026-04-09T13:42:54","slug":"malaysia-singapore-4-days-nha-trang","status":"publish","type":"product","link":"https:\/\/skyline-gs.com\/fr\/product\/malaysia-singapore-4-days-nha-trang\/","title":{"rendered":"\u041c\u0430\u043b\u0430\u0439\u0437\u0438\u044f + \u0421\u0438\u043d\u0433\u0430\u043f\u0443\u0440 4 \u0434\u043d\u044f"},"content":{"rendered":"<p>Ce circuit est la combinaison parfaite de deux capitales dynamiques de l'Asie du Sud-Est. En un seul voyage, vous d\u00e9couvrirez une m\u00e9tropole moderne <span class=\"hover:entity-accent entity-underline inline cursor-pointer align-baseline\"><span class=\"whitespace-normal\">Kuala Lumpur<\/span><\/span> et la ville ultramoderne du futur <span class=\"hover:entity-accent entity-underline inline cursor-pointer align-baseline\"><span class=\"whitespace-normal\">Singapour<\/span><\/span>. Des vols confortables, un h\u00e9bergement dans des h\u00f4tels 4* au centre de la ville et des programmes touristiques riches vous attendent.<\/p>\n<p><strong data-start=\"605\" data-end=\"615\">Jour 1<\/strong><\/p>\n<p><strong>9:00 - D\u00e9part du hall de l'h\u00f4tel.\u00a0<\/strong>Transfert \u00e0 l'a\u00e9roport.<\/p>\n<ul>\n<li>12:00 - Vol pour Kuala Lumpur.<\/li>\n<li>15:25 \u2014 <strong>Accueil \u00e0 l'a\u00e9roport avec plaque nominative<\/strong>, avec vos noms dessus.<\/li>\n<li><strong>Transfert<\/strong>\u00a0\u00e0 l'h\u00f4tel.<\/li>\n<li>17:00 - Enregistrement\u00a0<strong>H\u00f4tel 4* dans le centre de Kuala Lumpur.<\/strong><\/li>\n<li><strong>Temps libre<\/strong> pour une promenade nocturne dans la ville.<\/li>\n<\/ul>\n<p><strong data-start=\"888\" data-end=\"898\">Jour 2<\/strong><\/p>\n<ul>\n<li>7:00 \u2014 <strong>Petit d\u00e9jeuner \u00e0 l'h\u00f4tel<\/strong>.<\/li>\n<li>10:00 \u2014\u00a0<strong>Visite touristique<\/strong>\u00a0sur Kuala Lumpur\u00a0<strong>dans une voiture priv\u00e9e.<\/strong><\/li>\n<li data-start=\"972\" data-end=\"1023\"><strong>Grottes de Batu<\/strong>\u00a0- le principal sanctuaire hindou du pays.<\/li>\n<li data-start=\"972\" data-end=\"1023\"><strong>Palais royal.<\/strong><\/li>\n<li data-start=\"972\" data-end=\"1023\"><strong>Menara KL TV Tower<\/strong>\u00a0(pont d'observation optionnel pay\u00e9 s\u00e9par\u00e9ment).<\/li>\n<li data-start=\"972\" data-end=\"1023\"><strong>Place de l'Ind\u00e9pendance<\/strong>\u00a0- L'h\u00e9ritage colonial britannique.<\/li>\n<li data-start=\"972\" data-end=\"1023\"><strong>Temple Tian Hu<\/strong>\u00a0avec la possibilit\u00e9 d'une lecture porte-bonheur.<\/li>\n<li data-start=\"972\" data-end=\"1023\"><strong>Mosqu\u00e9e nationale de Negara.<\/strong><\/li>\n<li data-start=\"972\" data-end=\"1023\"><strong>Le b\u00e2timent ferroviaire<\/strong>\u00a0style colonial.<\/li>\n<li data-start=\"972\" data-end=\"1023\"><strong>Chinatown Chinatown<\/strong>\u00a0et la vieille ville.<\/li>\n<li data-start=\"972\" data-end=\"1023\"><strong>Tours jumelles Petronas.<\/strong>\u00a0- le symbole de la Malaisie.<\/li>\n<li data-start=\"972\" data-end=\"1023\">15:00 - Temps libre.<\/li>\n<li><strong>Transfert<\/strong>\u00a0\u00e0 l'a\u00e9roport.<\/li>\n<li>Vol <strong>De Kuala Lumpur \u00e0 Singapour.<\/strong><\/li>\n<li data-start=\"435\" data-end=\"507\"><strong>Prise en charge \u00e0 l'a\u00e9roport<\/strong> avec une plaque portant vos noms.<\/li>\n<li data-start=\"435\" data-end=\"507\">Transfert et enregistrement \u00e0 l'h\u00f4tel <strong>H\u00f4tel 4* dans le centre de Singapour<\/strong>.<\/li>\n<li data-start=\"510\" data-end=\"661\"><strong>Visite touristique en soir\u00e9e<\/strong>: <strong>Vieille ville<\/strong>, le symbole de Singapour - <strong>Merlion<\/strong>, <strong>fontaine de richesse<\/strong>, <strong>Quartier chinois<\/strong>, le plus grand temple bouddhiste <strong>Dent de Bouddha<\/strong>.<\/li>\n<\/ul>\n<p><strong data-start=\"888\" data-end=\"898\">Troisi\u00e8me jour<\/strong><\/p>\n<ul>\n<li>7:00 \u2014 <strong>Petit d\u00e9jeuner \u00e0 l'h\u00f4tel<\/strong>.<\/li>\n<li><strong>Temps libre<\/strong>. L'h\u00f4tel b\u00e9n\u00e9ficie d'une situation centrale, ce qui vous permet de vous rendre \u00e0 pied aux super-arbres de Gardens by the Bay, aux jardins botaniques de Singapour (UNESCO) et au quartier de Marina Bay (spectacles de fontaines en soir\u00e9e, ponts d'observation et restaurants).<\/li>\n<\/ul>\n<p><strong data-start=\"1585\" data-end=\"1595\">Jour 4<\/strong><\/p>\n<ul>\n<li>7:00 \u2014 <strong>Petit d\u00e9jeuner \u00e0 l'h\u00f4tel<\/strong>.<\/li>\n<li>10:00 - Transfert \u00e0 l'a\u00e9roport.<\/li>\n<li>13:00 \u2014 <strong>Singapour - Ho Chi Minh Ville - Nha Trang.<\/strong><\/li>\n<li>17:30 - Accueil \u00e0 l'a\u00e9roport par un chauffeur muni d'un panneau.<\/li>\n<li>18:00 - Transfert \u00e0 l'h\u00f4tel.<\/li>\n<\/ul>\n<p><strong>19:00 - Retour \u00e0 l'h\u00f4tel.<\/strong><\/p>\n<p><strong>Inclus :<\/strong><\/p>\n<ul>\n<li>Transferts depuis et vers l'h\u00f4tel<\/li>\n<li>Transferts a\u00e9roportuaires en voiture priv\u00e9e<\/li>\n<li data-start=\"2261\" data-end=\"2295\">Tous les billets d'entr\u00e9e selon le programme<\/li>\n<li data-start=\"2298\" data-end=\"2320\">Guide parlant russe<\/li>\n<li>H\u00f4tel 4* dans le centre de Kuala Lumpur<\/li>\n<li data-start=\"2298\" data-end=\"2320\">H\u00f4tel 4* dans le centre de Singapour<\/li>\n<li data-start=\"2323\" data-end=\"2344\">Repas (petits d\u00e9jeuners)<\/li>\n<\/ul>\n<p><strong data-start=\"1939\" data-end=\"1955\">Non inclus :<\/strong><\/p>\n<ul>\n<li data-start=\"2370\" data-end=\"2401\">Billets d'avion (environ 500 - 600$). Notre gestionnaire vous aidera \u00e0 trouver les meilleurs billets d'avion au meilleur prix.<\/li>\n<li data-start=\"2404\" data-end=\"2433\">Suppl\u00e9ment pour occupation simple +260$<\/li>\n<\/ul>\n<p><strong>Emportez-le avec vous :<\/strong><\/p>\n<ul>\n<li>Passeport<\/li>\n<li>Coiffure et lunettes de soleil<\/li>\n<li>Argent pour les d\u00e9penses personnelles<\/li>\n<\/ul>\n<p><strong>Informations compl\u00e9mentaires :<\/strong><\/p>\n<ul>\n<li><strong>Demande de visa \u00e0 <span class=\"hover:entity-accent entity-underline inline cursor-pointer align-baseline\"><span class=\"whitespace-normal\">Singapour<\/span><\/span> non requis<\/strong>, Comme la visite du pays se fait sous la forme d'une <strong data-start=\"203\" data-end=\"229\">s\u00e9jour de transit<\/strong> (vol Malaisie-Singapour-Vietnam).<\/li>\n<li data-start=\"284\" data-end=\"501\">Vous entrez \u00e0 Singapour en tant que passager en transit avec un billet confirm\u00e9 \u00e0 destination d'un pays tiers (le Vi\u00eat Nam), ce qui vous permet de rester dans le pays sans proc\u00e9dure de visa pr\u00e9alable tout en respectant les r\u00e8glements en vigueur en mati\u00e8re d'immigration.<\/li>\n<li data-start=\"284\" data-end=\"501\">Nos gestionnaires v\u00e9rifient l'itin\u00e9raire et les billets d'avion \u00e0 l'avance afin de rendre votre voyage confortable et sans formalit\u00e9s inutiles.<\/li>\n<\/ul>\n<p><strong>Conditions de r\u00e9servation :<\/strong><\/p>\n<ul>\n<li>Pr\u00e9pay\u00e9 50%<\/li>\n<\/ul>","protected":false},"excerpt":{"rendered":"<p><strong>Temps du Tour:<\/strong> 4 jours<\/p>\n<p><strong>Jours de D\u00e9roulement:<\/strong> Tous les jours.<\/p>","protected":false},"featured_media":75245,"template":"","meta":{"_kad_post_transparent":"default","_kad_post_title":"","_kad_post_layout":"default","_kad_post_sidebar_id":"","_kad_post_content_style":"default","_kad_post_vertical_padding":"default","_kad_post_feature":"","_kad_post_feature_position":"","_kad_post_header":false,"_kad_post_footer":false,"_kad_post_classname":"","_glsr_average":0,"_glsr_ranking":0,"_glsr_reviews":0},"product_brand":[],"product_cat":[437],"product_tag":[],"class_list":{"0":"post-75244","1":"product","2":"type-product","3":"status-publish","4":"has-post-thumbnail","6":"product_cat-nha-trang","7":"tm-has-options","9":"first","10":"instock","11":"sold-individually","12":"taxable","13":"shipping-taxable","14":"purchasable","15":"product-type-simple","16":"entry","17":"content-bg","18":"loop-entry"},"yoast_head":"<!-- This site is optimized with the Yoast SEO plugin v27.4 - https:\/\/yoast.com\/product\/yoast-seo-wordpress\/ -->\n<title>\u041c\u0430\u043b\u0430\u0439\u0437\u0438\u044f + \u0421\u0438\u043d\u0433\u0430\u043f\u0443\u0440 4 \u0434\u043d\u044f &#8226; \u042d\u043a\u0441\u043a\u0443\u0440\u0441\u0438\u0438 Skyline<\/title>\n<meta name=\"robots\" content=\"index, follow, max-snippet:-1, max-image-preview:large, max-video-preview:-1\" \/>\n<link rel=\"canonical\" href=\"https:\/\/skyline-gs.com\/fr\/produit\/malaysia-singapore-4-days-nha-trang\/\" \/>\n<meta property=\"og:locale\" content=\"fr_FR\" \/>\n<meta property=\"og:type\" content=\"article\" \/>\n<meta property=\"og:title\" content=\"\u041c\u0430\u043b\u0430\u0439\u0437\u0438\u044f + \u0421\u0438\u043d\u0433\u0430\u043f\u0443\u0440 4 \u0434\u043d\u044f &#8226; \u042d\u043a\u0441\u043a\u0443\u0440\u0441\u0438\u0438 Skyline\" \/>\n<meta property=\"og:description\" content=\"\u0412\u0440\u0435\u043c\u044f \u0442\u0443\u0440\u0430: 4 \u0434\u043d\u044f  \u0414\u043d\u0438 \u043f\u0440\u043e\u0432\u0435\u0434\u0435\u043d\u0438\u044f: \u041a\u0430\u0436\u0434\u044b\u0439 \u0434\u0435\u043d\u044c\" \/>\n<meta property=\"og:url\" content=\"https:\/\/skyline-gs.com\/fr\/produit\/malaysia-singapore-4-days-nha-trang\/\" \/>\n<meta property=\"og:site_name\" content=\"\u042d\u043a\u0441\u043a\u0443\u0440\u0441\u0438\u0438 Skyline\" \/>\n<meta property=\"article:modified_time\" content=\"2026-04-09T13:42:54+00:00\" \/>\n<meta property=\"og:image\" content=\"https:\/\/skyline-gs.com\/wp-content\/uploads\/2026\/02\/27.png\" \/>\n\t<meta property=\"og:image:width\" content=\"669\" \/>\n\t<meta property=\"og:image:height\" content=\"446\" \/>\n\t<meta property=\"og:image:type\" content=\"image\/png\" \/>\n<meta name=\"twitter:card\" content=\"summary_large_image\" \/>\n<meta name=\"twitter:label1\" content=\"Dur\u00e9e de lecture estim\u00e9e\" \/>\n\t<meta name=\"twitter:data1\" content=\"3 minutes\" \/>\n<script type=\"application\/ld+json\" class=\"yoast-schema-graph\">{\"@context\":\"https:\\\/\\\/schema.org\",\"@graph\":[{\"@type\":\"WebPage\",\"@id\":\"https:\\\/\\\/skyline-gs.com\\\/product\\\/malaysia-singapore-4-days-nha-trang\\\/\",\"url\":\"https:\\\/\\\/skyline-gs.com\\\/product\\\/malaysia-singapore-4-days-nha-trang\\\/\",\"name\":\"\u041c\u0430\u043b\u0430\u0439\u0437\u0438\u044f + \u0421\u0438\u043d\u0433\u0430\u043f\u0443\u0440 4 \u0434\u043d\u044f &#8226; \u042d\u043a\u0441\u043a\u0443\u0440\u0441\u0438\u0438 Skyline\",\"isPartOf\":{\"@id\":\"https:\\\/\\\/skyline-gs.com\\\/it\\\/#website\"},\"primaryImageOfPage\":{\"@id\":\"https:\\\/\\\/skyline-gs.com\\\/product\\\/malaysia-singapore-4-days-nha-trang\\\/#primaryimage\"},\"image\":{\"@id\":\"https:\\\/\\\/skyline-gs.com\\\/product\\\/malaysia-singapore-4-days-nha-trang\\\/#primaryimage\"},\"thumbnailUrl\":\"https:\\\/\\\/skyline-gs.com\\\/wp-content\\\/uploads\\\/2026\\\/02\\\/27.png\",\"datePublished\":\"2026-02-25T22:14:20+00:00\",\"dateModified\":\"2026-04-09T13:42:54+00:00\",\"breadcrumb\":{\"@id\":\"https:\\\/\\\/skyline-gs.com\\\/product\\\/malaysia-singapore-4-days-nha-trang\\\/#breadcrumb\"},\"inLanguage\":\"fr-FR\",\"potentialAction\":[{\"@type\":\"ReadAction\",\"target\":[\"https:\\\/\\\/skyline-gs.com\\\/product\\\/malaysia-singapore-4-days-nha-trang\\\/\"]}]},{\"@type\":\"ImageObject\",\"inLanguage\":\"fr-FR\",\"@id\":\"https:\\\/\\\/skyline-gs.com\\\/product\\\/malaysia-singapore-4-days-nha-trang\\\/#primaryimage\",\"url\":\"https:\\\/\\\/skyline-gs.com\\\/wp-content\\\/uploads\\\/2026\\\/02\\\/27.png\",\"contentUrl\":\"https:\\\/\\\/skyline-gs.com\\\/wp-content\\\/uploads\\\/2026\\\/02\\\/27.png\",\"width\":669,\"height\":446},{\"@type\":\"BreadcrumbList\",\"@id\":\"https:\\\/\\\/skyline-gs.com\\\/product\\\/malaysia-singapore-4-days-nha-trang\\\/#breadcrumb\",\"itemListElement\":[{\"@type\":\"ListItem\",\"position\":1,\"name\":\"\u0413\u043b\u0430\u0432\u043d\u0430\u044f \u0441\u0442\u0440\u0430\u043d\u0438\u0446\u0430\",\"item\":\"https:\\\/\\\/skyline-gs.com\\\/hu\\\/\"},{\"@type\":\"ListItem\",\"position\":2,\"name\":\"\u041c\u0430\u0433\u0430\u0437\u0438\u043d\",\"item\":\"https:\\\/\\\/skyline-gs.com\\\/cs\\\/shop\\\/\"},{\"@type\":\"ListItem\",\"position\":3,\"name\":\"\u041c\u0430\u043b\u0430\u0439\u0437\u0438\u044f + \u0421\u0438\u043d\u0433\u0430\u043f\u0443\u0440 4 \u0434\u043d\u044f\"}]},{\"@type\":\"WebSite\",\"@id\":\"https:\\\/\\\/skyline-gs.com\\\/it\\\/#website\",\"url\":\"https:\\\/\\\/skyline-gs.com\\\/it\\\/\",\"name\":\"\u042d\u043a\u0441\u043a\u0443\u0440\u0441\u0438\u0438 Skyline\",\"description\":\"\u042d\u043a\u0441\u043a\u043b\u044e\u0437\u0438\u0432\u043d\u044b\u0435 \u044d\u043a\u0441\u043a\u0443\u0440\u0441\u0438\u0438 \u043d\u0430 \u043b\u0443\u0447\u0448\u0438\u0445 \u043a\u0443\u0440\u043e\u0440\u0442\u0430\u0445 \u043c\u0438\u0440\u0430\",\"publisher\":{\"@id\":\"https:\\\/\\\/skyline-gs.com\\\/it\\\/#organization\"},\"alternateName\":\"Skyline\",\"potentialAction\":[{\"@type\":\"SearchAction\",\"target\":{\"@type\":\"EntryPoint\",\"urlTemplate\":\"https:\\\/\\\/skyline-gs.com\\\/it\\\/?s={search_term_string}\"},\"query-input\":{\"@type\":\"PropertyValueSpecification\",\"valueRequired\":true,\"valueName\":\"search_term_string\"}}],\"inLanguage\":\"fr-FR\"},{\"@type\":\"Organization\",\"@id\":\"https:\\\/\\\/skyline-gs.com\\\/it\\\/#organization\",\"name\":\"\u042d\u043a\u0441\u043a\u0443\u0440\u0441\u0438\u0438 Skyline\",\"alternateName\":\"\u042d\u043a\u0441\u043a\u0443\u0440\u0441\u0438\u0438 Skyline\",\"url\":\"https:\\\/\\\/skyline-gs.com\\\/it\\\/\",\"logo\":{\"@type\":\"ImageObject\",\"inLanguage\":\"fr-FR\",\"@id\":\"https:\\\/\\\/skyline-gs.com\\\/it\\\/#\\\/schema\\\/logo\\\/image\\\/\",\"url\":\"https:\\\/\\\/skyline-gs.com\\\/wp-content\\\/uploads\\\/2020\\\/12\\\/cropped-logo-2.png\",\"contentUrl\":\"https:\\\/\\\/skyline-gs.com\\\/wp-content\\\/uploads\\\/2020\\\/12\\\/cropped-logo-2.png\",\"width\":512,\"height\":512,\"caption\":\"\u042d\u043a\u0441\u043a\u0443\u0440\u0441\u0438\u0438 Skyline\"},\"image\":{\"@id\":\"https:\\\/\\\/skyline-gs.com\\\/it\\\/#\\\/schema\\\/logo\\\/image\\\/\"},\"sameAs\":[\"https:\\\/\\\/www.instagram.com\\\/skylineglobalservice\\\/\"]}]}<\/script>\n<!-- \/ Yoast SEO plugin. -->","yoast_head_json":{"title":"\u041c\u0430\u043b\u0430\u0439\u0437\u0438\u044f + \u0421\u0438\u043d\u0433\u0430\u043f\u0443\u0440 4 \u0434\u043d\u044f &#8226; \u042d\u043a\u0441\u043a\u0443\u0440\u0441\u0438\u0438 Skyline","robots":{"index":"index","follow":"follow","max-snippet":"max-snippet:-1","max-image-preview":"max-image-preview:large","max-video-preview":"max-video-preview:-1"},"canonical":"https:\/\/skyline-gs.com\/fr\/produit\/malaysia-singapore-4-days-nha-trang\/","og_locale":"fr_FR","og_type":"article","og_title":"\u041c\u0430\u043b\u0430\u0439\u0437\u0438\u044f + \u0421\u0438\u043d\u0433\u0430\u043f\u0443\u0440 4 \u0434\u043d\u044f &#8226; \u042d\u043a\u0441\u043a\u0443\u0440\u0441\u0438\u0438 Skyline","og_description":"\u0412\u0440\u0435\u043c\u044f \u0442\u0443\u0440\u0430: 4 \u0434\u043d\u044f  \u0414\u043d\u0438 \u043f\u0440\u043e\u0432\u0435\u0434\u0435\u043d\u0438\u044f: \u041a\u0430\u0436\u0434\u044b\u0439 \u0434\u0435\u043d\u044c","og_url":"https:\/\/skyline-gs.com\/fr\/produit\/malaysia-singapore-4-days-nha-trang\/","og_site_name":"\u042d\u043a\u0441\u043a\u0443\u0440\u0441\u0438\u0438 Skyline","article_modified_time":"2026-04-09T13:42:54+00:00","og_image":[{"width":669,"height":446,"url":"https:\/\/skyline-gs.com\/wp-content\/uploads\/2026\/02\/27.png","type":"image\/png"}],"twitter_card":"summary_large_image","twitter_misc":{"Dur\u00e9e de lecture estim\u00e9e":"3 minutes"},"schema":{"@context":"https:\/\/schema.org","@graph":[{"@type":"WebPage","@id":"https:\/\/skyline-gs.com\/product\/malaysia-singapore-4-days-nha-trang\/","url":"https:\/\/skyline-gs.com\/product\/malaysia-singapore-4-days-nha-trang\/","name":"\u041c\u0430\u043b\u0430\u0439\u0437\u0438\u044f + \u0421\u0438\u043d\u0433\u0430\u043f\u0443\u0440 4 \u0434\u043d\u044f &#8226; \u042d\u043a\u0441\u043a\u0443\u0440\u0441\u0438\u0438 Skyline","isPartOf":{"@id":"https:\/\/skyline-gs.com\/it\/#website"},"primaryImageOfPage":{"@id":"https:\/\/skyline-gs.com\/product\/malaysia-singapore-4-days-nha-trang\/#primaryimage"},"image":{"@id":"https:\/\/skyline-gs.com\/product\/malaysia-singapore-4-days-nha-trang\/#primaryimage"},"thumbnailUrl":"https:\/\/skyline-gs.com\/wp-content\/uploads\/2026\/02\/27.png","datePublished":"2026-02-25T22:14:20+00:00","dateModified":"2026-04-09T13:42:54+00:00","breadcrumb":{"@id":"https:\/\/skyline-gs.com\/product\/malaysia-singapore-4-days-nha-trang\/#breadcrumb"},"inLanguage":"fr-FR","potentialAction":[{"@type":"ReadAction","target":["https:\/\/skyline-gs.com\/product\/malaysia-singapore-4-days-nha-trang\/"]}]},{"@type":"ImageObject","inLanguage":"fr-FR","@id":"https:\/\/skyline-gs.com\/product\/malaysia-singapore-4-days-nha-trang\/#primaryimage","url":"https:\/\/skyline-gs.com\/wp-content\/uploads\/2026\/02\/27.png","contentUrl":"https:\/\/skyline-gs.com\/wp-content\/uploads\/2026\/02\/27.png","width":669,"height":446},{"@type":"BreadcrumbList","@id":"https:\/\/skyline-gs.com\/product\/malaysia-singapore-4-days-nha-trang\/#breadcrumb","itemListElement":[{"@type":"ListItem","position":1,"name":"\u0413\u043b\u0430\u0432\u043d\u0430\u044f \u0441\u0442\u0440\u0430\u043d\u0438\u0446\u0430","item":"https:\/\/skyline-gs.com\/hu\/"},{"@type":"ListItem","position":2,"name":"\u041c\u0430\u0433\u0430\u0437\u0438\u043d","item":"https:\/\/skyline-gs.com\/cs\/shop\/"},{"@type":"ListItem","position":3,"name":"\u041c\u0430\u043b\u0430\u0439\u0437\u0438\u044f + \u0421\u0438\u043d\u0433\u0430\u043f\u0443\u0440 4 \u0434\u043d\u044f"}]},{"@type":"WebSite","@id":"https:\/\/skyline-gs.com\/it\/#website","url":"https:\/\/skyline-gs.com\/it\/","name":"Excursions Skyline","description":"Excursions exclusives dans les meilleurs centres de vill\u00e9giature du monde","publisher":{"@id":"https:\/\/skyline-gs.com\/it\/#organization"},"alternateName":"Skyline","potentialAction":[{"@type":"SearchAction","target":{"@type":"EntryPoint","urlTemplate":"https:\/\/skyline-gs.com\/it\/?s={search_term_string}"},"query-input":{"@type":"PropertyValueSpecification","valueRequired":true,"valueName":"search_term_string"}}],"inLanguage":"fr-FR"},{"@type":"Organization","@id":"https:\/\/skyline-gs.com\/it\/#organization","name":"Excursions Skyline","alternateName":"\u042d\u043a\u0441\u043a\u0443\u0440\u0441\u0438\u0438 Skyline","url":"https:\/\/skyline-gs.com\/it\/","logo":{"@type":"ImageObject","inLanguage":"fr-FR","@id":"https:\/\/skyline-gs.com\/it\/#\/schema\/logo\/image\/","url":"https:\/\/skyline-gs.com\/wp-content\/uploads\/2020\/12\/cropped-logo-2.png","contentUrl":"https:\/\/skyline-gs.com\/wp-content\/uploads\/2020\/12\/cropped-logo-2.png","width":512,"height":512,"caption":"\u042d\u043a\u0441\u043a\u0443\u0440\u0441\u0438\u0438 Skyline"},"image":{"@id":"https:\/\/skyline-gs.com\/it\/#\/schema\/logo\/image\/"},"sameAs":["https:\/\/www.instagram.com\/skylineglobalservice\/"]}]}},"_links":{"self":[{"href":"https:\/\/skyline-gs.com\/fr\/wp-json\/wp\/v2\/product\/75244","targetHints":{"allow":["GET"]}}],"collection":[{"href":"https:\/\/skyline-gs.com\/fr\/wp-json\/wp\/v2\/product"}],"about":[{"href":"https:\/\/skyline-gs.com\/fr\/wp-json\/wp\/v2\/types\/product"}],"version-history":[{"count":0,"href":"https:\/\/skyline-gs.com\/fr\/wp-json\/wp\/v2\/product\/75244\/revisions"}],"wp:featuredmedia":[{"embeddable":true,"href":"https:\/\/skyline-gs.com\/fr\/wp-json\/wp\/v2\/media\/75245"}],"wp:attachment":[{"href":"https:\/\/skyline-gs.com\/fr\/wp-json\/wp\/v2\/media?parent=75244"}],"wp:term":[{"taxonomy":"product_brand","embeddable":true,"href":"https:\/\/skyline-gs.com\/fr\/wp-json\/wp\/v2\/product_brand?post=75244"},{"taxonomy":"product_cat","embeddable":true,"href":"https:\/\/skyline-gs.com\/fr\/wp-json\/wp\/v2\/product_cat?post=75244"},{"taxonomy":"product_tag","embeddable":true,"href":"https:\/\/skyline-gs.com\/fr\/wp-json\/wp\/v2\/product_tag?post=75244"}],"curies":[{"name":"wp","href":"https:\/\/api.w.org\/{rel}","templated":true}]}}