{"id":75001,"date":"2026-02-15T22:07:00","date_gmt":"2026-02-15T20:07:00","guid":{"rendered":"https:\/\/skyline-gs.com\/?post_type=product&#038;p=75001"},"modified":"2026-02-15T22:08:42","modified_gmt":"2026-02-15T20:08:42","slug":"skorostnoj-kater-chaparral-do-5i-chelovek","status":"publish","type":"product","link":"https:\/\/skyline-gs.com\/fr\/product\/skorostnoj-kater-chaparral-do-5i-chelovek\/","title":{"rendered":"Bateau rapide Chaparral (jusqu'\u00e0 5 personnes)"},"content":{"rendered":"<div class=\"\">\n<div class=\"tour-schedule\">\n<p><strong>Excursions priv\u00e9es en bateau rapide au d\u00e9part d'Hurghada<\/strong><br \/>\nD\u00e9couvrez la libert\u00e9 et le confort d'une excursion en bateau individuelle organis\u00e9e juste pour vous et vos proches. Vous pouvez choisir entre 2 programmes sur un bateau rapide :<\/p>\n<p><strong>Programme 1 : Excursion avec les dauphins : nage avec les dauphins, plong\u00e9e en apn\u00e9e et \u00eele d'Abu Minkar<\/strong><\/p>\n<p>Embarquez pour une excursion de 4 heures \u00e0 la recherche de dauphins dans leur habitat naturel. D\u00e9couvrez le monde sous-marin color\u00e9 de la mer Rouge et admirez les paysages c\u00f4tiers spectaculaires.<br \/>\nVous pourrez observer les dauphins \u00e0 la plus grande distance possible et, si les conditions sont favorables, nager \u00e0 leurs c\u00f4t\u00e9s.<br \/>\nEnsuite, deux arr\u00eats de plong\u00e9e avec masque et tuba vous attendent \u00e0 diff\u00e9rents endroits o\u00f9 se trouvent de magnifiques r\u00e9cifs coralliens. Vous y d\u00e9couvrirez une grande vari\u00e9t\u00e9 de coraux color\u00e9s et de poissons tropicaux.<br \/>\nLa destination finale sera une visite de l'\u00eele d'Abu Minkar, le \u00abjoyau cach\u00e9\u00bb de la mer Rouge.<\/p>\n<p><strong>Programme 2 : Tour des \u00eeles : Orange Bay \/ Paradise Island \/ Eden Island + plong\u00e9e en apn\u00e9e<\/strong><\/p>\n<p>\u00c9vitez les excursions en groupe bond\u00e9es et prenez un transfert priv\u00e9 de 4 heures en bateau rapide vers l'une des \u00eeles d'Hurghada : Orange Bay, Paradise Island ou la nouvelle Eden Island.<br \/>\nApr\u00e8s vos vacances sur l'\u00eele, vous aurez l'occasion d'explorer le monde sous-marin en faisant de la plong\u00e9e avec masque et tuba sur le magnifique r\u00e9cif corallien.<br \/>\n<strong><em>L'entr\u00e9e aux \u00eeles est factur\u00e9e s\u00e9par\u00e9ment : 10 \u20ac par adulte + 5 \u20ac par enfant.<\/em><\/strong><\/p>\n<p><strong>Inclus :<\/strong><\/p>\n<ul>\n<li>\u00c9quipement de plong\u00e9e avec tuba<\/li>\n<li>Amuse-gueule<\/li>\n<li>Boissons<\/li>\n<li>Tous les frais et taxes<\/li>\n<li>Transfert depuis et vers l'h\u00f4tel<\/li>\n<\/ul>\n<p><strong>Emportez-le avec vous :<\/strong><\/p>\n<ul>\n<li>appareil photo ou vid\u00e9o<\/li>\n<li>Coiffure<\/li>\n<li>Serviette<\/li>\n<li>Maillot de bain<\/li>\n<li>Cr\u00e8me solaire<\/li>\n<\/ul>\n<p><strong>R\u00e9servations :<\/strong><br \/>\nLes photocopies des passeports de tous les participants au voyage doivent \u00eatre pr\u00e9sent\u00e9es pour la d\u00e9livrance d'un permis touristique, ainsi que<strong> verser un acompte de 50$<\/strong>.<\/p>\n<\/div>\n<\/div>","protected":false},"excerpt":{"rendered":"<p><strong>Dur\u00e9e du bail :<\/strong> 4 heures<\/p>\n<p><strong>Capacit\u00e9 : <\/strong>5 personnes<\/p>","protected":false},"featured_media":75005,"template":"","meta":{"_kad_post_transparent":"default","_kad_post_title":"","_kad_post_layout":"default","_kad_post_sidebar_id":"","_kad_post_content_style":"default","_kad_post_vertical_padding":"default","_kad_post_feature":"","_kad_post_feature_position":"","_kad_post_header":false,"_kad_post_footer":false,"_kad_post_classname":"","_glsr_average":0,"_glsr_ranking":0,"_glsr_reviews":0},"product_brand":[],"product_cat":[481],"product_tag":[],"class_list":{"0":"post-75001","1":"product","2":"type-product","3":"status-publish","4":"has-post-thumbnail","6":"product_cat-hurghada-yachts","7":"tm-has-options","9":"first","10":"instock","11":"sold-individually","12":"taxable","13":"shipping-taxable","14":"purchasable","15":"product-type-simple","16":"entry","17":"content-bg","18":"loop-entry"},"yoast_head":"<!-- This site is optimized with the Yoast SEO plugin v27.4 - https:\/\/yoast.com\/product\/yoast-seo-wordpress\/ -->\n<title>\u0421\u043a\u043e\u0440\u043e\u0441\u0442\u043d\u043e\u0439 \u043a\u0430\u0442\u0435\u0440 Chaparral (\u0434\u043e 5\u0438 \u0447\u0435\u043b\u043e\u0432\u0435\u043a) &#8226; \u042d\u043a\u0441\u043a\u0443\u0440\u0441\u0438\u0438 Skyline<\/title>\n<meta name=\"robots\" content=\"index, follow, max-snippet:-1, max-image-preview:large, max-video-preview:-1\" \/>\n<link rel=\"canonical\" href=\"https:\/\/skyline-gs.com\/fr\/produit\/skorostnoj-kater-chaparral-do-5i-chelovek\/\" \/>\n<meta property=\"og:locale\" content=\"fr_FR\" \/>\n<meta property=\"og:type\" content=\"article\" \/>\n<meta property=\"og:title\" content=\"\u0421\u043a\u043e\u0440\u043e\u0441\u0442\u043d\u043e\u0439 \u043a\u0430\u0442\u0435\u0440 Chaparral (\u0434\u043e 5\u0438 \u0447\u0435\u043b\u043e\u0432\u0435\u043a) &#8226; \u042d\u043a\u0441\u043a\u0443\u0440\u0441\u0438\u0438 Skyline\" \/>\n<meta property=\"og:description\" content=\"\u0414\u043b\u0438\u0442\u0435\u043b\u044c\u043d\u043e\u0441\u0442\u044c \u0430\u0440\u0435\u043d\u0434\u044b: 4 \u0447\u0430\u0441\u0430  \u0412\u043c\u0435\u0441\u0442\u0438\u0442\u0435\u043b\u044c\u043d\u043e\u0441\u0442\u044c: 5 \u0447\u0435\u043b\u043e\u0432\u0435\u043a\" \/>\n<meta property=\"og:url\" content=\"https:\/\/skyline-gs.com\/fr\/produit\/skorostnoj-kater-chaparral-do-5i-chelovek\/\" \/>\n<meta property=\"og:site_name\" content=\"\u042d\u043a\u0441\u043a\u0443\u0440\u0441\u0438\u0438 Skyline\" \/>\n<meta property=\"article:modified_time\" content=\"2026-02-15T20:08:42+00:00\" \/>\n<meta property=\"og:image\" content=\"https:\/\/skyline-gs.com\/wp-content\/uploads\/2024\/08\/LoGo777.png\" \/>\n\t<meta property=\"og:image:width\" content=\"1080\" \/>\n\t<meta property=\"og:image:height\" content=\"1080\" \/>\n\t<meta property=\"og:image:type\" content=\"image\/png\" \/>\n<meta name=\"twitter:card\" content=\"summary_large_image\" \/>\n<meta name=\"twitter:label1\" content=\"Dur\u00e9e de lecture estim\u00e9e\" \/>\n\t<meta name=\"twitter:data1\" content=\"2 minutes\" \/>\n<script type=\"application\/ld+json\" class=\"yoast-schema-graph\">{\"@context\":\"https:\\\/\\\/schema.org\",\"@graph\":[{\"@type\":\"WebPage\",\"@id\":\"https:\\\/\\\/skyline-gs.com\\\/product\\\/skorostnoj-kater-chaparral-do-5i-chelovek\\\/\",\"url\":\"https:\\\/\\\/skyline-gs.com\\\/product\\\/skorostnoj-kater-chaparral-do-5i-chelovek\\\/\",\"name\":\"\u0421\u043a\u043e\u0440\u043e\u0441\u0442\u043d\u043e\u0439 \u043a\u0430\u0442\u0435\u0440 Chaparral (\u0434\u043e 5\u0438 \u0447\u0435\u043b\u043e\u0432\u0435\u043a) &#8226; \u042d\u043a\u0441\u043a\u0443\u0440\u0441\u0438\u0438 Skyline\",\"isPartOf\":{\"@id\":\"https:\\\/\\\/skyline-gs.com\\\/it\\\/#website\"},\"primaryImageOfPage\":{\"@id\":\"https:\\\/\\\/skyline-gs.com\\\/product\\\/skorostnoj-kater-chaparral-do-5i-chelovek\\\/#primaryimage\"},\"image\":{\"@id\":\"https:\\\/\\\/skyline-gs.com\\\/product\\\/skorostnoj-kater-chaparral-do-5i-chelovek\\\/#primaryimage\"},\"thumbnailUrl\":\"https:\\\/\\\/skyline-gs.com\\\/wp-content\\\/uploads\\\/2026\\\/02\\\/602f36_a78aec57f57d444699668f97addce81cmv2.jpg.avif\",\"datePublished\":\"2026-02-15T20:07:00+00:00\",\"dateModified\":\"2026-02-15T20:08:42+00:00\",\"breadcrumb\":{\"@id\":\"https:\\\/\\\/skyline-gs.com\\\/product\\\/skorostnoj-kater-chaparral-do-5i-chelovek\\\/#breadcrumb\"},\"inLanguage\":\"fr-FR\",\"potentialAction\":[{\"@type\":\"ReadAction\",\"target\":[\"https:\\\/\\\/skyline-gs.com\\\/product\\\/skorostnoj-kater-chaparral-do-5i-chelovek\\\/\"]}]},{\"@type\":\"ImageObject\",\"inLanguage\":\"fr-FR\",\"@id\":\"https:\\\/\\\/skyline-gs.com\\\/product\\\/skorostnoj-kater-chaparral-do-5i-chelovek\\\/#primaryimage\",\"url\":\"https:\\\/\\\/skyline-gs.com\\\/wp-content\\\/uploads\\\/2026\\\/02\\\/602f36_a78aec57f57d444699668f97addce81cmv2.jpg.avif\",\"contentUrl\":\"https:\\\/\\\/skyline-gs.com\\\/wp-content\\\/uploads\\\/2026\\\/02\\\/602f36_a78aec57f57d444699668f97addce81cmv2.jpg.avif\",\"width\":1562,\"height\":982},{\"@type\":\"BreadcrumbList\",\"@id\":\"https:\\\/\\\/skyline-gs.com\\\/product\\\/skorostnoj-kater-chaparral-do-5i-chelovek\\\/#breadcrumb\",\"itemListElement\":[{\"@type\":\"ListItem\",\"position\":1,\"name\":\"\u0413\u043b\u0430\u0432\u043d\u0430\u044f \u0441\u0442\u0440\u0430\u043d\u0438\u0446\u0430\",\"item\":\"https:\\\/\\\/skyline-gs.com\\\/hu\\\/\"},{\"@type\":\"ListItem\",\"position\":2,\"name\":\"\u041c\u0430\u0433\u0430\u0437\u0438\u043d\",\"item\":\"https:\\\/\\\/skyline-gs.com\\\/cs\\\/shop\\\/\"},{\"@type\":\"ListItem\",\"position\":3,\"name\":\"\u0421\u043a\u043e\u0440\u043e\u0441\u0442\u043d\u043e\u0439 \u043a\u0430\u0442\u0435\u0440 Chaparral (\u0434\u043e 5\u0438 \u0447\u0435\u043b\u043e\u0432\u0435\u043a)\"}]},{\"@type\":\"WebSite\",\"@id\":\"https:\\\/\\\/skyline-gs.com\\\/it\\\/#website\",\"url\":\"https:\\\/\\\/skyline-gs.com\\\/it\\\/\",\"name\":\"\u042d\u043a\u0441\u043a\u0443\u0440\u0441\u0438\u0438 Skyline\",\"description\":\"\u042d\u043a\u0441\u043a\u043b\u044e\u0437\u0438\u0432\u043d\u044b\u0435 \u044d\u043a\u0441\u043a\u0443\u0440\u0441\u0438\u0438 \u043d\u0430 \u043b\u0443\u0447\u0448\u0438\u0445 \u043a\u0443\u0440\u043e\u0440\u0442\u0430\u0445 \u043c\u0438\u0440\u0430\",\"publisher\":{\"@id\":\"https:\\\/\\\/skyline-gs.com\\\/it\\\/#organization\"},\"alternateName\":\"Skyline\",\"potentialAction\":[{\"@type\":\"SearchAction\",\"target\":{\"@type\":\"EntryPoint\",\"urlTemplate\":\"https:\\\/\\\/skyline-gs.com\\\/it\\\/?s={search_term_string}\"},\"query-input\":{\"@type\":\"PropertyValueSpecification\",\"valueRequired\":true,\"valueName\":\"search_term_string\"}}],\"inLanguage\":\"fr-FR\"},{\"@type\":\"Organization\",\"@id\":\"https:\\\/\\\/skyline-gs.com\\\/it\\\/#organization\",\"name\":\"\u042d\u043a\u0441\u043a\u0443\u0440\u0441\u0438\u0438 Skyline\",\"alternateName\":\"\u042d\u043a\u0441\u043a\u0443\u0440\u0441\u0438\u0438 Skyline\",\"url\":\"https:\\\/\\\/skyline-gs.com\\\/it\\\/\",\"logo\":{\"@type\":\"ImageObject\",\"inLanguage\":\"fr-FR\",\"@id\":\"https:\\\/\\\/skyline-gs.com\\\/it\\\/#\\\/schema\\\/logo\\\/image\\\/\",\"url\":\"https:\\\/\\\/skyline-gs.com\\\/wp-content\\\/uploads\\\/2020\\\/12\\\/cropped-logo-2.png\",\"contentUrl\":\"https:\\\/\\\/skyline-gs.com\\\/wp-content\\\/uploads\\\/2020\\\/12\\\/cropped-logo-2.png\",\"width\":512,\"height\":512,\"caption\":\"\u042d\u043a\u0441\u043a\u0443\u0440\u0441\u0438\u0438 Skyline\"},\"image\":{\"@id\":\"https:\\\/\\\/skyline-gs.com\\\/it\\\/#\\\/schema\\\/logo\\\/image\\\/\"},\"sameAs\":[\"https:\\\/\\\/www.instagram.com\\\/skylineglobalservice\\\/\"]}]}<\/script>\n<!-- \/ Yoast SEO plugin. -->","yoast_head_json":{"title":"\u0421\u043a\u043e\u0440\u043e\u0441\u0442\u043d\u043e\u0439 \u043a\u0430\u0442\u0435\u0440 Chaparral (\u0434\u043e 5\u0438 \u0447\u0435\u043b\u043e\u0432\u0435\u043a) &#8226; \u042d\u043a\u0441\u043a\u0443\u0440\u0441\u0438\u0438 Skyline","robots":{"index":"index","follow":"follow","max-snippet":"max-snippet:-1","max-image-preview":"max-image-preview:large","max-video-preview":"max-video-preview:-1"},"canonical":"https:\/\/skyline-gs.com\/fr\/produit\/skorostnoj-kater-chaparral-do-5i-chelovek\/","og_locale":"fr_FR","og_type":"article","og_title":"\u0421\u043a\u043e\u0440\u043e\u0441\u0442\u043d\u043e\u0439 \u043a\u0430\u0442\u0435\u0440 Chaparral (\u0434\u043e 5\u0438 \u0447\u0435\u043b\u043e\u0432\u0435\u043a) &#8226; \u042d\u043a\u0441\u043a\u0443\u0440\u0441\u0438\u0438 Skyline","og_description":"\u0414\u043b\u0438\u0442\u0435\u043b\u044c\u043d\u043e\u0441\u0442\u044c \u0430\u0440\u0435\u043d\u0434\u044b: 4 \u0447\u0430\u0441\u0430  \u0412\u043c\u0435\u0441\u0442\u0438\u0442\u0435\u043b\u044c\u043d\u043e\u0441\u0442\u044c: 5 \u0447\u0435\u043b\u043e\u0432\u0435\u043a","og_url":"https:\/\/skyline-gs.com\/fr\/produit\/skorostnoj-kater-chaparral-do-5i-chelovek\/","og_site_name":"\u042d\u043a\u0441\u043a\u0443\u0440\u0441\u0438\u0438 Skyline","article_modified_time":"2026-02-15T20:08:42+00:00","og_image":[{"width":1080,"height":1080,"url":"https:\/\/skyline-gs.com\/wp-content\/uploads\/2024\/08\/LoGo777.png","type":"image\/png"}],"twitter_card":"summary_large_image","twitter_misc":{"Dur\u00e9e de lecture estim\u00e9e":"2 minutes"},"schema":{"@context":"https:\/\/schema.org","@graph":[{"@type":"WebPage","@id":"https:\/\/skyline-gs.com\/product\/skorostnoj-kater-chaparral-do-5i-chelovek\/","url":"https:\/\/skyline-gs.com\/product\/skorostnoj-kater-chaparral-do-5i-chelovek\/","name":"\u0421\u043a\u043e\u0440\u043e\u0441\u0442\u043d\u043e\u0439 \u043a\u0430\u0442\u0435\u0440 Chaparral (\u0434\u043e 5\u0438 \u0447\u0435\u043b\u043e\u0432\u0435\u043a) &#8226; \u042d\u043a\u0441\u043a\u0443\u0440\u0441\u0438\u0438 Skyline","isPartOf":{"@id":"https:\/\/skyline-gs.com\/it\/#website"},"primaryImageOfPage":{"@id":"https:\/\/skyline-gs.com\/product\/skorostnoj-kater-chaparral-do-5i-chelovek\/#primaryimage"},"image":{"@id":"https:\/\/skyline-gs.com\/product\/skorostnoj-kater-chaparral-do-5i-chelovek\/#primaryimage"},"thumbnailUrl":"https:\/\/skyline-gs.com\/wp-content\/uploads\/2026\/02\/602f36_a78aec57f57d444699668f97addce81cmv2.jpg.avif","datePublished":"2026-02-15T20:07:00+00:00","dateModified":"2026-02-15T20:08:42+00:00","breadcrumb":{"@id":"https:\/\/skyline-gs.com\/product\/skorostnoj-kater-chaparral-do-5i-chelovek\/#breadcrumb"},"inLanguage":"fr-FR","potentialAction":[{"@type":"ReadAction","target":["https:\/\/skyline-gs.com\/product\/skorostnoj-kater-chaparral-do-5i-chelovek\/"]}]},{"@type":"ImageObject","inLanguage":"fr-FR","@id":"https:\/\/skyline-gs.com\/product\/skorostnoj-kater-chaparral-do-5i-chelovek\/#primaryimage","url":"https:\/\/skyline-gs.com\/wp-content\/uploads\/2026\/02\/602f36_a78aec57f57d444699668f97addce81cmv2.jpg.avif","contentUrl":"https:\/\/skyline-gs.com\/wp-content\/uploads\/2026\/02\/602f36_a78aec57f57d444699668f97addce81cmv2.jpg.avif","width":1562,"height":982},{"@type":"BreadcrumbList","@id":"https:\/\/skyline-gs.com\/product\/skorostnoj-kater-chaparral-do-5i-chelovek\/#breadcrumb","itemListElement":[{"@type":"ListItem","position":1,"name":"\u0413\u043b\u0430\u0432\u043d\u0430\u044f \u0441\u0442\u0440\u0430\u043d\u0438\u0446\u0430","item":"https:\/\/skyline-gs.com\/hu\/"},{"@type":"ListItem","position":2,"name":"\u041c\u0430\u0433\u0430\u0437\u0438\u043d","item":"https:\/\/skyline-gs.com\/cs\/shop\/"},{"@type":"ListItem","position":3,"name":"\u0421\u043a\u043e\u0440\u043e\u0441\u0442\u043d\u043e\u0439 \u043a\u0430\u0442\u0435\u0440 Chaparral (\u0434\u043e 5\u0438 \u0447\u0435\u043b\u043e\u0432\u0435\u043a)"}]},{"@type":"WebSite","@id":"https:\/\/skyline-gs.com\/it\/#website","url":"https:\/\/skyline-gs.com\/it\/","name":"Excursions Skyline","description":"Excursions exclusives dans les meilleurs centres de vill\u00e9giature du monde","publisher":{"@id":"https:\/\/skyline-gs.com\/it\/#organization"},"alternateName":"Skyline","potentialAction":[{"@type":"SearchAction","target":{"@type":"EntryPoint","urlTemplate":"https:\/\/skyline-gs.com\/it\/?s={search_term_string}"},"query-input":{"@type":"PropertyValueSpecification","valueRequired":true,"valueName":"search_term_string"}}],"inLanguage":"fr-FR"},{"@type":"Organization","@id":"https:\/\/skyline-gs.com\/it\/#organization","name":"Excursions Skyline","alternateName":"\u042d\u043a\u0441\u043a\u0443\u0440\u0441\u0438\u0438 Skyline","url":"https:\/\/skyline-gs.com\/it\/","logo":{"@type":"ImageObject","inLanguage":"fr-FR","@id":"https:\/\/skyline-gs.com\/it\/#\/schema\/logo\/image\/","url":"https:\/\/skyline-gs.com\/wp-content\/uploads\/2020\/12\/cropped-logo-2.png","contentUrl":"https:\/\/skyline-gs.com\/wp-content\/uploads\/2020\/12\/cropped-logo-2.png","width":512,"height":512,"caption":"\u042d\u043a\u0441\u043a\u0443\u0440\u0441\u0438\u0438 Skyline"},"image":{"@id":"https:\/\/skyline-gs.com\/it\/#\/schema\/logo\/image\/"},"sameAs":["https:\/\/www.instagram.com\/skylineglobalservice\/"]}]}},"_links":{"self":[{"href":"https:\/\/skyline-gs.com\/fr\/wp-json\/wp\/v2\/product\/75001","targetHints":{"allow":["GET"]}}],"collection":[{"href":"https:\/\/skyline-gs.com\/fr\/wp-json\/wp\/v2\/product"}],"about":[{"href":"https:\/\/skyline-gs.com\/fr\/wp-json\/wp\/v2\/types\/product"}],"version-history":[{"count":0,"href":"https:\/\/skyline-gs.com\/fr\/wp-json\/wp\/v2\/product\/75001\/revisions"}],"wp:featuredmedia":[{"embeddable":true,"href":"https:\/\/skyline-gs.com\/fr\/wp-json\/wp\/v2\/media\/75005"}],"wp:attachment":[{"href":"https:\/\/skyline-gs.com\/fr\/wp-json\/wp\/v2\/media?parent=75001"}],"wp:term":[{"taxonomy":"product_brand","embeddable":true,"href":"https:\/\/skyline-gs.com\/fr\/wp-json\/wp\/v2\/product_brand?post=75001"},{"taxonomy":"product_cat","embeddable":true,"href":"https:\/\/skyline-gs.com\/fr\/wp-json\/wp\/v2\/product_cat?post=75001"},{"taxonomy":"product_tag","embeddable":true,"href":"https:\/\/skyline-gs.com\/fr\/wp-json\/wp\/v2\/product_tag?post=75001"}],"curies":[{"name":"wp","href":"https:\/\/api.w.org\/{rel}","templated":true}]}}