{"id":74932,"date":"2026-02-15T21:48:42","date_gmt":"2026-02-15T19:48:42","guid":{"rendered":"https:\/\/skyline-gs.com\/?post_type=product&#038;p=74932"},"modified":"2026-02-15T21:50:44","modified_gmt":"2026-02-15T19:50:44","slug":"yahta-sapphire-do-6-chelovek","status":"publish","type":"product","link":"https:\/\/skyline-gs.com\/fr\/product\/yahta-sapphire-do-6-chelovek\/","title":{"rendered":"Yacht Saphir (jusqu'\u00e0 6 personnes)"},"content":{"rendered":"<div class=\"\">\n<div class=\"tour-schedule\">\n<p>Sentez-vous sp\u00e9cial lors d'une excursion en bateau organis\u00e9e juste pour vous et vos proches. Vous pouvez choisir et r\u00e9server l'un des 4 programmes :<\/p>\n<p><strong>Programme 1 : Visite des dauphins, plong\u00e9e en apn\u00e9e et \u00eele d'Abu Minkar<\/strong><\/p>\n<p>L'aventure d'une vie vous attend dans les eaux de la mer Rouge. Lors de cette excursion, vous partirez \u00e0 la recherche des dauphins dans leur habitat naturel. Une fois que vous les aurez trouv\u00e9s, vous aurez l'occasion de les observer de pr\u00e8s et, dans des conditions favorables, de nager \u00e0 leurs c\u00f4t\u00e9s (dans le respect de toutes les r\u00e8gles environnementales et de s\u00e9curit\u00e9).<br \/>\nApr\u00e8s la rencontre avec les dauphins, le bateau s'arr\u00eatera pour faire de la plong\u00e9e avec masque et tuba dans les meilleurs r\u00e9cifs coralliens. Vous pourrez ainsi admirer le monde sous-marin color\u00e9 et les eaux cristallines.<br \/>\nDans l'apr\u00e8s-midi, vous visiterez l'\u00eele d'Abu Minkar, une \u00eele sauvage pittoresque qui n'est accessible que dans le cadre d'une visite priv\u00e9e. Vous pourrez vous y baigner, prendre un bain de soleil et profiter du silence et de la nature.<br \/>\nUn d\u00e9jeuner sous forme de buffet ouvert sera organis\u00e9 pour vous pendant l'excursion.<\/p>\n<p><strong>Programme 2 : Tour des \u00eeles : Orange Bay \/ Paradise Island \/ Eden Island + plong\u00e9e en apn\u00e9e<\/strong><\/p>\n<p>\u00c9vitez les excursions en groupe bond\u00e9es et profitez d'une excursion priv\u00e9e flexible sur l'une des plus belles \u00eeles d'Hurghada : Orange Bay, Paradise Island ou la nouvelle Eden Island.<br \/>\nApr\u00e8s vos vacances sur l'\u00eele, deux arr\u00eats de plong\u00e9e avec tuba vous attendent dans les meilleurs endroits de la mer Rouge. Profitez des eaux bleues cristallines, des r\u00e9cifs coralliens color\u00e9s et d'une grande vari\u00e9t\u00e9 d'esp\u00e8ces marines.<br \/>\nL'excursion comprend le d\u00e9jeuner \u00e0 bord.<br \/>\n<em><strong>L'entr\u00e9e aux \u00eeles est factur\u00e9e s\u00e9par\u00e9ment : 10 \u20ac pour les adultes \/ 5 \u20ac pour les enfants.<\/strong><\/em><\/p>\n<p><strong>Programme 3 : Excursion de plong\u00e9e (1-2 plong\u00e9es)<\/strong><\/p>\n<p>Plongez dans l'incroyable monde sous-marin de la mer Rouge au cours d'une excursion de plong\u00e9e priv\u00e9e de 8 heures. Le programme convient aussi bien aux d\u00e9butants qu'aux plongeurs exp\u00e9riment\u00e9s.<br \/>\nVous ferez 1 ou 2 plong\u00e9es sur diff\u00e9rents sites tels que Abu Ramada, Small Giftun ou Umm Ghummar. Un instructeur exp\u00e9riment\u00e9 vous accompagnera et vous aidera \u00e0 d\u00e9couvrir en toute s\u00e9curit\u00e9 les jardins de coraux et la richesse du monde marin.<br \/>\n<em><strong>L'\u00e9quipement et le moniteur priv\u00e9 sont en suppl\u00e9ment - 30 \u20ac par plong\u00e9e.<\/strong><\/em><\/p>\n<p><strong>Programme 4 : P\u00eache et plong\u00e9e en apn\u00e9e<\/strong><\/p>\n<p>Passez une journ\u00e9e inoubliable \u00e0 p\u00eacher en haute mer dans la mer Rouge. Le capitaine et le guide vous emm\u00e8neront sur deux sites de p\u00eache diff\u00e9rents.<br \/>\nAu premier arr\u00eat, vous pouvez lancer votre mat\u00e9riel et, avec l'aide d'un guide, essayer d'attraper un gros poisson. Les prises fra\u00eeches peuvent \u00eatre grill\u00e9es \u00e0 bord pour le d\u00e9jeuner ou vous pouvez choisir d'autres plats propos\u00e9s par l'\u00e9quipage.<br \/>\nAu deuxi\u00e8me endroit, vous pouvez continuer \u00e0 p\u00eacher ou \u00e0 faire de la plong\u00e9e avec masque et tuba dans les eaux claires de la mer Rouge.<\/p>\n<p><strong>Inclus :<\/strong><\/p>\n<ul>\n<li>\u00c9quipement de plong\u00e9e avec tuba<\/li>\n<li>Guide personnalis\u00e9 de plong\u00e9e en apn\u00e9e<\/li>\n<li>Amuse-gueule<\/li>\n<li>Boissons<\/li>\n<li>D\u00e9jeuner<\/li>\n<li>Fruits<\/li>\n<li>Tous les frais et taxes<\/li>\n<li>Transfert depuis et vers l'h\u00f4tel<\/li>\n<\/ul>\n<p><strong>Emportez-le avec vous :<\/strong><\/p>\n<ul>\n<li>appareil photo ou vid\u00e9o<\/li>\n<li>Coiffure<\/li>\n<li>Serviette<\/li>\n<li>Maillot de bain<\/li>\n<li>Cr\u00e8me solaire<\/li>\n<\/ul>\n<p><strong>R\u00e9servations :<\/strong><br \/>\nLes photocopies des passeports de tous les participants au voyage doivent \u00eatre pr\u00e9sent\u00e9es pour la d\u00e9livrance d'un permis touristique, ainsi que <strong>verser un acompte de 50$<\/strong>.<\/p>\n<\/div>\n<\/div>","protected":false},"excerpt":{"rendered":"<p><strong>Dur\u00e9e du bail :<\/strong> jour<\/p>\n<p><strong>Capacit\u00e9 : <\/strong>6 personnes<\/p>","protected":false},"featured_media":74937,"template":"","meta":{"_kad_post_transparent":"default","_kad_post_title":"","_kad_post_layout":"default","_kad_post_sidebar_id":"","_kad_post_content_style":"default","_kad_post_vertical_padding":"default","_kad_post_feature":"","_kad_post_feature_position":"","_kad_post_header":false,"_kad_post_footer":false,"_kad_post_classname":"","_glsr_average":0,"_glsr_ranking":0,"_glsr_reviews":0},"product_brand":[],"product_cat":[481],"product_tag":[],"class_list":{"0":"post-74932","1":"product","2":"type-product","3":"status-publish","4":"has-post-thumbnail","6":"product_cat-hurghada-yachts","7":"tm-has-options","9":"first","10":"instock","11":"sold-individually","12":"taxable","13":"shipping-taxable","14":"purchasable","15":"product-type-simple","16":"entry","17":"content-bg","18":"loop-entry"},"yoast_head":"<!-- This site is optimized with the Yoast SEO plugin v27.3 - https:\/\/yoast.com\/product\/yoast-seo-wordpress\/ -->\n<title>\u042f\u0445\u0442\u0430 Sapphire (\u0434\u043e 6 \u0447\u0435\u043b\u043e\u0432\u0435\u043a) &#8226; \u042d\u043a\u0441\u043a\u0443\u0440\u0441\u0438\u0438 Skyline<\/title>\n<meta name=\"robots\" content=\"index, follow, max-snippet:-1, max-image-preview:large, max-video-preview:-1\" \/>\n<link rel=\"canonical\" href=\"https:\/\/skyline-gs.com\/fr\/produit\/yahta-sapphire-do-6-chelovek\/\" \/>\n<meta property=\"og:locale\" content=\"fr_FR\" \/>\n<meta property=\"og:type\" content=\"article\" \/>\n<meta property=\"og:title\" content=\"\u042f\u0445\u0442\u0430 Sapphire (\u0434\u043e 6 \u0447\u0435\u043b\u043e\u0432\u0435\u043a) &#8226; \u042d\u043a\u0441\u043a\u0443\u0440\u0441\u0438\u0438 Skyline\" \/>\n<meta property=\"og:description\" content=\"\u0414\u043b\u0438\u0442\u0435\u043b\u044c\u043d\u043e\u0441\u0442\u044c \u0430\u0440\u0435\u043d\u0434\u044b: \u0434\u0435\u043d\u044c  \u0412\u043c\u0435\u0441\u0442\u0438\u0442\u0435\u043b\u044c\u043d\u043e\u0441\u0442\u044c: 6\u00a0\u0447\u0435\u043b\u043e\u0432\u0435\u043a\" \/>\n<meta property=\"og:url\" content=\"https:\/\/skyline-gs.com\/fr\/produit\/yahta-sapphire-do-6-chelovek\/\" \/>\n<meta property=\"og:site_name\" content=\"\u042d\u043a\u0441\u043a\u0443\u0440\u0441\u0438\u0438 Skyline\" \/>\n<meta property=\"article:modified_time\" content=\"2026-02-15T19:50:44+00:00\" \/>\n<meta property=\"og:image\" content=\"https:\/\/skyline-gs.com\/wp-content\/uploads\/2024\/08\/LoGo777.png\" \/>\n\t<meta property=\"og:image:width\" content=\"1080\" \/>\n\t<meta property=\"og:image:height\" content=\"1080\" \/>\n\t<meta property=\"og:image:type\" content=\"image\/png\" \/>\n<meta name=\"twitter:card\" content=\"summary_large_image\" \/>\n<meta name=\"twitter:label1\" content=\"Dur\u00e9e de lecture estim\u00e9e\" \/>\n\t<meta name=\"twitter:data1\" content=\"3 minutes\" \/>\n<script type=\"application\/ld+json\" class=\"yoast-schema-graph\">{\"@context\":\"https:\\\/\\\/schema.org\",\"@graph\":[{\"@type\":\"WebPage\",\"@id\":\"https:\\\/\\\/skyline-gs.com\\\/product\\\/yahta-sapphire-do-6-chelovek\\\/\",\"url\":\"https:\\\/\\\/skyline-gs.com\\\/product\\\/yahta-sapphire-do-6-chelovek\\\/\",\"name\":\"\u042f\u0445\u0442\u0430 Sapphire (\u0434\u043e 6 \u0447\u0435\u043b\u043e\u0432\u0435\u043a) &#8226; \u042d\u043a\u0441\u043a\u0443\u0440\u0441\u0438\u0438 Skyline\",\"isPartOf\":{\"@id\":\"https:\\\/\\\/skyline-gs.com\\\/it\\\/#website\"},\"primaryImageOfPage\":{\"@id\":\"https:\\\/\\\/skyline-gs.com\\\/product\\\/yahta-sapphire-do-6-chelovek\\\/#primaryimage\"},\"image\":{\"@id\":\"https:\\\/\\\/skyline-gs.com\\\/product\\\/yahta-sapphire-do-6-chelovek\\\/#primaryimage\"},\"thumbnailUrl\":\"https:\\\/\\\/skyline-gs.com\\\/wp-content\\\/uploads\\\/2026\\\/02\\\/602f36_ec165820bfbd46858e9a69982aa1b1f2mv2.jpg.avif\",\"datePublished\":\"2026-02-15T19:48:42+00:00\",\"dateModified\":\"2026-02-15T19:50:44+00:00\",\"breadcrumb\":{\"@id\":\"https:\\\/\\\/skyline-gs.com\\\/product\\\/yahta-sapphire-do-6-chelovek\\\/#breadcrumb\"},\"inLanguage\":\"fr-FR\",\"potentialAction\":[{\"@type\":\"ReadAction\",\"target\":[\"https:\\\/\\\/skyline-gs.com\\\/product\\\/yahta-sapphire-do-6-chelovek\\\/\"]}]},{\"@type\":\"ImageObject\",\"inLanguage\":\"fr-FR\",\"@id\":\"https:\\\/\\\/skyline-gs.com\\\/product\\\/yahta-sapphire-do-6-chelovek\\\/#primaryimage\",\"url\":\"https:\\\/\\\/skyline-gs.com\\\/wp-content\\\/uploads\\\/2026\\\/02\\\/602f36_ec165820bfbd46858e9a69982aa1b1f2mv2.jpg.avif\",\"contentUrl\":\"https:\\\/\\\/skyline-gs.com\\\/wp-content\\\/uploads\\\/2026\\\/02\\\/602f36_ec165820bfbd46858e9a69982aa1b1f2mv2.jpg.avif\",\"width\":1259,\"height\":538},{\"@type\":\"BreadcrumbList\",\"@id\":\"https:\\\/\\\/skyline-gs.com\\\/product\\\/yahta-sapphire-do-6-chelovek\\\/#breadcrumb\",\"itemListElement\":[{\"@type\":\"ListItem\",\"position\":1,\"name\":\"\u0413\u043b\u0430\u0432\u043d\u0430\u044f \u0441\u0442\u0440\u0430\u043d\u0438\u0446\u0430\",\"item\":\"https:\\\/\\\/skyline-gs.com\\\/hu\\\/\"},{\"@type\":\"ListItem\",\"position\":2,\"name\":\"\u041c\u0430\u0433\u0430\u0437\u0438\u043d\",\"item\":\"https:\\\/\\\/skyline-gs.com\\\/cs\\\/shop\\\/\"},{\"@type\":\"ListItem\",\"position\":3,\"name\":\"\u042f\u0445\u0442\u0430 Sapphire (\u0434\u043e 6 \u0447\u0435\u043b\u043e\u0432\u0435\u043a)\"}]},{\"@type\":\"WebSite\",\"@id\":\"https:\\\/\\\/skyline-gs.com\\\/it\\\/#website\",\"url\":\"https:\\\/\\\/skyline-gs.com\\\/it\\\/\",\"name\":\"\u042d\u043a\u0441\u043a\u0443\u0440\u0441\u0438\u0438 Skyline\",\"description\":\"\u042d\u043a\u0441\u043a\u043b\u044e\u0437\u0438\u0432\u043d\u044b\u0435 \u044d\u043a\u0441\u043a\u0443\u0440\u0441\u0438\u0438 \u043d\u0430 \u043b\u0443\u0447\u0448\u0438\u0445 \u043a\u0443\u0440\u043e\u0440\u0442\u0430\u0445 \u043c\u0438\u0440\u0430\",\"publisher\":{\"@id\":\"https:\\\/\\\/skyline-gs.com\\\/it\\\/#organization\"},\"alternateName\":\"Skyline\",\"potentialAction\":[{\"@type\":\"SearchAction\",\"target\":{\"@type\":\"EntryPoint\",\"urlTemplate\":\"https:\\\/\\\/skyline-gs.com\\\/it\\\/?s={search_term_string}\"},\"query-input\":{\"@type\":\"PropertyValueSpecification\",\"valueRequired\":true,\"valueName\":\"search_term_string\"}}],\"inLanguage\":\"fr-FR\"},{\"@type\":\"Organization\",\"@id\":\"https:\\\/\\\/skyline-gs.com\\\/it\\\/#organization\",\"name\":\"\u042d\u043a\u0441\u043a\u0443\u0440\u0441\u0438\u0438 Skyline\",\"alternateName\":\"\u042d\u043a\u0441\u043a\u0443\u0440\u0441\u0438\u0438 Skyline\",\"url\":\"https:\\\/\\\/skyline-gs.com\\\/it\\\/\",\"logo\":{\"@type\":\"ImageObject\",\"inLanguage\":\"fr-FR\",\"@id\":\"https:\\\/\\\/skyline-gs.com\\\/it\\\/#\\\/schema\\\/logo\\\/image\\\/\",\"url\":\"https:\\\/\\\/skyline-gs.com\\\/wp-content\\\/uploads\\\/2020\\\/12\\\/cropped-logo-2.png\",\"contentUrl\":\"https:\\\/\\\/skyline-gs.com\\\/wp-content\\\/uploads\\\/2020\\\/12\\\/cropped-logo-2.png\",\"width\":512,\"height\":512,\"caption\":\"\u042d\u043a\u0441\u043a\u0443\u0440\u0441\u0438\u0438 Skyline\"},\"image\":{\"@id\":\"https:\\\/\\\/skyline-gs.com\\\/it\\\/#\\\/schema\\\/logo\\\/image\\\/\"},\"sameAs\":[\"https:\\\/\\\/www.instagram.com\\\/skylineglobalservice\\\/\"]}]}<\/script>\n<!-- \/ Yoast SEO plugin. -->","yoast_head_json":{"title":"\u042f\u0445\u0442\u0430 Sapphire (\u0434\u043e 6 \u0447\u0435\u043b\u043e\u0432\u0435\u043a) &#8226; \u042d\u043a\u0441\u043a\u0443\u0440\u0441\u0438\u0438 Skyline","robots":{"index":"index","follow":"follow","max-snippet":"max-snippet:-1","max-image-preview":"max-image-preview:large","max-video-preview":"max-video-preview:-1"},"canonical":"https:\/\/skyline-gs.com\/fr\/produit\/yahta-sapphire-do-6-chelovek\/","og_locale":"fr_FR","og_type":"article","og_title":"\u042f\u0445\u0442\u0430 Sapphire (\u0434\u043e 6 \u0447\u0435\u043b\u043e\u0432\u0435\u043a) &#8226; \u042d\u043a\u0441\u043a\u0443\u0440\u0441\u0438\u0438 Skyline","og_description":"\u0414\u043b\u0438\u0442\u0435\u043b\u044c\u043d\u043e\u0441\u0442\u044c \u0430\u0440\u0435\u043d\u0434\u044b: \u0434\u0435\u043d\u044c  \u0412\u043c\u0435\u0441\u0442\u0438\u0442\u0435\u043b\u044c\u043d\u043e\u0441\u0442\u044c: 6\u00a0\u0447\u0435\u043b\u043e\u0432\u0435\u043a","og_url":"https:\/\/skyline-gs.com\/fr\/produit\/yahta-sapphire-do-6-chelovek\/","og_site_name":"\u042d\u043a\u0441\u043a\u0443\u0440\u0441\u0438\u0438 Skyline","article_modified_time":"2026-02-15T19:50:44+00:00","og_image":[{"width":1080,"height":1080,"url":"https:\/\/skyline-gs.com\/wp-content\/uploads\/2024\/08\/LoGo777.png","type":"image\/png"}],"twitter_card":"summary_large_image","twitter_misc":{"Dur\u00e9e de lecture estim\u00e9e":"3 minutes"},"schema":{"@context":"https:\/\/schema.org","@graph":[{"@type":"WebPage","@id":"https:\/\/skyline-gs.com\/product\/yahta-sapphire-do-6-chelovek\/","url":"https:\/\/skyline-gs.com\/product\/yahta-sapphire-do-6-chelovek\/","name":"\u042f\u0445\u0442\u0430 Sapphire (\u0434\u043e 6 \u0447\u0435\u043b\u043e\u0432\u0435\u043a) &#8226; \u042d\u043a\u0441\u043a\u0443\u0440\u0441\u0438\u0438 Skyline","isPartOf":{"@id":"https:\/\/skyline-gs.com\/it\/#website"},"primaryImageOfPage":{"@id":"https:\/\/skyline-gs.com\/product\/yahta-sapphire-do-6-chelovek\/#primaryimage"},"image":{"@id":"https:\/\/skyline-gs.com\/product\/yahta-sapphire-do-6-chelovek\/#primaryimage"},"thumbnailUrl":"https:\/\/skyline-gs.com\/wp-content\/uploads\/2026\/02\/602f36_ec165820bfbd46858e9a69982aa1b1f2mv2.jpg.avif","datePublished":"2026-02-15T19:48:42+00:00","dateModified":"2026-02-15T19:50:44+00:00","breadcrumb":{"@id":"https:\/\/skyline-gs.com\/product\/yahta-sapphire-do-6-chelovek\/#breadcrumb"},"inLanguage":"fr-FR","potentialAction":[{"@type":"ReadAction","target":["https:\/\/skyline-gs.com\/product\/yahta-sapphire-do-6-chelovek\/"]}]},{"@type":"ImageObject","inLanguage":"fr-FR","@id":"https:\/\/skyline-gs.com\/product\/yahta-sapphire-do-6-chelovek\/#primaryimage","url":"https:\/\/skyline-gs.com\/wp-content\/uploads\/2026\/02\/602f36_ec165820bfbd46858e9a69982aa1b1f2mv2.jpg.avif","contentUrl":"https:\/\/skyline-gs.com\/wp-content\/uploads\/2026\/02\/602f36_ec165820bfbd46858e9a69982aa1b1f2mv2.jpg.avif","width":1259,"height":538},{"@type":"BreadcrumbList","@id":"https:\/\/skyline-gs.com\/product\/yahta-sapphire-do-6-chelovek\/#breadcrumb","itemListElement":[{"@type":"ListItem","position":1,"name":"\u0413\u043b\u0430\u0432\u043d\u0430\u044f \u0441\u0442\u0440\u0430\u043d\u0438\u0446\u0430","item":"https:\/\/skyline-gs.com\/hu\/"},{"@type":"ListItem","position":2,"name":"\u041c\u0430\u0433\u0430\u0437\u0438\u043d","item":"https:\/\/skyline-gs.com\/cs\/shop\/"},{"@type":"ListItem","position":3,"name":"\u042f\u0445\u0442\u0430 Sapphire (\u0434\u043e 6 \u0447\u0435\u043b\u043e\u0432\u0435\u043a)"}]},{"@type":"WebSite","@id":"https:\/\/skyline-gs.com\/it\/#website","url":"https:\/\/skyline-gs.com\/it\/","name":"Excursions Skyline","description":"Excursions exclusives dans les meilleurs centres de vill\u00e9giature du monde","publisher":{"@id":"https:\/\/skyline-gs.com\/it\/#organization"},"alternateName":"Skyline","potentialAction":[{"@type":"SearchAction","target":{"@type":"EntryPoint","urlTemplate":"https:\/\/skyline-gs.com\/it\/?s={search_term_string}"},"query-input":{"@type":"PropertyValueSpecification","valueRequired":true,"valueName":"search_term_string"}}],"inLanguage":"fr-FR"},{"@type":"Organization","@id":"https:\/\/skyline-gs.com\/it\/#organization","name":"Excursions Skyline","alternateName":"\u042d\u043a\u0441\u043a\u0443\u0440\u0441\u0438\u0438 Skyline","url":"https:\/\/skyline-gs.com\/it\/","logo":{"@type":"ImageObject","inLanguage":"fr-FR","@id":"https:\/\/skyline-gs.com\/it\/#\/schema\/logo\/image\/","url":"https:\/\/skyline-gs.com\/wp-content\/uploads\/2020\/12\/cropped-logo-2.png","contentUrl":"https:\/\/skyline-gs.com\/wp-content\/uploads\/2020\/12\/cropped-logo-2.png","width":512,"height":512,"caption":"\u042d\u043a\u0441\u043a\u0443\u0440\u0441\u0438\u0438 Skyline"},"image":{"@id":"https:\/\/skyline-gs.com\/it\/#\/schema\/logo\/image\/"},"sameAs":["https:\/\/www.instagram.com\/skylineglobalservice\/"]}]}},"_links":{"self":[{"href":"https:\/\/skyline-gs.com\/fr\/wp-json\/wp\/v2\/product\/74932","targetHints":{"allow":["GET"]}}],"collection":[{"href":"https:\/\/skyline-gs.com\/fr\/wp-json\/wp\/v2\/product"}],"about":[{"href":"https:\/\/skyline-gs.com\/fr\/wp-json\/wp\/v2\/types\/product"}],"version-history":[{"count":0,"href":"https:\/\/skyline-gs.com\/fr\/wp-json\/wp\/v2\/product\/74932\/revisions"}],"wp:featuredmedia":[{"embeddable":true,"href":"https:\/\/skyline-gs.com\/fr\/wp-json\/wp\/v2\/media\/74937"}],"wp:attachment":[{"href":"https:\/\/skyline-gs.com\/fr\/wp-json\/wp\/v2\/media?parent=74932"}],"wp:term":[{"taxonomy":"product_brand","embeddable":true,"href":"https:\/\/skyline-gs.com\/fr\/wp-json\/wp\/v2\/product_brand?post=74932"},{"taxonomy":"product_cat","embeddable":true,"href":"https:\/\/skyline-gs.com\/fr\/wp-json\/wp\/v2\/product_cat?post=74932"},{"taxonomy":"product_tag","embeddable":true,"href":"https:\/\/skyline-gs.com\/fr\/wp-json\/wp\/v2\/product_tag?post=74932"}],"curies":[{"name":"wp","href":"https:\/\/api.w.org\/{rel}","templated":true}]}}