{"id":74755,"date":"2026-02-06T15:20:54","date_gmt":"2026-02-06T13:20:54","guid":{"rendered":"https:\/\/skyline-gs.com\/?post_type=product&#038;p=74755"},"modified":"2026-02-10T01:45:38","modified_gmt":"2026-02-09T23:45:38","slug":"novyj-luksor-abu-simbel-2-dnya-minigruppa","status":"publish","type":"product","link":"https:\/\/skyline-gs.com\/fr\/product\/novyj-luksor-abu-simbel-2-dnya-minigruppa\/","title":{"rendered":"Nouveau Louxor + Abou Simbel 2 jours (mini-groupe)"},"content":{"rendered":"<p>Il s'agit d'un voyage intense de deux jours \u00e0 travers les monuments les plus impressionnants de l'\u00c9gypte ancienne. Les temples majestueux de Louxor, les tombes myst\u00e9rieuses, une nuit dans un h\u00f4tel confortable \u00e0 Assouan et les temples rocheux grandioses d'Abou Simbel sur les rives du lac Nasser vous attendent.<br \/>\nId\u00e9al pour ceux qui veulent voir un maximum de tr\u00e9sors historiques en peu de temps.<\/p>\n<p><strong>Jour 1 - Louxor et transfert \u00e0 Assouan<\/strong><\/p>\n<p>D\u00e9part matinal de l'h\u00f4tel et route \u00e0 travers le d\u00e9sert oriental vers la vall\u00e9e du Nil. \u00c0 l'arriv\u00e9e \u00e0 Louxor, commencez \u00e0 explorer l'ancienne Th\u00e8bes, la capitale des pharaons de l'\u00e9poque du Nouvel Empire.<\/p>\n<p><strong>Au programme :<\/strong><\/p>\n<ul>\n<li>Le temple de Louxor est l'un des plus beaux temples d'\u00c9gypte, situ\u00e9 au c\u0153ur de la ville antique. Vous pouvez y ressentir l'atmosph\u00e8re r\u00e9elle de l'\u00e9poque pharaonique.<\/li>\n<li>Les Colosses de Memnon sont des statues g\u00e9antes en pierre du pharaon Amenhotep III qui gardent la rive ouest du Nil depuis plus de 3 000 ans.<\/li>\n<li>Medinat Habu est un temple fun\u00e9raire grandiose de Rams\u00e8s III, frappant par son \u00e9chelle, ses reliefs et l'excellente conservation des peintures anciennes.<\/li>\n<li>Les tombes des artisans sont des tombes uniques des artisans qui ont construit les tombes royales. Leurs peintures murales color\u00e9es sont bien conserv\u00e9es et donnent un aper\u00e7u de la vie quotidienne des anciens \u00c9gyptiens.<\/li>\n<li>Apr\u00e8s le programme de visites, d\u00e9jeuner au restaurant.<\/li>\n<li>Dans l'apr\u00e8s-midi, transfert \u00e0 Assouan, l'une des villes les plus pittoresques d'\u00c9gypte.<\/li>\n<li>H\u00e9bergement dans un h\u00f4tel 4\u2605 avec petit-d\u00e9jeuner et repos apr\u00e8s une journ\u00e9e bien remplie.<\/li>\n<\/ul>\n<p><strong>Jour 2 - Abou Simbel et retour \u00e0 Hurghada<\/strong><\/p>\n<ul>\n<li>D\u00e9part tr\u00e8s t\u00f4t (vers 5h00) vers le sud de l'Egypte, vers la fronti\u00e8re avec le Soudan.<br \/>\n\u00c0 travers des paysages d\u00e9sertiques, vous atteindrez l'un des plus grands monuments du monde antique, les temples d'Abou Simbel.<\/li>\n<li>Le Grand Temple de Rams\u00e8s II avec quatre statues colossales du pharaon \u00e0 l'entr\u00e9e<br \/>\nTemple de la reine N\u00e9fertari, d\u00e9di\u00e9 \u00e0 la d\u00e9esse Hathor<br \/>\nCes temples ont \u00e9t\u00e9 taill\u00e9s dans la roche il y a plus de 3 000 ans, puis d\u00e9plac\u00e9s en hauteur lors de la construction du barrage d'Assouan, l'une des op\u00e9rations arch\u00e9ologiques les plus c\u00e9l\u00e8bres de l'histoire.<\/li>\n<li>Apr\u00e8s une visite du complexe, nous reprenons la route.<\/li>\n<li>Le d\u00e9jeuner est en route.<\/li>\n<li>Retour \u00e0 Hurghada en principe vers 21h30.<\/li>\n<\/ul>\n<p><strong>Inclus :<\/strong><\/p>\n<ul>\n<li>Transfert depuis et vers l'h\u00f4tel<\/li>\n<li>Tous les transferts du programme en autocar confortable et climatis\u00e9<\/li>\n<li>Services d'un guide russophone<\/li>\n<li>Billets d'entr\u00e9e selon le programme<\/li>\n<li>D\u00e9jeuner du 1er jour<\/li>\n<li>D\u00e9jeuner du jour 2 sur la route<\/li>\n<li>H\u00e9bergement dans un h\u00f4tel 4\u2605 \u00e0 Assouan (1 nuit, petit d\u00e9jeuner).<\/li>\n<\/ul>\n<p><strong>Non inclus :<\/strong><\/p>\n<ul>\n<li>Boissons pendant le d\u00e9jeuner<\/li>\n<li>Transferts depuis les h\u00f4tels de campagne : El Gouna et Sahl Hasheesh suppl\u00e9ment +$10 aller-retour (par voiture jusqu'\u00e0 6 personnes).<\/li>\n<li>Transferts depuis les h\u00f4tels du pays : Soma Bay Kempinski et Sheraton suppl\u00e9ment +$15 aller-retour (par voiture jusqu'\u00e0 6 personnes).<\/li>\n<\/ul>\n<p><strong>Emportez-le avec vous :<\/strong><\/p>\n<ul>\n<li>Passeport<\/li>\n<li>Coiffure<\/li>\n<li>Argent pour les d\u00e9penses personnelles et les souvenirs<\/li>\n<li>Produits de soins personnels<\/li>\n<li>Eau potable<\/li>\n<li>Collation matinale (expliquez \u00e0 la r\u00e9ception de l'h\u00f4tel que vous partez t\u00f4t le matin pour une excursion et que vous avez besoin de pr\u00e9parer une bo\u00eete \u00e0 lunch, les h\u00f4tels fourniront ce service gratuitement).<\/li>\n<li>Chaussures confortables<\/li>\n<li>V\u00eatements chauds pour le voyage (en hiver)<\/li>\n<\/ul>","protected":false},"excerpt":{"rendered":"<p><strong>Temps du Tour:<\/strong> 2 jours<\/p>\n<p><strong>Jours de D\u00e9roulement: <\/strong>Lundi<\/p>","protected":false},"featured_media":74759,"template":"","meta":{"_kad_post_transparent":"default","_kad_post_title":"","_kad_post_layout":"default","_kad_post_sidebar_id":"","_kad_post_content_style":"default","_kad_post_vertical_padding":"default","_kad_post_feature":"","_kad_post_feature_position":"","_kad_post_header":false,"_kad_post_footer":false,"_kad_post_classname":"","_glsr_average":0,"_glsr_ranking":0,"_glsr_reviews":0},"product_brand":[],"product_cat":[479],"product_tag":[],"class_list":{"0":"post-74755","1":"product","2":"type-product","3":"status-publish","4":"has-post-thumbnail","6":"product_cat-hurghadatours","7":"tm-has-options","9":"first","10":"instock","11":"sold-individually","12":"taxable","13":"shipping-taxable","14":"purchasable","15":"product-type-simple","16":"entry","17":"content-bg","18":"loop-entry"},"yoast_head":"<!-- This site is optimized with the Yoast SEO plugin v27.3 - https:\/\/yoast.com\/product\/yoast-seo-wordpress\/ -->\n<title>\u041d\u043e\u0432\u044b\u0439 \u041b\u0443\u043a\u0441\u043e\u0440 + \u0410\u0431\u0443 \u0421\u0438\u043c\u0431\u0435\u043b 2 \u0434\u043d\u044f (\u043c\u0438\u043d\u0438\u0433\u0440\u0443\u043f\u043f\u0430) &#8226; \u042d\u043a\u0441\u043a\u0443\u0440\u0441\u0438\u0438 Skyline<\/title>\n<meta name=\"robots\" content=\"index, follow, max-snippet:-1, max-image-preview:large, max-video-preview:-1\" \/>\n<link rel=\"canonical\" href=\"https:\/\/skyline-gs.com\/fr\/produit\/novyj-luksor-abu-simbel-2-dnya-minigruppa\/\" \/>\n<meta property=\"og:locale\" content=\"fr_FR\" \/>\n<meta property=\"og:type\" content=\"article\" \/>\n<meta property=\"og:title\" content=\"\u041d\u043e\u0432\u044b\u0439 \u041b\u0443\u043a\u0441\u043e\u0440 + \u0410\u0431\u0443 \u0421\u0438\u043c\u0431\u0435\u043b 2 \u0434\u043d\u044f (\u043c\u0438\u043d\u0438\u0433\u0440\u0443\u043f\u043f\u0430) &#8226; \u042d\u043a\u0441\u043a\u0443\u0440\u0441\u0438\u0438 Skyline\" \/>\n<meta property=\"og:description\" content=\"\u0412\u0440\u0435\u043c\u044f \u0442\u0443\u0440\u0430: 2 \u0434\u043d\u044f  \u0414\u043d\u0438 \u043f\u0440\u043e\u0432\u0435\u0434\u0435\u043d\u0438\u044f: \u041f\u043e\u043d\u0435\u0434\u0435\u043b\u044c\u043d\u0438\u043a\" \/>\n<meta property=\"og:url\" content=\"https:\/\/skyline-gs.com\/fr\/produit\/novyj-luksor-abu-simbel-2-dnya-minigruppa\/\" \/>\n<meta property=\"og:site_name\" content=\"\u042d\u043a\u0441\u043a\u0443\u0440\u0441\u0438\u0438 Skyline\" \/>\n<meta property=\"article:modified_time\" content=\"2026-02-09T23:45:38+00:00\" \/>\n<meta property=\"og:image\" content=\"https:\/\/skyline-gs.com\/wp-content\/uploads\/2026\/02\/admin-ajax.jpeg\" \/>\n\t<meta property=\"og:image:width\" content=\"600\" \/>\n\t<meta property=\"og:image:height\" content=\"400\" \/>\n\t<meta property=\"og:image:type\" content=\"image\/jpeg\" \/>\n<meta name=\"twitter:card\" content=\"summary_large_image\" \/>\n<meta name=\"twitter:label1\" content=\"Dur\u00e9e de lecture estim\u00e9e\" \/>\n\t<meta name=\"twitter:data1\" content=\"3 minutes\" \/>\n<script type=\"application\/ld+json\" class=\"yoast-schema-graph\">{\"@context\":\"https:\\\/\\\/schema.org\",\"@graph\":[{\"@type\":\"WebPage\",\"@id\":\"https:\\\/\\\/skyline-gs.com\\\/product\\\/novyj-luksor-abu-simbel-2-dnya-minigruppa\\\/\",\"url\":\"https:\\\/\\\/skyline-gs.com\\\/product\\\/novyj-luksor-abu-simbel-2-dnya-minigruppa\\\/\",\"name\":\"\u041d\u043e\u0432\u044b\u0439 \u041b\u0443\u043a\u0441\u043e\u0440 + \u0410\u0431\u0443 \u0421\u0438\u043c\u0431\u0435\u043b 2 \u0434\u043d\u044f (\u043c\u0438\u043d\u0438\u0433\u0440\u0443\u043f\u043f\u0430) &#8226; \u042d\u043a\u0441\u043a\u0443\u0440\u0441\u0438\u0438 Skyline\",\"isPartOf\":{\"@id\":\"https:\\\/\\\/skyline-gs.com\\\/it\\\/#website\"},\"primaryImageOfPage\":{\"@id\":\"https:\\\/\\\/skyline-gs.com\\\/product\\\/novyj-luksor-abu-simbel-2-dnya-minigruppa\\\/#primaryimage\"},\"image\":{\"@id\":\"https:\\\/\\\/skyline-gs.com\\\/product\\\/novyj-luksor-abu-simbel-2-dnya-minigruppa\\\/#primaryimage\"},\"thumbnailUrl\":\"https:\\\/\\\/skyline-gs.com\\\/wp-content\\\/uploads\\\/2026\\\/02\\\/admin-ajax.jpeg\",\"datePublished\":\"2026-02-06T13:20:54+00:00\",\"dateModified\":\"2026-02-09T23:45:38+00:00\",\"breadcrumb\":{\"@id\":\"https:\\\/\\\/skyline-gs.com\\\/product\\\/novyj-luksor-abu-simbel-2-dnya-minigruppa\\\/#breadcrumb\"},\"inLanguage\":\"fr-FR\",\"potentialAction\":[{\"@type\":\"ReadAction\",\"target\":[\"https:\\\/\\\/skyline-gs.com\\\/product\\\/novyj-luksor-abu-simbel-2-dnya-minigruppa\\\/\"]}]},{\"@type\":\"ImageObject\",\"inLanguage\":\"fr-FR\",\"@id\":\"https:\\\/\\\/skyline-gs.com\\\/product\\\/novyj-luksor-abu-simbel-2-dnya-minigruppa\\\/#primaryimage\",\"url\":\"https:\\\/\\\/skyline-gs.com\\\/wp-content\\\/uploads\\\/2026\\\/02\\\/admin-ajax.jpeg\",\"contentUrl\":\"https:\\\/\\\/skyline-gs.com\\\/wp-content\\\/uploads\\\/2026\\\/02\\\/admin-ajax.jpeg\",\"width\":600,\"height\":400},{\"@type\":\"BreadcrumbList\",\"@id\":\"https:\\\/\\\/skyline-gs.com\\\/product\\\/novyj-luksor-abu-simbel-2-dnya-minigruppa\\\/#breadcrumb\",\"itemListElement\":[{\"@type\":\"ListItem\",\"position\":1,\"name\":\"\u0413\u043b\u0430\u0432\u043d\u0430\u044f \u0441\u0442\u0440\u0430\u043d\u0438\u0446\u0430\",\"item\":\"https:\\\/\\\/skyline-gs.com\\\/hu\\\/\"},{\"@type\":\"ListItem\",\"position\":2,\"name\":\"\u041c\u0430\u0433\u0430\u0437\u0438\u043d\",\"item\":\"https:\\\/\\\/skyline-gs.com\\\/cs\\\/shop\\\/\"},{\"@type\":\"ListItem\",\"position\":3,\"name\":\"\u041d\u043e\u0432\u044b\u0439 \u041b\u0443\u043a\u0441\u043e\u0440 + \u0410\u0431\u0443 \u0421\u0438\u043c\u0431\u0435\u043b 2 \u0434\u043d\u044f (\u043c\u0438\u043d\u0438\u0433\u0440\u0443\u043f\u043f\u0430)\"}]},{\"@type\":\"WebSite\",\"@id\":\"https:\\\/\\\/skyline-gs.com\\\/it\\\/#website\",\"url\":\"https:\\\/\\\/skyline-gs.com\\\/it\\\/\",\"name\":\"\u042d\u043a\u0441\u043a\u0443\u0440\u0441\u0438\u0438 Skyline\",\"description\":\"\u042d\u043a\u0441\u043a\u043b\u044e\u0437\u0438\u0432\u043d\u044b\u0435 \u044d\u043a\u0441\u043a\u0443\u0440\u0441\u0438\u0438 \u043d\u0430 \u043b\u0443\u0447\u0448\u0438\u0445 \u043a\u0443\u0440\u043e\u0440\u0442\u0430\u0445 \u043c\u0438\u0440\u0430\",\"publisher\":{\"@id\":\"https:\\\/\\\/skyline-gs.com\\\/it\\\/#organization\"},\"alternateName\":\"Skyline\",\"potentialAction\":[{\"@type\":\"SearchAction\",\"target\":{\"@type\":\"EntryPoint\",\"urlTemplate\":\"https:\\\/\\\/skyline-gs.com\\\/it\\\/?s={search_term_string}\"},\"query-input\":{\"@type\":\"PropertyValueSpecification\",\"valueRequired\":true,\"valueName\":\"search_term_string\"}}],\"inLanguage\":\"fr-FR\"},{\"@type\":\"Organization\",\"@id\":\"https:\\\/\\\/skyline-gs.com\\\/it\\\/#organization\",\"name\":\"\u042d\u043a\u0441\u043a\u0443\u0440\u0441\u0438\u0438 Skyline\",\"alternateName\":\"\u042d\u043a\u0441\u043a\u0443\u0440\u0441\u0438\u0438 Skyline\",\"url\":\"https:\\\/\\\/skyline-gs.com\\\/it\\\/\",\"logo\":{\"@type\":\"ImageObject\",\"inLanguage\":\"fr-FR\",\"@id\":\"https:\\\/\\\/skyline-gs.com\\\/it\\\/#\\\/schema\\\/logo\\\/image\\\/\",\"url\":\"https:\\\/\\\/skyline-gs.com\\\/wp-content\\\/uploads\\\/2020\\\/12\\\/cropped-logo-2.png\",\"contentUrl\":\"https:\\\/\\\/skyline-gs.com\\\/wp-content\\\/uploads\\\/2020\\\/12\\\/cropped-logo-2.png\",\"width\":512,\"height\":512,\"caption\":\"\u042d\u043a\u0441\u043a\u0443\u0440\u0441\u0438\u0438 Skyline\"},\"image\":{\"@id\":\"https:\\\/\\\/skyline-gs.com\\\/it\\\/#\\\/schema\\\/logo\\\/image\\\/\"},\"sameAs\":[\"https:\\\/\\\/www.instagram.com\\\/skylineglobalservice\\\/\"]}]}<\/script>\n<!-- \/ Yoast SEO plugin. -->","yoast_head_json":{"title":"\u041d\u043e\u0432\u044b\u0439 \u041b\u0443\u043a\u0441\u043e\u0440 + \u0410\u0431\u0443 \u0421\u0438\u043c\u0431\u0435\u043b 2 \u0434\u043d\u044f (\u043c\u0438\u043d\u0438\u0433\u0440\u0443\u043f\u043f\u0430) &#8226; \u042d\u043a\u0441\u043a\u0443\u0440\u0441\u0438\u0438 Skyline","robots":{"index":"index","follow":"follow","max-snippet":"max-snippet:-1","max-image-preview":"max-image-preview:large","max-video-preview":"max-video-preview:-1"},"canonical":"https:\/\/skyline-gs.com\/fr\/produit\/novyj-luksor-abu-simbel-2-dnya-minigruppa\/","og_locale":"fr_FR","og_type":"article","og_title":"\u041d\u043e\u0432\u044b\u0439 \u041b\u0443\u043a\u0441\u043e\u0440 + \u0410\u0431\u0443 \u0421\u0438\u043c\u0431\u0435\u043b 2 \u0434\u043d\u044f (\u043c\u0438\u043d\u0438\u0433\u0440\u0443\u043f\u043f\u0430) &#8226; \u042d\u043a\u0441\u043a\u0443\u0440\u0441\u0438\u0438 Skyline","og_description":"\u0412\u0440\u0435\u043c\u044f \u0442\u0443\u0440\u0430: 2 \u0434\u043d\u044f  \u0414\u043d\u0438 \u043f\u0440\u043e\u0432\u0435\u0434\u0435\u043d\u0438\u044f: \u041f\u043e\u043d\u0435\u0434\u0435\u043b\u044c\u043d\u0438\u043a","og_url":"https:\/\/skyline-gs.com\/fr\/produit\/novyj-luksor-abu-simbel-2-dnya-minigruppa\/","og_site_name":"\u042d\u043a\u0441\u043a\u0443\u0440\u0441\u0438\u0438 Skyline","article_modified_time":"2026-02-09T23:45:38+00:00","og_image":[{"width":600,"height":400,"url":"https:\/\/skyline-gs.com\/wp-content\/uploads\/2026\/02\/admin-ajax.jpeg","type":"image\/jpeg"}],"twitter_card":"summary_large_image","twitter_misc":{"Dur\u00e9e de lecture estim\u00e9e":"3 minutes"},"schema":{"@context":"https:\/\/schema.org","@graph":[{"@type":"WebPage","@id":"https:\/\/skyline-gs.com\/product\/novyj-luksor-abu-simbel-2-dnya-minigruppa\/","url":"https:\/\/skyline-gs.com\/product\/novyj-luksor-abu-simbel-2-dnya-minigruppa\/","name":"\u041d\u043e\u0432\u044b\u0439 \u041b\u0443\u043a\u0441\u043e\u0440 + \u0410\u0431\u0443 \u0421\u0438\u043c\u0431\u0435\u043b 2 \u0434\u043d\u044f (\u043c\u0438\u043d\u0438\u0433\u0440\u0443\u043f\u043f\u0430) &#8226; \u042d\u043a\u0441\u043a\u0443\u0440\u0441\u0438\u0438 Skyline","isPartOf":{"@id":"https:\/\/skyline-gs.com\/it\/#website"},"primaryImageOfPage":{"@id":"https:\/\/skyline-gs.com\/product\/novyj-luksor-abu-simbel-2-dnya-minigruppa\/#primaryimage"},"image":{"@id":"https:\/\/skyline-gs.com\/product\/novyj-luksor-abu-simbel-2-dnya-minigruppa\/#primaryimage"},"thumbnailUrl":"https:\/\/skyline-gs.com\/wp-content\/uploads\/2026\/02\/admin-ajax.jpeg","datePublished":"2026-02-06T13:20:54+00:00","dateModified":"2026-02-09T23:45:38+00:00","breadcrumb":{"@id":"https:\/\/skyline-gs.com\/product\/novyj-luksor-abu-simbel-2-dnya-minigruppa\/#breadcrumb"},"inLanguage":"fr-FR","potentialAction":[{"@type":"ReadAction","target":["https:\/\/skyline-gs.com\/product\/novyj-luksor-abu-simbel-2-dnya-minigruppa\/"]}]},{"@type":"ImageObject","inLanguage":"fr-FR","@id":"https:\/\/skyline-gs.com\/product\/novyj-luksor-abu-simbel-2-dnya-minigruppa\/#primaryimage","url":"https:\/\/skyline-gs.com\/wp-content\/uploads\/2026\/02\/admin-ajax.jpeg","contentUrl":"https:\/\/skyline-gs.com\/wp-content\/uploads\/2026\/02\/admin-ajax.jpeg","width":600,"height":400},{"@type":"BreadcrumbList","@id":"https:\/\/skyline-gs.com\/product\/novyj-luksor-abu-simbel-2-dnya-minigruppa\/#breadcrumb","itemListElement":[{"@type":"ListItem","position":1,"name":"\u0413\u043b\u0430\u0432\u043d\u0430\u044f \u0441\u0442\u0440\u0430\u043d\u0438\u0446\u0430","item":"https:\/\/skyline-gs.com\/hu\/"},{"@type":"ListItem","position":2,"name":"\u041c\u0430\u0433\u0430\u0437\u0438\u043d","item":"https:\/\/skyline-gs.com\/cs\/shop\/"},{"@type":"ListItem","position":3,"name":"\u041d\u043e\u0432\u044b\u0439 \u041b\u0443\u043a\u0441\u043e\u0440 + \u0410\u0431\u0443 \u0421\u0438\u043c\u0431\u0435\u043b 2 \u0434\u043d\u044f (\u043c\u0438\u043d\u0438\u0433\u0440\u0443\u043f\u043f\u0430)"}]},{"@type":"WebSite","@id":"https:\/\/skyline-gs.com\/it\/#website","url":"https:\/\/skyline-gs.com\/it\/","name":"Excursions Skyline","description":"Excursions exclusives dans les meilleurs centres de vill\u00e9giature du monde","publisher":{"@id":"https:\/\/skyline-gs.com\/it\/#organization"},"alternateName":"Skyline","potentialAction":[{"@type":"SearchAction","target":{"@type":"EntryPoint","urlTemplate":"https:\/\/skyline-gs.com\/it\/?s={search_term_string}"},"query-input":{"@type":"PropertyValueSpecification","valueRequired":true,"valueName":"search_term_string"}}],"inLanguage":"fr-FR"},{"@type":"Organization","@id":"https:\/\/skyline-gs.com\/it\/#organization","name":"Excursions Skyline","alternateName":"\u042d\u043a\u0441\u043a\u0443\u0440\u0441\u0438\u0438 Skyline","url":"https:\/\/skyline-gs.com\/it\/","logo":{"@type":"ImageObject","inLanguage":"fr-FR","@id":"https:\/\/skyline-gs.com\/it\/#\/schema\/logo\/image\/","url":"https:\/\/skyline-gs.com\/wp-content\/uploads\/2020\/12\/cropped-logo-2.png","contentUrl":"https:\/\/skyline-gs.com\/wp-content\/uploads\/2020\/12\/cropped-logo-2.png","width":512,"height":512,"caption":"\u042d\u043a\u0441\u043a\u0443\u0440\u0441\u0438\u0438 Skyline"},"image":{"@id":"https:\/\/skyline-gs.com\/it\/#\/schema\/logo\/image\/"},"sameAs":["https:\/\/www.instagram.com\/skylineglobalservice\/"]}]}},"_links":{"self":[{"href":"https:\/\/skyline-gs.com\/fr\/wp-json\/wp\/v2\/product\/74755","targetHints":{"allow":["GET"]}}],"collection":[{"href":"https:\/\/skyline-gs.com\/fr\/wp-json\/wp\/v2\/product"}],"about":[{"href":"https:\/\/skyline-gs.com\/fr\/wp-json\/wp\/v2\/types\/product"}],"version-history":[{"count":0,"href":"https:\/\/skyline-gs.com\/fr\/wp-json\/wp\/v2\/product\/74755\/revisions"}],"wp:featuredmedia":[{"embeddable":true,"href":"https:\/\/skyline-gs.com\/fr\/wp-json\/wp\/v2\/media\/74759"}],"wp:attachment":[{"href":"https:\/\/skyline-gs.com\/fr\/wp-json\/wp\/v2\/media?parent=74755"}],"wp:term":[{"taxonomy":"product_brand","embeddable":true,"href":"https:\/\/skyline-gs.com\/fr\/wp-json\/wp\/v2\/product_brand?post=74755"},{"taxonomy":"product_cat","embeddable":true,"href":"https:\/\/skyline-gs.com\/fr\/wp-json\/wp\/v2\/product_cat?post=74755"},{"taxonomy":"product_tag","embeddable":true,"href":"https:\/\/skyline-gs.com\/fr\/wp-json\/wp\/v2\/product_tag?post=74755"}],"curies":[{"name":"wp","href":"https:\/\/api.w.org\/{rel}","templated":true}]}}