{"id":74612,"date":"2026-01-29T01:20:02","date_gmt":"2026-01-28T23:20:02","guid":{"rendered":"https:\/\/skyline-gs.com\/?post_type=product&#038;p=74612"},"modified":"2026-02-05T14:18:05","modified_gmt":"2026-02-05T12:18:05","slug":"luksor-na-samolyote-mini-gruppa","status":"publish","type":"product","link":"https:\/\/skyline-gs.com\/fr\/product\/luksor-na-samolyote-mini-gruppa\/","title":{"rendered":"Louxor en avion (mini-groupe)"},"content":{"rendered":"<p>Un vol unique d'une journ\u00e9e vers Louxor - pas de long voyage, les transferts stricts appartiennent au pass\u00e9. Juste vous, un mini-groupe, et la splendeur de l'\u00c9gypte ancienne : Karnak, la vall\u00e9e des Reines, le temple d'Hatchepsout. Architecture, histoire et atmosph\u00e8re, o\u00f9 chaque pierre raconte sa propre l\u00e9gende.<\/p>\n<p><strong>3:00 - D\u00e9part de l'h\u00f4tel.<\/strong><\/p>\n<ul>\n<li>Le matin, transfert de l'h\u00f4tel \u00e0 l'a\u00e9roport d'Hurghada.<\/li>\n<li>Vol pour Louxor, rencontre avec votre guide et formation d'un mini groupe.<\/li>\n<li>Pr\u00e9sence <strong>du temple de Karnak<\/strong> - un immense complexe, des colonnes, des pyl\u00f4nes, des avenues de sphinx.<\/li>\n<li>D\u00e9placement vers <strong>La vall\u00e9e des reines<\/strong> - les tombes des femmes et des enfants des pharaons, les fresques anciennes.<\/li>\n<li>L'inspection<strong> du temple d'Hatchepsout<\/strong> - Un chef-d'\u0153uvre architectural construit dans la roche, en terrasses.<\/li>\n<li>D\u00e9jeuner buffet.<\/li>\n<li>Retour : transfert \u00e0 l'a\u00e9roport, vol de retour \u00e0 Hurghada, transfert aux h\u00f4tels.<\/li>\n<\/ul>\n<p><strong>22:00 - Retour \u00e0 l'h\u00f4tel.<\/strong><\/p>\n<p><strong>Lieu de d\u00e9part :<\/strong><\/p>\n<p>Rendez-vous \u00e0 15h00 \u00e0 l'entr\u00e9e principale de votre h\u00f4tel \u00e0 Hurghada (pr\u00e8s de la barri\u00e8re).<\/p>\n<p><strong>Inclus :<\/strong><\/p>\n<ul>\n<li>Transport a\u00e9rien (Hurghada - Louxor).<\/li>\n<li>Transfert depuis et vers l'h\u00f4tel.<\/li>\n<li>Guide parlant russe.<\/li>\n<li>Frais d'entr\u00e9e selon le programme.<\/li>\n<li>D\u00e9jeuner (buffet).<\/li>\n<\/ul>\n<p><strong>Non inclus :<\/strong><\/p>\n<ul>\n<li>Visite de l'\u00eele Banana (en option, payable s\u00e9par\u00e9ment sur place +10$).<\/li>\n<li>Boissons pendant le d\u00e9jeuner.<\/li>\n<li>D\u00e9penses personnelles.<\/li>\n<\/ul>\n<p><strong>Emportez-le avec vous :<\/strong><\/p>\n<ul>\n<li>Passeport.<\/li>\n<li>L'eau.<\/li>\n<li>Collation matinale (\u00e0 la r\u00e9ception de l'h\u00f4tel, expliquez que vous partez t\u00f4t le matin pour une excursion et que vous avez besoin de pr\u00e9parer une bo\u00eete \u00e0 lunch, les h\u00f4tels fourniront ce service gratuitement).<\/li>\n<li>Des chaussures confortables.<\/li>\n<li>Coiffure.<\/li>\n<\/ul>\n<p><strong>Informations compl\u00e9mentaires :<\/strong><\/p>\n<ul>\n<li>R\u00e9servez au moins 2 jours \u00e0 l'avance, surtout en haute saison.<\/li>\n<li>Le pr\u00e9paiement du billet d'avion est un montant fixe (non remboursable en cas d'annulation).<\/li>\n<li>Tous les tombeaux ne sont pas forc\u00e9ment ouverts lors de la visite de la Vall\u00e9e des Reines (les principaux le sont) ; les tombeaux suppl\u00e9mentaires sont factur\u00e9s s\u00e9par\u00e9ment.<\/li>\n<li>Retards possibles dus aux formalit\u00e9s d'a\u00e9roport et de transport ; retour dans la soir\u00e9e.<\/li>\n<\/ul>\n<p><strong>Conditions de r\u00e9servation :<\/strong><\/p>\n<ul>\n<li>Paiement anticip\u00e9 100$<\/li>\n<\/ul>","protected":false},"excerpt":{"rendered":"<p><strong>Temps du Tour:<\/strong> 3:00 \u2014 22:00<\/p>\n<p><strong>Jours de D\u00e9roulement:<\/strong> Samedi<\/p>","protected":false},"featured_media":74613,"template":"","meta":{"_kad_post_transparent":"default","_kad_post_title":"","_kad_post_layout":"default","_kad_post_sidebar_id":"","_kad_post_content_style":"default","_kad_post_vertical_padding":"default","_kad_post_feature":"","_kad_post_feature_position":"","_kad_post_header":false,"_kad_post_footer":false,"_kad_post_classname":"","_glsr_average":0,"_glsr_ranking":0,"_glsr_reviews":0},"product_brand":[],"product_cat":[479],"product_tag":[],"class_list":{"0":"post-74612","1":"product","2":"type-product","3":"status-publish","4":"has-post-thumbnail","6":"product_cat-hurghadatours","7":"tm-has-options","9":"first","10":"instock","11":"sale","12":"sold-individually","13":"taxable","14":"shipping-taxable","15":"purchasable","16":"product-type-simple","17":"entry","18":"content-bg","19":"loop-entry"},"yoast_head":"<!-- This site is optimized with the Yoast SEO plugin v27.4 - https:\/\/yoast.com\/product\/yoast-seo-wordpress\/ -->\n<title>\u041b\u0443\u043a\u0441\u043e\u0440 \u043d\u0430 \u0441\u0430\u043c\u043e\u043b\u0451\u0442\u0435 (\u043c\u0438\u043d\u0438-\u0433\u0440\u0443\u043f\u043f\u0430) &#8226; \u042d\u043a\u0441\u043a\u0443\u0440\u0441\u0438\u0438 Skyline<\/title>\n<meta name=\"robots\" content=\"index, follow, max-snippet:-1, max-image-preview:large, max-video-preview:-1\" \/>\n<link rel=\"canonical\" href=\"https:\/\/skyline-gs.com\/fr\/produit\/luksor-na-samolyote-mini-gruppa\/\" \/>\n<meta property=\"og:locale\" content=\"fr_FR\" \/>\n<meta property=\"og:type\" content=\"article\" \/>\n<meta property=\"og:title\" content=\"\u041b\u0443\u043a\u0441\u043e\u0440 \u043d\u0430 \u0441\u0430\u043c\u043e\u043b\u0451\u0442\u0435 (\u043c\u0438\u043d\u0438-\u0433\u0440\u0443\u043f\u043f\u0430) &#8226; \u042d\u043a\u0441\u043a\u0443\u0440\u0441\u0438\u0438 Skyline\" \/>\n<meta property=\"og:description\" content=\"\u0412\u0440\u0435\u043c\u044f \u0442\u0443\u0440\u0430: 3:00 \u2014 22:00  \u0414\u043d\u0438 \u043f\u0440\u043e\u0432\u0435\u0434\u0435\u043d\u0438\u044f: \u0421\u0443\u0431\u0431\u043e\u0442\u0430\" \/>\n<meta property=\"og:url\" content=\"https:\/\/skyline-gs.com\/fr\/produit\/luksor-na-samolyote-mini-gruppa\/\" \/>\n<meta property=\"og:site_name\" content=\"\u042d\u043a\u0441\u043a\u0443\u0440\u0441\u0438\u0438 Skyline\" \/>\n<meta property=\"article:modified_time\" content=\"2026-02-05T12:18:05+00:00\" \/>\n<meta property=\"og:image\" content=\"https:\/\/skyline-gs.com\/wp-content\/uploads\/2026\/01\/145-88.jpg\" \/>\n\t<meta property=\"og:image:width\" content=\"960\" \/>\n\t<meta property=\"og:image:height\" content=\"640\" \/>\n\t<meta property=\"og:image:type\" content=\"image\/jpeg\" \/>\n<meta name=\"twitter:card\" content=\"summary_large_image\" \/>\n<meta name=\"twitter:label1\" content=\"Dur\u00e9e de lecture estim\u00e9e\" \/>\n\t<meta name=\"twitter:data1\" content=\"2 minutes\" \/>\n<script type=\"application\/ld+json\" class=\"yoast-schema-graph\">{\"@context\":\"https:\\\/\\\/schema.org\",\"@graph\":[{\"@type\":\"WebPage\",\"@id\":\"https:\\\/\\\/skyline-gs.com\\\/product\\\/luksor-na-samolyote-mini-gruppa\\\/\",\"url\":\"https:\\\/\\\/skyline-gs.com\\\/product\\\/luksor-na-samolyote-mini-gruppa\\\/\",\"name\":\"\u041b\u0443\u043a\u0441\u043e\u0440 \u043d\u0430 \u0441\u0430\u043c\u043e\u043b\u0451\u0442\u0435 (\u043c\u0438\u043d\u0438-\u0433\u0440\u0443\u043f\u043f\u0430) &#8226; \u042d\u043a\u0441\u043a\u0443\u0440\u0441\u0438\u0438 Skyline\",\"isPartOf\":{\"@id\":\"https:\\\/\\\/skyline-gs.com\\\/it\\\/#website\"},\"primaryImageOfPage\":{\"@id\":\"https:\\\/\\\/skyline-gs.com\\\/product\\\/luksor-na-samolyote-mini-gruppa\\\/#primaryimage\"},\"image\":{\"@id\":\"https:\\\/\\\/skyline-gs.com\\\/product\\\/luksor-na-samolyote-mini-gruppa\\\/#primaryimage\"},\"thumbnailUrl\":\"https:\\\/\\\/skyline-gs.com\\\/wp-content\\\/uploads\\\/2026\\\/01\\\/145-88.jpg\",\"datePublished\":\"2026-01-28T23:20:02+00:00\",\"dateModified\":\"2026-02-05T12:18:05+00:00\",\"breadcrumb\":{\"@id\":\"https:\\\/\\\/skyline-gs.com\\\/product\\\/luksor-na-samolyote-mini-gruppa\\\/#breadcrumb\"},\"inLanguage\":\"fr-FR\",\"potentialAction\":[{\"@type\":\"ReadAction\",\"target\":[\"https:\\\/\\\/skyline-gs.com\\\/product\\\/luksor-na-samolyote-mini-gruppa\\\/\"]}]},{\"@type\":\"ImageObject\",\"inLanguage\":\"fr-FR\",\"@id\":\"https:\\\/\\\/skyline-gs.com\\\/product\\\/luksor-na-samolyote-mini-gruppa\\\/#primaryimage\",\"url\":\"https:\\\/\\\/skyline-gs.com\\\/wp-content\\\/uploads\\\/2026\\\/01\\\/145-88.jpg\",\"contentUrl\":\"https:\\\/\\\/skyline-gs.com\\\/wp-content\\\/uploads\\\/2026\\\/01\\\/145-88.jpg\",\"width\":960,\"height\":640},{\"@type\":\"BreadcrumbList\",\"@id\":\"https:\\\/\\\/skyline-gs.com\\\/product\\\/luksor-na-samolyote-mini-gruppa\\\/#breadcrumb\",\"itemListElement\":[{\"@type\":\"ListItem\",\"position\":1,\"name\":\"\u0413\u043b\u0430\u0432\u043d\u0430\u044f \u0441\u0442\u0440\u0430\u043d\u0438\u0446\u0430\",\"item\":\"https:\\\/\\\/skyline-gs.com\\\/hu\\\/\"},{\"@type\":\"ListItem\",\"position\":2,\"name\":\"\u041c\u0430\u0433\u0430\u0437\u0438\u043d\",\"item\":\"https:\\\/\\\/skyline-gs.com\\\/cs\\\/shop\\\/\"},{\"@type\":\"ListItem\",\"position\":3,\"name\":\"\u041b\u0443\u043a\u0441\u043e\u0440 \u043d\u0430 \u0441\u0430\u043c\u043e\u043b\u0451\u0442\u0435 (\u043c\u0438\u043d\u0438-\u0433\u0440\u0443\u043f\u043f\u0430)\"}]},{\"@type\":\"WebSite\",\"@id\":\"https:\\\/\\\/skyline-gs.com\\\/it\\\/#website\",\"url\":\"https:\\\/\\\/skyline-gs.com\\\/it\\\/\",\"name\":\"\u042d\u043a\u0441\u043a\u0443\u0440\u0441\u0438\u0438 Skyline\",\"description\":\"\u042d\u043a\u0441\u043a\u043b\u044e\u0437\u0438\u0432\u043d\u044b\u0435 \u044d\u043a\u0441\u043a\u0443\u0440\u0441\u0438\u0438 \u043d\u0430 \u043b\u0443\u0447\u0448\u0438\u0445 \u043a\u0443\u0440\u043e\u0440\u0442\u0430\u0445 \u043c\u0438\u0440\u0430\",\"publisher\":{\"@id\":\"https:\\\/\\\/skyline-gs.com\\\/it\\\/#organization\"},\"alternateName\":\"Skyline\",\"potentialAction\":[{\"@type\":\"SearchAction\",\"target\":{\"@type\":\"EntryPoint\",\"urlTemplate\":\"https:\\\/\\\/skyline-gs.com\\\/it\\\/?s={search_term_string}\"},\"query-input\":{\"@type\":\"PropertyValueSpecification\",\"valueRequired\":true,\"valueName\":\"search_term_string\"}}],\"inLanguage\":\"fr-FR\"},{\"@type\":\"Organization\",\"@id\":\"https:\\\/\\\/skyline-gs.com\\\/it\\\/#organization\",\"name\":\"\u042d\u043a\u0441\u043a\u0443\u0440\u0441\u0438\u0438 Skyline\",\"alternateName\":\"\u042d\u043a\u0441\u043a\u0443\u0440\u0441\u0438\u0438 Skyline\",\"url\":\"https:\\\/\\\/skyline-gs.com\\\/it\\\/\",\"logo\":{\"@type\":\"ImageObject\",\"inLanguage\":\"fr-FR\",\"@id\":\"https:\\\/\\\/skyline-gs.com\\\/it\\\/#\\\/schema\\\/logo\\\/image\\\/\",\"url\":\"https:\\\/\\\/skyline-gs.com\\\/wp-content\\\/uploads\\\/2020\\\/12\\\/cropped-logo-2.png\",\"contentUrl\":\"https:\\\/\\\/skyline-gs.com\\\/wp-content\\\/uploads\\\/2020\\\/12\\\/cropped-logo-2.png\",\"width\":512,\"height\":512,\"caption\":\"\u042d\u043a\u0441\u043a\u0443\u0440\u0441\u0438\u0438 Skyline\"},\"image\":{\"@id\":\"https:\\\/\\\/skyline-gs.com\\\/it\\\/#\\\/schema\\\/logo\\\/image\\\/\"},\"sameAs\":[\"https:\\\/\\\/www.instagram.com\\\/skylineglobalservice\\\/\"]}]}<\/script>\n<!-- \/ Yoast SEO plugin. -->","yoast_head_json":{"title":"\u041b\u0443\u043a\u0441\u043e\u0440 \u043d\u0430 \u0441\u0430\u043c\u043e\u043b\u0451\u0442\u0435 (\u043c\u0438\u043d\u0438-\u0433\u0440\u0443\u043f\u043f\u0430) &#8226; \u042d\u043a\u0441\u043a\u0443\u0440\u0441\u0438\u0438 Skyline","robots":{"index":"index","follow":"follow","max-snippet":"max-snippet:-1","max-image-preview":"max-image-preview:large","max-video-preview":"max-video-preview:-1"},"canonical":"https:\/\/skyline-gs.com\/fr\/produit\/luksor-na-samolyote-mini-gruppa\/","og_locale":"fr_FR","og_type":"article","og_title":"\u041b\u0443\u043a\u0441\u043e\u0440 \u043d\u0430 \u0441\u0430\u043c\u043e\u043b\u0451\u0442\u0435 (\u043c\u0438\u043d\u0438-\u0433\u0440\u0443\u043f\u043f\u0430) &#8226; \u042d\u043a\u0441\u043a\u0443\u0440\u0441\u0438\u0438 Skyline","og_description":"\u0412\u0440\u0435\u043c\u044f \u0442\u0443\u0440\u0430: 3:00 \u2014 22:00  \u0414\u043d\u0438 \u043f\u0440\u043e\u0432\u0435\u0434\u0435\u043d\u0438\u044f: \u0421\u0443\u0431\u0431\u043e\u0442\u0430","og_url":"https:\/\/skyline-gs.com\/fr\/produit\/luksor-na-samolyote-mini-gruppa\/","og_site_name":"\u042d\u043a\u0441\u043a\u0443\u0440\u0441\u0438\u0438 Skyline","article_modified_time":"2026-02-05T12:18:05+00:00","og_image":[{"width":960,"height":640,"url":"https:\/\/skyline-gs.com\/wp-content\/uploads\/2026\/01\/145-88.jpg","type":"image\/jpeg"}],"twitter_card":"summary_large_image","twitter_misc":{"Dur\u00e9e de lecture estim\u00e9e":"2 minutes"},"schema":{"@context":"https:\/\/schema.org","@graph":[{"@type":"WebPage","@id":"https:\/\/skyline-gs.com\/product\/luksor-na-samolyote-mini-gruppa\/","url":"https:\/\/skyline-gs.com\/product\/luksor-na-samolyote-mini-gruppa\/","name":"\u041b\u0443\u043a\u0441\u043e\u0440 \u043d\u0430 \u0441\u0430\u043c\u043e\u043b\u0451\u0442\u0435 (\u043c\u0438\u043d\u0438-\u0433\u0440\u0443\u043f\u043f\u0430) &#8226; \u042d\u043a\u0441\u043a\u0443\u0440\u0441\u0438\u0438 Skyline","isPartOf":{"@id":"https:\/\/skyline-gs.com\/it\/#website"},"primaryImageOfPage":{"@id":"https:\/\/skyline-gs.com\/product\/luksor-na-samolyote-mini-gruppa\/#primaryimage"},"image":{"@id":"https:\/\/skyline-gs.com\/product\/luksor-na-samolyote-mini-gruppa\/#primaryimage"},"thumbnailUrl":"https:\/\/skyline-gs.com\/wp-content\/uploads\/2026\/01\/145-88.jpg","datePublished":"2026-01-28T23:20:02+00:00","dateModified":"2026-02-05T12:18:05+00:00","breadcrumb":{"@id":"https:\/\/skyline-gs.com\/product\/luksor-na-samolyote-mini-gruppa\/#breadcrumb"},"inLanguage":"fr-FR","potentialAction":[{"@type":"ReadAction","target":["https:\/\/skyline-gs.com\/product\/luksor-na-samolyote-mini-gruppa\/"]}]},{"@type":"ImageObject","inLanguage":"fr-FR","@id":"https:\/\/skyline-gs.com\/product\/luksor-na-samolyote-mini-gruppa\/#primaryimage","url":"https:\/\/skyline-gs.com\/wp-content\/uploads\/2026\/01\/145-88.jpg","contentUrl":"https:\/\/skyline-gs.com\/wp-content\/uploads\/2026\/01\/145-88.jpg","width":960,"height":640},{"@type":"BreadcrumbList","@id":"https:\/\/skyline-gs.com\/product\/luksor-na-samolyote-mini-gruppa\/#breadcrumb","itemListElement":[{"@type":"ListItem","position":1,"name":"\u0413\u043b\u0430\u0432\u043d\u0430\u044f \u0441\u0442\u0440\u0430\u043d\u0438\u0446\u0430","item":"https:\/\/skyline-gs.com\/hu\/"},{"@type":"ListItem","position":2,"name":"\u041c\u0430\u0433\u0430\u0437\u0438\u043d","item":"https:\/\/skyline-gs.com\/cs\/shop\/"},{"@type":"ListItem","position":3,"name":"\u041b\u0443\u043a\u0441\u043e\u0440 \u043d\u0430 \u0441\u0430\u043c\u043e\u043b\u0451\u0442\u0435 (\u043c\u0438\u043d\u0438-\u0433\u0440\u0443\u043f\u043f\u0430)"}]},{"@type":"WebSite","@id":"https:\/\/skyline-gs.com\/it\/#website","url":"https:\/\/skyline-gs.com\/it\/","name":"Excursions Skyline","description":"Excursions exclusives dans les meilleurs centres de vill\u00e9giature du monde","publisher":{"@id":"https:\/\/skyline-gs.com\/it\/#organization"},"alternateName":"Skyline","potentialAction":[{"@type":"SearchAction","target":{"@type":"EntryPoint","urlTemplate":"https:\/\/skyline-gs.com\/it\/?s={search_term_string}"},"query-input":{"@type":"PropertyValueSpecification","valueRequired":true,"valueName":"search_term_string"}}],"inLanguage":"fr-FR"},{"@type":"Organization","@id":"https:\/\/skyline-gs.com\/it\/#organization","name":"Excursions Skyline","alternateName":"\u042d\u043a\u0441\u043a\u0443\u0440\u0441\u0438\u0438 Skyline","url":"https:\/\/skyline-gs.com\/it\/","logo":{"@type":"ImageObject","inLanguage":"fr-FR","@id":"https:\/\/skyline-gs.com\/it\/#\/schema\/logo\/image\/","url":"https:\/\/skyline-gs.com\/wp-content\/uploads\/2020\/12\/cropped-logo-2.png","contentUrl":"https:\/\/skyline-gs.com\/wp-content\/uploads\/2020\/12\/cropped-logo-2.png","width":512,"height":512,"caption":"\u042d\u043a\u0441\u043a\u0443\u0440\u0441\u0438\u0438 Skyline"},"image":{"@id":"https:\/\/skyline-gs.com\/it\/#\/schema\/logo\/image\/"},"sameAs":["https:\/\/www.instagram.com\/skylineglobalservice\/"]}]}},"_links":{"self":[{"href":"https:\/\/skyline-gs.com\/fr\/wp-json\/wp\/v2\/product\/74612","targetHints":{"allow":["GET"]}}],"collection":[{"href":"https:\/\/skyline-gs.com\/fr\/wp-json\/wp\/v2\/product"}],"about":[{"href":"https:\/\/skyline-gs.com\/fr\/wp-json\/wp\/v2\/types\/product"}],"version-history":[{"count":0,"href":"https:\/\/skyline-gs.com\/fr\/wp-json\/wp\/v2\/product\/74612\/revisions"}],"wp:featuredmedia":[{"embeddable":true,"href":"https:\/\/skyline-gs.com\/fr\/wp-json\/wp\/v2\/media\/74613"}],"wp:attachment":[{"href":"https:\/\/skyline-gs.com\/fr\/wp-json\/wp\/v2\/media?parent=74612"}],"wp:term":[{"taxonomy":"product_brand","embeddable":true,"href":"https:\/\/skyline-gs.com\/fr\/wp-json\/wp\/v2\/product_brand?post=74612"},{"taxonomy":"product_cat","embeddable":true,"href":"https:\/\/skyline-gs.com\/fr\/wp-json\/wp\/v2\/product_cat?post=74612"},{"taxonomy":"product_tag","embeddable":true,"href":"https:\/\/skyline-gs.com\/fr\/wp-json\/wp\/v2\/product_tag?post=74612"}],"curies":[{"name":"wp","href":"https:\/\/api.w.org\/{rel}","templated":true}]}}