{"id":74575,"date":"2026-01-28T21:26:00","date_gmt":"2026-01-28T19:26:00","guid":{"rendered":"https:\/\/skyline-gs.com\/?post_type=product&#038;p=74575"},"modified":"2026-03-22T19:18:55","modified_gmt":"2026-03-22T17:18:55","slug":"kair-i-aleksandriya-2-dnya","status":"publish","type":"product","link":"https:\/\/skyline-gs.com\/fr\/product\/kair-i-aleksandriya-2-dnya\/","title":{"rendered":"Le Caire et Alexandrie 2 jours"},"content":{"rendered":"<p><strong>Jour 1<\/strong><\/p>\n<p>D\u00e9part de l'h\u00f4tel vers 13h00. Le trajet jusqu'au Caire dure environ 7 heures. L'excursion commence par un aper\u00e7u du Caire, la capitale de l'\u00c9gypte. Au cours de cette visite, vous r\u00e9aliserez et appr\u00e9cierez la splendeur et le contraste du Caire. Ensuite, vous visiterez le mus\u00e9e national \u00e9gyptien, dont les nombreuses salles contiennent plus de 150 000 objets datant du r\u00e8gne des grands pharaons. Apr\u00e8s la visite du mus\u00e9e, vous d\u00e9jeunerez au restaurant (buffet). Apr\u00e8s le d\u00e9jeuner, vous vous rendrez aux Grandes Pyramides et au Sphinx, situ\u00e9s \u00e0 Gizeh, dans la banlieue du Caire. \u00abTout a peur du temps, mais le temps a peur des pyramides\u00bb. Devant ces plus grandes structures de l'humanit\u00e9, vous vous rendrez compte de la v\u00e9racit\u00e9 de cette affirmation. Vous visiterez \u00e9galement une fabrique de papyrus et un mus\u00e9e des parfums aux odeurs envo\u00fbtantes. D\u00eener sur un bateau de croisi\u00e8re sur le Nil. Apr\u00e8s le d\u00eener, nous vous conduirons \u00e0 votre h\u00f4tel. Nuit \u00e0 l'h\u00f4tel.<\/p>\n<p><strong>Jour 2<\/strong><\/p>\n<p>Petit d\u00e9jeuner \u00e0 l'h\u00f4tel. D\u00e9but de la visite. Vous visiterez les lieux les plus c\u00e9l\u00e8bres d'Alexandrie. Vous verrez le Fort Kite Bay. Il est situ\u00e9 au-dessus du port oriental d'Alexandrie et est une forteresse avec des tours rondes et des meurtri\u00e8res surplombant la mer. Le fort a \u00e9t\u00e9 construit au XVe si\u00e8cle par le sultan Ashraf sur le site du phare d'Alexandrie, qui s'est effondr\u00e9 lors d'un tremblement de terre. Vous visiterez le parc de Montaza, o\u00f9 se trouvaient les r\u00e9sidences des rois \u00e9gyptiens. Ce magnifique parc d'environ 150 hectares est plant\u00e9 de palmiers dattiers, de pins m\u00e9diterran\u00e9ens et d'autres conif\u00e8res. Il y a de nombreux parterres de fleurs et des belv\u00e9d\u00e8res - Montaza est une destination de vacances populaire pour les touristes. Ensuite, visite de la citadelle de Kaithbey et de l'aquarium. D\u00e9jeuner dans un restaurant de poissons. Apr\u00e8s le d\u00e9jeuner, nous ferons un tour de la ville pour visiter l'amphith\u00e9\u00e2tre romain, la grande et belle mosqu\u00e9e Abu-el-Abbas et, bien s\u00fbr, la c\u00e9l\u00e8bre biblioth\u00e8que d'Alexandrie. Retour \u00e0 Hurghada. Vers 22h00, vous serez \u00e0 l'h\u00f4tel.<\/p>\n<p><strong>Inclus :<\/strong><\/p>\n<ul>\n<li>Transfert depuis et vers l'h\u00f4tel<\/li>\n<li>Tous les transferts pr\u00e9vus au programme en autocar confortable et climatis\u00e9<\/li>\n<li>Guide de l'\u00e9gyptologue russophone ;<\/li>\n<li>H\u00e9bergement 1 nuit dans un h\u00f4tel avec petit d\u00e9jeuner ;<\/li>\n<li>Les droits d'entr\u00e9e \u00e0 toutes les attractions mentionn\u00e9es dans le programme ;<\/li>\n<li>Repas : Jour 1 : d\u00e9jeuner, d\u00eener ; Jour 2 : petit-d\u00e9jeuner, d\u00e9jeuner.<\/li>\n<\/ul>\n<p><strong>Non inclus :<\/strong><\/p>\n<ul>\n<li>Boissons au restaurant ;<\/li>\n<li>Frais suppl\u00e9mentaires non inclus dans le programme ;<\/li>\n<li>Une promenade le long du Nil ;<\/li>\n<li>Billet d'entr\u00e9e au mus\u00e9e de la tour solaire des pyramides de Gizeh ;<\/li>\n<li>Billet d'entr\u00e9e pour les salles des momies du mus\u00e9e \u00e9gyptien ;<\/li>\n<li>Un ticket pour l'appareil photo du mus\u00e9e \u00e9gyptien ;<\/li>\n<li>Billet pour la cam\u00e9ra vid\u00e9o au mus\u00e9e \u00e9gyptien ;<\/li>\n<li>Voir l'int\u00e9rieur de la pyramide.<\/li>\n<\/ul>\n<p><strong>Pay\u00e9 s\u00e9par\u00e9ment :<\/strong><\/p>\n<ul>\n<li>\u0414\u043e\u043f\u043b\u0430\u0442\u0430 \u0437\u0430 \u043e\u0434\u043d\u043e\u043c\u0435\u0441\u0442\u043d\u043e\u0435 \u0440\u0430\u0437\u043c\u0435\u0449\u0435\u043d\u0438\u0435 \u0432 \u043e\u0442\u0435\u043b\u0435 +10$<\/li>\n<li>Les transferts depuis les h\u00f4tels de Sahl Hasheesh et de Makadi Bay sont de 5 $ par personne aller-retour ;<\/li>\n<li>Transfert de Soma Bay, Safaga country hotels - 20$ par voiture (jusqu'\u00e0 4 personnes) aller-retour.<\/li>\n<\/ul>\n<p><strong>Emportez-le avec vous :<\/strong><\/p>\n<ul>\n<li>Passeport ;<\/li>\n<li>Chaussures et v\u00eatements confortables ;<\/li>\n<li>Une veste, en cas de pluie ou de soir\u00e9es fra\u00eeches ;<\/li>\n<li>Mat\u00e9riel photo-vid\u00e9o. Chargez vos appareils \u00e0 l'avance ;<\/li>\n<li>Changez votre argent en petites coupures. Vous pourrez les utiliser pour acheter des souvenirs et donner un pourboire aux gardes forestiers ;<\/li>\n<li>Collation matinale (\u00e0 la r\u00e9ception de l'h\u00f4tel, expliquez que vous partez t\u00f4t le matin pour une excursion et que vous avez besoin de pr\u00e9parer une bo\u00eete \u00e0 lunch, les h\u00f4tels fourniront ce service gratuitement) ;<\/li>\n<li>Lunettes de soleil et panama, cr\u00e8me solaire ;<\/li>\n<li>Produits d'hygi\u00e8ne personnelle, trousse de secours personnelle ;<\/li>\n<li>Gel d\u00e9sinfectant pour les mains.<\/li>\n<\/ul>","protected":false},"excerpt":{"rendered":"<p><strong>Temps du Tour:<\/strong> 2 jours<\/p>\n<p><strong>Jours de D\u00e9roulement:<\/strong> Mardi<\/p>","protected":false},"featured_media":74578,"template":"","meta":{"_kad_post_transparent":"default","_kad_post_title":"","_kad_post_layout":"default","_kad_post_sidebar_id":"","_kad_post_content_style":"default","_kad_post_vertical_padding":"default","_kad_post_feature":"","_kad_post_feature_position":"","_kad_post_header":false,"_kad_post_footer":false,"_kad_post_classname":"","_glsr_average":0,"_glsr_ranking":0,"_glsr_reviews":0},"product_brand":[],"product_cat":[479],"product_tag":[],"class_list":{"0":"post-74575","1":"product","2":"type-product","3":"status-publish","4":"has-post-thumbnail","6":"product_cat-hurghadatours","7":"tm-has-options","9":"first","10":"instock","11":"sale","12":"sold-individually","13":"taxable","14":"shipping-taxable","15":"purchasable","16":"product-type-simple","17":"entry","18":"content-bg","19":"loop-entry"},"yoast_head":"<!-- This site is optimized with the Yoast SEO plugin v27.3 - https:\/\/yoast.com\/product\/yoast-seo-wordpress\/ -->\n<title>\u041a\u0430\u0438\u0440 \u0438 \u0410\u043b\u0435\u043a\u0441\u0430\u043d\u0434\u0440\u0438\u044f 2 \u0434\u043d\u044f &#8226; \u042d\u043a\u0441\u043a\u0443\u0440\u0441\u0438\u0438 Skyline<\/title>\n<meta name=\"robots\" content=\"index, follow, max-snippet:-1, max-image-preview:large, max-video-preview:-1\" \/>\n<link rel=\"canonical\" href=\"https:\/\/skyline-gs.com\/fr\/produit\/kair-i-aleksandriya-2-dnya\/\" \/>\n<meta property=\"og:locale\" content=\"fr_FR\" \/>\n<meta property=\"og:type\" content=\"article\" \/>\n<meta property=\"og:title\" content=\"\u041a\u0430\u0438\u0440 \u0438 \u0410\u043b\u0435\u043a\u0441\u0430\u043d\u0434\u0440\u0438\u044f 2 \u0434\u043d\u044f &#8226; \u042d\u043a\u0441\u043a\u0443\u0440\u0441\u0438\u0438 Skyline\" \/>\n<meta property=\"og:description\" content=\"\u0412\u0440\u0435\u043c\u044f \u0442\u0443\u0440\u0430: 2 \u0434\u043d\u044f  \u0414\u043d\u0438 \u043f\u0440\u043e\u0432\u0435\u0434\u0435\u043d\u0438\u044f: \u0412\u0442\u043e\u0440\u043d\u0438\u043a\" \/>\n<meta property=\"og:url\" content=\"https:\/\/skyline-gs.com\/fr\/produit\/kair-i-aleksandriya-2-dnya\/\" \/>\n<meta property=\"og:site_name\" content=\"\u042d\u043a\u0441\u043a\u0443\u0440\u0441\u0438\u0438 Skyline\" \/>\n<meta property=\"article:modified_time\" content=\"2026-03-22T17:18:55+00:00\" \/>\n<meta property=\"og:image\" content=\"https:\/\/skyline-gs.com\/wp-content\/uploads\/2026\/01\/92.jpg\" \/>\n\t<meta property=\"og:image:width\" content=\"669\" \/>\n\t<meta property=\"og:image:height\" content=\"446\" \/>\n\t<meta property=\"og:image:type\" content=\"image\/jpeg\" \/>\n<meta name=\"twitter:card\" content=\"summary_large_image\" \/>\n<meta name=\"twitter:label1\" content=\"Dur\u00e9e de lecture estim\u00e9e\" \/>\n\t<meta name=\"twitter:data1\" content=\"3 minutes\" \/>\n<script type=\"application\/ld+json\" class=\"yoast-schema-graph\">{\"@context\":\"https:\\\/\\\/schema.org\",\"@graph\":[{\"@type\":\"WebPage\",\"@id\":\"https:\\\/\\\/skyline-gs.com\\\/product\\\/kair-i-aleksandriya-2-dnya\\\/\",\"url\":\"https:\\\/\\\/skyline-gs.com\\\/product\\\/kair-i-aleksandriya-2-dnya\\\/\",\"name\":\"\u041a\u0430\u0438\u0440 \u0438 \u0410\u043b\u0435\u043a\u0441\u0430\u043d\u0434\u0440\u0438\u044f 2 \u0434\u043d\u044f &#8226; \u042d\u043a\u0441\u043a\u0443\u0440\u0441\u0438\u0438 Skyline\",\"isPartOf\":{\"@id\":\"https:\\\/\\\/skyline-gs.com\\\/it\\\/#website\"},\"primaryImageOfPage\":{\"@id\":\"https:\\\/\\\/skyline-gs.com\\\/product\\\/kair-i-aleksandriya-2-dnya\\\/#primaryimage\"},\"image\":{\"@id\":\"https:\\\/\\\/skyline-gs.com\\\/product\\\/kair-i-aleksandriya-2-dnya\\\/#primaryimage\"},\"thumbnailUrl\":\"https:\\\/\\\/skyline-gs.com\\\/wp-content\\\/uploads\\\/2026\\\/01\\\/92.jpg\",\"datePublished\":\"2026-01-28T19:26:00+00:00\",\"dateModified\":\"2026-03-22T17:18:55+00:00\",\"breadcrumb\":{\"@id\":\"https:\\\/\\\/skyline-gs.com\\\/product\\\/kair-i-aleksandriya-2-dnya\\\/#breadcrumb\"},\"inLanguage\":\"fr-FR\",\"potentialAction\":[{\"@type\":\"ReadAction\",\"target\":[\"https:\\\/\\\/skyline-gs.com\\\/product\\\/kair-i-aleksandriya-2-dnya\\\/\"]}]},{\"@type\":\"ImageObject\",\"inLanguage\":\"fr-FR\",\"@id\":\"https:\\\/\\\/skyline-gs.com\\\/product\\\/kair-i-aleksandriya-2-dnya\\\/#primaryimage\",\"url\":\"https:\\\/\\\/skyline-gs.com\\\/wp-content\\\/uploads\\\/2026\\\/01\\\/92.jpg\",\"contentUrl\":\"https:\\\/\\\/skyline-gs.com\\\/wp-content\\\/uploads\\\/2026\\\/01\\\/92.jpg\",\"width\":669,\"height\":446},{\"@type\":\"BreadcrumbList\",\"@id\":\"https:\\\/\\\/skyline-gs.com\\\/product\\\/kair-i-aleksandriya-2-dnya\\\/#breadcrumb\",\"itemListElement\":[{\"@type\":\"ListItem\",\"position\":1,\"name\":\"\u0413\u043b\u0430\u0432\u043d\u0430\u044f \u0441\u0442\u0440\u0430\u043d\u0438\u0446\u0430\",\"item\":\"https:\\\/\\\/skyline-gs.com\\\/hu\\\/\"},{\"@type\":\"ListItem\",\"position\":2,\"name\":\"\u041c\u0430\u0433\u0430\u0437\u0438\u043d\",\"item\":\"https:\\\/\\\/skyline-gs.com\\\/cs\\\/shop\\\/\"},{\"@type\":\"ListItem\",\"position\":3,\"name\":\"\u041a\u0430\u0438\u0440 \u0438 \u0410\u043b\u0435\u043a\u0441\u0430\u043d\u0434\u0440\u0438\u044f 2 \u0434\u043d\u044f\"}]},{\"@type\":\"WebSite\",\"@id\":\"https:\\\/\\\/skyline-gs.com\\\/it\\\/#website\",\"url\":\"https:\\\/\\\/skyline-gs.com\\\/it\\\/\",\"name\":\"\u042d\u043a\u0441\u043a\u0443\u0440\u0441\u0438\u0438 Skyline\",\"description\":\"\u042d\u043a\u0441\u043a\u043b\u044e\u0437\u0438\u0432\u043d\u044b\u0435 \u044d\u043a\u0441\u043a\u0443\u0440\u0441\u0438\u0438 \u043d\u0430 \u043b\u0443\u0447\u0448\u0438\u0445 \u043a\u0443\u0440\u043e\u0440\u0442\u0430\u0445 \u043c\u0438\u0440\u0430\",\"publisher\":{\"@id\":\"https:\\\/\\\/skyline-gs.com\\\/it\\\/#organization\"},\"alternateName\":\"Skyline\",\"potentialAction\":[{\"@type\":\"SearchAction\",\"target\":{\"@type\":\"EntryPoint\",\"urlTemplate\":\"https:\\\/\\\/skyline-gs.com\\\/it\\\/?s={search_term_string}\"},\"query-input\":{\"@type\":\"PropertyValueSpecification\",\"valueRequired\":true,\"valueName\":\"search_term_string\"}}],\"inLanguage\":\"fr-FR\"},{\"@type\":\"Organization\",\"@id\":\"https:\\\/\\\/skyline-gs.com\\\/it\\\/#organization\",\"name\":\"\u042d\u043a\u0441\u043a\u0443\u0440\u0441\u0438\u0438 Skyline\",\"alternateName\":\"\u042d\u043a\u0441\u043a\u0443\u0440\u0441\u0438\u0438 Skyline\",\"url\":\"https:\\\/\\\/skyline-gs.com\\\/it\\\/\",\"logo\":{\"@type\":\"ImageObject\",\"inLanguage\":\"fr-FR\",\"@id\":\"https:\\\/\\\/skyline-gs.com\\\/it\\\/#\\\/schema\\\/logo\\\/image\\\/\",\"url\":\"https:\\\/\\\/skyline-gs.com\\\/wp-content\\\/uploads\\\/2020\\\/12\\\/cropped-logo-2.png\",\"contentUrl\":\"https:\\\/\\\/skyline-gs.com\\\/wp-content\\\/uploads\\\/2020\\\/12\\\/cropped-logo-2.png\",\"width\":512,\"height\":512,\"caption\":\"\u042d\u043a\u0441\u043a\u0443\u0440\u0441\u0438\u0438 Skyline\"},\"image\":{\"@id\":\"https:\\\/\\\/skyline-gs.com\\\/it\\\/#\\\/schema\\\/logo\\\/image\\\/\"},\"sameAs\":[\"https:\\\/\\\/www.instagram.com\\\/skylineglobalservice\\\/\"]}]}<\/script>\n<!-- \/ Yoast SEO plugin. -->","yoast_head_json":{"title":"Le Caire et Alexandrie 2 jours - Skyline Excursions","robots":{"index":"index","follow":"follow","max-snippet":"max-snippet:-1","max-image-preview":"max-image-preview:large","max-video-preview":"max-video-preview:-1"},"canonical":"https:\/\/skyline-gs.com\/fr\/produit\/kair-i-aleksandriya-2-dnya\/","og_locale":"fr_FR","og_type":"article","og_title":"\u041a\u0430\u0438\u0440 \u0438 \u0410\u043b\u0435\u043a\u0441\u0430\u043d\u0434\u0440\u0438\u044f 2 \u0434\u043d\u044f &#8226; \u042d\u043a\u0441\u043a\u0443\u0440\u0441\u0438\u0438 Skyline","og_description":"\u0412\u0440\u0435\u043c\u044f \u0442\u0443\u0440\u0430: 2 \u0434\u043d\u044f  \u0414\u043d\u0438 \u043f\u0440\u043e\u0432\u0435\u0434\u0435\u043d\u0438\u044f: \u0412\u0442\u043e\u0440\u043d\u0438\u043a","og_url":"https:\/\/skyline-gs.com\/fr\/produit\/kair-i-aleksandriya-2-dnya\/","og_site_name":"\u042d\u043a\u0441\u043a\u0443\u0440\u0441\u0438\u0438 Skyline","article_modified_time":"2026-03-22T17:18:55+00:00","og_image":[{"width":669,"height":446,"url":"https:\/\/skyline-gs.com\/wp-content\/uploads\/2026\/01\/92.jpg","type":"image\/jpeg"}],"twitter_card":"summary_large_image","twitter_misc":{"Dur\u00e9e de lecture estim\u00e9e":"3 minutes"},"schema":{"@context":"https:\/\/schema.org","@graph":[{"@type":"WebPage","@id":"https:\/\/skyline-gs.com\/product\/kair-i-aleksandriya-2-dnya\/","url":"https:\/\/skyline-gs.com\/product\/kair-i-aleksandriya-2-dnya\/","name":"Le Caire et Alexandrie 2 jours - Skyline Excursions","isPartOf":{"@id":"https:\/\/skyline-gs.com\/it\/#website"},"primaryImageOfPage":{"@id":"https:\/\/skyline-gs.com\/product\/kair-i-aleksandriya-2-dnya\/#primaryimage"},"image":{"@id":"https:\/\/skyline-gs.com\/product\/kair-i-aleksandriya-2-dnya\/#primaryimage"},"thumbnailUrl":"https:\/\/skyline-gs.com\/wp-content\/uploads\/2026\/01\/92.jpg","datePublished":"2026-01-28T19:26:00+00:00","dateModified":"2026-03-22T17:18:55+00:00","breadcrumb":{"@id":"https:\/\/skyline-gs.com\/product\/kair-i-aleksandriya-2-dnya\/#breadcrumb"},"inLanguage":"fr-FR","potentialAction":[{"@type":"ReadAction","target":["https:\/\/skyline-gs.com\/product\/kair-i-aleksandriya-2-dnya\/"]}]},{"@type":"ImageObject","inLanguage":"fr-FR","@id":"https:\/\/skyline-gs.com\/product\/kair-i-aleksandriya-2-dnya\/#primaryimage","url":"https:\/\/skyline-gs.com\/wp-content\/uploads\/2026\/01\/92.jpg","contentUrl":"https:\/\/skyline-gs.com\/wp-content\/uploads\/2026\/01\/92.jpg","width":669,"height":446},{"@type":"BreadcrumbList","@id":"https:\/\/skyline-gs.com\/product\/kair-i-aleksandriya-2-dnya\/#breadcrumb","itemListElement":[{"@type":"ListItem","position":1,"name":"\u0413\u043b\u0430\u0432\u043d\u0430\u044f \u0441\u0442\u0440\u0430\u043d\u0438\u0446\u0430","item":"https:\/\/skyline-gs.com\/hu\/"},{"@type":"ListItem","position":2,"name":"\u041c\u0430\u0433\u0430\u0437\u0438\u043d","item":"https:\/\/skyline-gs.com\/cs\/shop\/"},{"@type":"ListItem","position":3,"name":"\u041a\u0430\u0438\u0440 \u0438 \u0410\u043b\u0435\u043a\u0441\u0430\u043d\u0434\u0440\u0438\u044f 2 \u0434\u043d\u044f"}]},{"@type":"WebSite","@id":"https:\/\/skyline-gs.com\/it\/#website","url":"https:\/\/skyline-gs.com\/it\/","name":"Excursions Skyline","description":"Excursions exclusives dans les meilleurs centres de vill\u00e9giature du monde","publisher":{"@id":"https:\/\/skyline-gs.com\/it\/#organization"},"alternateName":"Skyline","potentialAction":[{"@type":"SearchAction","target":{"@type":"EntryPoint","urlTemplate":"https:\/\/skyline-gs.com\/it\/?s={search_term_string}"},"query-input":{"@type":"PropertyValueSpecification","valueRequired":true,"valueName":"search_term_string"}}],"inLanguage":"fr-FR"},{"@type":"Organization","@id":"https:\/\/skyline-gs.com\/it\/#organization","name":"Excursions Skyline","alternateName":"\u042d\u043a\u0441\u043a\u0443\u0440\u0441\u0438\u0438 Skyline","url":"https:\/\/skyline-gs.com\/it\/","logo":{"@type":"ImageObject","inLanguage":"fr-FR","@id":"https:\/\/skyline-gs.com\/it\/#\/schema\/logo\/image\/","url":"https:\/\/skyline-gs.com\/wp-content\/uploads\/2020\/12\/cropped-logo-2.png","contentUrl":"https:\/\/skyline-gs.com\/wp-content\/uploads\/2020\/12\/cropped-logo-2.png","width":512,"height":512,"caption":"\u042d\u043a\u0441\u043a\u0443\u0440\u0441\u0438\u0438 Skyline"},"image":{"@id":"https:\/\/skyline-gs.com\/it\/#\/schema\/logo\/image\/"},"sameAs":["https:\/\/www.instagram.com\/skylineglobalservice\/"]}]}},"_links":{"self":[{"href":"https:\/\/skyline-gs.com\/fr\/wp-json\/wp\/v2\/product\/74575","targetHints":{"allow":["GET"]}}],"collection":[{"href":"https:\/\/skyline-gs.com\/fr\/wp-json\/wp\/v2\/product"}],"about":[{"href":"https:\/\/skyline-gs.com\/fr\/wp-json\/wp\/v2\/types\/product"}],"version-history":[{"count":0,"href":"https:\/\/skyline-gs.com\/fr\/wp-json\/wp\/v2\/product\/74575\/revisions"}],"wp:featuredmedia":[{"embeddable":true,"href":"https:\/\/skyline-gs.com\/fr\/wp-json\/wp\/v2\/media\/74578"}],"wp:attachment":[{"href":"https:\/\/skyline-gs.com\/fr\/wp-json\/wp\/v2\/media?parent=74575"}],"wp:term":[{"taxonomy":"product_brand","embeddable":true,"href":"https:\/\/skyline-gs.com\/fr\/wp-json\/wp\/v2\/product_brand?post=74575"},{"taxonomy":"product_cat","embeddable":true,"href":"https:\/\/skyline-gs.com\/fr\/wp-json\/wp\/v2\/product_cat?post=74575"},{"taxonomy":"product_tag","embeddable":true,"href":"https:\/\/skyline-gs.com\/fr\/wp-json\/wp\/v2\/product_tag?post=74575"}],"curies":[{"name":"wp","href":"https:\/\/api.w.org\/{rel}","templated":true}]}}