{"id":72541,"date":"2025-12-05T00:41:51","date_gmt":"2025-12-04T22:41:51","guid":{"rendered":"http:\/\/skyline-gs.com\/?post_type=product&#038;p=72541"},"modified":"2025-12-05T01:43:59","modified_gmt":"2025-12-04T23:43:59","slug":"circuit-du-triangle-dor","status":"publish","type":"product","link":"https:\/\/skyline-gs.com\/fr\/product\/golden-triangle-tour\/","title":{"rendered":"Triangle d'or"},"content":{"rendered":"<p>Nous vous invitons \u00e0 un voyage inoubliable dans le nord de la Tha\u00eflande - vous visiterez le c\u00e9l\u00e8bre point de convergence des fronti\u00e8res de trois pays : la Tha\u00eflande, le Myanmar et le Laos. Vous verrez des paysages naturels spectaculaires, des sites historiques et culturels, vous vous immergerez dans l'atmosph\u00e8re du nord de la Tha\u00eflande et vous en apprendrez beaucoup sur le pass\u00e9 de cette r\u00e9gion.<\/p>\n<p><strong>programme<\/strong><\/p>\n<ul>\n<li><strong>D\u00e9part anticip\u00e9 de Chiang Mai \/ Chiang Rai<\/strong><br \/>\nT\u00f4t le matin, vous partez pour un voyage vers les fronti\u00e8res septentrionales du pays. Transport confortable, air conditionn\u00e9, guide russophone exp\u00e9riment\u00e9 - tout pour un voyage confortable.<\/li>\n<li><strong>Arr\u00eat 1. Temple blanc Wat Rong Khun (Chiang Rai)<\/strong><br \/>\nL'un des temples les plus c\u00e9l\u00e8bres de Tha\u00eflande est un symbole de puret\u00e9, de spiritualit\u00e9 et d'art moderne.<br \/>\nVous verrez :<br \/>\nle c\u00e9l\u00e8bre \u00abpont de la renaissance\u00bb<br \/>\n\u2714 miroirs blancs<br \/>\nGalerie d'art bouddhiste<br \/>\nCet endroit impressionne absolument tout le monde, des enfants aux voyageurs chevronn\u00e9s.<\/li>\n<li><strong>Arr\u00eat 2. Temple bleu Wat Rong Sua Ten<\/strong><br \/>\nLe temple est d'un bleu \u00e9clatant avec des d\u00e9tails dor\u00e9s. Il est contrast\u00e9, incroyablement beau et photog\u00e9nique.<br \/>\nUn hall spacieux unique avec une \u00e9norme statue de Bouddha et des lignes architecturales fluides.<\/li>\n<li><strong>Arr\u00eat 3. Temple de l'artiste noir (mus\u00e9e Baandam)<\/strong><br \/>\nUn complexe mus\u00e9al compos\u00e9 de plus de 40 structures en bois.<br \/>\nC'est un m\u00e9lange de mysticisme, d'art, d'histoire et d'ethnographie.<br \/>\nL'auteur est l'artiste tha\u00eflandais Tawan Duchany.<br \/>\nVous verrez :<br \/>\n\u2714 collections de masques, de cr\u00e2nes, d'outils<br \/>\n\u2714 int\u00e9rieurs inhabituels de style nordique<br \/>\nl'atmosph\u00e8re de la modernit\u00e9 tha\u00eflandaise<br \/>\nVers le triangle d'or<br \/>\nLe paysage devient plus montagneux, avec des vues sur la vall\u00e9e du M\u00e9kong, les rizi\u00e8res et les petits villages.<\/li>\n<li><strong>Arr\u00eat 4. Le Triangle d'Or, point de rencontre des trois nations<\/strong><br \/>\nC'est le c\u0153ur du voyage.<br \/>\nVous visiterez le pont d'observation d'o\u00f9 vous pourrez admirer la vue :<br \/>\n\u2714 Tha\u00eflande<br \/>\n\u2714 Myanmar<br \/>\n\u2714 Laos<br \/>\nDeux fleuves importants, le M\u00e9kong et le Ruak, qui s\u00e9parent les trois \u00c9tats, passent par l\u00e0.<\/li>\n<li><strong>Arr\u00eat 5. Mus\u00e9e de la maison de l'opium (Mus\u00e9e de la maison de l'opium)<\/strong><br \/>\nLa r\u00e9gion du Triangle d'Or \u00e9tait le plus grand centre de production d'opium au monde.<br \/>\nAu mus\u00e9e, vous apprendrez :<br \/>\nL'histoire de la piste d'or\u00ab<br \/>\n\u2714 Les traditions tribales montagnardes<br \/>\nl'\u00e9conomie de l'\u00e2ge d'or\u00ab<br \/>\nles r\u00f4les de la mafia et des commer\u00e7ants chinois<br \/>\nL'exposition est con\u00e7ue de mani\u00e8re attrayante et interactive.<br \/>\nActivit\u00e9 optionnelle (facultative) : Excursion en bateau sur le M\u00e9kong<br \/>\nVous pouvez faire une excursion en bateau le long des fronti\u00e8res du Laos et du Myanmar.<br \/>\nC'est : de belles photos<br \/>\nsens de l'espace frontalier<br \/>\nun visa pour trois \u00c9tats en m\u00eame temps<br \/>\nPay\u00e9 s\u00e9par\u00e9ment.<\/li>\n<li><strong>Arr\u00eat 6. D\u00e9jeuner dans un restaurant surplombant le M\u00e9kong<\/strong><br \/>\nD\u00e9jeuner buffet tha\u00eflandais ou repas fixe.<br \/>\nUne vue magnifique + une d\u00e9licieuse cuisine nordique = la pause parfaite au milieu d'une journ\u00e9e bien remplie.<br \/>\nArr\u00eat 7. Sources d'eau chaude de Mae Kachan (en fonction du programme)<br \/>\nVacances, bains de pieds, souvenirs, espace naturel entre les montagnes.<br \/>\nRetour \u00e0 l'h\u00f4tel<br \/>\nApr\u00e8s une journ\u00e9e bien remplie, le groupe repart pour Chiang Mai \/ Chiang Rai.<br \/>\nArriv\u00e9e pr\u00e9vue dans la soir\u00e9e.<\/li>\n<\/ul>\n<p><strong>Inclus :<\/strong><\/p>\n<ul>\n<li>Transfert vers et depuis le programme<\/li>\n<li>Guide parlant russe<\/li>\n<li>Tous les billets d'entr\u00e9e le long de l'itin\u00e9raire<\/li>\n<li>D\u00e9jeuner<\/li>\n<li>Assurance<\/li>\n<\/ul>\n<p><strong>Emportez-le avec vous :<\/strong><\/p>\n<ul>\n<li>Chaussures confortables<\/li>\n<li>Coiffure<\/li>\n<li>Cr\u00e8me solaire et eau<\/li>\n<li>Appareil photo\/t\u00e9l\u00e9phone - il y aura beaucoup d'endroits magnifiques<\/li>\n<li>Plaid\/veste - il fait frais dans les montagnes le matin<\/li>\n<li>Passeport ou copie<\/li>\n<li>Argent pour les d\u00e9penses personnelles<\/li>\n<\/ul>\n<p><strong>Informations compl\u00e9mentaires :<\/strong><\/p>\n<ul>\n<li>L'excursion est longue (une journ\u00e9e enti\u00e8re), mais confortable - elle convient aux adultes, aux enfants et aux touristes, quel que soit leur niveau de forme physique.<\/li>\n<li>Le temps dans le nord est changeant - il est pr\u00e9f\u00e9rable d'apporter une veste l\u00e9g\u00e8re.<\/li>\n<li>L'itin\u00e9raire peut \u00eatre modifi\u00e9 en fonction des conditions m\u00e9t\u00e9orologiques ou de la disponibilit\u00e9 des lieux.<\/li>\n<\/ul>","protected":false},"excerpt":{"rendered":"<p><strong>Temps du Tour:<\/strong> 2 jours<br \/>\n<strong>Jours de D\u00e9roulement:<\/strong> Chaque jour<\/p>","protected":false},"featured_media":72559,"template":"","meta":{"_kad_post_transparent":"default","_kad_post_title":"","_kad_post_layout":"default","_kad_post_sidebar_id":"","_kad_post_content_style":"default","_kad_post_vertical_padding":"default","_kad_post_feature":"","_kad_post_feature_position":"","_kad_post_header":false,"_kad_post_footer":false,"_kad_post_classname":"","_glsr_average":0,"_glsr_ranking":0,"_glsr_reviews":0},"product_brand":[],"product_cat":[508],"product_tag":[],"class_list":{"0":"post-72541","1":"product","2":"type-product","3":"status-publish","4":"has-post-thumbnail","6":"product_cat-samui","7":"tm-has-options","9":"first","10":"instock","11":"sold-individually","12":"taxable","13":"shipping-taxable","14":"purchasable","15":"product-type-simple","16":"entry","17":"content-bg","18":"loop-entry"},"yoast_head":"<!-- This site is optimized with the Yoast SEO plugin v27.3 - https:\/\/yoast.com\/product\/yoast-seo-wordpress\/ -->\n<title>\u0417\u043e\u043b\u043e\u0442\u043e\u0439 \u0442\u0440\u0435\u0443\u0433\u043e\u043b\u044c\u043d\u0438\u043a &#8226; \u042d\u043a\u0441\u043a\u0443\u0440\u0441\u0438\u0438 Skyline<\/title>\n<meta name=\"robots\" content=\"index, follow, max-snippet:-1, max-image-preview:large, max-video-preview:-1\" \/>\n<link rel=\"canonical\" href=\"https:\/\/skyline-gs.com\/fr\/produit\/circuit-du-triangle-dor\/\" \/>\n<meta property=\"og:locale\" content=\"fr_FR\" \/>\n<meta property=\"og:type\" content=\"article\" \/>\n<meta property=\"og:title\" content=\"\u0417\u043e\u043b\u043e\u0442\u043e\u0439 \u0442\u0440\u0435\u0443\u0433\u043e\u043b\u044c\u043d\u0438\u043a &#8226; \u042d\u043a\u0441\u043a\u0443\u0440\u0441\u0438\u0438 Skyline\" \/>\n<meta property=\"og:description\" content=\"\u0412\u0440\u0435\u043c\u044f \u0442\u0443\u0440\u0430: 2 \u0434\u043d\u044f \u0414\u043d\u0438 \u043f\u0440\u043e\u0432\u0435\u0434\u0435\u043d\u0438\u044f: \u0435\u0436\u0435\u0434\u043d\u0435\u0432\u043d\u043e\" \/>\n<meta property=\"og:url\" content=\"https:\/\/skyline-gs.com\/fr\/produit\/circuit-du-triangle-dor\/\" \/>\n<meta property=\"og:site_name\" content=\"\u042d\u043a\u0441\u043a\u0443\u0440\u0441\u0438\u0438 Skyline\" \/>\n<meta property=\"article:modified_time\" content=\"2025-12-04T23:43:59+00:00\" \/>\n<meta property=\"og:image\" content=\"https:\/\/skyline-gs.com\/wp-content\/uploads\/2025\/12\/golden-triangle-1.jpg\" \/>\n\t<meta property=\"og:image:width\" content=\"1080\" \/>\n\t<meta property=\"og:image:height\" content=\"720\" \/>\n\t<meta property=\"og:image:type\" content=\"image\/jpeg\" \/>\n<meta name=\"twitter:card\" content=\"summary_large_image\" \/>\n<meta name=\"twitter:label1\" content=\"Dur\u00e9e de lecture estim\u00e9e\" \/>\n\t<meta name=\"twitter:data1\" content=\"3 minutes\" \/>\n<script type=\"application\/ld+json\" class=\"yoast-schema-graph\">{\"@context\":\"https:\\\/\\\/schema.org\",\"@graph\":[{\"@type\":\"WebPage\",\"@id\":\"https:\\\/\\\/skyline-gs.com\\\/de\\\/produkt\\\/golden-triangle-tour\\\/\",\"url\":\"https:\\\/\\\/skyline-gs.com\\\/de\\\/produkt\\\/golden-triangle-tour\\\/\",\"name\":\"\u0417\u043e\u043b\u043e\u0442\u043e\u0439 \u0442\u0440\u0435\u0443\u0433\u043e\u043b\u044c\u043d\u0438\u043a &#8226; \u042d\u043a\u0441\u043a\u0443\u0440\u0441\u0438\u0438 Skyline\",\"isPartOf\":{\"@id\":\"https:\\\/\\\/skyline-gs.com\\\/it\\\/#website\"},\"primaryImageOfPage\":{\"@id\":\"https:\\\/\\\/skyline-gs.com\\\/de\\\/produkt\\\/golden-triangle-tour\\\/#primaryimage\"},\"image\":{\"@id\":\"https:\\\/\\\/skyline-gs.com\\\/de\\\/produkt\\\/golden-triangle-tour\\\/#primaryimage\"},\"thumbnailUrl\":\"https:\\\/\\\/skyline-gs.com\\\/wp-content\\\/uploads\\\/2025\\\/12\\\/golden-triangle-1.jpg\",\"datePublished\":\"2025-12-04T22:41:51+00:00\",\"dateModified\":\"2025-12-04T23:43:59+00:00\",\"breadcrumb\":{\"@id\":\"https:\\\/\\\/skyline-gs.com\\\/de\\\/produkt\\\/golden-triangle-tour\\\/#breadcrumb\"},\"inLanguage\":\"fr-FR\",\"potentialAction\":[{\"@type\":\"ReadAction\",\"target\":[\"https:\\\/\\\/skyline-gs.com\\\/de\\\/produkt\\\/golden-triangle-tour\\\/\"]}]},{\"@type\":\"ImageObject\",\"inLanguage\":\"fr-FR\",\"@id\":\"https:\\\/\\\/skyline-gs.com\\\/de\\\/produkt\\\/golden-triangle-tour\\\/#primaryimage\",\"url\":\"https:\\\/\\\/skyline-gs.com\\\/wp-content\\\/uploads\\\/2025\\\/12\\\/golden-triangle-1.jpg\",\"contentUrl\":\"https:\\\/\\\/skyline-gs.com\\\/wp-content\\\/uploads\\\/2025\\\/12\\\/golden-triangle-1.jpg\",\"width\":1080,\"height\":720},{\"@type\":\"BreadcrumbList\",\"@id\":\"https:\\\/\\\/skyline-gs.com\\\/de\\\/produkt\\\/golden-triangle-tour\\\/#breadcrumb\",\"itemListElement\":[{\"@type\":\"ListItem\",\"position\":1,\"name\":\"\u0413\u043b\u0430\u0432\u043d\u0430\u044f \u0441\u0442\u0440\u0430\u043d\u0438\u0446\u0430\",\"item\":\"https:\\\/\\\/skyline-gs.com\\\/hu\\\/\"},{\"@type\":\"ListItem\",\"position\":2,\"name\":\"\u041c\u0430\u0433\u0430\u0437\u0438\u043d\",\"item\":\"https:\\\/\\\/skyline-gs.com\\\/cs\\\/shop\\\/\"},{\"@type\":\"ListItem\",\"position\":3,\"name\":\"\u0417\u043e\u043b\u043e\u0442\u043e\u0439 \u0442\u0440\u0435\u0443\u0433\u043e\u043b\u044c\u043d\u0438\u043a\"}]},{\"@type\":\"WebSite\",\"@id\":\"https:\\\/\\\/skyline-gs.com\\\/it\\\/#website\",\"url\":\"https:\\\/\\\/skyline-gs.com\\\/it\\\/\",\"name\":\"\u042d\u043a\u0441\u043a\u0443\u0440\u0441\u0438\u0438 Skyline\",\"description\":\"\u042d\u043a\u0441\u043a\u043b\u044e\u0437\u0438\u0432\u043d\u044b\u0435 \u044d\u043a\u0441\u043a\u0443\u0440\u0441\u0438\u0438 \u043d\u0430 \u043b\u0443\u0447\u0448\u0438\u0445 \u043a\u0443\u0440\u043e\u0440\u0442\u0430\u0445 \u043c\u0438\u0440\u0430\",\"publisher\":{\"@id\":\"https:\\\/\\\/skyline-gs.com\\\/it\\\/#organization\"},\"alternateName\":\"Skyline\",\"potentialAction\":[{\"@type\":\"SearchAction\",\"target\":{\"@type\":\"EntryPoint\",\"urlTemplate\":\"https:\\\/\\\/skyline-gs.com\\\/it\\\/?s={search_term_string}\"},\"query-input\":{\"@type\":\"PropertyValueSpecification\",\"valueRequired\":true,\"valueName\":\"search_term_string\"}}],\"inLanguage\":\"fr-FR\"},{\"@type\":\"Organization\",\"@id\":\"https:\\\/\\\/skyline-gs.com\\\/it\\\/#organization\",\"name\":\"\u042d\u043a\u0441\u043a\u0443\u0440\u0441\u0438\u0438 Skyline\",\"alternateName\":\"\u042d\u043a\u0441\u043a\u0443\u0440\u0441\u0438\u0438 Skyline\",\"url\":\"https:\\\/\\\/skyline-gs.com\\\/it\\\/\",\"logo\":{\"@type\":\"ImageObject\",\"inLanguage\":\"fr-FR\",\"@id\":\"https:\\\/\\\/skyline-gs.com\\\/it\\\/#\\\/schema\\\/logo\\\/image\\\/\",\"url\":\"https:\\\/\\\/skyline-gs.com\\\/wp-content\\\/uploads\\\/2020\\\/12\\\/cropped-logo-2.png\",\"contentUrl\":\"https:\\\/\\\/skyline-gs.com\\\/wp-content\\\/uploads\\\/2020\\\/12\\\/cropped-logo-2.png\",\"width\":512,\"height\":512,\"caption\":\"\u042d\u043a\u0441\u043a\u0443\u0440\u0441\u0438\u0438 Skyline\"},\"image\":{\"@id\":\"https:\\\/\\\/skyline-gs.com\\\/it\\\/#\\\/schema\\\/logo\\\/image\\\/\"},\"sameAs\":[\"https:\\\/\\\/www.instagram.com\\\/skylineglobalservice\\\/\"]}]}<\/script>\n<!-- \/ Yoast SEO plugin. -->","yoast_head_json":{"title":"Triangle d'Or - Skyline Excursions","robots":{"index":"index","follow":"follow","max-snippet":"max-snippet:-1","max-image-preview":"max-image-preview:large","max-video-preview":"max-video-preview:-1"},"canonical":"https:\/\/skyline-gs.com\/fr\/produit\/circuit-du-triangle-dor\/","og_locale":"fr_FR","og_type":"article","og_title":"\u0417\u043e\u043b\u043e\u0442\u043e\u0439 \u0442\u0440\u0435\u0443\u0433\u043e\u043b\u044c\u043d\u0438\u043a &#8226; \u042d\u043a\u0441\u043a\u0443\u0440\u0441\u0438\u0438 Skyline","og_description":"\u0412\u0440\u0435\u043c\u044f \u0442\u0443\u0440\u0430: 2 \u0434\u043d\u044f \u0414\u043d\u0438 \u043f\u0440\u043e\u0432\u0435\u0434\u0435\u043d\u0438\u044f: \u0435\u0436\u0435\u0434\u043d\u0435\u0432\u043d\u043e","og_url":"https:\/\/skyline-gs.com\/fr\/produit\/circuit-du-triangle-dor\/","og_site_name":"\u042d\u043a\u0441\u043a\u0443\u0440\u0441\u0438\u0438 Skyline","article_modified_time":"2025-12-04T23:43:59+00:00","og_image":[{"width":1080,"height":720,"url":"https:\/\/skyline-gs.com\/wp-content\/uploads\/2025\/12\/golden-triangle-1.jpg","type":"image\/jpeg"}],"twitter_card":"summary_large_image","twitter_misc":{"Dur\u00e9e de lecture estim\u00e9e":"3 minutes"},"schema":{"@context":"https:\/\/schema.org","@graph":[{"@type":"WebPage","@id":"https:\/\/skyline-gs.com\/de\/produkt\/golden-triangle-tour\/","url":"https:\/\/skyline-gs.com\/de\/produkt\/golden-triangle-tour\/","name":"Triangle d'Or - Skyline Excursions","isPartOf":{"@id":"https:\/\/skyline-gs.com\/it\/#website"},"primaryImageOfPage":{"@id":"https:\/\/skyline-gs.com\/de\/produkt\/golden-triangle-tour\/#primaryimage"},"image":{"@id":"https:\/\/skyline-gs.com\/de\/produkt\/golden-triangle-tour\/#primaryimage"},"thumbnailUrl":"https:\/\/skyline-gs.com\/wp-content\/uploads\/2025\/12\/golden-triangle-1.jpg","datePublished":"2025-12-04T22:41:51+00:00","dateModified":"2025-12-04T23:43:59+00:00","breadcrumb":{"@id":"https:\/\/skyline-gs.com\/de\/produkt\/golden-triangle-tour\/#breadcrumb"},"inLanguage":"fr-FR","potentialAction":[{"@type":"ReadAction","target":["https:\/\/skyline-gs.com\/de\/produkt\/golden-triangle-tour\/"]}]},{"@type":"ImageObject","inLanguage":"fr-FR","@id":"https:\/\/skyline-gs.com\/de\/produkt\/golden-triangle-tour\/#primaryimage","url":"https:\/\/skyline-gs.com\/wp-content\/uploads\/2025\/12\/golden-triangle-1.jpg","contentUrl":"https:\/\/skyline-gs.com\/wp-content\/uploads\/2025\/12\/golden-triangle-1.jpg","width":1080,"height":720},{"@type":"BreadcrumbList","@id":"https:\/\/skyline-gs.com\/de\/produkt\/golden-triangle-tour\/#breadcrumb","itemListElement":[{"@type":"ListItem","position":1,"name":"\u0413\u043b\u0430\u0432\u043d\u0430\u044f \u0441\u0442\u0440\u0430\u043d\u0438\u0446\u0430","item":"https:\/\/skyline-gs.com\/hu\/"},{"@type":"ListItem","position":2,"name":"\u041c\u0430\u0433\u0430\u0437\u0438\u043d","item":"https:\/\/skyline-gs.com\/cs\/shop\/"},{"@type":"ListItem","position":3,"name":"\u0417\u043e\u043b\u043e\u0442\u043e\u0439 \u0442\u0440\u0435\u0443\u0433\u043e\u043b\u044c\u043d\u0438\u043a"}]},{"@type":"WebSite","@id":"https:\/\/skyline-gs.com\/it\/#website","url":"https:\/\/skyline-gs.com\/it\/","name":"Excursions Skyline","description":"Excursions exclusives dans les meilleurs centres de vill\u00e9giature du monde","publisher":{"@id":"https:\/\/skyline-gs.com\/it\/#organization"},"alternateName":"Skyline","potentialAction":[{"@type":"SearchAction","target":{"@type":"EntryPoint","urlTemplate":"https:\/\/skyline-gs.com\/it\/?s={search_term_string}"},"query-input":{"@type":"PropertyValueSpecification","valueRequired":true,"valueName":"search_term_string"}}],"inLanguage":"fr-FR"},{"@type":"Organization","@id":"https:\/\/skyline-gs.com\/it\/#organization","name":"Excursions Skyline","alternateName":"\u042d\u043a\u0441\u043a\u0443\u0440\u0441\u0438\u0438 Skyline","url":"https:\/\/skyline-gs.com\/it\/","logo":{"@type":"ImageObject","inLanguage":"fr-FR","@id":"https:\/\/skyline-gs.com\/it\/#\/schema\/logo\/image\/","url":"https:\/\/skyline-gs.com\/wp-content\/uploads\/2020\/12\/cropped-logo-2.png","contentUrl":"https:\/\/skyline-gs.com\/wp-content\/uploads\/2020\/12\/cropped-logo-2.png","width":512,"height":512,"caption":"\u042d\u043a\u0441\u043a\u0443\u0440\u0441\u0438\u0438 Skyline"},"image":{"@id":"https:\/\/skyline-gs.com\/it\/#\/schema\/logo\/image\/"},"sameAs":["https:\/\/www.instagram.com\/skylineglobalservice\/"]}]}},"_links":{"self":[{"href":"https:\/\/skyline-gs.com\/fr\/wp-json\/wp\/v2\/product\/72541","targetHints":{"allow":["GET"]}}],"collection":[{"href":"https:\/\/skyline-gs.com\/fr\/wp-json\/wp\/v2\/product"}],"about":[{"href":"https:\/\/skyline-gs.com\/fr\/wp-json\/wp\/v2\/types\/product"}],"version-history":[{"count":0,"href":"https:\/\/skyline-gs.com\/fr\/wp-json\/wp\/v2\/product\/72541\/revisions"}],"wp:featuredmedia":[{"embeddable":true,"href":"https:\/\/skyline-gs.com\/fr\/wp-json\/wp\/v2\/media\/72559"}],"wp:attachment":[{"href":"https:\/\/skyline-gs.com\/fr\/wp-json\/wp\/v2\/media?parent=72541"}],"wp:term":[{"taxonomy":"product_brand","embeddable":true,"href":"https:\/\/skyline-gs.com\/fr\/wp-json\/wp\/v2\/product_brand?post=72541"},{"taxonomy":"product_cat","embeddable":true,"href":"https:\/\/skyline-gs.com\/fr\/wp-json\/wp\/v2\/product_cat?post=72541"},{"taxonomy":"product_tag","embeddable":true,"href":"https:\/\/skyline-gs.com\/fr\/wp-json\/wp\/v2\/product_tag?post=72541"}],"curies":[{"name":"wp","href":"https:\/\/api.w.org\/{rel}","templated":true}]}}