{"id":71012,"date":"2025-11-13T00:19:08","date_gmt":"2025-11-12T22:19:08","guid":{"rendered":"http:\/\/skyline-gs.com\/?post_type=product&#038;p=71012"},"modified":"2025-11-13T00:44:39","modified_gmt":"2025-11-12T22:44:39","slug":"koh-chang-2-jours-1-nuit","status":"publish","type":"product","link":"https:\/\/skyline-gs.com\/fr\/product\/koh-chang-2-days-1-night\/","title":{"rendered":"Koh Chang - 2 jours \/ 1 nuit"},"content":{"rendered":"<p>Direction l'une des plus grandes \u00eeles de Tha\u00eflande, Koh Chang : plages pittoresques, jungles, cascades et spectacle de lumi\u00e8res en soir\u00e9e sur la baie. Ce circuit est con\u00e7u pour ceux qui souhaitent se d\u00e9payser en deux jours et s'immerger dans l'atmosph\u00e8re d'une \u00eele tropicale avec un maximum de confort.<\/p>\n<p data-start=\"474\" data-end=\"809\"><strong>Programme de la visite :<\/strong><\/p>\n<p><strong>Programme standard - 2 jours \/ 1 nuit<\/strong><br \/>\n<strong>Jour 1<\/strong><br \/>\n05:30 - Prise en charge \u00e0 l'h\u00f4tel \u00e0 Pattaya.<br \/>\n08:00 - Arr\u00eat pour le petit-d\u00e9jeuner.<br \/>\n08:30 - Arr\u00eat au \u00abTemple des singes\u00bb.<br \/>\n09:20 - Arriv\u00e9e \u00e0 l'embarcad\u00e8re, prise du ferry pour Koh Chang.<br \/>\n11:40 - Arriv\u00e9e \u00e0 l'h\u00f4tel sur l'\u00eele.<br \/>\n13:00 - Temps libre.<br \/>\n19:30 - Spectacle de feu sur la plage.<\/p>\n<p><strong>Jour 2<\/strong><br \/>\n08:00 - Petit d\u00e9jeuner.<br \/>\n16:00 - D\u00e9part et retour \u00e0 Pattaya, avec un arr\u00eat au march\u00e9 aux fruits.<br \/>\n22:00 - Arriv\u00e9e \u00e0 Pattaya.<\/p>\n<p><strong>Programme standard - 2 jours \/ 1 nuit<\/strong><\/p>\n<p><strong>Jour 1<\/strong><br \/>\n05:30 - Prise en charge \u00e0 l'h\u00f4tel \u00e0 Pattaya.<br \/>\n08:00 - Arr\u00eat pour le petit-d\u00e9jeuner.<br \/>\n08:30 - Arr\u00eat au \u00abTemple des singes\u00bb.<br \/>\n09:20 - Arriv\u00e9e \u00e0 l'embarcad\u00e8re, prise du ferry pour Koh Chang.<br \/>\n11:40 - Arriv\u00e9e \u00e0 l'h\u00f4tel sur l'\u00eele.<br \/>\n12:30 - D\u00e9jeuner.<br \/>\n13:00 - Temps libre.<br \/>\n19:30 - Spectacle de feu sur la plage.<\/p>\n<p><strong>Jour 2<\/strong><br \/>\n08:00 - Petit d\u00e9jeuner.<br \/>\n08:30 - Excursion en mer et visite des \u00eeles coralliennes (Ko Ngam, Ko Wai, Ko Klum) avec baignade et plong\u00e9e en apn\u00e9e.<br \/>\n13:00 - D\u00e9jeuner.<br \/>\n16:00 - D\u00e9part pour le retour.<br \/>\n22:00 - Arriv\u00e9e \u00e0 Pattaya.<\/p>\n<p><strong>Inclus :<\/strong><\/p>\n<ul>\n<li>Transfert depuis et vers votre h\u00f4tel \u00e0 Pattaya.<\/li>\n<li>Ferry pour aller et revenir de l'\u00eele.<\/li>\n<li>H\u00e9bergement \u00e0 l'h\u00f4tel \u00e0 Koh Chang (selon le programme).<\/li>\n<li>Petit-d\u00e9jeuner (et dans l'option premium d\u00e9jeuner\/d\u00eener).<\/li>\n<li>Guide parlant russe.<\/li>\n<li>Assurance.<\/li>\n<\/ul>\n<p><strong>Emportez-le avec vous :<\/strong><\/p>\n<ul>\n<li>Une copie de votre passeport.<\/li>\n<li>Maillot de bain et serviette.<\/li>\n<li>Cr\u00e8me solaire et couvre-chef.<\/li>\n<li>Appareil photo\/vid\u00e9o et chargeurs.<\/li>\n<li>Chaussures de marche confortables.<\/li>\n<li>De l'argent pour les d\u00e9penses personnelles et les extras.<\/li>\n<\/ul>\n<p><strong>Informations compl\u00e9mentaires :<\/strong><\/p>\n<ul>\n<li>R\u00e9ductions pour les enfants :<br \/>\n0-2,99 ans - gratuit ;<br \/>\n3-7,99 ans - 50% (sans lit suppl\u00e9mentaire) ;<br \/>\n3-10,99 ans - r\u00e9duction 20% (avec lit suppl\u00e9mentaire).<\/li>\n<li>Le programme peut \u00eatre adapt\u00e9 aux conditions m\u00e9t\u00e9orologiques ou maritimes.<\/li>\n<li>Les valises plus volumineuses peuvent entra\u00eener des frais de transport suppl\u00e9mentaires.<\/li>\n<li>Le programme peut \u00eatre adapt\u00e9 en fonction des conditions m\u00e9t\u00e9orologiques ou de l'\u00e9tat de la mer.<\/li>\n<li>Les chambres en occupation simple ou les surclassements d'h\u00f4tel sont factur\u00e9s s\u00e9par\u00e9ment si n\u00e9cessaire.<\/li>\n<\/ul>","protected":false},"excerpt":{"rendered":"<p><strong>Temps du Tour:<\/strong> 5.30 \u2014 22.00<br \/>\n<strong>Jours de D\u00e9roulement:<\/strong> Chaque jour<\/p>","protected":false},"featured_media":71027,"template":"","meta":{"_kad_post_transparent":"default","_kad_post_title":"","_kad_post_layout":"default","_kad_post_sidebar_id":"","_kad_post_content_style":"default","_kad_post_vertical_padding":"default","_kad_post_feature":"","_kad_post_feature_position":"","_kad_post_header":false,"_kad_post_footer":false,"_kad_post_classname":"","_glsr_average":0,"_glsr_ranking":0,"_glsr_reviews":0},"product_brand":[],"product_cat":[507],"product_tag":[],"class_list":{"0":"post-71012","1":"product","2":"type-product","3":"status-publish","4":"has-post-thumbnail","6":"product_cat-pattaya","7":"tm-has-options","9":"first","10":"instock","11":"sold-individually","12":"taxable","13":"shipping-taxable","14":"purchasable","15":"product-type-simple","16":"entry","17":"content-bg","18":"loop-entry"},"yoast_head":"<!-- This site is optimized with the Yoast SEO plugin v27.4 - https:\/\/yoast.com\/product\/yoast-seo-wordpress\/ -->\n<title>\u041a\u043e \u0427\u0430\u043d\u0433 \u2014 2 \u0434\u043d\u044f \/ 1 \u043d\u043e\u0447\u044c &#8226; \u042d\u043a\u0441\u043a\u0443\u0440\u0441\u0438\u0438 Skyline<\/title>\n<meta name=\"robots\" content=\"index, follow, max-snippet:-1, max-image-preview:large, max-video-preview:-1\" \/>\n<link rel=\"canonical\" href=\"http:\/\/skyline-gs.com\/fr\/produit\/koh-chang-2-jours-1-nuit\/\" \/>\n<meta property=\"og:locale\" content=\"fr_FR\" \/>\n<meta property=\"og:type\" content=\"article\" \/>\n<meta property=\"og:title\" content=\"\u041a\u043e \u0427\u0430\u043d\u0433 \u2014 2 \u0434\u043d\u044f \/ 1 \u043d\u043e\u0447\u044c &#8226; \u042d\u043a\u0441\u043a\u0443\u0440\u0441\u0438\u0438 Skyline\" \/>\n<meta property=\"og:description\" content=\"\u0412\u0440\u0435\u043c\u044f \u0442\u0443\u0440\u0430: 5.30 - 22.00 \u0414\u043d\u0438 \u043f\u0440\u043e\u0432\u0435\u0434\u0435\u043d\u0438\u044f: \u0435\u0436\u0435\u0434\u043d\u0435\u0432\u043d\u043e\" \/>\n<meta property=\"og:url\" content=\"http:\/\/skyline-gs.com\/fr\/produit\/koh-chang-2-jours-1-nuit\/\" \/>\n<meta property=\"og:site_name\" content=\"\u042d\u043a\u0441\u043a\u0443\u0440\u0441\u0438\u0438 Skyline\" \/>\n<meta property=\"article:modified_time\" content=\"2025-11-12T22:44:39+00:00\" \/>\n<meta property=\"og:image\" content=\"https:\/\/skyline-gs.com\/wp-content\/uploads\/2025\/11\/ko-chang-tailand-7.jpg\" \/>\n\t<meta property=\"og:image:width\" content=\"1200\" \/>\n\t<meta property=\"og:image:height\" content=\"750\" \/>\n\t<meta property=\"og:image:type\" content=\"image\/jpeg\" \/>\n<meta name=\"twitter:card\" content=\"summary_large_image\" \/>\n<meta name=\"twitter:label1\" content=\"Dur\u00e9e de lecture estim\u00e9e\" \/>\n\t<meta name=\"twitter:data1\" content=\"2 minutes\" \/>\n<script type=\"application\/ld+json\" class=\"yoast-schema-graph\">{\"@context\":\"https:\\\/\\\/schema.org\",\"@graph\":[{\"@type\":\"WebPage\",\"@id\":\"http:\\\/\\\/skyline-gs.com\\\/de\\\/produkt\\\/koh-chang-2-days-1-night\\\/\",\"url\":\"http:\\\/\\\/skyline-gs.com\\\/de\\\/produkt\\\/koh-chang-2-days-1-night\\\/\",\"name\":\"\u041a\u043e \u0427\u0430\u043d\u0433 \u2014 2 \u0434\u043d\u044f \\\/ 1 \u043d\u043e\u0447\u044c &#8226; \u042d\u043a\u0441\u043a\u0443\u0440\u0441\u0438\u0438 Skyline\",\"isPartOf\":{\"@id\":\"https:\\\/\\\/skyline-gs.com\\\/it\\\/#website\"},\"primaryImageOfPage\":{\"@id\":\"http:\\\/\\\/skyline-gs.com\\\/de\\\/produkt\\\/koh-chang-2-days-1-night\\\/#primaryimage\"},\"image\":{\"@id\":\"http:\\\/\\\/skyline-gs.com\\\/de\\\/produkt\\\/koh-chang-2-days-1-night\\\/#primaryimage\"},\"thumbnailUrl\":\"https:\\\/\\\/skyline-gs.com\\\/wp-content\\\/uploads\\\/2025\\\/11\\\/ko-chang-tailand-7.jpg\",\"datePublished\":\"2025-11-12T22:19:08+00:00\",\"dateModified\":\"2025-11-12T22:44:39+00:00\",\"breadcrumb\":{\"@id\":\"http:\\\/\\\/skyline-gs.com\\\/de\\\/produkt\\\/koh-chang-2-days-1-night\\\/#breadcrumb\"},\"inLanguage\":\"fr-FR\",\"potentialAction\":[{\"@type\":\"ReadAction\",\"target\":[\"http:\\\/\\\/skyline-gs.com\\\/de\\\/produkt\\\/koh-chang-2-days-1-night\\\/\"]}]},{\"@type\":\"ImageObject\",\"inLanguage\":\"fr-FR\",\"@id\":\"http:\\\/\\\/skyline-gs.com\\\/de\\\/produkt\\\/koh-chang-2-days-1-night\\\/#primaryimage\",\"url\":\"https:\\\/\\\/skyline-gs.com\\\/wp-content\\\/uploads\\\/2025\\\/11\\\/ko-chang-tailand-7.jpg\",\"contentUrl\":\"https:\\\/\\\/skyline-gs.com\\\/wp-content\\\/uploads\\\/2025\\\/11\\\/ko-chang-tailand-7.jpg\",\"width\":1200,\"height\":750},{\"@type\":\"BreadcrumbList\",\"@id\":\"http:\\\/\\\/skyline-gs.com\\\/de\\\/produkt\\\/koh-chang-2-days-1-night\\\/#breadcrumb\",\"itemListElement\":[{\"@type\":\"ListItem\",\"position\":1,\"name\":\"\u0413\u043b\u0430\u0432\u043d\u0430\u044f \u0441\u0442\u0440\u0430\u043d\u0438\u0446\u0430\",\"item\":\"https:\\\/\\\/skyline-gs.com\\\/hu\\\/\"},{\"@type\":\"ListItem\",\"position\":2,\"name\":\"\u041c\u0430\u0433\u0430\u0437\u0438\u043d\",\"item\":\"https:\\\/\\\/skyline-gs.com\\\/cs\\\/shop\\\/\"},{\"@type\":\"ListItem\",\"position\":3,\"name\":\"\u041a\u043e \u0427\u0430\u043d\u0433 \u2014 2 \u0434\u043d\u044f \\\/ 1 \u043d\u043e\u0447\u044c\"}]},{\"@type\":\"WebSite\",\"@id\":\"https:\\\/\\\/skyline-gs.com\\\/it\\\/#website\",\"url\":\"https:\\\/\\\/skyline-gs.com\\\/it\\\/\",\"name\":\"\u042d\u043a\u0441\u043a\u0443\u0440\u0441\u0438\u0438 Skyline\",\"description\":\"\u042d\u043a\u0441\u043a\u043b\u044e\u0437\u0438\u0432\u043d\u044b\u0435 \u044d\u043a\u0441\u043a\u0443\u0440\u0441\u0438\u0438 \u043d\u0430 \u043b\u0443\u0447\u0448\u0438\u0445 \u043a\u0443\u0440\u043e\u0440\u0442\u0430\u0445 \u043c\u0438\u0440\u0430\",\"publisher\":{\"@id\":\"https:\\\/\\\/skyline-gs.com\\\/it\\\/#organization\"},\"alternateName\":\"Skyline\",\"potentialAction\":[{\"@type\":\"SearchAction\",\"target\":{\"@type\":\"EntryPoint\",\"urlTemplate\":\"https:\\\/\\\/skyline-gs.com\\\/it\\\/?s={search_term_string}\"},\"query-input\":{\"@type\":\"PropertyValueSpecification\",\"valueRequired\":true,\"valueName\":\"search_term_string\"}}],\"inLanguage\":\"fr-FR\"},{\"@type\":\"Organization\",\"@id\":\"https:\\\/\\\/skyline-gs.com\\\/it\\\/#organization\",\"name\":\"\u042d\u043a\u0441\u043a\u0443\u0440\u0441\u0438\u0438 Skyline\",\"alternateName\":\"\u042d\u043a\u0441\u043a\u0443\u0440\u0441\u0438\u0438 Skyline\",\"url\":\"https:\\\/\\\/skyline-gs.com\\\/it\\\/\",\"logo\":{\"@type\":\"ImageObject\",\"inLanguage\":\"fr-FR\",\"@id\":\"https:\\\/\\\/skyline-gs.com\\\/it\\\/#\\\/schema\\\/logo\\\/image\\\/\",\"url\":\"https:\\\/\\\/skyline-gs.com\\\/wp-content\\\/uploads\\\/2020\\\/12\\\/cropped-logo-2.png\",\"contentUrl\":\"https:\\\/\\\/skyline-gs.com\\\/wp-content\\\/uploads\\\/2020\\\/12\\\/cropped-logo-2.png\",\"width\":512,\"height\":512,\"caption\":\"\u042d\u043a\u0441\u043a\u0443\u0440\u0441\u0438\u0438 Skyline\"},\"image\":{\"@id\":\"https:\\\/\\\/skyline-gs.com\\\/it\\\/#\\\/schema\\\/logo\\\/image\\\/\"},\"sameAs\":[\"https:\\\/\\\/www.instagram.com\\\/skylineglobalservice\\\/\"]}]}<\/script>\n<!-- \/ Yoast SEO plugin. -->","yoast_head_json":{"title":"Ko Chang - 2 jours \/ 1 nuit - Skyline Excursions","robots":{"index":"index","follow":"follow","max-snippet":"max-snippet:-1","max-image-preview":"max-image-preview:large","max-video-preview":"max-video-preview:-1"},"canonical":"http:\/\/skyline-gs.com\/fr\/produit\/koh-chang-2-jours-1-nuit\/","og_locale":"fr_FR","og_type":"article","og_title":"\u041a\u043e \u0427\u0430\u043d\u0433 \u2014 2 \u0434\u043d\u044f \/ 1 \u043d\u043e\u0447\u044c &#8226; \u042d\u043a\u0441\u043a\u0443\u0440\u0441\u0438\u0438 Skyline","og_description":"\u0412\u0440\u0435\u043c\u044f \u0442\u0443\u0440\u0430: 5.30 - 22.00 \u0414\u043d\u0438 \u043f\u0440\u043e\u0432\u0435\u0434\u0435\u043d\u0438\u044f: \u0435\u0436\u0435\u0434\u043d\u0435\u0432\u043d\u043e","og_url":"http:\/\/skyline-gs.com\/fr\/produit\/koh-chang-2-jours-1-nuit\/","og_site_name":"\u042d\u043a\u0441\u043a\u0443\u0440\u0441\u0438\u0438 Skyline","article_modified_time":"2025-11-12T22:44:39+00:00","og_image":[{"width":1200,"height":750,"url":"https:\/\/skyline-gs.com\/wp-content\/uploads\/2025\/11\/ko-chang-tailand-7.jpg","type":"image\/jpeg"}],"twitter_card":"summary_large_image","twitter_misc":{"Dur\u00e9e de lecture estim\u00e9e":"2 minutes"},"schema":{"@context":"https:\/\/schema.org","@graph":[{"@type":"WebPage","@id":"http:\/\/skyline-gs.com\/de\/produkt\/koh-chang-2-days-1-night\/","url":"http:\/\/skyline-gs.com\/de\/produkt\/koh-chang-2-days-1-night\/","name":"Ko Chang - 2 jours \/ 1 nuit - Skyline Excursions","isPartOf":{"@id":"https:\/\/skyline-gs.com\/it\/#website"},"primaryImageOfPage":{"@id":"http:\/\/skyline-gs.com\/de\/produkt\/koh-chang-2-days-1-night\/#primaryimage"},"image":{"@id":"http:\/\/skyline-gs.com\/de\/produkt\/koh-chang-2-days-1-night\/#primaryimage"},"thumbnailUrl":"https:\/\/skyline-gs.com\/wp-content\/uploads\/2025\/11\/ko-chang-tailand-7.jpg","datePublished":"2025-11-12T22:19:08+00:00","dateModified":"2025-11-12T22:44:39+00:00","breadcrumb":{"@id":"http:\/\/skyline-gs.com\/de\/produkt\/koh-chang-2-days-1-night\/#breadcrumb"},"inLanguage":"fr-FR","potentialAction":[{"@type":"ReadAction","target":["http:\/\/skyline-gs.com\/de\/produkt\/koh-chang-2-days-1-night\/"]}]},{"@type":"ImageObject","inLanguage":"fr-FR","@id":"http:\/\/skyline-gs.com\/de\/produkt\/koh-chang-2-days-1-night\/#primaryimage","url":"https:\/\/skyline-gs.com\/wp-content\/uploads\/2025\/11\/ko-chang-tailand-7.jpg","contentUrl":"https:\/\/skyline-gs.com\/wp-content\/uploads\/2025\/11\/ko-chang-tailand-7.jpg","width":1200,"height":750},{"@type":"BreadcrumbList","@id":"http:\/\/skyline-gs.com\/de\/produkt\/koh-chang-2-days-1-night\/#breadcrumb","itemListElement":[{"@type":"ListItem","position":1,"name":"\u0413\u043b\u0430\u0432\u043d\u0430\u044f \u0441\u0442\u0440\u0430\u043d\u0438\u0446\u0430","item":"https:\/\/skyline-gs.com\/hu\/"},{"@type":"ListItem","position":2,"name":"\u041c\u0430\u0433\u0430\u0437\u0438\u043d","item":"https:\/\/skyline-gs.com\/cs\/shop\/"},{"@type":"ListItem","position":3,"name":"\u041a\u043e \u0427\u0430\u043d\u0433 \u2014 2 \u0434\u043d\u044f \/ 1 \u043d\u043e\u0447\u044c"}]},{"@type":"WebSite","@id":"https:\/\/skyline-gs.com\/it\/#website","url":"https:\/\/skyline-gs.com\/it\/","name":"Excursions Skyline","description":"Excursions exclusives dans les meilleurs centres de vill\u00e9giature du monde","publisher":{"@id":"https:\/\/skyline-gs.com\/it\/#organization"},"alternateName":"Skyline","potentialAction":[{"@type":"SearchAction","target":{"@type":"EntryPoint","urlTemplate":"https:\/\/skyline-gs.com\/it\/?s={search_term_string}"},"query-input":{"@type":"PropertyValueSpecification","valueRequired":true,"valueName":"search_term_string"}}],"inLanguage":"fr-FR"},{"@type":"Organization","@id":"https:\/\/skyline-gs.com\/it\/#organization","name":"Excursions Skyline","alternateName":"\u042d\u043a\u0441\u043a\u0443\u0440\u0441\u0438\u0438 Skyline","url":"https:\/\/skyline-gs.com\/it\/","logo":{"@type":"ImageObject","inLanguage":"fr-FR","@id":"https:\/\/skyline-gs.com\/it\/#\/schema\/logo\/image\/","url":"https:\/\/skyline-gs.com\/wp-content\/uploads\/2020\/12\/cropped-logo-2.png","contentUrl":"https:\/\/skyline-gs.com\/wp-content\/uploads\/2020\/12\/cropped-logo-2.png","width":512,"height":512,"caption":"\u042d\u043a\u0441\u043a\u0443\u0440\u0441\u0438\u0438 Skyline"},"image":{"@id":"https:\/\/skyline-gs.com\/it\/#\/schema\/logo\/image\/"},"sameAs":["https:\/\/www.instagram.com\/skylineglobalservice\/"]}]}},"_links":{"self":[{"href":"https:\/\/skyline-gs.com\/fr\/wp-json\/wp\/v2\/product\/71012","targetHints":{"allow":["GET"]}}],"collection":[{"href":"https:\/\/skyline-gs.com\/fr\/wp-json\/wp\/v2\/product"}],"about":[{"href":"https:\/\/skyline-gs.com\/fr\/wp-json\/wp\/v2\/types\/product"}],"version-history":[{"count":0,"href":"https:\/\/skyline-gs.com\/fr\/wp-json\/wp\/v2\/product\/71012\/revisions"}],"wp:featuredmedia":[{"embeddable":true,"href":"https:\/\/skyline-gs.com\/fr\/wp-json\/wp\/v2\/media\/71027"}],"wp:attachment":[{"href":"https:\/\/skyline-gs.com\/fr\/wp-json\/wp\/v2\/media?parent=71012"}],"wp:term":[{"taxonomy":"product_brand","embeddable":true,"href":"https:\/\/skyline-gs.com\/fr\/wp-json\/wp\/v2\/product_brand?post=71012"},{"taxonomy":"product_cat","embeddable":true,"href":"https:\/\/skyline-gs.com\/fr\/wp-json\/wp\/v2\/product_cat?post=71012"},{"taxonomy":"product_tag","embeddable":true,"href":"https:\/\/skyline-gs.com\/fr\/wp-json\/wp\/v2\/product_tag?post=71012"}],"curies":[{"name":"wp","href":"https:\/\/api.w.org\/{rel}","templated":true}]}}