{"id":70658,"date":"2025-10-30T12:47:29","date_gmt":"2025-10-30T10:47:29","guid":{"rendered":"http:\/\/skyline-gs.com\/?post_type=product&#038;p=70658"},"modified":"2026-03-22T23:27:56","modified_gmt":"2026-03-22T21:27:56","slug":"afternun-diving-from-the-shore-sharm","status":"publish","type":"product","link":"https:\/\/skyline-gs.com\/fr\/product\/afternun-diving-from-the-shore-sharm\/","title":{"rendered":"\u0414\u0430\u0439\u0432\u0438\u043d\u0433 \u0441 \u0431\u0435\u0440\u0435\u0433\u0430 (\u0432\u0442\u043e\u0440\u0430\u044f \u043f\u043e\u043b\u043e\u0432\u0438\u043d\u0430 \u0434\u043d\u044f)"},"content":{"rendered":"<p>Vous voulez essayer la plong\u00e9e sous-marine ? Ne manquez pas votre chance d'explorer le monde sous-marin de la mer Rouge sous la conduite d'un instructeur professionnel. Votre premi\u00e8re exp\u00e9rience de plong\u00e9e restera marqu\u00e9e par les couleurs vives du r\u00e9cif corallien vivant et de ses habitants.<\/p>\n<p><strong>14:30 \u2014 \u041e\u0442\u043f\u0440\u0430\u0432\u043b\u0435\u043d\u0438\u0435 \u0438\u0437 \u043e\u0442\u0435\u043b\u044f<\/strong>. Le trajet dure environ 20 minutes.<\/p>\n<ul>\n<li><strong>Br\u00e8ve pr\u00e9sentation :<\/strong> Nos instructeurs exp\u00e9riment\u00e9s vous donneront un bref briefing avant que vous ne commenciez.<\/li>\n<li><strong>Plong\u00e9e de 15 \u00e0 20 minutes accompagn\u00e9e d'un instructeur.<\/strong> Plong\u00e9e jusqu'\u00e0 10 m\u00e8tres de profondeur.<\/li>\n<\/ul>\n<p><strong>16:30 - Retour \u00e0 l'h\u00f4tel.<\/strong><\/p>\n<p><strong>Attention !<\/strong> Un suppl\u00e9ment de +10$ au prix si la personne voyage seule.<\/p>\n<p><strong>Inclus :<\/strong><\/p>\n<ul>\n<li>Transferts depuis et vers l'h\u00f4tel<\/li>\n<li>\u0413\u0440\u0443\u043f\u043f\u043e\u0432\u043e\u0439 \u0442\u0440\u0430\u043d\u0441\u0444\u0435\u0440 \u0432 \u0434\u0432\u0435 \u0441\u0442\u043e\u0440\u043e\u043d\u044b<\/li>\n<li>Instructeur russophone<\/li>\n<li>Mat\u00e9riel de plong\u00e9e<\/li>\n<li>Une plong\u00e9e<\/li>\n<\/ul>\n<p><strong>Emportez-le avec vous :<\/strong><\/p>\n<ul>\n<li>Maillots de bain<\/li>\n<li>Coiffure<\/li>\n<li>Lunettes de soleil, cr\u00e8me solaire.<\/li>\n<li>Serviette<\/li>\n<li>Chambre sous-marine<\/li>\n<\/ul>\n<p><strong>Informations compl\u00e9mentaires :<\/strong><\/p>\n<ul>\n<li>Important : vous devez avoir une copie de votre passeport ou une photo de la premi\u00e8re page dans votre t\u00e9l\u00e9phone.<\/li>\n<li>Suppl\u00e9ment +10$ au prix si vous voyagez seul<\/li>\n<li>Suppl\u00e9ment pour personne accompagnante +8$<\/li>\n<\/ul>","protected":false},"excerpt":{"rendered":"<p><strong>Temps du Tour:<\/strong> 14:30 &#8212; 16:30<\/p>\n<p><strong>Jours de D\u00e9roulement:<\/strong> Tous les jours.<\/p>","protected":false},"featured_media":70648,"template":"","meta":{"_kad_post_transparent":"default","_kad_post_title":"","_kad_post_layout":"default","_kad_post_sidebar_id":"","_kad_post_content_style":"default","_kad_post_vertical_padding":"default","_kad_post_feature":"","_kad_post_feature_position":"","_kad_post_header":false,"_kad_post_footer":false,"_kad_post_classname":"","_glsr_average":0,"_glsr_ranking":0,"_glsr_reviews":0},"product_brand":[],"product_cat":[435],"product_tag":[],"class_list":{"0":"post-70658","1":"product","2":"type-product","3":"status-publish","4":"has-post-thumbnail","6":"product_cat-sharm-el-sheikh","7":"tm-has-options","9":"first","10":"instock","11":"sold-individually","12":"taxable","13":"shipping-taxable","14":"purchasable","15":"product-type-simple","16":"entry","17":"content-bg","18":"loop-entry"},"yoast_head":"<!-- This site is optimized with the Yoast SEO plugin v27.3 - https:\/\/yoast.com\/product\/yoast-seo-wordpress\/ -->\n<title>\u0414\u0430\u0439\u0432\u0438\u043d\u0433 \u0441 \u0431\u0435\u0440\u0435\u0433\u0430 (\u0432\u0442\u043e\u0440\u0430\u044f \u043f\u043e\u043b\u043e\u0432\u0438\u043d\u0430 \u0434\u043d\u044f) &#8226; \u042d\u043a\u0441\u043a\u0443\u0440\u0441\u0438\u0438 Skyline<\/title>\n<meta name=\"robots\" content=\"index, follow, max-snippet:-1, max-image-preview:large, max-video-preview:-1\" \/>\n<link rel=\"canonical\" href=\"https:\/\/skyline-gs.com\/fr\/produit\/afternun-diving-from-the-shore-sharm\/\" \/>\n<meta property=\"og:locale\" content=\"fr_FR\" \/>\n<meta property=\"og:type\" content=\"article\" \/>\n<meta property=\"og:title\" content=\"\u0414\u0430\u0439\u0432\u0438\u043d\u0433 \u0441 \u0431\u0435\u0440\u0435\u0433\u0430 (\u0432\u0442\u043e\u0440\u0430\u044f \u043f\u043e\u043b\u043e\u0432\u0438\u043d\u0430 \u0434\u043d\u044f) &#8226; \u042d\u043a\u0441\u043a\u0443\u0440\u0441\u0438\u0438 Skyline\" \/>\n<meta property=\"og:description\" content=\"\u0412\u0440\u0435\u043c\u044f \u0442\u0443\u0440\u0430: 14:30 - 16:30  \u0414\u043d\u0438 \u043f\u0440\u043e\u0432\u0435\u0434\u0435\u043d\u0438\u044f: \u041a\u0430\u0436\u0434\u044b\u0439 \u0434\u0435\u043d\u044c\" \/>\n<meta property=\"og:url\" content=\"https:\/\/skyline-gs.com\/fr\/produit\/afternun-diving-from-the-shore-sharm\/\" \/>\n<meta property=\"og:site_name\" content=\"\u042d\u043a\u0441\u043a\u0443\u0440\u0441\u0438\u0438 Skyline\" \/>\n<meta property=\"article:modified_time\" content=\"2026-03-22T21:27:56+00:00\" \/>\n<meta property=\"og:image\" content=\"https:\/\/skyline-gs.com\/wp-content\/uploads\/2025\/10\/dajving-8-of-8.jpg\" \/>\n\t<meta property=\"og:image:width\" content=\"900\" \/>\n\t<meta property=\"og:image:height\" content=\"600\" \/>\n\t<meta property=\"og:image:type\" content=\"image\/jpeg\" \/>\n<meta name=\"twitter:card\" content=\"summary_large_image\" \/>\n<meta name=\"twitter:label1\" content=\"Dur\u00e9e de lecture estim\u00e9e\" \/>\n\t<meta name=\"twitter:data1\" content=\"1 minute\" \/>\n<script type=\"application\/ld+json\" class=\"yoast-schema-graph\">{\"@context\":\"https:\\\/\\\/schema.org\",\"@graph\":[{\"@type\":\"WebPage\",\"@id\":\"https:\\\/\\\/skyline-gs.com\\\/product\\\/afternun-diving-from-the-shore-sharm\\\/\",\"url\":\"https:\\\/\\\/skyline-gs.com\\\/product\\\/afternun-diving-from-the-shore-sharm\\\/\",\"name\":\"\u0414\u0430\u0439\u0432\u0438\u043d\u0433 \u0441 \u0431\u0435\u0440\u0435\u0433\u0430 (\u0432\u0442\u043e\u0440\u0430\u044f \u043f\u043e\u043b\u043e\u0432\u0438\u043d\u0430 \u0434\u043d\u044f) &#8226; \u042d\u043a\u0441\u043a\u0443\u0440\u0441\u0438\u0438 Skyline\",\"isPartOf\":{\"@id\":\"https:\\\/\\\/skyline-gs.com\\\/it\\\/#website\"},\"primaryImageOfPage\":{\"@id\":\"https:\\\/\\\/skyline-gs.com\\\/product\\\/afternun-diving-from-the-shore-sharm\\\/#primaryimage\"},\"image\":{\"@id\":\"https:\\\/\\\/skyline-gs.com\\\/product\\\/afternun-diving-from-the-shore-sharm\\\/#primaryimage\"},\"thumbnailUrl\":\"https:\\\/\\\/skyline-gs.com\\\/wp-content\\\/uploads\\\/2025\\\/10\\\/dajving-8-of-8.jpg\",\"datePublished\":\"2025-10-30T10:47:29+00:00\",\"dateModified\":\"2026-03-22T21:27:56+00:00\",\"breadcrumb\":{\"@id\":\"https:\\\/\\\/skyline-gs.com\\\/product\\\/afternun-diving-from-the-shore-sharm\\\/#breadcrumb\"},\"inLanguage\":\"fr-FR\",\"potentialAction\":[{\"@type\":\"ReadAction\",\"target\":[\"https:\\\/\\\/skyline-gs.com\\\/product\\\/afternun-diving-from-the-shore-sharm\\\/\"]}]},{\"@type\":\"ImageObject\",\"inLanguage\":\"fr-FR\",\"@id\":\"https:\\\/\\\/skyline-gs.com\\\/product\\\/afternun-diving-from-the-shore-sharm\\\/#primaryimage\",\"url\":\"https:\\\/\\\/skyline-gs.com\\\/wp-content\\\/uploads\\\/2025\\\/10\\\/dajving-8-of-8.jpg\",\"contentUrl\":\"https:\\\/\\\/skyline-gs.com\\\/wp-content\\\/uploads\\\/2025\\\/10\\\/dajving-8-of-8.jpg\",\"width\":900,\"height\":600},{\"@type\":\"BreadcrumbList\",\"@id\":\"https:\\\/\\\/skyline-gs.com\\\/product\\\/afternun-diving-from-the-shore-sharm\\\/#breadcrumb\",\"itemListElement\":[{\"@type\":\"ListItem\",\"position\":1,\"name\":\"\u0413\u043b\u0430\u0432\u043d\u0430\u044f \u0441\u0442\u0440\u0430\u043d\u0438\u0446\u0430\",\"item\":\"https:\\\/\\\/skyline-gs.com\\\/hu\\\/\"},{\"@type\":\"ListItem\",\"position\":2,\"name\":\"\u041c\u0430\u0433\u0430\u0437\u0438\u043d\",\"item\":\"https:\\\/\\\/skyline-gs.com\\\/cs\\\/shop\\\/\"},{\"@type\":\"ListItem\",\"position\":3,\"name\":\"\u0414\u0430\u0439\u0432\u0438\u043d\u0433 \u0441 \u0431\u0435\u0440\u0435\u0433\u0430 (\u0432\u0442\u043e\u0440\u0430\u044f \u043f\u043e\u043b\u043e\u0432\u0438\u043d\u0430 \u0434\u043d\u044f)\"}]},{\"@type\":\"WebSite\",\"@id\":\"https:\\\/\\\/skyline-gs.com\\\/it\\\/#website\",\"url\":\"https:\\\/\\\/skyline-gs.com\\\/it\\\/\",\"name\":\"\u042d\u043a\u0441\u043a\u0443\u0440\u0441\u0438\u0438 Skyline\",\"description\":\"\u042d\u043a\u0441\u043a\u043b\u044e\u0437\u0438\u0432\u043d\u044b\u0435 \u044d\u043a\u0441\u043a\u0443\u0440\u0441\u0438\u0438 \u043d\u0430 \u043b\u0443\u0447\u0448\u0438\u0445 \u043a\u0443\u0440\u043e\u0440\u0442\u0430\u0445 \u043c\u0438\u0440\u0430\",\"publisher\":{\"@id\":\"https:\\\/\\\/skyline-gs.com\\\/it\\\/#organization\"},\"alternateName\":\"Skyline\",\"potentialAction\":[{\"@type\":\"SearchAction\",\"target\":{\"@type\":\"EntryPoint\",\"urlTemplate\":\"https:\\\/\\\/skyline-gs.com\\\/it\\\/?s={search_term_string}\"},\"query-input\":{\"@type\":\"PropertyValueSpecification\",\"valueRequired\":true,\"valueName\":\"search_term_string\"}}],\"inLanguage\":\"fr-FR\"},{\"@type\":\"Organization\",\"@id\":\"https:\\\/\\\/skyline-gs.com\\\/it\\\/#organization\",\"name\":\"\u042d\u043a\u0441\u043a\u0443\u0440\u0441\u0438\u0438 Skyline\",\"alternateName\":\"\u042d\u043a\u0441\u043a\u0443\u0440\u0441\u0438\u0438 Skyline\",\"url\":\"https:\\\/\\\/skyline-gs.com\\\/it\\\/\",\"logo\":{\"@type\":\"ImageObject\",\"inLanguage\":\"fr-FR\",\"@id\":\"https:\\\/\\\/skyline-gs.com\\\/it\\\/#\\\/schema\\\/logo\\\/image\\\/\",\"url\":\"https:\\\/\\\/skyline-gs.com\\\/wp-content\\\/uploads\\\/2020\\\/12\\\/cropped-logo-2.png\",\"contentUrl\":\"https:\\\/\\\/skyline-gs.com\\\/wp-content\\\/uploads\\\/2020\\\/12\\\/cropped-logo-2.png\",\"width\":512,\"height\":512,\"caption\":\"\u042d\u043a\u0441\u043a\u0443\u0440\u0441\u0438\u0438 Skyline\"},\"image\":{\"@id\":\"https:\\\/\\\/skyline-gs.com\\\/it\\\/#\\\/schema\\\/logo\\\/image\\\/\"},\"sameAs\":[\"https:\\\/\\\/www.instagram.com\\\/skylineglobalservice\\\/\"]}]}<\/script>\n<!-- \/ Yoast SEO plugin. -->","yoast_head_json":{"title":"\u0414\u0430\u0439\u0432\u0438\u043d\u0433 \u0441 \u0431\u0435\u0440\u0435\u0433\u0430 (\u0432\u0442\u043e\u0440\u0430\u044f \u043f\u043e\u043b\u043e\u0432\u0438\u043d\u0430 \u0434\u043d\u044f) &#8226; \u042d\u043a\u0441\u043a\u0443\u0440\u0441\u0438\u0438 Skyline","robots":{"index":"index","follow":"follow","max-snippet":"max-snippet:-1","max-image-preview":"max-image-preview:large","max-video-preview":"max-video-preview:-1"},"canonical":"https:\/\/skyline-gs.com\/fr\/produit\/afternun-diving-from-the-shore-sharm\/","og_locale":"fr_FR","og_type":"article","og_title":"\u0414\u0430\u0439\u0432\u0438\u043d\u0433 \u0441 \u0431\u0435\u0440\u0435\u0433\u0430 (\u0432\u0442\u043e\u0440\u0430\u044f \u043f\u043e\u043b\u043e\u0432\u0438\u043d\u0430 \u0434\u043d\u044f) &#8226; \u042d\u043a\u0441\u043a\u0443\u0440\u0441\u0438\u0438 Skyline","og_description":"\u0412\u0440\u0435\u043c\u044f \u0442\u0443\u0440\u0430: 14:30 - 16:30  \u0414\u043d\u0438 \u043f\u0440\u043e\u0432\u0435\u0434\u0435\u043d\u0438\u044f: \u041a\u0430\u0436\u0434\u044b\u0439 \u0434\u0435\u043d\u044c","og_url":"https:\/\/skyline-gs.com\/fr\/produit\/afternun-diving-from-the-shore-sharm\/","og_site_name":"\u042d\u043a\u0441\u043a\u0443\u0440\u0441\u0438\u0438 Skyline","article_modified_time":"2026-03-22T21:27:56+00:00","og_image":[{"width":900,"height":600,"url":"https:\/\/skyline-gs.com\/wp-content\/uploads\/2025\/10\/dajving-8-of-8.jpg","type":"image\/jpeg"}],"twitter_card":"summary_large_image","twitter_misc":{"Dur\u00e9e de lecture estim\u00e9e":"1 minute"},"schema":{"@context":"https:\/\/schema.org","@graph":[{"@type":"WebPage","@id":"https:\/\/skyline-gs.com\/product\/afternun-diving-from-the-shore-sharm\/","url":"https:\/\/skyline-gs.com\/product\/afternun-diving-from-the-shore-sharm\/","name":"\u0414\u0430\u0439\u0432\u0438\u043d\u0433 \u0441 \u0431\u0435\u0440\u0435\u0433\u0430 (\u0432\u0442\u043e\u0440\u0430\u044f \u043f\u043e\u043b\u043e\u0432\u0438\u043d\u0430 \u0434\u043d\u044f) &#8226; \u042d\u043a\u0441\u043a\u0443\u0440\u0441\u0438\u0438 Skyline","isPartOf":{"@id":"https:\/\/skyline-gs.com\/it\/#website"},"primaryImageOfPage":{"@id":"https:\/\/skyline-gs.com\/product\/afternun-diving-from-the-shore-sharm\/#primaryimage"},"image":{"@id":"https:\/\/skyline-gs.com\/product\/afternun-diving-from-the-shore-sharm\/#primaryimage"},"thumbnailUrl":"https:\/\/skyline-gs.com\/wp-content\/uploads\/2025\/10\/dajving-8-of-8.jpg","datePublished":"2025-10-30T10:47:29+00:00","dateModified":"2026-03-22T21:27:56+00:00","breadcrumb":{"@id":"https:\/\/skyline-gs.com\/product\/afternun-diving-from-the-shore-sharm\/#breadcrumb"},"inLanguage":"fr-FR","potentialAction":[{"@type":"ReadAction","target":["https:\/\/skyline-gs.com\/product\/afternun-diving-from-the-shore-sharm\/"]}]},{"@type":"ImageObject","inLanguage":"fr-FR","@id":"https:\/\/skyline-gs.com\/product\/afternun-diving-from-the-shore-sharm\/#primaryimage","url":"https:\/\/skyline-gs.com\/wp-content\/uploads\/2025\/10\/dajving-8-of-8.jpg","contentUrl":"https:\/\/skyline-gs.com\/wp-content\/uploads\/2025\/10\/dajving-8-of-8.jpg","width":900,"height":600},{"@type":"BreadcrumbList","@id":"https:\/\/skyline-gs.com\/product\/afternun-diving-from-the-shore-sharm\/#breadcrumb","itemListElement":[{"@type":"ListItem","position":1,"name":"\u0413\u043b\u0430\u0432\u043d\u0430\u044f \u0441\u0442\u0440\u0430\u043d\u0438\u0446\u0430","item":"https:\/\/skyline-gs.com\/hu\/"},{"@type":"ListItem","position":2,"name":"\u041c\u0430\u0433\u0430\u0437\u0438\u043d","item":"https:\/\/skyline-gs.com\/cs\/shop\/"},{"@type":"ListItem","position":3,"name":"\u0414\u0430\u0439\u0432\u0438\u043d\u0433 \u0441 \u0431\u0435\u0440\u0435\u0433\u0430 (\u0432\u0442\u043e\u0440\u0430\u044f \u043f\u043e\u043b\u043e\u0432\u0438\u043d\u0430 \u0434\u043d\u044f)"}]},{"@type":"WebSite","@id":"https:\/\/skyline-gs.com\/it\/#website","url":"https:\/\/skyline-gs.com\/it\/","name":"Excursions Skyline","description":"Excursions exclusives dans les meilleurs centres de vill\u00e9giature du monde","publisher":{"@id":"https:\/\/skyline-gs.com\/it\/#organization"},"alternateName":"Skyline","potentialAction":[{"@type":"SearchAction","target":{"@type":"EntryPoint","urlTemplate":"https:\/\/skyline-gs.com\/it\/?s={search_term_string}"},"query-input":{"@type":"PropertyValueSpecification","valueRequired":true,"valueName":"search_term_string"}}],"inLanguage":"fr-FR"},{"@type":"Organization","@id":"https:\/\/skyline-gs.com\/it\/#organization","name":"Excursions Skyline","alternateName":"\u042d\u043a\u0441\u043a\u0443\u0440\u0441\u0438\u0438 Skyline","url":"https:\/\/skyline-gs.com\/it\/","logo":{"@type":"ImageObject","inLanguage":"fr-FR","@id":"https:\/\/skyline-gs.com\/it\/#\/schema\/logo\/image\/","url":"https:\/\/skyline-gs.com\/wp-content\/uploads\/2020\/12\/cropped-logo-2.png","contentUrl":"https:\/\/skyline-gs.com\/wp-content\/uploads\/2020\/12\/cropped-logo-2.png","width":512,"height":512,"caption":"\u042d\u043a\u0441\u043a\u0443\u0440\u0441\u0438\u0438 Skyline"},"image":{"@id":"https:\/\/skyline-gs.com\/it\/#\/schema\/logo\/image\/"},"sameAs":["https:\/\/www.instagram.com\/skylineglobalservice\/"]}]}},"_links":{"self":[{"href":"https:\/\/skyline-gs.com\/fr\/wp-json\/wp\/v2\/product\/70658","targetHints":{"allow":["GET"]}}],"collection":[{"href":"https:\/\/skyline-gs.com\/fr\/wp-json\/wp\/v2\/product"}],"about":[{"href":"https:\/\/skyline-gs.com\/fr\/wp-json\/wp\/v2\/types\/product"}],"version-history":[{"count":0,"href":"https:\/\/skyline-gs.com\/fr\/wp-json\/wp\/v2\/product\/70658\/revisions"}],"wp:featuredmedia":[{"embeddable":true,"href":"https:\/\/skyline-gs.com\/fr\/wp-json\/wp\/v2\/media\/70648"}],"wp:attachment":[{"href":"https:\/\/skyline-gs.com\/fr\/wp-json\/wp\/v2\/media?parent=70658"}],"wp:term":[{"taxonomy":"product_brand","embeddable":true,"href":"https:\/\/skyline-gs.com\/fr\/wp-json\/wp\/v2\/product_brand?post=70658"},{"taxonomy":"product_cat","embeddable":true,"href":"https:\/\/skyline-gs.com\/fr\/wp-json\/wp\/v2\/product_cat?post=70658"},{"taxonomy":"product_tag","embeddable":true,"href":"https:\/\/skyline-gs.com\/fr\/wp-json\/wp\/v2\/product_tag?post=70658"}],"curies":[{"name":"wp","href":"https:\/\/api.w.org\/{rel}","templated":true}]}}