{"id":67373,"date":"2025-10-13T22:19:50","date_gmt":"2025-10-13T20:19:50","guid":{"rendered":"http:\/\/skyline-gs.com\/?post_type=product&#038;p=67373"},"modified":"2025-10-17T00:25:30","modified_gmt":"2025-10-16T22:25:30","slug":"new-evening-bangkok","status":"publish","type":"product","link":"https:\/\/skyline-gs.com\/fr\/product\/new-evening-bangkok\/","title":{"rendered":"Nouvelle soir\u00e9e Bangkok"},"content":{"rendered":"<p>Vous voulez savoir pourquoi Bangkok est consid\u00e9r\u00e9e comme l'une des villes les plus visit\u00e9es au monde ? Ce circuit combine les meilleures attractions de la capitale, des gratte-ciel modernes aux temples anciens, en passant par une croisi\u00e8re fluviale en soir\u00e9e. Vous profiterez d'une journ\u00e9e bien remplie, avec des vues \u00e0 couper le souffle, des d\u00e9couvertes culturelles et une d\u00e9licieuse cuisine tha\u00eflandaise.<\/p>\n<p data-start=\"474\" data-end=\"809\"><strong>Programme de la visite :<\/strong><\/p>\n<p>09:30-10:00 - D\u00e9part de Pattaya<br \/>\n12:00 - Tour Mahanakhon - un pont d'observation de 314 m\u00e8tres de haut avec un sol en verre<br \/>\n13:00 - Parc Lumpini - oasis de verdure de la capitale, promenade \u00e0 pied et en catamaran<br \/>\n15:30 - Tour en Sky Train et visite de Siam Paragon, \u00e9ventuellement visite de l'Oc\u00e9anarium Sea Life Bangkok<br \/>\n16:30 - Temple du moine Sage avec la plus haute statue de Bouddha debout (32m, recouverte de mosa\u00efque dor\u00e9e)<br \/>\n17:10-18:50 - Centre commercial Icon Siam et spectacle de fontaines \u00e9clair\u00e9es au laser<br \/>\n19:45-21:45 - Croisi\u00e8re du soir sur le fleuve Chao Praya avec buffet et spectacle de danse tha\u00eflandaise<br \/>\n21:45-23:45 - Retour \u00e0 Pattaya<\/p>\n<p><strong>Inclus :<\/strong><\/p>\n<ul>\n<li>Transfert depuis et vers l'h\u00f4tel<\/li>\n<li>Billets d'entr\u00e9e<\/li>\n<li>Guide parlant russe<\/li>\n<li>Assurance<\/li>\n<\/ul>\n<p><strong>Emportez-le avec vous :<\/strong><\/p>\n<ul>\n<li>Chaussures confortables<\/li>\n<li>V\u00eatements pour la visite des temples (\u00e9paules et genoux couverts)<\/li>\n<li>Coiffure<\/li>\n<li>appareil photo\/vid\u00e9o<\/li>\n<li>Argent pour les d\u00e9penses personnelles<\/li>\n<\/ul>\n<p><strong>Informations compl\u00e9mentaires :<\/strong><\/p>\n<ul>\n<li>Les billets pour enfants sont compt\u00e9s en fonction de la taille, de 90 \u00e0 120 cm. Un enfant jusqu'\u00e0 90 cm passe gratuitement.<\/li>\n<li>Les personnes sous l'influence de l'alcool ou de drogues ne sont pas autoris\u00e9es \u00e0 participer \u00e0 la visite, sous peine de perdre les fonds vers\u00e9s.<\/li>\n<\/ul>","protected":false},"excerpt":{"rendered":"<p><strong>Temps du Tour:<\/strong> de 07h00 \u00e0 19h00<br \/>\n<strong>Jours de D\u00e9roulement:<\/strong> Vendredi, dimanche<\/p>","protected":false},"featured_media":67496,"template":"","meta":{"_kad_post_transparent":"default","_kad_post_title":"","_kad_post_layout":"default","_kad_post_sidebar_id":"","_kad_post_content_style":"default","_kad_post_vertical_padding":"default","_kad_post_feature":"","_kad_post_feature_position":"","_kad_post_header":false,"_kad_post_footer":false,"_kad_post_classname":"","_glsr_average":0,"_glsr_ranking":0,"_glsr_reviews":0},"product_brand":[],"product_cat":[507],"product_tag":[],"class_list":{"0":"post-67373","1":"product","2":"type-product","3":"status-publish","4":"has-post-thumbnail","6":"product_cat-pattaya","7":"tm-has-options","9":"first","10":"instock","11":"sold-individually","12":"taxable","13":"shipping-taxable","14":"purchasable","15":"product-type-simple","16":"entry","17":"content-bg","18":"loop-entry"},"yoast_head":"<!-- This site is optimized with the Yoast SEO plugin v27.3 - https:\/\/yoast.com\/product\/yoast-seo-wordpress\/ -->\n<title>\u041d\u043e\u0432\u044b\u0439 \u0412\u0435\u0447\u0435\u0440\u043d\u0438\u0439 \u0411\u0430\u043d\u0433\u043a\u043e\u043a &#8226; \u042d\u043a\u0441\u043a\u0443\u0440\u0441\u0438\u0438 Skyline<\/title>\n<meta name=\"robots\" content=\"index, follow, max-snippet:-1, max-image-preview:large, max-video-preview:-1\" \/>\n<link rel=\"canonical\" href=\"http:\/\/skyline-gs.com\/fr\/produit\/new-evening-bangkok\/\" \/>\n<meta property=\"og:locale\" content=\"fr_FR\" \/>\n<meta property=\"og:type\" content=\"article\" \/>\n<meta property=\"og:title\" content=\"\u041d\u043e\u0432\u044b\u0439 \u0412\u0435\u0447\u0435\u0440\u043d\u0438\u0439 \u0411\u0430\u043d\u0433\u043a\u043e\u043a &#8226; \u042d\u043a\u0441\u043a\u0443\u0440\u0441\u0438\u0438 Skyline\" \/>\n<meta property=\"og:description\" content=\"\u0412\u0440\u0435\u043c\u044f \u0442\u0443\u0440\u0430: \u0441 07:00 \u2014 \u0434\u043e 19:00 \u0414\u043d\u0438 \u043f\u0440\u043e\u0432\u0435\u0434\u0435\u043d\u0438\u044f: \u043f\u044f\u0442\u043d\u0438\u0446\u0430, \u0432\u043e\u0441\u043a\u0440\u0435\u0441\u0435\u043d\u044c\u0435\" \/>\n<meta property=\"og:url\" content=\"http:\/\/skyline-gs.com\/fr\/produit\/new-evening-bangkok\/\" \/>\n<meta property=\"og:site_name\" content=\"\u042d\u043a\u0441\u043a\u0443\u0440\u0441\u0438\u0438 Skyline\" \/>\n<meta property=\"article:modified_time\" content=\"2025-10-16T22:25:30+00:00\" \/>\n<meta property=\"og:image\" content=\"https:\/\/skyline-gs.com\/wp-content\/uploads\/2025\/10\/img_7012.jpg.webp\" \/>\n\t<meta property=\"og:image:width\" content=\"749\" \/>\n\t<meta property=\"og:image:height\" content=\"931\" \/>\n\t<meta property=\"og:image:type\" content=\"image\/webp\" \/>\n<meta name=\"twitter:card\" content=\"summary_large_image\" \/>\n<meta name=\"twitter:label1\" content=\"Dur\u00e9e de lecture estim\u00e9e\" \/>\n\t<meta name=\"twitter:data1\" content=\"2 minutes\" \/>\n<script type=\"application\/ld+json\" class=\"yoast-schema-graph\">{\"@context\":\"https:\\\/\\\/schema.org\",\"@graph\":[{\"@type\":\"WebPage\",\"@id\":\"http:\\\/\\\/skyline-gs.com\\\/de\\\/produkt\\\/new-evening-bangkok\\\/\",\"url\":\"http:\\\/\\\/skyline-gs.com\\\/de\\\/produkt\\\/new-evening-bangkok\\\/\",\"name\":\"\u041d\u043e\u0432\u044b\u0439 \u0412\u0435\u0447\u0435\u0440\u043d\u0438\u0439 \u0411\u0430\u043d\u0433\u043a\u043e\u043a &#8226; \u042d\u043a\u0441\u043a\u0443\u0440\u0441\u0438\u0438 Skyline\",\"isPartOf\":{\"@id\":\"https:\\\/\\\/skyline-gs.com\\\/it\\\/#website\"},\"primaryImageOfPage\":{\"@id\":\"http:\\\/\\\/skyline-gs.com\\\/de\\\/produkt\\\/new-evening-bangkok\\\/#primaryimage\"},\"image\":{\"@id\":\"http:\\\/\\\/skyline-gs.com\\\/de\\\/produkt\\\/new-evening-bangkok\\\/#primaryimage\"},\"thumbnailUrl\":\"https:\\\/\\\/skyline-gs.com\\\/wp-content\\\/uploads\\\/2025\\\/10\\\/img_7012.jpg.webp\",\"datePublished\":\"2025-10-13T20:19:50+00:00\",\"dateModified\":\"2025-10-16T22:25:30+00:00\",\"breadcrumb\":{\"@id\":\"http:\\\/\\\/skyline-gs.com\\\/de\\\/produkt\\\/new-evening-bangkok\\\/#breadcrumb\"},\"inLanguage\":\"fr-FR\",\"potentialAction\":[{\"@type\":\"ReadAction\",\"target\":[\"http:\\\/\\\/skyline-gs.com\\\/de\\\/produkt\\\/new-evening-bangkok\\\/\"]}]},{\"@type\":\"ImageObject\",\"inLanguage\":\"fr-FR\",\"@id\":\"http:\\\/\\\/skyline-gs.com\\\/de\\\/produkt\\\/new-evening-bangkok\\\/#primaryimage\",\"url\":\"https:\\\/\\\/skyline-gs.com\\\/wp-content\\\/uploads\\\/2025\\\/10\\\/img_7012.jpg.webp\",\"contentUrl\":\"https:\\\/\\\/skyline-gs.com\\\/wp-content\\\/uploads\\\/2025\\\/10\\\/img_7012.jpg.webp\",\"width\":749,\"height\":931},{\"@type\":\"BreadcrumbList\",\"@id\":\"http:\\\/\\\/skyline-gs.com\\\/de\\\/produkt\\\/new-evening-bangkok\\\/#breadcrumb\",\"itemListElement\":[{\"@type\":\"ListItem\",\"position\":1,\"name\":\"\u0413\u043b\u0430\u0432\u043d\u0430\u044f \u0441\u0442\u0440\u0430\u043d\u0438\u0446\u0430\",\"item\":\"https:\\\/\\\/skyline-gs.com\\\/hu\\\/\"},{\"@type\":\"ListItem\",\"position\":2,\"name\":\"\u041c\u0430\u0433\u0430\u0437\u0438\u043d\",\"item\":\"https:\\\/\\\/skyline-gs.com\\\/cs\\\/shop\\\/\"},{\"@type\":\"ListItem\",\"position\":3,\"name\":\"\u041d\u043e\u0432\u044b\u0439 \u0412\u0435\u0447\u0435\u0440\u043d\u0438\u0439 \u0411\u0430\u043d\u0433\u043a\u043e\u043a\"}]},{\"@type\":\"WebSite\",\"@id\":\"https:\\\/\\\/skyline-gs.com\\\/it\\\/#website\",\"url\":\"https:\\\/\\\/skyline-gs.com\\\/it\\\/\",\"name\":\"\u042d\u043a\u0441\u043a\u0443\u0440\u0441\u0438\u0438 Skyline\",\"description\":\"\u042d\u043a\u0441\u043a\u043b\u044e\u0437\u0438\u0432\u043d\u044b\u0435 \u044d\u043a\u0441\u043a\u0443\u0440\u0441\u0438\u0438 \u043d\u0430 \u043b\u0443\u0447\u0448\u0438\u0445 \u043a\u0443\u0440\u043e\u0440\u0442\u0430\u0445 \u043c\u0438\u0440\u0430\",\"publisher\":{\"@id\":\"https:\\\/\\\/skyline-gs.com\\\/it\\\/#organization\"},\"alternateName\":\"Skyline\",\"potentialAction\":[{\"@type\":\"SearchAction\",\"target\":{\"@type\":\"EntryPoint\",\"urlTemplate\":\"https:\\\/\\\/skyline-gs.com\\\/it\\\/?s={search_term_string}\"},\"query-input\":{\"@type\":\"PropertyValueSpecification\",\"valueRequired\":true,\"valueName\":\"search_term_string\"}}],\"inLanguage\":\"fr-FR\"},{\"@type\":\"Organization\",\"@id\":\"https:\\\/\\\/skyline-gs.com\\\/it\\\/#organization\",\"name\":\"\u042d\u043a\u0441\u043a\u0443\u0440\u0441\u0438\u0438 Skyline\",\"alternateName\":\"\u042d\u043a\u0441\u043a\u0443\u0440\u0441\u0438\u0438 Skyline\",\"url\":\"https:\\\/\\\/skyline-gs.com\\\/it\\\/\",\"logo\":{\"@type\":\"ImageObject\",\"inLanguage\":\"fr-FR\",\"@id\":\"https:\\\/\\\/skyline-gs.com\\\/it\\\/#\\\/schema\\\/logo\\\/image\\\/\",\"url\":\"https:\\\/\\\/skyline-gs.com\\\/wp-content\\\/uploads\\\/2020\\\/12\\\/cropped-logo-2.png\",\"contentUrl\":\"https:\\\/\\\/skyline-gs.com\\\/wp-content\\\/uploads\\\/2020\\\/12\\\/cropped-logo-2.png\",\"width\":512,\"height\":512,\"caption\":\"\u042d\u043a\u0441\u043a\u0443\u0440\u0441\u0438\u0438 Skyline\"},\"image\":{\"@id\":\"https:\\\/\\\/skyline-gs.com\\\/it\\\/#\\\/schema\\\/logo\\\/image\\\/\"},\"sameAs\":[\"https:\\\/\\\/www.instagram.com\\\/skylineglobalservice\\\/\"]}]}<\/script>\n<!-- \/ Yoast SEO plugin. -->","yoast_head_json":{"title":"Nouvelle soir\u00e9e \u00e0 Bangkok - Excursions Skyline","robots":{"index":"index","follow":"follow","max-snippet":"max-snippet:-1","max-image-preview":"max-image-preview:large","max-video-preview":"max-video-preview:-1"},"canonical":"http:\/\/skyline-gs.com\/fr\/produit\/new-evening-bangkok\/","og_locale":"fr_FR","og_type":"article","og_title":"\u041d\u043e\u0432\u044b\u0439 \u0412\u0435\u0447\u0435\u0440\u043d\u0438\u0439 \u0411\u0430\u043d\u0433\u043a\u043e\u043a &#8226; \u042d\u043a\u0441\u043a\u0443\u0440\u0441\u0438\u0438 Skyline","og_description":"\u0412\u0440\u0435\u043c\u044f \u0442\u0443\u0440\u0430: \u0441 07:00 \u2014 \u0434\u043e 19:00 \u0414\u043d\u0438 \u043f\u0440\u043e\u0432\u0435\u0434\u0435\u043d\u0438\u044f: \u043f\u044f\u0442\u043d\u0438\u0446\u0430, \u0432\u043e\u0441\u043a\u0440\u0435\u0441\u0435\u043d\u044c\u0435","og_url":"http:\/\/skyline-gs.com\/fr\/produit\/new-evening-bangkok\/","og_site_name":"\u042d\u043a\u0441\u043a\u0443\u0440\u0441\u0438\u0438 Skyline","article_modified_time":"2025-10-16T22:25:30+00:00","og_image":[{"width":749,"height":931,"url":"https:\/\/skyline-gs.com\/wp-content\/uploads\/2025\/10\/img_7012.jpg.webp","type":"image\/webp"}],"twitter_card":"summary_large_image","twitter_misc":{"Dur\u00e9e de lecture estim\u00e9e":"2 minutes"},"schema":{"@context":"https:\/\/schema.org","@graph":[{"@type":"WebPage","@id":"http:\/\/skyline-gs.com\/de\/produkt\/new-evening-bangkok\/","url":"http:\/\/skyline-gs.com\/de\/produkt\/new-evening-bangkok\/","name":"Nouvelle soir\u00e9e \u00e0 Bangkok - Excursions Skyline","isPartOf":{"@id":"https:\/\/skyline-gs.com\/it\/#website"},"primaryImageOfPage":{"@id":"http:\/\/skyline-gs.com\/de\/produkt\/new-evening-bangkok\/#primaryimage"},"image":{"@id":"http:\/\/skyline-gs.com\/de\/produkt\/new-evening-bangkok\/#primaryimage"},"thumbnailUrl":"https:\/\/skyline-gs.com\/wp-content\/uploads\/2025\/10\/img_7012.jpg.webp","datePublished":"2025-10-13T20:19:50+00:00","dateModified":"2025-10-16T22:25:30+00:00","breadcrumb":{"@id":"http:\/\/skyline-gs.com\/de\/produkt\/new-evening-bangkok\/#breadcrumb"},"inLanguage":"fr-FR","potentialAction":[{"@type":"ReadAction","target":["http:\/\/skyline-gs.com\/de\/produkt\/new-evening-bangkok\/"]}]},{"@type":"ImageObject","inLanguage":"fr-FR","@id":"http:\/\/skyline-gs.com\/de\/produkt\/new-evening-bangkok\/#primaryimage","url":"https:\/\/skyline-gs.com\/wp-content\/uploads\/2025\/10\/img_7012.jpg.webp","contentUrl":"https:\/\/skyline-gs.com\/wp-content\/uploads\/2025\/10\/img_7012.jpg.webp","width":749,"height":931},{"@type":"BreadcrumbList","@id":"http:\/\/skyline-gs.com\/de\/produkt\/new-evening-bangkok\/#breadcrumb","itemListElement":[{"@type":"ListItem","position":1,"name":"\u0413\u043b\u0430\u0432\u043d\u0430\u044f \u0441\u0442\u0440\u0430\u043d\u0438\u0446\u0430","item":"https:\/\/skyline-gs.com\/hu\/"},{"@type":"ListItem","position":2,"name":"\u041c\u0430\u0433\u0430\u0437\u0438\u043d","item":"https:\/\/skyline-gs.com\/cs\/shop\/"},{"@type":"ListItem","position":3,"name":"\u041d\u043e\u0432\u044b\u0439 \u0412\u0435\u0447\u0435\u0440\u043d\u0438\u0439 \u0411\u0430\u043d\u0433\u043a\u043e\u043a"}]},{"@type":"WebSite","@id":"https:\/\/skyline-gs.com\/it\/#website","url":"https:\/\/skyline-gs.com\/it\/","name":"Excursions Skyline","description":"Excursions exclusives dans les meilleurs centres de vill\u00e9giature du monde","publisher":{"@id":"https:\/\/skyline-gs.com\/it\/#organization"},"alternateName":"Skyline","potentialAction":[{"@type":"SearchAction","target":{"@type":"EntryPoint","urlTemplate":"https:\/\/skyline-gs.com\/it\/?s={search_term_string}"},"query-input":{"@type":"PropertyValueSpecification","valueRequired":true,"valueName":"search_term_string"}}],"inLanguage":"fr-FR"},{"@type":"Organization","@id":"https:\/\/skyline-gs.com\/it\/#organization","name":"Excursions Skyline","alternateName":"\u042d\u043a\u0441\u043a\u0443\u0440\u0441\u0438\u0438 Skyline","url":"https:\/\/skyline-gs.com\/it\/","logo":{"@type":"ImageObject","inLanguage":"fr-FR","@id":"https:\/\/skyline-gs.com\/it\/#\/schema\/logo\/image\/","url":"https:\/\/skyline-gs.com\/wp-content\/uploads\/2020\/12\/cropped-logo-2.png","contentUrl":"https:\/\/skyline-gs.com\/wp-content\/uploads\/2020\/12\/cropped-logo-2.png","width":512,"height":512,"caption":"\u042d\u043a\u0441\u043a\u0443\u0440\u0441\u0438\u0438 Skyline"},"image":{"@id":"https:\/\/skyline-gs.com\/it\/#\/schema\/logo\/image\/"},"sameAs":["https:\/\/www.instagram.com\/skylineglobalservice\/"]}]}},"_links":{"self":[{"href":"https:\/\/skyline-gs.com\/fr\/wp-json\/wp\/v2\/product\/67373","targetHints":{"allow":["GET"]}}],"collection":[{"href":"https:\/\/skyline-gs.com\/fr\/wp-json\/wp\/v2\/product"}],"about":[{"href":"https:\/\/skyline-gs.com\/fr\/wp-json\/wp\/v2\/types\/product"}],"version-history":[{"count":0,"href":"https:\/\/skyline-gs.com\/fr\/wp-json\/wp\/v2\/product\/67373\/revisions"}],"wp:featuredmedia":[{"embeddable":true,"href":"https:\/\/skyline-gs.com\/fr\/wp-json\/wp\/v2\/media\/67496"}],"wp:attachment":[{"href":"https:\/\/skyline-gs.com\/fr\/wp-json\/wp\/v2\/media?parent=67373"}],"wp:term":[{"taxonomy":"product_brand","embeddable":true,"href":"https:\/\/skyline-gs.com\/fr\/wp-json\/wp\/v2\/product_brand?post=67373"},{"taxonomy":"product_cat","embeddable":true,"href":"https:\/\/skyline-gs.com\/fr\/wp-json\/wp\/v2\/product_cat?post=67373"},{"taxonomy":"product_tag","embeddable":true,"href":"https:\/\/skyline-gs.com\/fr\/wp-json\/wp\/v2\/product_tag?post=67373"}],"curies":[{"name":"wp","href":"https:\/\/api.w.org\/{rel}","templated":true}]}}