{"id":66921,"date":"2025-10-01T21:29:04","date_gmt":"2025-10-01T19:29:04","guid":{"rendered":"http:\/\/skyline-gs.com\/?post_type=product&#038;p=66921"},"modified":"2025-10-01T21:49:42","modified_gmt":"2025-10-01T19:49:42","slug":"royal-hua-hin-2","status":"publish","type":"product","link":"https:\/\/skyline-gs.com\/fr\/product\/royal-hua-hin\/","title":{"rendered":"Royal Hua Hin"},"content":{"rendered":"<p>Voyage dans la station royale de Hua Hin : temples, grottes, parc national et palais royaux, le tout pour d\u00e9couvrir la vie royale c\u00f4ti\u00e8re et les merveilles naturelles de la r\u00e9gion.<\/p>\n<p data-start=\"474\" data-end=\"809\"><strong data-start=\"474\" data-end=\"488\">Programme : <\/strong><\/p>\n<p><strong>1 jour :<\/strong><br \/>\n05:00 - d\u00e9part des h\u00f4tels de Pattaya<br \/>\n08:00 - arr\u00eat pour le petit d\u00e9jeuner<br \/>\n09:00 - Wat Na Yang - un temple avec une figure g\u00e9ante de moine<br \/>\n10:00 - Wat Ta Nod Luang - un temple en forme de bateau<br \/>\n11:00 - Temple-caverne Wat Cha Am<br \/>\n12:30 - d\u00e9jeuner<br \/>\n15:30 - Salle d'attente royale (gare de Hua Hin)<br \/>\n16:30 - Point de vue de Khao Takiab (une montagne avec une statue de Bouddha de 20 m\u00e8tres de haut)<br \/>\n17:30 - enregistrement \u00e0 l'h\u00f4tel, repos<br \/>\n18:30 - Hua Hin Night Market + Cicada Market vernissage<br \/>\n21:30 - retour \u00e0 l'h\u00f4tel<\/p>\n<p><strong>Jour 2 :<\/strong><br \/>\n07:30 - petit d\u00e9jeuner \u00e0 l'h\u00f4tel<br \/>\n08:30 - Temple-caverne Wat Tham Khao Tao<br \/>\n09:30 - Plages de Sai Noi et Sai Yai (repos, baignade)<br \/>\n11:30 - Parc national de Sam Roi Yot et grotte de Phraya Nakorn<br \/>\n14:00 - d\u00e9jeuner<br \/>\n16:00 - Complexe du temple Wat Huay Mongkol et statue de Luang Pu Thuat<br \/>\n18:20 - la montagne au million de chauves-souris (le soir)<br \/>\n20:00 - arr\u00eat sur le chemin du retour<br \/>\n22:30 - arriv\u00e9e \u00e0 Pattaya<\/p>\n<p><strong style=\"font-family: var(--global-body-font-family);\">Inclus :<\/strong><\/p>\n<ul>\n<li>Transfert depuis et vers l'h\u00f4tel<\/li>\n<li>H\u00e9bergement h\u00f4telier<\/li>\n<li>Tous les billets d'entr\u00e9e selon le programme<\/li>\n<li>Repas (petit-d\u00e9jeuner, d\u00e9jeuner)<\/li>\n<li>Guide parlant russe<\/li>\n<li>Assurance<\/li>\n<\/ul>\n<p><strong>Emportez-le avec vous :<\/strong><\/p>\n<ul>\n<li>Passeport ou copie de celui-ci<\/li>\n<li>Appareil photo\/vid\u00e9o<\/li>\n<li>Chaussures confortables<\/li>\n<li>V\u00eatements avec \u00e9paules et genoux couverts<\/li>\n<li>Coiffure et lunettes de soleil<\/li>\n<li>Maillots de bain<\/li>\n<li>Argent pour les d\u00e9penses personnelles<\/li>\n<\/ul>\n<p><strong>Informations compl\u00e9mentaires :<\/strong><\/p>\n<ul>\n<li>Le d\u00eener du premier jour n'est pas inclus dans le prix de base.<\/li>\n<li>L'occupation simple peut faire l'objet d'un suppl\u00e9ment.<\/li>\n<li>Le programme peut \u00eatre modifi\u00e9 en fonction des conditions m\u00e9t\u00e9orologiques ou de l'\u00e9tat des routes.<\/li>\n<li>Option individuelle avec transfert personnalis\u00e9 et itin\u00e9raire flexible disponible sur demande<\/li>\n<\/ul>","protected":false},"excerpt":{"rendered":"<p><strong>Temps du Tour:<\/strong> 2 jours \/ 1 nuit<br \/>\n<strong>Jours de D\u00e9roulement:<\/strong> se renseigner lors de la r\u00e9servation<\/p>","protected":false},"featured_media":66924,"template":"","meta":{"_kad_post_transparent":"default","_kad_post_title":"","_kad_post_layout":"default","_kad_post_sidebar_id":"","_kad_post_content_style":"default","_kad_post_vertical_padding":"default","_kad_post_feature":"","_kad_post_feature_position":"","_kad_post_header":false,"_kad_post_footer":false,"_kad_post_classname":"","_glsr_average":0,"_glsr_ranking":0,"_glsr_reviews":0},"product_brand":[],"product_cat":[507],"product_tag":[],"class_list":{"0":"post-66921","1":"product","2":"type-product","3":"status-publish","4":"has-post-thumbnail","6":"product_cat-pattaya","7":"tm-has-options","9":"first","10":"instock","11":"sold-individually","12":"taxable","13":"shipping-taxable","14":"purchasable","15":"product-type-simple","16":"entry","17":"content-bg","18":"loop-entry"},"yoast_head":"<!-- This site is optimized with the Yoast SEO plugin v27.4 - https:\/\/yoast.com\/product\/yoast-seo-wordpress\/ -->\n<title>\u041a\u043e\u0440\u043e\u043b\u0435\u0432\u0441\u043a\u0438\u0439 \u0425\u0443\u0430\u0445\u0438\u043d &#8226; \u042d\u043a\u0441\u043a\u0443\u0440\u0441\u0438\u0438 Skyline<\/title>\n<meta name=\"robots\" content=\"index, follow, max-snippet:-1, max-image-preview:large, max-video-preview:-1\" \/>\n<link rel=\"canonical\" href=\"https:\/\/skyline-gs.com\/fr\/produit\/royal-hua-hin-2\/\" \/>\n<meta property=\"og:locale\" content=\"fr_FR\" \/>\n<meta property=\"og:type\" content=\"article\" \/>\n<meta property=\"og:title\" content=\"\u041a\u043e\u0440\u043e\u043b\u0435\u0432\u0441\u043a\u0438\u0439 \u0425\u0443\u0430\u0445\u0438\u043d &#8226; \u042d\u043a\u0441\u043a\u0443\u0440\u0441\u0438\u0438 Skyline\" \/>\n<meta property=\"og:description\" content=\"\u0412\u0440\u0435\u043c\u044f \u0442\u0443\u0440\u0430: 2 \u0434\u043d\u044f \/ 1 \u043d\u043e\u0447\u044c \u0414\u043d\u0438 \u043f\u0440\u043e\u0432\u0435\u0434\u0435\u043d\u0438\u044f: \u0443\u0442\u043e\u0447\u043d\u044f\u0439\u0442\u0435 \u043f\u0440\u0438 \u0431\u0440\u043e\u043d\u0438\u0440\u043e\u0432\u0430\u043d\u0438\u0438\" \/>\n<meta property=\"og:url\" content=\"https:\/\/skyline-gs.com\/fr\/produit\/royal-hua-hin-2\/\" \/>\n<meta property=\"og:site_name\" content=\"\u042d\u043a\u0441\u043a\u0443\u0440\u0441\u0438\u0438 Skyline\" \/>\n<meta property=\"article:modified_time\" content=\"2025-10-01T19:49:42+00:00\" \/>\n<meta property=\"og:image\" content=\"https:\/\/skyline-gs.com\/wp-content\/uploads\/2025\/10\/hua-hin-2-e1765914901531.jpg\" \/>\n\t<meta property=\"og:image:width\" content=\"1565\" \/>\n\t<meta property=\"og:image:height\" content=\"1044\" \/>\n\t<meta property=\"og:image:type\" content=\"image\/jpeg\" \/>\n<meta name=\"twitter:card\" content=\"summary_large_image\" \/>\n<meta name=\"twitter:label1\" content=\"Dur\u00e9e de lecture estim\u00e9e\" \/>\n\t<meta name=\"twitter:data1\" content=\"2 minutes\" \/>\n<script type=\"application\/ld+json\" class=\"yoast-schema-graph\">{\"@context\":\"https:\\\/\\\/schema.org\",\"@graph\":[{\"@type\":\"WebPage\",\"@id\":\"https:\\\/\\\/skyline-gs.com\\\/cs\\\/produkt\\\/royal-hua-hin\\\/\",\"url\":\"https:\\\/\\\/skyline-gs.com\\\/cs\\\/produkt\\\/royal-hua-hin\\\/\",\"name\":\"\u041a\u043e\u0440\u043e\u043b\u0435\u0432\u0441\u043a\u0438\u0439 \u0425\u0443\u0430\u0445\u0438\u043d &#8226; \u042d\u043a\u0441\u043a\u0443\u0440\u0441\u0438\u0438 Skyline\",\"isPartOf\":{\"@id\":\"https:\\\/\\\/skyline-gs.com\\\/it\\\/#website\"},\"primaryImageOfPage\":{\"@id\":\"https:\\\/\\\/skyline-gs.com\\\/cs\\\/produkt\\\/royal-hua-hin\\\/#primaryimage\"},\"image\":{\"@id\":\"https:\\\/\\\/skyline-gs.com\\\/cs\\\/produkt\\\/royal-hua-hin\\\/#primaryimage\"},\"thumbnailUrl\":\"https:\\\/\\\/skyline-gs.com\\\/wp-content\\\/uploads\\\/2025\\\/10\\\/hua-hin-2-e1765914901531.jpg\",\"datePublished\":\"2025-10-01T19:29:04+00:00\",\"dateModified\":\"2025-10-01T19:49:42+00:00\",\"breadcrumb\":{\"@id\":\"https:\\\/\\\/skyline-gs.com\\\/cs\\\/produkt\\\/royal-hua-hin\\\/#breadcrumb\"},\"inLanguage\":\"fr-FR\",\"potentialAction\":[{\"@type\":\"ReadAction\",\"target\":[\"https:\\\/\\\/skyline-gs.com\\\/cs\\\/produkt\\\/royal-hua-hin\\\/\"]}]},{\"@type\":\"ImageObject\",\"inLanguage\":\"fr-FR\",\"@id\":\"https:\\\/\\\/skyline-gs.com\\\/cs\\\/produkt\\\/royal-hua-hin\\\/#primaryimage\",\"url\":\"https:\\\/\\\/skyline-gs.com\\\/wp-content\\\/uploads\\\/2025\\\/10\\\/hua-hin-2-e1765914901531.jpg\",\"contentUrl\":\"https:\\\/\\\/skyline-gs.com\\\/wp-content\\\/uploads\\\/2025\\\/10\\\/hua-hin-2-e1765914901531.jpg\",\"width\":1565,\"height\":1044},{\"@type\":\"BreadcrumbList\",\"@id\":\"https:\\\/\\\/skyline-gs.com\\\/cs\\\/produkt\\\/royal-hua-hin\\\/#breadcrumb\",\"itemListElement\":[{\"@type\":\"ListItem\",\"position\":1,\"name\":\"\u0413\u043b\u0430\u0432\u043d\u0430\u044f \u0441\u0442\u0440\u0430\u043d\u0438\u0446\u0430\",\"item\":\"https:\\\/\\\/skyline-gs.com\\\/hu\\\/\"},{\"@type\":\"ListItem\",\"position\":2,\"name\":\"\u041c\u0430\u0433\u0430\u0437\u0438\u043d\",\"item\":\"https:\\\/\\\/skyline-gs.com\\\/cs\\\/shop\\\/\"},{\"@type\":\"ListItem\",\"position\":3,\"name\":\"\u041a\u043e\u0440\u043e\u043b\u0435\u0432\u0441\u043a\u0438\u0439 \u0425\u0443\u0430\u0445\u0438\u043d\"}]},{\"@type\":\"WebSite\",\"@id\":\"https:\\\/\\\/skyline-gs.com\\\/it\\\/#website\",\"url\":\"https:\\\/\\\/skyline-gs.com\\\/it\\\/\",\"name\":\"\u042d\u043a\u0441\u043a\u0443\u0440\u0441\u0438\u0438 Skyline\",\"description\":\"\u042d\u043a\u0441\u043a\u043b\u044e\u0437\u0438\u0432\u043d\u044b\u0435 \u044d\u043a\u0441\u043a\u0443\u0440\u0441\u0438\u0438 \u043d\u0430 \u043b\u0443\u0447\u0448\u0438\u0445 \u043a\u0443\u0440\u043e\u0440\u0442\u0430\u0445 \u043c\u0438\u0440\u0430\",\"publisher\":{\"@id\":\"https:\\\/\\\/skyline-gs.com\\\/it\\\/#organization\"},\"alternateName\":\"Skyline\",\"potentialAction\":[{\"@type\":\"SearchAction\",\"target\":{\"@type\":\"EntryPoint\",\"urlTemplate\":\"https:\\\/\\\/skyline-gs.com\\\/it\\\/?s={search_term_string}\"},\"query-input\":{\"@type\":\"PropertyValueSpecification\",\"valueRequired\":true,\"valueName\":\"search_term_string\"}}],\"inLanguage\":\"fr-FR\"},{\"@type\":\"Organization\",\"@id\":\"https:\\\/\\\/skyline-gs.com\\\/it\\\/#organization\",\"name\":\"\u042d\u043a\u0441\u043a\u0443\u0440\u0441\u0438\u0438 Skyline\",\"alternateName\":\"\u042d\u043a\u0441\u043a\u0443\u0440\u0441\u0438\u0438 Skyline\",\"url\":\"https:\\\/\\\/skyline-gs.com\\\/it\\\/\",\"logo\":{\"@type\":\"ImageObject\",\"inLanguage\":\"fr-FR\",\"@id\":\"https:\\\/\\\/skyline-gs.com\\\/it\\\/#\\\/schema\\\/logo\\\/image\\\/\",\"url\":\"https:\\\/\\\/skyline-gs.com\\\/wp-content\\\/uploads\\\/2020\\\/12\\\/cropped-logo-2.png\",\"contentUrl\":\"https:\\\/\\\/skyline-gs.com\\\/wp-content\\\/uploads\\\/2020\\\/12\\\/cropped-logo-2.png\",\"width\":512,\"height\":512,\"caption\":\"\u042d\u043a\u0441\u043a\u0443\u0440\u0441\u0438\u0438 Skyline\"},\"image\":{\"@id\":\"https:\\\/\\\/skyline-gs.com\\\/it\\\/#\\\/schema\\\/logo\\\/image\\\/\"},\"sameAs\":[\"https:\\\/\\\/www.instagram.com\\\/skylineglobalservice\\\/\"]}]}<\/script>\n<!-- \/ Yoast SEO plugin. -->","yoast_head_json":{"title":"Royal Hua Hin - Excursions Skyline","robots":{"index":"index","follow":"follow","max-snippet":"max-snippet:-1","max-image-preview":"max-image-preview:large","max-video-preview":"max-video-preview:-1"},"canonical":"https:\/\/skyline-gs.com\/fr\/produit\/royal-hua-hin-2\/","og_locale":"fr_FR","og_type":"article","og_title":"\u041a\u043e\u0440\u043e\u043b\u0435\u0432\u0441\u043a\u0438\u0439 \u0425\u0443\u0430\u0445\u0438\u043d &#8226; \u042d\u043a\u0441\u043a\u0443\u0440\u0441\u0438\u0438 Skyline","og_description":"\u0412\u0440\u0435\u043c\u044f \u0442\u0443\u0440\u0430: 2 \u0434\u043d\u044f \/ 1 \u043d\u043e\u0447\u044c \u0414\u043d\u0438 \u043f\u0440\u043e\u0432\u0435\u0434\u0435\u043d\u0438\u044f: \u0443\u0442\u043e\u0447\u043d\u044f\u0439\u0442\u0435 \u043f\u0440\u0438 \u0431\u0440\u043e\u043d\u0438\u0440\u043e\u0432\u0430\u043d\u0438\u0438","og_url":"https:\/\/skyline-gs.com\/fr\/produit\/royal-hua-hin-2\/","og_site_name":"\u042d\u043a\u0441\u043a\u0443\u0440\u0441\u0438\u0438 Skyline","article_modified_time":"2025-10-01T19:49:42+00:00","og_image":[{"width":1565,"height":1044,"url":"https:\/\/skyline-gs.com\/wp-content\/uploads\/2025\/10\/hua-hin-2-e1765914901531.jpg","type":"image\/jpeg"}],"twitter_card":"summary_large_image","twitter_misc":{"Dur\u00e9e de lecture estim\u00e9e":"2 minutes"},"schema":{"@context":"https:\/\/schema.org","@graph":[{"@type":"WebPage","@id":"https:\/\/skyline-gs.com\/cs\/produkt\/royal-hua-hin\/","url":"https:\/\/skyline-gs.com\/cs\/produkt\/royal-hua-hin\/","name":"Royal Hua Hin - Excursions Skyline","isPartOf":{"@id":"https:\/\/skyline-gs.com\/it\/#website"},"primaryImageOfPage":{"@id":"https:\/\/skyline-gs.com\/cs\/produkt\/royal-hua-hin\/#primaryimage"},"image":{"@id":"https:\/\/skyline-gs.com\/cs\/produkt\/royal-hua-hin\/#primaryimage"},"thumbnailUrl":"https:\/\/skyline-gs.com\/wp-content\/uploads\/2025\/10\/hua-hin-2-e1765914901531.jpg","datePublished":"2025-10-01T19:29:04+00:00","dateModified":"2025-10-01T19:49:42+00:00","breadcrumb":{"@id":"https:\/\/skyline-gs.com\/cs\/produkt\/royal-hua-hin\/#breadcrumb"},"inLanguage":"fr-FR","potentialAction":[{"@type":"ReadAction","target":["https:\/\/skyline-gs.com\/cs\/produkt\/royal-hua-hin\/"]}]},{"@type":"ImageObject","inLanguage":"fr-FR","@id":"https:\/\/skyline-gs.com\/cs\/produkt\/royal-hua-hin\/#primaryimage","url":"https:\/\/skyline-gs.com\/wp-content\/uploads\/2025\/10\/hua-hin-2-e1765914901531.jpg","contentUrl":"https:\/\/skyline-gs.com\/wp-content\/uploads\/2025\/10\/hua-hin-2-e1765914901531.jpg","width":1565,"height":1044},{"@type":"BreadcrumbList","@id":"https:\/\/skyline-gs.com\/cs\/produkt\/royal-hua-hin\/#breadcrumb","itemListElement":[{"@type":"ListItem","position":1,"name":"\u0413\u043b\u0430\u0432\u043d\u0430\u044f \u0441\u0442\u0440\u0430\u043d\u0438\u0446\u0430","item":"https:\/\/skyline-gs.com\/hu\/"},{"@type":"ListItem","position":2,"name":"\u041c\u0430\u0433\u0430\u0437\u0438\u043d","item":"https:\/\/skyline-gs.com\/cs\/shop\/"},{"@type":"ListItem","position":3,"name":"\u041a\u043e\u0440\u043e\u043b\u0435\u0432\u0441\u043a\u0438\u0439 \u0425\u0443\u0430\u0445\u0438\u043d"}]},{"@type":"WebSite","@id":"https:\/\/skyline-gs.com\/it\/#website","url":"https:\/\/skyline-gs.com\/it\/","name":"Excursions Skyline","description":"Excursions exclusives dans les meilleurs centres de vill\u00e9giature du monde","publisher":{"@id":"https:\/\/skyline-gs.com\/it\/#organization"},"alternateName":"Skyline","potentialAction":[{"@type":"SearchAction","target":{"@type":"EntryPoint","urlTemplate":"https:\/\/skyline-gs.com\/it\/?s={search_term_string}"},"query-input":{"@type":"PropertyValueSpecification","valueRequired":true,"valueName":"search_term_string"}}],"inLanguage":"fr-FR"},{"@type":"Organization","@id":"https:\/\/skyline-gs.com\/it\/#organization","name":"Excursions Skyline","alternateName":"\u042d\u043a\u0441\u043a\u0443\u0440\u0441\u0438\u0438 Skyline","url":"https:\/\/skyline-gs.com\/it\/","logo":{"@type":"ImageObject","inLanguage":"fr-FR","@id":"https:\/\/skyline-gs.com\/it\/#\/schema\/logo\/image\/","url":"https:\/\/skyline-gs.com\/wp-content\/uploads\/2020\/12\/cropped-logo-2.png","contentUrl":"https:\/\/skyline-gs.com\/wp-content\/uploads\/2020\/12\/cropped-logo-2.png","width":512,"height":512,"caption":"\u042d\u043a\u0441\u043a\u0443\u0440\u0441\u0438\u0438 Skyline"},"image":{"@id":"https:\/\/skyline-gs.com\/it\/#\/schema\/logo\/image\/"},"sameAs":["https:\/\/www.instagram.com\/skylineglobalservice\/"]}]}},"_links":{"self":[{"href":"https:\/\/skyline-gs.com\/fr\/wp-json\/wp\/v2\/product\/66921","targetHints":{"allow":["GET"]}}],"collection":[{"href":"https:\/\/skyline-gs.com\/fr\/wp-json\/wp\/v2\/product"}],"about":[{"href":"https:\/\/skyline-gs.com\/fr\/wp-json\/wp\/v2\/types\/product"}],"version-history":[{"count":0,"href":"https:\/\/skyline-gs.com\/fr\/wp-json\/wp\/v2\/product\/66921\/revisions"}],"wp:featuredmedia":[{"embeddable":true,"href":"https:\/\/skyline-gs.com\/fr\/wp-json\/wp\/v2\/media\/66924"}],"wp:attachment":[{"href":"https:\/\/skyline-gs.com\/fr\/wp-json\/wp\/v2\/media?parent=66921"}],"wp:term":[{"taxonomy":"product_brand","embeddable":true,"href":"https:\/\/skyline-gs.com\/fr\/wp-json\/wp\/v2\/product_brand?post=66921"},{"taxonomy":"product_cat","embeddable":true,"href":"https:\/\/skyline-gs.com\/fr\/wp-json\/wp\/v2\/product_cat?post=66921"},{"taxonomy":"product_tag","embeddable":true,"href":"https:\/\/skyline-gs.com\/fr\/wp-json\/wp\/v2\/product_tag?post=66921"}],"curies":[{"name":"wp","href":"https:\/\/api.w.org\/{rel}","templated":true}]}}