{"id":66468,"date":"2025-09-26T17:00:46","date_gmt":"2025-09-26T15:00:46","guid":{"rendered":"http:\/\/skyline-gs.com\/?post_type=product&#038;p=66468"},"modified":"2025-09-26T17:09:26","modified_gmt":"2025-09-26T15:09:26","slug":"la-magie-orientale-et-lenterrement-des-echecs","status":"publish","type":"product","link":"https:\/\/skyline-gs.com\/fr\/product\/eastern-magic-and-the-funeral-of-failures\/","title":{"rendered":"Magie orientale et fun\u00e9railles du malheur."},"content":{"rendered":"<p>Ce circuit vous plongera dans le mysticisme et le symbolisme de la Tha\u00eflande. Vous visiterez des temples, participerez \u00e0 des rituels de purification et de chance, visiterez des villages ethniques et d\u00e9couvrirez la culture des tribus. Ce circuit est rempli d'exp\u00e9riences inhabituelles et d'une atmosph\u00e8re spirituelle.<\/p>\n<p data-start=\"474\" data-end=\"809\"><strong data-start=\"474\" data-end=\"488\">Programme : <\/strong><\/p>\n<ul>\n<li data-start=\"1170\" data-end=\"1263\">Fun\u00e9railles du rituel Failure dans un temple bouddhiste en activit\u00e9 et b\u00e9n\u00e9diction par des moines - v\u00e9ritable rituel, approche personnalis\u00e9e.<\/li>\n<li data-start=\"1170\" data-end=\"1263\">Temple d'Or.<\/li>\n<li data-start=\"1170\" data-end=\"1263\">Temple blanc.<\/li>\n<li data-start=\"1170\" data-end=\"1263\">Un village compos\u00e9 de neuf tribus et de femmes au long cou.<\/li>\n<li data-start=\"1170\" data-end=\"1263\">Promenade \u00e0 dos d'\u00e9l\u00e9phant (15 minutes).<\/li>\n<li data-start=\"1170\" data-end=\"1263\">P\u00eache au crocodile.<\/li>\n<li data-start=\"1170\" data-end=\"1263\">Le cadeau est une assiette de fruits.<\/li>\n<li data-start=\"1170\" data-end=\"1263\">Le nouveau temple de la tortue, majestueux et magnifique.<\/li>\n<li data-start=\"1170\" data-end=\"1263\">D\u00e9jeuner de style tha\u00eflandais.<\/li>\n<li data-start=\"1170\" data-end=\"1263\">Montagne du Bouddha d'or (Khao Chi Chan).<\/li>\n<li data-start=\"1170\" data-end=\"1263\">Lac de Lotus.<\/li>\n<li data-start=\"1170\" data-end=\"1263\">Mus\u00e9e du n\u00e9o-bouddhisme.<\/li>\n<li data-start=\"1170\" data-end=\"1263\">Tambun est une bonne action : nourrir les poissons et les tortues du lac Wat Yang.<\/li>\n<li data-start=\"1170\" data-end=\"1263\">Rituel de purification du karma - mont\u00e9e de 200 marches jusqu'\u00e0 l'empreinte du Bouddha.<\/li>\n<\/ul>\n<p><strong style=\"font-family: var(--global-body-font-family);\">Inclus :<\/strong><\/p>\n<ul>\n<li>Transfert de et vers l'h\u00f4tel par un moyen de transport confortable<\/li>\n<li>Billets d'entr\u00e9e selon le programme<\/li>\n<li>Nourriture pour tortues et poissons<\/li>\n<li>Guide parlant russe<\/li>\n<li>Assurance<\/li>\n<\/ul>\n<p><strong>Emportez-le avec vous :<\/strong><\/p>\n<ul>\n<li>Copie du passeport<\/li>\n<li>Chaussures confortables<\/li>\n<li>V\u00eatements couvrant les \u00e9paules et les genoux<\/li>\n<li>appareil photo\/vid\u00e9o<\/li>\n<li>Coiffure et lunettes de soleil<\/li>\n<li>Un petit montant pour les d\u00e9penses personnelles et les souvenirs<\/li>\n<\/ul>\n<p data-start=\"2105\" data-end=\"2137\"><strong>Informations compl\u00e9mentaires :<\/strong><\/p>\n<ul>\n<li>Les enfants jusqu'\u00e0 3 ans participent gratuitement.<\/li>\n<li>La visite est intense et comprend des rituels \u00e9motionnels - participez si vous vous sentez \u00e0 l'aise.<\/li>\n<li>Les horaires des itin\u00e9raires peuvent \u00eatre modifi\u00e9s en fonction des conditions de circulation.<\/li>\n<li>Il est recommand\u00e9 de r\u00e9server \u00e0 l'avance, en particulier pour les programmes individuels.<\/li>\n<\/ul>","protected":false},"excerpt":{"rendered":"<p><strong>Temps du Tour:<\/strong> 8:00 \u2014 15:30<br \/>\n<strong>Jours de D\u00e9roulement:<\/strong> Quotidiennement<\/p>","protected":false},"featured_media":66481,"template":"","meta":{"_kad_post_transparent":"default","_kad_post_title":"","_kad_post_layout":"default","_kad_post_sidebar_id":"","_kad_post_content_style":"default","_kad_post_vertical_padding":"default","_kad_post_feature":"","_kad_post_feature_position":"","_kad_post_header":false,"_kad_post_footer":false,"_kad_post_classname":"","_glsr_average":0,"_glsr_ranking":0,"_glsr_reviews":0},"product_brand":[],"product_cat":[507],"product_tag":[],"class_list":{"0":"post-66468","1":"product","2":"type-product","3":"status-publish","4":"has-post-thumbnail","6":"product_cat-pattaya","7":"tm-has-options","9":"first","10":"instock","11":"sold-individually","12":"taxable","13":"shipping-taxable","14":"purchasable","15":"product-type-simple","16":"entry","17":"content-bg","18":"loop-entry"},"yoast_head":"<!-- This site is optimized with the Yoast SEO plugin v27.3 - https:\/\/yoast.com\/product\/yoast-seo-wordpress\/ -->\n<title>\u041c\u0430\u0433\u0438\u044f \u0412\u043e\u0441\u0442\u043e\u043a\u0430 \u0438 \u041f\u043e\u0445\u043e\u0440\u043e\u043d\u044b \u041d\u0435\u0443\u0434\u0430\u0447 &#8226; \u042d\u043a\u0441\u043a\u0443\u0440\u0441\u0438\u0438 Skyline<\/title>\n<meta name=\"robots\" content=\"index, follow, max-snippet:-1, max-image-preview:large, max-video-preview:-1\" \/>\n<link rel=\"canonical\" href=\"http:\/\/skyline-gs.com\/fr\/produit\/la-magie-orientale-et-lenterrement-des-echecs\/\" \/>\n<meta property=\"og:locale\" content=\"fr_FR\" \/>\n<meta property=\"og:type\" content=\"article\" \/>\n<meta property=\"og:title\" content=\"\u041c\u0430\u0433\u0438\u044f \u0412\u043e\u0441\u0442\u043e\u043a\u0430 \u0438 \u041f\u043e\u0445\u043e\u0440\u043e\u043d\u044b \u041d\u0435\u0443\u0434\u0430\u0447 &#8226; \u042d\u043a\u0441\u043a\u0443\u0440\u0441\u0438\u0438 Skyline\" \/>\n<meta property=\"og:description\" content=\"\u0412\u0440\u0435\u043c\u044f \u0442\u0443\u0440\u0430: 8:00 \u2014 15:30 \u0414\u043d\u0438 \u043f\u0440\u043e\u0432\u0435\u0434\u0435\u043d\u0438\u044f: \u0415\u0436\u0435\u0434\u043d\u0435\u0432\u043d\u043e\" \/>\n<meta property=\"og:url\" content=\"http:\/\/skyline-gs.com\/fr\/produit\/la-magie-orientale-et-lenterrement-des-echecs\/\" \/>\n<meta property=\"og:site_name\" content=\"\u042d\u043a\u0441\u043a\u0443\u0440\u0441\u0438\u0438 Skyline\" \/>\n<meta property=\"article:modified_time\" content=\"2025-09-26T15:09:26+00:00\" \/>\n<meta property=\"og:image\" content=\"https:\/\/skyline-gs.com\/wp-content\/uploads\/2025\/09\/magic-22.png-e1765913937393.webp\" \/>\n\t<meta property=\"og:image:width\" content=\"699\" \/>\n\t<meta property=\"og:image:height\" content=\"466\" \/>\n\t<meta property=\"og:image:type\" content=\"image\/webp\" \/>\n<meta name=\"twitter:card\" content=\"summary_large_image\" \/>\n<meta name=\"twitter:label1\" content=\"Dur\u00e9e de lecture estim\u00e9e\" \/>\n\t<meta name=\"twitter:data1\" content=\"2 minutes\" \/>\n<script type=\"application\/ld+json\" class=\"yoast-schema-graph\">{\"@context\":\"https:\\\/\\\/schema.org\",\"@graph\":[{\"@type\":\"WebPage\",\"@id\":\"http:\\\/\\\/skyline-gs.com\\\/fr\\\/produit\\\/eastern-magic-and-the-funeral-of-failures\\\/\",\"url\":\"http:\\\/\\\/skyline-gs.com\\\/fr\\\/produit\\\/eastern-magic-and-the-funeral-of-failures\\\/\",\"name\":\"\u041c\u0430\u0433\u0438\u044f \u0412\u043e\u0441\u0442\u043e\u043a\u0430 \u0438 \u041f\u043e\u0445\u043e\u0440\u043e\u043d\u044b \u041d\u0435\u0443\u0434\u0430\u0447 &#8226; \u042d\u043a\u0441\u043a\u0443\u0440\u0441\u0438\u0438 Skyline\",\"isPartOf\":{\"@id\":\"https:\\\/\\\/skyline-gs.com\\\/it\\\/#website\"},\"primaryImageOfPage\":{\"@id\":\"http:\\\/\\\/skyline-gs.com\\\/fr\\\/produit\\\/eastern-magic-and-the-funeral-of-failures\\\/#primaryimage\"},\"image\":{\"@id\":\"http:\\\/\\\/skyline-gs.com\\\/fr\\\/produit\\\/eastern-magic-and-the-funeral-of-failures\\\/#primaryimage\"},\"thumbnailUrl\":\"https:\\\/\\\/skyline-gs.com\\\/wp-content\\\/uploads\\\/2025\\\/09\\\/magic-22.png-e1765913937393.webp\",\"datePublished\":\"2025-09-26T15:00:46+00:00\",\"dateModified\":\"2025-09-26T15:09:26+00:00\",\"breadcrumb\":{\"@id\":\"http:\\\/\\\/skyline-gs.com\\\/fr\\\/produit\\\/eastern-magic-and-the-funeral-of-failures\\\/#breadcrumb\"},\"inLanguage\":\"fr-FR\",\"potentialAction\":[{\"@type\":\"ReadAction\",\"target\":[\"http:\\\/\\\/skyline-gs.com\\\/fr\\\/produit\\\/eastern-magic-and-the-funeral-of-failures\\\/\"]}]},{\"@type\":\"ImageObject\",\"inLanguage\":\"fr-FR\",\"@id\":\"http:\\\/\\\/skyline-gs.com\\\/fr\\\/produit\\\/eastern-magic-and-the-funeral-of-failures\\\/#primaryimage\",\"url\":\"https:\\\/\\\/skyline-gs.com\\\/wp-content\\\/uploads\\\/2025\\\/09\\\/magic-22.png-e1765913937393.webp\",\"contentUrl\":\"https:\\\/\\\/skyline-gs.com\\\/wp-content\\\/uploads\\\/2025\\\/09\\\/magic-22.png-e1765913937393.webp\",\"width\":699,\"height\":466},{\"@type\":\"BreadcrumbList\",\"@id\":\"http:\\\/\\\/skyline-gs.com\\\/fr\\\/produit\\\/eastern-magic-and-the-funeral-of-failures\\\/#breadcrumb\",\"itemListElement\":[{\"@type\":\"ListItem\",\"position\":1,\"name\":\"\u0413\u043b\u0430\u0432\u043d\u0430\u044f \u0441\u0442\u0440\u0430\u043d\u0438\u0446\u0430\",\"item\":\"https:\\\/\\\/skyline-gs.com\\\/hu\\\/\"},{\"@type\":\"ListItem\",\"position\":2,\"name\":\"\u041c\u0430\u0433\u0430\u0437\u0438\u043d\",\"item\":\"https:\\\/\\\/skyline-gs.com\\\/cs\\\/shop\\\/\"},{\"@type\":\"ListItem\",\"position\":3,\"name\":\"\u041c\u0430\u0433\u0438\u044f \u0412\u043e\u0441\u0442\u043e\u043a\u0430 \u0438 \u041f\u043e\u0445\u043e\u0440\u043e\u043d\u044b \u041d\u0435\u0443\u0434\u0430\u0447\"}]},{\"@type\":\"WebSite\",\"@id\":\"https:\\\/\\\/skyline-gs.com\\\/it\\\/#website\",\"url\":\"https:\\\/\\\/skyline-gs.com\\\/it\\\/\",\"name\":\"\u042d\u043a\u0441\u043a\u0443\u0440\u0441\u0438\u0438 Skyline\",\"description\":\"\u042d\u043a\u0441\u043a\u043b\u044e\u0437\u0438\u0432\u043d\u044b\u0435 \u044d\u043a\u0441\u043a\u0443\u0440\u0441\u0438\u0438 \u043d\u0430 \u043b\u0443\u0447\u0448\u0438\u0445 \u043a\u0443\u0440\u043e\u0440\u0442\u0430\u0445 \u043c\u0438\u0440\u0430\",\"publisher\":{\"@id\":\"https:\\\/\\\/skyline-gs.com\\\/it\\\/#organization\"},\"alternateName\":\"Skyline\",\"potentialAction\":[{\"@type\":\"SearchAction\",\"target\":{\"@type\":\"EntryPoint\",\"urlTemplate\":\"https:\\\/\\\/skyline-gs.com\\\/it\\\/?s={search_term_string}\"},\"query-input\":{\"@type\":\"PropertyValueSpecification\",\"valueRequired\":true,\"valueName\":\"search_term_string\"}}],\"inLanguage\":\"fr-FR\"},{\"@type\":\"Organization\",\"@id\":\"https:\\\/\\\/skyline-gs.com\\\/it\\\/#organization\",\"name\":\"\u042d\u043a\u0441\u043a\u0443\u0440\u0441\u0438\u0438 Skyline\",\"alternateName\":\"\u042d\u043a\u0441\u043a\u0443\u0440\u0441\u0438\u0438 Skyline\",\"url\":\"https:\\\/\\\/skyline-gs.com\\\/it\\\/\",\"logo\":{\"@type\":\"ImageObject\",\"inLanguage\":\"fr-FR\",\"@id\":\"https:\\\/\\\/skyline-gs.com\\\/it\\\/#\\\/schema\\\/logo\\\/image\\\/\",\"url\":\"https:\\\/\\\/skyline-gs.com\\\/wp-content\\\/uploads\\\/2020\\\/12\\\/cropped-logo-2.png\",\"contentUrl\":\"https:\\\/\\\/skyline-gs.com\\\/wp-content\\\/uploads\\\/2020\\\/12\\\/cropped-logo-2.png\",\"width\":512,\"height\":512,\"caption\":\"\u042d\u043a\u0441\u043a\u0443\u0440\u0441\u0438\u0438 Skyline\"},\"image\":{\"@id\":\"https:\\\/\\\/skyline-gs.com\\\/it\\\/#\\\/schema\\\/logo\\\/image\\\/\"},\"sameAs\":[\"https:\\\/\\\/www.instagram.com\\\/skylineglobalservice\\\/\"]}]}<\/script>\n<!-- \/ Yoast SEO plugin. -->","yoast_head_json":{"title":"Magie de l'Orient et fun\u00e9railles de l'\u00e9chec - Skyline Excursions","robots":{"index":"index","follow":"follow","max-snippet":"max-snippet:-1","max-image-preview":"max-image-preview:large","max-video-preview":"max-video-preview:-1"},"canonical":"http:\/\/skyline-gs.com\/fr\/produit\/la-magie-orientale-et-lenterrement-des-echecs\/","og_locale":"fr_FR","og_type":"article","og_title":"\u041c\u0430\u0433\u0438\u044f \u0412\u043e\u0441\u0442\u043e\u043a\u0430 \u0438 \u041f\u043e\u0445\u043e\u0440\u043e\u043d\u044b \u041d\u0435\u0443\u0434\u0430\u0447 &#8226; \u042d\u043a\u0441\u043a\u0443\u0440\u0441\u0438\u0438 Skyline","og_description":"\u0412\u0440\u0435\u043c\u044f \u0442\u0443\u0440\u0430: 8:00 \u2014 15:30 \u0414\u043d\u0438 \u043f\u0440\u043e\u0432\u0435\u0434\u0435\u043d\u0438\u044f: \u0415\u0436\u0435\u0434\u043d\u0435\u0432\u043d\u043e","og_url":"http:\/\/skyline-gs.com\/fr\/produit\/la-magie-orientale-et-lenterrement-des-echecs\/","og_site_name":"\u042d\u043a\u0441\u043a\u0443\u0440\u0441\u0438\u0438 Skyline","article_modified_time":"2025-09-26T15:09:26+00:00","og_image":[{"width":699,"height":466,"url":"https:\/\/skyline-gs.com\/wp-content\/uploads\/2025\/09\/magic-22.png-e1765913937393.webp","type":"image\/webp"}],"twitter_card":"summary_large_image","twitter_misc":{"Dur\u00e9e de lecture estim\u00e9e":"2 minutes"},"schema":{"@context":"https:\/\/schema.org","@graph":[{"@type":"WebPage","@id":"http:\/\/skyline-gs.com\/fr\/produit\/eastern-magic-and-the-funeral-of-failures\/","url":"http:\/\/skyline-gs.com\/fr\/produit\/eastern-magic-and-the-funeral-of-failures\/","name":"Magie de l'Orient et fun\u00e9railles de l'\u00e9chec - Skyline Excursions","isPartOf":{"@id":"https:\/\/skyline-gs.com\/it\/#website"},"primaryImageOfPage":{"@id":"http:\/\/skyline-gs.com\/fr\/produit\/eastern-magic-and-the-funeral-of-failures\/#primaryimage"},"image":{"@id":"http:\/\/skyline-gs.com\/fr\/produit\/eastern-magic-and-the-funeral-of-failures\/#primaryimage"},"thumbnailUrl":"https:\/\/skyline-gs.com\/wp-content\/uploads\/2025\/09\/magic-22.png-e1765913937393.webp","datePublished":"2025-09-26T15:00:46+00:00","dateModified":"2025-09-26T15:09:26+00:00","breadcrumb":{"@id":"http:\/\/skyline-gs.com\/fr\/produit\/eastern-magic-and-the-funeral-of-failures\/#breadcrumb"},"inLanguage":"fr-FR","potentialAction":[{"@type":"ReadAction","target":["http:\/\/skyline-gs.com\/fr\/produit\/eastern-magic-and-the-funeral-of-failures\/"]}]},{"@type":"ImageObject","inLanguage":"fr-FR","@id":"http:\/\/skyline-gs.com\/fr\/produit\/eastern-magic-and-the-funeral-of-failures\/#primaryimage","url":"https:\/\/skyline-gs.com\/wp-content\/uploads\/2025\/09\/magic-22.png-e1765913937393.webp","contentUrl":"https:\/\/skyline-gs.com\/wp-content\/uploads\/2025\/09\/magic-22.png-e1765913937393.webp","width":699,"height":466},{"@type":"BreadcrumbList","@id":"http:\/\/skyline-gs.com\/fr\/produit\/eastern-magic-and-the-funeral-of-failures\/#breadcrumb","itemListElement":[{"@type":"ListItem","position":1,"name":"\u0413\u043b\u0430\u0432\u043d\u0430\u044f \u0441\u0442\u0440\u0430\u043d\u0438\u0446\u0430","item":"https:\/\/skyline-gs.com\/hu\/"},{"@type":"ListItem","position":2,"name":"\u041c\u0430\u0433\u0430\u0437\u0438\u043d","item":"https:\/\/skyline-gs.com\/cs\/shop\/"},{"@type":"ListItem","position":3,"name":"\u041c\u0430\u0433\u0438\u044f \u0412\u043e\u0441\u0442\u043e\u043a\u0430 \u0438 \u041f\u043e\u0445\u043e\u0440\u043e\u043d\u044b \u041d\u0435\u0443\u0434\u0430\u0447"}]},{"@type":"WebSite","@id":"https:\/\/skyline-gs.com\/it\/#website","url":"https:\/\/skyline-gs.com\/it\/","name":"Excursions Skyline","description":"Excursions exclusives dans les meilleurs centres de vill\u00e9giature du monde","publisher":{"@id":"https:\/\/skyline-gs.com\/it\/#organization"},"alternateName":"Skyline","potentialAction":[{"@type":"SearchAction","target":{"@type":"EntryPoint","urlTemplate":"https:\/\/skyline-gs.com\/it\/?s={search_term_string}"},"query-input":{"@type":"PropertyValueSpecification","valueRequired":true,"valueName":"search_term_string"}}],"inLanguage":"fr-FR"},{"@type":"Organization","@id":"https:\/\/skyline-gs.com\/it\/#organization","name":"Excursions Skyline","alternateName":"\u042d\u043a\u0441\u043a\u0443\u0440\u0441\u0438\u0438 Skyline","url":"https:\/\/skyline-gs.com\/it\/","logo":{"@type":"ImageObject","inLanguage":"fr-FR","@id":"https:\/\/skyline-gs.com\/it\/#\/schema\/logo\/image\/","url":"https:\/\/skyline-gs.com\/wp-content\/uploads\/2020\/12\/cropped-logo-2.png","contentUrl":"https:\/\/skyline-gs.com\/wp-content\/uploads\/2020\/12\/cropped-logo-2.png","width":512,"height":512,"caption":"\u042d\u043a\u0441\u043a\u0443\u0440\u0441\u0438\u0438 Skyline"},"image":{"@id":"https:\/\/skyline-gs.com\/it\/#\/schema\/logo\/image\/"},"sameAs":["https:\/\/www.instagram.com\/skylineglobalservice\/"]}]}},"_links":{"self":[{"href":"https:\/\/skyline-gs.com\/fr\/wp-json\/wp\/v2\/product\/66468","targetHints":{"allow":["GET"]}}],"collection":[{"href":"https:\/\/skyline-gs.com\/fr\/wp-json\/wp\/v2\/product"}],"about":[{"href":"https:\/\/skyline-gs.com\/fr\/wp-json\/wp\/v2\/types\/product"}],"version-history":[{"count":0,"href":"https:\/\/skyline-gs.com\/fr\/wp-json\/wp\/v2\/product\/66468\/revisions"}],"wp:featuredmedia":[{"embeddable":true,"href":"https:\/\/skyline-gs.com\/fr\/wp-json\/wp\/v2\/media\/66481"}],"wp:attachment":[{"href":"https:\/\/skyline-gs.com\/fr\/wp-json\/wp\/v2\/media?parent=66468"}],"wp:term":[{"taxonomy":"product_brand","embeddable":true,"href":"https:\/\/skyline-gs.com\/fr\/wp-json\/wp\/v2\/product_brand?post=66468"},{"taxonomy":"product_cat","embeddable":true,"href":"https:\/\/skyline-gs.com\/fr\/wp-json\/wp\/v2\/product_cat?post=66468"},{"taxonomy":"product_tag","embeddable":true,"href":"https:\/\/skyline-gs.com\/fr\/wp-json\/wp\/v2\/product_tag?post=66468"}],"curies":[{"name":"wp","href":"https:\/\/api.w.org\/{rel}","templated":true}]}}