{"id":66434,"date":"2025-09-26T16:18:32","date_gmt":"2025-09-26T14:18:32","guid":{"rendered":"http:\/\/skyline-gs.com\/?post_type=product&#038;p=66434"},"modified":"2025-09-26T16:28:44","modified_gmt":"2025-09-26T14:28:44","slug":"pattaya-sightseeing-tour-instagram-tour-2","status":"publish","type":"product","link":"https:\/\/skyline-gs.com\/fr\/product\/pattaya-sightseeing-tour-instagram-tour\/","title":{"rendered":"Visite touristique de Pattaya \"Instagram Tour\" (en anglais)"},"content":{"rendered":"<p>Des angles vifs, des lieux exotiques et photog\u00e9niques - tout ce dont vous avez besoin pour remplir votre fil d'actualit\u00e9 de photos color\u00e9es. Des jardins cach\u00e9s \u00e0 l'architecture exquise, nous avons rassembl\u00e9 les coins les plus int\u00e9ressants de Pattaya pour que chaque photo se d\u00e9marque.<\/p>\n<p data-start=\"474\" data-end=\"809\"><strong data-start=\"474\" data-end=\"488\">Programme : <\/strong><\/p>\n<p data-start=\"1170\" data-end=\"1263\">Nous commencerons par le check-out de votre h\u00f4tel et le transfert vers le premier lieu - Black Forest Cafe Park avec lac, cascades et poissons Koi, o\u00f9 vous pourrez prendre de belles photos au milieu de la verdure et de l'eau. Nous nous rendrons ensuite au plus grand temple de Pattaya, le Temple d'Or, o\u00f9 le rituel \u00abAttirer la chance\u00bb est propos\u00e9 (en option).<br \/>\nVient ensuite un complexe de villas de style balinais, qui semble avoir \u00e9t\u00e9 transport\u00e9 d'Indon\u00e9sie : fa\u00e7ades luxueuses, exotisme, atmosph\u00e8re de vacances. Ensuite, le temple de la Tortue, un endroit int\u00e9ressant pour les photos. Puis un arr\u00eat au lac de lotus, un endroit id\u00e9al pour des photos nettes et a\u00e9r\u00e9es.<br \/>\nL'\u00e9tape suivante est le caf\u00e9 d'art \u00abStation 331\u00bb, situ\u00e9 dans un avion moul\u00e9 : \u00e0 l'int\u00e9rieur se trouve une collection d'\u00e9quipements militaires, un endroit o\u00f9 l'on peut s'asseoir dans le cockpit du Boeing et faire des photos cr\u00e9atives.<br \/>\nLe programme est compl\u00e9t\u00e9 par un zoo de contact : alpagas, capybaras, girafes, antilopes et autres animaux. Sur demande, vous pouvez monter \u00e0 dos d'\u00e9l\u00e9phant ou de cheval (en suppl\u00e9ment). Le d\u00e9jeuner est servi dans un caf\u00e9 situ\u00e9 \u00e0 proximit\u00e9 du Big Cat.<\/p>\n<p data-start=\"1233\" data-end=\"1656\"><strong style=\"font-family: var(--global-body-font-family);\">Inclus :<\/strong><\/p>\n<ul>\n<li>Transfert depuis et vers l'h\u00f4tel<\/li>\n<li>Tous les billets d'entr\u00e9e selon le programme<\/li>\n<li>D\u00e9jeuner et boisson<\/li>\n<li>Guide parlant russe<\/li>\n<li>Assurance<\/li>\n<li>Aliments pour tortues<\/li>\n<\/ul>\n<p><strong>Extras (non inclus) :<\/strong><\/p>\n<ul>\n<li>Alimentation animale<\/li>\n<li>Offrandes au temple (environ 100 \u0e3f)<\/li>\n<li>Promenade \u00e0 cheval ou \u00e0 dos d'\u00e9l\u00e9phant<\/li>\n<li>Souvenirs<\/li>\n<\/ul>\n<p><strong>Emportez-le avec vous :<\/strong><\/p>\n<ul>\n<li>Copie du passeport<\/li>\n<li>Appareil photo\/vid\u00e9o<\/li>\n<li>Chaussures confortables<\/li>\n<li>Coiffure, lunettes de soleil<\/li>\n<li>V\u00eatements l\u00e9gers<\/li>\n<li>Petite caisse<\/li>\n<\/ul>\n<p data-start=\"2105\" data-end=\"2137\"><strong>Informations compl\u00e9mentaires :<\/strong><\/p>\n<ul>\n<li data-start=\"2105\" data-end=\"2137\">Le billet enfant est valable pour les tailles de 90 \u00e0 120 cm ; les enfants de moins de 90 cm sont gratuits, sans garantie d'une place distincte dans le v\u00e9hicule.<\/li>\n<li data-start=\"2105\" data-end=\"2137\">Les personnes sous l'influence de l'alcool ou de drogues ne peuvent pas \u00eatre autoris\u00e9es \u00e0 participer.<\/li>\n<li data-start=\"2105\" data-end=\"2137\">Le circuit est con\u00e7u pour de petits groupes (3-7 personnes) afin de maintenir une atmosph\u00e8re de confort et d'individualit\u00e9.<\/li>\n<li data-start=\"2105\" data-end=\"2137\">Les heures de d\u00e9part et l'ordre des itin\u00e9raires peuvent \u00eatre modifi\u00e9s en fonction des conditions de circulation et de l'affluence.<\/li>\n<\/ul>","protected":false},"excerpt":{"rendered":"<p><strong>Temps du Tour:<\/strong> 10:00 \u00e0 22:00<br \/>\n<strong>Jours de D\u00e9roulement:<\/strong> Chaque jour<\/p>","protected":false},"featured_media":66438,"template":"","meta":{"_kad_post_transparent":"default","_kad_post_title":"","_kad_post_layout":"default","_kad_post_sidebar_id":"","_kad_post_content_style":"default","_kad_post_vertical_padding":"default","_kad_post_feature":"","_kad_post_feature_position":"","_kad_post_header":false,"_kad_post_footer":false,"_kad_post_classname":"","_glsr_average":0,"_glsr_ranking":0,"_glsr_reviews":0},"product_brand":[],"product_cat":[507],"product_tag":[],"class_list":{"0":"post-66434","1":"product","2":"type-product","3":"status-publish","4":"has-post-thumbnail","6":"product_cat-pattaya","7":"tm-has-options","9":"first","10":"instock","11":"sold-individually","12":"taxable","13":"shipping-taxable","14":"purchasable","15":"product-type-simple","16":"entry","17":"content-bg","18":"loop-entry"},"yoast_head":"<!-- This site is optimized with the Yoast SEO plugin v27.3 - https:\/\/yoast.com\/product\/yoast-seo-wordpress\/ -->\n<title>\u041e\u0431\u0437\u043e\u0440\u043d\u0430\u044f \u044d\u043a\u0441\u043a\u0443\u0440\u0441\u0438\u044f \u043f\u043e \u041f\u0430\u0442\u0442\u0430\u0439\u0435 \u00ab\u0418\u043d\u0441\u0442\u0430\u0433\u0440\u0430\u043c \u0422\u0443\u0440\u00bb &#8226; \u042d\u043a\u0441\u043a\u0443\u0440\u0441\u0438\u0438 Skyline<\/title>\n<meta name=\"robots\" content=\"index, follow, max-snippet:-1, max-image-preview:large, max-video-preview:-1\" \/>\n<link rel=\"canonical\" href=\"https:\/\/skyline-gs.com\/fr\/produit\/pattaya-sightseeing-tour-instagram-tour-2\/\" \/>\n<meta property=\"og:locale\" content=\"fr_FR\" \/>\n<meta property=\"og:type\" content=\"article\" \/>\n<meta property=\"og:title\" content=\"\u041e\u0431\u0437\u043e\u0440\u043d\u0430\u044f \u044d\u043a\u0441\u043a\u0443\u0440\u0441\u0438\u044f \u043f\u043e \u041f\u0430\u0442\u0442\u0430\u0439\u0435 \u00ab\u0418\u043d\u0441\u0442\u0430\u0433\u0440\u0430\u043c \u0422\u0443\u0440\u00bb &#8226; \u042d\u043a\u0441\u043a\u0443\u0440\u0441\u0438\u0438 Skyline\" \/>\n<meta property=\"og:description\" content=\"\u0412\u0440\u0435\u043c\u044f \u0442\u0443\u0440\u0430: \u0441 10:00 \u0434\u043e 22:00 \u0414\u043d\u0438 \u043f\u0440\u043e\u0432\u0435\u0434\u0435\u043d\u0438\u044f: \u0435\u0436\u0435\u0434\u043d\u0435\u0432\u043d\u043e\" \/>\n<meta property=\"og:url\" content=\"https:\/\/skyline-gs.com\/fr\/produit\/pattaya-sightseeing-tour-instagram-tour-2\/\" \/>\n<meta property=\"og:site_name\" content=\"\u042d\u043a\u0441\u043a\u0443\u0440\u0441\u0438\u0438 Skyline\" \/>\n<meta property=\"article:modified_time\" content=\"2025-09-26T14:28:44+00:00\" \/>\n<meta property=\"og:image\" content=\"https:\/\/skyline-gs.com\/wp-content\/uploads\/2025\/09\/insta_ptt_21-e1765912680738.webp\" \/>\n\t<meta property=\"og:image:width\" content=\"699\" \/>\n\t<meta property=\"og:image:height\" content=\"466\" \/>\n\t<meta property=\"og:image:type\" content=\"image\/webp\" \/>\n<meta name=\"twitter:card\" content=\"summary_large_image\" \/>\n<meta name=\"twitter:label1\" content=\"Dur\u00e9e de lecture estim\u00e9e\" \/>\n\t<meta name=\"twitter:data1\" content=\"2 minutes\" \/>\n<script type=\"application\/ld+json\" class=\"yoast-schema-graph\">{\"@context\":\"https:\\\/\\\/schema.org\",\"@graph\":[{\"@type\":\"WebPage\",\"@id\":\"https:\\\/\\\/skyline-gs.com\\\/product\\\/pattaya-sightseeing-tour-instagram-tour\\\/\",\"url\":\"https:\\\/\\\/skyline-gs.com\\\/product\\\/pattaya-sightseeing-tour-instagram-tour\\\/\",\"name\":\"\u041e\u0431\u0437\u043e\u0440\u043d\u0430\u044f \u044d\u043a\u0441\u043a\u0443\u0440\u0441\u0438\u044f \u043f\u043e \u041f\u0430\u0442\u0442\u0430\u0439\u0435 \u00ab\u0418\u043d\u0441\u0442\u0430\u0433\u0440\u0430\u043c \u0422\u0443\u0440\u00bb &#8226; \u042d\u043a\u0441\u043a\u0443\u0440\u0441\u0438\u0438 Skyline\",\"isPartOf\":{\"@id\":\"https:\\\/\\\/skyline-gs.com\\\/it\\\/#website\"},\"primaryImageOfPage\":{\"@id\":\"https:\\\/\\\/skyline-gs.com\\\/product\\\/pattaya-sightseeing-tour-instagram-tour\\\/#primaryimage\"},\"image\":{\"@id\":\"https:\\\/\\\/skyline-gs.com\\\/product\\\/pattaya-sightseeing-tour-instagram-tour\\\/#primaryimage\"},\"thumbnailUrl\":\"https:\\\/\\\/skyline-gs.com\\\/wp-content\\\/uploads\\\/2025\\\/09\\\/insta_ptt_21-e1765912680738.webp\",\"datePublished\":\"2025-09-26T14:18:32+00:00\",\"dateModified\":\"2025-09-26T14:28:44+00:00\",\"breadcrumb\":{\"@id\":\"https:\\\/\\\/skyline-gs.com\\\/product\\\/pattaya-sightseeing-tour-instagram-tour\\\/#breadcrumb\"},\"inLanguage\":\"fr-FR\",\"potentialAction\":[{\"@type\":\"ReadAction\",\"target\":[\"https:\\\/\\\/skyline-gs.com\\\/product\\\/pattaya-sightseeing-tour-instagram-tour\\\/\"]}]},{\"@type\":\"ImageObject\",\"inLanguage\":\"fr-FR\",\"@id\":\"https:\\\/\\\/skyline-gs.com\\\/product\\\/pattaya-sightseeing-tour-instagram-tour\\\/#primaryimage\",\"url\":\"https:\\\/\\\/skyline-gs.com\\\/wp-content\\\/uploads\\\/2025\\\/09\\\/insta_ptt_21-e1765912680738.webp\",\"contentUrl\":\"https:\\\/\\\/skyline-gs.com\\\/wp-content\\\/uploads\\\/2025\\\/09\\\/insta_ptt_21-e1765912680738.webp\",\"width\":699,\"height\":466},{\"@type\":\"BreadcrumbList\",\"@id\":\"https:\\\/\\\/skyline-gs.com\\\/product\\\/pattaya-sightseeing-tour-instagram-tour\\\/#breadcrumb\",\"itemListElement\":[{\"@type\":\"ListItem\",\"position\":1,\"name\":\"\u0413\u043b\u0430\u0432\u043d\u0430\u044f \u0441\u0442\u0440\u0430\u043d\u0438\u0446\u0430\",\"item\":\"https:\\\/\\\/skyline-gs.com\\\/hu\\\/\"},{\"@type\":\"ListItem\",\"position\":2,\"name\":\"\u041c\u0430\u0433\u0430\u0437\u0438\u043d\",\"item\":\"https:\\\/\\\/skyline-gs.com\\\/cs\\\/shop\\\/\"},{\"@type\":\"ListItem\",\"position\":3,\"name\":\"\u041e\u0431\u0437\u043e\u0440\u043d\u0430\u044f \u044d\u043a\u0441\u043a\u0443\u0440\u0441\u0438\u044f \u043f\u043e \u041f\u0430\u0442\u0442\u0430\u0439\u0435 \u00ab\u0418\u043d\u0441\u0442\u0430\u0433\u0440\u0430\u043c \u0422\u0443\u0440\u00bb\"}]},{\"@type\":\"WebSite\",\"@id\":\"https:\\\/\\\/skyline-gs.com\\\/it\\\/#website\",\"url\":\"https:\\\/\\\/skyline-gs.com\\\/it\\\/\",\"name\":\"\u042d\u043a\u0441\u043a\u0443\u0440\u0441\u0438\u0438 Skyline\",\"description\":\"\u042d\u043a\u0441\u043a\u043b\u044e\u0437\u0438\u0432\u043d\u044b\u0435 \u044d\u043a\u0441\u043a\u0443\u0440\u0441\u0438\u0438 \u043d\u0430 \u043b\u0443\u0447\u0448\u0438\u0445 \u043a\u0443\u0440\u043e\u0440\u0442\u0430\u0445 \u043c\u0438\u0440\u0430\",\"publisher\":{\"@id\":\"https:\\\/\\\/skyline-gs.com\\\/it\\\/#organization\"},\"alternateName\":\"Skyline\",\"potentialAction\":[{\"@type\":\"SearchAction\",\"target\":{\"@type\":\"EntryPoint\",\"urlTemplate\":\"https:\\\/\\\/skyline-gs.com\\\/it\\\/?s={search_term_string}\"},\"query-input\":{\"@type\":\"PropertyValueSpecification\",\"valueRequired\":true,\"valueName\":\"search_term_string\"}}],\"inLanguage\":\"fr-FR\"},{\"@type\":\"Organization\",\"@id\":\"https:\\\/\\\/skyline-gs.com\\\/it\\\/#organization\",\"name\":\"\u042d\u043a\u0441\u043a\u0443\u0440\u0441\u0438\u0438 Skyline\",\"alternateName\":\"\u042d\u043a\u0441\u043a\u0443\u0440\u0441\u0438\u0438 Skyline\",\"url\":\"https:\\\/\\\/skyline-gs.com\\\/it\\\/\",\"logo\":{\"@type\":\"ImageObject\",\"inLanguage\":\"fr-FR\",\"@id\":\"https:\\\/\\\/skyline-gs.com\\\/it\\\/#\\\/schema\\\/logo\\\/image\\\/\",\"url\":\"https:\\\/\\\/skyline-gs.com\\\/wp-content\\\/uploads\\\/2020\\\/12\\\/cropped-logo-2.png\",\"contentUrl\":\"https:\\\/\\\/skyline-gs.com\\\/wp-content\\\/uploads\\\/2020\\\/12\\\/cropped-logo-2.png\",\"width\":512,\"height\":512,\"caption\":\"\u042d\u043a\u0441\u043a\u0443\u0440\u0441\u0438\u0438 Skyline\"},\"image\":{\"@id\":\"https:\\\/\\\/skyline-gs.com\\\/it\\\/#\\\/schema\\\/logo\\\/image\\\/\"},\"sameAs\":[\"https:\\\/\\\/www.instagram.com\\\/skylineglobalservice\\\/\"]}]}<\/script>\n<!-- \/ Yoast SEO plugin. -->","yoast_head_json":{"title":"Instagram Tour Pattaya sightseeing tour - Skyline Excursions","robots":{"index":"index","follow":"follow","max-snippet":"max-snippet:-1","max-image-preview":"max-image-preview:large","max-video-preview":"max-video-preview:-1"},"canonical":"https:\/\/skyline-gs.com\/fr\/produit\/pattaya-sightseeing-tour-instagram-tour-2\/","og_locale":"fr_FR","og_type":"article","og_title":"\u041e\u0431\u0437\u043e\u0440\u043d\u0430\u044f \u044d\u043a\u0441\u043a\u0443\u0440\u0441\u0438\u044f \u043f\u043e \u041f\u0430\u0442\u0442\u0430\u0439\u0435 \u00ab\u0418\u043d\u0441\u0442\u0430\u0433\u0440\u0430\u043c \u0422\u0443\u0440\u00bb &#8226; \u042d\u043a\u0441\u043a\u0443\u0440\u0441\u0438\u0438 Skyline","og_description":"\u0412\u0440\u0435\u043c\u044f \u0442\u0443\u0440\u0430: \u0441 10:00 \u0434\u043e 22:00 \u0414\u043d\u0438 \u043f\u0440\u043e\u0432\u0435\u0434\u0435\u043d\u0438\u044f: \u0435\u0436\u0435\u0434\u043d\u0435\u0432\u043d\u043e","og_url":"https:\/\/skyline-gs.com\/fr\/produit\/pattaya-sightseeing-tour-instagram-tour-2\/","og_site_name":"\u042d\u043a\u0441\u043a\u0443\u0440\u0441\u0438\u0438 Skyline","article_modified_time":"2025-09-26T14:28:44+00:00","og_image":[{"width":699,"height":466,"url":"https:\/\/skyline-gs.com\/wp-content\/uploads\/2025\/09\/insta_ptt_21-e1765912680738.webp","type":"image\/webp"}],"twitter_card":"summary_large_image","twitter_misc":{"Dur\u00e9e de lecture estim\u00e9e":"2 minutes"},"schema":{"@context":"https:\/\/schema.org","@graph":[{"@type":"WebPage","@id":"https:\/\/skyline-gs.com\/product\/pattaya-sightseeing-tour-instagram-tour\/","url":"https:\/\/skyline-gs.com\/product\/pattaya-sightseeing-tour-instagram-tour\/","name":"Instagram Tour Pattaya sightseeing tour - Skyline Excursions","isPartOf":{"@id":"https:\/\/skyline-gs.com\/it\/#website"},"primaryImageOfPage":{"@id":"https:\/\/skyline-gs.com\/product\/pattaya-sightseeing-tour-instagram-tour\/#primaryimage"},"image":{"@id":"https:\/\/skyline-gs.com\/product\/pattaya-sightseeing-tour-instagram-tour\/#primaryimage"},"thumbnailUrl":"https:\/\/skyline-gs.com\/wp-content\/uploads\/2025\/09\/insta_ptt_21-e1765912680738.webp","datePublished":"2025-09-26T14:18:32+00:00","dateModified":"2025-09-26T14:28:44+00:00","breadcrumb":{"@id":"https:\/\/skyline-gs.com\/product\/pattaya-sightseeing-tour-instagram-tour\/#breadcrumb"},"inLanguage":"fr-FR","potentialAction":[{"@type":"ReadAction","target":["https:\/\/skyline-gs.com\/product\/pattaya-sightseeing-tour-instagram-tour\/"]}]},{"@type":"ImageObject","inLanguage":"fr-FR","@id":"https:\/\/skyline-gs.com\/product\/pattaya-sightseeing-tour-instagram-tour\/#primaryimage","url":"https:\/\/skyline-gs.com\/wp-content\/uploads\/2025\/09\/insta_ptt_21-e1765912680738.webp","contentUrl":"https:\/\/skyline-gs.com\/wp-content\/uploads\/2025\/09\/insta_ptt_21-e1765912680738.webp","width":699,"height":466},{"@type":"BreadcrumbList","@id":"https:\/\/skyline-gs.com\/product\/pattaya-sightseeing-tour-instagram-tour\/#breadcrumb","itemListElement":[{"@type":"ListItem","position":1,"name":"\u0413\u043b\u0430\u0432\u043d\u0430\u044f \u0441\u0442\u0440\u0430\u043d\u0438\u0446\u0430","item":"https:\/\/skyline-gs.com\/hu\/"},{"@type":"ListItem","position":2,"name":"\u041c\u0430\u0433\u0430\u0437\u0438\u043d","item":"https:\/\/skyline-gs.com\/cs\/shop\/"},{"@type":"ListItem","position":3,"name":"\u041e\u0431\u0437\u043e\u0440\u043d\u0430\u044f \u044d\u043a\u0441\u043a\u0443\u0440\u0441\u0438\u044f \u043f\u043e \u041f\u0430\u0442\u0442\u0430\u0439\u0435 \u00ab\u0418\u043d\u0441\u0442\u0430\u0433\u0440\u0430\u043c \u0422\u0443\u0440\u00bb"}]},{"@type":"WebSite","@id":"https:\/\/skyline-gs.com\/it\/#website","url":"https:\/\/skyline-gs.com\/it\/","name":"Excursions Skyline","description":"Excursions exclusives dans les meilleurs centres de vill\u00e9giature du monde","publisher":{"@id":"https:\/\/skyline-gs.com\/it\/#organization"},"alternateName":"Skyline","potentialAction":[{"@type":"SearchAction","target":{"@type":"EntryPoint","urlTemplate":"https:\/\/skyline-gs.com\/it\/?s={search_term_string}"},"query-input":{"@type":"PropertyValueSpecification","valueRequired":true,"valueName":"search_term_string"}}],"inLanguage":"fr-FR"},{"@type":"Organization","@id":"https:\/\/skyline-gs.com\/it\/#organization","name":"Excursions Skyline","alternateName":"\u042d\u043a\u0441\u043a\u0443\u0440\u0441\u0438\u0438 Skyline","url":"https:\/\/skyline-gs.com\/it\/","logo":{"@type":"ImageObject","inLanguage":"fr-FR","@id":"https:\/\/skyline-gs.com\/it\/#\/schema\/logo\/image\/","url":"https:\/\/skyline-gs.com\/wp-content\/uploads\/2020\/12\/cropped-logo-2.png","contentUrl":"https:\/\/skyline-gs.com\/wp-content\/uploads\/2020\/12\/cropped-logo-2.png","width":512,"height":512,"caption":"\u042d\u043a\u0441\u043a\u0443\u0440\u0441\u0438\u0438 Skyline"},"image":{"@id":"https:\/\/skyline-gs.com\/it\/#\/schema\/logo\/image\/"},"sameAs":["https:\/\/www.instagram.com\/skylineglobalservice\/"]}]}},"_links":{"self":[{"href":"https:\/\/skyline-gs.com\/fr\/wp-json\/wp\/v2\/product\/66434","targetHints":{"allow":["GET"]}}],"collection":[{"href":"https:\/\/skyline-gs.com\/fr\/wp-json\/wp\/v2\/product"}],"about":[{"href":"https:\/\/skyline-gs.com\/fr\/wp-json\/wp\/v2\/types\/product"}],"version-history":[{"count":0,"href":"https:\/\/skyline-gs.com\/fr\/wp-json\/wp\/v2\/product\/66434\/revisions"}],"wp:featuredmedia":[{"embeddable":true,"href":"https:\/\/skyline-gs.com\/fr\/wp-json\/wp\/v2\/media\/66438"}],"wp:attachment":[{"href":"https:\/\/skyline-gs.com\/fr\/wp-json\/wp\/v2\/media?parent=66434"}],"wp:term":[{"taxonomy":"product_brand","embeddable":true,"href":"https:\/\/skyline-gs.com\/fr\/wp-json\/wp\/v2\/product_brand?post=66434"},{"taxonomy":"product_cat","embeddable":true,"href":"https:\/\/skyline-gs.com\/fr\/wp-json\/wp\/v2\/product_cat?post=66434"},{"taxonomy":"product_tag","embeddable":true,"href":"https:\/\/skyline-gs.com\/fr\/wp-json\/wp\/v2\/product_tag?post=66434"}],"curies":[{"name":"wp","href":"https:\/\/api.w.org\/{rel}","templated":true}]}}