{"id":66189,"date":"2025-09-20T18:08:47","date_gmt":"2025-09-20T16:08:47","guid":{"rendered":"http:\/\/skyline-gs.com\/?post_type=product&#038;p=66189"},"modified":"2025-09-23T22:08:34","modified_gmt":"2025-09-23T20:08:34","slug":"wat-yan-temple-complex","status":"publish","type":"product","link":"https:\/\/skyline-gs.com\/fr\/product\/wat-yan-temple-complex\/","title":{"rendered":"Complexe du temple Wat Yang"},"content":{"rendered":"<p>Un circuit riche qui r\u00e9v\u00e8le les multiples facettes de la culture et de la spiritualit\u00e9 de la r\u00e9gion. Vous visiterez d'anciens temples et monast\u00e8res, assisterez \u00e0 des rituels bouddhistes, des rites culturels et des traditions locales, et aurez l'occasion de vous immerger dans l'atmosph\u00e8re de la nature et du silence.<\/p>\n<p data-start=\"474\" data-end=\"809\"><strong data-start=\"474\" data-end=\"488\">Programme : <\/strong><\/p>\n<p data-start=\"1170\" data-end=\"1263\">\u0412\u044b \u043e\u0442\u043f\u0440\u0430\u0432\u043b\u044f\u0435\u0442\u0435\u0441\u044c \u0438\u0437 \u043e\u0442\u0435\u043b\u044f \u0443\u0442\u0440\u043e\u043c \u0438\u043b\u0438 \u043f\u043e\u0441\u043b\u0435 \u043e\u0431\u0435\u0434\u0430, \u0432 \u0437\u0430\u0432\u0438\u0441\u0438\u043c\u043e\u0441\u0442\u0438 \u043e\u0442 \u0432\u0430\u0440\u0438\u0430\u043d\u0442\u0430.<\/p>\n<p>\u0412 \u0445\u043e\u0434\u0435 \u044d\u043a\u0441\u043a\u0443\u0440\u0441\u0438\u0438:<\/p>\n<ul>\n<li>Visite du village des femmes Karen au long cou - d\u00e9couverte des traditions, des v\u00eatements, des l\u00e9gendes et de l'artisanat f\u00e9minin.<\/li>\n<li data-start=\"1170\" data-end=\"1263\">Visite du monast\u00e8re Wat Yansangvararam : promenade relaxante dans le parc, pour admirer l'architecture et l'histoire.<\/li>\n<li data-start=\"1170\" data-end=\"1263\">Mus\u00e9e de figures de cire de moines \u00e9clair\u00e9s.<\/li>\n<li data-start=\"1170\" data-end=\"1263\">Lac de lotus et rituel de \"purification du karma\" : 200 \u00e9tapes pour s'\u00e9lever spirituellement, nourrir les poissons, lib\u00e9rer les \u00eatres vivants dans l'eau - facultatif.<\/li>\n<li data-start=\"1170\" data-end=\"1263\">Montagne du Bouddha d'or - Khao Chi Chan est une \u00e9norme image bouddhiste dor\u00e9e sculpt\u00e9e dans la roche.<\/li>\n<li data-start=\"1170\" data-end=\"1263\">Si l'option \"contact avec le zoo\" est s\u00e9lectionn\u00e9e, une visite au zoo est ajout\u00e9e, ce qui permet d'interagir avec les animaux.<\/li>\n<li data-start=\"1170\" data-end=\"1263\">Si le rituel \"Fun\u00e9railles des \u00e9checs\" est inclus, participez \u00e0 la c\u00e9r\u00e9monie avec des b\u00e9n\u00e9dictions et la r\u00e9citation de mantras.<\/li>\n<\/ul>\n<p data-start=\"1233\" data-end=\"1656\"><strong style=\"font-family: var(--global-body-font-family);\">Inclus :<\/strong><\/p>\n<ul>\n<li>Transfert depuis et vers l'h\u00f4tel<\/li>\n<li>Tous les billets d'entr\u00e9e selon le programme<\/li>\n<li>Guide parlant russe<\/li>\n<li><span style=\"font-family: var(--global-body-font-family);\">Assurance<\/span><\/li>\n<\/ul>\n<p><strong>Emportez-le avec vous :<\/strong><\/p>\n<ul>\n<li>Copie du passeport<\/li>\n<li>V\u00eatements couvrant les \u00e9paules et les genoux<\/li>\n<li>Chaussures confortables<\/li>\n<li>Coiffure, lunettes de soleil<\/li>\n<li>appareil photo\/vid\u00e9o<\/li>\n<li>Argent pour les d\u00e9penses personnelles et les frais \u00e9ventuels pour les rituels, la nourriture, les souvenirs<\/li>\n<\/ul>\n<p data-start=\"2105\" data-end=\"2137\"><strong data-start=\"2105\" data-end=\"2135\">Informations compl\u00e9mentaires :<\/strong><\/p>\n<ul>\n<li>Les enfants de moins de 2-3 ans (jusqu'\u00e0 ~90cm) participent g\u00e9n\u00e9ralement gratuitement, sans si\u00e8ge s\u00e9par\u00e9 dans le bus.<\/li>\n<li>Le programme peut varier : versions du matin et du soir, versions personnalis\u00e9es comprenant des options suppl\u00e9mentaires.<\/li>\n<li>Les rituels li\u00e9s au karma et \u00e0 l'\u00e9chec de l'enterrement requi\u00e8rent la participation des personnes qui le souhaitent et peuvent faire l'objet de frais suppl\u00e9mentaires sur place.<\/li>\n<\/ul>","protected":false},"excerpt":{"rendered":"<p><strong>Temps du Tour:<\/strong><br \/>\n\u0423\u0442\u0440\u0435\u043d\u043d\u044f\u044f \u043f\u0440\u043e\u0433\u0440\u0430\u043c\u043c\u0430 \u0441 8:00 \u0434\u043e 15:00;<br \/>\n\u0412\u0435\u0447\u0435\u0440\u043d\u044f\u044f \u043f\u0440\u043e\u0433\u0440\u0430\u043c\u043c\u0430 \u2014 \u0441 13:30 \u0434\u043e 20:30.<br \/>\n<strong>Jours de D\u00e9roulement:<\/strong> Quotidiennement<\/p>","protected":false},"featured_media":66197,"template":"","meta":{"_kad_post_transparent":"default","_kad_post_title":"","_kad_post_layout":"default","_kad_post_sidebar_id":"","_kad_post_content_style":"default","_kad_post_vertical_padding":"default","_kad_post_feature":"","_kad_post_feature_position":"","_kad_post_header":false,"_kad_post_footer":false,"_kad_post_classname":"","_glsr_average":0,"_glsr_ranking":0,"_glsr_reviews":0},"product_brand":[],"product_cat":[507],"product_tag":[],"class_list":{"0":"post-66189","1":"product","2":"type-product","3":"status-publish","4":"has-post-thumbnail","6":"product_cat-pattaya","7":"tm-has-options","9":"first","10":"instock","11":"sold-individually","12":"taxable","13":"shipping-taxable","14":"purchasable","15":"product-type-simple","16":"entry","17":"content-bg","18":"loop-entry"},"yoast_head":"<!-- This site is optimized with the Yoast SEO plugin v27.3 - https:\/\/yoast.com\/product\/yoast-seo-wordpress\/ -->\n<title>\u0425\u0440\u0430\u043c\u043e\u0432\u044b\u0439 \u043a\u043e\u043c\u043f\u043b\u0435\u043a\u0441 \u0412\u0430\u0442 \u042f\u043d &#8226; \u042d\u043a\u0441\u043a\u0443\u0440\u0441\u0438\u0438 Skyline<\/title>\n<meta name=\"robots\" content=\"index, follow, max-snippet:-1, max-image-preview:large, max-video-preview:-1\" \/>\n<link rel=\"canonical\" href=\"https:\/\/skyline-gs.com\/fr\/produit\/wat-yan-temple-complex\/\" \/>\n<meta property=\"og:locale\" content=\"fr_FR\" \/>\n<meta property=\"og:type\" content=\"article\" \/>\n<meta property=\"og:title\" content=\"\u0425\u0440\u0430\u043c\u043e\u0432\u044b\u0439 \u043a\u043e\u043c\u043f\u043b\u0435\u043a\u0441 \u0412\u0430\u0442 \u042f\u043d &#8226; \u042d\u043a\u0441\u043a\u0443\u0440\u0441\u0438\u0438 Skyline\" \/>\n<meta property=\"og:description\" content=\"\u0412\u0440\u0435\u043c\u044f \u0442\u0443\u0440\u0430: \u0423\u0442\u0440\u0435\u043d\u043d\u044f\u044f \u043f\u0440\u043e\u0433\u0440\u0430\u043c\u043c\u0430 \u0441 8:00 \u0434\u043e 15:00; \u0412\u0435\u0447\u0435\u0440\u043d\u044f\u044f \u043f\u0440\u043e\u0433\u0440\u0430\u043c\u043c\u0430 \u2014 \u0441 13:30 \u0434\u043e 20:30. \u0414\u043d\u0438 \u043f\u0440\u043e\u0432\u0435\u0434\u0435\u043d\u0438\u044f: \u0415\u0436\u0435\u0434\u043d\u0435\u0432\u043d\u043e\" \/>\n<meta property=\"og:url\" content=\"https:\/\/skyline-gs.com\/fr\/produit\/wat-yan-temple-complex\/\" \/>\n<meta property=\"og:site_name\" content=\"\u042d\u043a\u0441\u043a\u0443\u0440\u0441\u0438\u0438 Skyline\" \/>\n<meta property=\"article:modified_time\" content=\"2025-09-23T20:08:34+00:00\" \/>\n<meta property=\"og:image\" content=\"https:\/\/skyline-gs.com\/wp-content\/uploads\/2025\/09\/img_8773_0.jpg-e1765911599291.webp\" \/>\n\t<meta property=\"og:image:width\" content=\"1108\" \/>\n\t<meta property=\"og:image:height\" content=\"740\" \/>\n\t<meta property=\"og:image:type\" content=\"image\/webp\" \/>\n<meta name=\"twitter:card\" content=\"summary_large_image\" \/>\n<meta name=\"twitter:label1\" content=\"Dur\u00e9e de lecture estim\u00e9e\" \/>\n\t<meta name=\"twitter:data1\" content=\"2 minutes\" \/>\n<script type=\"application\/ld+json\" class=\"yoast-schema-graph\">{\"@context\":\"https:\\\/\\\/schema.org\",\"@graph\":[{\"@type\":\"WebPage\",\"@id\":\"https:\\\/\\\/skyline-gs.com\\\/de\\\/produkt\\\/wat-yan-temple-complex\\\/\",\"url\":\"https:\\\/\\\/skyline-gs.com\\\/de\\\/produkt\\\/wat-yan-temple-complex\\\/\",\"name\":\"\u0425\u0440\u0430\u043c\u043e\u0432\u044b\u0439 \u043a\u043e\u043c\u043f\u043b\u0435\u043a\u0441 \u0412\u0430\u0442 \u042f\u043d &#8226; \u042d\u043a\u0441\u043a\u0443\u0440\u0441\u0438\u0438 Skyline\",\"isPartOf\":{\"@id\":\"https:\\\/\\\/skyline-gs.com\\\/it\\\/#website\"},\"primaryImageOfPage\":{\"@id\":\"https:\\\/\\\/skyline-gs.com\\\/de\\\/produkt\\\/wat-yan-temple-complex\\\/#primaryimage\"},\"image\":{\"@id\":\"https:\\\/\\\/skyline-gs.com\\\/de\\\/produkt\\\/wat-yan-temple-complex\\\/#primaryimage\"},\"thumbnailUrl\":\"https:\\\/\\\/skyline-gs.com\\\/wp-content\\\/uploads\\\/2025\\\/09\\\/img_8773_0.jpg-e1765911599291.webp\",\"datePublished\":\"2025-09-20T16:08:47+00:00\",\"dateModified\":\"2025-09-23T20:08:34+00:00\",\"breadcrumb\":{\"@id\":\"https:\\\/\\\/skyline-gs.com\\\/de\\\/produkt\\\/wat-yan-temple-complex\\\/#breadcrumb\"},\"inLanguage\":\"fr-FR\",\"potentialAction\":[{\"@type\":\"ReadAction\",\"target\":[\"https:\\\/\\\/skyline-gs.com\\\/de\\\/produkt\\\/wat-yan-temple-complex\\\/\"]}]},{\"@type\":\"ImageObject\",\"inLanguage\":\"fr-FR\",\"@id\":\"https:\\\/\\\/skyline-gs.com\\\/de\\\/produkt\\\/wat-yan-temple-complex\\\/#primaryimage\",\"url\":\"https:\\\/\\\/skyline-gs.com\\\/wp-content\\\/uploads\\\/2025\\\/09\\\/img_8773_0.jpg-e1765911599291.webp\",\"contentUrl\":\"https:\\\/\\\/skyline-gs.com\\\/wp-content\\\/uploads\\\/2025\\\/09\\\/img_8773_0.jpg-e1765911599291.webp\",\"width\":1108,\"height\":740},{\"@type\":\"BreadcrumbList\",\"@id\":\"https:\\\/\\\/skyline-gs.com\\\/de\\\/produkt\\\/wat-yan-temple-complex\\\/#breadcrumb\",\"itemListElement\":[{\"@type\":\"ListItem\",\"position\":1,\"name\":\"\u0413\u043b\u0430\u0432\u043d\u0430\u044f \u0441\u0442\u0440\u0430\u043d\u0438\u0446\u0430\",\"item\":\"https:\\\/\\\/skyline-gs.com\\\/hu\\\/\"},{\"@type\":\"ListItem\",\"position\":2,\"name\":\"\u041c\u0430\u0433\u0430\u0437\u0438\u043d\",\"item\":\"https:\\\/\\\/skyline-gs.com\\\/cs\\\/shop\\\/\"},{\"@type\":\"ListItem\",\"position\":3,\"name\":\"\u0425\u0440\u0430\u043c\u043e\u0432\u044b\u0439 \u043a\u043e\u043c\u043f\u043b\u0435\u043a\u0441 \u0412\u0430\u0442 \u042f\u043d\"}]},{\"@type\":\"WebSite\",\"@id\":\"https:\\\/\\\/skyline-gs.com\\\/it\\\/#website\",\"url\":\"https:\\\/\\\/skyline-gs.com\\\/it\\\/\",\"name\":\"\u042d\u043a\u0441\u043a\u0443\u0440\u0441\u0438\u0438 Skyline\",\"description\":\"\u042d\u043a\u0441\u043a\u043b\u044e\u0437\u0438\u0432\u043d\u044b\u0435 \u044d\u043a\u0441\u043a\u0443\u0440\u0441\u0438\u0438 \u043d\u0430 \u043b\u0443\u0447\u0448\u0438\u0445 \u043a\u0443\u0440\u043e\u0440\u0442\u0430\u0445 \u043c\u0438\u0440\u0430\",\"publisher\":{\"@id\":\"https:\\\/\\\/skyline-gs.com\\\/it\\\/#organization\"},\"alternateName\":\"Skyline\",\"potentialAction\":[{\"@type\":\"SearchAction\",\"target\":{\"@type\":\"EntryPoint\",\"urlTemplate\":\"https:\\\/\\\/skyline-gs.com\\\/it\\\/?s={search_term_string}\"},\"query-input\":{\"@type\":\"PropertyValueSpecification\",\"valueRequired\":true,\"valueName\":\"search_term_string\"}}],\"inLanguage\":\"fr-FR\"},{\"@type\":\"Organization\",\"@id\":\"https:\\\/\\\/skyline-gs.com\\\/it\\\/#organization\",\"name\":\"\u042d\u043a\u0441\u043a\u0443\u0440\u0441\u0438\u0438 Skyline\",\"alternateName\":\"\u042d\u043a\u0441\u043a\u0443\u0440\u0441\u0438\u0438 Skyline\",\"url\":\"https:\\\/\\\/skyline-gs.com\\\/it\\\/\",\"logo\":{\"@type\":\"ImageObject\",\"inLanguage\":\"fr-FR\",\"@id\":\"https:\\\/\\\/skyline-gs.com\\\/it\\\/#\\\/schema\\\/logo\\\/image\\\/\",\"url\":\"https:\\\/\\\/skyline-gs.com\\\/wp-content\\\/uploads\\\/2020\\\/12\\\/cropped-logo-2.png\",\"contentUrl\":\"https:\\\/\\\/skyline-gs.com\\\/wp-content\\\/uploads\\\/2020\\\/12\\\/cropped-logo-2.png\",\"width\":512,\"height\":512,\"caption\":\"\u042d\u043a\u0441\u043a\u0443\u0440\u0441\u0438\u0438 Skyline\"},\"image\":{\"@id\":\"https:\\\/\\\/skyline-gs.com\\\/it\\\/#\\\/schema\\\/logo\\\/image\\\/\"},\"sameAs\":[\"https:\\\/\\\/www.instagram.com\\\/skylineglobalservice\\\/\"]}]}<\/script>\n<!-- \/ Yoast SEO plugin. -->","yoast_head_json":{"title":"Complexe du temple Wat Yang - Skyline Tours","robots":{"index":"index","follow":"follow","max-snippet":"max-snippet:-1","max-image-preview":"max-image-preview:large","max-video-preview":"max-video-preview:-1"},"canonical":"https:\/\/skyline-gs.com\/fr\/produit\/wat-yan-temple-complex\/","og_locale":"fr_FR","og_type":"article","og_title":"\u0425\u0440\u0430\u043c\u043e\u0432\u044b\u0439 \u043a\u043e\u043c\u043f\u043b\u0435\u043a\u0441 \u0412\u0430\u0442 \u042f\u043d &#8226; \u042d\u043a\u0441\u043a\u0443\u0440\u0441\u0438\u0438 Skyline","og_description":"\u0412\u0440\u0435\u043c\u044f \u0442\u0443\u0440\u0430: \u0423\u0442\u0440\u0435\u043d\u043d\u044f\u044f \u043f\u0440\u043e\u0433\u0440\u0430\u043c\u043c\u0430 \u0441 8:00 \u0434\u043e 15:00; \u0412\u0435\u0447\u0435\u0440\u043d\u044f\u044f \u043f\u0440\u043e\u0433\u0440\u0430\u043c\u043c\u0430 \u2014 \u0441 13:30 \u0434\u043e 20:30. \u0414\u043d\u0438 \u043f\u0440\u043e\u0432\u0435\u0434\u0435\u043d\u0438\u044f: \u0415\u0436\u0435\u0434\u043d\u0435\u0432\u043d\u043e","og_url":"https:\/\/skyline-gs.com\/fr\/produit\/wat-yan-temple-complex\/","og_site_name":"\u042d\u043a\u0441\u043a\u0443\u0440\u0441\u0438\u0438 Skyline","article_modified_time":"2025-09-23T20:08:34+00:00","og_image":[{"width":1108,"height":740,"url":"https:\/\/skyline-gs.com\/wp-content\/uploads\/2025\/09\/img_8773_0.jpg-e1765911599291.webp","type":"image\/webp"}],"twitter_card":"summary_large_image","twitter_misc":{"Dur\u00e9e de lecture estim\u00e9e":"2 minutes"},"schema":{"@context":"https:\/\/schema.org","@graph":[{"@type":"WebPage","@id":"https:\/\/skyline-gs.com\/de\/produkt\/wat-yan-temple-complex\/","url":"https:\/\/skyline-gs.com\/de\/produkt\/wat-yan-temple-complex\/","name":"Complexe du temple Wat Yang - Skyline Tours","isPartOf":{"@id":"https:\/\/skyline-gs.com\/it\/#website"},"primaryImageOfPage":{"@id":"https:\/\/skyline-gs.com\/de\/produkt\/wat-yan-temple-complex\/#primaryimage"},"image":{"@id":"https:\/\/skyline-gs.com\/de\/produkt\/wat-yan-temple-complex\/#primaryimage"},"thumbnailUrl":"https:\/\/skyline-gs.com\/wp-content\/uploads\/2025\/09\/img_8773_0.jpg-e1765911599291.webp","datePublished":"2025-09-20T16:08:47+00:00","dateModified":"2025-09-23T20:08:34+00:00","breadcrumb":{"@id":"https:\/\/skyline-gs.com\/de\/produkt\/wat-yan-temple-complex\/#breadcrumb"},"inLanguage":"fr-FR","potentialAction":[{"@type":"ReadAction","target":["https:\/\/skyline-gs.com\/de\/produkt\/wat-yan-temple-complex\/"]}]},{"@type":"ImageObject","inLanguage":"fr-FR","@id":"https:\/\/skyline-gs.com\/de\/produkt\/wat-yan-temple-complex\/#primaryimage","url":"https:\/\/skyline-gs.com\/wp-content\/uploads\/2025\/09\/img_8773_0.jpg-e1765911599291.webp","contentUrl":"https:\/\/skyline-gs.com\/wp-content\/uploads\/2025\/09\/img_8773_0.jpg-e1765911599291.webp","width":1108,"height":740},{"@type":"BreadcrumbList","@id":"https:\/\/skyline-gs.com\/de\/produkt\/wat-yan-temple-complex\/#breadcrumb","itemListElement":[{"@type":"ListItem","position":1,"name":"\u0413\u043b\u0430\u0432\u043d\u0430\u044f \u0441\u0442\u0440\u0430\u043d\u0438\u0446\u0430","item":"https:\/\/skyline-gs.com\/hu\/"},{"@type":"ListItem","position":2,"name":"\u041c\u0430\u0433\u0430\u0437\u0438\u043d","item":"https:\/\/skyline-gs.com\/cs\/shop\/"},{"@type":"ListItem","position":3,"name":"\u0425\u0440\u0430\u043c\u043e\u0432\u044b\u0439 \u043a\u043e\u043c\u043f\u043b\u0435\u043a\u0441 \u0412\u0430\u0442 \u042f\u043d"}]},{"@type":"WebSite","@id":"https:\/\/skyline-gs.com\/it\/#website","url":"https:\/\/skyline-gs.com\/it\/","name":"Excursions Skyline","description":"Excursions exclusives dans les meilleurs centres de vill\u00e9giature du monde","publisher":{"@id":"https:\/\/skyline-gs.com\/it\/#organization"},"alternateName":"Skyline","potentialAction":[{"@type":"SearchAction","target":{"@type":"EntryPoint","urlTemplate":"https:\/\/skyline-gs.com\/it\/?s={search_term_string}"},"query-input":{"@type":"PropertyValueSpecification","valueRequired":true,"valueName":"search_term_string"}}],"inLanguage":"fr-FR"},{"@type":"Organization","@id":"https:\/\/skyline-gs.com\/it\/#organization","name":"Excursions Skyline","alternateName":"\u042d\u043a\u0441\u043a\u0443\u0440\u0441\u0438\u0438 Skyline","url":"https:\/\/skyline-gs.com\/it\/","logo":{"@type":"ImageObject","inLanguage":"fr-FR","@id":"https:\/\/skyline-gs.com\/it\/#\/schema\/logo\/image\/","url":"https:\/\/skyline-gs.com\/wp-content\/uploads\/2020\/12\/cropped-logo-2.png","contentUrl":"https:\/\/skyline-gs.com\/wp-content\/uploads\/2020\/12\/cropped-logo-2.png","width":512,"height":512,"caption":"\u042d\u043a\u0441\u043a\u0443\u0440\u0441\u0438\u0438 Skyline"},"image":{"@id":"https:\/\/skyline-gs.com\/it\/#\/schema\/logo\/image\/"},"sameAs":["https:\/\/www.instagram.com\/skylineglobalservice\/"]}]}},"_links":{"self":[{"href":"https:\/\/skyline-gs.com\/fr\/wp-json\/wp\/v2\/product\/66189","targetHints":{"allow":["GET"]}}],"collection":[{"href":"https:\/\/skyline-gs.com\/fr\/wp-json\/wp\/v2\/product"}],"about":[{"href":"https:\/\/skyline-gs.com\/fr\/wp-json\/wp\/v2\/types\/product"}],"version-history":[{"count":0,"href":"https:\/\/skyline-gs.com\/fr\/wp-json\/wp\/v2\/product\/66189\/revisions"}],"wp:featuredmedia":[{"embeddable":true,"href":"https:\/\/skyline-gs.com\/fr\/wp-json\/wp\/v2\/media\/66197"}],"wp:attachment":[{"href":"https:\/\/skyline-gs.com\/fr\/wp-json\/wp\/v2\/media?parent=66189"}],"wp:term":[{"taxonomy":"product_brand","embeddable":true,"href":"https:\/\/skyline-gs.com\/fr\/wp-json\/wp\/v2\/product_brand?post=66189"},{"taxonomy":"product_cat","embeddable":true,"href":"https:\/\/skyline-gs.com\/fr\/wp-json\/wp\/v2\/product_cat?post=66189"},{"taxonomy":"product_tag","embeddable":true,"href":"https:\/\/skyline-gs.com\/fr\/wp-json\/wp\/v2\/product_tag?post=66189"}],"curies":[{"name":"wp","href":"https:\/\/api.w.org\/{rel}","templated":true}]}}