{"id":66153,"date":"2025-09-20T14:29:54","date_gmt":"2025-09-20T12:29:54","guid":{"rendered":"http:\/\/skyline-gs.com\/?post_type=product&#038;p=66153"},"modified":"2025-09-20T14:59:03","modified_gmt":"2025-09-20T12:59:03","slug":"croisiere-fleuve-du-temps-ayutthaya-bangkok","status":"publish","type":"product","link":"https:\/\/skyline-gs.com\/fr\/product\/river-of-time-ayutthaya-bangkok-cruise\/","title":{"rendered":"Le fleuve du temps : croisi\u00e8re Ayutthaya-Bangkok"},"content":{"rendered":"<p><strong>D\u00e9couvrez deux chapitres de l'histoire de la Tha\u00eflande : l'ancienne Ayutthaya et la Bangkok moderne.<\/strong> en une journ\u00e9e. La visite est remplie de temples, de l\u00e9gendes, de rituels, d'une croisi\u00e8re pittoresque et d'une excellente nourriture - tout ce qu'il faut pour que cette journ\u00e9e laisse des souvenirs imp\u00e9rissables !<\/p>\n<p data-start=\"474\" data-end=\"809\"><strong data-start=\"474\" data-end=\"488\">Programme : <\/strong><\/p>\n<p data-start=\"474\" data-end=\"809\">D\u00e9part de l'h\u00f4tel \u00e0 l'aube.<\/p>\n<p data-start=\"474\" data-end=\"809\">Le premier arr\u00eat est le temple du Bouddha pleureur : ici, un rituel pour attirer la bont\u00e9 et l'amour est pr\u00e9vu, en nourrissant des poissons-chats sacr\u00e9s.<\/p>\n<p data-start=\"474\" data-end=\"809\">Vient ensuite le temple des Grandes Reliques, reconstruit apr\u00e8s des destructions, avec des reliques de Bouddha et le c\u00e9l\u00e8bre arbre \u00e0 racines.<\/p>\n<p data-start=\"474\" data-end=\"809\">Ensuite, le temple de Mortal Kombat, bien connu du film, est un exemple de l'architecture khm\u00e8re. Apr\u00e8s le temple, vous embarquerez \u00e0 bord d'un confortable bateau de croisi\u00e8re \u00e0 deux ponts pour un d\u00e9jeuner buffet et vous d\u00e9tendre tout en admirant le paysage fluvial.<\/p>\n<p data-start=\"474\" data-end=\"809\">Enfin, arriv\u00e9e \u00e0 Bangkok, le centre de la capitale, o\u00f9 vous verrez le contraste entre l'ancienne et la nouvelle Tha\u00eflande, les temples, les ponts et les gratte-ciel.<\/p>\n<p data-start=\"1233\" data-end=\"1656\"><strong style=\"font-family: var(--global-body-font-family);\">Inclus :<\/strong><\/p>\n<ul>\n<li data-start=\"1336\" data-end=\"1365\">Transfert depuis et vers l'h\u00f4tel<\/li>\n<li data-start=\"1368\" data-end=\"1423\">V\u00e9hicule confortable et climatis\u00e9<\/li>\n<li data-start=\"1426\" data-end=\"1445\">Guide parlant russe<\/li>\n<li data-start=\"1448\" data-end=\"1492\">Billets d'entr\u00e9e pour tous les temples pr\u00e9vus au programme<\/li>\n<li data-start=\"1495\" data-end=\"1546\">D\u00e9jeuner buffet sur le paquebot et boissons pendant la croisi\u00e8re<\/li>\n<li data-start=\"1549\" data-end=\"1580\">Croisi\u00e8re sur un paquebot \u00e0 deux ponts<\/li>\n<li data-start=\"1583\" data-end=\"1594\">Assurance<\/li>\n<\/ul>\n<p><strong>Emportez-le avec vous :<\/strong><\/p>\n<ul>\n<li data-start=\"1627\" data-end=\"1648\">Passeport \u00e9tranger<\/li>\n<li data-start=\"1651\" data-end=\"1666\">Chaussures confortables<\/li>\n<li data-start=\"1669\" data-end=\"1706\">Coiffure et lunettes de soleil<\/li>\n<li data-start=\"1709\" data-end=\"1733\">\u00e9quipement photo\/vid\u00e9o<\/li>\n<li data-start=\"1736\" data-end=\"1785\">V\u00eatements couvrant les \u00e9paules et les genoux (pour les temples)<\/li>\n<\/ul>\n<p data-start=\"2105\" data-end=\"2137\"><strong data-start=\"2105\" data-end=\"2135\">Informations compl\u00e9mentaires :<\/strong><\/p>\n<ul>\n<li data-start=\"1827\" data-end=\"1905\">Il s'agit d'une visite d'une journ\u00e9e compl\u00e8te, adapt\u00e9e aux passionn\u00e9s d'histoire et aux vacanciers d\u00e9contract\u00e9s.<\/li>\n<li data-start=\"1908\" data-end=\"1977\">Dans l'enceinte du temple, il convient de respecter le code vestimentaire : \u00e9paules et genoux couverts.<\/li>\n<li data-start=\"1980\" data-end=\"2067\">Les heures de retour sont approximatives et peuvent varier en fonction de l'\u00e9tat des routes.<\/li>\n<\/ul>","protected":false},"excerpt":{"rendered":"<p><strong data-start=\"583\" data-end=\"598\">Temps du Tour:<\/strong> 2 jours \/ 1 nuit<br data-start=\"613\" data-end=\"616\" \/><strong data-start=\"616\" data-end=\"635\">Jours de D\u00e9roulement:<\/strong> selon le calendrier (lundi, mercredi, vendredi, etc.)<\/p>","protected":false},"featured_media":66160,"template":"","meta":{"_kad_post_transparent":"default","_kad_post_title":"","_kad_post_layout":"default","_kad_post_sidebar_id":"","_kad_post_content_style":"default","_kad_post_vertical_padding":"default","_kad_post_feature":"","_kad_post_feature_position":"","_kad_post_header":false,"_kad_post_footer":false,"_kad_post_classname":"","_glsr_average":0,"_glsr_ranking":0,"_glsr_reviews":0},"product_brand":[],"product_cat":[507],"product_tag":[],"class_list":{"0":"post-66153","1":"product","2":"type-product","3":"status-publish","4":"has-post-thumbnail","6":"product_cat-pattaya","7":"tm-has-options","9":"first","10":"instock","11":"sold-individually","12":"taxable","13":"shipping-taxable","14":"purchasable","15":"product-type-simple","16":"entry","17":"content-bg","18":"loop-entry"},"yoast_head":"<!-- This site is optimized with the Yoast SEO plugin v27.4 - https:\/\/yoast.com\/product\/yoast-seo-wordpress\/ -->\n<title>\u0420\u0435\u043a\u0430 \u0412\u0440\u0435\u043c\u0435\u043d\u0438: \u043a\u0440\u0443\u0438\u0437 \u0410\u044e\u0442\u0442\u0430\u0439\u044f-\u0411\u0430\u043d\u0433\u043a\u043e\u043a &#8226; \u042d\u043a\u0441\u043a\u0443\u0440\u0441\u0438\u0438 Skyline<\/title>\n<meta name=\"robots\" content=\"index, follow, max-snippet:-1, max-image-preview:large, max-video-preview:-1\" \/>\n<link rel=\"canonical\" href=\"http:\/\/skyline-gs.com\/fr\/produit\/croisiere-fleuve-du-temps-ayutthaya-bangkok\/\" \/>\n<meta property=\"og:locale\" content=\"fr_FR\" \/>\n<meta property=\"og:type\" content=\"article\" \/>\n<meta property=\"og:title\" content=\"\u0420\u0435\u043a\u0430 \u0412\u0440\u0435\u043c\u0435\u043d\u0438: \u043a\u0440\u0443\u0438\u0437 \u0410\u044e\u0442\u0442\u0430\u0439\u044f-\u0411\u0430\u043d\u0433\u043a\u043e\u043a &#8226; \u042d\u043a\u0441\u043a\u0443\u0440\u0441\u0438\u0438 Skyline\" \/>\n<meta property=\"og:description\" content=\"\u0412\u0440\u0435\u043c\u044f \u0442\u0443\u0440\u0430: 2 \u0434\u043d\u044f \/ 1 \u043d\u043e\u0447\u044c\u0414\u043d\u0438 \u043f\u0440\u043e\u0432\u0435\u0434\u0435\u043d\u0438\u044f: \u043f\u043e \u0440\u0430\u0441\u043f\u0438\u0441\u0430\u043d\u0438\u044e (\u043f\u043e\u043d\u0435\u0434\u0435\u043b\u044c\u043d\u0438\u043a, \u0441\u0440\u0435\u0434\u0430, \u043f\u044f\u0442\u043d\u0438\u0446\u0430 \u0438 \u0434\u0440.)\" \/>\n<meta property=\"og:url\" content=\"http:\/\/skyline-gs.com\/fr\/produit\/croisiere-fleuve-du-temps-ayutthaya-bangkok\/\" \/>\n<meta property=\"og:site_name\" content=\"\u042d\u043a\u0441\u043a\u0443\u0440\u0441\u0438\u0438 Skyline\" \/>\n<meta property=\"article:modified_time\" content=\"2025-09-20T12:59:03+00:00\" \/>\n<meta property=\"og:image\" content=\"https:\/\/skyline-gs.com\/wp-content\/uploads\/2025\/09\/43dcc2.jpg-e1765911336448.webp\" \/>\n\t<meta property=\"og:image:width\" content=\"1044\" \/>\n\t<meta property=\"og:image:height\" content=\"660\" \/>\n\t<meta property=\"og:image:type\" content=\"image\/webp\" \/>\n<meta name=\"twitter:card\" content=\"summary_large_image\" \/>\n<meta name=\"twitter:label1\" content=\"Dur\u00e9e de lecture estim\u00e9e\" \/>\n\t<meta name=\"twitter:data1\" content=\"2 minutes\" \/>\n<script type=\"application\/ld+json\" class=\"yoast-schema-graph\">{\"@context\":\"https:\\\/\\\/schema.org\",\"@graph\":[{\"@type\":\"WebPage\",\"@id\":\"http:\\\/\\\/skyline-gs.com\\\/hu\\\/termek\\\/river-of-time-ayutthaya-bangkok-cruise\\\/\",\"url\":\"http:\\\/\\\/skyline-gs.com\\\/hu\\\/termek\\\/river-of-time-ayutthaya-bangkok-cruise\\\/\",\"name\":\"\u0420\u0435\u043a\u0430 \u0412\u0440\u0435\u043c\u0435\u043d\u0438: \u043a\u0440\u0443\u0438\u0437 \u0410\u044e\u0442\u0442\u0430\u0439\u044f-\u0411\u0430\u043d\u0433\u043a\u043e\u043a &#8226; \u042d\u043a\u0441\u043a\u0443\u0440\u0441\u0438\u0438 Skyline\",\"isPartOf\":{\"@id\":\"https:\\\/\\\/skyline-gs.com\\\/it\\\/#website\"},\"primaryImageOfPage\":{\"@id\":\"http:\\\/\\\/skyline-gs.com\\\/hu\\\/termek\\\/river-of-time-ayutthaya-bangkok-cruise\\\/#primaryimage\"},\"image\":{\"@id\":\"http:\\\/\\\/skyline-gs.com\\\/hu\\\/termek\\\/river-of-time-ayutthaya-bangkok-cruise\\\/#primaryimage\"},\"thumbnailUrl\":\"https:\\\/\\\/skyline-gs.com\\\/wp-content\\\/uploads\\\/2025\\\/09\\\/43dcc2.jpg-e1765911336448.webp\",\"datePublished\":\"2025-09-20T12:29:54+00:00\",\"dateModified\":\"2025-09-20T12:59:03+00:00\",\"breadcrumb\":{\"@id\":\"http:\\\/\\\/skyline-gs.com\\\/hu\\\/termek\\\/river-of-time-ayutthaya-bangkok-cruise\\\/#breadcrumb\"},\"inLanguage\":\"fr-FR\",\"potentialAction\":[{\"@type\":\"ReadAction\",\"target\":[\"http:\\\/\\\/skyline-gs.com\\\/hu\\\/termek\\\/river-of-time-ayutthaya-bangkok-cruise\\\/\"]}]},{\"@type\":\"ImageObject\",\"inLanguage\":\"fr-FR\",\"@id\":\"http:\\\/\\\/skyline-gs.com\\\/hu\\\/termek\\\/river-of-time-ayutthaya-bangkok-cruise\\\/#primaryimage\",\"url\":\"https:\\\/\\\/skyline-gs.com\\\/wp-content\\\/uploads\\\/2025\\\/09\\\/43dcc2.jpg-e1765911336448.webp\",\"contentUrl\":\"https:\\\/\\\/skyline-gs.com\\\/wp-content\\\/uploads\\\/2025\\\/09\\\/43dcc2.jpg-e1765911336448.webp\",\"width\":1044,\"height\":660},{\"@type\":\"BreadcrumbList\",\"@id\":\"http:\\\/\\\/skyline-gs.com\\\/hu\\\/termek\\\/river-of-time-ayutthaya-bangkok-cruise\\\/#breadcrumb\",\"itemListElement\":[{\"@type\":\"ListItem\",\"position\":1,\"name\":\"\u0413\u043b\u0430\u0432\u043d\u0430\u044f \u0441\u0442\u0440\u0430\u043d\u0438\u0446\u0430\",\"item\":\"https:\\\/\\\/skyline-gs.com\\\/hu\\\/\"},{\"@type\":\"ListItem\",\"position\":2,\"name\":\"\u041c\u0430\u0433\u0430\u0437\u0438\u043d\",\"item\":\"https:\\\/\\\/skyline-gs.com\\\/cs\\\/shop\\\/\"},{\"@type\":\"ListItem\",\"position\":3,\"name\":\"\u0420\u0435\u043a\u0430 \u0412\u0440\u0435\u043c\u0435\u043d\u0438: \u043a\u0440\u0443\u0438\u0437 \u0410\u044e\u0442\u0442\u0430\u0439\u044f-\u0411\u0430\u043d\u0433\u043a\u043e\u043a\"}]},{\"@type\":\"WebSite\",\"@id\":\"https:\\\/\\\/skyline-gs.com\\\/it\\\/#website\",\"url\":\"https:\\\/\\\/skyline-gs.com\\\/it\\\/\",\"name\":\"\u042d\u043a\u0441\u043a\u0443\u0440\u0441\u0438\u0438 Skyline\",\"description\":\"\u042d\u043a\u0441\u043a\u043b\u044e\u0437\u0438\u0432\u043d\u044b\u0435 \u044d\u043a\u0441\u043a\u0443\u0440\u0441\u0438\u0438 \u043d\u0430 \u043b\u0443\u0447\u0448\u0438\u0445 \u043a\u0443\u0440\u043e\u0440\u0442\u0430\u0445 \u043c\u0438\u0440\u0430\",\"publisher\":{\"@id\":\"https:\\\/\\\/skyline-gs.com\\\/it\\\/#organization\"},\"alternateName\":\"Skyline\",\"potentialAction\":[{\"@type\":\"SearchAction\",\"target\":{\"@type\":\"EntryPoint\",\"urlTemplate\":\"https:\\\/\\\/skyline-gs.com\\\/it\\\/?s={search_term_string}\"},\"query-input\":{\"@type\":\"PropertyValueSpecification\",\"valueRequired\":true,\"valueName\":\"search_term_string\"}}],\"inLanguage\":\"fr-FR\"},{\"@type\":\"Organization\",\"@id\":\"https:\\\/\\\/skyline-gs.com\\\/it\\\/#organization\",\"name\":\"\u042d\u043a\u0441\u043a\u0443\u0440\u0441\u0438\u0438 Skyline\",\"alternateName\":\"\u042d\u043a\u0441\u043a\u0443\u0440\u0441\u0438\u0438 Skyline\",\"url\":\"https:\\\/\\\/skyline-gs.com\\\/it\\\/\",\"logo\":{\"@type\":\"ImageObject\",\"inLanguage\":\"fr-FR\",\"@id\":\"https:\\\/\\\/skyline-gs.com\\\/it\\\/#\\\/schema\\\/logo\\\/image\\\/\",\"url\":\"https:\\\/\\\/skyline-gs.com\\\/wp-content\\\/uploads\\\/2020\\\/12\\\/cropped-logo-2.png\",\"contentUrl\":\"https:\\\/\\\/skyline-gs.com\\\/wp-content\\\/uploads\\\/2020\\\/12\\\/cropped-logo-2.png\",\"width\":512,\"height\":512,\"caption\":\"\u042d\u043a\u0441\u043a\u0443\u0440\u0441\u0438\u0438 Skyline\"},\"image\":{\"@id\":\"https:\\\/\\\/skyline-gs.com\\\/it\\\/#\\\/schema\\\/logo\\\/image\\\/\"},\"sameAs\":[\"https:\\\/\\\/www.instagram.com\\\/skylineglobalservice\\\/\"]}]}<\/script>\n<!-- \/ Yoast SEO plugin. -->","yoast_head_json":{"title":"Le fleuve du temps : croisi\u00e8re Ayutthaya-Bangkok - Skyline Excursions","robots":{"index":"index","follow":"follow","max-snippet":"max-snippet:-1","max-image-preview":"max-image-preview:large","max-video-preview":"max-video-preview:-1"},"canonical":"http:\/\/skyline-gs.com\/fr\/produit\/croisiere-fleuve-du-temps-ayutthaya-bangkok\/","og_locale":"fr_FR","og_type":"article","og_title":"\u0420\u0435\u043a\u0430 \u0412\u0440\u0435\u043c\u0435\u043d\u0438: \u043a\u0440\u0443\u0438\u0437 \u0410\u044e\u0442\u0442\u0430\u0439\u044f-\u0411\u0430\u043d\u0433\u043a\u043e\u043a &#8226; \u042d\u043a\u0441\u043a\u0443\u0440\u0441\u0438\u0438 Skyline","og_description":"\u0412\u0440\u0435\u043c\u044f \u0442\u0443\u0440\u0430: 2 \u0434\u043d\u044f \/ 1 \u043d\u043e\u0447\u044c\u0414\u043d\u0438 \u043f\u0440\u043e\u0432\u0435\u0434\u0435\u043d\u0438\u044f: \u043f\u043e \u0440\u0430\u0441\u043f\u0438\u0441\u0430\u043d\u0438\u044e (\u043f\u043e\u043d\u0435\u0434\u0435\u043b\u044c\u043d\u0438\u043a, \u0441\u0440\u0435\u0434\u0430, \u043f\u044f\u0442\u043d\u0438\u0446\u0430 \u0438 \u0434\u0440.)","og_url":"http:\/\/skyline-gs.com\/fr\/produit\/croisiere-fleuve-du-temps-ayutthaya-bangkok\/","og_site_name":"\u042d\u043a\u0441\u043a\u0443\u0440\u0441\u0438\u0438 Skyline","article_modified_time":"2025-09-20T12:59:03+00:00","og_image":[{"width":1044,"height":660,"url":"https:\/\/skyline-gs.com\/wp-content\/uploads\/2025\/09\/43dcc2.jpg-e1765911336448.webp","type":"image\/webp"}],"twitter_card":"summary_large_image","twitter_misc":{"Dur\u00e9e de lecture estim\u00e9e":"2 minutes"},"schema":{"@context":"https:\/\/schema.org","@graph":[{"@type":"WebPage","@id":"http:\/\/skyline-gs.com\/hu\/termek\/river-of-time-ayutthaya-bangkok-cruise\/","url":"http:\/\/skyline-gs.com\/hu\/termek\/river-of-time-ayutthaya-bangkok-cruise\/","name":"Le fleuve du temps : croisi\u00e8re Ayutthaya-Bangkok - Skyline Excursions","isPartOf":{"@id":"https:\/\/skyline-gs.com\/it\/#website"},"primaryImageOfPage":{"@id":"http:\/\/skyline-gs.com\/hu\/termek\/river-of-time-ayutthaya-bangkok-cruise\/#primaryimage"},"image":{"@id":"http:\/\/skyline-gs.com\/hu\/termek\/river-of-time-ayutthaya-bangkok-cruise\/#primaryimage"},"thumbnailUrl":"https:\/\/skyline-gs.com\/wp-content\/uploads\/2025\/09\/43dcc2.jpg-e1765911336448.webp","datePublished":"2025-09-20T12:29:54+00:00","dateModified":"2025-09-20T12:59:03+00:00","breadcrumb":{"@id":"http:\/\/skyline-gs.com\/hu\/termek\/river-of-time-ayutthaya-bangkok-cruise\/#breadcrumb"},"inLanguage":"fr-FR","potentialAction":[{"@type":"ReadAction","target":["http:\/\/skyline-gs.com\/hu\/termek\/river-of-time-ayutthaya-bangkok-cruise\/"]}]},{"@type":"ImageObject","inLanguage":"fr-FR","@id":"http:\/\/skyline-gs.com\/hu\/termek\/river-of-time-ayutthaya-bangkok-cruise\/#primaryimage","url":"https:\/\/skyline-gs.com\/wp-content\/uploads\/2025\/09\/43dcc2.jpg-e1765911336448.webp","contentUrl":"https:\/\/skyline-gs.com\/wp-content\/uploads\/2025\/09\/43dcc2.jpg-e1765911336448.webp","width":1044,"height":660},{"@type":"BreadcrumbList","@id":"http:\/\/skyline-gs.com\/hu\/termek\/river-of-time-ayutthaya-bangkok-cruise\/#breadcrumb","itemListElement":[{"@type":"ListItem","position":1,"name":"\u0413\u043b\u0430\u0432\u043d\u0430\u044f \u0441\u0442\u0440\u0430\u043d\u0438\u0446\u0430","item":"https:\/\/skyline-gs.com\/hu\/"},{"@type":"ListItem","position":2,"name":"\u041c\u0430\u0433\u0430\u0437\u0438\u043d","item":"https:\/\/skyline-gs.com\/cs\/shop\/"},{"@type":"ListItem","position":3,"name":"\u0420\u0435\u043a\u0430 \u0412\u0440\u0435\u043c\u0435\u043d\u0438: \u043a\u0440\u0443\u0438\u0437 \u0410\u044e\u0442\u0442\u0430\u0439\u044f-\u0411\u0430\u043d\u0433\u043a\u043e\u043a"}]},{"@type":"WebSite","@id":"https:\/\/skyline-gs.com\/it\/#website","url":"https:\/\/skyline-gs.com\/it\/","name":"Excursions Skyline","description":"Excursions exclusives dans les meilleurs centres de vill\u00e9giature du monde","publisher":{"@id":"https:\/\/skyline-gs.com\/it\/#organization"},"alternateName":"Skyline","potentialAction":[{"@type":"SearchAction","target":{"@type":"EntryPoint","urlTemplate":"https:\/\/skyline-gs.com\/it\/?s={search_term_string}"},"query-input":{"@type":"PropertyValueSpecification","valueRequired":true,"valueName":"search_term_string"}}],"inLanguage":"fr-FR"},{"@type":"Organization","@id":"https:\/\/skyline-gs.com\/it\/#organization","name":"Excursions Skyline","alternateName":"\u042d\u043a\u0441\u043a\u0443\u0440\u0441\u0438\u0438 Skyline","url":"https:\/\/skyline-gs.com\/it\/","logo":{"@type":"ImageObject","inLanguage":"fr-FR","@id":"https:\/\/skyline-gs.com\/it\/#\/schema\/logo\/image\/","url":"https:\/\/skyline-gs.com\/wp-content\/uploads\/2020\/12\/cropped-logo-2.png","contentUrl":"https:\/\/skyline-gs.com\/wp-content\/uploads\/2020\/12\/cropped-logo-2.png","width":512,"height":512,"caption":"\u042d\u043a\u0441\u043a\u0443\u0440\u0441\u0438\u0438 Skyline"},"image":{"@id":"https:\/\/skyline-gs.com\/it\/#\/schema\/logo\/image\/"},"sameAs":["https:\/\/www.instagram.com\/skylineglobalservice\/"]}]}},"_links":{"self":[{"href":"https:\/\/skyline-gs.com\/fr\/wp-json\/wp\/v2\/product\/66153","targetHints":{"allow":["GET"]}}],"collection":[{"href":"https:\/\/skyline-gs.com\/fr\/wp-json\/wp\/v2\/product"}],"about":[{"href":"https:\/\/skyline-gs.com\/fr\/wp-json\/wp\/v2\/types\/product"}],"version-history":[{"count":0,"href":"https:\/\/skyline-gs.com\/fr\/wp-json\/wp\/v2\/product\/66153\/revisions"}],"wp:featuredmedia":[{"embeddable":true,"href":"https:\/\/skyline-gs.com\/fr\/wp-json\/wp\/v2\/media\/66160"}],"wp:attachment":[{"href":"https:\/\/skyline-gs.com\/fr\/wp-json\/wp\/v2\/media?parent=66153"}],"wp:term":[{"taxonomy":"product_brand","embeddable":true,"href":"https:\/\/skyline-gs.com\/fr\/wp-json\/wp\/v2\/product_brand?post=66153"},{"taxonomy":"product_cat","embeddable":true,"href":"https:\/\/skyline-gs.com\/fr\/wp-json\/wp\/v2\/product_cat?post=66153"},{"taxonomy":"product_tag","embeddable":true,"href":"https:\/\/skyline-gs.com\/fr\/wp-json\/wp\/v2\/product_tag?post=66153"}],"curies":[{"name":"wp","href":"https:\/\/api.w.org\/{rel}","templated":true}]}}