{"id":66061,"date":"2025-09-17T00:43:06","date_gmt":"2025-09-16T22:43:06","guid":{"rendered":"http:\/\/skyline-gs.com\/?post_type=product&#038;p=66061"},"modified":"2025-09-17T11:04:10","modified_gmt":"2025-09-17T09:04:10","slug":"the-village-of-masai-zanzibar","status":"publish","type":"product","link":"https:\/\/skyline-gs.com\/fr\/product\/the-village-of-masai-zanzibar\/","title":{"rendered":"Village Masai, grotte de Kiwengwa et plage de Kiwengwa"},"content":{"rendered":"<p>Ce voyage combine la culture, la nature et la saveur de Zanzibar. Vous d\u00e9couvrirez la vie et les traditions du peuple Masa\u00ef, visiterez la myst\u00e9rieuse grotte de Kivengwa avec ses habitants et profiterez d'une promenade le long d'une plage pittoresque avec des plantations d'algues uniques.<\/p>\n<p><strong>9:00 - D\u00e9part de l'h\u00f4tel.<\/strong><\/p>\n<ul>\n<li data-start=\"563\" data-end=\"733\"><strong data-start=\"563\" data-end=\"580\">Village de Masaev<\/strong>\u00a0- Familiarisation avec la culture, les coutumes et le mode de vie des nomades. D\u00e9jeuner traditionnel : viande de ch\u00e8vre cuisin\u00e9e selon la recette nationale.<\/li>\n<li data-start=\"563\" data-end=\"733\"><strong data-start=\"736\" data-end=\"755\">Grotte de Kivengwa<\/strong>\u00a0- Exploration d'une grotte habit\u00e9e par des colonies de chauves-souris. Un lieu atmosph\u00e9rique entour\u00e9 de l\u00e9gendes.<\/li>\n<li data-start=\"563\" data-end=\"733\"><strong data-start=\"865\" data-end=\"882\">Plage de Kiwengwa<\/strong>\u00a0- Promenade \u00e0 mar\u00e9e basse sur les fonds marins d\u00e9nud\u00e9s, \u00e0 la d\u00e9couverte des \u00abpotagers\u00bb d'algues cr\u00e9\u00e9s par les habitants. Temps de repos et de photos.<\/li>\n<\/ul>\n<p><strong>17:00 - Retour \u00e0 l'h\u00f4tel.<\/strong><\/p>\n<p><strong>Inclus :<\/strong><\/p>\n<ul>\n<li>Transferts depuis et vers l'h\u00f4tel<\/li>\n<li>Tous les transferts en minibus climatis\u00e9<\/li>\n<li>Guide parlant russe<\/li>\n<li>D\u00e9jeuner<\/li>\n<li>Tous les billets d'entr\u00e9e<\/li>\n<\/ul>\n<p><strong>Non inclus :<\/strong><\/p>\n<ul>\n<li>D\u00e9penses personnelles (souvenirs)<\/li>\n<\/ul>\n<p><strong>\u00c0 emporter :<\/strong><\/p>\n<ul>\n<li>Maillot de bain, slip de bain<\/li>\n<li>Serviette<\/li>\n<li>Appareil photo<\/li>\n<li><span class=\"fontstyle0\">Lunettes de soleil<\/span><\/li>\n<li>Coiffure<\/li>\n<li><span class=\"fontstyle0\">Cr\u00e8me solaire<\/span><\/li>\n<\/ul>","protected":false},"excerpt":{"rendered":"<p><strong>Temps du Tour:<\/strong> 9:00 - 17:00<\/p>\n<p><strong>Jours de D\u00e9roulement:\u00a0<\/strong>Tous les jours.<\/p>","protected":false},"featured_media":66078,"template":"","meta":{"_kad_post_transparent":"default","_kad_post_title":"","_kad_post_layout":"default","_kad_post_sidebar_id":"","_kad_post_content_style":"default","_kad_post_vertical_padding":"default","_kad_post_feature":"","_kad_post_feature_position":"","_kad_post_header":false,"_kad_post_footer":false,"_kad_post_classname":"","_glsr_average":0,"_glsr_ranking":0,"_glsr_reviews":0},"product_brand":[],"product_cat":[469],"product_tag":[],"class_list":{"0":"post-66061","1":"product","2":"type-product","3":"status-publish","4":"has-post-thumbnail","6":"product_cat-tours","7":"tm-has-options","9":"first","10":"instock","11":"sale","12":"sold-individually","13":"taxable","14":"shipping-taxable","15":"purchasable","16":"product-type-simple","17":"entry","18":"content-bg","19":"loop-entry"},"yoast_head":"<!-- This site is optimized with the Yoast SEO plugin v27.3 - https:\/\/yoast.com\/product\/yoast-seo-wordpress\/ -->\n<title>\u0414\u0435\u0440\u0435\u0432\u043d\u044f \u041c\u0430\u0441\u0430\u0435\u0432, \u043f\u0435\u0449\u0435\u0440\u0430 \u041a\u0438\u0432\u0435\u043d\u0433\u0432\u0430 \u0438 \u043f\u043b\u044f\u0436 \u041a\u0438\u0432\u0435\u043d\u0433\u0432\u0430 &#8226; \u042d\u043a\u0441\u043a\u0443\u0440\u0441\u0438\u0438 Skyline<\/title>\n<meta name=\"robots\" content=\"index, follow, max-snippet:-1, max-image-preview:large, max-video-preview:-1\" \/>\n<link rel=\"canonical\" href=\"https:\/\/skyline-gs.com\/fr\/produit\/the-village-of-masai-zanzibar\/\" \/>\n<meta property=\"og:locale\" content=\"fr_FR\" \/>\n<meta property=\"og:type\" content=\"article\" \/>\n<meta property=\"og:title\" content=\"\u0414\u0435\u0440\u0435\u0432\u043d\u044f \u041c\u0430\u0441\u0430\u0435\u0432, \u043f\u0435\u0449\u0435\u0440\u0430 \u041a\u0438\u0432\u0435\u043d\u0433\u0432\u0430 \u0438 \u043f\u043b\u044f\u0436 \u041a\u0438\u0432\u0435\u043d\u0433\u0432\u0430 &#8226; \u042d\u043a\u0441\u043a\u0443\u0440\u0441\u0438\u0438 Skyline\" \/>\n<meta property=\"og:description\" content=\"\u0412\u0440\u0435\u043c\u044f \u0442\u0443\u0440\u0430: 9:00 \u2014 17:00  \u0414\u043d\u0438 \u043f\u0440\u043e\u0432\u0435\u0434\u0435\u043d\u0438\u044f:\u00a0\u041a\u0430\u0436\u0434\u044b\u0439 \u0434\u0435\u043d\u044c\" \/>\n<meta property=\"og:url\" content=\"https:\/\/skyline-gs.com\/fr\/produit\/the-village-of-masai-zanzibar\/\" \/>\n<meta property=\"og:site_name\" content=\"\u042d\u043a\u0441\u043a\u0443\u0440\u0441\u0438\u0438 Skyline\" \/>\n<meta property=\"article:modified_time\" content=\"2025-09-17T09:04:10+00:00\" \/>\n<meta property=\"og:image\" content=\"https:\/\/skyline-gs.com\/wp-content\/uploads\/2025\/09\/\u0414\u0435\u0440\u0435\u0432\u043d\u044f-\u041c\u0430\u0441\u0430\u0438-5.jpg\" \/>\n\t<meta property=\"og:image:width\" content=\"669\" \/>\n\t<meta property=\"og:image:height\" content=\"446\" \/>\n\t<meta property=\"og:image:type\" content=\"image\/jpeg\" \/>\n<meta name=\"twitter:card\" content=\"summary_large_image\" \/>\n<meta name=\"twitter:label1\" content=\"Dur\u00e9e de lecture estim\u00e9e\" \/>\n\t<meta name=\"twitter:data1\" content=\"1 minute\" \/>\n<script type=\"application\/ld+json\" class=\"yoast-schema-graph\">{\"@context\":\"https:\\\/\\\/schema.org\",\"@graph\":[{\"@type\":\"WebPage\",\"@id\":\"https:\\\/\\\/skyline-gs.com\\\/en\\\/product-2\\\/the-village-of-masai-zanzibar\\\/\",\"url\":\"https:\\\/\\\/skyline-gs.com\\\/en\\\/product-2\\\/the-village-of-masai-zanzibar\\\/\",\"name\":\"\u0414\u0435\u0440\u0435\u0432\u043d\u044f \u041c\u0430\u0441\u0430\u0435\u0432, \u043f\u0435\u0449\u0435\u0440\u0430 \u041a\u0438\u0432\u0435\u043d\u0433\u0432\u0430 \u0438 \u043f\u043b\u044f\u0436 \u041a\u0438\u0432\u0435\u043d\u0433\u0432\u0430 &#8226; \u042d\u043a\u0441\u043a\u0443\u0440\u0441\u0438\u0438 Skyline\",\"isPartOf\":{\"@id\":\"https:\\\/\\\/skyline-gs.com\\\/it\\\/#website\"},\"primaryImageOfPage\":{\"@id\":\"https:\\\/\\\/skyline-gs.com\\\/en\\\/product-2\\\/the-village-of-masai-zanzibar\\\/#primaryimage\"},\"image\":{\"@id\":\"https:\\\/\\\/skyline-gs.com\\\/en\\\/product-2\\\/the-village-of-masai-zanzibar\\\/#primaryimage\"},\"thumbnailUrl\":\"https:\\\/\\\/skyline-gs.com\\\/wp-content\\\/uploads\\\/2025\\\/09\\\/\u0414\u0435\u0440\u0435\u0432\u043d\u044f-\u041c\u0430\u0441\u0430\u0438-5.jpg\",\"datePublished\":\"2025-09-16T22:43:06+00:00\",\"dateModified\":\"2025-09-17T09:04:10+00:00\",\"breadcrumb\":{\"@id\":\"https:\\\/\\\/skyline-gs.com\\\/en\\\/product-2\\\/the-village-of-masai-zanzibar\\\/#breadcrumb\"},\"inLanguage\":\"fr-FR\",\"potentialAction\":[{\"@type\":\"ReadAction\",\"target\":[\"https:\\\/\\\/skyline-gs.com\\\/en\\\/product-2\\\/the-village-of-masai-zanzibar\\\/\"]}]},{\"@type\":\"ImageObject\",\"inLanguage\":\"fr-FR\",\"@id\":\"https:\\\/\\\/skyline-gs.com\\\/en\\\/product-2\\\/the-village-of-masai-zanzibar\\\/#primaryimage\",\"url\":\"https:\\\/\\\/skyline-gs.com\\\/wp-content\\\/uploads\\\/2025\\\/09\\\/\u0414\u0435\u0440\u0435\u0432\u043d\u044f-\u041c\u0430\u0441\u0430\u0438-5.jpg\",\"contentUrl\":\"https:\\\/\\\/skyline-gs.com\\\/wp-content\\\/uploads\\\/2025\\\/09\\\/\u0414\u0435\u0440\u0435\u0432\u043d\u044f-\u041c\u0430\u0441\u0430\u0438-5.jpg\",\"width\":669,\"height\":446},{\"@type\":\"BreadcrumbList\",\"@id\":\"https:\\\/\\\/skyline-gs.com\\\/en\\\/product-2\\\/the-village-of-masai-zanzibar\\\/#breadcrumb\",\"itemListElement\":[{\"@type\":\"ListItem\",\"position\":1,\"name\":\"\u0413\u043b\u0430\u0432\u043d\u0430\u044f \u0441\u0442\u0440\u0430\u043d\u0438\u0446\u0430\",\"item\":\"https:\\\/\\\/skyline-gs.com\\\/hu\\\/\"},{\"@type\":\"ListItem\",\"position\":2,\"name\":\"\u041c\u0430\u0433\u0430\u0437\u0438\u043d\",\"item\":\"https:\\\/\\\/skyline-gs.com\\\/cs\\\/shop\\\/\"},{\"@type\":\"ListItem\",\"position\":3,\"name\":\"\u0414\u0435\u0440\u0435\u0432\u043d\u044f \u041c\u0430\u0441\u0430\u0435\u0432, \u043f\u0435\u0449\u0435\u0440\u0430 \u041a\u0438\u0432\u0435\u043d\u0433\u0432\u0430 \u0438 \u043f\u043b\u044f\u0436 \u041a\u0438\u0432\u0435\u043d\u0433\u0432\u0430\"}]},{\"@type\":\"WebSite\",\"@id\":\"https:\\\/\\\/skyline-gs.com\\\/it\\\/#website\",\"url\":\"https:\\\/\\\/skyline-gs.com\\\/it\\\/\",\"name\":\"\u042d\u043a\u0441\u043a\u0443\u0440\u0441\u0438\u0438 Skyline\",\"description\":\"\u042d\u043a\u0441\u043a\u043b\u044e\u0437\u0438\u0432\u043d\u044b\u0435 \u044d\u043a\u0441\u043a\u0443\u0440\u0441\u0438\u0438 \u043d\u0430 \u043b\u0443\u0447\u0448\u0438\u0445 \u043a\u0443\u0440\u043e\u0440\u0442\u0430\u0445 \u043c\u0438\u0440\u0430\",\"publisher\":{\"@id\":\"https:\\\/\\\/skyline-gs.com\\\/it\\\/#organization\"},\"alternateName\":\"Skyline\",\"potentialAction\":[{\"@type\":\"SearchAction\",\"target\":{\"@type\":\"EntryPoint\",\"urlTemplate\":\"https:\\\/\\\/skyline-gs.com\\\/it\\\/?s={search_term_string}\"},\"query-input\":{\"@type\":\"PropertyValueSpecification\",\"valueRequired\":true,\"valueName\":\"search_term_string\"}}],\"inLanguage\":\"fr-FR\"},{\"@type\":\"Organization\",\"@id\":\"https:\\\/\\\/skyline-gs.com\\\/it\\\/#organization\",\"name\":\"\u042d\u043a\u0441\u043a\u0443\u0440\u0441\u0438\u0438 Skyline\",\"alternateName\":\"\u042d\u043a\u0441\u043a\u0443\u0440\u0441\u0438\u0438 Skyline\",\"url\":\"https:\\\/\\\/skyline-gs.com\\\/it\\\/\",\"logo\":{\"@type\":\"ImageObject\",\"inLanguage\":\"fr-FR\",\"@id\":\"https:\\\/\\\/skyline-gs.com\\\/it\\\/#\\\/schema\\\/logo\\\/image\\\/\",\"url\":\"https:\\\/\\\/skyline-gs.com\\\/wp-content\\\/uploads\\\/2020\\\/12\\\/cropped-logo-2.png\",\"contentUrl\":\"https:\\\/\\\/skyline-gs.com\\\/wp-content\\\/uploads\\\/2020\\\/12\\\/cropped-logo-2.png\",\"width\":512,\"height\":512,\"caption\":\"\u042d\u043a\u0441\u043a\u0443\u0440\u0441\u0438\u0438 Skyline\"},\"image\":{\"@id\":\"https:\\\/\\\/skyline-gs.com\\\/it\\\/#\\\/schema\\\/logo\\\/image\\\/\"},\"sameAs\":[\"https:\\\/\\\/www.instagram.com\\\/skylineglobalservice\\\/\"]}]}<\/script>\n<!-- \/ Yoast SEO plugin. -->","yoast_head_json":{"title":"\u0414\u0435\u0440\u0435\u0432\u043d\u044f \u041c\u0430\u0441\u0430\u0435\u0432, \u043f\u0435\u0449\u0435\u0440\u0430 \u041a\u0438\u0432\u0435\u043d\u0433\u0432\u0430 \u0438 \u043f\u043b\u044f\u0436 \u041a\u0438\u0432\u0435\u043d\u0433\u0432\u0430 &#8226; \u042d\u043a\u0441\u043a\u0443\u0440\u0441\u0438\u0438 Skyline","robots":{"index":"index","follow":"follow","max-snippet":"max-snippet:-1","max-image-preview":"max-image-preview:large","max-video-preview":"max-video-preview:-1"},"canonical":"https:\/\/skyline-gs.com\/fr\/produit\/the-village-of-masai-zanzibar\/","og_locale":"fr_FR","og_type":"article","og_title":"\u0414\u0435\u0440\u0435\u0432\u043d\u044f \u041c\u0430\u0441\u0430\u0435\u0432, \u043f\u0435\u0449\u0435\u0440\u0430 \u041a\u0438\u0432\u0435\u043d\u0433\u0432\u0430 \u0438 \u043f\u043b\u044f\u0436 \u041a\u0438\u0432\u0435\u043d\u0433\u0432\u0430 &#8226; \u042d\u043a\u0441\u043a\u0443\u0440\u0441\u0438\u0438 Skyline","og_description":"\u0412\u0440\u0435\u043c\u044f \u0442\u0443\u0440\u0430: 9:00 \u2014 17:00  \u0414\u043d\u0438 \u043f\u0440\u043e\u0432\u0435\u0434\u0435\u043d\u0438\u044f:\u00a0\u041a\u0430\u0436\u0434\u044b\u0439 \u0434\u0435\u043d\u044c","og_url":"https:\/\/skyline-gs.com\/fr\/produit\/the-village-of-masai-zanzibar\/","og_site_name":"\u042d\u043a\u0441\u043a\u0443\u0440\u0441\u0438\u0438 Skyline","article_modified_time":"2025-09-17T09:04:10+00:00","og_image":[{"width":669,"height":446,"url":"https:\/\/skyline-gs.com\/wp-content\/uploads\/2025\/09\/\u0414\u0435\u0440\u0435\u0432\u043d\u044f-\u041c\u0430\u0441\u0430\u0438-5.jpg","type":"image\/jpeg"}],"twitter_card":"summary_large_image","twitter_misc":{"Dur\u00e9e de lecture estim\u00e9e":"1 minute"},"schema":{"@context":"https:\/\/schema.org","@graph":[{"@type":"WebPage","@id":"https:\/\/skyline-gs.com\/en\/product-2\/the-village-of-masai-zanzibar\/","url":"https:\/\/skyline-gs.com\/en\/product-2\/the-village-of-masai-zanzibar\/","name":"\u0414\u0435\u0440\u0435\u0432\u043d\u044f \u041c\u0430\u0441\u0430\u0435\u0432, \u043f\u0435\u0449\u0435\u0440\u0430 \u041a\u0438\u0432\u0435\u043d\u0433\u0432\u0430 \u0438 \u043f\u043b\u044f\u0436 \u041a\u0438\u0432\u0435\u043d\u0433\u0432\u0430 &#8226; \u042d\u043a\u0441\u043a\u0443\u0440\u0441\u0438\u0438 Skyline","isPartOf":{"@id":"https:\/\/skyline-gs.com\/it\/#website"},"primaryImageOfPage":{"@id":"https:\/\/skyline-gs.com\/en\/product-2\/the-village-of-masai-zanzibar\/#primaryimage"},"image":{"@id":"https:\/\/skyline-gs.com\/en\/product-2\/the-village-of-masai-zanzibar\/#primaryimage"},"thumbnailUrl":"https:\/\/skyline-gs.com\/wp-content\/uploads\/2025\/09\/\u0414\u0435\u0440\u0435\u0432\u043d\u044f-\u041c\u0430\u0441\u0430\u0438-5.jpg","datePublished":"2025-09-16T22:43:06+00:00","dateModified":"2025-09-17T09:04:10+00:00","breadcrumb":{"@id":"https:\/\/skyline-gs.com\/en\/product-2\/the-village-of-masai-zanzibar\/#breadcrumb"},"inLanguage":"fr-FR","potentialAction":[{"@type":"ReadAction","target":["https:\/\/skyline-gs.com\/en\/product-2\/the-village-of-masai-zanzibar\/"]}]},{"@type":"ImageObject","inLanguage":"fr-FR","@id":"https:\/\/skyline-gs.com\/en\/product-2\/the-village-of-masai-zanzibar\/#primaryimage","url":"https:\/\/skyline-gs.com\/wp-content\/uploads\/2025\/09\/\u0414\u0435\u0440\u0435\u0432\u043d\u044f-\u041c\u0430\u0441\u0430\u0438-5.jpg","contentUrl":"https:\/\/skyline-gs.com\/wp-content\/uploads\/2025\/09\/\u0414\u0435\u0440\u0435\u0432\u043d\u044f-\u041c\u0430\u0441\u0430\u0438-5.jpg","width":669,"height":446},{"@type":"BreadcrumbList","@id":"https:\/\/skyline-gs.com\/en\/product-2\/the-village-of-masai-zanzibar\/#breadcrumb","itemListElement":[{"@type":"ListItem","position":1,"name":"\u0413\u043b\u0430\u0432\u043d\u0430\u044f \u0441\u0442\u0440\u0430\u043d\u0438\u0446\u0430","item":"https:\/\/skyline-gs.com\/hu\/"},{"@type":"ListItem","position":2,"name":"\u041c\u0430\u0433\u0430\u0437\u0438\u043d","item":"https:\/\/skyline-gs.com\/cs\/shop\/"},{"@type":"ListItem","position":3,"name":"\u0414\u0435\u0440\u0435\u0432\u043d\u044f \u041c\u0430\u0441\u0430\u0435\u0432, \u043f\u0435\u0449\u0435\u0440\u0430 \u041a\u0438\u0432\u0435\u043d\u0433\u0432\u0430 \u0438 \u043f\u043b\u044f\u0436 \u041a\u0438\u0432\u0435\u043d\u0433\u0432\u0430"}]},{"@type":"WebSite","@id":"https:\/\/skyline-gs.com\/it\/#website","url":"https:\/\/skyline-gs.com\/it\/","name":"Excursions Skyline","description":"Excursions exclusives dans les meilleurs centres de vill\u00e9giature du monde","publisher":{"@id":"https:\/\/skyline-gs.com\/it\/#organization"},"alternateName":"Skyline","potentialAction":[{"@type":"SearchAction","target":{"@type":"EntryPoint","urlTemplate":"https:\/\/skyline-gs.com\/it\/?s={search_term_string}"},"query-input":{"@type":"PropertyValueSpecification","valueRequired":true,"valueName":"search_term_string"}}],"inLanguage":"fr-FR"},{"@type":"Organization","@id":"https:\/\/skyline-gs.com\/it\/#organization","name":"Excursions Skyline","alternateName":"\u042d\u043a\u0441\u043a\u0443\u0440\u0441\u0438\u0438 Skyline","url":"https:\/\/skyline-gs.com\/it\/","logo":{"@type":"ImageObject","inLanguage":"fr-FR","@id":"https:\/\/skyline-gs.com\/it\/#\/schema\/logo\/image\/","url":"https:\/\/skyline-gs.com\/wp-content\/uploads\/2020\/12\/cropped-logo-2.png","contentUrl":"https:\/\/skyline-gs.com\/wp-content\/uploads\/2020\/12\/cropped-logo-2.png","width":512,"height":512,"caption":"\u042d\u043a\u0441\u043a\u0443\u0440\u0441\u0438\u0438 Skyline"},"image":{"@id":"https:\/\/skyline-gs.com\/it\/#\/schema\/logo\/image\/"},"sameAs":["https:\/\/www.instagram.com\/skylineglobalservice\/"]}]}},"_links":{"self":[{"href":"https:\/\/skyline-gs.com\/fr\/wp-json\/wp\/v2\/product\/66061","targetHints":{"allow":["GET"]}}],"collection":[{"href":"https:\/\/skyline-gs.com\/fr\/wp-json\/wp\/v2\/product"}],"about":[{"href":"https:\/\/skyline-gs.com\/fr\/wp-json\/wp\/v2\/types\/product"}],"version-history":[{"count":0,"href":"https:\/\/skyline-gs.com\/fr\/wp-json\/wp\/v2\/product\/66061\/revisions"}],"wp:featuredmedia":[{"embeddable":true,"href":"https:\/\/skyline-gs.com\/fr\/wp-json\/wp\/v2\/media\/66078"}],"wp:attachment":[{"href":"https:\/\/skyline-gs.com\/fr\/wp-json\/wp\/v2\/media?parent=66061"}],"wp:term":[{"taxonomy":"product_brand","embeddable":true,"href":"https:\/\/skyline-gs.com\/fr\/wp-json\/wp\/v2\/product_brand?post=66061"},{"taxonomy":"product_cat","embeddable":true,"href":"https:\/\/skyline-gs.com\/fr\/wp-json\/wp\/v2\/product_cat?post=66061"},{"taxonomy":"product_tag","embeddable":true,"href":"https:\/\/skyline-gs.com\/fr\/wp-json\/wp\/v2\/product_tag?post=66061"}],"curies":[{"name":"wp","href":"https:\/\/api.w.org\/{rel}","templated":true}]}}