{"id":66052,"date":"2025-09-16T23:35:57","date_gmt":"2025-09-16T21:35:57","guid":{"rendered":"http:\/\/skyline-gs.com\/?post_type=product&#038;p=66052"},"modified":"2026-03-12T17:47:59","modified_gmt":"2026-03-12T15:47:59","slug":"three-days-in-the-heart-of-africa-zanzibar","status":"publish","type":"product","link":"https:\/\/skyline-gs.com\/fr\/product\/three-days-in-the-heart-of-africa-zanzibar\/","title":{"rendered":"Trois jours au c\u0153ur de l'Afrique"},"content":{"rendered":"<p>En trois jours seulement, vous verrez les principales choses qui font la renomm\u00e9e de la Tanzanie. Dans le parc. <strong>Tarangire<\/strong> Le crat\u00e8re abrite des troupeaux d'\u00e9l\u00e9phants et de girafes. <strong>Ngorongoro<\/strong> - des rencontres avec des pr\u00e9dateurs et des animaux rares, et bien s\u00fbr le l\u00e9gendaire <strong>Kilimandjaro<\/strong>. Vous d\u00e9gusterez le caf\u00e9 fabriqu\u00e9 par les tribus sauvages et passerez du temps dans le parc. <strong>La vie sauvage du serval<\/strong>, o\u00f9 vous pouvez nourrir les animaux directement de vos mains.<\/p>\n<p><strong>Jour 1 : Tarangire<\/strong><\/p>\n<p><strong>5:00 - D\u00e9part de l'h\u00f4tel\u00a0<\/strong>et transferts a\u00e9roportuaires<\/p>\n<ul>\n<li data-start=\"720\" data-end=\"782\">7:40 - 9:00 - Vol pour Arusha, rencontre avec un guide russophone<\/li>\n<li data-start=\"785\" data-end=\"841\">Transfert vers l'Institut national <strong>Parc de Tarangire<\/strong> (environ 1,5 heure)<\/li>\n<li data-start=\"862\" data-end=\"927\"><strong>Safari dans l'un des parcs les plus pittoresques de Tanzanie<\/strong><\/li>\n<li data-start=\"930\" data-end=\"994\"><strong>Baobabs, \u00e9l\u00e9phants, z\u00e8bres, girafes, antilopes, troupeaux de lions, gu\u00e9pards<\/strong><\/li>\n<li data-start=\"997\" data-end=\"1060\">C\u00e9l\u00e8bre <strong>Rivi\u00e8re Tarangire<\/strong>, o\u00f9 les animaux se rassemblent pour s'abreuver<\/li>\n<li data-start=\"1063\" data-end=\"1115\">L'histoire de braconniers cach\u00e9s dans un baobab creux.<\/li>\n<li data-start=\"1118\" data-end=\"1188\">D\u00e9jeuner avec vue sur la rivi\u00e8re - repas chauds dans un espace sp\u00e9cialement am\u00e9nag\u00e9<\/li>\n<li data-start=\"1118\" data-end=\"1188\">Apr\u00e8s le safari, transfert \u00e0 Arusha (2,5 heures).<\/li>\n<li data-start=\"1118\" data-end=\"1188\">D\u00eener<\/li>\n<li>Nuit au lodge<\/li>\n<\/ul>\n<p><strong>Jour 2. Crat\u00e8re du Ngorongoro<\/strong><\/p>\n<ul>\n<li>Petit d\u00e9jeuner<\/li>\n<li>D\u00e9part pour le crat\u00e8re du Ngorongoro<\/li>\n<li>Descente dans <strong>Crat\u00e8re du Ngorongoro<\/strong> - est comme un voyage dans un autre monde. Dans cet ancien volcan, la vie est omnipr\u00e9sente : <strong>des milliers d'animaux broutant dans les vastes plaines.<\/strong>, Les flamants roses scintillent dans les lagunes et les aigles planent au-dessus de la savane. Nulle part ailleurs vous ne pourrez voir autant d'Afrique sauvage en un seul endroit.<\/li>\n<li>Le lac Magadi. Ici <strong>vous verrez des hippopotames, des buffles, des rhinoc\u00e9ros noirs, des z\u00e8bres, des antilopes.<\/strong> et une multitude de pr\u00e9dateurs, dont <strong>lions, gu\u00e9pards, hy\u00e8nes, l\u00e9opards et chacals.<\/strong>. Et bien s\u00fbr, vous serez accueillis <strong>des milliers de flamants roses.<\/strong><\/li>\n<li data-start=\"1118\" data-end=\"1188\">D\u00eener<\/li>\n<li>Nuit au lodge.<\/li>\n<\/ul>\n<p><strong>Jour 3. Zoo Serval, Kilimandjaro et tribu Chaga<\/strong><\/p>\n<ul>\n<li data-start=\"1583\" data-end=\"1650\">Petit d\u00e9jeuner<\/li>\n<li data-start=\"1583\" data-end=\"1650\">8:00 D\u00e9part pour le Kilimandjaro (le voyage dure environ 2 heures)<\/li>\n<li data-start=\"1671\" data-end=\"1782\"><strong>Safari au Kilimandjaro et chutes de Materuni<\/strong>\u00a0(90 m\u00e8tres de haut)<\/li>\n<li data-start=\"1785\" data-end=\"1857\"><strong>Un aper\u00e7u de la vie de la tribu Chaga<\/strong>\u00a0- villages authentiques, traditions et vie quotidienne<\/li>\n<li data-start=\"1860\" data-end=\"1876\">D\u00e9jeuner au village<\/li>\n<li data-start=\"1879\" data-end=\"1991\">Visite des plantations de caf\u00e9 : de la cueillette des grains \u00e0 la pr\u00e9paration du caf\u00e9 sur le feu, avec des chants et des danses de la population locale.<\/li>\n<li data-start=\"2044\" data-end=\"2084\"><strong>Visite du zoo Serval Wildlife Contact (Serval Wildlife)<\/strong>\u00a0avec l'alimentation animale (2 heures)<\/li>\n<li data-start=\"2088\" data-end=\"2109\">Transfert \u00e0 l'a\u00e9roport<\/li>\n<li data-start=\"2088\" data-end=\"2109\">21:30 d\u00e9part pour Zanzibar<\/li>\n<li>Accueil \u00e0 l'a\u00e9roport et transfert \u00e0 l'h\u00f4tel<\/li>\n<\/ul>\n<p><strong>1:00 - Retour \u00e0 l'h\u00f4tel.<\/strong><\/p>\n<p><strong>Inclus :<\/strong><\/p>\n<ul>\n<li>Billets d'avion<\/li>\n<li>Transfert depuis et vers l'h\u00f4tel<\/li>\n<li>Tous les transferts en route<\/li>\n<li data-start=\"1116\" data-end=\"1188\">H\u00e9bergement en lodges<\/li>\n<li>Repas : Jour 1 - d\u00e9jeuner, d\u00eener ; Jour 2 - petit-d\u00e9jeuner, d\u00e9jeuner, d\u00eener ; Jour 3 - petit-d\u00e9jeuner, d\u00e9jeuner.<\/li>\n<li>Boire de l'eau en bouteille et des boissons non alcoolis\u00e9es tout au long de l'excursion<\/li>\n<li>Trousse m\u00e9dicale<\/li>\n<li>Accompagn\u00e9 d'un guide qualifi\u00e9<\/li>\n<li>Guide parlant russe<\/li>\n<li>Safari et excursions selon le programme en jeep safari 4*4 \u00e0 quatre roues motrices<\/li>\n<li>Droits d'entr\u00e9e dans les parcs nationaux<\/li>\n<li>Billets d'entr\u00e9e au zoo de Serval<\/li>\n<\/ul>\n<p><strong>Que faut-il apporter ?<\/strong><\/p>\n<ul>\n<li>Passeport. M\u00eame si Zanzibar fait partie de la Tanzanie, nous passons tous par le contr\u00f4le des passeports \u00e0 l'a\u00e9roport<\/li>\n<li>Chaussures et v\u00eatements confortables. \u041b<span class=\"fontstyle0\">pantalon l\u00e9ger, chemise \u00e0 manches longues, T-shirt, effets personnels (jusqu'\u00e0 5 kg)<\/span><\/li>\n<li>Une veste, en cas de pluie ou de soir\u00e9es fra\u00eeches<\/li>\n<li>Mat\u00e9riel photo-vid\u00e9o. Chargez vos appareils suffisamment \u00e0 l'avance<\/li>\n<li>Changez votre argent en petites coupures. Ils sont utiles pour les souvenirs et pour donner un pourboire aux gardes forestiers. Pourboire recommand\u00e9 5$ par personne<\/li>\n<li>Collation matinale (expliquez \u00e0 la r\u00e9ception de l'h\u00f4tel que vous partez t\u00f4t le matin pour une excursion et que vous avez besoin de pr\u00e9parer une bo\u00eete \u00e0 lunch, les h\u00f4tels fourniront ce service gratuitement).<\/li>\n<li><span class=\"fontstyle0\">Lunettes de soleil et panama, cr\u00e8me solaire<\/span><\/li>\n<li><span class=\"fontstyle0\">Produits d'hygi\u00e8ne personnelle, trousse de premiers secours<\/span><\/li>\n<li><span class=\"fontstyle0\">Gel d\u00e9sinfectant pour les mains<\/span><\/li>\n<\/ul>\n<p><strong>Conditions de r\u00e9servation :<\/strong><\/p>\n<ul>\n<li>Pr\u00e9pay\u00e9 50% (le paiement en ligne par transfert de carte ou en esp\u00e8ces est disponible). <strong>Le paiement anticip\u00e9 n'est pas remboursable.<\/strong><\/li>\n<\/ul>","protected":false},"excerpt":{"rendered":"<p><strong>Temps du Tour:<\/strong> 3 jours<\/p>\n<p><strong>Jours de D\u00e9roulement:\u00a0<\/strong>Tous les jours.<\/p>","protected":false},"featured_media":63112,"template":"","meta":{"_kad_post_transparent":"default","_kad_post_title":"","_kad_post_layout":"default","_kad_post_sidebar_id":"","_kad_post_content_style":"default","_kad_post_vertical_padding":"default","_kad_post_feature":"","_kad_post_feature_position":"","_kad_post_header":false,"_kad_post_footer":false,"_kad_post_classname":"","_glsr_average":0,"_glsr_ranking":0,"_glsr_reviews":0},"product_brand":[],"product_cat":[468,469],"product_tag":[],"class_list":{"0":"post-66052","1":"product","2":"type-product","3":"status-publish","4":"has-post-thumbnail","6":"product_cat-zanzibar-safari","7":"product_cat-tours","8":"tm-has-options","10":"first","11":"instock","12":"sale","13":"sold-individually","14":"taxable","15":"shipping-taxable","16":"purchasable","17":"product-type-simple","18":"entry","19":"content-bg","20":"loop-entry"},"yoast_head":"<!-- This site is optimized with the Yoast SEO plugin v27.3 - https:\/\/yoast.com\/product\/yoast-seo-wordpress\/ -->\n<title>\u0422\u0440\u0438 \u0434\u043d\u044f \u0432 \u0441\u0435\u0440\u0434\u0446\u0435 \u0410\u0444\u0440\u0438\u043a\u0438 &#8226; \u042d\u043a\u0441\u043a\u0443\u0440\u0441\u0438\u0438 Skyline<\/title>\n<meta name=\"robots\" content=\"index, follow, max-snippet:-1, max-image-preview:large, max-video-preview:-1\" \/>\n<link rel=\"canonical\" href=\"https:\/\/skyline-gs.com\/fr\/produit\/three-days-in-the-heart-of-africa-zanzibar\/\" \/>\n<meta property=\"og:locale\" content=\"fr_FR\" \/>\n<meta property=\"og:type\" content=\"article\" \/>\n<meta property=\"og:title\" content=\"\u0422\u0440\u0438 \u0434\u043d\u044f \u0432 \u0441\u0435\u0440\u0434\u0446\u0435 \u0410\u0444\u0440\u0438\u043a\u0438 &#8226; \u042d\u043a\u0441\u043a\u0443\u0440\u0441\u0438\u0438 Skyline\" \/>\n<meta property=\"og:description\" content=\"\u0412\u0440\u0435\u043c\u044f \u0442\u0443\u0440\u0430: 3 \u0434\u043d\u044f  \u0414\u043d\u0438 \u043f\u0440\u043e\u0432\u0435\u0434\u0435\u043d\u0438\u044f:\u00a0\u041a\u0430\u0436\u0434\u044b\u0439 \u0434\u0435\u043d\u044c\" \/>\n<meta property=\"og:url\" content=\"https:\/\/skyline-gs.com\/fr\/produit\/three-days-in-the-heart-of-africa-zanzibar\/\" \/>\n<meta property=\"og:site_name\" content=\"\u042d\u043a\u0441\u043a\u0443\u0440\u0441\u0438\u0438 Skyline\" \/>\n<meta property=\"article:modified_time\" content=\"2026-03-12T15:47:59+00:00\" \/>\n<meta property=\"og:image\" content=\"https:\/\/skyline-gs.com\/wp-content\/uploads\/2025\/05\/17.jpg\" \/>\n\t<meta property=\"og:image:width\" content=\"585\" \/>\n\t<meta property=\"og:image:height\" content=\"390\" \/>\n\t<meta property=\"og:image:type\" content=\"image\/jpeg\" \/>\n<meta name=\"twitter:card\" content=\"summary_large_image\" \/>\n<meta name=\"twitter:label1\" content=\"Dur\u00e9e de lecture estim\u00e9e\" \/>\n\t<meta name=\"twitter:data1\" content=\"3 minutes\" \/>\n<script type=\"application\/ld+json\" class=\"yoast-schema-graph\">{\"@context\":\"https:\\\/\\\/schema.org\",\"@graph\":[{\"@type\":\"WebPage\",\"@id\":\"https:\\\/\\\/skyline-gs.com\\\/product\\\/three-days-in-the-heart-of-africa-zanzibar\\\/\",\"url\":\"https:\\\/\\\/skyline-gs.com\\\/product\\\/three-days-in-the-heart-of-africa-zanzibar\\\/\",\"name\":\"\u0422\u0440\u0438 \u0434\u043d\u044f \u0432 \u0441\u0435\u0440\u0434\u0446\u0435 \u0410\u0444\u0440\u0438\u043a\u0438 &#8226; \u042d\u043a\u0441\u043a\u0443\u0440\u0441\u0438\u0438 Skyline\",\"isPartOf\":{\"@id\":\"https:\\\/\\\/skyline-gs.com\\\/it\\\/#website\"},\"primaryImageOfPage\":{\"@id\":\"https:\\\/\\\/skyline-gs.com\\\/product\\\/three-days-in-the-heart-of-africa-zanzibar\\\/#primaryimage\"},\"image\":{\"@id\":\"https:\\\/\\\/skyline-gs.com\\\/product\\\/three-days-in-the-heart-of-africa-zanzibar\\\/#primaryimage\"},\"thumbnailUrl\":\"https:\\\/\\\/skyline-gs.com\\\/wp-content\\\/uploads\\\/2025\\\/05\\\/17.jpg\",\"datePublished\":\"2025-09-16T21:35:57+00:00\",\"dateModified\":\"2026-03-12T15:47:59+00:00\",\"breadcrumb\":{\"@id\":\"https:\\\/\\\/skyline-gs.com\\\/product\\\/three-days-in-the-heart-of-africa-zanzibar\\\/#breadcrumb\"},\"inLanguage\":\"fr-FR\",\"potentialAction\":[{\"@type\":\"ReadAction\",\"target\":[\"https:\\\/\\\/skyline-gs.com\\\/product\\\/three-days-in-the-heart-of-africa-zanzibar\\\/\"]}]},{\"@type\":\"ImageObject\",\"inLanguage\":\"fr-FR\",\"@id\":\"https:\\\/\\\/skyline-gs.com\\\/product\\\/three-days-in-the-heart-of-africa-zanzibar\\\/#primaryimage\",\"url\":\"https:\\\/\\\/skyline-gs.com\\\/wp-content\\\/uploads\\\/2025\\\/05\\\/17.jpg\",\"contentUrl\":\"https:\\\/\\\/skyline-gs.com\\\/wp-content\\\/uploads\\\/2025\\\/05\\\/17.jpg\",\"width\":585,\"height\":390},{\"@type\":\"BreadcrumbList\",\"@id\":\"https:\\\/\\\/skyline-gs.com\\\/product\\\/three-days-in-the-heart-of-africa-zanzibar\\\/#breadcrumb\",\"itemListElement\":[{\"@type\":\"ListItem\",\"position\":1,\"name\":\"\u0413\u043b\u0430\u0432\u043d\u0430\u044f \u0441\u0442\u0440\u0430\u043d\u0438\u0446\u0430\",\"item\":\"https:\\\/\\\/skyline-gs.com\\\/hu\\\/\"},{\"@type\":\"ListItem\",\"position\":2,\"name\":\"\u041c\u0430\u0433\u0430\u0437\u0438\u043d\",\"item\":\"https:\\\/\\\/skyline-gs.com\\\/cs\\\/shop\\\/\"},{\"@type\":\"ListItem\",\"position\":3,\"name\":\"\u0422\u0440\u0438 \u0434\u043d\u044f \u0432 \u0441\u0435\u0440\u0434\u0446\u0435 \u0410\u0444\u0440\u0438\u043a\u0438\"}]},{\"@type\":\"WebSite\",\"@id\":\"https:\\\/\\\/skyline-gs.com\\\/it\\\/#website\",\"url\":\"https:\\\/\\\/skyline-gs.com\\\/it\\\/\",\"name\":\"\u042d\u043a\u0441\u043a\u0443\u0440\u0441\u0438\u0438 Skyline\",\"description\":\"\u042d\u043a\u0441\u043a\u043b\u044e\u0437\u0438\u0432\u043d\u044b\u0435 \u044d\u043a\u0441\u043a\u0443\u0440\u0441\u0438\u0438 \u043d\u0430 \u043b\u0443\u0447\u0448\u0438\u0445 \u043a\u0443\u0440\u043e\u0440\u0442\u0430\u0445 \u043c\u0438\u0440\u0430\",\"publisher\":{\"@id\":\"https:\\\/\\\/skyline-gs.com\\\/it\\\/#organization\"},\"alternateName\":\"Skyline\",\"potentialAction\":[{\"@type\":\"SearchAction\",\"target\":{\"@type\":\"EntryPoint\",\"urlTemplate\":\"https:\\\/\\\/skyline-gs.com\\\/it\\\/?s={search_term_string}\"},\"query-input\":{\"@type\":\"PropertyValueSpecification\",\"valueRequired\":true,\"valueName\":\"search_term_string\"}}],\"inLanguage\":\"fr-FR\"},{\"@type\":\"Organization\",\"@id\":\"https:\\\/\\\/skyline-gs.com\\\/it\\\/#organization\",\"name\":\"\u042d\u043a\u0441\u043a\u0443\u0440\u0441\u0438\u0438 Skyline\",\"alternateName\":\"\u042d\u043a\u0441\u043a\u0443\u0440\u0441\u0438\u0438 Skyline\",\"url\":\"https:\\\/\\\/skyline-gs.com\\\/it\\\/\",\"logo\":{\"@type\":\"ImageObject\",\"inLanguage\":\"fr-FR\",\"@id\":\"https:\\\/\\\/skyline-gs.com\\\/it\\\/#\\\/schema\\\/logo\\\/image\\\/\",\"url\":\"https:\\\/\\\/skyline-gs.com\\\/wp-content\\\/uploads\\\/2020\\\/12\\\/cropped-logo-2.png\",\"contentUrl\":\"https:\\\/\\\/skyline-gs.com\\\/wp-content\\\/uploads\\\/2020\\\/12\\\/cropped-logo-2.png\",\"width\":512,\"height\":512,\"caption\":\"\u042d\u043a\u0441\u043a\u0443\u0440\u0441\u0438\u0438 Skyline\"},\"image\":{\"@id\":\"https:\\\/\\\/skyline-gs.com\\\/it\\\/#\\\/schema\\\/logo\\\/image\\\/\"},\"sameAs\":[\"https:\\\/\\\/www.instagram.com\\\/skylineglobalservice\\\/\"]}]}<\/script>\n<!-- \/ Yoast SEO plugin. -->","yoast_head_json":{"title":"\u0422\u0440\u0438 \u0434\u043d\u044f \u0432 \u0441\u0435\u0440\u0434\u0446\u0435 \u0410\u0444\u0440\u0438\u043a\u0438 &#8226; \u042d\u043a\u0441\u043a\u0443\u0440\u0441\u0438\u0438 Skyline","robots":{"index":"index","follow":"follow","max-snippet":"max-snippet:-1","max-image-preview":"max-image-preview:large","max-video-preview":"max-video-preview:-1"},"canonical":"https:\/\/skyline-gs.com\/fr\/produit\/three-days-in-the-heart-of-africa-zanzibar\/","og_locale":"fr_FR","og_type":"article","og_title":"\u0422\u0440\u0438 \u0434\u043d\u044f \u0432 \u0441\u0435\u0440\u0434\u0446\u0435 \u0410\u0444\u0440\u0438\u043a\u0438 &#8226; \u042d\u043a\u0441\u043a\u0443\u0440\u0441\u0438\u0438 Skyline","og_description":"\u0412\u0440\u0435\u043c\u044f \u0442\u0443\u0440\u0430: 3 \u0434\u043d\u044f  \u0414\u043d\u0438 \u043f\u0440\u043e\u0432\u0435\u0434\u0435\u043d\u0438\u044f:\u00a0\u041a\u0430\u0436\u0434\u044b\u0439 \u0434\u0435\u043d\u044c","og_url":"https:\/\/skyline-gs.com\/fr\/produit\/three-days-in-the-heart-of-africa-zanzibar\/","og_site_name":"\u042d\u043a\u0441\u043a\u0443\u0440\u0441\u0438\u0438 Skyline","article_modified_time":"2026-03-12T15:47:59+00:00","og_image":[{"width":585,"height":390,"url":"https:\/\/skyline-gs.com\/wp-content\/uploads\/2025\/05\/17.jpg","type":"image\/jpeg"}],"twitter_card":"summary_large_image","twitter_misc":{"Dur\u00e9e de lecture estim\u00e9e":"3 minutes"},"schema":{"@context":"https:\/\/schema.org","@graph":[{"@type":"WebPage","@id":"https:\/\/skyline-gs.com\/product\/three-days-in-the-heart-of-africa-zanzibar\/","url":"https:\/\/skyline-gs.com\/product\/three-days-in-the-heart-of-africa-zanzibar\/","name":"\u0422\u0440\u0438 \u0434\u043d\u044f \u0432 \u0441\u0435\u0440\u0434\u0446\u0435 \u0410\u0444\u0440\u0438\u043a\u0438 &#8226; \u042d\u043a\u0441\u043a\u0443\u0440\u0441\u0438\u0438 Skyline","isPartOf":{"@id":"https:\/\/skyline-gs.com\/it\/#website"},"primaryImageOfPage":{"@id":"https:\/\/skyline-gs.com\/product\/three-days-in-the-heart-of-africa-zanzibar\/#primaryimage"},"image":{"@id":"https:\/\/skyline-gs.com\/product\/three-days-in-the-heart-of-africa-zanzibar\/#primaryimage"},"thumbnailUrl":"https:\/\/skyline-gs.com\/wp-content\/uploads\/2025\/05\/17.jpg","datePublished":"2025-09-16T21:35:57+00:00","dateModified":"2026-03-12T15:47:59+00:00","breadcrumb":{"@id":"https:\/\/skyline-gs.com\/product\/three-days-in-the-heart-of-africa-zanzibar\/#breadcrumb"},"inLanguage":"fr-FR","potentialAction":[{"@type":"ReadAction","target":["https:\/\/skyline-gs.com\/product\/three-days-in-the-heart-of-africa-zanzibar\/"]}]},{"@type":"ImageObject","inLanguage":"fr-FR","@id":"https:\/\/skyline-gs.com\/product\/three-days-in-the-heart-of-africa-zanzibar\/#primaryimage","url":"https:\/\/skyline-gs.com\/wp-content\/uploads\/2025\/05\/17.jpg","contentUrl":"https:\/\/skyline-gs.com\/wp-content\/uploads\/2025\/05\/17.jpg","width":585,"height":390},{"@type":"BreadcrumbList","@id":"https:\/\/skyline-gs.com\/product\/three-days-in-the-heart-of-africa-zanzibar\/#breadcrumb","itemListElement":[{"@type":"ListItem","position":1,"name":"\u0413\u043b\u0430\u0432\u043d\u0430\u044f \u0441\u0442\u0440\u0430\u043d\u0438\u0446\u0430","item":"https:\/\/skyline-gs.com\/hu\/"},{"@type":"ListItem","position":2,"name":"\u041c\u0430\u0433\u0430\u0437\u0438\u043d","item":"https:\/\/skyline-gs.com\/cs\/shop\/"},{"@type":"ListItem","position":3,"name":"\u0422\u0440\u0438 \u0434\u043d\u044f \u0432 \u0441\u0435\u0440\u0434\u0446\u0435 \u0410\u0444\u0440\u0438\u043a\u0438"}]},{"@type":"WebSite","@id":"https:\/\/skyline-gs.com\/it\/#website","url":"https:\/\/skyline-gs.com\/it\/","name":"Excursions Skyline","description":"Excursions exclusives dans les meilleurs centres de vill\u00e9giature du monde","publisher":{"@id":"https:\/\/skyline-gs.com\/it\/#organization"},"alternateName":"Skyline","potentialAction":[{"@type":"SearchAction","target":{"@type":"EntryPoint","urlTemplate":"https:\/\/skyline-gs.com\/it\/?s={search_term_string}"},"query-input":{"@type":"PropertyValueSpecification","valueRequired":true,"valueName":"search_term_string"}}],"inLanguage":"fr-FR"},{"@type":"Organization","@id":"https:\/\/skyline-gs.com\/it\/#organization","name":"Excursions Skyline","alternateName":"\u042d\u043a\u0441\u043a\u0443\u0440\u0441\u0438\u0438 Skyline","url":"https:\/\/skyline-gs.com\/it\/","logo":{"@type":"ImageObject","inLanguage":"fr-FR","@id":"https:\/\/skyline-gs.com\/it\/#\/schema\/logo\/image\/","url":"https:\/\/skyline-gs.com\/wp-content\/uploads\/2020\/12\/cropped-logo-2.png","contentUrl":"https:\/\/skyline-gs.com\/wp-content\/uploads\/2020\/12\/cropped-logo-2.png","width":512,"height":512,"caption":"\u042d\u043a\u0441\u043a\u0443\u0440\u0441\u0438\u0438 Skyline"},"image":{"@id":"https:\/\/skyline-gs.com\/it\/#\/schema\/logo\/image\/"},"sameAs":["https:\/\/www.instagram.com\/skylineglobalservice\/"]}]}},"_links":{"self":[{"href":"https:\/\/skyline-gs.com\/fr\/wp-json\/wp\/v2\/product\/66052","targetHints":{"allow":["GET"]}}],"collection":[{"href":"https:\/\/skyline-gs.com\/fr\/wp-json\/wp\/v2\/product"}],"about":[{"href":"https:\/\/skyline-gs.com\/fr\/wp-json\/wp\/v2\/types\/product"}],"version-history":[{"count":0,"href":"https:\/\/skyline-gs.com\/fr\/wp-json\/wp\/v2\/product\/66052\/revisions"}],"wp:featuredmedia":[{"embeddable":true,"href":"https:\/\/skyline-gs.com\/fr\/wp-json\/wp\/v2\/media\/63112"}],"wp:attachment":[{"href":"https:\/\/skyline-gs.com\/fr\/wp-json\/wp\/v2\/media?parent=66052"}],"wp:term":[{"taxonomy":"product_brand","embeddable":true,"href":"https:\/\/skyline-gs.com\/fr\/wp-json\/wp\/v2\/product_brand?post=66052"},{"taxonomy":"product_cat","embeddable":true,"href":"https:\/\/skyline-gs.com\/fr\/wp-json\/wp\/v2\/product_cat?post=66052"},{"taxonomy":"product_tag","embeddable":true,"href":"https:\/\/skyline-gs.com\/fr\/wp-json\/wp\/v2\/product_tag?post=66052"}],"curies":[{"name":"wp","href":"https:\/\/api.w.org\/{rel}","templated":true}]}}