{"id":65728,"date":"2025-09-06T13:39:14","date_gmt":"2025-09-06T11:39:14","guid":{"rendered":"http:\/\/skyline-gs.com\/?post_type=product&#038;p=65728"},"modified":"2025-12-24T21:36:43","modified_gmt":"2025-12-24T19:36:43","slug":"malaisie-nhatrang","status":"publish","type":"product","link":"https:\/\/skyline-gs.com\/fr\/product\/malaysia-nhatrang\/","title":{"rendered":"Malaisie 3 jours"},"content":{"rendered":"<p>Ce circuit est une occasion unique de combiner des vacances sur les plages de Nha Trang avec un voyage au c\u0153ur de la Malaisie. <strong>Vous visiterez l'une des m\u00e9tropoles les plus modernes d'Asie, Kuala Lumpur.<\/strong>, o\u00f9 les gratte-ciel voisinent avec les temples anciens et o\u00f9 les traditions orientales se m\u00ealent harmonieusement \u00e0 l'architecture occidentale. Vous b\u00e9n\u00e9ficierez d'un vol confortable, d'un h\u00e9bergement dans un h\u00f4tel surplombant les tours Petronas et d'un riche programme de visites.<\/p>\n<p><strong data-start=\"605\" data-end=\"615\">Jour 1<\/strong><\/p>\n<p><strong>9:00 - D\u00e9part du hall de l'h\u00f4tel. <\/strong>Transfert \u00e0 l'a\u00e9roport.<\/p>\n<ul>\n<li>12:00 - Vol pour Kuala Lumpur.<\/li>\n<li>15:25 - Accueil \u00e0 l'a\u00e9roport. <strong>Notre guide vous accueille avec une plaque d'identit\u00e9<\/strong>, avec vos noms dessus.<\/li>\n<li><strong>Transfert<\/strong> \u00e0 l'h\u00f4tel.<\/li>\n<li>17:00 - Enregistrement <strong>h\u00f4tel dans le centre ville.<\/strong><\/li>\n<li><strong>Temps libre<\/strong> pour une promenade nocturne dans Kuala Lumpur.<\/li>\n<\/ul>\n<p><strong data-start=\"888\" data-end=\"898\">Jour 2<\/strong><\/p>\n<ul>\n<li>10:00 \u2014 <strong>Visite touristique<\/strong> sur Kuala Lumpur <strong>dans une voiture priv\u00e9e.<\/strong><\/li>\n<li data-start=\"972\" data-end=\"1023\"><strong>Grottes de Batu<\/strong> - le principal sanctuaire hindou du pays.<\/li>\n<li data-start=\"972\" data-end=\"1023\"><strong>Palais royal.<\/strong><\/li>\n<li data-start=\"972\" data-end=\"1023\"><strong>Menara KL TV Tower<\/strong> (pont d'observation optionnel pay\u00e9 s\u00e9par\u00e9ment).<\/li>\n<li data-start=\"972\" data-end=\"1023\"><strong>Place de l'Ind\u00e9pendance<\/strong> - L'h\u00e9ritage colonial britannique.<\/li>\n<li data-start=\"972\" data-end=\"1023\"><strong>Temple Tian Hu<\/strong> avec la possibilit\u00e9 d'une lecture porte-bonheur.<\/li>\n<li data-start=\"972\" data-end=\"1023\"><strong>Mosqu\u00e9e nationale de Negara.<\/strong><\/li>\n<li data-start=\"972\" data-end=\"1023\"><strong>Le b\u00e2timent ferroviaire<\/strong> style colonial.<\/li>\n<li data-start=\"972\" data-end=\"1023\"><strong>Chinatown Chinatown<\/strong> et la vieille ville.<\/li>\n<li data-start=\"972\" data-end=\"1023\"><strong>Tours jumelles Petronas.<\/strong> - le symbole de la Malaisie.<\/li>\n<li data-start=\"972\" data-end=\"1023\">15:00 - Temps libre. Le guide vous laissera dans le quartier des tours Petronas ou dans un centre commercial si vous le souhaitez.<\/li>\n<\/ul>\n<p><strong data-start=\"1585\" data-end=\"1595\">Troisi\u00e8me jour<\/strong><\/p>\n<ul>\n<li>7:30 \u2014 <strong>Transfert<\/strong> \u00e0 l'a\u00e9roport.<\/li>\n<li>10:30 - Vol <strong>De Kuala Lumpur \u00e0 Nha Trang.<\/strong><\/li>\n<li>11:30 - Accueil \u00e0 l'a\u00e9roport. Nous <strong>vous accueillent avec une plaque d'identit\u00e9<\/strong>, avec vos noms dessus.<\/li>\n<li>Transfert \u00e0 l'h\u00f4tel.<\/li>\n<\/ul>\n<p><strong>12:30 - Retour \u00e0 l'h\u00f4tel.<\/strong><\/p>\n<p><strong>Inclus :<\/strong><\/p>\n<ul>\n<li data-start=\"1742\" data-end=\"1778\">Transferts depuis et vers l'h\u00f4tel<\/li>\n<li>Transferts a\u00e9roportuaires en voiture priv\u00e9e<\/li>\n<li data-start=\"1742\" data-end=\"1778\">H\u00e9bergement dans un aparthotel 4* au centre de la ville<\/li>\n<li data-start=\"1742\" data-end=\"1778\">Tous les billets d'entr\u00e9e<\/li>\n<li data-start=\"1742\" data-end=\"1778\">Services d'un guide russophone<\/li>\n<li data-start=\"1742\" data-end=\"1778\">Invitation pour le visa vietnamien (pour le retour)<\/li>\n<\/ul>\n<p><strong data-start=\"1939\" data-end=\"1955\">Non inclus :<\/strong><\/p>\n<ul>\n<li data-start=\"1960\" data-end=\"1981\">Billets d'avion (120-150$). Notre responsable vous aidera \u00e0 trouver les meilleurs billets d'avion au meilleur prix.<\/li>\n<li data-start=\"1960\" data-end=\"1981\">La nutrition<\/li>\n<li data-start=\"1960\" data-end=\"1981\">Suppl\u00e9ment pour occupation simple +60$<\/li>\n<\/ul>\n<p><strong>Emportez-le avec vous :<\/strong><\/p>\n<ul>\n<li>Passeport<\/li>\n<li>Coiffure et lunettes de soleil<\/li>\n<li>Argent pour les d\u00e9penses personnelles<\/li>\n<\/ul>\n<p><strong>Conditions de r\u00e9servation :<\/strong><\/p>\n<ul>\n<li>Pr\u00e9pay\u00e9 50%<\/li>\n<\/ul>\n<ul>\n<li style=\"list-style-type: none;\"><\/li>\n<\/ul>","protected":false},"excerpt":{"rendered":"<p><strong>Temps du Tour:<\/strong> 3 jours<\/p>\n<p><strong>Jours de D\u00e9roulement:<\/strong> Tous les jours.<\/p>","protected":false},"featured_media":65730,"template":"","meta":{"_kad_post_transparent":"default","_kad_post_title":"","_kad_post_layout":"default","_kad_post_sidebar_id":"","_kad_post_content_style":"default","_kad_post_vertical_padding":"default","_kad_post_feature":"","_kad_post_feature_position":"","_kad_post_header":false,"_kad_post_footer":false,"_kad_post_classname":"","_glsr_average":0,"_glsr_ranking":0,"_glsr_reviews":0},"product_brand":[],"product_cat":[437],"product_tag":[],"class_list":{"0":"post-65728","1":"product","2":"type-product","3":"status-publish","4":"has-post-thumbnail","6":"product_cat-nha-trang","7":"tm-has-options","9":"first","10":"instock","11":"sold-individually","12":"taxable","13":"shipping-taxable","14":"purchasable","15":"product-type-simple","16":"entry","17":"content-bg","18":"loop-entry"},"yoast_head":"<!-- This site is optimized with the Yoast SEO plugin v27.3 - https:\/\/yoast.com\/product\/yoast-seo-wordpress\/ -->\n<title>\u041c\u0430\u043b\u0430\u0439\u0437\u0438\u044f 3 \u0434\u043d\u044f &#8226; \u042d\u043a\u0441\u043a\u0443\u0440\u0441\u0438\u0438 Skyline<\/title>\n<meta name=\"robots\" content=\"index, follow, max-snippet:-1, max-image-preview:large, max-video-preview:-1\" \/>\n<link rel=\"canonical\" href=\"http:\/\/skyline-gs.com\/fr\/produit\/malaisie-nhatrang\/\" \/>\n<meta property=\"og:locale\" content=\"fr_FR\" \/>\n<meta property=\"og:type\" content=\"article\" \/>\n<meta property=\"og:title\" content=\"\u041c\u0430\u043b\u0430\u0439\u0437\u0438\u044f 3 \u0434\u043d\u044f &#8226; \u042d\u043a\u0441\u043a\u0443\u0440\u0441\u0438\u0438 Skyline\" \/>\n<meta property=\"og:description\" content=\"\u0412\u0440\u0435\u043c\u044f \u0442\u0443\u0440\u0430: 3 \u0434\u043d\u044f  \u0414\u043d\u0438 \u043f\u0440\u043e\u0432\u0435\u0434\u0435\u043d\u0438\u044f: \u041a\u0430\u0436\u0434\u044b\u0439 \u0434\u0435\u043d\u044c\" \/>\n<meta property=\"og:url\" content=\"http:\/\/skyline-gs.com\/fr\/produit\/malaisie-nhatrang\/\" \/>\n<meta property=\"og:site_name\" content=\"\u042d\u043a\u0441\u043a\u0443\u0440\u0441\u0438\u0438 Skyline\" \/>\n<meta property=\"article:modified_time\" content=\"2025-12-24T19:36:43+00:00\" \/>\n<meta property=\"og:image\" content=\"https:\/\/skyline-gs.com\/wp-content\/uploads\/2025\/09\/1e-1.jpg\" \/>\n\t<meta property=\"og:image:width\" content=\"669\" \/>\n\t<meta property=\"og:image:height\" content=\"446\" \/>\n\t<meta property=\"og:image:type\" content=\"image\/jpeg\" \/>\n<meta name=\"twitter:card\" content=\"summary_large_image\" \/>\n<meta name=\"twitter:label1\" content=\"Dur\u00e9e de lecture estim\u00e9e\" \/>\n\t<meta name=\"twitter:data1\" content=\"2 minutes\" \/>\n<script type=\"application\/ld+json\" class=\"yoast-schema-graph\">{\"@context\":\"https:\\\/\\\/schema.org\",\"@graph\":[{\"@type\":\"WebPage\",\"@id\":\"http:\\\/\\\/skyline-gs.com\\\/hu\\\/termek\\\/malaysia-nhatrang\\\/\",\"url\":\"http:\\\/\\\/skyline-gs.com\\\/hu\\\/termek\\\/malaysia-nhatrang\\\/\",\"name\":\"\u041c\u0430\u043b\u0430\u0439\u0437\u0438\u044f 3 \u0434\u043d\u044f &#8226; \u042d\u043a\u0441\u043a\u0443\u0440\u0441\u0438\u0438 Skyline\",\"isPartOf\":{\"@id\":\"https:\\\/\\\/skyline-gs.com\\\/it\\\/#website\"},\"primaryImageOfPage\":{\"@id\":\"http:\\\/\\\/skyline-gs.com\\\/hu\\\/termek\\\/malaysia-nhatrang\\\/#primaryimage\"},\"image\":{\"@id\":\"http:\\\/\\\/skyline-gs.com\\\/hu\\\/termek\\\/malaysia-nhatrang\\\/#primaryimage\"},\"thumbnailUrl\":\"https:\\\/\\\/skyline-gs.com\\\/wp-content\\\/uploads\\\/2025\\\/09\\\/1e-1.jpg\",\"datePublished\":\"2025-09-06T11:39:14+00:00\",\"dateModified\":\"2025-12-24T19:36:43+00:00\",\"breadcrumb\":{\"@id\":\"http:\\\/\\\/skyline-gs.com\\\/hu\\\/termek\\\/malaysia-nhatrang\\\/#breadcrumb\"},\"inLanguage\":\"fr-FR\",\"potentialAction\":[{\"@type\":\"ReadAction\",\"target\":[\"http:\\\/\\\/skyline-gs.com\\\/hu\\\/termek\\\/malaysia-nhatrang\\\/\"]}]},{\"@type\":\"ImageObject\",\"inLanguage\":\"fr-FR\",\"@id\":\"http:\\\/\\\/skyline-gs.com\\\/hu\\\/termek\\\/malaysia-nhatrang\\\/#primaryimage\",\"url\":\"https:\\\/\\\/skyline-gs.com\\\/wp-content\\\/uploads\\\/2025\\\/09\\\/1e-1.jpg\",\"contentUrl\":\"https:\\\/\\\/skyline-gs.com\\\/wp-content\\\/uploads\\\/2025\\\/09\\\/1e-1.jpg\",\"width\":669,\"height\":446},{\"@type\":\"BreadcrumbList\",\"@id\":\"http:\\\/\\\/skyline-gs.com\\\/hu\\\/termek\\\/malaysia-nhatrang\\\/#breadcrumb\",\"itemListElement\":[{\"@type\":\"ListItem\",\"position\":1,\"name\":\"\u0413\u043b\u0430\u0432\u043d\u0430\u044f \u0441\u0442\u0440\u0430\u043d\u0438\u0446\u0430\",\"item\":\"https:\\\/\\\/skyline-gs.com\\\/hu\\\/\"},{\"@type\":\"ListItem\",\"position\":2,\"name\":\"\u041c\u0430\u0433\u0430\u0437\u0438\u043d\",\"item\":\"https:\\\/\\\/skyline-gs.com\\\/cs\\\/shop\\\/\"},{\"@type\":\"ListItem\",\"position\":3,\"name\":\"\u041c\u0430\u043b\u0430\u0439\u0437\u0438\u044f 3 \u0434\u043d\u044f\"}]},{\"@type\":\"WebSite\",\"@id\":\"https:\\\/\\\/skyline-gs.com\\\/it\\\/#website\",\"url\":\"https:\\\/\\\/skyline-gs.com\\\/it\\\/\",\"name\":\"\u042d\u043a\u0441\u043a\u0443\u0440\u0441\u0438\u0438 Skyline\",\"description\":\"\u042d\u043a\u0441\u043a\u043b\u044e\u0437\u0438\u0432\u043d\u044b\u0435 \u044d\u043a\u0441\u043a\u0443\u0440\u0441\u0438\u0438 \u043d\u0430 \u043b\u0443\u0447\u0448\u0438\u0445 \u043a\u0443\u0440\u043e\u0440\u0442\u0430\u0445 \u043c\u0438\u0440\u0430\",\"publisher\":{\"@id\":\"https:\\\/\\\/skyline-gs.com\\\/it\\\/#organization\"},\"alternateName\":\"Skyline\",\"potentialAction\":[{\"@type\":\"SearchAction\",\"target\":{\"@type\":\"EntryPoint\",\"urlTemplate\":\"https:\\\/\\\/skyline-gs.com\\\/it\\\/?s={search_term_string}\"},\"query-input\":{\"@type\":\"PropertyValueSpecification\",\"valueRequired\":true,\"valueName\":\"search_term_string\"}}],\"inLanguage\":\"fr-FR\"},{\"@type\":\"Organization\",\"@id\":\"https:\\\/\\\/skyline-gs.com\\\/it\\\/#organization\",\"name\":\"\u042d\u043a\u0441\u043a\u0443\u0440\u0441\u0438\u0438 Skyline\",\"alternateName\":\"\u042d\u043a\u0441\u043a\u0443\u0440\u0441\u0438\u0438 Skyline\",\"url\":\"https:\\\/\\\/skyline-gs.com\\\/it\\\/\",\"logo\":{\"@type\":\"ImageObject\",\"inLanguage\":\"fr-FR\",\"@id\":\"https:\\\/\\\/skyline-gs.com\\\/it\\\/#\\\/schema\\\/logo\\\/image\\\/\",\"url\":\"https:\\\/\\\/skyline-gs.com\\\/wp-content\\\/uploads\\\/2020\\\/12\\\/cropped-logo-2.png\",\"contentUrl\":\"https:\\\/\\\/skyline-gs.com\\\/wp-content\\\/uploads\\\/2020\\\/12\\\/cropped-logo-2.png\",\"width\":512,\"height\":512,\"caption\":\"\u042d\u043a\u0441\u043a\u0443\u0440\u0441\u0438\u0438 Skyline\"},\"image\":{\"@id\":\"https:\\\/\\\/skyline-gs.com\\\/it\\\/#\\\/schema\\\/logo\\\/image\\\/\"},\"sameAs\":[\"https:\\\/\\\/www.instagram.com\\\/skylineglobalservice\\\/\"]}]}<\/script>\n<!-- \/ Yoast SEO plugin. -->","yoast_head_json":{"title":"Malaisie 3 jours - Skyline Excursions","robots":{"index":"index","follow":"follow","max-snippet":"max-snippet:-1","max-image-preview":"max-image-preview:large","max-video-preview":"max-video-preview:-1"},"canonical":"http:\/\/skyline-gs.com\/fr\/produit\/malaisie-nhatrang\/","og_locale":"fr_FR","og_type":"article","og_title":"\u041c\u0430\u043b\u0430\u0439\u0437\u0438\u044f 3 \u0434\u043d\u044f &#8226; \u042d\u043a\u0441\u043a\u0443\u0440\u0441\u0438\u0438 Skyline","og_description":"\u0412\u0440\u0435\u043c\u044f \u0442\u0443\u0440\u0430: 3 \u0434\u043d\u044f  \u0414\u043d\u0438 \u043f\u0440\u043e\u0432\u0435\u0434\u0435\u043d\u0438\u044f: \u041a\u0430\u0436\u0434\u044b\u0439 \u0434\u0435\u043d\u044c","og_url":"http:\/\/skyline-gs.com\/fr\/produit\/malaisie-nhatrang\/","og_site_name":"\u042d\u043a\u0441\u043a\u0443\u0440\u0441\u0438\u0438 Skyline","article_modified_time":"2025-12-24T19:36:43+00:00","og_image":[{"width":669,"height":446,"url":"https:\/\/skyline-gs.com\/wp-content\/uploads\/2025\/09\/1e-1.jpg","type":"image\/jpeg"}],"twitter_card":"summary_large_image","twitter_misc":{"Dur\u00e9e de lecture estim\u00e9e":"2 minutes"},"schema":{"@context":"https:\/\/schema.org","@graph":[{"@type":"WebPage","@id":"http:\/\/skyline-gs.com\/hu\/termek\/malaysia-nhatrang\/","url":"http:\/\/skyline-gs.com\/hu\/termek\/malaysia-nhatrang\/","name":"Malaisie 3 jours - Skyline Excursions","isPartOf":{"@id":"https:\/\/skyline-gs.com\/it\/#website"},"primaryImageOfPage":{"@id":"http:\/\/skyline-gs.com\/hu\/termek\/malaysia-nhatrang\/#primaryimage"},"image":{"@id":"http:\/\/skyline-gs.com\/hu\/termek\/malaysia-nhatrang\/#primaryimage"},"thumbnailUrl":"https:\/\/skyline-gs.com\/wp-content\/uploads\/2025\/09\/1e-1.jpg","datePublished":"2025-09-06T11:39:14+00:00","dateModified":"2025-12-24T19:36:43+00:00","breadcrumb":{"@id":"http:\/\/skyline-gs.com\/hu\/termek\/malaysia-nhatrang\/#breadcrumb"},"inLanguage":"fr-FR","potentialAction":[{"@type":"ReadAction","target":["http:\/\/skyline-gs.com\/hu\/termek\/malaysia-nhatrang\/"]}]},{"@type":"ImageObject","inLanguage":"fr-FR","@id":"http:\/\/skyline-gs.com\/hu\/termek\/malaysia-nhatrang\/#primaryimage","url":"https:\/\/skyline-gs.com\/wp-content\/uploads\/2025\/09\/1e-1.jpg","contentUrl":"https:\/\/skyline-gs.com\/wp-content\/uploads\/2025\/09\/1e-1.jpg","width":669,"height":446},{"@type":"BreadcrumbList","@id":"http:\/\/skyline-gs.com\/hu\/termek\/malaysia-nhatrang\/#breadcrumb","itemListElement":[{"@type":"ListItem","position":1,"name":"\u0413\u043b\u0430\u0432\u043d\u0430\u044f \u0441\u0442\u0440\u0430\u043d\u0438\u0446\u0430","item":"https:\/\/skyline-gs.com\/hu\/"},{"@type":"ListItem","position":2,"name":"\u041c\u0430\u0433\u0430\u0437\u0438\u043d","item":"https:\/\/skyline-gs.com\/cs\/shop\/"},{"@type":"ListItem","position":3,"name":"\u041c\u0430\u043b\u0430\u0439\u0437\u0438\u044f 3 \u0434\u043d\u044f"}]},{"@type":"WebSite","@id":"https:\/\/skyline-gs.com\/it\/#website","url":"https:\/\/skyline-gs.com\/it\/","name":"Excursions Skyline","description":"Excursions exclusives dans les meilleurs centres de vill\u00e9giature du monde","publisher":{"@id":"https:\/\/skyline-gs.com\/it\/#organization"},"alternateName":"Skyline","potentialAction":[{"@type":"SearchAction","target":{"@type":"EntryPoint","urlTemplate":"https:\/\/skyline-gs.com\/it\/?s={search_term_string}"},"query-input":{"@type":"PropertyValueSpecification","valueRequired":true,"valueName":"search_term_string"}}],"inLanguage":"fr-FR"},{"@type":"Organization","@id":"https:\/\/skyline-gs.com\/it\/#organization","name":"Excursions Skyline","alternateName":"\u042d\u043a\u0441\u043a\u0443\u0440\u0441\u0438\u0438 Skyline","url":"https:\/\/skyline-gs.com\/it\/","logo":{"@type":"ImageObject","inLanguage":"fr-FR","@id":"https:\/\/skyline-gs.com\/it\/#\/schema\/logo\/image\/","url":"https:\/\/skyline-gs.com\/wp-content\/uploads\/2020\/12\/cropped-logo-2.png","contentUrl":"https:\/\/skyline-gs.com\/wp-content\/uploads\/2020\/12\/cropped-logo-2.png","width":512,"height":512,"caption":"\u042d\u043a\u0441\u043a\u0443\u0440\u0441\u0438\u0438 Skyline"},"image":{"@id":"https:\/\/skyline-gs.com\/it\/#\/schema\/logo\/image\/"},"sameAs":["https:\/\/www.instagram.com\/skylineglobalservice\/"]}]}},"_links":{"self":[{"href":"https:\/\/skyline-gs.com\/fr\/wp-json\/wp\/v2\/product\/65728","targetHints":{"allow":["GET"]}}],"collection":[{"href":"https:\/\/skyline-gs.com\/fr\/wp-json\/wp\/v2\/product"}],"about":[{"href":"https:\/\/skyline-gs.com\/fr\/wp-json\/wp\/v2\/types\/product"}],"version-history":[{"count":0,"href":"https:\/\/skyline-gs.com\/fr\/wp-json\/wp\/v2\/product\/65728\/revisions"}],"wp:featuredmedia":[{"embeddable":true,"href":"https:\/\/skyline-gs.com\/fr\/wp-json\/wp\/v2\/media\/65730"}],"wp:attachment":[{"href":"https:\/\/skyline-gs.com\/fr\/wp-json\/wp\/v2\/media?parent=65728"}],"wp:term":[{"taxonomy":"product_brand","embeddable":true,"href":"https:\/\/skyline-gs.com\/fr\/wp-json\/wp\/v2\/product_brand?post=65728"},{"taxonomy":"product_cat","embeddable":true,"href":"https:\/\/skyline-gs.com\/fr\/wp-json\/wp\/v2\/product_cat?post=65728"},{"taxonomy":"product_tag","embeddable":true,"href":"https:\/\/skyline-gs.com\/fr\/wp-json\/wp\/v2\/product_tag?post=65728"}],"curies":[{"name":"wp","href":"https:\/\/api.w.org\/{rel}","templated":true}]}}