{"id":65493,"date":"2025-08-26T23:29:24","date_gmt":"2025-08-26T21:29:24","guid":{"rendered":"http:\/\/skyline-gs.com\/?post_type=product&#038;p=65493"},"modified":"2025-09-29T01:27:37","modified_gmt":"2025-09-28T23:27:37","slug":"lost-montenegro-budva","status":"publish","type":"product","link":"https:\/\/skyline-gs.com\/fr\/product\/lost-montenegro-budva\/","title":{"rendered":"Circuit personnalis\u00e9 : Le Mont\u00e9n\u00e9gro perdu"},"content":{"rendered":"<p data-start=\"61\" data-end=\"288\"><strong data-start=\"61\" data-end=\"107\">Le Mont\u00e9n\u00e9gro perdu et le canyon de la rivi\u00e8re Mrtvica<\/strong> - est un voyage pour ceux qui veulent d\u00e9couvrir la nature intacte du pays et ressentir sa magie particuli\u00e8re. Des paysages de montagne, d'anciens monast\u00e8res, des l\u00e9gendes et un pique-nique dans la nature vous attendent.<\/p>\n<p data-start=\"290\" data-end=\"337\"><strong>9:00 - D\u00e9part du hall de l'h\u00f4tel.<\/strong><\/p>\n<ul>\n<li data-start=\"339\" data-end=\"1040\"><strong>Monast\u00e8re de Moraca<\/strong> (XIIIe si\u00e8cle) est l'un des plus c\u00e9l\u00e8bres monast\u00e8res orthodoxes du Mont\u00e9n\u00e9gro. Construit en 1252, il conserve des fresques anciennes et une atmosph\u00e8re de solitude dans les montagnes.<\/li>\n<li data-start=\"339\" data-end=\"1040\"><strong>Canyon de la rivi\u00e8re Mrtvica<\/strong> - randonn\u00e9e facile le long de la rivi\u00e8re sur des sentiers pittoresques. Vous verrez le confluent de la Tara et de la Mrtvitsa, traverserez une for\u00eat f\u00e9erique et franchirez un vieux pont en pierre du XIXe si\u00e8cle, construit par le prince Danil I Petrovich Negosh en l'honneur de sa m\u00e8re.<\/li>\n<li data-start=\"339\" data-end=\"1040\"><strong>La porte du d\u00e9sir<\/strong> - Un lieu sacr\u00e9 o\u00f9, selon la l\u00e9gende, les souhaits se r\u00e9alisent. Les touristes y font des r\u00eaves et croient que le canyon conserve leur pouvoir.<\/li>\n<li data-start=\"339\" data-end=\"1040\"><strong>Pique-nique dans la nature<\/strong> - Fin de l'excursion dans une clairi\u00e8re pittoresque o\u00f9 vous attendent des collations locales et une bouteille de vin mont\u00e9n\u00e9grin fait maison.<\/li>\n<\/ul>\n<p data-start=\"1042\" data-end=\"1080\"><strong data-start=\"1464\" data-end=\"1511\">18:00 - Retour \u00e0 l'h\u00f4tel.<\/strong><\/p>\n<p data-start=\"1232\" data-end=\"1247\"><strong data-start=\"1232\" data-end=\"1245\">Inclus :<\/strong><\/p>\n<ul data-start=\"1248\" data-end=\"1333\">\n<li>Transferts depuis et vers l'h\u00f4tel<\/li>\n<li>Tous les transferts pr\u00e9vus au programme en voiture priv\u00e9e climatis\u00e9e<\/li>\n<li>Guide parlant russe<\/li>\n<li>Pique-nique dans la nature<\/li>\n<\/ul>\n<p data-start=\"1335\" data-end=\"1353\"><strong data-start=\"1335\" data-end=\"1351\">Non inclus :<\/strong><\/p>\n<ul>\n<li data-start=\"1356\" data-end=\"1363\">D\u00e9penses personnelles<\/li>\n<\/ul>\n<p data-start=\"1426\" data-end=\"1449\"><strong data-start=\"1426\" data-end=\"1447\">Emportez-le avec vous :<\/strong><\/p>\n<ul>\n<li data-start=\"1452\" data-end=\"1468\">Chaussures confortables<\/li>\n<li data-start=\"1452\" data-end=\"1468\">Coiffure<\/li>\n<li data-start=\"1452\" data-end=\"1468\">L'eau<\/li>\n<li data-start=\"1452\" data-end=\"1468\">Argent pour les d\u00e9penses personnelles<\/li>\n<\/ul>\n<p><strong>Conditions de r\u00e9servation :<\/strong><\/p>\n<ul>\n<li>Paiement anticip\u00e9 20%.<\/li>\n<\/ul>","protected":false},"excerpt":{"rendered":"<p><strong>Temps du Tour:<\/strong> 9:00 \u2014 18:00<\/p>\n<p><strong>Jours de D\u00e9roulement:<\/strong> Tous les jours.<\/p>","protected":false},"featured_media":65527,"template":"","meta":{"_kad_post_transparent":"default","_kad_post_title":"","_kad_post_layout":"default","_kad_post_sidebar_id":"","_kad_post_content_style":"default","_kad_post_vertical_padding":"default","_kad_post_feature":"","_kad_post_feature_position":"","_kad_post_header":false,"_kad_post_footer":false,"_kad_post_classname":"","_glsr_average":0,"_glsr_ranking":0,"_glsr_reviews":0},"product_brand":[],"product_cat":[504],"product_tag":[],"class_list":{"0":"post-65493","1":"product","2":"type-product","3":"status-publish","4":"has-post-thumbnail","6":"product_cat-budva","7":"tm-has-options","9":"first","10":"instock","11":"sold-individually","12":"taxable","13":"shipping-taxable","14":"purchasable","15":"product-type-simple","16":"entry","17":"content-bg","18":"loop-entry"},"yoast_head":"<!-- This site is optimized with the Yoast SEO plugin v27.3 - https:\/\/yoast.com\/product\/yoast-seo-wordpress\/ -->\n<title>\u0418\u043d\u0434\u0438\u0432\u0438\u0434\u0443\u0430\u043b\u044c\u043d\u044b\u0439 \u0442\u0443\u0440: \u0417\u0430\u0442\u0435\u0440\u044f\u043d\u043d\u0430\u044f \u0427\u0435\u0440\u043d\u043e\u0433\u043e\u0440\u0438\u044f &#8226; \u042d\u043a\u0441\u043a\u0443\u0440\u0441\u0438\u0438 Skyline<\/title>\n<meta name=\"robots\" content=\"index, follow, max-snippet:-1, max-image-preview:large, max-video-preview:-1\" \/>\n<link rel=\"canonical\" href=\"http:\/\/skyline-gs.com\/fr\/produit\/lost-montenegro-budva\/\" \/>\n<meta property=\"og:locale\" content=\"fr_FR\" \/>\n<meta property=\"og:type\" content=\"article\" \/>\n<meta property=\"og:title\" content=\"\u0418\u043d\u0434\u0438\u0432\u0438\u0434\u0443\u0430\u043b\u044c\u043d\u044b\u0439 \u0442\u0443\u0440: \u0417\u0430\u0442\u0435\u0440\u044f\u043d\u043d\u0430\u044f \u0427\u0435\u0440\u043d\u043e\u0433\u043e\u0440\u0438\u044f &#8226; \u042d\u043a\u0441\u043a\u0443\u0440\u0441\u0438\u0438 Skyline\" \/>\n<meta property=\"og:description\" content=\"\u0412\u0440\u0435\u043c\u044f \u0442\u0443\u0440\u0430: 9:00 - 18:00  \u0414\u043d\u0438 \u043f\u0440\u043e\u0432\u0435\u0434\u0435\u043d\u0438\u044f: \u041a\u0430\u0436\u0434\u044b\u0439 \u0434\u0435\u043d\u044c\" \/>\n<meta property=\"og:url\" content=\"http:\/\/skyline-gs.com\/fr\/produit\/lost-montenegro-budva\/\" \/>\n<meta property=\"og:site_name\" content=\"\u042d\u043a\u0441\u043a\u0443\u0440\u0441\u0438\u0438 Skyline\" \/>\n<meta property=\"article:modified_time\" content=\"2025-09-28T23:27:37+00:00\" \/>\n<meta property=\"og:image\" content=\"https:\/\/skyline-gs.com\/wp-content\/uploads\/2025\/08\/40-1.jpg\" \/>\n\t<meta property=\"og:image:width\" content=\"669\" \/>\n\t<meta property=\"og:image:height\" content=\"446\" \/>\n\t<meta property=\"og:image:type\" content=\"image\/jpeg\" \/>\n<meta name=\"twitter:card\" content=\"summary_large_image\" \/>\n<meta name=\"twitter:label1\" content=\"Dur\u00e9e de lecture estim\u00e9e\" \/>\n\t<meta name=\"twitter:data1\" content=\"2 minutes\" \/>\n<script type=\"application\/ld+json\" class=\"yoast-schema-graph\">{\"@context\":\"https:\\\/\\\/schema.org\",\"@graph\":[{\"@type\":\"WebPage\",\"@id\":\"http:\\\/\\\/skyline-gs.com\\\/fr\\\/produit\\\/lost-montenegro-budva\\\/\",\"url\":\"http:\\\/\\\/skyline-gs.com\\\/fr\\\/produit\\\/lost-montenegro-budva\\\/\",\"name\":\"\u0418\u043d\u0434\u0438\u0432\u0438\u0434\u0443\u0430\u043b\u044c\u043d\u044b\u0439 \u0442\u0443\u0440: \u0417\u0430\u0442\u0435\u0440\u044f\u043d\u043d\u0430\u044f \u0427\u0435\u0440\u043d\u043e\u0433\u043e\u0440\u0438\u044f &#8226; \u042d\u043a\u0441\u043a\u0443\u0440\u0441\u0438\u0438 Skyline\",\"isPartOf\":{\"@id\":\"https:\\\/\\\/skyline-gs.com\\\/it\\\/#website\"},\"primaryImageOfPage\":{\"@id\":\"http:\\\/\\\/skyline-gs.com\\\/fr\\\/produit\\\/lost-montenegro-budva\\\/#primaryimage\"},\"image\":{\"@id\":\"http:\\\/\\\/skyline-gs.com\\\/fr\\\/produit\\\/lost-montenegro-budva\\\/#primaryimage\"},\"thumbnailUrl\":\"https:\\\/\\\/skyline-gs.com\\\/wp-content\\\/uploads\\\/2025\\\/08\\\/40-1.jpg\",\"datePublished\":\"2025-08-26T21:29:24+00:00\",\"dateModified\":\"2025-09-28T23:27:37+00:00\",\"breadcrumb\":{\"@id\":\"http:\\\/\\\/skyline-gs.com\\\/fr\\\/produit\\\/lost-montenegro-budva\\\/#breadcrumb\"},\"inLanguage\":\"fr-FR\",\"potentialAction\":[{\"@type\":\"ReadAction\",\"target\":[\"http:\\\/\\\/skyline-gs.com\\\/fr\\\/produit\\\/lost-montenegro-budva\\\/\"]}]},{\"@type\":\"ImageObject\",\"inLanguage\":\"fr-FR\",\"@id\":\"http:\\\/\\\/skyline-gs.com\\\/fr\\\/produit\\\/lost-montenegro-budva\\\/#primaryimage\",\"url\":\"https:\\\/\\\/skyline-gs.com\\\/wp-content\\\/uploads\\\/2025\\\/08\\\/40-1.jpg\",\"contentUrl\":\"https:\\\/\\\/skyline-gs.com\\\/wp-content\\\/uploads\\\/2025\\\/08\\\/40-1.jpg\",\"width\":669,\"height\":446},{\"@type\":\"BreadcrumbList\",\"@id\":\"http:\\\/\\\/skyline-gs.com\\\/fr\\\/produit\\\/lost-montenegro-budva\\\/#breadcrumb\",\"itemListElement\":[{\"@type\":\"ListItem\",\"position\":1,\"name\":\"\u0413\u043b\u0430\u0432\u043d\u0430\u044f \u0441\u0442\u0440\u0430\u043d\u0438\u0446\u0430\",\"item\":\"https:\\\/\\\/skyline-gs.com\\\/hu\\\/\"},{\"@type\":\"ListItem\",\"position\":2,\"name\":\"\u041c\u0430\u0433\u0430\u0437\u0438\u043d\",\"item\":\"https:\\\/\\\/skyline-gs.com\\\/cs\\\/shop\\\/\"},{\"@type\":\"ListItem\",\"position\":3,\"name\":\"\u0418\u043d\u0434\u0438\u0432\u0438\u0434\u0443\u0430\u043b\u044c\u043d\u044b\u0439 \u0442\u0443\u0440: \u0417\u0430\u0442\u0435\u0440\u044f\u043d\u043d\u0430\u044f \u0427\u0435\u0440\u043d\u043e\u0433\u043e\u0440\u0438\u044f\"}]},{\"@type\":\"WebSite\",\"@id\":\"https:\\\/\\\/skyline-gs.com\\\/it\\\/#website\",\"url\":\"https:\\\/\\\/skyline-gs.com\\\/it\\\/\",\"name\":\"\u042d\u043a\u0441\u043a\u0443\u0440\u0441\u0438\u0438 Skyline\",\"description\":\"\u042d\u043a\u0441\u043a\u043b\u044e\u0437\u0438\u0432\u043d\u044b\u0435 \u044d\u043a\u0441\u043a\u0443\u0440\u0441\u0438\u0438 \u043d\u0430 \u043b\u0443\u0447\u0448\u0438\u0445 \u043a\u0443\u0440\u043e\u0440\u0442\u0430\u0445 \u043c\u0438\u0440\u0430\",\"publisher\":{\"@id\":\"https:\\\/\\\/skyline-gs.com\\\/it\\\/#organization\"},\"alternateName\":\"Skyline\",\"potentialAction\":[{\"@type\":\"SearchAction\",\"target\":{\"@type\":\"EntryPoint\",\"urlTemplate\":\"https:\\\/\\\/skyline-gs.com\\\/it\\\/?s={search_term_string}\"},\"query-input\":{\"@type\":\"PropertyValueSpecification\",\"valueRequired\":true,\"valueName\":\"search_term_string\"}}],\"inLanguage\":\"fr-FR\"},{\"@type\":\"Organization\",\"@id\":\"https:\\\/\\\/skyline-gs.com\\\/it\\\/#organization\",\"name\":\"\u042d\u043a\u0441\u043a\u0443\u0440\u0441\u0438\u0438 Skyline\",\"alternateName\":\"\u042d\u043a\u0441\u043a\u0443\u0440\u0441\u0438\u0438 Skyline\",\"url\":\"https:\\\/\\\/skyline-gs.com\\\/it\\\/\",\"logo\":{\"@type\":\"ImageObject\",\"inLanguage\":\"fr-FR\",\"@id\":\"https:\\\/\\\/skyline-gs.com\\\/it\\\/#\\\/schema\\\/logo\\\/image\\\/\",\"url\":\"https:\\\/\\\/skyline-gs.com\\\/wp-content\\\/uploads\\\/2020\\\/12\\\/cropped-logo-2.png\",\"contentUrl\":\"https:\\\/\\\/skyline-gs.com\\\/wp-content\\\/uploads\\\/2020\\\/12\\\/cropped-logo-2.png\",\"width\":512,\"height\":512,\"caption\":\"\u042d\u043a\u0441\u043a\u0443\u0440\u0441\u0438\u0438 Skyline\"},\"image\":{\"@id\":\"https:\\\/\\\/skyline-gs.com\\\/it\\\/#\\\/schema\\\/logo\\\/image\\\/\"},\"sameAs\":[\"https:\\\/\\\/www.instagram.com\\\/skylineglobalservice\\\/\"]}]}<\/script>\n<!-- \/ Yoast SEO plugin. -->","yoast_head_json":{"title":"Circuit personnalis\u00e9 : Le Mont\u00e9n\u00e9gro perdu - Skyline Excursions","robots":{"index":"index","follow":"follow","max-snippet":"max-snippet:-1","max-image-preview":"max-image-preview:large","max-video-preview":"max-video-preview:-1"},"canonical":"http:\/\/skyline-gs.com\/fr\/produit\/lost-montenegro-budva\/","og_locale":"fr_FR","og_type":"article","og_title":"\u0418\u043d\u0434\u0438\u0432\u0438\u0434\u0443\u0430\u043b\u044c\u043d\u044b\u0439 \u0442\u0443\u0440: \u0417\u0430\u0442\u0435\u0440\u044f\u043d\u043d\u0430\u044f \u0427\u0435\u0440\u043d\u043e\u0433\u043e\u0440\u0438\u044f &#8226; \u042d\u043a\u0441\u043a\u0443\u0440\u0441\u0438\u0438 Skyline","og_description":"\u0412\u0440\u0435\u043c\u044f \u0442\u0443\u0440\u0430: 9:00 - 18:00  \u0414\u043d\u0438 \u043f\u0440\u043e\u0432\u0435\u0434\u0435\u043d\u0438\u044f: \u041a\u0430\u0436\u0434\u044b\u0439 \u0434\u0435\u043d\u044c","og_url":"http:\/\/skyline-gs.com\/fr\/produit\/lost-montenegro-budva\/","og_site_name":"\u042d\u043a\u0441\u043a\u0443\u0440\u0441\u0438\u0438 Skyline","article_modified_time":"2025-09-28T23:27:37+00:00","og_image":[{"width":669,"height":446,"url":"https:\/\/skyline-gs.com\/wp-content\/uploads\/2025\/08\/40-1.jpg","type":"image\/jpeg"}],"twitter_card":"summary_large_image","twitter_misc":{"Dur\u00e9e de lecture estim\u00e9e":"2 minutes"},"schema":{"@context":"https:\/\/schema.org","@graph":[{"@type":"WebPage","@id":"http:\/\/skyline-gs.com\/fr\/produit\/lost-montenegro-budva\/","url":"http:\/\/skyline-gs.com\/fr\/produit\/lost-montenegro-budva\/","name":"Circuit personnalis\u00e9 : Le Mont\u00e9n\u00e9gro perdu - Skyline Excursions","isPartOf":{"@id":"https:\/\/skyline-gs.com\/it\/#website"},"primaryImageOfPage":{"@id":"http:\/\/skyline-gs.com\/fr\/produit\/lost-montenegro-budva\/#primaryimage"},"image":{"@id":"http:\/\/skyline-gs.com\/fr\/produit\/lost-montenegro-budva\/#primaryimage"},"thumbnailUrl":"https:\/\/skyline-gs.com\/wp-content\/uploads\/2025\/08\/40-1.jpg","datePublished":"2025-08-26T21:29:24+00:00","dateModified":"2025-09-28T23:27:37+00:00","breadcrumb":{"@id":"http:\/\/skyline-gs.com\/fr\/produit\/lost-montenegro-budva\/#breadcrumb"},"inLanguage":"fr-FR","potentialAction":[{"@type":"ReadAction","target":["http:\/\/skyline-gs.com\/fr\/produit\/lost-montenegro-budva\/"]}]},{"@type":"ImageObject","inLanguage":"fr-FR","@id":"http:\/\/skyline-gs.com\/fr\/produit\/lost-montenegro-budva\/#primaryimage","url":"https:\/\/skyline-gs.com\/wp-content\/uploads\/2025\/08\/40-1.jpg","contentUrl":"https:\/\/skyline-gs.com\/wp-content\/uploads\/2025\/08\/40-1.jpg","width":669,"height":446},{"@type":"BreadcrumbList","@id":"http:\/\/skyline-gs.com\/fr\/produit\/lost-montenegro-budva\/#breadcrumb","itemListElement":[{"@type":"ListItem","position":1,"name":"\u0413\u043b\u0430\u0432\u043d\u0430\u044f \u0441\u0442\u0440\u0430\u043d\u0438\u0446\u0430","item":"https:\/\/skyline-gs.com\/hu\/"},{"@type":"ListItem","position":2,"name":"\u041c\u0430\u0433\u0430\u0437\u0438\u043d","item":"https:\/\/skyline-gs.com\/cs\/shop\/"},{"@type":"ListItem","position":3,"name":"\u0418\u043d\u0434\u0438\u0432\u0438\u0434\u0443\u0430\u043b\u044c\u043d\u044b\u0439 \u0442\u0443\u0440: \u0417\u0430\u0442\u0435\u0440\u044f\u043d\u043d\u0430\u044f \u0427\u0435\u0440\u043d\u043e\u0433\u043e\u0440\u0438\u044f"}]},{"@type":"WebSite","@id":"https:\/\/skyline-gs.com\/it\/#website","url":"https:\/\/skyline-gs.com\/it\/","name":"Excursions Skyline","description":"Excursions exclusives dans les meilleurs centres de vill\u00e9giature du monde","publisher":{"@id":"https:\/\/skyline-gs.com\/it\/#organization"},"alternateName":"Skyline","potentialAction":[{"@type":"SearchAction","target":{"@type":"EntryPoint","urlTemplate":"https:\/\/skyline-gs.com\/it\/?s={search_term_string}"},"query-input":{"@type":"PropertyValueSpecification","valueRequired":true,"valueName":"search_term_string"}}],"inLanguage":"fr-FR"},{"@type":"Organization","@id":"https:\/\/skyline-gs.com\/it\/#organization","name":"Excursions Skyline","alternateName":"\u042d\u043a\u0441\u043a\u0443\u0440\u0441\u0438\u0438 Skyline","url":"https:\/\/skyline-gs.com\/it\/","logo":{"@type":"ImageObject","inLanguage":"fr-FR","@id":"https:\/\/skyline-gs.com\/it\/#\/schema\/logo\/image\/","url":"https:\/\/skyline-gs.com\/wp-content\/uploads\/2020\/12\/cropped-logo-2.png","contentUrl":"https:\/\/skyline-gs.com\/wp-content\/uploads\/2020\/12\/cropped-logo-2.png","width":512,"height":512,"caption":"\u042d\u043a\u0441\u043a\u0443\u0440\u0441\u0438\u0438 Skyline"},"image":{"@id":"https:\/\/skyline-gs.com\/it\/#\/schema\/logo\/image\/"},"sameAs":["https:\/\/www.instagram.com\/skylineglobalservice\/"]}]}},"_links":{"self":[{"href":"https:\/\/skyline-gs.com\/fr\/wp-json\/wp\/v2\/product\/65493","targetHints":{"allow":["GET"]}}],"collection":[{"href":"https:\/\/skyline-gs.com\/fr\/wp-json\/wp\/v2\/product"}],"about":[{"href":"https:\/\/skyline-gs.com\/fr\/wp-json\/wp\/v2\/types\/product"}],"version-history":[{"count":0,"href":"https:\/\/skyline-gs.com\/fr\/wp-json\/wp\/v2\/product\/65493\/revisions"}],"wp:featuredmedia":[{"embeddable":true,"href":"https:\/\/skyline-gs.com\/fr\/wp-json\/wp\/v2\/media\/65527"}],"wp:attachment":[{"href":"https:\/\/skyline-gs.com\/fr\/wp-json\/wp\/v2\/media?parent=65493"}],"wp:term":[{"taxonomy":"product_brand","embeddable":true,"href":"https:\/\/skyline-gs.com\/fr\/wp-json\/wp\/v2\/product_brand?post=65493"},{"taxonomy":"product_cat","embeddable":true,"href":"https:\/\/skyline-gs.com\/fr\/wp-json\/wp\/v2\/product_cat?post=65493"},{"taxonomy":"product_tag","embeddable":true,"href":"https:\/\/skyline-gs.com\/fr\/wp-json\/wp\/v2\/product_tag?post=65493"}],"curies":[{"name":"wp","href":"https:\/\/api.w.org\/{rel}","templated":true}]}}