{"id":65489,"date":"2025-08-26T23:02:47","date_gmt":"2025-08-26T21:02:47","guid":{"rendered":"http:\/\/skyline-gs.com\/?post_type=product&#038;p=65489"},"modified":"2025-09-29T01:31:13","modified_gmt":"2025-09-28T23:31:13","slug":"skadar-lake-budva","status":"publish","type":"product","link":"https:\/\/skyline-gs.com\/fr\/product\/skadar-lake-budva\/","title":{"rendered":"Circuit personnalis\u00e9 : le lac Skadar et les perles du littoral"},"content":{"rendered":"<p data-start=\"105\" data-end=\"336\"><strong data-start=\"105\" data-end=\"147\">Le lac Skadar et les perles de la c\u00f4te<\/strong> - est un voyage au cours duquel vous verrez les plus beaux panoramas de l'Adriatique, d'anciens monast\u00e8res, et profiterez de la nature et de la solitude du lac Skadar. Paysages pittoresques, histoire et d\u00e9tente sur l'eau vous attendent.<\/p>\n<p data-start=\"338\" data-end=\"392\"><strong data-start=\"338\" data-end=\"390\">9:00 - D\u00e9part du hall de l'h\u00f4tel.<\/strong><\/p>\n<ul>\n<li data-start=\"394\" data-end=\"1153\"><strong>Point de vue sur l'\u00eele de Sveti Stefan<\/strong> - la c\u00e9l\u00e8bre vue de la carte de visite du Mont\u00e9n\u00e9gro. C'est l'une des vues les plus photographi\u00e9es du pays.<\/li>\n<li data-start=\"394\" data-end=\"1153\"><strong>Monast\u00e8re de Re\u017eevi\u0107i<\/strong> (XIIIe si\u00e8cle) est un ancien monast\u00e8re \u00e0 l'histoire riche et \u00e0 l'atmosph\u00e8re silencieuse. Vous pourrez y ressentir l'esprit du Mont\u00e9n\u00e9gro m\u00e9di\u00e9val.<\/li>\n<li data-start=\"394\" data-end=\"1153\"><strong>Excursion en bateau priv\u00e9 sur le lac Skadar<\/strong> (3 heures) - un voyage tranquille parmi les paysages pittoresques du parc national couvert de lys et de n\u00e9nuphars. C'est l'habitat de nombreux oiseaux rares. Une bouteille de vin est servie pendant la promenade.<\/li>\n<li data-start=\"394\" data-end=\"1153\"><strong>D\u00e9jeuner sur le lac Skadar<\/strong> (en option, avec suppl\u00e9ment) - poisson frais et cuisine nationale au bord du lac.<\/li>\n<li data-start=\"394\" data-end=\"1153\"><strong>Promenade dans la ville de Petrovac<\/strong> - Une station baln\u00e9aire accueillante avec une promenade en bord de mer, une ancienne forteresse et de belles plages.<\/li>\n<\/ul>\n<p data-start=\"1155\" data-end=\"1195\"><strong data-start=\"1155\" data-end=\"1193\">17:00 - Retour \u00e0 l'h\u00f4tel.<\/strong><\/p>\n<p data-start=\"1232\" data-end=\"1247\"><strong data-start=\"1232\" data-end=\"1245\">Inclus :<\/strong><\/p>\n<ul data-start=\"1248\" data-end=\"1333\">\n<li>Transferts depuis et vers l'h\u00f4tel<\/li>\n<li>Tous les transferts du programme en voiture climatis\u00e9e<\/li>\n<li>Guide parlant russe<\/li>\n<li data-start=\"394\" data-end=\"1153\">Bateau priv\u00e9 (3 heures)<\/li>\n<li data-start=\"394\" data-end=\"1153\">L'eau<\/li>\n<li data-start=\"394\" data-end=\"1153\">Droits d'entr\u00e9e dans le parc national<\/li>\n<\/ul>\n<p data-start=\"1335\" data-end=\"1353\"><strong data-start=\"1335\" data-end=\"1351\">Non inclus :<\/strong><\/p>\n<ul>\n<li data-start=\"1356\" data-end=\"1363\">D\u00e9jeuner<\/li>\n<\/ul>\n<p data-start=\"1426\" data-end=\"1449\"><strong data-start=\"1426\" data-end=\"1447\">Emportez-le avec vous :<\/strong><\/p>\n<ul>\n<li data-start=\"1452\" data-end=\"1468\">Chaussures confortables<\/li>\n<li data-start=\"1452\" data-end=\"1468\">Coiffure<\/li>\n<li data-start=\"1452\" data-end=\"1468\">Argent pour les d\u00e9penses personnelles<\/li>\n<\/ul>\n<p><strong>Conditions de r\u00e9servation :<\/strong><\/p>\n<ul>\n<li>Paiement anticip\u00e9 20%.<\/li>\n<\/ul>","protected":false},"excerpt":{"rendered":"<p><strong>Temps du Tour:<\/strong> 9:00 \u2014 17:00<\/p>\n<p><strong>Jours de D\u00e9roulement:<\/strong> Tous les jours.<\/p>","protected":false},"featured_media":65519,"template":"","meta":{"_kad_post_transparent":"default","_kad_post_title":"","_kad_post_layout":"default","_kad_post_sidebar_id":"","_kad_post_content_style":"default","_kad_post_vertical_padding":"default","_kad_post_feature":"","_kad_post_feature_position":"","_kad_post_header":false,"_kad_post_footer":false,"_kad_post_classname":"","_glsr_average":0,"_glsr_ranking":0,"_glsr_reviews":0},"product_brand":[],"product_cat":[504],"product_tag":[],"class_list":{"0":"post-65489","1":"product","2":"type-product","3":"status-publish","4":"has-post-thumbnail","6":"product_cat-budva","7":"tm-has-options","9":"first","10":"instock","11":"sold-individually","12":"taxable","13":"shipping-taxable","14":"purchasable","15":"product-type-simple","16":"entry","17":"content-bg","18":"loop-entry"},"yoast_head":"<!-- This site is optimized with the Yoast SEO plugin v27.3 - https:\/\/yoast.com\/product\/yoast-seo-wordpress\/ -->\n<title>\u0418\u043d\u0434\u0438\u0432\u0438\u0434\u0443\u0430\u043b\u044c\u043d\u044b\u0439 \u0442\u0443\u0440: \u0421\u043a\u0430\u0434\u0430\u0440\u0441\u043a\u043e\u0435 \u043e\u0437\u0435\u0440\u043e \u0438 \u0436\u0435\u043c\u0447\u0443\u0436\u0438\u043d\u044b \u043f\u043e\u0431\u0435\u0440\u0435\u0436\u044c\u044f &#8226; \u042d\u043a\u0441\u043a\u0443\u0440\u0441\u0438\u0438 Skyline<\/title>\n<meta name=\"robots\" content=\"index, follow, max-snippet:-1, max-image-preview:large, max-video-preview:-1\" \/>\n<link rel=\"canonical\" href=\"https:\/\/skyline-gs.com\/fr\/produit\/skadar-lake-budva\/\" \/>\n<meta property=\"og:locale\" content=\"fr_FR\" \/>\n<meta property=\"og:type\" content=\"article\" \/>\n<meta property=\"og:title\" content=\"\u0418\u043d\u0434\u0438\u0432\u0438\u0434\u0443\u0430\u043b\u044c\u043d\u044b\u0439 \u0442\u0443\u0440: \u0421\u043a\u0430\u0434\u0430\u0440\u0441\u043a\u043e\u0435 \u043e\u0437\u0435\u0440\u043e \u0438 \u0436\u0435\u043c\u0447\u0443\u0436\u0438\u043d\u044b \u043f\u043e\u0431\u0435\u0440\u0435\u0436\u044c\u044f &#8226; \u042d\u043a\u0441\u043a\u0443\u0440\u0441\u0438\u0438 Skyline\" \/>\n<meta property=\"og:description\" content=\"\u0412\u0440\u0435\u043c\u044f \u0442\u0443\u0440\u0430: 9:00 - 17:00  \u0414\u043d\u0438 \u043f\u0440\u043e\u0432\u0435\u0434\u0435\u043d\u0438\u044f: \u041a\u0430\u0436\u0434\u044b\u0439 \u0434\u0435\u043d\u044c\" \/>\n<meta property=\"og:url\" content=\"https:\/\/skyline-gs.com\/fr\/produit\/skadar-lake-budva\/\" \/>\n<meta property=\"og:site_name\" content=\"\u042d\u043a\u0441\u043a\u0443\u0440\u0441\u0438\u0438 Skyline\" \/>\n<meta property=\"article:modified_time\" content=\"2025-09-28T23:31:13+00:00\" \/>\n<meta property=\"og:image\" content=\"https:\/\/skyline-gs.com\/wp-content\/uploads\/2025\/08\/37-1.jpg\" \/>\n\t<meta property=\"og:image:width\" content=\"669\" \/>\n\t<meta property=\"og:image:height\" content=\"446\" \/>\n\t<meta property=\"og:image:type\" content=\"image\/jpeg\" \/>\n<meta name=\"twitter:card\" content=\"summary_large_image\" \/>\n<meta name=\"twitter:label1\" content=\"Dur\u00e9e de lecture estim\u00e9e\" \/>\n\t<meta name=\"twitter:data1\" content=\"2 minutes\" \/>\n<script type=\"application\/ld+json\" class=\"yoast-schema-graph\">{\"@context\":\"https:\\\/\\\/schema.org\",\"@graph\":[{\"@type\":\"WebPage\",\"@id\":\"https:\\\/\\\/skyline-gs.com\\\/en\\\/product-2\\\/skadar-lake-budva\\\/\",\"url\":\"https:\\\/\\\/skyline-gs.com\\\/en\\\/product-2\\\/skadar-lake-budva\\\/\",\"name\":\"\u0418\u043d\u0434\u0438\u0432\u0438\u0434\u0443\u0430\u043b\u044c\u043d\u044b\u0439 \u0442\u0443\u0440: \u0421\u043a\u0430\u0434\u0430\u0440\u0441\u043a\u043e\u0435 \u043e\u0437\u0435\u0440\u043e \u0438 \u0436\u0435\u043c\u0447\u0443\u0436\u0438\u043d\u044b \u043f\u043e\u0431\u0435\u0440\u0435\u0436\u044c\u044f &#8226; \u042d\u043a\u0441\u043a\u0443\u0440\u0441\u0438\u0438 Skyline\",\"isPartOf\":{\"@id\":\"https:\\\/\\\/skyline-gs.com\\\/it\\\/#website\"},\"primaryImageOfPage\":{\"@id\":\"https:\\\/\\\/skyline-gs.com\\\/en\\\/product-2\\\/skadar-lake-budva\\\/#primaryimage\"},\"image\":{\"@id\":\"https:\\\/\\\/skyline-gs.com\\\/en\\\/product-2\\\/skadar-lake-budva\\\/#primaryimage\"},\"thumbnailUrl\":\"https:\\\/\\\/skyline-gs.com\\\/wp-content\\\/uploads\\\/2025\\\/08\\\/37-1.jpg\",\"datePublished\":\"2025-08-26T21:02:47+00:00\",\"dateModified\":\"2025-09-28T23:31:13+00:00\",\"breadcrumb\":{\"@id\":\"https:\\\/\\\/skyline-gs.com\\\/en\\\/product-2\\\/skadar-lake-budva\\\/#breadcrumb\"},\"inLanguage\":\"fr-FR\",\"potentialAction\":[{\"@type\":\"ReadAction\",\"target\":[\"https:\\\/\\\/skyline-gs.com\\\/en\\\/product-2\\\/skadar-lake-budva\\\/\"]}]},{\"@type\":\"ImageObject\",\"inLanguage\":\"fr-FR\",\"@id\":\"https:\\\/\\\/skyline-gs.com\\\/en\\\/product-2\\\/skadar-lake-budva\\\/#primaryimage\",\"url\":\"https:\\\/\\\/skyline-gs.com\\\/wp-content\\\/uploads\\\/2025\\\/08\\\/37-1.jpg\",\"contentUrl\":\"https:\\\/\\\/skyline-gs.com\\\/wp-content\\\/uploads\\\/2025\\\/08\\\/37-1.jpg\",\"width\":669,\"height\":446},{\"@type\":\"BreadcrumbList\",\"@id\":\"https:\\\/\\\/skyline-gs.com\\\/en\\\/product-2\\\/skadar-lake-budva\\\/#breadcrumb\",\"itemListElement\":[{\"@type\":\"ListItem\",\"position\":1,\"name\":\"\u0413\u043b\u0430\u0432\u043d\u0430\u044f \u0441\u0442\u0440\u0430\u043d\u0438\u0446\u0430\",\"item\":\"https:\\\/\\\/skyline-gs.com\\\/hu\\\/\"},{\"@type\":\"ListItem\",\"position\":2,\"name\":\"\u041c\u0430\u0433\u0430\u0437\u0438\u043d\",\"item\":\"https:\\\/\\\/skyline-gs.com\\\/cs\\\/shop\\\/\"},{\"@type\":\"ListItem\",\"position\":3,\"name\":\"\u0418\u043d\u0434\u0438\u0432\u0438\u0434\u0443\u0430\u043b\u044c\u043d\u044b\u0439 \u0442\u0443\u0440: \u0421\u043a\u0430\u0434\u0430\u0440\u0441\u043a\u043e\u0435 \u043e\u0437\u0435\u0440\u043e \u0438 \u0436\u0435\u043c\u0447\u0443\u0436\u0438\u043d\u044b \u043f\u043e\u0431\u0435\u0440\u0435\u0436\u044c\u044f\"}]},{\"@type\":\"WebSite\",\"@id\":\"https:\\\/\\\/skyline-gs.com\\\/it\\\/#website\",\"url\":\"https:\\\/\\\/skyline-gs.com\\\/it\\\/\",\"name\":\"\u042d\u043a\u0441\u043a\u0443\u0440\u0441\u0438\u0438 Skyline\",\"description\":\"\u042d\u043a\u0441\u043a\u043b\u044e\u0437\u0438\u0432\u043d\u044b\u0435 \u044d\u043a\u0441\u043a\u0443\u0440\u0441\u0438\u0438 \u043d\u0430 \u043b\u0443\u0447\u0448\u0438\u0445 \u043a\u0443\u0440\u043e\u0440\u0442\u0430\u0445 \u043c\u0438\u0440\u0430\",\"publisher\":{\"@id\":\"https:\\\/\\\/skyline-gs.com\\\/it\\\/#organization\"},\"alternateName\":\"Skyline\",\"potentialAction\":[{\"@type\":\"SearchAction\",\"target\":{\"@type\":\"EntryPoint\",\"urlTemplate\":\"https:\\\/\\\/skyline-gs.com\\\/it\\\/?s={search_term_string}\"},\"query-input\":{\"@type\":\"PropertyValueSpecification\",\"valueRequired\":true,\"valueName\":\"search_term_string\"}}],\"inLanguage\":\"fr-FR\"},{\"@type\":\"Organization\",\"@id\":\"https:\\\/\\\/skyline-gs.com\\\/it\\\/#organization\",\"name\":\"\u042d\u043a\u0441\u043a\u0443\u0440\u0441\u0438\u0438 Skyline\",\"alternateName\":\"\u042d\u043a\u0441\u043a\u0443\u0440\u0441\u0438\u0438 Skyline\",\"url\":\"https:\\\/\\\/skyline-gs.com\\\/it\\\/\",\"logo\":{\"@type\":\"ImageObject\",\"inLanguage\":\"fr-FR\",\"@id\":\"https:\\\/\\\/skyline-gs.com\\\/it\\\/#\\\/schema\\\/logo\\\/image\\\/\",\"url\":\"https:\\\/\\\/skyline-gs.com\\\/wp-content\\\/uploads\\\/2020\\\/12\\\/cropped-logo-2.png\",\"contentUrl\":\"https:\\\/\\\/skyline-gs.com\\\/wp-content\\\/uploads\\\/2020\\\/12\\\/cropped-logo-2.png\",\"width\":512,\"height\":512,\"caption\":\"\u042d\u043a\u0441\u043a\u0443\u0440\u0441\u0438\u0438 Skyline\"},\"image\":{\"@id\":\"https:\\\/\\\/skyline-gs.com\\\/it\\\/#\\\/schema\\\/logo\\\/image\\\/\"},\"sameAs\":[\"https:\\\/\\\/www.instagram.com\\\/skylineglobalservice\\\/\"]}]}<\/script>\n<!-- \/ Yoast SEO plugin. -->","yoast_head_json":{"title":"Circuit personnalis\u00e9 : le lac Skadar et les perles de la c\u00f4te - Skyline Excursions","robots":{"index":"index","follow":"follow","max-snippet":"max-snippet:-1","max-image-preview":"max-image-preview:large","max-video-preview":"max-video-preview:-1"},"canonical":"https:\/\/skyline-gs.com\/fr\/produit\/skadar-lake-budva\/","og_locale":"fr_FR","og_type":"article","og_title":"\u0418\u043d\u0434\u0438\u0432\u0438\u0434\u0443\u0430\u043b\u044c\u043d\u044b\u0439 \u0442\u0443\u0440: \u0421\u043a\u0430\u0434\u0430\u0440\u0441\u043a\u043e\u0435 \u043e\u0437\u0435\u0440\u043e \u0438 \u0436\u0435\u043c\u0447\u0443\u0436\u0438\u043d\u044b \u043f\u043e\u0431\u0435\u0440\u0435\u0436\u044c\u044f &#8226; \u042d\u043a\u0441\u043a\u0443\u0440\u0441\u0438\u0438 Skyline","og_description":"\u0412\u0440\u0435\u043c\u044f \u0442\u0443\u0440\u0430: 9:00 - 17:00  \u0414\u043d\u0438 \u043f\u0440\u043e\u0432\u0435\u0434\u0435\u043d\u0438\u044f: \u041a\u0430\u0436\u0434\u044b\u0439 \u0434\u0435\u043d\u044c","og_url":"https:\/\/skyline-gs.com\/fr\/produit\/skadar-lake-budva\/","og_site_name":"\u042d\u043a\u0441\u043a\u0443\u0440\u0441\u0438\u0438 Skyline","article_modified_time":"2025-09-28T23:31:13+00:00","og_image":[{"width":669,"height":446,"url":"https:\/\/skyline-gs.com\/wp-content\/uploads\/2025\/08\/37-1.jpg","type":"image\/jpeg"}],"twitter_card":"summary_large_image","twitter_misc":{"Dur\u00e9e de lecture estim\u00e9e":"2 minutes"},"schema":{"@context":"https:\/\/schema.org","@graph":[{"@type":"WebPage","@id":"https:\/\/skyline-gs.com\/en\/product-2\/skadar-lake-budva\/","url":"https:\/\/skyline-gs.com\/en\/product-2\/skadar-lake-budva\/","name":"Circuit personnalis\u00e9 : le lac Skadar et les perles de la c\u00f4te - Skyline Excursions","isPartOf":{"@id":"https:\/\/skyline-gs.com\/it\/#website"},"primaryImageOfPage":{"@id":"https:\/\/skyline-gs.com\/en\/product-2\/skadar-lake-budva\/#primaryimage"},"image":{"@id":"https:\/\/skyline-gs.com\/en\/product-2\/skadar-lake-budva\/#primaryimage"},"thumbnailUrl":"https:\/\/skyline-gs.com\/wp-content\/uploads\/2025\/08\/37-1.jpg","datePublished":"2025-08-26T21:02:47+00:00","dateModified":"2025-09-28T23:31:13+00:00","breadcrumb":{"@id":"https:\/\/skyline-gs.com\/en\/product-2\/skadar-lake-budva\/#breadcrumb"},"inLanguage":"fr-FR","potentialAction":[{"@type":"ReadAction","target":["https:\/\/skyline-gs.com\/en\/product-2\/skadar-lake-budva\/"]}]},{"@type":"ImageObject","inLanguage":"fr-FR","@id":"https:\/\/skyline-gs.com\/en\/product-2\/skadar-lake-budva\/#primaryimage","url":"https:\/\/skyline-gs.com\/wp-content\/uploads\/2025\/08\/37-1.jpg","contentUrl":"https:\/\/skyline-gs.com\/wp-content\/uploads\/2025\/08\/37-1.jpg","width":669,"height":446},{"@type":"BreadcrumbList","@id":"https:\/\/skyline-gs.com\/en\/product-2\/skadar-lake-budva\/#breadcrumb","itemListElement":[{"@type":"ListItem","position":1,"name":"\u0413\u043b\u0430\u0432\u043d\u0430\u044f \u0441\u0442\u0440\u0430\u043d\u0438\u0446\u0430","item":"https:\/\/skyline-gs.com\/hu\/"},{"@type":"ListItem","position":2,"name":"\u041c\u0430\u0433\u0430\u0437\u0438\u043d","item":"https:\/\/skyline-gs.com\/cs\/shop\/"},{"@type":"ListItem","position":3,"name":"\u0418\u043d\u0434\u0438\u0432\u0438\u0434\u0443\u0430\u043b\u044c\u043d\u044b\u0439 \u0442\u0443\u0440: \u0421\u043a\u0430\u0434\u0430\u0440\u0441\u043a\u043e\u0435 \u043e\u0437\u0435\u0440\u043e \u0438 \u0436\u0435\u043c\u0447\u0443\u0436\u0438\u043d\u044b \u043f\u043e\u0431\u0435\u0440\u0435\u0436\u044c\u044f"}]},{"@type":"WebSite","@id":"https:\/\/skyline-gs.com\/it\/#website","url":"https:\/\/skyline-gs.com\/it\/","name":"Excursions Skyline","description":"Excursions exclusives dans les meilleurs centres de vill\u00e9giature du monde","publisher":{"@id":"https:\/\/skyline-gs.com\/it\/#organization"},"alternateName":"Skyline","potentialAction":[{"@type":"SearchAction","target":{"@type":"EntryPoint","urlTemplate":"https:\/\/skyline-gs.com\/it\/?s={search_term_string}"},"query-input":{"@type":"PropertyValueSpecification","valueRequired":true,"valueName":"search_term_string"}}],"inLanguage":"fr-FR"},{"@type":"Organization","@id":"https:\/\/skyline-gs.com\/it\/#organization","name":"Excursions Skyline","alternateName":"\u042d\u043a\u0441\u043a\u0443\u0440\u0441\u0438\u0438 Skyline","url":"https:\/\/skyline-gs.com\/it\/","logo":{"@type":"ImageObject","inLanguage":"fr-FR","@id":"https:\/\/skyline-gs.com\/it\/#\/schema\/logo\/image\/","url":"https:\/\/skyline-gs.com\/wp-content\/uploads\/2020\/12\/cropped-logo-2.png","contentUrl":"https:\/\/skyline-gs.com\/wp-content\/uploads\/2020\/12\/cropped-logo-2.png","width":512,"height":512,"caption":"\u042d\u043a\u0441\u043a\u0443\u0440\u0441\u0438\u0438 Skyline"},"image":{"@id":"https:\/\/skyline-gs.com\/it\/#\/schema\/logo\/image\/"},"sameAs":["https:\/\/www.instagram.com\/skylineglobalservice\/"]}]}},"_links":{"self":[{"href":"https:\/\/skyline-gs.com\/fr\/wp-json\/wp\/v2\/product\/65489","targetHints":{"allow":["GET"]}}],"collection":[{"href":"https:\/\/skyline-gs.com\/fr\/wp-json\/wp\/v2\/product"}],"about":[{"href":"https:\/\/skyline-gs.com\/fr\/wp-json\/wp\/v2\/types\/product"}],"version-history":[{"count":0,"href":"https:\/\/skyline-gs.com\/fr\/wp-json\/wp\/v2\/product\/65489\/revisions"}],"wp:featuredmedia":[{"embeddable":true,"href":"https:\/\/skyline-gs.com\/fr\/wp-json\/wp\/v2\/media\/65519"}],"wp:attachment":[{"href":"https:\/\/skyline-gs.com\/fr\/wp-json\/wp\/v2\/media?parent=65489"}],"wp:term":[{"taxonomy":"product_brand","embeddable":true,"href":"https:\/\/skyline-gs.com\/fr\/wp-json\/wp\/v2\/product_brand?post=65489"},{"taxonomy":"product_cat","embeddable":true,"href":"https:\/\/skyline-gs.com\/fr\/wp-json\/wp\/v2\/product_cat?post=65489"},{"taxonomy":"product_tag","embeddable":true,"href":"https:\/\/skyline-gs.com\/fr\/wp-json\/wp\/v2\/product_tag?post=65489"}],"curies":[{"name":"wp","href":"https:\/\/api.w.org\/{rel}","templated":true}]}}