{"id":64708,"date":"2025-07-10T23:16:34","date_gmt":"2025-07-10T21:16:34","guid":{"rendered":"http:\/\/skyline-gs.com\/?post_type=product&#038;p=64708"},"modified":"2025-07-10T23:20:13","modified_gmt":"2025-07-10T21:20:13","slug":"mount-tahtali-antalya","status":"publish","type":"product","link":"https:\/\/skyline-gs.com\/fr\/product\/mount-tahtali-antalya\/","title":{"rendered":"Montagne Tahtaly et t\u00e9l\u00e9ph\u00e9rique"},"content":{"rendered":"<p>\u041e\u0434\u043d\u043e \u0438\u0437 \u0441\u0430\u043c\u044b\u0445 \u0437\u0440\u0435\u043b\u0438\u0449\u043d\u044b\u0445 \u043f\u0443\u0442\u0435\u0448\u0435\u0441\u0442\u0432\u0438\u0439 \u0432 \u0440\u0435\u0433\u0438\u043e\u043d\u0435: \u043f\u043e\u0434\u044a\u0451\u043c \u043f\u043e \u043e\u0434\u043d\u043e\u0439 \u0438\u0437 \u0441\u0430\u043c\u044b\u0445 \u0434\u043b\u0438\u043d\u043d\u044b\u0445 \u043a\u0430\u043d\u0430\u0442\u043d\u044b\u0445 \u0434\u043e\u0440\u043e\u0433 \u0415\u0432\u0440\u043e\u043f\u044b \u0438 \u043f\u0430\u043d\u043e\u0440\u0430\u043c\u043d\u044b\u0435 \u0432\u0438\u0434\u044b \u0441 \u0432\u0435\u0440\u0448\u0438\u043d\u044b \u0433\u043e\u0440\u044b \u0422\u0430\u0445\u0442\u0430\u043b\u044b (2365 \u043c). \u0412\u0441\u0435\u0433\u043e \u0437\u0430 10 \u043c\u0438\u043d\u0443\u0442 \u0432\u044b \u043e\u043a\u0430\u0436\u0435\u0442\u0435\u0441\u044c \u043d\u0430\u0434 \u043e\u0431\u043b\u0430\u043a\u0430\u043c\u0438 \u2014 \u043d\u0430 \u0433\u0440\u0430\u043d\u0438\u0446\u0435 \u043d\u0435\u0431\u0430 \u0438 \u0421\u0440\u0435\u0434\u0438\u0437\u0435\u043c\u043d\u043e\u0433\u043e \u043c\u043e\u0440\u044f.<\/p>\n<p data-start=\"558\" data-end=\"628\"><strong>8:00 - D\u00e9part de l'h\u00f4tel \u00e0 Antalya.<\/strong> \u0422\u0440\u0430\u043d\u0441\u0444\u0435\u0440 \u0434\u043e\u0441\u0442\u0430\u0432\u0438\u0442 \u0432\u0430\u0441 \u043a \u043f\u043e\u0434\u043d\u043e\u0436\u0438\u044e \u0433\u043e\u0440\u044b \u0422\u0430\u0445\u0442\u0430\u043b\u044b.<\/p>\n<ul>\n<li data-start=\"630\" data-end=\"788\"><strong>\u041f\u043e\u0434\u044a\u0451\u043c \u043d\u0430 \u0444\u0443\u043d\u0438\u043a\u0443\u043b\u0451\u0440\u0435<\/strong>.<\/li>\n<li data-start=\"630\" data-end=\"788\">\u0414\u043b\u0438\u043d\u0430 \u043a\u0430\u043d\u0430\u0442\u043d\u043e\u0439 \u0434\u043e\u0440\u043e\u0433\u0438 \u2014 4350 \u043c\u0435\u0442\u0440\u043e\u0432. \u0412\u0440\u0435\u043c\u044f \u043f\u043e\u0434\u044a\u0451\u043c\u0430 \u2014 \u043e\u043a\u043e\u043b\u043e 10 \u043c\u0438\u043d\u0443\u0442. \u041f\u043e \u043f\u0443\u0442\u0438 \u043e\u0442\u043a\u0440\u044b\u0432\u0430\u044e\u0442\u0441\u044f \u0437\u0430\u0445\u0432\u0430\u0442\u044b\u0432\u0430\u044e\u0449\u0438\u0435 \u0432\u0438\u0434\u044b \u043d\u0430 \u0433\u043e\u0440\u044b, \u043b\u0435\u0441\u0430 \u0438 \u043f\u043e\u0431\u0435\u0440\u0435\u0436\u044c\u0435.<\/li>\n<li data-start=\"630\" data-end=\"788\"><strong>\u041f\u0440\u0438\u0431\u044b\u0442\u0438\u0435 \u043d\u0430 \u0432\u0435\u0440\u0448\u0438\u043d\u0443 \u0433\u043e\u0440\u044b \u0422\u0430\u0445\u0442\u0430\u043b\u044b<\/strong>. <span style=\"font-family: var(--global-body-font-family);\">\u0412\u044b\u0441\u043e\u0442\u0430 \u2014 2365 \u043c\u0435\u0442\u0440\u043e\u0432 \u043d\u0430\u0434 \u0443\u0440\u043e\u0432\u043d\u0435\u043c \u043c\u043e\u0440\u044f. <strong>\u0423 \u0432\u0430\u0441 \u0431\u0443\u0434\u0435\u0442 1\u20131,5 \u0447\u0430\u0441\u0430 \u0441\u0432\u043e\u0431\u043e\u0434\u043d\u043e\u0433\u043e \u0432\u0440\u0435\u043c\u0435\u043d\u0438<\/strong> \u0434\u043b\u044f \u043f\u0440\u043e\u0433\u0443\u043b\u043a\u0438, \u0444\u043e\u0442\u043e\u0433\u0440\u0430\u0444\u0438\u0439 \u0438 \u043e\u0442\u0434\u044b\u0445\u0430 \u043d\u0430 \u0441\u043c\u043e\u0442\u0440\u043e\u0432\u044b\u0445 \u043f\u043b\u043e\u0449\u0430\u0434\u043a\u0430\u0445. \u0417\u0434\u0435\u0441\u044c \u0440\u0430\u0431\u043e\u0442\u0430\u044e\u0442 \u043a\u0430\u0444\u0435, \u0435\u0441\u0442\u044c \u0441\u0443\u0432\u0435\u043d\u0438\u0440\u043d\u044b\u0435 \u043b\u0430\u0432\u043a\u0438 \u0438 \u0442\u0435\u0440\u0440\u0430\u0441\u044b \u0441 \u0432\u0438\u0434\u043e\u043c \u043d\u0430 \u0410\u043d\u0442\u0430\u043b\u0438\u044e \u0438 \u041a\u0435\u043c\u0435\u0440.<\/span><\/li>\n<li data-start=\"630\" data-end=\"788\">\u041f\u043e\u0441\u043b\u0435 \u043f\u0440\u043e\u0433\u0443\u043b\u043a\u0438 \u2014 \u0441\u043f\u0443\u0441\u043a \u0438 \u0442\u0440\u0430\u043d\u0441\u0444\u0435\u0440 \u043e\u0431\u0440\u0430\u0442\u043d\u043e \u0432 \u043e\u0442\u0435\u043b\u044c.<\/li>\n<\/ul>\n<p data-start=\"1047\" data-end=\"1135\"><strong>15:00 \u2014 \u0412\u043e\u0437\u0432\u0440\u0430\u0449\u0435\u043d\u0438\u0435 \u0432 \u043e\u0442\u0435\u043b\u044c.<\/strong><\/p>\n<p><strong>Inclus :<\/strong><\/p>\n<ul>\n<li>Transferts depuis et vers l'h\u00f4tel<\/li>\n<li>Transferts du programme en autocar confortable et climatis\u00e9<\/li>\n<li>\u041f\u043e\u0434\u044a\u0451\u043c \u0438 \u0441\u043f\u0443\u0441\u043a \u043d\u0430 \u0444\u0443\u043d\u0438\u043a\u0443\u043b\u0451\u0440\u0435<\/li>\n<li>Assurance<\/li>\n<\/ul>\n<p><strong>Non inclus :<\/strong><\/p>\n<ul>\n<li>Boissons<\/li>\n<li>D\u00e9jeuner<\/li>\n<li>D\u00e9penses personnelles (facultatif)<\/li>\n<\/ul>\n<p><strong>Emportez-le avec vous :<\/strong><\/p>\n<ul>\n<li>L'eau<\/li>\n<li>Des pulls chauds, car il peut faire froid au sommet.<\/li>\n<li>Chaussures confortables<\/li>\n<li>Coiffure<\/li>\n<li>Lunettes de soleil<\/li>\n<\/ul>","protected":false},"excerpt":{"rendered":"<p><strong>Temps du Tour:<\/strong> 8:00 \u2014 15:00<\/p>\n<p><strong>Jours de D\u00e9roulement:<\/strong> Mardi, jeudi, dimanche<\/p>","protected":false},"featured_media":42487,"template":"","meta":{"_kad_post_transparent":"default","_kad_post_title":"","_kad_post_layout":"default","_kad_post_sidebar_id":"","_kad_post_content_style":"default","_kad_post_vertical_padding":"default","_kad_post_feature":"","_kad_post_feature_position":"","_kad_post_header":false,"_kad_post_footer":false,"_kad_post_classname":"","_glsr_average":0,"_glsr_ranking":0,"_glsr_reviews":0},"product_brand":[],"product_cat":[450],"product_tag":[],"class_list":{"0":"post-64708","1":"product","2":"type-product","3":"status-publish","4":"has-post-thumbnail","6":"product_cat-antalya","7":"tm-has-options","9":"first","10":"instock","11":"sold-individually","12":"taxable","13":"shipping-taxable","14":"purchasable","15":"product-type-simple","16":"entry","17":"content-bg","18":"loop-entry"},"yoast_head":"<!-- This site is optimized with the Yoast SEO plugin v27.3 - https:\/\/yoast.com\/product\/yoast-seo-wordpress\/ -->\n<title>\u0413\u043e\u0440\u0430 \u0422\u0430\u0445\u0442\u0430\u043b\u044b \u0438\u0437 \u0410\u043d\u0442\u0430\u043b\u0438\u0438 &#8226; \u042d\u043a\u0441\u043a\u0443\u0440\u0441\u0438\u0438 Skyline<\/title>\n<meta name=\"description\" content=\"\u041e\u0434\u043d\u043e \u0438\u0437 \u0441\u0430\u043c\u044b\u0445 \u0437\u0440\u0435\u043b\u0438\u0449\u043d\u044b\u0445 \u043f\u0443\u0442\u0435\u0448\u0435\u0441\u0442\u0432\u0438\u0439 \u0432 \u0440\u0435\u0433\u0438\u043e\u043d\u0435: \u043f\u043e\u0434\u044a\u0451\u043c \u043f\u043e \u043e\u0434\u043d\u043e\u0439 \u0438\u0437 \u0441\u0430\u043c\u044b\u0445 \u0434\u043b\u0438\u043d\u043d\u044b\u0445 \u043a\u0430\u043d\u0430\u0442\u043d\u044b\u0445 \u0434\u043e\u0440\u043e\u0433 \u0415\u0432\u0440\u043e\u043f\u044b \u0438 \u043f\u0430\u043d\u043e\u0440\u0430\u043c\u043d\u044b\u0435 \u0432\u0438\u0434\u044b \u0441 \u0432\u0435\u0440\u0448\u0438\u043d\u044b \u0433\u043e\u0440\u044b \u0422\u0430\u0445\u0442\u0430\u043b\u044b.\" \/>\n<meta name=\"robots\" content=\"index, follow, max-snippet:-1, max-image-preview:large, max-video-preview:-1\" \/>\n<link rel=\"canonical\" href=\"https:\/\/skyline-gs.com\/fr\/produit\/mount-tahtali-antalya\/\" \/>\n<meta property=\"og:locale\" content=\"fr_FR\" \/>\n<meta property=\"og:type\" content=\"article\" \/>\n<meta property=\"og:title\" content=\"\u0413\u043e\u0440\u0430 \u0422\u0430\u0445\u0442\u0430\u043b\u044b \u0438\u0437 \u0410\u043d\u0442\u0430\u043b\u0438\u0438 &#8226; \u042d\u043a\u0441\u043a\u0443\u0440\u0441\u0438\u0438 Skyline\" \/>\n<meta property=\"og:description\" content=\"\u041e\u0434\u043d\u043e \u0438\u0437 \u0441\u0430\u043c\u044b\u0445 \u0437\u0440\u0435\u043b\u0438\u0449\u043d\u044b\u0445 \u043f\u0443\u0442\u0435\u0448\u0435\u0441\u0442\u0432\u0438\u0439 \u0432 \u0440\u0435\u0433\u0438\u043e\u043d\u0435: \u043f\u043e\u0434\u044a\u0451\u043c \u043f\u043e \u043e\u0434\u043d\u043e\u0439 \u0438\u0437 \u0441\u0430\u043c\u044b\u0445 \u0434\u043b\u0438\u043d\u043d\u044b\u0445 \u043a\u0430\u043d\u0430\u0442\u043d\u044b\u0445 \u0434\u043e\u0440\u043e\u0433 \u0415\u0432\u0440\u043e\u043f\u044b \u0438 \u043f\u0430\u043d\u043e\u0440\u0430\u043c\u043d\u044b\u0435 \u0432\u0438\u0434\u044b \u0441 \u0432\u0435\u0440\u0448\u0438\u043d\u044b \u0433\u043e\u0440\u044b \u0422\u0430\u0445\u0442\u0430\u043b\u044b.\" \/>\n<meta property=\"og:url\" content=\"https:\/\/skyline-gs.com\/fr\/produit\/mount-tahtali-antalya\/\" \/>\n<meta property=\"og:site_name\" content=\"\u042d\u043a\u0441\u043a\u0443\u0440\u0441\u0438\u0438 Skyline\" \/>\n<meta property=\"article:modified_time\" content=\"2025-07-10T21:20:13+00:00\" \/>\n<meta property=\"og:image\" content=\"https:\/\/skyline-gs.com\/wp-content\/uploads\/2023\/07\/5.png\" \/>\n\t<meta property=\"og:image:width\" content=\"669\" \/>\n\t<meta property=\"og:image:height\" content=\"446\" \/>\n\t<meta property=\"og:image:type\" content=\"image\/png\" \/>\n<meta name=\"twitter:card\" content=\"summary_large_image\" \/>\n<meta name=\"twitter:label1\" content=\"Dur\u00e9e de lecture estim\u00e9e\" \/>\n\t<meta name=\"twitter:data1\" content=\"2 minutes\" \/>\n<script type=\"application\/ld+json\" class=\"yoast-schema-graph\">{\"@context\":\"https:\\\/\\\/schema.org\",\"@graph\":[{\"@type\":\"WebPage\",\"@id\":\"https:\\\/\\\/skyline-gs.com\\\/hu\\\/termek\\\/mount-tahtali-antalya\\\/\",\"url\":\"https:\\\/\\\/skyline-gs.com\\\/hu\\\/termek\\\/mount-tahtali-antalya\\\/\",\"name\":\"\u0413\u043e\u0440\u0430 \u0422\u0430\u0445\u0442\u0430\u043b\u044b \u0438\u0437 \u0410\u043d\u0442\u0430\u043b\u0438\u0438 &#8226; \u042d\u043a\u0441\u043a\u0443\u0440\u0441\u0438\u0438 Skyline\",\"isPartOf\":{\"@id\":\"https:\\\/\\\/skyline-gs.com\\\/it\\\/#website\"},\"primaryImageOfPage\":{\"@id\":\"https:\\\/\\\/skyline-gs.com\\\/hu\\\/termek\\\/mount-tahtali-antalya\\\/#primaryimage\"},\"image\":{\"@id\":\"https:\\\/\\\/skyline-gs.com\\\/hu\\\/termek\\\/mount-tahtali-antalya\\\/#primaryimage\"},\"thumbnailUrl\":\"https:\\\/\\\/skyline-gs.com\\\/wp-content\\\/uploads\\\/2023\\\/07\\\/5.png\",\"datePublished\":\"2025-07-10T21:16:34+00:00\",\"dateModified\":\"2025-07-10T21:20:13+00:00\",\"description\":\"\u041e\u0434\u043d\u043e \u0438\u0437 \u0441\u0430\u043c\u044b\u0445 \u0437\u0440\u0435\u043b\u0438\u0449\u043d\u044b\u0445 \u043f\u0443\u0442\u0435\u0448\u0435\u0441\u0442\u0432\u0438\u0439 \u0432 \u0440\u0435\u0433\u0438\u043e\u043d\u0435: \u043f\u043e\u0434\u044a\u0451\u043c \u043f\u043e \u043e\u0434\u043d\u043e\u0439 \u0438\u0437 \u0441\u0430\u043c\u044b\u0445 \u0434\u043b\u0438\u043d\u043d\u044b\u0445 \u043a\u0430\u043d\u0430\u0442\u043d\u044b\u0445 \u0434\u043e\u0440\u043e\u0433 \u0415\u0432\u0440\u043e\u043f\u044b \u0438 \u043f\u0430\u043d\u043e\u0440\u0430\u043c\u043d\u044b\u0435 \u0432\u0438\u0434\u044b \u0441 \u0432\u0435\u0440\u0448\u0438\u043d\u044b \u0433\u043e\u0440\u044b \u0422\u0430\u0445\u0442\u0430\u043b\u044b.\",\"breadcrumb\":{\"@id\":\"https:\\\/\\\/skyline-gs.com\\\/hu\\\/termek\\\/mount-tahtali-antalya\\\/#breadcrumb\"},\"inLanguage\":\"fr-FR\",\"potentialAction\":[{\"@type\":\"ReadAction\",\"target\":[\"https:\\\/\\\/skyline-gs.com\\\/hu\\\/termek\\\/mount-tahtali-antalya\\\/\"]}]},{\"@type\":\"ImageObject\",\"inLanguage\":\"fr-FR\",\"@id\":\"https:\\\/\\\/skyline-gs.com\\\/hu\\\/termek\\\/mount-tahtali-antalya\\\/#primaryimage\",\"url\":\"https:\\\/\\\/skyline-gs.com\\\/wp-content\\\/uploads\\\/2023\\\/07\\\/5.png\",\"contentUrl\":\"https:\\\/\\\/skyline-gs.com\\\/wp-content\\\/uploads\\\/2023\\\/07\\\/5.png\",\"width\":669,\"height\":446},{\"@type\":\"BreadcrumbList\",\"@id\":\"https:\\\/\\\/skyline-gs.com\\\/hu\\\/termek\\\/mount-tahtali-antalya\\\/#breadcrumb\",\"itemListElement\":[{\"@type\":\"ListItem\",\"position\":1,\"name\":\"\u0413\u043b\u0430\u0432\u043d\u0430\u044f \u0441\u0442\u0440\u0430\u043d\u0438\u0446\u0430\",\"item\":\"https:\\\/\\\/skyline-gs.com\\\/hu\\\/\"},{\"@type\":\"ListItem\",\"position\":2,\"name\":\"\u041c\u0430\u0433\u0430\u0437\u0438\u043d\",\"item\":\"https:\\\/\\\/skyline-gs.com\\\/cs\\\/shop\\\/\"},{\"@type\":\"ListItem\",\"position\":3,\"name\":\"\u0413\u043e\u0440\u0430 \u0422\u0430\u0445\u0442\u0430\u043b\u044b \u0438 \u043a\u0430\u043d\u0430\u0442\u043d\u0430\u044f \u0434\u043e\u0440\u043e\u0433\u0430\"}]},{\"@type\":\"WebSite\",\"@id\":\"https:\\\/\\\/skyline-gs.com\\\/it\\\/#website\",\"url\":\"https:\\\/\\\/skyline-gs.com\\\/it\\\/\",\"name\":\"\u042d\u043a\u0441\u043a\u0443\u0440\u0441\u0438\u0438 Skyline\",\"description\":\"\u042d\u043a\u0441\u043a\u043b\u044e\u0437\u0438\u0432\u043d\u044b\u0435 \u044d\u043a\u0441\u043a\u0443\u0440\u0441\u0438\u0438 \u043d\u0430 \u043b\u0443\u0447\u0448\u0438\u0445 \u043a\u0443\u0440\u043e\u0440\u0442\u0430\u0445 \u043c\u0438\u0440\u0430\",\"publisher\":{\"@id\":\"https:\\\/\\\/skyline-gs.com\\\/it\\\/#organization\"},\"alternateName\":\"Skyline\",\"potentialAction\":[{\"@type\":\"SearchAction\",\"target\":{\"@type\":\"EntryPoint\",\"urlTemplate\":\"https:\\\/\\\/skyline-gs.com\\\/it\\\/?s={search_term_string}\"},\"query-input\":{\"@type\":\"PropertyValueSpecification\",\"valueRequired\":true,\"valueName\":\"search_term_string\"}}],\"inLanguage\":\"fr-FR\"},{\"@type\":\"Organization\",\"@id\":\"https:\\\/\\\/skyline-gs.com\\\/it\\\/#organization\",\"name\":\"\u042d\u043a\u0441\u043a\u0443\u0440\u0441\u0438\u0438 Skyline\",\"alternateName\":\"\u042d\u043a\u0441\u043a\u0443\u0440\u0441\u0438\u0438 Skyline\",\"url\":\"https:\\\/\\\/skyline-gs.com\\\/it\\\/\",\"logo\":{\"@type\":\"ImageObject\",\"inLanguage\":\"fr-FR\",\"@id\":\"https:\\\/\\\/skyline-gs.com\\\/it\\\/#\\\/schema\\\/logo\\\/image\\\/\",\"url\":\"https:\\\/\\\/skyline-gs.com\\\/wp-content\\\/uploads\\\/2020\\\/12\\\/cropped-logo-2.png\",\"contentUrl\":\"https:\\\/\\\/skyline-gs.com\\\/wp-content\\\/uploads\\\/2020\\\/12\\\/cropped-logo-2.png\",\"width\":512,\"height\":512,\"caption\":\"\u042d\u043a\u0441\u043a\u0443\u0440\u0441\u0438\u0438 Skyline\"},\"image\":{\"@id\":\"https:\\\/\\\/skyline-gs.com\\\/it\\\/#\\\/schema\\\/logo\\\/image\\\/\"},\"sameAs\":[\"https:\\\/\\\/www.instagram.com\\\/skylineglobalservice\\\/\"]}]}<\/script>\n<!-- \/ Yoast SEO plugin. -->","yoast_head_json":{"title":"\u0413\u043e\u0440\u0430 \u0422\u0430\u0445\u0442\u0430\u043b\u044b \u0438\u0437 \u0410\u043d\u0442\u0430\u043b\u0438\u0438 &#8226; \u042d\u043a\u0441\u043a\u0443\u0440\u0441\u0438\u0438 Skyline","description":"\u041e\u0434\u043d\u043e \u0438\u0437 \u0441\u0430\u043c\u044b\u0445 \u0437\u0440\u0435\u043b\u0438\u0449\u043d\u044b\u0445 \u043f\u0443\u0442\u0435\u0448\u0435\u0441\u0442\u0432\u0438\u0439 \u0432 \u0440\u0435\u0433\u0438\u043e\u043d\u0435: \u043f\u043e\u0434\u044a\u0451\u043c \u043f\u043e \u043e\u0434\u043d\u043e\u0439 \u0438\u0437 \u0441\u0430\u043c\u044b\u0445 \u0434\u043b\u0438\u043d\u043d\u044b\u0445 \u043a\u0430\u043d\u0430\u0442\u043d\u044b\u0445 \u0434\u043e\u0440\u043e\u0433 \u0415\u0432\u0440\u043e\u043f\u044b \u0438 \u043f\u0430\u043d\u043e\u0440\u0430\u043c\u043d\u044b\u0435 \u0432\u0438\u0434\u044b \u0441 \u0432\u0435\u0440\u0448\u0438\u043d\u044b \u0433\u043e\u0440\u044b \u0422\u0430\u0445\u0442\u0430\u043b\u044b.","robots":{"index":"index","follow":"follow","max-snippet":"max-snippet:-1","max-image-preview":"max-image-preview:large","max-video-preview":"max-video-preview:-1"},"canonical":"https:\/\/skyline-gs.com\/fr\/produit\/mount-tahtali-antalya\/","og_locale":"fr_FR","og_type":"article","og_title":"\u0413\u043e\u0440\u0430 \u0422\u0430\u0445\u0442\u0430\u043b\u044b \u0438\u0437 \u0410\u043d\u0442\u0430\u043b\u0438\u0438 &#8226; \u042d\u043a\u0441\u043a\u0443\u0440\u0441\u0438\u0438 Skyline","og_description":"\u041e\u0434\u043d\u043e \u0438\u0437 \u0441\u0430\u043c\u044b\u0445 \u0437\u0440\u0435\u043b\u0438\u0449\u043d\u044b\u0445 \u043f\u0443\u0442\u0435\u0448\u0435\u0441\u0442\u0432\u0438\u0439 \u0432 \u0440\u0435\u0433\u0438\u043e\u043d\u0435: \u043f\u043e\u0434\u044a\u0451\u043c \u043f\u043e \u043e\u0434\u043d\u043e\u0439 \u0438\u0437 \u0441\u0430\u043c\u044b\u0445 \u0434\u043b\u0438\u043d\u043d\u044b\u0445 \u043a\u0430\u043d\u0430\u0442\u043d\u044b\u0445 \u0434\u043e\u0440\u043e\u0433 \u0415\u0432\u0440\u043e\u043f\u044b \u0438 \u043f\u0430\u043d\u043e\u0440\u0430\u043c\u043d\u044b\u0435 \u0432\u0438\u0434\u044b \u0441 \u0432\u0435\u0440\u0448\u0438\u043d\u044b \u0433\u043e\u0440\u044b \u0422\u0430\u0445\u0442\u0430\u043b\u044b.","og_url":"https:\/\/skyline-gs.com\/fr\/produit\/mount-tahtali-antalya\/","og_site_name":"\u042d\u043a\u0441\u043a\u0443\u0440\u0441\u0438\u0438 Skyline","article_modified_time":"2025-07-10T21:20:13+00:00","og_image":[{"width":669,"height":446,"url":"https:\/\/skyline-gs.com\/wp-content\/uploads\/2023\/07\/5.png","type":"image\/png"}],"twitter_card":"summary_large_image","twitter_misc":{"Dur\u00e9e de lecture estim\u00e9e":"2 minutes"},"schema":{"@context":"https:\/\/schema.org","@graph":[{"@type":"WebPage","@id":"https:\/\/skyline-gs.com\/hu\/termek\/mount-tahtali-antalya\/","url":"https:\/\/skyline-gs.com\/hu\/termek\/mount-tahtali-antalya\/","name":"\u0413\u043e\u0440\u0430 \u0422\u0430\u0445\u0442\u0430\u043b\u044b \u0438\u0437 \u0410\u043d\u0442\u0430\u043b\u0438\u0438 &#8226; \u042d\u043a\u0441\u043a\u0443\u0440\u0441\u0438\u0438 Skyline","isPartOf":{"@id":"https:\/\/skyline-gs.com\/it\/#website"},"primaryImageOfPage":{"@id":"https:\/\/skyline-gs.com\/hu\/termek\/mount-tahtali-antalya\/#primaryimage"},"image":{"@id":"https:\/\/skyline-gs.com\/hu\/termek\/mount-tahtali-antalya\/#primaryimage"},"thumbnailUrl":"https:\/\/skyline-gs.com\/wp-content\/uploads\/2023\/07\/5.png","datePublished":"2025-07-10T21:16:34+00:00","dateModified":"2025-07-10T21:20:13+00:00","description":"\u041e\u0434\u043d\u043e \u0438\u0437 \u0441\u0430\u043c\u044b\u0445 \u0437\u0440\u0435\u043b\u0438\u0449\u043d\u044b\u0445 \u043f\u0443\u0442\u0435\u0448\u0435\u0441\u0442\u0432\u0438\u0439 \u0432 \u0440\u0435\u0433\u0438\u043e\u043d\u0435: \u043f\u043e\u0434\u044a\u0451\u043c \u043f\u043e \u043e\u0434\u043d\u043e\u0439 \u0438\u0437 \u0441\u0430\u043c\u044b\u0445 \u0434\u043b\u0438\u043d\u043d\u044b\u0445 \u043a\u0430\u043d\u0430\u0442\u043d\u044b\u0445 \u0434\u043e\u0440\u043e\u0433 \u0415\u0432\u0440\u043e\u043f\u044b \u0438 \u043f\u0430\u043d\u043e\u0440\u0430\u043c\u043d\u044b\u0435 \u0432\u0438\u0434\u044b \u0441 \u0432\u0435\u0440\u0448\u0438\u043d\u044b \u0433\u043e\u0440\u044b \u0422\u0430\u0445\u0442\u0430\u043b\u044b.","breadcrumb":{"@id":"https:\/\/skyline-gs.com\/hu\/termek\/mount-tahtali-antalya\/#breadcrumb"},"inLanguage":"fr-FR","potentialAction":[{"@type":"ReadAction","target":["https:\/\/skyline-gs.com\/hu\/termek\/mount-tahtali-antalya\/"]}]},{"@type":"ImageObject","inLanguage":"fr-FR","@id":"https:\/\/skyline-gs.com\/hu\/termek\/mount-tahtali-antalya\/#primaryimage","url":"https:\/\/skyline-gs.com\/wp-content\/uploads\/2023\/07\/5.png","contentUrl":"https:\/\/skyline-gs.com\/wp-content\/uploads\/2023\/07\/5.png","width":669,"height":446},{"@type":"BreadcrumbList","@id":"https:\/\/skyline-gs.com\/hu\/termek\/mount-tahtali-antalya\/#breadcrumb","itemListElement":[{"@type":"ListItem","position":1,"name":"\u0413\u043b\u0430\u0432\u043d\u0430\u044f \u0441\u0442\u0440\u0430\u043d\u0438\u0446\u0430","item":"https:\/\/skyline-gs.com\/hu\/"},{"@type":"ListItem","position":2,"name":"\u041c\u0430\u0433\u0430\u0437\u0438\u043d","item":"https:\/\/skyline-gs.com\/cs\/shop\/"},{"@type":"ListItem","position":3,"name":"\u0413\u043e\u0440\u0430 \u0422\u0430\u0445\u0442\u0430\u043b\u044b \u0438 \u043a\u0430\u043d\u0430\u0442\u043d\u0430\u044f \u0434\u043e\u0440\u043e\u0433\u0430"}]},{"@type":"WebSite","@id":"https:\/\/skyline-gs.com\/it\/#website","url":"https:\/\/skyline-gs.com\/it\/","name":"Excursions Skyline","description":"Excursions exclusives dans les meilleurs centres de vill\u00e9giature du monde","publisher":{"@id":"https:\/\/skyline-gs.com\/it\/#organization"},"alternateName":"Skyline","potentialAction":[{"@type":"SearchAction","target":{"@type":"EntryPoint","urlTemplate":"https:\/\/skyline-gs.com\/it\/?s={search_term_string}"},"query-input":{"@type":"PropertyValueSpecification","valueRequired":true,"valueName":"search_term_string"}}],"inLanguage":"fr-FR"},{"@type":"Organization","@id":"https:\/\/skyline-gs.com\/it\/#organization","name":"Excursions Skyline","alternateName":"\u042d\u043a\u0441\u043a\u0443\u0440\u0441\u0438\u0438 Skyline","url":"https:\/\/skyline-gs.com\/it\/","logo":{"@type":"ImageObject","inLanguage":"fr-FR","@id":"https:\/\/skyline-gs.com\/it\/#\/schema\/logo\/image\/","url":"https:\/\/skyline-gs.com\/wp-content\/uploads\/2020\/12\/cropped-logo-2.png","contentUrl":"https:\/\/skyline-gs.com\/wp-content\/uploads\/2020\/12\/cropped-logo-2.png","width":512,"height":512,"caption":"\u042d\u043a\u0441\u043a\u0443\u0440\u0441\u0438\u0438 Skyline"},"image":{"@id":"https:\/\/skyline-gs.com\/it\/#\/schema\/logo\/image\/"},"sameAs":["https:\/\/www.instagram.com\/skylineglobalservice\/"]}]}},"_links":{"self":[{"href":"https:\/\/skyline-gs.com\/fr\/wp-json\/wp\/v2\/product\/64708","targetHints":{"allow":["GET"]}}],"collection":[{"href":"https:\/\/skyline-gs.com\/fr\/wp-json\/wp\/v2\/product"}],"about":[{"href":"https:\/\/skyline-gs.com\/fr\/wp-json\/wp\/v2\/types\/product"}],"version-history":[{"count":0,"href":"https:\/\/skyline-gs.com\/fr\/wp-json\/wp\/v2\/product\/64708\/revisions"}],"wp:featuredmedia":[{"embeddable":true,"href":"https:\/\/skyline-gs.com\/fr\/wp-json\/wp\/v2\/media\/42487"}],"wp:attachment":[{"href":"https:\/\/skyline-gs.com\/fr\/wp-json\/wp\/v2\/media?parent=64708"}],"wp:term":[{"taxonomy":"product_brand","embeddable":true,"href":"https:\/\/skyline-gs.com\/fr\/wp-json\/wp\/v2\/product_brand?post=64708"},{"taxonomy":"product_cat","embeddable":true,"href":"https:\/\/skyline-gs.com\/fr\/wp-json\/wp\/v2\/product_cat?post=64708"},{"taxonomy":"product_tag","embeddable":true,"href":"https:\/\/skyline-gs.com\/fr\/wp-json\/wp\/v2\/product_tag?post=64708"}],"curies":[{"name":"wp","href":"https:\/\/api.w.org\/{rel}","templated":true}]}}