{"id":64475,"date":"2025-06-20T01:38:43","date_gmt":"2025-06-19T23:38:43","guid":{"rendered":"http:\/\/skyline-gs.com\/?post_type=product&#038;p=64475"},"modified":"2025-10-21T21:29:25","modified_gmt":"2025-10-21T19:29:25","slug":"w-iceland-hurghada","status":"publish","type":"product","link":"https:\/\/skyline-gs.com\/fr\/product\/w-iceland-hurghada\/","title":{"rendered":"\u00cele blanche et soir\u00e9e \u00e0 Hurghada"},"content":{"rendered":"<p>Une courte excursion en bateau jusqu'\u00e0 la pittoresque \u00eele White est un excellent moyen de combiner d\u00e9tente, baignade et coucher de soleil sur la mer Rouge.<\/p>\n<p><strong>15:00 - D\u00e9part de l'h\u00f4tel<\/strong>.<\/p>\n<ul>\n<li>Arriv\u00e9e \u00e0 Marina Quay et embarquement \u00e0 bord d'un bateau \u00e0 fond transparent<\/li>\n<li>Excursion en bateau sur l'\u00eele Blanche<\/li>\n<li>Environ 1 heure sur l'\u00eele<\/li>\n<li>Retour au port au coucher du soleil<\/li>\n<\/ul>\n<p><strong>19:30 - Retour \u00e0 l'h\u00f4tel.<\/strong><\/p>\n<p><strong>Lieu de d\u00e9part :<\/strong><\/p>\n<ul>\n<li>Rendez-vous \u00e0 l'entr\u00e9e principale de votre h\u00f4tel \u00e0 Hurghada (pr\u00e8s de la barri\u00e8re).<\/li>\n<\/ul>\n<p><strong>Inclus :<\/strong><\/p>\n<ul>\n<li>Transferts depuis et vers l'h\u00f4tel<\/li>\n<li>Services de guide<\/li>\n<li>Excursion en bateau<\/li>\n<li>Visite de l'\u00eele blanche<\/li>\n<\/ul>\n<p><strong>Non inclus :<\/strong><\/p>\n<ul>\n<li>Photo-vid\u00e9o (facultatif)<\/li>\n<li>Transferts facultatifs depuis les h\u00f4tels situ\u00e9s en dehors de la ville :\u00a0<strong>El Gouna, Sahl Hasheesh et Makadi<\/strong>\u00a0surtaxe\u00a0<strong>+$10 pour la voiture<\/strong>\u00a0jusqu'\u00e0 6 personnes.\u00a0<strong>Soma Bay et Safaga<\/strong>\u00a0surtaxe\u00a0<strong>+$20 pour la voiture<\/strong>\u00a0jusqu'\u00e0 6 personnes.<\/li>\n<\/ul>\n<p><strong>Emportez-le avec vous :<\/strong><\/p>\n<ul>\n<li>L'eau<\/li>\n<li>Maillot de bain, serviette<\/li>\n<li>Lunettes de soleil<\/li>\n<li>Coiffure<\/li>\n<\/ul>","protected":false},"excerpt":{"rendered":"<p><strong>Temps du Tour:<\/strong>\u00a015:00 - 19:30<\/p>\n<p><strong>Jours de D\u00e9roulement:<\/strong>\u00a0Mardi, samedi<\/p>","protected":false},"featured_media":64477,"template":"","meta":{"_kad_post_transparent":"default","_kad_post_title":"","_kad_post_layout":"default","_kad_post_sidebar_id":"","_kad_post_content_style":"default","_kad_post_vertical_padding":"default","_kad_post_feature":"","_kad_post_feature_position":"","_kad_post_header":false,"_kad_post_footer":false,"_kad_post_classname":"","_glsr_average":0,"_glsr_ranking":0,"_glsr_reviews":0},"product_brand":[],"product_cat":[479],"product_tag":[],"class_list":{"0":"post-64475","1":"product","2":"type-product","3":"status-publish","4":"has-post-thumbnail","6":"product_cat-hurghadatours","7":"tm-has-options","9":"first","10":"instock","11":"sold-individually","12":"taxable","13":"shipping-taxable","14":"purchasable","15":"product-type-simple","16":"entry","17":"content-bg","18":"loop-entry"},"yoast_head":"<!-- This site is optimized with the Yoast SEO plugin v27.3 - https:\/\/yoast.com\/product\/yoast-seo-wordpress\/ -->\n<title>\u0411\u0435\u043b\u044b\u0439 \u043e\u0441\u0442\u0440\u043e\u0432 \u0438 \u0432\u0435\u0447\u0435\u0440\u043d\u044f\u044f \u0425\u0443\u0440\u0433\u0430\u0434\u0430 &#8226; \u042d\u043a\u0441\u043a\u0443\u0440\u0441\u0438\u0438 Skyline<\/title>\n<meta name=\"description\" content=\"\u041a\u043e\u0440\u043e\u0442\u043a\u0430\u044f \u043c\u043e\u0440\u0441\u043a\u0430\u044f \u043f\u0440\u043e\u0433\u0443\u043b\u043a\u0430 \u043a \u0436\u0438\u0432\u043e\u043f\u0438\u0441\u043d\u043e\u043c\u0443 \u0411\u0435\u043b\u043e\u043c\u0443 \u043e\u0441\u0442\u0440\u043e\u0432\u0443 \u2014 \u043e\u0442\u043b\u0438\u0447\u043d\u0430\u044f \u0432\u043e\u0437\u043c\u043e\u0436\u043d\u043e\u0441\u0442\u044c \u0441\u043e\u0432\u043c\u0435\u0441\u0442\u0438\u0442\u044c \u043e\u0442\u0434\u044b\u0445, \u043a\u0443\u043f\u0430\u043d\u0438\u0435 \u0438 \u0437\u0430\u043a\u0430\u0442 \u043d\u0430\u0434 \u041a\u0440\u0430\u0441\u043d\u044b\u043c \u043c\u043e\u0440\u0435\u043c.\" \/>\n<meta name=\"robots\" content=\"index, follow, max-snippet:-1, max-image-preview:large, max-video-preview:-1\" \/>\n<link rel=\"canonical\" href=\"https:\/\/skyline-gs.com\/fr\/produit\/w-iceland-hurghada\/\" \/>\n<meta property=\"og:locale\" content=\"fr_FR\" \/>\n<meta property=\"og:type\" content=\"article\" \/>\n<meta property=\"og:title\" content=\"\u0411\u0435\u043b\u044b\u0439 \u043e\u0441\u0442\u0440\u043e\u0432 \u0438 \u0432\u0435\u0447\u0435\u0440\u043d\u044f\u044f \u0425\u0443\u0440\u0433\u0430\u0434\u0430 &#8226; \u042d\u043a\u0441\u043a\u0443\u0440\u0441\u0438\u0438 Skyline\" \/>\n<meta property=\"og:description\" content=\"\u041a\u043e\u0440\u043e\u0442\u043a\u0430\u044f \u043c\u043e\u0440\u0441\u043a\u0430\u044f \u043f\u0440\u043e\u0433\u0443\u043b\u043a\u0430 \u043a \u0436\u0438\u0432\u043e\u043f\u0438\u0441\u043d\u043e\u043c\u0443 \u0411\u0435\u043b\u043e\u043c\u0443 \u043e\u0441\u0442\u0440\u043e\u0432\u0443 \u2014 \u043e\u0442\u043b\u0438\u0447\u043d\u0430\u044f \u0432\u043e\u0437\u043c\u043e\u0436\u043d\u043e\u0441\u0442\u044c \u0441\u043e\u0432\u043c\u0435\u0441\u0442\u0438\u0442\u044c \u043e\u0442\u0434\u044b\u0445, \u043a\u0443\u043f\u0430\u043d\u0438\u0435 \u0438 \u0437\u0430\u043a\u0430\u0442 \u043d\u0430\u0434 \u041a\u0440\u0430\u0441\u043d\u044b\u043c \u043c\u043e\u0440\u0435\u043c.\" \/>\n<meta property=\"og:url\" content=\"https:\/\/skyline-gs.com\/fr\/produit\/w-iceland-hurghada\/\" \/>\n<meta property=\"og:site_name\" content=\"\u042d\u043a\u0441\u043a\u0443\u0440\u0441\u0438\u0438 Skyline\" \/>\n<meta property=\"article:modified_time\" content=\"2025-10-21T19:29:25+00:00\" \/>\n<meta property=\"og:image\" content=\"https:\/\/skyline-gs.com\/wp-content\/uploads\/2025\/06\/\u0411\u0435\u043b\u044b\u0439-\u043e\u0441\u0442\u0440\u043e\u0432-\u0438-\u0432\u0435\u0447\u0435\u0440\u043d\u044f\u044f-\u0425\u0443\u0440\u0433\u0430\u0434\u0430-1.jpg\" \/>\n\t<meta property=\"og:image:width\" content=\"669\" \/>\n\t<meta property=\"og:image:height\" content=\"446\" \/>\n\t<meta property=\"og:image:type\" content=\"image\/jpeg\" \/>\n<meta name=\"twitter:card\" content=\"summary_large_image\" \/>\n<meta name=\"twitter:label1\" content=\"Dur\u00e9e de lecture estim\u00e9e\" \/>\n\t<meta name=\"twitter:data1\" content=\"1 minute\" \/>\n<script type=\"application\/ld+json\" class=\"yoast-schema-graph\">{\"@context\":\"https:\\\/\\\/schema.org\",\"@graph\":[{\"@type\":\"WebPage\",\"@id\":\"https:\\\/\\\/skyline-gs.com\\\/en\\\/product-2\\\/w-iceland-hurghada\\\/\",\"url\":\"https:\\\/\\\/skyline-gs.com\\\/en\\\/product-2\\\/w-iceland-hurghada\\\/\",\"name\":\"\u0411\u0435\u043b\u044b\u0439 \u043e\u0441\u0442\u0440\u043e\u0432 \u0438 \u0432\u0435\u0447\u0435\u0440\u043d\u044f\u044f \u0425\u0443\u0440\u0433\u0430\u0434\u0430 &#8226; \u042d\u043a\u0441\u043a\u0443\u0440\u0441\u0438\u0438 Skyline\",\"isPartOf\":{\"@id\":\"https:\\\/\\\/skyline-gs.com\\\/it\\\/#website\"},\"primaryImageOfPage\":{\"@id\":\"https:\\\/\\\/skyline-gs.com\\\/en\\\/product-2\\\/w-iceland-hurghada\\\/#primaryimage\"},\"image\":{\"@id\":\"https:\\\/\\\/skyline-gs.com\\\/en\\\/product-2\\\/w-iceland-hurghada\\\/#primaryimage\"},\"thumbnailUrl\":\"https:\\\/\\\/skyline-gs.com\\\/wp-content\\\/uploads\\\/2025\\\/06\\\/\u0411\u0435\u043b\u044b\u0439-\u043e\u0441\u0442\u0440\u043e\u0432-\u0438-\u0432\u0435\u0447\u0435\u0440\u043d\u044f\u044f-\u0425\u0443\u0440\u0433\u0430\u0434\u0430-1.jpg\",\"datePublished\":\"2025-06-19T23:38:43+00:00\",\"dateModified\":\"2025-10-21T19:29:25+00:00\",\"description\":\"\u041a\u043e\u0440\u043e\u0442\u043a\u0430\u044f \u043c\u043e\u0440\u0441\u043a\u0430\u044f \u043f\u0440\u043e\u0433\u0443\u043b\u043a\u0430 \u043a \u0436\u0438\u0432\u043e\u043f\u0438\u0441\u043d\u043e\u043c\u0443 \u0411\u0435\u043b\u043e\u043c\u0443 \u043e\u0441\u0442\u0440\u043e\u0432\u0443 \u2014 \u043e\u0442\u043b\u0438\u0447\u043d\u0430\u044f \u0432\u043e\u0437\u043c\u043e\u0436\u043d\u043e\u0441\u0442\u044c \u0441\u043e\u0432\u043c\u0435\u0441\u0442\u0438\u0442\u044c \u043e\u0442\u0434\u044b\u0445, \u043a\u0443\u043f\u0430\u043d\u0438\u0435 \u0438 \u0437\u0430\u043a\u0430\u0442 \u043d\u0430\u0434 \u041a\u0440\u0430\u0441\u043d\u044b\u043c \u043c\u043e\u0440\u0435\u043c.\",\"breadcrumb\":{\"@id\":\"https:\\\/\\\/skyline-gs.com\\\/en\\\/product-2\\\/w-iceland-hurghada\\\/#breadcrumb\"},\"inLanguage\":\"fr-FR\",\"potentialAction\":[{\"@type\":\"ReadAction\",\"target\":[\"https:\\\/\\\/skyline-gs.com\\\/en\\\/product-2\\\/w-iceland-hurghada\\\/\"]}]},{\"@type\":\"ImageObject\",\"inLanguage\":\"fr-FR\",\"@id\":\"https:\\\/\\\/skyline-gs.com\\\/en\\\/product-2\\\/w-iceland-hurghada\\\/#primaryimage\",\"url\":\"https:\\\/\\\/skyline-gs.com\\\/wp-content\\\/uploads\\\/2025\\\/06\\\/\u0411\u0435\u043b\u044b\u0439-\u043e\u0441\u0442\u0440\u043e\u0432-\u0438-\u0432\u0435\u0447\u0435\u0440\u043d\u044f\u044f-\u0425\u0443\u0440\u0433\u0430\u0434\u0430-1.jpg\",\"contentUrl\":\"https:\\\/\\\/skyline-gs.com\\\/wp-content\\\/uploads\\\/2025\\\/06\\\/\u0411\u0435\u043b\u044b\u0439-\u043e\u0441\u0442\u0440\u043e\u0432-\u0438-\u0432\u0435\u0447\u0435\u0440\u043d\u044f\u044f-\u0425\u0443\u0440\u0433\u0430\u0434\u0430-1.jpg\",\"width\":669,\"height\":446},{\"@type\":\"BreadcrumbList\",\"@id\":\"https:\\\/\\\/skyline-gs.com\\\/en\\\/product-2\\\/w-iceland-hurghada\\\/#breadcrumb\",\"itemListElement\":[{\"@type\":\"ListItem\",\"position\":1,\"name\":\"\u0413\u043b\u0430\u0432\u043d\u0430\u044f \u0441\u0442\u0440\u0430\u043d\u0438\u0446\u0430\",\"item\":\"https:\\\/\\\/skyline-gs.com\\\/hu\\\/\"},{\"@type\":\"ListItem\",\"position\":2,\"name\":\"\u041c\u0430\u0433\u0430\u0437\u0438\u043d\",\"item\":\"https:\\\/\\\/skyline-gs.com\\\/cs\\\/shop\\\/\"},{\"@type\":\"ListItem\",\"position\":3,\"name\":\"\u0411\u0435\u043b\u044b\u0439 \u043e\u0441\u0442\u0440\u043e\u0432 \u0438 \u0432\u0435\u0447\u0435\u0440\u043d\u044f\u044f \u0425\u0443\u0440\u0433\u0430\u0434\u0430\"}]},{\"@type\":\"WebSite\",\"@id\":\"https:\\\/\\\/skyline-gs.com\\\/it\\\/#website\",\"url\":\"https:\\\/\\\/skyline-gs.com\\\/it\\\/\",\"name\":\"\u042d\u043a\u0441\u043a\u0443\u0440\u0441\u0438\u0438 Skyline\",\"description\":\"\u042d\u043a\u0441\u043a\u043b\u044e\u0437\u0438\u0432\u043d\u044b\u0435 \u044d\u043a\u0441\u043a\u0443\u0440\u0441\u0438\u0438 \u043d\u0430 \u043b\u0443\u0447\u0448\u0438\u0445 \u043a\u0443\u0440\u043e\u0440\u0442\u0430\u0445 \u043c\u0438\u0440\u0430\",\"publisher\":{\"@id\":\"https:\\\/\\\/skyline-gs.com\\\/it\\\/#organization\"},\"alternateName\":\"Skyline\",\"potentialAction\":[{\"@type\":\"SearchAction\",\"target\":{\"@type\":\"EntryPoint\",\"urlTemplate\":\"https:\\\/\\\/skyline-gs.com\\\/it\\\/?s={search_term_string}\"},\"query-input\":{\"@type\":\"PropertyValueSpecification\",\"valueRequired\":true,\"valueName\":\"search_term_string\"}}],\"inLanguage\":\"fr-FR\"},{\"@type\":\"Organization\",\"@id\":\"https:\\\/\\\/skyline-gs.com\\\/it\\\/#organization\",\"name\":\"\u042d\u043a\u0441\u043a\u0443\u0440\u0441\u0438\u0438 Skyline\",\"alternateName\":\"\u042d\u043a\u0441\u043a\u0443\u0440\u0441\u0438\u0438 Skyline\",\"url\":\"https:\\\/\\\/skyline-gs.com\\\/it\\\/\",\"logo\":{\"@type\":\"ImageObject\",\"inLanguage\":\"fr-FR\",\"@id\":\"https:\\\/\\\/skyline-gs.com\\\/it\\\/#\\\/schema\\\/logo\\\/image\\\/\",\"url\":\"https:\\\/\\\/skyline-gs.com\\\/wp-content\\\/uploads\\\/2020\\\/12\\\/cropped-logo-2.png\",\"contentUrl\":\"https:\\\/\\\/skyline-gs.com\\\/wp-content\\\/uploads\\\/2020\\\/12\\\/cropped-logo-2.png\",\"width\":512,\"height\":512,\"caption\":\"\u042d\u043a\u0441\u043a\u0443\u0440\u0441\u0438\u0438 Skyline\"},\"image\":{\"@id\":\"https:\\\/\\\/skyline-gs.com\\\/it\\\/#\\\/schema\\\/logo\\\/image\\\/\"},\"sameAs\":[\"https:\\\/\\\/www.instagram.com\\\/skylineglobalservice\\\/\"]}]}<\/script>\n<!-- \/ Yoast SEO plugin. -->","yoast_head_json":{"title":"\u00cele blanche et soir\u00e9e \u00e0 Hurghada - Skyline Excursions","description":"Une courte excursion en bateau jusqu'\u00e0 la pittoresque \u00eele White est un excellent moyen de combiner d\u00e9tente, baignade et coucher de soleil sur la mer Rouge.","robots":{"index":"index","follow":"follow","max-snippet":"max-snippet:-1","max-image-preview":"max-image-preview:large","max-video-preview":"max-video-preview:-1"},"canonical":"https:\/\/skyline-gs.com\/fr\/produit\/w-iceland-hurghada\/","og_locale":"fr_FR","og_type":"article","og_title":"\u0411\u0435\u043b\u044b\u0439 \u043e\u0441\u0442\u0440\u043e\u0432 \u0438 \u0432\u0435\u0447\u0435\u0440\u043d\u044f\u044f \u0425\u0443\u0440\u0433\u0430\u0434\u0430 &#8226; \u042d\u043a\u0441\u043a\u0443\u0440\u0441\u0438\u0438 Skyline","og_description":"\u041a\u043e\u0440\u043e\u0442\u043a\u0430\u044f \u043c\u043e\u0440\u0441\u043a\u0430\u044f \u043f\u0440\u043e\u0433\u0443\u043b\u043a\u0430 \u043a \u0436\u0438\u0432\u043e\u043f\u0438\u0441\u043d\u043e\u043c\u0443 \u0411\u0435\u043b\u043e\u043c\u0443 \u043e\u0441\u0442\u0440\u043e\u0432\u0443 \u2014 \u043e\u0442\u043b\u0438\u0447\u043d\u0430\u044f \u0432\u043e\u0437\u043c\u043e\u0436\u043d\u043e\u0441\u0442\u044c \u0441\u043e\u0432\u043c\u0435\u0441\u0442\u0438\u0442\u044c \u043e\u0442\u0434\u044b\u0445, \u043a\u0443\u043f\u0430\u043d\u0438\u0435 \u0438 \u0437\u0430\u043a\u0430\u0442 \u043d\u0430\u0434 \u041a\u0440\u0430\u0441\u043d\u044b\u043c \u043c\u043e\u0440\u0435\u043c.","og_url":"https:\/\/skyline-gs.com\/fr\/produit\/w-iceland-hurghada\/","og_site_name":"\u042d\u043a\u0441\u043a\u0443\u0440\u0441\u0438\u0438 Skyline","article_modified_time":"2025-10-21T19:29:25+00:00","og_image":[{"width":669,"height":446,"url":"https:\/\/skyline-gs.com\/wp-content\/uploads\/2025\/06\/\u0411\u0435\u043b\u044b\u0439-\u043e\u0441\u0442\u0440\u043e\u0432-\u0438-\u0432\u0435\u0447\u0435\u0440\u043d\u044f\u044f-\u0425\u0443\u0440\u0433\u0430\u0434\u0430-1.jpg","type":"image\/jpeg"}],"twitter_card":"summary_large_image","twitter_misc":{"Dur\u00e9e de lecture estim\u00e9e":"1 minute"},"schema":{"@context":"https:\/\/schema.org","@graph":[{"@type":"WebPage","@id":"https:\/\/skyline-gs.com\/en\/product-2\/w-iceland-hurghada\/","url":"https:\/\/skyline-gs.com\/en\/product-2\/w-iceland-hurghada\/","name":"\u00cele blanche et soir\u00e9e \u00e0 Hurghada - Skyline Excursions","isPartOf":{"@id":"https:\/\/skyline-gs.com\/it\/#website"},"primaryImageOfPage":{"@id":"https:\/\/skyline-gs.com\/en\/product-2\/w-iceland-hurghada\/#primaryimage"},"image":{"@id":"https:\/\/skyline-gs.com\/en\/product-2\/w-iceland-hurghada\/#primaryimage"},"thumbnailUrl":"https:\/\/skyline-gs.com\/wp-content\/uploads\/2025\/06\/\u0411\u0435\u043b\u044b\u0439-\u043e\u0441\u0442\u0440\u043e\u0432-\u0438-\u0432\u0435\u0447\u0435\u0440\u043d\u044f\u044f-\u0425\u0443\u0440\u0433\u0430\u0434\u0430-1.jpg","datePublished":"2025-06-19T23:38:43+00:00","dateModified":"2025-10-21T19:29:25+00:00","description":"Une courte excursion en bateau jusqu'\u00e0 la pittoresque \u00eele White est un excellent moyen de combiner d\u00e9tente, baignade et coucher de soleil sur la mer Rouge.","breadcrumb":{"@id":"https:\/\/skyline-gs.com\/en\/product-2\/w-iceland-hurghada\/#breadcrumb"},"inLanguage":"fr-FR","potentialAction":[{"@type":"ReadAction","target":["https:\/\/skyline-gs.com\/en\/product-2\/w-iceland-hurghada\/"]}]},{"@type":"ImageObject","inLanguage":"fr-FR","@id":"https:\/\/skyline-gs.com\/en\/product-2\/w-iceland-hurghada\/#primaryimage","url":"https:\/\/skyline-gs.com\/wp-content\/uploads\/2025\/06\/\u0411\u0435\u043b\u044b\u0439-\u043e\u0441\u0442\u0440\u043e\u0432-\u0438-\u0432\u0435\u0447\u0435\u0440\u043d\u044f\u044f-\u0425\u0443\u0440\u0433\u0430\u0434\u0430-1.jpg","contentUrl":"https:\/\/skyline-gs.com\/wp-content\/uploads\/2025\/06\/\u0411\u0435\u043b\u044b\u0439-\u043e\u0441\u0442\u0440\u043e\u0432-\u0438-\u0432\u0435\u0447\u0435\u0440\u043d\u044f\u044f-\u0425\u0443\u0440\u0433\u0430\u0434\u0430-1.jpg","width":669,"height":446},{"@type":"BreadcrumbList","@id":"https:\/\/skyline-gs.com\/en\/product-2\/w-iceland-hurghada\/#breadcrumb","itemListElement":[{"@type":"ListItem","position":1,"name":"\u0413\u043b\u0430\u0432\u043d\u0430\u044f \u0441\u0442\u0440\u0430\u043d\u0438\u0446\u0430","item":"https:\/\/skyline-gs.com\/hu\/"},{"@type":"ListItem","position":2,"name":"\u041c\u0430\u0433\u0430\u0437\u0438\u043d","item":"https:\/\/skyline-gs.com\/cs\/shop\/"},{"@type":"ListItem","position":3,"name":"\u0411\u0435\u043b\u044b\u0439 \u043e\u0441\u0442\u0440\u043e\u0432 \u0438 \u0432\u0435\u0447\u0435\u0440\u043d\u044f\u044f \u0425\u0443\u0440\u0433\u0430\u0434\u0430"}]},{"@type":"WebSite","@id":"https:\/\/skyline-gs.com\/it\/#website","url":"https:\/\/skyline-gs.com\/it\/","name":"Excursions Skyline","description":"Excursions exclusives dans les meilleurs centres de vill\u00e9giature du monde","publisher":{"@id":"https:\/\/skyline-gs.com\/it\/#organization"},"alternateName":"Skyline","potentialAction":[{"@type":"SearchAction","target":{"@type":"EntryPoint","urlTemplate":"https:\/\/skyline-gs.com\/it\/?s={search_term_string}"},"query-input":{"@type":"PropertyValueSpecification","valueRequired":true,"valueName":"search_term_string"}}],"inLanguage":"fr-FR"},{"@type":"Organization","@id":"https:\/\/skyline-gs.com\/it\/#organization","name":"Excursions Skyline","alternateName":"\u042d\u043a\u0441\u043a\u0443\u0440\u0441\u0438\u0438 Skyline","url":"https:\/\/skyline-gs.com\/it\/","logo":{"@type":"ImageObject","inLanguage":"fr-FR","@id":"https:\/\/skyline-gs.com\/it\/#\/schema\/logo\/image\/","url":"https:\/\/skyline-gs.com\/wp-content\/uploads\/2020\/12\/cropped-logo-2.png","contentUrl":"https:\/\/skyline-gs.com\/wp-content\/uploads\/2020\/12\/cropped-logo-2.png","width":512,"height":512,"caption":"\u042d\u043a\u0441\u043a\u0443\u0440\u0441\u0438\u0438 Skyline"},"image":{"@id":"https:\/\/skyline-gs.com\/it\/#\/schema\/logo\/image\/"},"sameAs":["https:\/\/www.instagram.com\/skylineglobalservice\/"]}]}},"_links":{"self":[{"href":"https:\/\/skyline-gs.com\/fr\/wp-json\/wp\/v2\/product\/64475","targetHints":{"allow":["GET"]}}],"collection":[{"href":"https:\/\/skyline-gs.com\/fr\/wp-json\/wp\/v2\/product"}],"about":[{"href":"https:\/\/skyline-gs.com\/fr\/wp-json\/wp\/v2\/types\/product"}],"version-history":[{"count":0,"href":"https:\/\/skyline-gs.com\/fr\/wp-json\/wp\/v2\/product\/64475\/revisions"}],"wp:featuredmedia":[{"embeddable":true,"href":"https:\/\/skyline-gs.com\/fr\/wp-json\/wp\/v2\/media\/64477"}],"wp:attachment":[{"href":"https:\/\/skyline-gs.com\/fr\/wp-json\/wp\/v2\/media?parent=64475"}],"wp:term":[{"taxonomy":"product_brand","embeddable":true,"href":"https:\/\/skyline-gs.com\/fr\/wp-json\/wp\/v2\/product_brand?post=64475"},{"taxonomy":"product_cat","embeddable":true,"href":"https:\/\/skyline-gs.com\/fr\/wp-json\/wp\/v2\/product_cat?post=64475"},{"taxonomy":"product_tag","embeddable":true,"href":"https:\/\/skyline-gs.com\/fr\/wp-json\/wp\/v2\/product_tag?post=64475"}],"curies":[{"name":"wp","href":"https:\/\/api.w.org\/{rel}","templated":true}]}}