{"id":64348,"date":"2025-06-16T01:17:24","date_gmt":"2025-06-15T23:17:24","guid":{"rendered":"http:\/\/skyline-gs.com\/?post_type=product&#038;p=64348"},"modified":"2025-06-16T23:17:59","modified_gmt":"2025-06-16T21:17:59","slug":"baggi-safari-rafting-kemer","status":"publish","type":"product","link":"https:\/\/skyline-gs.com\/fr\/product\/baggi-safari-rafting-kemer\/","title":{"rendered":"Safari en buggy + Rafting"},"content":{"rendered":"<p>Deux aventures hautes en couleur en une seule journ\u00e9e : une descente en rafting sur une rivi\u00e8re de montagne et une balade en buggy \u00e0 travers la for\u00eat hors des sentiers battus !<\/p>\n<p><strong>8h00 - D\u00e9part de l'h\u00f4tel. <\/strong>Transfert matinal de l'h\u00f4tel au canyon de K\u00f6pr\u00fcl\u00fc<\/p>\n<ul>\n<li><strong>Instruction<\/strong> et la d\u00e9livrance d'\u00e9quipements<\/li>\n<li><strong>Rafting<\/strong> (2 heures, bateaux pour 8-10 personnes avec instructeur)<\/li>\n<li><strong>Arr\u00eat de baignade<\/strong> et photo<\/li>\n<li><strong>Safari bogu\u00e9<\/strong> (30-45 minutes sur des routes de montagne et de for\u00eat)<\/li>\n<li>D\u00e9jeuner dans un restaurant sur la plage. <strong>Buffet<\/strong>: salades, pilaf, p\u00e2tes, poulet kebab, poisson<\/li>\n<\/ul>\n<p data-start=\"764\" data-end=\"809\"><strong>19:00 - Retour \u00e0 l'h\u00f4tel.<\/strong><\/p>\n<p><strong>Inclus :<\/strong><\/p>\n<ul>\n<li>Transferts depuis et vers l'h\u00f4tel<\/li>\n<li>\u00c9quipement (casques, gilets, pagaies)<\/li>\n<li>Chaperon exp\u00e9riment\u00e9<\/li>\n<li>Assurance<\/li>\n<li>D\u00e9jeuner<\/li>\n<\/ul>\n<p><strong>Non inclus :<\/strong><\/p>\n<ul>\n<li>Boissons<\/li>\n<li>Photo et vid\u00e9o - USB (en option)<\/li>\n<li>Bandana anti-poussi\u00e8re<\/li>\n<li>Lunettes Safari<\/li>\n<li>Etui de t\u00e9l\u00e9phone (facultatif)<\/li>\n<li>Combinaison<\/li>\n<li>Chaussures en caoutchouc<\/li>\n<li>Radeau kayak<\/li>\n<li>D\u00e9penses personnelles<\/li>\n<\/ul>\n<p><strong>Emportez-le avec vous :<\/strong><\/p>\n<ul>\n<li>Les chaussures ferm\u00e9es sont obligatoires ! Vous ne serez pas autoris\u00e9 \u00e0 faire du rafting en tongs.<\/li>\n<li>Maillot de bain, serviette, cr\u00e8me solaire et lunettes de soleil<\/li>\n<li>V\u00eatements secs de rechange, couvre-chef<\/li>\n<li>Bottes en caoutchouc, d\u00e9bardeur sous le gilet.<\/li>\n<li>Argent pour les d\u00e9penses personnelles<\/li>\n<\/ul>\n<p><strong>Ce qu'il est important de savoir :<\/strong><\/p>\n<ul>\n<li>Permis de conduire <strong data-start=\"1511\" data-end=\"1527\">non requis<\/strong><\/li>\n<li>Enfants de moins de 16 ans - uniquement avec les parents<\/li>\n<li>Pour les photos\/vid\u00e9os, prenez une cl\u00e9 USB<\/li>\n<li>L'ordre du programme peut \u00eatre modifi\u00e9<\/li>\n<\/ul>","protected":false},"excerpt":{"rendered":"<p><strong>Temps du Tour:<\/strong> 8:00 - 19:00<\/p>\n<p><strong>Jours de D\u00e9roulement:<\/strong> Tous les jours.<\/p>","protected":false},"featured_media":64338,"template":"","meta":{"_kad_post_transparent":"default","_kad_post_title":"","_kad_post_layout":"default","_kad_post_sidebar_id":"","_kad_post_content_style":"default","_kad_post_vertical_padding":"default","_kad_post_feature":"","_kad_post_feature_position":"","_kad_post_header":false,"_kad_post_footer":false,"_kad_post_classname":"","_glsr_average":0,"_glsr_ranking":0,"_glsr_reviews":0},"product_brand":[],"product_cat":[448],"product_tag":[],"class_list":{"0":"post-64348","1":"product","2":"type-product","3":"status-publish","4":"has-post-thumbnail","6":"product_cat-kemer","7":"tm-has-options","9":"first","10":"instock","11":"sold-individually","12":"taxable","13":"shipping-taxable","14":"purchasable","15":"product-type-simple","16":"entry","17":"content-bg","18":"loop-entry"},"yoast_head":"<!-- This site is optimized with the Yoast SEO plugin v27.3 - https:\/\/yoast.com\/product\/yoast-seo-wordpress\/ -->\n<title>\u0411\u0430\u0433\u0433\u0438 \u0441\u0430\u0444\u0430\u0440\u0438 + \u0420\u0430\u0444\u0442\u0438\u043d\u0433 \u0438\u0437 \u041a\u0435\u043c\u0435\u0440\u0430 &#8226; \u042d\u043a\u0441\u043a\u0443\u0440\u0441\u0438\u0438 Skyline<\/title>\n<meta name=\"description\" content=\"\u0414\u0432\u0430 \u044f\u0440\u043a\u0438\u0445 \u043f\u0440\u0438\u043a\u043b\u044e\u0447\u0435\u043d\u0438\u044f \u0437\u0430 \u0434\u0435\u043d\u044c: \u0437\u0430\u0445\u0432\u0430\u0442\u044b\u0432\u0430\u044e\u0449\u0438\u0439 \u0441\u043f\u043b\u0430\u0432 \u043f\u043e \u0433\u043e\u0440\u043d\u043e\u0439 \u0440\u0435\u043a\u0435 \u0438 \u044d\u043a\u0441\u0442\u0440\u0435\u043c\u0430\u043b\u044c\u043d\u0430\u044f \u043f\u043e\u0435\u0437\u0434\u043a\u0430 \u043d\u0430 \u0431\u0430\u0433\u0433\u0438 \u043f\u043e \u043b\u0435\u0441\u043d\u043e\u043c\u0443 \u0431\u0435\u0437\u0434\u043e\u0440\u043e\u0436\u044c\u044e!\" \/>\n<meta name=\"robots\" content=\"index, follow, max-snippet:-1, max-image-preview:large, max-video-preview:-1\" \/>\n<link rel=\"canonical\" href=\"https:\/\/skyline-gs.com\/fr\/produit\/baggi-safari-rafting-kemer\/\" \/>\n<meta property=\"og:locale\" content=\"fr_FR\" \/>\n<meta property=\"og:type\" content=\"article\" \/>\n<meta property=\"og:title\" content=\"\u0411\u0430\u0433\u0433\u0438 \u0441\u0430\u0444\u0430\u0440\u0438 + \u0420\u0430\u0444\u0442\u0438\u043d\u0433 \u0438\u0437 \u041a\u0435\u043c\u0435\u0440\u0430 &#8226; \u042d\u043a\u0441\u043a\u0443\u0440\u0441\u0438\u0438 Skyline\" \/>\n<meta property=\"og:description\" content=\"\u0414\u0432\u0430 \u044f\u0440\u043a\u0438\u0445 \u043f\u0440\u0438\u043a\u043b\u044e\u0447\u0435\u043d\u0438\u044f \u0437\u0430 \u0434\u0435\u043d\u044c: \u0437\u0430\u0445\u0432\u0430\u0442\u044b\u0432\u0430\u044e\u0449\u0438\u0439 \u0441\u043f\u043b\u0430\u0432 \u043f\u043e \u0433\u043e\u0440\u043d\u043e\u0439 \u0440\u0435\u043a\u0435 \u0438 \u044d\u043a\u0441\u0442\u0440\u0435\u043c\u0430\u043b\u044c\u043d\u0430\u044f \u043f\u043e\u0435\u0437\u0434\u043a\u0430 \u043d\u0430 \u0431\u0430\u0433\u0433\u0438 \u043f\u043e \u043b\u0435\u0441\u043d\u043e\u043c\u0443 \u0431\u0435\u0437\u0434\u043e\u0440\u043e\u0436\u044c\u044e!\" \/>\n<meta property=\"og:url\" content=\"https:\/\/skyline-gs.com\/fr\/produit\/baggi-safari-rafting-kemer\/\" \/>\n<meta property=\"og:site_name\" content=\"\u042d\u043a\u0441\u043a\u0443\u0440\u0441\u0438\u0438 Skyline\" \/>\n<meta property=\"article:modified_time\" content=\"2025-06-16T21:17:59+00:00\" \/>\n<meta property=\"og:image\" content=\"https:\/\/skyline-gs.com\/wp-content\/uploads\/2025\/06\/\u0411\u0430\u0433\u0433\u0438-\u0432-\u0410\u043b\u0430\u043d\u044c\u0435-8.jpg\" \/>\n\t<meta property=\"og:image:width\" content=\"669\" \/>\n\t<meta property=\"og:image:height\" content=\"446\" \/>\n\t<meta property=\"og:image:type\" content=\"image\/jpeg\" \/>\n<meta name=\"twitter:card\" content=\"summary_large_image\" \/>\n<meta name=\"twitter:label1\" content=\"Dur\u00e9e de lecture estim\u00e9e\" \/>\n\t<meta name=\"twitter:data1\" content=\"2 minutes\" \/>\n<script type=\"application\/ld+json\" class=\"yoast-schema-graph\">{\"@context\":\"https:\\\/\\\/schema.org\",\"@graph\":[{\"@type\":\"WebPage\",\"@id\":\"https:\\\/\\\/skyline-gs.com\\\/en\\\/product-2\\\/baggi-safari-rafting-kemer\\\/\",\"url\":\"https:\\\/\\\/skyline-gs.com\\\/en\\\/product-2\\\/baggi-safari-rafting-kemer\\\/\",\"name\":\"\u0411\u0430\u0433\u0433\u0438 \u0441\u0430\u0444\u0430\u0440\u0438 + \u0420\u0430\u0444\u0442\u0438\u043d\u0433 \u0438\u0437 \u041a\u0435\u043c\u0435\u0440\u0430 &#8226; \u042d\u043a\u0441\u043a\u0443\u0440\u0441\u0438\u0438 Skyline\",\"isPartOf\":{\"@id\":\"https:\\\/\\\/skyline-gs.com\\\/it\\\/#website\"},\"primaryImageOfPage\":{\"@id\":\"https:\\\/\\\/skyline-gs.com\\\/en\\\/product-2\\\/baggi-safari-rafting-kemer\\\/#primaryimage\"},\"image\":{\"@id\":\"https:\\\/\\\/skyline-gs.com\\\/en\\\/product-2\\\/baggi-safari-rafting-kemer\\\/#primaryimage\"},\"thumbnailUrl\":\"https:\\\/\\\/skyline-gs.com\\\/wp-content\\\/uploads\\\/2025\\\/06\\\/\u0411\u0430\u0433\u0433\u0438-\u0432-\u0410\u043b\u0430\u043d\u044c\u0435-8.jpg\",\"datePublished\":\"2025-06-15T23:17:24+00:00\",\"dateModified\":\"2025-06-16T21:17:59+00:00\",\"description\":\"\u0414\u0432\u0430 \u044f\u0440\u043a\u0438\u0445 \u043f\u0440\u0438\u043a\u043b\u044e\u0447\u0435\u043d\u0438\u044f \u0437\u0430 \u0434\u0435\u043d\u044c: \u0437\u0430\u0445\u0432\u0430\u0442\u044b\u0432\u0430\u044e\u0449\u0438\u0439 \u0441\u043f\u043b\u0430\u0432 \u043f\u043e \u0433\u043e\u0440\u043d\u043e\u0439 \u0440\u0435\u043a\u0435 \u0438 \u044d\u043a\u0441\u0442\u0440\u0435\u043c\u0430\u043b\u044c\u043d\u0430\u044f \u043f\u043e\u0435\u0437\u0434\u043a\u0430 \u043d\u0430 \u0431\u0430\u0433\u0433\u0438 \u043f\u043e \u043b\u0435\u0441\u043d\u043e\u043c\u0443 \u0431\u0435\u0437\u0434\u043e\u0440\u043e\u0436\u044c\u044e!\",\"breadcrumb\":{\"@id\":\"https:\\\/\\\/skyline-gs.com\\\/en\\\/product-2\\\/baggi-safari-rafting-kemer\\\/#breadcrumb\"},\"inLanguage\":\"fr-FR\",\"potentialAction\":[{\"@type\":\"ReadAction\",\"target\":[\"https:\\\/\\\/skyline-gs.com\\\/en\\\/product-2\\\/baggi-safari-rafting-kemer\\\/\"]}]},{\"@type\":\"ImageObject\",\"inLanguage\":\"fr-FR\",\"@id\":\"https:\\\/\\\/skyline-gs.com\\\/en\\\/product-2\\\/baggi-safari-rafting-kemer\\\/#primaryimage\",\"url\":\"https:\\\/\\\/skyline-gs.com\\\/wp-content\\\/uploads\\\/2025\\\/06\\\/\u0411\u0430\u0433\u0433\u0438-\u0432-\u0410\u043b\u0430\u043d\u044c\u0435-8.jpg\",\"contentUrl\":\"https:\\\/\\\/skyline-gs.com\\\/wp-content\\\/uploads\\\/2025\\\/06\\\/\u0411\u0430\u0433\u0433\u0438-\u0432-\u0410\u043b\u0430\u043d\u044c\u0435-8.jpg\",\"width\":669,\"height\":446},{\"@type\":\"BreadcrumbList\",\"@id\":\"https:\\\/\\\/skyline-gs.com\\\/en\\\/product-2\\\/baggi-safari-rafting-kemer\\\/#breadcrumb\",\"itemListElement\":[{\"@type\":\"ListItem\",\"position\":1,\"name\":\"\u0413\u043b\u0430\u0432\u043d\u0430\u044f \u0441\u0442\u0440\u0430\u043d\u0438\u0446\u0430\",\"item\":\"https:\\\/\\\/skyline-gs.com\\\/hu\\\/\"},{\"@type\":\"ListItem\",\"position\":2,\"name\":\"\u041c\u0430\u0433\u0430\u0437\u0438\u043d\",\"item\":\"https:\\\/\\\/skyline-gs.com\\\/cs\\\/shop\\\/\"},{\"@type\":\"ListItem\",\"position\":3,\"name\":\"\u0411\u0430\u0433\u0433\u0438 \u0441\u0430\u0444\u0430\u0440\u0438 + \u0420\u0430\u0444\u0442\u0438\u043d\u0433\"}]},{\"@type\":\"WebSite\",\"@id\":\"https:\\\/\\\/skyline-gs.com\\\/it\\\/#website\",\"url\":\"https:\\\/\\\/skyline-gs.com\\\/it\\\/\",\"name\":\"\u042d\u043a\u0441\u043a\u0443\u0440\u0441\u0438\u0438 Skyline\",\"description\":\"\u042d\u043a\u0441\u043a\u043b\u044e\u0437\u0438\u0432\u043d\u044b\u0435 \u044d\u043a\u0441\u043a\u0443\u0440\u0441\u0438\u0438 \u043d\u0430 \u043b\u0443\u0447\u0448\u0438\u0445 \u043a\u0443\u0440\u043e\u0440\u0442\u0430\u0445 \u043c\u0438\u0440\u0430\",\"publisher\":{\"@id\":\"https:\\\/\\\/skyline-gs.com\\\/it\\\/#organization\"},\"alternateName\":\"Skyline\",\"potentialAction\":[{\"@type\":\"SearchAction\",\"target\":{\"@type\":\"EntryPoint\",\"urlTemplate\":\"https:\\\/\\\/skyline-gs.com\\\/it\\\/?s={search_term_string}\"},\"query-input\":{\"@type\":\"PropertyValueSpecification\",\"valueRequired\":true,\"valueName\":\"search_term_string\"}}],\"inLanguage\":\"fr-FR\"},{\"@type\":\"Organization\",\"@id\":\"https:\\\/\\\/skyline-gs.com\\\/it\\\/#organization\",\"name\":\"\u042d\u043a\u0441\u043a\u0443\u0440\u0441\u0438\u0438 Skyline\",\"alternateName\":\"\u042d\u043a\u0441\u043a\u0443\u0440\u0441\u0438\u0438 Skyline\",\"url\":\"https:\\\/\\\/skyline-gs.com\\\/it\\\/\",\"logo\":{\"@type\":\"ImageObject\",\"inLanguage\":\"fr-FR\",\"@id\":\"https:\\\/\\\/skyline-gs.com\\\/it\\\/#\\\/schema\\\/logo\\\/image\\\/\",\"url\":\"https:\\\/\\\/skyline-gs.com\\\/wp-content\\\/uploads\\\/2020\\\/12\\\/cropped-logo-2.png\",\"contentUrl\":\"https:\\\/\\\/skyline-gs.com\\\/wp-content\\\/uploads\\\/2020\\\/12\\\/cropped-logo-2.png\",\"width\":512,\"height\":512,\"caption\":\"\u042d\u043a\u0441\u043a\u0443\u0440\u0441\u0438\u0438 Skyline\"},\"image\":{\"@id\":\"https:\\\/\\\/skyline-gs.com\\\/it\\\/#\\\/schema\\\/logo\\\/image\\\/\"},\"sameAs\":[\"https:\\\/\\\/www.instagram.com\\\/skylineglobalservice\\\/\"]}]}<\/script>\n<!-- \/ Yoast SEO plugin. -->","yoast_head_json":{"title":"\u0411\u0430\u0433\u0433\u0438 \u0441\u0430\u0444\u0430\u0440\u0438 + \u0420\u0430\u0444\u0442\u0438\u043d\u0433 \u0438\u0437 \u041a\u0435\u043c\u0435\u0440\u0430 &#8226; \u042d\u043a\u0441\u043a\u0443\u0440\u0441\u0438\u0438 Skyline","description":"Deux aventures hautes en couleur en une seule journ\u00e9e : une descente en rafting sur une rivi\u00e8re de montagne et une balade en buggy \u00e0 travers la for\u00eat hors des sentiers battus !","robots":{"index":"index","follow":"follow","max-snippet":"max-snippet:-1","max-image-preview":"max-image-preview:large","max-video-preview":"max-video-preview:-1"},"canonical":"https:\/\/skyline-gs.com\/fr\/produit\/baggi-safari-rafting-kemer\/","og_locale":"fr_FR","og_type":"article","og_title":"\u0411\u0430\u0433\u0433\u0438 \u0441\u0430\u0444\u0430\u0440\u0438 + \u0420\u0430\u0444\u0442\u0438\u043d\u0433 \u0438\u0437 \u041a\u0435\u043c\u0435\u0440\u0430 &#8226; \u042d\u043a\u0441\u043a\u0443\u0440\u0441\u0438\u0438 Skyline","og_description":"\u0414\u0432\u0430 \u044f\u0440\u043a\u0438\u0445 \u043f\u0440\u0438\u043a\u043b\u044e\u0447\u0435\u043d\u0438\u044f \u0437\u0430 \u0434\u0435\u043d\u044c: \u0437\u0430\u0445\u0432\u0430\u0442\u044b\u0432\u0430\u044e\u0449\u0438\u0439 \u0441\u043f\u043b\u0430\u0432 \u043f\u043e \u0433\u043e\u0440\u043d\u043e\u0439 \u0440\u0435\u043a\u0435 \u0438 \u044d\u043a\u0441\u0442\u0440\u0435\u043c\u0430\u043b\u044c\u043d\u0430\u044f \u043f\u043e\u0435\u0437\u0434\u043a\u0430 \u043d\u0430 \u0431\u0430\u0433\u0433\u0438 \u043f\u043e \u043b\u0435\u0441\u043d\u043e\u043c\u0443 \u0431\u0435\u0437\u0434\u043e\u0440\u043e\u0436\u044c\u044e!","og_url":"https:\/\/skyline-gs.com\/fr\/produit\/baggi-safari-rafting-kemer\/","og_site_name":"\u042d\u043a\u0441\u043a\u0443\u0440\u0441\u0438\u0438 Skyline","article_modified_time":"2025-06-16T21:17:59+00:00","og_image":[{"width":669,"height":446,"url":"https:\/\/skyline-gs.com\/wp-content\/uploads\/2025\/06\/\u0411\u0430\u0433\u0433\u0438-\u0432-\u0410\u043b\u0430\u043d\u044c\u0435-8.jpg","type":"image\/jpeg"}],"twitter_card":"summary_large_image","twitter_misc":{"Dur\u00e9e de lecture estim\u00e9e":"2 minutes"},"schema":{"@context":"https:\/\/schema.org","@graph":[{"@type":"WebPage","@id":"https:\/\/skyline-gs.com\/en\/product-2\/baggi-safari-rafting-kemer\/","url":"https:\/\/skyline-gs.com\/en\/product-2\/baggi-safari-rafting-kemer\/","name":"\u0411\u0430\u0433\u0433\u0438 \u0441\u0430\u0444\u0430\u0440\u0438 + \u0420\u0430\u0444\u0442\u0438\u043d\u0433 \u0438\u0437 \u041a\u0435\u043c\u0435\u0440\u0430 &#8226; \u042d\u043a\u0441\u043a\u0443\u0440\u0441\u0438\u0438 Skyline","isPartOf":{"@id":"https:\/\/skyline-gs.com\/it\/#website"},"primaryImageOfPage":{"@id":"https:\/\/skyline-gs.com\/en\/product-2\/baggi-safari-rafting-kemer\/#primaryimage"},"image":{"@id":"https:\/\/skyline-gs.com\/en\/product-2\/baggi-safari-rafting-kemer\/#primaryimage"},"thumbnailUrl":"https:\/\/skyline-gs.com\/wp-content\/uploads\/2025\/06\/\u0411\u0430\u0433\u0433\u0438-\u0432-\u0410\u043b\u0430\u043d\u044c\u0435-8.jpg","datePublished":"2025-06-15T23:17:24+00:00","dateModified":"2025-06-16T21:17:59+00:00","description":"Deux aventures hautes en couleur en une seule journ\u00e9e : une descente en rafting sur une rivi\u00e8re de montagne et une balade en buggy \u00e0 travers la for\u00eat hors des sentiers battus !","breadcrumb":{"@id":"https:\/\/skyline-gs.com\/en\/product-2\/baggi-safari-rafting-kemer\/#breadcrumb"},"inLanguage":"fr-FR","potentialAction":[{"@type":"ReadAction","target":["https:\/\/skyline-gs.com\/en\/product-2\/baggi-safari-rafting-kemer\/"]}]},{"@type":"ImageObject","inLanguage":"fr-FR","@id":"https:\/\/skyline-gs.com\/en\/product-2\/baggi-safari-rafting-kemer\/#primaryimage","url":"https:\/\/skyline-gs.com\/wp-content\/uploads\/2025\/06\/\u0411\u0430\u0433\u0433\u0438-\u0432-\u0410\u043b\u0430\u043d\u044c\u0435-8.jpg","contentUrl":"https:\/\/skyline-gs.com\/wp-content\/uploads\/2025\/06\/\u0411\u0430\u0433\u0433\u0438-\u0432-\u0410\u043b\u0430\u043d\u044c\u0435-8.jpg","width":669,"height":446},{"@type":"BreadcrumbList","@id":"https:\/\/skyline-gs.com\/en\/product-2\/baggi-safari-rafting-kemer\/#breadcrumb","itemListElement":[{"@type":"ListItem","position":1,"name":"\u0413\u043b\u0430\u0432\u043d\u0430\u044f \u0441\u0442\u0440\u0430\u043d\u0438\u0446\u0430","item":"https:\/\/skyline-gs.com\/hu\/"},{"@type":"ListItem","position":2,"name":"\u041c\u0430\u0433\u0430\u0437\u0438\u043d","item":"https:\/\/skyline-gs.com\/cs\/shop\/"},{"@type":"ListItem","position":3,"name":"\u0411\u0430\u0433\u0433\u0438 \u0441\u0430\u0444\u0430\u0440\u0438 + \u0420\u0430\u0444\u0442\u0438\u043d\u0433"}]},{"@type":"WebSite","@id":"https:\/\/skyline-gs.com\/it\/#website","url":"https:\/\/skyline-gs.com\/it\/","name":"Excursions Skyline","description":"Excursions exclusives dans les meilleurs centres de vill\u00e9giature du monde","publisher":{"@id":"https:\/\/skyline-gs.com\/it\/#organization"},"alternateName":"Skyline","potentialAction":[{"@type":"SearchAction","target":{"@type":"EntryPoint","urlTemplate":"https:\/\/skyline-gs.com\/it\/?s={search_term_string}"},"query-input":{"@type":"PropertyValueSpecification","valueRequired":true,"valueName":"search_term_string"}}],"inLanguage":"fr-FR"},{"@type":"Organization","@id":"https:\/\/skyline-gs.com\/it\/#organization","name":"Excursions Skyline","alternateName":"\u042d\u043a\u0441\u043a\u0443\u0440\u0441\u0438\u0438 Skyline","url":"https:\/\/skyline-gs.com\/it\/","logo":{"@type":"ImageObject","inLanguage":"fr-FR","@id":"https:\/\/skyline-gs.com\/it\/#\/schema\/logo\/image\/","url":"https:\/\/skyline-gs.com\/wp-content\/uploads\/2020\/12\/cropped-logo-2.png","contentUrl":"https:\/\/skyline-gs.com\/wp-content\/uploads\/2020\/12\/cropped-logo-2.png","width":512,"height":512,"caption":"\u042d\u043a\u0441\u043a\u0443\u0440\u0441\u0438\u0438 Skyline"},"image":{"@id":"https:\/\/skyline-gs.com\/it\/#\/schema\/logo\/image\/"},"sameAs":["https:\/\/www.instagram.com\/skylineglobalservice\/"]}]}},"_links":{"self":[{"href":"https:\/\/skyline-gs.com\/fr\/wp-json\/wp\/v2\/product\/64348","targetHints":{"allow":["GET"]}}],"collection":[{"href":"https:\/\/skyline-gs.com\/fr\/wp-json\/wp\/v2\/product"}],"about":[{"href":"https:\/\/skyline-gs.com\/fr\/wp-json\/wp\/v2\/types\/product"}],"version-history":[{"count":0,"href":"https:\/\/skyline-gs.com\/fr\/wp-json\/wp\/v2\/product\/64348\/revisions"}],"wp:featuredmedia":[{"embeddable":true,"href":"https:\/\/skyline-gs.com\/fr\/wp-json\/wp\/v2\/media\/64338"}],"wp:attachment":[{"href":"https:\/\/skyline-gs.com\/fr\/wp-json\/wp\/v2\/media?parent=64348"}],"wp:term":[{"taxonomy":"product_brand","embeddable":true,"href":"https:\/\/skyline-gs.com\/fr\/wp-json\/wp\/v2\/product_brand?post=64348"},{"taxonomy":"product_cat","embeddable":true,"href":"https:\/\/skyline-gs.com\/fr\/wp-json\/wp\/v2\/product_cat?post=64348"},{"taxonomy":"product_tag","embeddable":true,"href":"https:\/\/skyline-gs.com\/fr\/wp-json\/wp\/v2\/product_tag?post=64348"}],"curies":[{"name":"wp","href":"https:\/\/api.w.org\/{rel}","templated":true}]}}