{"id":64174,"date":"2025-06-14T01:00:31","date_gmt":"2025-06-13T23:00:31","guid":{"rendered":"http:\/\/skyline-gs.com\/?post_type=product&#038;p=64174"},"modified":"2025-06-16T23:14:04","modified_gmt":"2025-06-16T21:14:04","slug":"pirate-yacht-kemer","status":"publish","type":"product","link":"https:\/\/skyline-gs.com\/fr\/product\/pirate-yacht-kemer\/","title":{"rendered":"Yacht pirate"},"content":{"rendered":"<p>Une sortie en mer sur un bateau pirate avec baignade dans les criques, d\u00e9jeuner \u00e0 bord et animation ludique pour toute la famille. Une belle fa\u00e7on de passer une journ\u00e9e au bord de la mer !<\/p>\n<p data-start=\"418\" data-end=\"460\"><strong>8:00 \u2014 \u0422\u0440\u0430\u043d\u0441\u0444\u0435\u0440 \u0438\u0437 \u043e\u0442\u0435\u043b\u044f.<\/strong> \u041f\u0435\u0440\u0435\u0435\u0437\u0434 \u0432 \u043f\u043e\u0440\u0442.<\/p>\n<ul>\n<li data-start=\"462\" data-end=\"530\">Naviguer sur un bateau pirate. <strong>Voyage le long de la c\u00f4te de Kemer.<\/strong><\/li>\n<li data-start=\"462\" data-end=\"530\"><strong>Escale \u00e0 Fazelis Bay.<\/strong><\/li>\n<li data-start=\"462\" data-end=\"530\"><strong>Bain, d\u00e9tente.<\/strong><\/li>\n<li data-start=\"462\" data-end=\"530\">Visite facultative de l'ancienne ville de Fazelis (1 heure).<\/li>\n<li data-start=\"462\" data-end=\"530\">D\u00e9jeuner sur le bateau. Poulet, p\u00e2tes, salade.<\/li>\n<li data-start=\"462\" data-end=\"530\"><strong>Contempler les panoramas de Paradise Bay.<\/strong><\/li>\n<li data-start=\"462\" data-end=\"530\"><strong>Arr\u00eat \u00e0 Moonlight Cove.<\/strong><\/li>\n<li data-start=\"462\" data-end=\"530\"><strong>Bain et temps libre.<\/strong><\/li>\n<li data-start=\"462\" data-end=\"530\"><strong>F\u00eate de la mousse et animation.<\/strong><\/li>\n<li data-start=\"462\" data-end=\"530\">Programme de divertissement pour les enfants et les adultes.<\/li>\n<\/ul>\n<p data-start=\"858\" data-end=\"904\"><strong>17:00 - Retour \u00e0 l'h\u00f4tel.<\/strong><\/p>\n<p><strong>Inclus :<\/strong><\/p>\n<ul>\n<li>Transferts depuis et vers l'h\u00f4tel<\/li>\n<li>Guide parlant russe<\/li>\n<li>Animateurs russophones<\/li>\n<li>Discoth\u00e8que en mousse<\/li>\n<li>Jeux de pirates<\/li>\n<li>D\u00e9jeuner \u00e0 bord<\/li>\n<li data-start=\"926\" data-end=\"1038\">Gilets de sauvetage<\/li>\n<li>Assurance<\/li>\n<\/ul>\n<p><strong>Non inclus :<\/strong><\/p>\n<ul>\n<li>Boissons<\/li>\n<li>Entr\u00e9e dans la ville de Fazelis (facultatif)<\/li>\n<\/ul>\n<p><strong>Emportez-le avec vous :<\/strong><\/p>\n<ul>\n<li>Maillot de bain et serviette<\/li>\n<li>Coiffure<\/li>\n<li>Cr\u00e8me solaire et lunettes de soleil<\/li>\n<li>Argent liquide pour les d\u00e9penses personnelles<\/li>\n<\/ul>","protected":false},"excerpt":{"rendered":"<p><strong>Temps du Tour:<\/strong> 8:00 - 17:00<\/p>\n<p><strong>Jours de D\u00e9roulement:<\/strong> Tous les jours.<\/p>","protected":false},"featured_media":37422,"template":"","meta":{"_kad_post_transparent":"default","_kad_post_title":"","_kad_post_layout":"default","_kad_post_sidebar_id":"","_kad_post_content_style":"default","_kad_post_vertical_padding":"default","_kad_post_feature":"","_kad_post_feature_position":"","_kad_post_header":false,"_kad_post_footer":false,"_kad_post_classname":"","_glsr_average":0,"_glsr_ranking":0,"_glsr_reviews":0},"product_brand":[],"product_cat":[448],"product_tag":[],"class_list":{"0":"post-64174","1":"product","2":"type-product","3":"status-publish","4":"has-post-thumbnail","6":"product_cat-kemer","7":"tm-has-options","9":"first","10":"instock","11":"sale","12":"sold-individually","13":"taxable","14":"shipping-taxable","15":"purchasable","16":"product-type-simple","17":"entry","18":"content-bg","19":"loop-entry"},"yoast_head":"<!-- This site is optimized with the Yoast SEO plugin v27.3 - https:\/\/yoast.com\/product\/yoast-seo-wordpress\/ -->\n<title>\u041f\u0438\u0440\u0430\u0442\u0441\u043a\u0430\u044f \u044f\u0445\u0442\u0430 \u0432 \u041a\u0435\u043c\u0435\u0440\u0435 &#8226; \u042d\u043a\u0441\u043a\u0443\u0440\u0441\u0438\u0438 Skyline<\/title>\n<meta name=\"description\" content=\"\u041c\u043e\u0440\u0441\u043a\u0430\u044f \u043f\u0440\u043e\u0433\u0443\u043b\u043a\u0430 \u043d\u0430 \u043f\u0438\u0440\u0430\u0442\u0441\u043a\u043e\u043c \u043a\u043e\u0440\u0430\u0431\u043b\u0435 \u0441 \u043a\u0443\u043f\u0430\u043d\u0438\u0435\u043c \u0432 \u0431\u0443\u0445\u0442\u0430\u0445, \u043e\u0431\u0435\u0434\u043e\u043c \u043d\u0430 \u0431\u043e\u0440\u0442\u0443 \u0438 \u0432\u0435\u0441\u0435\u043b\u043e\u0439 \u0430\u043d\u0438\u043c\u0430\u0446\u0438\u0435\u0439 \u0434\u043b\u044f \u0432\u0441\u0435\u0439 \u0441\u0435\u043c\u044c\u0438. \u041e\u0442\u043b\u0438\u0447\u043d\u044b\u0439 \u0441\u043f\u043e\u0441\u043e\u0431 \u043f\u0440\u043e\u0432\u0435\u0441\u0442\u0438 \u0434\u0435\u043d\u044c \u0443 \u043c\u043e\u0440\u044f!\" \/>\n<meta name=\"robots\" content=\"index, follow, max-snippet:-1, max-image-preview:large, max-video-preview:-1\" \/>\n<link rel=\"canonical\" href=\"https:\/\/skyline-gs.com\/fr\/produit\/pirate-yacht-kemer\/\" \/>\n<meta property=\"og:locale\" content=\"fr_FR\" \/>\n<meta property=\"og:type\" content=\"article\" \/>\n<meta property=\"og:title\" content=\"\u041f\u0438\u0440\u0430\u0442\u0441\u043a\u0430\u044f \u044f\u0445\u0442\u0430 \u0432 \u041a\u0435\u043c\u0435\u0440\u0435 &#8226; \u042d\u043a\u0441\u043a\u0443\u0440\u0441\u0438\u0438 Skyline\" \/>\n<meta property=\"og:description\" content=\"\u041c\u043e\u0440\u0441\u043a\u0430\u044f \u043f\u0440\u043e\u0433\u0443\u043b\u043a\u0430 \u043d\u0430 \u043f\u0438\u0440\u0430\u0442\u0441\u043a\u043e\u043c \u043a\u043e\u0440\u0430\u0431\u043b\u0435 \u0441 \u043a\u0443\u043f\u0430\u043d\u0438\u0435\u043c \u0432 \u0431\u0443\u0445\u0442\u0430\u0445, \u043e\u0431\u0435\u0434\u043e\u043c \u043d\u0430 \u0431\u043e\u0440\u0442\u0443 \u0438 \u0432\u0435\u0441\u0435\u043b\u043e\u0439 \u0430\u043d\u0438\u043c\u0430\u0446\u0438\u0435\u0439 \u0434\u043b\u044f \u0432\u0441\u0435\u0439 \u0441\u0435\u043c\u044c\u0438. \u041e\u0442\u043b\u0438\u0447\u043d\u044b\u0439 \u0441\u043f\u043e\u0441\u043e\u0431 \u043f\u0440\u043e\u0432\u0435\u0441\u0442\u0438 \u0434\u0435\u043d\u044c \u0443 \u043c\u043e\u0440\u044f!\" \/>\n<meta property=\"og:url\" content=\"https:\/\/skyline-gs.com\/fr\/produit\/pirate-yacht-kemer\/\" \/>\n<meta property=\"og:site_name\" content=\"\u042d\u043a\u0441\u043a\u0443\u0440\u0441\u0438\u0438 Skyline\" \/>\n<meta property=\"article:modified_time\" content=\"2025-06-16T21:14:04+00:00\" \/>\n<meta property=\"og:image\" content=\"https:\/\/skyline-gs.com\/wp-content\/uploads\/2022\/05\/7-4.png\" \/>\n\t<meta property=\"og:image:width\" content=\"669\" \/>\n\t<meta property=\"og:image:height\" content=\"446\" \/>\n\t<meta property=\"og:image:type\" content=\"image\/png\" \/>\n<meta name=\"twitter:card\" content=\"summary_large_image\" \/>\n<meta name=\"twitter:label1\" content=\"Dur\u00e9e de lecture estim\u00e9e\" \/>\n\t<meta name=\"twitter:data1\" content=\"1 minute\" \/>\n<script type=\"application\/ld+json\" class=\"yoast-schema-graph\">{\"@context\":\"https:\\\/\\\/schema.org\",\"@graph\":[{\"@type\":\"WebPage\",\"@id\":\"https:\\\/\\\/skyline-gs.com\\\/de\\\/produkt\\\/pirate-yacht-kemer\\\/\",\"url\":\"https:\\\/\\\/skyline-gs.com\\\/de\\\/produkt\\\/pirate-yacht-kemer\\\/\",\"name\":\"\u041f\u0438\u0440\u0430\u0442\u0441\u043a\u0430\u044f \u044f\u0445\u0442\u0430 \u0432 \u041a\u0435\u043c\u0435\u0440\u0435 &#8226; \u042d\u043a\u0441\u043a\u0443\u0440\u0441\u0438\u0438 Skyline\",\"isPartOf\":{\"@id\":\"https:\\\/\\\/skyline-gs.com\\\/it\\\/#website\"},\"primaryImageOfPage\":{\"@id\":\"https:\\\/\\\/skyline-gs.com\\\/de\\\/produkt\\\/pirate-yacht-kemer\\\/#primaryimage\"},\"image\":{\"@id\":\"https:\\\/\\\/skyline-gs.com\\\/de\\\/produkt\\\/pirate-yacht-kemer\\\/#primaryimage\"},\"thumbnailUrl\":\"https:\\\/\\\/skyline-gs.com\\\/wp-content\\\/uploads\\\/2022\\\/05\\\/7-4.png\",\"datePublished\":\"2025-06-13T23:00:31+00:00\",\"dateModified\":\"2025-06-16T21:14:04+00:00\",\"description\":\"\u041c\u043e\u0440\u0441\u043a\u0430\u044f \u043f\u0440\u043e\u0433\u0443\u043b\u043a\u0430 \u043d\u0430 \u043f\u0438\u0440\u0430\u0442\u0441\u043a\u043e\u043c \u043a\u043e\u0440\u0430\u0431\u043b\u0435 \u0441 \u043a\u0443\u043f\u0430\u043d\u0438\u0435\u043c \u0432 \u0431\u0443\u0445\u0442\u0430\u0445, \u043e\u0431\u0435\u0434\u043e\u043c \u043d\u0430 \u0431\u043e\u0440\u0442\u0443 \u0438 \u0432\u0435\u0441\u0435\u043b\u043e\u0439 \u0430\u043d\u0438\u043c\u0430\u0446\u0438\u0435\u0439 \u0434\u043b\u044f \u0432\u0441\u0435\u0439 \u0441\u0435\u043c\u044c\u0438. \u041e\u0442\u043b\u0438\u0447\u043d\u044b\u0439 \u0441\u043f\u043e\u0441\u043e\u0431 \u043f\u0440\u043e\u0432\u0435\u0441\u0442\u0438 \u0434\u0435\u043d\u044c \u0443 \u043c\u043e\u0440\u044f!\",\"breadcrumb\":{\"@id\":\"https:\\\/\\\/skyline-gs.com\\\/de\\\/produkt\\\/pirate-yacht-kemer\\\/#breadcrumb\"},\"inLanguage\":\"fr-FR\",\"potentialAction\":[{\"@type\":\"ReadAction\",\"target\":[\"https:\\\/\\\/skyline-gs.com\\\/de\\\/produkt\\\/pirate-yacht-kemer\\\/\"]}]},{\"@type\":\"ImageObject\",\"inLanguage\":\"fr-FR\",\"@id\":\"https:\\\/\\\/skyline-gs.com\\\/de\\\/produkt\\\/pirate-yacht-kemer\\\/#primaryimage\",\"url\":\"https:\\\/\\\/skyline-gs.com\\\/wp-content\\\/uploads\\\/2022\\\/05\\\/7-4.png\",\"contentUrl\":\"https:\\\/\\\/skyline-gs.com\\\/wp-content\\\/uploads\\\/2022\\\/05\\\/7-4.png\",\"width\":669,\"height\":446},{\"@type\":\"BreadcrumbList\",\"@id\":\"https:\\\/\\\/skyline-gs.com\\\/de\\\/produkt\\\/pirate-yacht-kemer\\\/#breadcrumb\",\"itemListElement\":[{\"@type\":\"ListItem\",\"position\":1,\"name\":\"\u0413\u043b\u0430\u0432\u043d\u0430\u044f \u0441\u0442\u0440\u0430\u043d\u0438\u0446\u0430\",\"item\":\"https:\\\/\\\/skyline-gs.com\\\/hu\\\/\"},{\"@type\":\"ListItem\",\"position\":2,\"name\":\"\u041c\u0430\u0433\u0430\u0437\u0438\u043d\",\"item\":\"https:\\\/\\\/skyline-gs.com\\\/cs\\\/shop\\\/\"},{\"@type\":\"ListItem\",\"position\":3,\"name\":\"\u041f\u0438\u0440\u0430\u0442\u0441\u043a\u0430\u044f \u044f\u0445\u0442\u0430\"}]},{\"@type\":\"WebSite\",\"@id\":\"https:\\\/\\\/skyline-gs.com\\\/it\\\/#website\",\"url\":\"https:\\\/\\\/skyline-gs.com\\\/it\\\/\",\"name\":\"\u042d\u043a\u0441\u043a\u0443\u0440\u0441\u0438\u0438 Skyline\",\"description\":\"\u042d\u043a\u0441\u043a\u043b\u044e\u0437\u0438\u0432\u043d\u044b\u0435 \u044d\u043a\u0441\u043a\u0443\u0440\u0441\u0438\u0438 \u043d\u0430 \u043b\u0443\u0447\u0448\u0438\u0445 \u043a\u0443\u0440\u043e\u0440\u0442\u0430\u0445 \u043c\u0438\u0440\u0430\",\"publisher\":{\"@id\":\"https:\\\/\\\/skyline-gs.com\\\/it\\\/#organization\"},\"alternateName\":\"Skyline\",\"potentialAction\":[{\"@type\":\"SearchAction\",\"target\":{\"@type\":\"EntryPoint\",\"urlTemplate\":\"https:\\\/\\\/skyline-gs.com\\\/it\\\/?s={search_term_string}\"},\"query-input\":{\"@type\":\"PropertyValueSpecification\",\"valueRequired\":true,\"valueName\":\"search_term_string\"}}],\"inLanguage\":\"fr-FR\"},{\"@type\":\"Organization\",\"@id\":\"https:\\\/\\\/skyline-gs.com\\\/it\\\/#organization\",\"name\":\"\u042d\u043a\u0441\u043a\u0443\u0440\u0441\u0438\u0438 Skyline\",\"alternateName\":\"\u042d\u043a\u0441\u043a\u0443\u0440\u0441\u0438\u0438 Skyline\",\"url\":\"https:\\\/\\\/skyline-gs.com\\\/it\\\/\",\"logo\":{\"@type\":\"ImageObject\",\"inLanguage\":\"fr-FR\",\"@id\":\"https:\\\/\\\/skyline-gs.com\\\/it\\\/#\\\/schema\\\/logo\\\/image\\\/\",\"url\":\"https:\\\/\\\/skyline-gs.com\\\/wp-content\\\/uploads\\\/2020\\\/12\\\/cropped-logo-2.png\",\"contentUrl\":\"https:\\\/\\\/skyline-gs.com\\\/wp-content\\\/uploads\\\/2020\\\/12\\\/cropped-logo-2.png\",\"width\":512,\"height\":512,\"caption\":\"\u042d\u043a\u0441\u043a\u0443\u0440\u0441\u0438\u0438 Skyline\"},\"image\":{\"@id\":\"https:\\\/\\\/skyline-gs.com\\\/it\\\/#\\\/schema\\\/logo\\\/image\\\/\"},\"sameAs\":[\"https:\\\/\\\/www.instagram.com\\\/skylineglobalservice\\\/\"]}]}<\/script>\n<!-- \/ Yoast SEO plugin. -->","yoast_head_json":{"title":"\u041f\u0438\u0440\u0430\u0442\u0441\u043a\u0430\u044f \u044f\u0445\u0442\u0430 \u0432 \u041a\u0435\u043c\u0435\u0440\u0435 &#8226; \u042d\u043a\u0441\u043a\u0443\u0440\u0441\u0438\u0438 Skyline","description":"Une sortie en mer sur un bateau pirate avec baignade dans les criques, d\u00e9jeuner \u00e0 bord et animation ludique pour toute la famille. Une belle fa\u00e7on de passer une journ\u00e9e au bord de la mer !","robots":{"index":"index","follow":"follow","max-snippet":"max-snippet:-1","max-image-preview":"max-image-preview:large","max-video-preview":"max-video-preview:-1"},"canonical":"https:\/\/skyline-gs.com\/fr\/produit\/pirate-yacht-kemer\/","og_locale":"fr_FR","og_type":"article","og_title":"\u041f\u0438\u0440\u0430\u0442\u0441\u043a\u0430\u044f \u044f\u0445\u0442\u0430 \u0432 \u041a\u0435\u043c\u0435\u0440\u0435 &#8226; \u042d\u043a\u0441\u043a\u0443\u0440\u0441\u0438\u0438 Skyline","og_description":"\u041c\u043e\u0440\u0441\u043a\u0430\u044f \u043f\u0440\u043e\u0433\u0443\u043b\u043a\u0430 \u043d\u0430 \u043f\u0438\u0440\u0430\u0442\u0441\u043a\u043e\u043c \u043a\u043e\u0440\u0430\u0431\u043b\u0435 \u0441 \u043a\u0443\u043f\u0430\u043d\u0438\u0435\u043c \u0432 \u0431\u0443\u0445\u0442\u0430\u0445, \u043e\u0431\u0435\u0434\u043e\u043c \u043d\u0430 \u0431\u043e\u0440\u0442\u0443 \u0438 \u0432\u0435\u0441\u0435\u043b\u043e\u0439 \u0430\u043d\u0438\u043c\u0430\u0446\u0438\u0435\u0439 \u0434\u043b\u044f \u0432\u0441\u0435\u0439 \u0441\u0435\u043c\u044c\u0438. \u041e\u0442\u043b\u0438\u0447\u043d\u044b\u0439 \u0441\u043f\u043e\u0441\u043e\u0431 \u043f\u0440\u043e\u0432\u0435\u0441\u0442\u0438 \u0434\u0435\u043d\u044c \u0443 \u043c\u043e\u0440\u044f!","og_url":"https:\/\/skyline-gs.com\/fr\/produit\/pirate-yacht-kemer\/","og_site_name":"\u042d\u043a\u0441\u043a\u0443\u0440\u0441\u0438\u0438 Skyline","article_modified_time":"2025-06-16T21:14:04+00:00","og_image":[{"width":669,"height":446,"url":"https:\/\/skyline-gs.com\/wp-content\/uploads\/2022\/05\/7-4.png","type":"image\/png"}],"twitter_card":"summary_large_image","twitter_misc":{"Dur\u00e9e de lecture estim\u00e9e":"1 minute"},"schema":{"@context":"https:\/\/schema.org","@graph":[{"@type":"WebPage","@id":"https:\/\/skyline-gs.com\/de\/produkt\/pirate-yacht-kemer\/","url":"https:\/\/skyline-gs.com\/de\/produkt\/pirate-yacht-kemer\/","name":"\u041f\u0438\u0440\u0430\u0442\u0441\u043a\u0430\u044f \u044f\u0445\u0442\u0430 \u0432 \u041a\u0435\u043c\u0435\u0440\u0435 &#8226; \u042d\u043a\u0441\u043a\u0443\u0440\u0441\u0438\u0438 Skyline","isPartOf":{"@id":"https:\/\/skyline-gs.com\/it\/#website"},"primaryImageOfPage":{"@id":"https:\/\/skyline-gs.com\/de\/produkt\/pirate-yacht-kemer\/#primaryimage"},"image":{"@id":"https:\/\/skyline-gs.com\/de\/produkt\/pirate-yacht-kemer\/#primaryimage"},"thumbnailUrl":"https:\/\/skyline-gs.com\/wp-content\/uploads\/2022\/05\/7-4.png","datePublished":"2025-06-13T23:00:31+00:00","dateModified":"2025-06-16T21:14:04+00:00","description":"Une sortie en mer sur un bateau pirate avec baignade dans les criques, d\u00e9jeuner \u00e0 bord et animation ludique pour toute la famille. Une belle fa\u00e7on de passer une journ\u00e9e au bord de la mer !","breadcrumb":{"@id":"https:\/\/skyline-gs.com\/de\/produkt\/pirate-yacht-kemer\/#breadcrumb"},"inLanguage":"fr-FR","potentialAction":[{"@type":"ReadAction","target":["https:\/\/skyline-gs.com\/de\/produkt\/pirate-yacht-kemer\/"]}]},{"@type":"ImageObject","inLanguage":"fr-FR","@id":"https:\/\/skyline-gs.com\/de\/produkt\/pirate-yacht-kemer\/#primaryimage","url":"https:\/\/skyline-gs.com\/wp-content\/uploads\/2022\/05\/7-4.png","contentUrl":"https:\/\/skyline-gs.com\/wp-content\/uploads\/2022\/05\/7-4.png","width":669,"height":446},{"@type":"BreadcrumbList","@id":"https:\/\/skyline-gs.com\/de\/produkt\/pirate-yacht-kemer\/#breadcrumb","itemListElement":[{"@type":"ListItem","position":1,"name":"\u0413\u043b\u0430\u0432\u043d\u0430\u044f \u0441\u0442\u0440\u0430\u043d\u0438\u0446\u0430","item":"https:\/\/skyline-gs.com\/hu\/"},{"@type":"ListItem","position":2,"name":"\u041c\u0430\u0433\u0430\u0437\u0438\u043d","item":"https:\/\/skyline-gs.com\/cs\/shop\/"},{"@type":"ListItem","position":3,"name":"\u041f\u0438\u0440\u0430\u0442\u0441\u043a\u0430\u044f \u044f\u0445\u0442\u0430"}]},{"@type":"WebSite","@id":"https:\/\/skyline-gs.com\/it\/#website","url":"https:\/\/skyline-gs.com\/it\/","name":"Excursions Skyline","description":"Excursions exclusives dans les meilleurs centres de vill\u00e9giature du monde","publisher":{"@id":"https:\/\/skyline-gs.com\/it\/#organization"},"alternateName":"Skyline","potentialAction":[{"@type":"SearchAction","target":{"@type":"EntryPoint","urlTemplate":"https:\/\/skyline-gs.com\/it\/?s={search_term_string}"},"query-input":{"@type":"PropertyValueSpecification","valueRequired":true,"valueName":"search_term_string"}}],"inLanguage":"fr-FR"},{"@type":"Organization","@id":"https:\/\/skyline-gs.com\/it\/#organization","name":"Excursions Skyline","alternateName":"\u042d\u043a\u0441\u043a\u0443\u0440\u0441\u0438\u0438 Skyline","url":"https:\/\/skyline-gs.com\/it\/","logo":{"@type":"ImageObject","inLanguage":"fr-FR","@id":"https:\/\/skyline-gs.com\/it\/#\/schema\/logo\/image\/","url":"https:\/\/skyline-gs.com\/wp-content\/uploads\/2020\/12\/cropped-logo-2.png","contentUrl":"https:\/\/skyline-gs.com\/wp-content\/uploads\/2020\/12\/cropped-logo-2.png","width":512,"height":512,"caption":"\u042d\u043a\u0441\u043a\u0443\u0440\u0441\u0438\u0438 Skyline"},"image":{"@id":"https:\/\/skyline-gs.com\/it\/#\/schema\/logo\/image\/"},"sameAs":["https:\/\/www.instagram.com\/skylineglobalservice\/"]}]}},"_links":{"self":[{"href":"https:\/\/skyline-gs.com\/fr\/wp-json\/wp\/v2\/product\/64174","targetHints":{"allow":["GET"]}}],"collection":[{"href":"https:\/\/skyline-gs.com\/fr\/wp-json\/wp\/v2\/product"}],"about":[{"href":"https:\/\/skyline-gs.com\/fr\/wp-json\/wp\/v2\/types\/product"}],"version-history":[{"count":0,"href":"https:\/\/skyline-gs.com\/fr\/wp-json\/wp\/v2\/product\/64174\/revisions"}],"wp:featuredmedia":[{"embeddable":true,"href":"https:\/\/skyline-gs.com\/fr\/wp-json\/wp\/v2\/media\/37422"}],"wp:attachment":[{"href":"https:\/\/skyline-gs.com\/fr\/wp-json\/wp\/v2\/media?parent=64174"}],"wp:term":[{"taxonomy":"product_brand","embeddable":true,"href":"https:\/\/skyline-gs.com\/fr\/wp-json\/wp\/v2\/product_brand?post=64174"},{"taxonomy":"product_cat","embeddable":true,"href":"https:\/\/skyline-gs.com\/fr\/wp-json\/wp\/v2\/product_cat?post=64174"},{"taxonomy":"product_tag","embeddable":true,"href":"https:\/\/skyline-gs.com\/fr\/wp-json\/wp\/v2\/product_tag?post=64174"}],"curies":[{"name":"wp","href":"https:\/\/api.w.org\/{rel}","templated":true}]}}