{"id":63526,"date":"2025-05-27T22:24:39","date_gmt":"2025-05-27T20:24:39","guid":{"rendered":"http:\/\/skyline-gs.com\/?post_type=product&#038;p=63526"},"modified":"2025-12-23T00:45:32","modified_gmt":"2025-12-22T22:45:32","slug":"grand-tour-en-islande","status":"publish","type":"product","link":"https:\/\/skyline-gs.com\/fr\/product\/big-tour-in-iceland\/","title":{"rendered":"Circuit personnalis\u00e9 : Grand Tour d'Islande (7 jours)"},"content":{"rendered":"<p>Une grande boucle autour de l'Islande avec des glaciers, des volcans, des chutes d'eau, des fjords, des \u00eeles, des sources d'eau chaude et des aurores bor\u00e9ales. Une exp\u00e9rience maximale, sans pr\u00e9cipitation. Et tout cela, accompagn\u00e9 d'un guide exp\u00e9riment\u00e9, soucieux de votre confort et de votre chaleur.<\/p>\n<p><strong>Le caract\u00e8re unique de la visite :<\/strong><\/p>\n<ul>\n<li data-start=\"673\" data-end=\"796\"><strong data-start=\"673\" data-end=\"696\">Couverture de l'ensemble de l'Islande<\/strong> - voyager le long de la Ring Road : chutes d'eau, fjords, geysers, volcans et glaciers en un seul itin\u00e9raire.<\/li>\n<li data-start=\"800\" data-end=\"915\"><strong data-start=\"800\" data-end=\"822\">L'\u00e9quilibre optimal<\/strong> - Un programme riche sans surcharge : des moments forts et des endroits isol\u00e9s.<\/li>\n<li data-start=\"919\" data-end=\"1051\"><strong data-start=\"919\" data-end=\"941\">Confort et flexibilit\u00e9<\/strong> - approche individuelle, possibilit\u00e9 d'adapter l'itin\u00e9raire et h\u00e9bergement dans des lieux atmosph\u00e9riques avec vue sur la nature.<\/li>\n<\/ul>\n<p><strong>Jour 1 : Reykjav\u00edk et l'Anneau d'Or<\/strong><\/p>\n<p><strong>8:00 - D\u00e9part du hall de l'h\u00f4tel<\/strong><\/p>\n<ul>\n<li data-start=\"558\" data-end=\"654\"><strong data-start=\"558\" data-end=\"590\">Parc national de \u00deingvellir<\/strong> - le lieu de rencontre des plaques tectoniques et le premier parlement du monde.<\/li>\n<li data-start=\"657\" data-end=\"725\"><strong data-start=\"657\" data-end=\"676\">Geyser Strokkur<\/strong> - un v\u00e9ritable pilier d'eau bouillante dans le ciel toutes les sept minutes.<\/li>\n<li data-start=\"728\" data-end=\"807\"><strong data-start=\"728\" data-end=\"755\">La puissante chute d'eau de Gullfoss<\/strong> - Les \u00abchutes d'or\u00bb ont donn\u00e9 leur nom \u00e0 l'ensemble de l'itin\u00e9raire pour une bonne raison.<\/li>\n<li data-start=\"810\" data-end=\"879\"><strong data-start=\"810\" data-end=\"826\">Crat\u00e8re de Kerid<\/strong> (entr\u00e9e ~5 \u20ac) - un lac parfaitement rond \u00e0 l'int\u00e9rieur du crat\u00e8re.<\/li>\n<li data-start=\"882\" data-end=\"973\"><strong data-start=\"882\" data-end=\"911\">Ferme de tomates Fri\u00f0heimar<\/strong> - une serre unique o\u00f9 les tomates poussent sous le soleil du nord.<\/li>\n<li><strong>Visite du Lagon Bleu ou du Sky Lagoon<\/strong> - relaxation thermique avec vue sur l'oc\u00e9an.<\/li>\n<\/ul>\n<p><strong>Jour 2 : Reykjav\u00edk - culture, baleines et panoramas<\/strong><\/p>\n<ul>\n<li><strong>Visite de Reykjav\u00edk<\/strong>:<\/li>\n<li>Hallgr\u00edmskirkja<\/li>\n<li>Harpa<\/li>\n<li>S\u00f3lfar<\/li>\n<li>Le vieux port et la rue Laugavegur<\/li>\n<li>Le Parlement et le lac Tj\u00f6rnin<\/li>\n<\/ul>\n<p>Choix :<\/p>\n<ul>\n<li data-start=\"1532\" data-end=\"1584\"><strong>Safari aux baleines de mer<\/strong> (classique\/premium)<\/li>\n<li data-start=\"1587\" data-end=\"1636\"><strong>FlyOver Islande<\/strong> - Vol 5D au-dessus de tout le pays<\/li>\n<li data-start=\"1639\" data-end=\"1688\"><strong>spectacle de lave<\/strong>, le mus\u00e9e Perlan, le mus\u00e9e de la Baleine<\/li>\n<li data-start=\"1691\" data-end=\"1730\"><strong>Visite des piscines thermales<\/strong><\/li>\n<\/ul>\n<p><strong>Jour 3 : L'\u00eele de Heimaey et l'Atlantique<\/strong><\/p>\n<ul>\n<li data-start=\"1898\" data-end=\"1943\">Le ferry pour <strong>\u00cele de Heimaey<\/strong> (aller-retour ~240 \u20ac)<\/li>\n<li data-start=\"1946\" data-end=\"2011\"><strong>Une promenade dans les champs de lave<\/strong>, gel\u00e9 apr\u00e8s l'\u00e9ruption de 1973.<\/li>\n<li data-start=\"2014\" data-end=\"2078\">Vigies, oiseaux de mer, <strong>la possibilit\u00e9 de voir des personnes mortes<\/strong><\/li>\n<li data-start=\"2081\" data-end=\"2143\">Retour sur le continent par <strong data-start=\"2110\" data-end=\"2130\">Un lagon secret<\/strong> (entr\u00e9e ~30 \u20ac)<\/li>\n<\/ul>\n<p><strong>Jour 4-5 : C\u00f4te sud et glaciers<\/strong><\/p>\n<ul>\n<li data-start=\"2308\" data-end=\"2373\">Chutes d'eau <strong data-start=\"2317\" data-end=\"2335\">Seljalandsfoss<\/strong> (avec un sentier derri\u00e8re le ruisseau) et <strong data-start=\"2360\" data-end=\"2373\">Sk\u00f3gafoss<\/strong><\/li>\n<li data-start=\"2376\" data-end=\"2425\">Le rocher <strong data-start=\"2382\" data-end=\"2395\">Dyrh\u00f3laey<\/strong> et la plage noire <strong data-start=\"2410\" data-end=\"2425\">Reynisfjara<\/strong><\/li>\n<li data-start=\"2428\" data-end=\"2482\"><strong data-start=\"2428\" data-end=\"2453\">Un avion DC-3 accident\u00e9<\/strong> (optionnel, transfert : 25 \u20ac)<\/li>\n<li data-start=\"2485\" data-end=\"2510\"><strong data-start=\"2485\" data-end=\"2510\">Canyon de Fja\u00f0r\u00e1rglj\u00fafur<\/strong><\/li>\n<li data-start=\"2513\" data-end=\"2566\"><strong data-start=\"2513\" data-end=\"2546\">La lagune glaciaire de J\u00f6kuls\u00e1rl\u00f3n<\/strong> \u0438 <strong data-start=\"2549\" data-end=\"2566\">Plage de Diamant<\/strong><\/li>\n<li data-start=\"2569\" data-end=\"2637\">Possibilit\u00e9 de compl\u00e9ter le circuit par une excursion \u00e0 la grotte de glace de Katla (~200 \u20ac)<\/li>\n<\/ul>\n<p><strong>Jour 6 : Reykjavik<\/strong><\/p>\n<ul>\n<li>Loisirs, shopping, culture - journ\u00e9e libre<\/li>\n<\/ul>\n<p><strong>Jour 7 : Ouest de l'Islande - P\u00e9ninsule de Snaefellsnes<\/strong><\/p>\n<ul>\n<li data-start=\"2985\" data-end=\"3022\"><strong data-start=\"2985\" data-end=\"2999\">Ytri-Tunga<\/strong> - plage de harbour seal<\/li>\n<li data-start=\"3025\" data-end=\"3078\"><strong data-start=\"3025\" data-end=\"3040\">Kirkjufell<\/strong> - La montagne la plus photographi\u00e9e d'Islande<\/li>\n<li data-start=\"3081\" data-end=\"3135\"><strong data-start=\"3081\" data-end=\"3095\">Arnarstapi<\/strong> - un promontoire rocheux avec une arche et des nids de mouettes<\/li>\n<li data-start=\"3138\" data-end=\"3191\"><strong data-start=\"3138\" data-end=\"3157\">Djupalonssandur<\/strong> - une plage noire avec une \u00e9pave<\/li>\n<\/ul>\n<p data-start=\"3117\" data-end=\"3126\"><strong>20:00 - Retour \u00e0 l'h\u00f4tel<\/strong><\/p>\n<p><strong>Inclus :<\/strong><\/p>\n<ul>\n<li>Transfert depuis et vers l'h\u00f4tel<\/li>\n<li>Transferts dans un confortable SUV 4\u00d74 avec air conditionn\u00e9<\/li>\n<li>Guide parlant russe<\/li>\n<li>Carburant<\/li>\n<\/ul>\n<p><strong>Non inclus :<\/strong><\/p>\n<ul>\n<li>H\u00e9bergement (h\u00f4tels ou chalets)<\/li>\n<li>Billets d'entr\u00e9e<\/li>\n<li>Baignade dans les sources thermales (\u00e0 partir de 30 euros)<\/li>\n<li>Repas (facultatif, caf\u00e9s le long de la route)<\/li>\n<li>Parkings payants le long de l'itin\u00e9raire<\/li>\n<\/ul>\n<p><strong>Emportez-le avec vous :<\/strong><\/p>\n<ul>\n<li>Appareil photo<\/li>\n<li>Chaussures confortables<\/li>\n<li>V\u00eatements chauds<\/li>\n<li>Argent pour les d\u00e9penses personnelles<\/li>\n<\/ul>","protected":false},"excerpt":{"rendered":"<p><strong>Temps du Tour: <\/strong>7 jours<\/p>\n<p><strong>Jours de D\u00e9roulement: <\/strong>Tous les jours.<\/p>","protected":false},"featured_media":63535,"template":"","meta":{"_kad_post_transparent":"default","_kad_post_title":"","_kad_post_layout":"default","_kad_post_sidebar_id":"","_kad_post_content_style":"default","_kad_post_vertical_padding":"default","_kad_post_feature":"","_kad_post_feature_position":"","_kad_post_header":false,"_kad_post_footer":false,"_kad_post_classname":"","_glsr_average":0,"_glsr_ranking":0,"_glsr_reviews":0},"product_brand":[],"product_cat":[467],"product_tag":[],"class_list":{"0":"post-63526","1":"product","2":"type-product","3":"status-publish","4":"has-post-thumbnail","6":"product_cat-iceland","7":"tm-has-options","9":"first","10":"instock","11":"sold-individually","12":"taxable","13":"shipping-taxable","14":"purchasable","15":"product-type-simple","16":"entry","17":"content-bg","18":"loop-entry"},"yoast_head":"<!-- This site is optimized with the Yoast SEO plugin v27.4 - https:\/\/yoast.com\/product\/yoast-seo-wordpress\/ -->\n<title>\u0418\u043d\u0434\u0438\u0432\u0438\u0434\u0443\u0430\u043b\u044c\u043d\u044b\u0439 \u0442\u0443\u0440: \u0411\u043e\u043b\u044c\u0448\u043e\u0439 \u0442\u0443\u0440 \u043f\u043e \u0418\u0441\u043b\u0430\u043d\u0434\u0438\u0438 (7 \u0434\u043d\u0435\u0439) &#8226; \u042d\u043a\u0441\u043a\u0443\u0440\u0441\u0438\u0438 Skyline<\/title>\n<meta name=\"robots\" content=\"index, follow, max-snippet:-1, max-image-preview:large, max-video-preview:-1\" \/>\n<link rel=\"canonical\" href=\"https:\/\/skyline-gs.com\/fr\/produit\/grand-tour-en-islande\/\" \/>\n<meta property=\"og:locale\" content=\"fr_FR\" \/>\n<meta property=\"og:type\" content=\"article\" \/>\n<meta property=\"og:title\" content=\"\u0418\u043d\u0434\u0438\u0432\u0438\u0434\u0443\u0430\u043b\u044c\u043d\u044b\u0439 \u0442\u0443\u0440: \u0411\u043e\u043b\u044c\u0448\u043e\u0439 \u0442\u0443\u0440 \u043f\u043e \u0418\u0441\u043b\u0430\u043d\u0434\u0438\u0438 (7 \u0434\u043d\u0435\u0439) &#8226; \u042d\u043a\u0441\u043a\u0443\u0440\u0441\u0438\u0438 Skyline\" \/>\n<meta property=\"og:description\" content=\"\u0412\u0440\u0435\u043c\u044f \u0442\u0443\u0440\u0430: 7 \u0434\u043d\u0435\u0439  \u0414\u043d\u0438 \u043f\u0440\u043e\u0432\u0435\u0434\u0435\u043d\u0438\u044f: \u041a\u0430\u0436\u0434\u044b\u0439 \u0434\u0435\u043d\u044c\" \/>\n<meta property=\"og:url\" content=\"https:\/\/skyline-gs.com\/fr\/produit\/grand-tour-en-islande\/\" \/>\n<meta property=\"og:site_name\" content=\"\u042d\u043a\u0441\u043a\u0443\u0440\u0441\u0438\u0438 Skyline\" \/>\n<meta property=\"article:modified_time\" content=\"2025-12-22T22:45:32+00:00\" \/>\n<meta property=\"og:image\" content=\"https:\/\/skyline-gs.com\/wp-content\/uploads\/2025\/05\/caption-3.jpg\" \/>\n\t<meta property=\"og:image:width\" content=\"1400\" \/>\n\t<meta property=\"og:image:height\" content=\"1000\" \/>\n\t<meta property=\"og:image:type\" content=\"image\/jpeg\" \/>\n<meta name=\"twitter:card\" content=\"summary_large_image\" \/>\n<meta name=\"twitter:label1\" content=\"Dur\u00e9e de lecture estim\u00e9e\" \/>\n\t<meta name=\"twitter:data1\" content=\"3 minutes\" \/>\n<script type=\"application\/ld+json\" class=\"yoast-schema-graph\">{\"@context\":\"https:\\\/\\\/schema.org\",\"@graph\":[{\"@type\":\"WebPage\",\"@id\":\"https:\\\/\\\/skyline-gs.com\\\/pl\\\/produkt\\\/big-tour-in-iceland\\\/\",\"url\":\"https:\\\/\\\/skyline-gs.com\\\/pl\\\/produkt\\\/big-tour-in-iceland\\\/\",\"name\":\"\u0418\u043d\u0434\u0438\u0432\u0438\u0434\u0443\u0430\u043b\u044c\u043d\u044b\u0439 \u0442\u0443\u0440: \u0411\u043e\u043b\u044c\u0448\u043e\u0439 \u0442\u0443\u0440 \u043f\u043e \u0418\u0441\u043b\u0430\u043d\u0434\u0438\u0438 (7 \u0434\u043d\u0435\u0439) &#8226; \u042d\u043a\u0441\u043a\u0443\u0440\u0441\u0438\u0438 Skyline\",\"isPartOf\":{\"@id\":\"https:\\\/\\\/skyline-gs.com\\\/it\\\/#website\"},\"primaryImageOfPage\":{\"@id\":\"https:\\\/\\\/skyline-gs.com\\\/pl\\\/produkt\\\/big-tour-in-iceland\\\/#primaryimage\"},\"image\":{\"@id\":\"https:\\\/\\\/skyline-gs.com\\\/pl\\\/produkt\\\/big-tour-in-iceland\\\/#primaryimage\"},\"thumbnailUrl\":\"https:\\\/\\\/skyline-gs.com\\\/wp-content\\\/uploads\\\/2025\\\/05\\\/caption-3.jpg\",\"datePublished\":\"2025-05-27T20:24:39+00:00\",\"dateModified\":\"2025-12-22T22:45:32+00:00\",\"breadcrumb\":{\"@id\":\"https:\\\/\\\/skyline-gs.com\\\/pl\\\/produkt\\\/big-tour-in-iceland\\\/#breadcrumb\"},\"inLanguage\":\"fr-FR\",\"potentialAction\":[{\"@type\":\"ReadAction\",\"target\":[\"https:\\\/\\\/skyline-gs.com\\\/pl\\\/produkt\\\/big-tour-in-iceland\\\/\"]}]},{\"@type\":\"ImageObject\",\"inLanguage\":\"fr-FR\",\"@id\":\"https:\\\/\\\/skyline-gs.com\\\/pl\\\/produkt\\\/big-tour-in-iceland\\\/#primaryimage\",\"url\":\"https:\\\/\\\/skyline-gs.com\\\/wp-content\\\/uploads\\\/2025\\\/05\\\/caption-3.jpg\",\"contentUrl\":\"https:\\\/\\\/skyline-gs.com\\\/wp-content\\\/uploads\\\/2025\\\/05\\\/caption-3.jpg\",\"width\":1400,\"height\":1000},{\"@type\":\"BreadcrumbList\",\"@id\":\"https:\\\/\\\/skyline-gs.com\\\/pl\\\/produkt\\\/big-tour-in-iceland\\\/#breadcrumb\",\"itemListElement\":[{\"@type\":\"ListItem\",\"position\":1,\"name\":\"\u0413\u043b\u0430\u0432\u043d\u0430\u044f \u0441\u0442\u0440\u0430\u043d\u0438\u0446\u0430\",\"item\":\"https:\\\/\\\/skyline-gs.com\\\/hu\\\/\"},{\"@type\":\"ListItem\",\"position\":2,\"name\":\"\u041c\u0430\u0433\u0430\u0437\u0438\u043d\",\"item\":\"https:\\\/\\\/skyline-gs.com\\\/cs\\\/shop\\\/\"},{\"@type\":\"ListItem\",\"position\":3,\"name\":\"\u0418\u043d\u0434\u0438\u0432\u0438\u0434\u0443\u0430\u043b\u044c\u043d\u044b\u0439 \u0442\u0443\u0440: \u0411\u043e\u043b\u044c\u0448\u043e\u0439 \u0442\u0443\u0440 \u043f\u043e \u0418\u0441\u043b\u0430\u043d\u0434\u0438\u0438 (7 \u0434\u043d\u0435\u0439)\"}]},{\"@type\":\"WebSite\",\"@id\":\"https:\\\/\\\/skyline-gs.com\\\/it\\\/#website\",\"url\":\"https:\\\/\\\/skyline-gs.com\\\/it\\\/\",\"name\":\"\u042d\u043a\u0441\u043a\u0443\u0440\u0441\u0438\u0438 Skyline\",\"description\":\"\u042d\u043a\u0441\u043a\u043b\u044e\u0437\u0438\u0432\u043d\u044b\u0435 \u044d\u043a\u0441\u043a\u0443\u0440\u0441\u0438\u0438 \u043d\u0430 \u043b\u0443\u0447\u0448\u0438\u0445 \u043a\u0443\u0440\u043e\u0440\u0442\u0430\u0445 \u043c\u0438\u0440\u0430\",\"publisher\":{\"@id\":\"https:\\\/\\\/skyline-gs.com\\\/it\\\/#organization\"},\"alternateName\":\"Skyline\",\"potentialAction\":[{\"@type\":\"SearchAction\",\"target\":{\"@type\":\"EntryPoint\",\"urlTemplate\":\"https:\\\/\\\/skyline-gs.com\\\/it\\\/?s={search_term_string}\"},\"query-input\":{\"@type\":\"PropertyValueSpecification\",\"valueRequired\":true,\"valueName\":\"search_term_string\"}}],\"inLanguage\":\"fr-FR\"},{\"@type\":\"Organization\",\"@id\":\"https:\\\/\\\/skyline-gs.com\\\/it\\\/#organization\",\"name\":\"\u042d\u043a\u0441\u043a\u0443\u0440\u0441\u0438\u0438 Skyline\",\"alternateName\":\"\u042d\u043a\u0441\u043a\u0443\u0440\u0441\u0438\u0438 Skyline\",\"url\":\"https:\\\/\\\/skyline-gs.com\\\/it\\\/\",\"logo\":{\"@type\":\"ImageObject\",\"inLanguage\":\"fr-FR\",\"@id\":\"https:\\\/\\\/skyline-gs.com\\\/it\\\/#\\\/schema\\\/logo\\\/image\\\/\",\"url\":\"https:\\\/\\\/skyline-gs.com\\\/wp-content\\\/uploads\\\/2020\\\/12\\\/cropped-logo-2.png\",\"contentUrl\":\"https:\\\/\\\/skyline-gs.com\\\/wp-content\\\/uploads\\\/2020\\\/12\\\/cropped-logo-2.png\",\"width\":512,\"height\":512,\"caption\":\"\u042d\u043a\u0441\u043a\u0443\u0440\u0441\u0438\u0438 Skyline\"},\"image\":{\"@id\":\"https:\\\/\\\/skyline-gs.com\\\/it\\\/#\\\/schema\\\/logo\\\/image\\\/\"},\"sameAs\":[\"https:\\\/\\\/www.instagram.com\\\/skylineglobalservice\\\/\"]}]}<\/script>\n<!-- \/ Yoast SEO plugin. -->","yoast_head_json":{"title":"Circuit personnalis\u00e9 : Grand Tour d'Islande (7 jours) - Skyline Excursions","robots":{"index":"index","follow":"follow","max-snippet":"max-snippet:-1","max-image-preview":"max-image-preview:large","max-video-preview":"max-video-preview:-1"},"canonical":"https:\/\/skyline-gs.com\/fr\/produit\/grand-tour-en-islande\/","og_locale":"fr_FR","og_type":"article","og_title":"\u0418\u043d\u0434\u0438\u0432\u0438\u0434\u0443\u0430\u043b\u044c\u043d\u044b\u0439 \u0442\u0443\u0440: \u0411\u043e\u043b\u044c\u0448\u043e\u0439 \u0442\u0443\u0440 \u043f\u043e \u0418\u0441\u043b\u0430\u043d\u0434\u0438\u0438 (7 \u0434\u043d\u0435\u0439) &#8226; \u042d\u043a\u0441\u043a\u0443\u0440\u0441\u0438\u0438 Skyline","og_description":"\u0412\u0440\u0435\u043c\u044f \u0442\u0443\u0440\u0430: 7 \u0434\u043d\u0435\u0439  \u0414\u043d\u0438 \u043f\u0440\u043e\u0432\u0435\u0434\u0435\u043d\u0438\u044f: \u041a\u0430\u0436\u0434\u044b\u0439 \u0434\u0435\u043d\u044c","og_url":"https:\/\/skyline-gs.com\/fr\/produit\/grand-tour-en-islande\/","og_site_name":"\u042d\u043a\u0441\u043a\u0443\u0440\u0441\u0438\u0438 Skyline","article_modified_time":"2025-12-22T22:45:32+00:00","og_image":[{"width":1400,"height":1000,"url":"https:\/\/skyline-gs.com\/wp-content\/uploads\/2025\/05\/caption-3.jpg","type":"image\/jpeg"}],"twitter_card":"summary_large_image","twitter_misc":{"Dur\u00e9e de lecture estim\u00e9e":"3 minutes"},"schema":{"@context":"https:\/\/schema.org","@graph":[{"@type":"WebPage","@id":"https:\/\/skyline-gs.com\/pl\/produkt\/big-tour-in-iceland\/","url":"https:\/\/skyline-gs.com\/pl\/produkt\/big-tour-in-iceland\/","name":"Circuit personnalis\u00e9 : Grand Tour d'Islande (7 jours) - Skyline Excursions","isPartOf":{"@id":"https:\/\/skyline-gs.com\/it\/#website"},"primaryImageOfPage":{"@id":"https:\/\/skyline-gs.com\/pl\/produkt\/big-tour-in-iceland\/#primaryimage"},"image":{"@id":"https:\/\/skyline-gs.com\/pl\/produkt\/big-tour-in-iceland\/#primaryimage"},"thumbnailUrl":"https:\/\/skyline-gs.com\/wp-content\/uploads\/2025\/05\/caption-3.jpg","datePublished":"2025-05-27T20:24:39+00:00","dateModified":"2025-12-22T22:45:32+00:00","breadcrumb":{"@id":"https:\/\/skyline-gs.com\/pl\/produkt\/big-tour-in-iceland\/#breadcrumb"},"inLanguage":"fr-FR","potentialAction":[{"@type":"ReadAction","target":["https:\/\/skyline-gs.com\/pl\/produkt\/big-tour-in-iceland\/"]}]},{"@type":"ImageObject","inLanguage":"fr-FR","@id":"https:\/\/skyline-gs.com\/pl\/produkt\/big-tour-in-iceland\/#primaryimage","url":"https:\/\/skyline-gs.com\/wp-content\/uploads\/2025\/05\/caption-3.jpg","contentUrl":"https:\/\/skyline-gs.com\/wp-content\/uploads\/2025\/05\/caption-3.jpg","width":1400,"height":1000},{"@type":"BreadcrumbList","@id":"https:\/\/skyline-gs.com\/pl\/produkt\/big-tour-in-iceland\/#breadcrumb","itemListElement":[{"@type":"ListItem","position":1,"name":"\u0413\u043b\u0430\u0432\u043d\u0430\u044f \u0441\u0442\u0440\u0430\u043d\u0438\u0446\u0430","item":"https:\/\/skyline-gs.com\/hu\/"},{"@type":"ListItem","position":2,"name":"\u041c\u0430\u0433\u0430\u0437\u0438\u043d","item":"https:\/\/skyline-gs.com\/cs\/shop\/"},{"@type":"ListItem","position":3,"name":"\u0418\u043d\u0434\u0438\u0432\u0438\u0434\u0443\u0430\u043b\u044c\u043d\u044b\u0439 \u0442\u0443\u0440: \u0411\u043e\u043b\u044c\u0448\u043e\u0439 \u0442\u0443\u0440 \u043f\u043e \u0418\u0441\u043b\u0430\u043d\u0434\u0438\u0438 (7 \u0434\u043d\u0435\u0439)"}]},{"@type":"WebSite","@id":"https:\/\/skyline-gs.com\/it\/#website","url":"https:\/\/skyline-gs.com\/it\/","name":"Excursions Skyline","description":"Excursions exclusives dans les meilleurs centres de vill\u00e9giature du monde","publisher":{"@id":"https:\/\/skyline-gs.com\/it\/#organization"},"alternateName":"Skyline","potentialAction":[{"@type":"SearchAction","target":{"@type":"EntryPoint","urlTemplate":"https:\/\/skyline-gs.com\/it\/?s={search_term_string}"},"query-input":{"@type":"PropertyValueSpecification","valueRequired":true,"valueName":"search_term_string"}}],"inLanguage":"fr-FR"},{"@type":"Organization","@id":"https:\/\/skyline-gs.com\/it\/#organization","name":"Excursions Skyline","alternateName":"\u042d\u043a\u0441\u043a\u0443\u0440\u0441\u0438\u0438 Skyline","url":"https:\/\/skyline-gs.com\/it\/","logo":{"@type":"ImageObject","inLanguage":"fr-FR","@id":"https:\/\/skyline-gs.com\/it\/#\/schema\/logo\/image\/","url":"https:\/\/skyline-gs.com\/wp-content\/uploads\/2020\/12\/cropped-logo-2.png","contentUrl":"https:\/\/skyline-gs.com\/wp-content\/uploads\/2020\/12\/cropped-logo-2.png","width":512,"height":512,"caption":"\u042d\u043a\u0441\u043a\u0443\u0440\u0441\u0438\u0438 Skyline"},"image":{"@id":"https:\/\/skyline-gs.com\/it\/#\/schema\/logo\/image\/"},"sameAs":["https:\/\/www.instagram.com\/skylineglobalservice\/"]}]}},"_links":{"self":[{"href":"https:\/\/skyline-gs.com\/fr\/wp-json\/wp\/v2\/product\/63526","targetHints":{"allow":["GET"]}}],"collection":[{"href":"https:\/\/skyline-gs.com\/fr\/wp-json\/wp\/v2\/product"}],"about":[{"href":"https:\/\/skyline-gs.com\/fr\/wp-json\/wp\/v2\/types\/product"}],"version-history":[{"count":0,"href":"https:\/\/skyline-gs.com\/fr\/wp-json\/wp\/v2\/product\/63526\/revisions"}],"wp:featuredmedia":[{"embeddable":true,"href":"https:\/\/skyline-gs.com\/fr\/wp-json\/wp\/v2\/media\/63535"}],"wp:attachment":[{"href":"https:\/\/skyline-gs.com\/fr\/wp-json\/wp\/v2\/media?parent=63526"}],"wp:term":[{"taxonomy":"product_brand","embeddable":true,"href":"https:\/\/skyline-gs.com\/fr\/wp-json\/wp\/v2\/product_brand?post=63526"},{"taxonomy":"product_cat","embeddable":true,"href":"https:\/\/skyline-gs.com\/fr\/wp-json\/wp\/v2\/product_cat?post=63526"},{"taxonomy":"product_tag","embeddable":true,"href":"https:\/\/skyline-gs.com\/fr\/wp-json\/wp\/v2\/product_tag?post=63526"}],"curies":[{"name":"wp","href":"https:\/\/api.w.org\/{rel}","templated":true}]}}