{"id":63441,"date":"2025-05-22T23:28:41","date_gmt":"2025-05-22T21:28:41","guid":{"rendered":"http:\/\/skyline-gs.com\/?post_type=product&#038;p=63441"},"modified":"2025-12-23T00:44:04","modified_gmt":"2025-12-22T22:44:04","slug":"the-full-ring-of-iceland","status":"publish","type":"product","link":"https:\/\/skyline-gs.com\/fr\/product\/the-full-ring-of-iceland\/","title":{"rendered":"\u0418\u043d\u0434\u0438\u0432\u0438\u0434\u0443\u0430\u043b\u044c\u043d\u044b\u0439 \u0442\u0443\u0440: \u041f\u043e\u043b\u043d\u043e\u0435 \u043a\u043e\u043b\u044c\u0446\u043e \u0418\u0441\u043b\u0430\u043d\u0434\u0438\u0438 (7 \u0434\u043d\u0435\u0439)"},"content":{"rendered":"<p>L'itin\u00e9raire le plus intense de toute l'\u00eele : glaciers, volcans, fjords, cascades, sources d'eau chaude, plages noires et paysages \u00e9th\u00e9r\u00e9s. En une semaine, vous verrez tout ce que les gens recherchent en Islande - et plus encore.<\/p>\n<p><strong>Le caract\u00e8re unique de la visite :<\/strong><\/p>\n<ul>\n<li>Une boucle compl\u00e8te autour de toutes les r\u00e9gions d'Islande<\/li>\n<li>Comprend \u00e0 la fois des lieux populaires et des joyaux cach\u00e9s<\/li>\n<li>Convient aussi bien \u00e0 une premi\u00e8re visite qu'\u00e0 ceux qui veulent \"tout voir\"<\/li>\n<\/ul>\n<p><strong>Jour 1 : L'anneau d'or et la route du sud<\/strong><\/p>\n<p><strong>9:00 - D\u00e9part du hall de l'h\u00f4tel.<\/strong><\/p>\n<ul>\n<li>Nous commen\u00e7ons notre voyage avec <strong>Parc national de Tingvellir<\/strong>o\u00f9 se situent les limites des plaques tectoniques<\/li>\n<li>Pr\u00e9sence <strong>du geyser Strokkur<\/strong> et la r\u00e9gion thermale de H\u00f8jkadalur<\/li>\n<li>Puissant <strong>Chute d'eau de G\u00fcdlfoss<\/strong>un des symboles de l'Islande<\/li>\n<li>Nous terminons la journ\u00e9e \u00e0 <strong>du crat\u00e8re de Caryd<\/strong><\/li>\n<li>Nuit dans la r\u00e9gion de la c\u00f4te sud<\/li>\n<\/ul>\n<p><strong>Jour 2 : C\u00f4te sud - chutes d'eau, plages et glacier<\/strong><\/p>\n<ul>\n<li>Cascades du matin : <strong>Seljalandsfoss<\/strong> \u0438 <strong>Skougafoss<\/strong><\/li>\n<li>Une promenade sur une plage noire <strong>Reynisfiara<\/strong> avec des roches basaltiques<\/li>\n<li>Un arr\u00eat \u00e0 la falaise <strong>Deerholaay<\/strong><\/li>\n<li>Excursion au glacier <strong>Solheimaj\u00f6kull<\/strong>randonn\u00e9e guid\u00e9e facultative<\/li>\n<li>Nuit \u00e0 proximit\u00e9 du village de Vic<\/li>\n<\/ul>\n<p><strong>Jour 3 : Canyons, lagune de J\u00f6kuls\u00e1rl\u00f3n et plage de Diamond Beach<\/strong><\/p>\n<ul>\n<li>Marche dans les canyons <strong>Fiadrargljufur<\/strong><\/li>\n<li>Les champs de lave d'Eldhraun sont parmi les plus \u00e9tendus au monde.<\/li>\n<li>Visite de la lagune glaciaire <strong>J\u00f6kuls\u00e1rl\u00f3n<\/strong> \u0438 <strong>Plage de Diamant<\/strong><\/li>\n<li>Promenade en bateau sur la lagune (en saison)<\/li>\n<li>Nuit au pied du glacier Vatnaj\u00f6kull<\/li>\n<\/ul>\n<p><strong>Jour 4 : Fjords orientaux<\/strong><\/p>\n<ul>\n<li>Le tron\u00e7on le plus pittoresque : des routes sinueuses entre les <strong>fjords orientaux<\/strong><\/li>\n<li>Escale dans un village de p\u00eacheurs <strong>Dupivogur<\/strong><\/li>\n<li>Marcher le long de l'oc\u00e9an, observer les oiseaux de mer et les phoques<\/li>\n<li>Le soir, baignade dans une source d'eau chaude sur la plage.<\/li>\n<li>Nuit dans la r\u00e9gion d'Egilsstadir<\/li>\n<\/ul>\n<p><strong>Jour 5 : Paysages lunaires et nord g\u00e9othermique<\/strong><\/p>\n<ul>\n<li>Traverser les plateaux de lave pour <strong>Lac M\u00fdvatn<\/strong> - r\u00e9gion fantastique de formes volcaniques<\/li>\n<li>Pr\u00e9sence <strong>Scutustadir pseudocraters.<\/strong><\/li>\n<li>Une promenade le long de <strong>jusqu'\u00e0 la ville de lave de Dimmuborgir.<\/strong><\/li>\n<li>Bains g\u00e9othermiques <strong>M<\/strong><strong>\u00fd<\/strong><strong>vatn<\/strong> <strong>Nature<\/strong> <strong>Bains<\/strong><\/li>\n<li>Un voyage \u00e0 <strong>au champ de soufre de Namascard<\/strong> et le crat\u00e8re <strong>Viti<\/strong><\/li>\n<li>Nuit dans la ville d'Akureyri<\/li>\n<\/ul>\n<p><strong>Jour 6 : Le Nord et les chutes d'eau des dieux<\/strong><\/p>\n<ul>\n<li>Le matin du <strong>Akureyri<\/strong> - capitale du nord, promenade en ville<\/li>\n<li>Une excursion dans l'une des plus belles chutes d'eau du pays - <strong>Godafossou<\/strong><\/li>\n<li>Route \u00e0 travers la vall\u00e9e de Skagafjordur, centre de l'\u00e9levage de chevaux islandais<\/li>\n<li>Visite d'une ferme, rencontre avec des chevaux islandais<\/li>\n<li>Nuit dans le nord-ouest du pays<\/li>\n<\/ul>\n<p><strong>Jour 7 : Champs de lave et retour par Reykjanes<\/strong><\/p>\n<ul>\n<li>Traverser les champs de lave de l'ouest de l'Islande<\/li>\n<li>S'arr\u00eater \u00e0 <strong>Chutes de Hraunfossar<\/strong> \u0438 <strong>Barnafoss<\/strong><\/li>\n<li>R\u00e9gion g\u00e9othermique <strong>Deildartunguhver<\/strong> et bain dans le Krauma Spa (facultatif)<\/li>\n<li>Retour \u00e0 Reykjavik dans la soir\u00e9e, transfert \u00e0 l'h\u00f4tel<\/li>\n<\/ul>\n<p><strong>19:00 - Retour \u00e0 l'h\u00f4tel.<\/strong><\/p>\n<p><strong>Inclus :<\/strong><\/p>\n<ul>\n<li>Transfert depuis et vers l'h\u00f4tel<\/li>\n<li>Transferts dans un confortable SUV 4\u00d74 avec air conditionn\u00e9<\/li>\n<li>Guide parlant russe<\/li>\n<li>Carburant<\/li>\n<\/ul>\n<p><strong>Non inclus :<\/strong><\/p>\n<ul>\n<li>H\u00e9bergement (6 nuits en route - est, nord, ouest de l'Islande)<\/li>\n<li>Repas (facultatif, caf\u00e9s le long de la route)<\/li>\n<li>Activit\u00e9s suppl\u00e9mentaires facultatives :<\/li>\n<li>Baignade dans les sources thermales (\u00e0 partir de 30 euros)<\/li>\n<li>Visite du safari baleines \u00e0 Husavik (\u00e0 partir de 85 euros par personne)<\/li>\n<li>Grottes glaciaires ou kayak dans la lagune (\u00e0 partir de 120 \u20ac)<\/li>\n<li>Mus\u00e9es, fermes, excursions locales (\u00e0 partir de 15 euros)<\/li>\n<li>Parkings payants le long de l'itin\u00e9raire<\/li>\n<\/ul>\n<p><strong>Emportez-le avec vous :<\/strong><\/p>\n<ul>\n<li>Appareil photo<\/li>\n<li>Chaussures confortables<\/li>\n<li>V\u00eatements chauds<\/li>\n<li>Argent pour les d\u00e9penses personnelles<\/li>\n<\/ul>","protected":false},"excerpt":{"rendered":"<p><strong>Temps du Tour: <\/strong>7 jours<\/p>\n<p><strong>Jours de D\u00e9roulement: <\/strong>Tous les jours.<\/p>","protected":false},"featured_media":63444,"template":"","meta":{"_kad_post_transparent":"default","_kad_post_title":"","_kad_post_layout":"default","_kad_post_sidebar_id":"","_kad_post_content_style":"default","_kad_post_vertical_padding":"default","_kad_post_feature":"","_kad_post_feature_position":"","_kad_post_header":false,"_kad_post_footer":false,"_kad_post_classname":"","_glsr_average":0,"_glsr_ranking":0,"_glsr_reviews":0},"product_brand":[],"product_cat":[467],"product_tag":[],"class_list":{"0":"post-63441","1":"product","2":"type-product","3":"status-publish","4":"has-post-thumbnail","6":"product_cat-iceland","7":"tm-has-options","9":"first","10":"instock","11":"sold-individually","12":"taxable","13":"shipping-taxable","14":"purchasable","15":"product-type-simple","16":"entry","17":"content-bg","18":"loop-entry"},"yoast_head":"<!-- This site is optimized with the Yoast SEO plugin v27.3 - https:\/\/yoast.com\/product\/yoast-seo-wordpress\/ -->\n<title>\u0418\u043d\u0434\u0438\u0432\u0438\u0434\u0443\u0430\u043b\u044c\u043d\u044b\u0439 \u0442\u0443\u0440: \u041f\u043e\u043b\u043d\u043e\u0435 \u043a\u043e\u043b\u044c\u0446\u043e \u0418\u0441\u043b\u0430\u043d\u0434\u0438\u0438 (7 \u0434\u043d\u0435\u0439) &#8226; \u042d\u043a\u0441\u043a\u0443\u0440\u0441\u0438\u0438 Skyline<\/title>\n<meta name=\"robots\" content=\"index, follow, max-snippet:-1, max-image-preview:large, max-video-preview:-1\" \/>\n<link rel=\"canonical\" href=\"https:\/\/skyline-gs.com\/fr\/produit\/the-full-ring-of-iceland\/\" \/>\n<meta property=\"og:locale\" content=\"fr_FR\" \/>\n<meta property=\"og:type\" content=\"article\" \/>\n<meta property=\"og:title\" content=\"\u0418\u043d\u0434\u0438\u0432\u0438\u0434\u0443\u0430\u043b\u044c\u043d\u044b\u0439 \u0442\u0443\u0440: \u041f\u043e\u043b\u043d\u043e\u0435 \u043a\u043e\u043b\u044c\u0446\u043e \u0418\u0441\u043b\u0430\u043d\u0434\u0438\u0438 (7 \u0434\u043d\u0435\u0439) &#8226; \u042d\u043a\u0441\u043a\u0443\u0440\u0441\u0438\u0438 Skyline\" \/>\n<meta property=\"og:description\" content=\"\u0412\u0440\u0435\u043c\u044f \u0442\u0443\u0440\u0430: 7 \u0434\u043d\u0435\u0439  \u0414\u043d\u0438 \u043f\u0440\u043e\u0432\u0435\u0434\u0435\u043d\u0438\u044f: \u041a\u0430\u0436\u0434\u044b\u0439 \u0434\u0435\u043d\u044c\" \/>\n<meta property=\"og:url\" content=\"https:\/\/skyline-gs.com\/fr\/produit\/the-full-ring-of-iceland\/\" \/>\n<meta property=\"og:site_name\" content=\"\u042d\u043a\u0441\u043a\u0443\u0440\u0441\u0438\u0438 Skyline\" \/>\n<meta property=\"article:modified_time\" content=\"2025-12-22T22:44:04+00:00\" \/>\n<meta property=\"og:image\" content=\"https:\/\/skyline-gs.com\/wp-content\/uploads\/2025\/05\/11.jpg\" \/>\n\t<meta property=\"og:image:width\" content=\"669\" \/>\n\t<meta property=\"og:image:height\" content=\"446\" \/>\n\t<meta property=\"og:image:type\" content=\"image\/jpeg\" \/>\n<meta name=\"twitter:card\" content=\"summary_large_image\" \/>\n<meta name=\"twitter:label1\" content=\"Dur\u00e9e de lecture estim\u00e9e\" \/>\n\t<meta name=\"twitter:data1\" content=\"3 minutes\" \/>\n<script type=\"application\/ld+json\" class=\"yoast-schema-graph\">{\"@context\":\"https:\\\/\\\/schema.org\",\"@graph\":[{\"@type\":\"WebPage\",\"@id\":\"https:\\\/\\\/skyline-gs.com\\\/hu\\\/termek\\\/the-full-ring-of-iceland\\\/\",\"url\":\"https:\\\/\\\/skyline-gs.com\\\/hu\\\/termek\\\/the-full-ring-of-iceland\\\/\",\"name\":\"\u0418\u043d\u0434\u0438\u0432\u0438\u0434\u0443\u0430\u043b\u044c\u043d\u044b\u0439 \u0442\u0443\u0440: \u041f\u043e\u043b\u043d\u043e\u0435 \u043a\u043e\u043b\u044c\u0446\u043e \u0418\u0441\u043b\u0430\u043d\u0434\u0438\u0438 (7 \u0434\u043d\u0435\u0439) &#8226; \u042d\u043a\u0441\u043a\u0443\u0440\u0441\u0438\u0438 Skyline\",\"isPartOf\":{\"@id\":\"https:\\\/\\\/skyline-gs.com\\\/it\\\/#website\"},\"primaryImageOfPage\":{\"@id\":\"https:\\\/\\\/skyline-gs.com\\\/hu\\\/termek\\\/the-full-ring-of-iceland\\\/#primaryimage\"},\"image\":{\"@id\":\"https:\\\/\\\/skyline-gs.com\\\/hu\\\/termek\\\/the-full-ring-of-iceland\\\/#primaryimage\"},\"thumbnailUrl\":\"https:\\\/\\\/skyline-gs.com\\\/wp-content\\\/uploads\\\/2025\\\/05\\\/11.jpg\",\"datePublished\":\"2025-05-22T21:28:41+00:00\",\"dateModified\":\"2025-12-22T22:44:04+00:00\",\"breadcrumb\":{\"@id\":\"https:\\\/\\\/skyline-gs.com\\\/hu\\\/termek\\\/the-full-ring-of-iceland\\\/#breadcrumb\"},\"inLanguage\":\"fr-FR\",\"potentialAction\":[{\"@type\":\"ReadAction\",\"target\":[\"https:\\\/\\\/skyline-gs.com\\\/hu\\\/termek\\\/the-full-ring-of-iceland\\\/\"]}]},{\"@type\":\"ImageObject\",\"inLanguage\":\"fr-FR\",\"@id\":\"https:\\\/\\\/skyline-gs.com\\\/hu\\\/termek\\\/the-full-ring-of-iceland\\\/#primaryimage\",\"url\":\"https:\\\/\\\/skyline-gs.com\\\/wp-content\\\/uploads\\\/2025\\\/05\\\/11.jpg\",\"contentUrl\":\"https:\\\/\\\/skyline-gs.com\\\/wp-content\\\/uploads\\\/2025\\\/05\\\/11.jpg\",\"width\":669,\"height\":446},{\"@type\":\"BreadcrumbList\",\"@id\":\"https:\\\/\\\/skyline-gs.com\\\/hu\\\/termek\\\/the-full-ring-of-iceland\\\/#breadcrumb\",\"itemListElement\":[{\"@type\":\"ListItem\",\"position\":1,\"name\":\"\u0413\u043b\u0430\u0432\u043d\u0430\u044f \u0441\u0442\u0440\u0430\u043d\u0438\u0446\u0430\",\"item\":\"https:\\\/\\\/skyline-gs.com\\\/hu\\\/\"},{\"@type\":\"ListItem\",\"position\":2,\"name\":\"\u041c\u0430\u0433\u0430\u0437\u0438\u043d\",\"item\":\"https:\\\/\\\/skyline-gs.com\\\/cs\\\/shop\\\/\"},{\"@type\":\"ListItem\",\"position\":3,\"name\":\"\u0418\u043d\u0434\u0438\u0432\u0438\u0434\u0443\u0430\u043b\u044c\u043d\u044b\u0439 \u0442\u0443\u0440: \u041f\u043e\u043b\u043d\u043e\u0435 \u043a\u043e\u043b\u044c\u0446\u043e \u0418\u0441\u043b\u0430\u043d\u0434\u0438\u0438 (7 \u0434\u043d\u0435\u0439)\"}]},{\"@type\":\"WebSite\",\"@id\":\"https:\\\/\\\/skyline-gs.com\\\/it\\\/#website\",\"url\":\"https:\\\/\\\/skyline-gs.com\\\/it\\\/\",\"name\":\"\u042d\u043a\u0441\u043a\u0443\u0440\u0441\u0438\u0438 Skyline\",\"description\":\"\u042d\u043a\u0441\u043a\u043b\u044e\u0437\u0438\u0432\u043d\u044b\u0435 \u044d\u043a\u0441\u043a\u0443\u0440\u0441\u0438\u0438 \u043d\u0430 \u043b\u0443\u0447\u0448\u0438\u0445 \u043a\u0443\u0440\u043e\u0440\u0442\u0430\u0445 \u043c\u0438\u0440\u0430\",\"publisher\":{\"@id\":\"https:\\\/\\\/skyline-gs.com\\\/it\\\/#organization\"},\"alternateName\":\"Skyline\",\"potentialAction\":[{\"@type\":\"SearchAction\",\"target\":{\"@type\":\"EntryPoint\",\"urlTemplate\":\"https:\\\/\\\/skyline-gs.com\\\/it\\\/?s={search_term_string}\"},\"query-input\":{\"@type\":\"PropertyValueSpecification\",\"valueRequired\":true,\"valueName\":\"search_term_string\"}}],\"inLanguage\":\"fr-FR\"},{\"@type\":\"Organization\",\"@id\":\"https:\\\/\\\/skyline-gs.com\\\/it\\\/#organization\",\"name\":\"\u042d\u043a\u0441\u043a\u0443\u0440\u0441\u0438\u0438 Skyline\",\"alternateName\":\"\u042d\u043a\u0441\u043a\u0443\u0440\u0441\u0438\u0438 Skyline\",\"url\":\"https:\\\/\\\/skyline-gs.com\\\/it\\\/\",\"logo\":{\"@type\":\"ImageObject\",\"inLanguage\":\"fr-FR\",\"@id\":\"https:\\\/\\\/skyline-gs.com\\\/it\\\/#\\\/schema\\\/logo\\\/image\\\/\",\"url\":\"https:\\\/\\\/skyline-gs.com\\\/wp-content\\\/uploads\\\/2020\\\/12\\\/cropped-logo-2.png\",\"contentUrl\":\"https:\\\/\\\/skyline-gs.com\\\/wp-content\\\/uploads\\\/2020\\\/12\\\/cropped-logo-2.png\",\"width\":512,\"height\":512,\"caption\":\"\u042d\u043a\u0441\u043a\u0443\u0440\u0441\u0438\u0438 Skyline\"},\"image\":{\"@id\":\"https:\\\/\\\/skyline-gs.com\\\/it\\\/#\\\/schema\\\/logo\\\/image\\\/\"},\"sameAs\":[\"https:\\\/\\\/www.instagram.com\\\/skylineglobalservice\\\/\"]}]}<\/script>\n<!-- \/ Yoast SEO plugin. -->","yoast_head_json":{"title":"\u0418\u043d\u0434\u0438\u0432\u0438\u0434\u0443\u0430\u043b\u044c\u043d\u044b\u0439 \u0442\u0443\u0440: \u041f\u043e\u043b\u043d\u043e\u0435 \u043a\u043e\u043b\u044c\u0446\u043e \u0418\u0441\u043b\u0430\u043d\u0434\u0438\u0438 (7 \u0434\u043d\u0435\u0439) &#8226; \u042d\u043a\u0441\u043a\u0443\u0440\u0441\u0438\u0438 Skyline","robots":{"index":"index","follow":"follow","max-snippet":"max-snippet:-1","max-image-preview":"max-image-preview:large","max-video-preview":"max-video-preview:-1"},"canonical":"https:\/\/skyline-gs.com\/fr\/produit\/the-full-ring-of-iceland\/","og_locale":"fr_FR","og_type":"article","og_title":"\u0418\u043d\u0434\u0438\u0432\u0438\u0434\u0443\u0430\u043b\u044c\u043d\u044b\u0439 \u0442\u0443\u0440: \u041f\u043e\u043b\u043d\u043e\u0435 \u043a\u043e\u043b\u044c\u0446\u043e \u0418\u0441\u043b\u0430\u043d\u0434\u0438\u0438 (7 \u0434\u043d\u0435\u0439) &#8226; \u042d\u043a\u0441\u043a\u0443\u0440\u0441\u0438\u0438 Skyline","og_description":"\u0412\u0440\u0435\u043c\u044f \u0442\u0443\u0440\u0430: 7 \u0434\u043d\u0435\u0439  \u0414\u043d\u0438 \u043f\u0440\u043e\u0432\u0435\u0434\u0435\u043d\u0438\u044f: \u041a\u0430\u0436\u0434\u044b\u0439 \u0434\u0435\u043d\u044c","og_url":"https:\/\/skyline-gs.com\/fr\/produit\/the-full-ring-of-iceland\/","og_site_name":"\u042d\u043a\u0441\u043a\u0443\u0440\u0441\u0438\u0438 Skyline","article_modified_time":"2025-12-22T22:44:04+00:00","og_image":[{"width":669,"height":446,"url":"https:\/\/skyline-gs.com\/wp-content\/uploads\/2025\/05\/11.jpg","type":"image\/jpeg"}],"twitter_card":"summary_large_image","twitter_misc":{"Dur\u00e9e de lecture estim\u00e9e":"3 minutes"},"schema":{"@context":"https:\/\/schema.org","@graph":[{"@type":"WebPage","@id":"https:\/\/skyline-gs.com\/hu\/termek\/the-full-ring-of-iceland\/","url":"https:\/\/skyline-gs.com\/hu\/termek\/the-full-ring-of-iceland\/","name":"\u0418\u043d\u0434\u0438\u0432\u0438\u0434\u0443\u0430\u043b\u044c\u043d\u044b\u0439 \u0442\u0443\u0440: \u041f\u043e\u043b\u043d\u043e\u0435 \u043a\u043e\u043b\u044c\u0446\u043e \u0418\u0441\u043b\u0430\u043d\u0434\u0438\u0438 (7 \u0434\u043d\u0435\u0439) &#8226; \u042d\u043a\u0441\u043a\u0443\u0440\u0441\u0438\u0438 Skyline","isPartOf":{"@id":"https:\/\/skyline-gs.com\/it\/#website"},"primaryImageOfPage":{"@id":"https:\/\/skyline-gs.com\/hu\/termek\/the-full-ring-of-iceland\/#primaryimage"},"image":{"@id":"https:\/\/skyline-gs.com\/hu\/termek\/the-full-ring-of-iceland\/#primaryimage"},"thumbnailUrl":"https:\/\/skyline-gs.com\/wp-content\/uploads\/2025\/05\/11.jpg","datePublished":"2025-05-22T21:28:41+00:00","dateModified":"2025-12-22T22:44:04+00:00","breadcrumb":{"@id":"https:\/\/skyline-gs.com\/hu\/termek\/the-full-ring-of-iceland\/#breadcrumb"},"inLanguage":"fr-FR","potentialAction":[{"@type":"ReadAction","target":["https:\/\/skyline-gs.com\/hu\/termek\/the-full-ring-of-iceland\/"]}]},{"@type":"ImageObject","inLanguage":"fr-FR","@id":"https:\/\/skyline-gs.com\/hu\/termek\/the-full-ring-of-iceland\/#primaryimage","url":"https:\/\/skyline-gs.com\/wp-content\/uploads\/2025\/05\/11.jpg","contentUrl":"https:\/\/skyline-gs.com\/wp-content\/uploads\/2025\/05\/11.jpg","width":669,"height":446},{"@type":"BreadcrumbList","@id":"https:\/\/skyline-gs.com\/hu\/termek\/the-full-ring-of-iceland\/#breadcrumb","itemListElement":[{"@type":"ListItem","position":1,"name":"\u0413\u043b\u0430\u0432\u043d\u0430\u044f \u0441\u0442\u0440\u0430\u043d\u0438\u0446\u0430","item":"https:\/\/skyline-gs.com\/hu\/"},{"@type":"ListItem","position":2,"name":"\u041c\u0430\u0433\u0430\u0437\u0438\u043d","item":"https:\/\/skyline-gs.com\/cs\/shop\/"},{"@type":"ListItem","position":3,"name":"\u0418\u043d\u0434\u0438\u0432\u0438\u0434\u0443\u0430\u043b\u044c\u043d\u044b\u0439 \u0442\u0443\u0440: \u041f\u043e\u043b\u043d\u043e\u0435 \u043a\u043e\u043b\u044c\u0446\u043e \u0418\u0441\u043b\u0430\u043d\u0434\u0438\u0438 (7 \u0434\u043d\u0435\u0439)"}]},{"@type":"WebSite","@id":"https:\/\/skyline-gs.com\/it\/#website","url":"https:\/\/skyline-gs.com\/it\/","name":"Excursions Skyline","description":"Excursions exclusives dans les meilleurs centres de vill\u00e9giature du monde","publisher":{"@id":"https:\/\/skyline-gs.com\/it\/#organization"},"alternateName":"Skyline","potentialAction":[{"@type":"SearchAction","target":{"@type":"EntryPoint","urlTemplate":"https:\/\/skyline-gs.com\/it\/?s={search_term_string}"},"query-input":{"@type":"PropertyValueSpecification","valueRequired":true,"valueName":"search_term_string"}}],"inLanguage":"fr-FR"},{"@type":"Organization","@id":"https:\/\/skyline-gs.com\/it\/#organization","name":"Excursions Skyline","alternateName":"\u042d\u043a\u0441\u043a\u0443\u0440\u0441\u0438\u0438 Skyline","url":"https:\/\/skyline-gs.com\/it\/","logo":{"@type":"ImageObject","inLanguage":"fr-FR","@id":"https:\/\/skyline-gs.com\/it\/#\/schema\/logo\/image\/","url":"https:\/\/skyline-gs.com\/wp-content\/uploads\/2020\/12\/cropped-logo-2.png","contentUrl":"https:\/\/skyline-gs.com\/wp-content\/uploads\/2020\/12\/cropped-logo-2.png","width":512,"height":512,"caption":"\u042d\u043a\u0441\u043a\u0443\u0440\u0441\u0438\u0438 Skyline"},"image":{"@id":"https:\/\/skyline-gs.com\/it\/#\/schema\/logo\/image\/"},"sameAs":["https:\/\/www.instagram.com\/skylineglobalservice\/"]}]}},"_links":{"self":[{"href":"https:\/\/skyline-gs.com\/fr\/wp-json\/wp\/v2\/product\/63441","targetHints":{"allow":["GET"]}}],"collection":[{"href":"https:\/\/skyline-gs.com\/fr\/wp-json\/wp\/v2\/product"}],"about":[{"href":"https:\/\/skyline-gs.com\/fr\/wp-json\/wp\/v2\/types\/product"}],"version-history":[{"count":0,"href":"https:\/\/skyline-gs.com\/fr\/wp-json\/wp\/v2\/product\/63441\/revisions"}],"wp:featuredmedia":[{"embeddable":true,"href":"https:\/\/skyline-gs.com\/fr\/wp-json\/wp\/v2\/media\/63444"}],"wp:attachment":[{"href":"https:\/\/skyline-gs.com\/fr\/wp-json\/wp\/v2\/media?parent=63441"}],"wp:term":[{"taxonomy":"product_brand","embeddable":true,"href":"https:\/\/skyline-gs.com\/fr\/wp-json\/wp\/v2\/product_brand?post=63441"},{"taxonomy":"product_cat","embeddable":true,"href":"https:\/\/skyline-gs.com\/fr\/wp-json\/wp\/v2\/product_cat?post=63441"},{"taxonomy":"product_tag","embeddable":true,"href":"https:\/\/skyline-gs.com\/fr\/wp-json\/wp\/v2\/product_tag?post=63441"}],"curies":[{"name":"wp","href":"https:\/\/api.w.org\/{rel}","templated":true}]}}