{"id":63355,"date":"2025-05-21T22:03:04","date_gmt":"2025-05-21T20:03:04","guid":{"rendered":"http:\/\/skyline-gs.com\/?post_type=product&#038;p=63355"},"modified":"2025-12-23T00:53:21","modified_gmt":"2025-12-22T22:53:21","slug":"golden-ring-blue-laguna-iceland","status":"publish","type":"product","link":"https:\/\/skyline-gs.com\/fr\/product\/golden-ring-blue-laguna-iceland\/","title":{"rendered":"Circuit personnalis\u00e9 : Anneau d'or d'Islande + Lagon bleu"},"content":{"rendered":"<p>\u041f\u043e\u0433\u0440\u0443\u0437\u0438\u0442\u0435\u0441\u044c \u0432 \u0441\u0435\u0440\u0434\u0446\u0435 \u0418\u0441\u043b\u0430\u043d\u0434\u0438\u0438, \u043f\u043e\u0441\u0435\u0442\u0438\u0432 \u0437\u043d\u0430\u043c\u0435\u043d\u0438\u0442\u043e\u0435 \u0417\u043e\u043b\u043e\u0442\u043e\u0435 \u043a\u043e\u043b\u044c\u0446\u043e \u0441 \u0435\u0433\u043e \u0433\u0435\u0439\u0437\u0435\u0440\u0430\u043c\u0438, \u0432\u043e\u0434\u043e\u043f\u0430\u0434\u0430\u043c\u0438 \u0438 \u0438\u0441\u0442\u043e\u0440\u0438\u0435\u0439, \u0430 \u0437\u0430\u0442\u0435\u043c \u0440\u0430\u0441\u0441\u043b\u0430\u0431\u044c\u0442\u0435\u0441\u044c \u0432 \u0442\u0451\u043f\u043b\u044b\u0445 \u0442\u0435\u0440\u043c\u0430\u043b\u044c\u043d\u044b\u0445 \u0432\u043e\u0434\u0430\u0445 \u0413\u043e\u043b\u0443\u0431\u043e\u0439 \u043b\u0430\u0433\u0443\u043d\u044b. \u042d\u0442\u043e\u0442 \u043a\u043b\u0430\u0441\u0441\u0438\u0447\u0435\u0441\u043a\u0438\u0439 \u043c\u0430\u0440\u0448\u0440\u0443\u0442 \u2014 \u0438\u0434\u0435\u0430\u043b\u044c\u043d\u044b\u0439 \u0441\u043f\u043e\u0441\u043e\u0431 \u043f\u043e\u0437\u043d\u0430\u043a\u043e\u043c\u0438\u0442\u044c\u0441\u044f \u0441 \u0440\u0430\u0437\u043d\u043e\u043e\u0431\u0440\u0430\u0437\u0438\u0435\u043c \u0438\u0441\u043b\u0430\u043d\u0434\u0441\u043a\u043e\u0439 \u043f\u0440\u0438\u0440\u043e\u0434\u044b \u0438 \u043a\u0443\u043b\u044c\u0442\u0443\u0440\u044b \u0437\u0430 \u043e\u0434\u0438\u043d \u0434\u0435\u043d\u044c.<\/p>\n<p><strong>Le caract\u00e8re unique de la visite :<\/strong><\/p>\n<ul>\n<li>\u0421\u0430\u043c\u044b\u0435 \u0438\u0437\u0432\u0435\u0441\u0442\u043d\u044b\u0435 \u0438 \u0434\u043e\u0441\u0442\u0443\u043f\u043d\u044b\u0435 \u043f\u0440\u0438\u0440\u043e\u0434\u043d\u044b\u0435 \u0434\u043e\u0441\u0442\u043e\u043f\u0440\u0438\u043c\u0435\u0447\u0430\u0442\u0435\u043b\u044c\u043d\u043e\u0441\u0442\u0438 \u0418\u0441\u043b\u0430\u043d\u0434\u0438\u0438<\/li>\n<li>\u041a\u043e\u043c\u0444\u043e\u0440\u0442\u043d\u044b\u0439 \u0434\u0435\u043d\u044c \u0441 \u0433\u0438\u0434\u043e\u043c \u0438 \u0442\u0440\u0430\u043d\u0441\u0444\u0435\u0440\u043e\u043c<\/li>\n<li>\u0420\u0430\u0441\u0441\u043b\u0430\u0431\u043b\u044f\u044e\u0449\u0438\u0439 \u0441\u043f\u0430-\u043e\u0442\u0434\u044b\u0445 \u0432 \u043a\u043e\u043d\u0446\u0435 \u043d\u0430\u0441\u044b\u0449\u0435\u043d\u043d\u043e\u0433\u043e \u0434\u043d\u044f<\/li>\n<\/ul>\n<p><strong>8:00 - D\u00e9part du hall de l'h\u00f4tel.<\/strong><\/p>\n<ol>\n<li><strong>Parc national de Tingvellir<\/strong> - Commencez votre visite par ce site historique o\u00f9 le premier parlement islandais a \u00e9t\u00e9 fond\u00e9. Vous pourrez \u00e9galement y observer une caract\u00e9ristique g\u00e9ologique unique : la s\u00e9paration des plaques tectoniques eurasienne et nord-am\u00e9ricaine. Il s'agit d'une merveille non seulement culturelle, mais aussi g\u00e9ologique !<\/li>\n<li><strong>Chute d'eau d'Ehsaraurfoss<\/strong> - Une cascade majestueuse sur la rivi\u00e8re Ehsarau, qui d\u00e9vale la falaise de la faille d'Almannagya qui longe la limite orientale des plaques tectoniques. La puissance de la nature est ici pleinement ressentie.<\/li>\n<li><strong>Geysir<\/strong> - est l'endroit qui a donn\u00e9 son nom \u00e0 l'ensemble des sources d'eau chaude. Vous y verrez le c\u00e9l\u00e8bre geyser Strokk\u00fcr, qui crache de l'eau chaude jusqu'\u00e0 30 m\u00e8tres de haut. Un spectacle incroyable \u00e0 ne pas manquer !<\/li>\n<li><strong>Chevaux islandais<\/strong> - une race unique de cheval connue pour son caract\u00e8re et sa force. Vous pourrez les rencontrer et apprendre pourquoi ils sont si importants pour l'Islande.<\/li>\n<li><strong>Chute d'eau de G\u00fcdlfoss<\/strong> - L'une des chutes d'eau les plus majestueuses d'Islande. Son d\u00e9bit puissant et son environnement cr\u00e9ent des vues incroyables et une atmosph\u00e8re o\u00f9 l'on peut ressentir toute la puissance de la nature.<\/li>\n<li><strong>Lac volcanique de Kerid<\/strong> - Un lac de crat\u00e8re form\u00e9 il y a plus de 6 000 ans par une \u00e9ruption volcanique. Cet endroit vous \u00e9tonnera par sa beaut\u00e9 et son atmosph\u00e8re unique.<\/li>\n<li><strong style=\"font-family: var(--global-body-font-family);\">Lagon bleu<\/strong><span style=\"font-family: var(--global-body-font-family);\">\u00a0\u2014 \u0443\u043d\u0438\u043a\u0430\u043b\u044c\u043d\u043e\u043c \u0433\u0435\u043e\u0442\u0435\u0440\u043c\u0430\u043b\u044c\u043d\u043e\u043c \u0431\u0430\u0441\u0441\u0435\u0439\u043d\u0435 \u0441 \u0442\u0451\u043f\u043b\u043e\u0439, \u043d\u0430\u0441\u044b\u0449\u0435\u043d\u043d\u043e\u0439 \u043c\u0438\u043d\u0435\u0440\u0430\u043b\u0430\u043c\u0438 \u0432\u043e\u0434\u043e\u0439, \u043a\u043e\u0442\u043e\u0440\u0430\u044f \u0431\u043b\u0430\u0433\u043e\u0442\u0432\u043e\u0440\u043d\u043e \u0432\u043b\u0438\u044f\u0435\u0442 \u043d\u0430 \u043a\u043e\u0436\u0443 \u0438 \u0434\u0430\u0440\u0438\u0442 \u043e\u0449\u0443\u0449\u0435\u043d\u0438\u0435 \u043f\u043e\u043b\u043d\u043e\u0433\u043e \u0440\u0430\u0441\u0441\u043b\u0430\u0431\u043b\u0435\u043d\u0438\u044f. \u0417\u0434\u0435\u0441\u044c \u0432\u044b \u0441\u043c\u043e\u0436\u0435\u0442\u0435 \u043d\u0430\u0441\u043b\u0430\u0434\u0438\u0442\u044c\u0441\u044f \u0441\u043f\u0430-\u043f\u0440\u043e\u0446\u0435\u0434\u0443\u0440\u0430\u043c\u0438, \u043c\u0430\u0441\u043a\u0430\u043c\u0438 \u0438\u0437 \u0432\u0443\u043b\u043a\u0430\u043d\u0438\u0447\u0435\u0441\u043a\u043e\u0439 \u0433\u043b\u0438\u043d\u044b \u0438 \u0432\u0435\u043b\u0438\u043a\u043e\u043b\u0435\u043f\u043d\u044b\u043c \u0432\u0438\u0434\u043e\u043c \u043d\u0430 \u043e\u043a\u0440\u0443\u0436\u0430\u044e\u0449\u0438\u0439 \u043b\u0430\u0432\u043e\u0432\u044b\u0439 \u043f\u0435\u0439\u0437\u0430\u0436.<\/span><\/li>\n<\/ol>\n<p><strong>20:30 \u2014 \u0412\u043e\u0437\u0432\u0440\u0430\u0449\u0435\u043d\u0438\u0435 \u0432 \u043e\u0442\u0435\u043b\u044c.<\/strong><\/p>\n<p><strong>Inclus :<\/strong><\/p>\n<ul>\n<li>Transfert depuis et vers l'h\u00f4tel<\/li>\n<li>Transferts dans un confortable SUV 4\u00d74 avec air conditionn\u00e9<\/li>\n<li>Guide parlant russe<\/li>\n<li>Carburant<\/li>\n<li>Parkings payants le long de l'itin\u00e9raire<\/li>\n<\/ul>\n<p><strong>Non inclus :<\/strong><\/p>\n<ul>\n<li>Billets d'entr\u00e9e<\/li>\n<li>\u0412\u0445\u043e\u0434 \u0432 \u0413\u043e\u043b\u0443\u0431\u0443\u044e \u043b\u0430\u0433\u0443\u043d\u0443 (\u043e\u0442 65 \u0435\u0432\u0440\u043e \u0441 \u0447\u0435\u043b\u043e\u0432\u0435\u043a\u0430, \u0432 \u0437\u0430\u0432\u0438\u0441\u0438\u043c\u043e\u0441\u0442\u0438 \u043e\u0442 \u0432\u0440\u0435\u043c\u0435\u043d\u0438 \u0438 \u043f\u0430\u043a\u0435\u0442\u0430)<\/li>\n<li>Repas (facultatif, caf\u00e9s le long de la route)<\/li>\n<li>\u0412\u0445\u043e\u0434\u043d\u044b\u0435 \u0431\u0438\u043b\u0435\u0442\u044b \u0432 \u043c\u0443\u0437\u0435\u0438 (\u043d\u0430\u043f\u0440\u0438\u043c\u0435\u0440, \u041b\u0430\u0432\u043e\u0432\u044b\u0439 \u0446\u0435\u043d\u0442\u0440 \u2014 10\u201315 \u0435\u0432\u0440\u043e \u0441 \u0447\u0435\u043b\u043e\u0432\u0435\u043a\u0430)<\/li>\n<\/ul>\n<p><strong>Emportez-le avec vous :<\/strong><\/p>\n<ul>\n<li>Appareil photo<\/li>\n<li>Chaussures confortables<\/li>\n<li>V\u00eatements chauds<\/li>\n<li>Argent pour les d\u00e9penses personnelles<\/li>\n<\/ul>","protected":false},"excerpt":{"rendered":"<p><strong>Temps du Tour:\u00a0<\/strong>8:00 \u2014 20:30<\/p>\n<p><strong>Jours de D\u00e9roulement: <\/strong>Tous les jours.<\/p>","protected":false},"featured_media":63377,"template":"","meta":{"_kad_post_transparent":"default","_kad_post_title":"","_kad_post_layout":"default","_kad_post_sidebar_id":"","_kad_post_content_style":"default","_kad_post_vertical_padding":"default","_kad_post_feature":"","_kad_post_feature_position":"","_kad_post_header":false,"_kad_post_footer":false,"_kad_post_classname":"","_glsr_average":0,"_glsr_ranking":0,"_glsr_reviews":0},"product_brand":[],"product_cat":[467],"product_tag":[],"class_list":{"0":"post-63355","1":"product","2":"type-product","3":"status-publish","4":"has-post-thumbnail","6":"product_cat-iceland","7":"tm-has-options","9":"first","10":"instock","11":"sale","12":"sold-individually","13":"taxable","14":"shipping-taxable","15":"purchasable","16":"product-type-simple","17":"entry","18":"content-bg","19":"loop-entry"},"yoast_head":"<!-- This site is optimized with the Yoast SEO plugin v27.3 - https:\/\/yoast.com\/product\/yoast-seo-wordpress\/ -->\n<title>\u0418\u043d\u0434\u0438\u0432\u0438\u0434\u0443\u0430\u043b\u044c\u043d\u044b\u0439 \u0442\u0443\u0440: \u0417\u043e\u043b\u043e\u0442\u043e\u0435 \u043a\u043e\u043b\u044c\u0446\u043e \u0418\u0441\u043b\u0430\u043d\u0434\u0438\u0438 + \u0413\u043e\u043b\u0443\u0431\u0430\u044f \u043b\u0430\u0433\u0443\u043d\u0430 &#8226; \u042d\u043a\u0441\u043a\u0443\u0440\u0441\u0438\u0438 Skyline<\/title>\n<meta name=\"robots\" content=\"index, follow, max-snippet:-1, max-image-preview:large, max-video-preview:-1\" \/>\n<link rel=\"canonical\" href=\"http:\/\/skyline-gs.com\/fr\/produit\/golden-ring-blue-laguna-iceland\/\" \/>\n<meta property=\"og:locale\" content=\"fr_FR\" \/>\n<meta property=\"og:type\" content=\"article\" \/>\n<meta property=\"og:title\" content=\"\u0418\u043d\u0434\u0438\u0432\u0438\u0434\u0443\u0430\u043b\u044c\u043d\u044b\u0439 \u0442\u0443\u0440: \u0417\u043e\u043b\u043e\u0442\u043e\u0435 \u043a\u043e\u043b\u044c\u0446\u043e \u0418\u0441\u043b\u0430\u043d\u0434\u0438\u0438 + \u0413\u043e\u043b\u0443\u0431\u0430\u044f \u043b\u0430\u0433\u0443\u043d\u0430 &#8226; \u042d\u043a\u0441\u043a\u0443\u0440\u0441\u0438\u0438 Skyline\" \/>\n<meta property=\"og:description\" content=\"\u0412\u0440\u0435\u043c\u044f \u0442\u0443\u0440\u0430:\u00a08:00 \u2014 20:30  \u0414\u043d\u0438 \u043f\u0440\u043e\u0432\u0435\u0434\u0435\u043d\u0438\u044f: \u041a\u0430\u0436\u0434\u044b\u0439 \u0434\u0435\u043d\u044c\" \/>\n<meta property=\"og:url\" content=\"http:\/\/skyline-gs.com\/fr\/produit\/golden-ring-blue-laguna-iceland\/\" \/>\n<meta property=\"og:site_name\" content=\"\u042d\u043a\u0441\u043a\u0443\u0440\u0441\u0438\u0438 Skyline\" \/>\n<meta property=\"article:modified_time\" content=\"2025-12-22T22:53:21+00:00\" \/>\n<meta property=\"og:image\" content=\"https:\/\/skyline-gs.com\/wp-content\/uploads\/2025\/05\/68-2.jpg\" \/>\n\t<meta property=\"og:image:width\" content=\"669\" \/>\n\t<meta property=\"og:image:height\" content=\"446\" \/>\n\t<meta property=\"og:image:type\" content=\"image\/jpeg\" \/>\n<meta name=\"twitter:card\" content=\"summary_large_image\" \/>\n<meta name=\"twitter:label1\" content=\"Dur\u00e9e de lecture estim\u00e9e\" \/>\n\t<meta name=\"twitter:data1\" content=\"3 minutes\" \/>\n<script type=\"application\/ld+json\" class=\"yoast-schema-graph\">{\"@context\":\"https:\\\/\\\/schema.org\",\"@graph\":[{\"@type\":\"WebPage\",\"@id\":\"http:\\\/\\\/skyline-gs.com\\\/fr\\\/produit\\\/golden-ring-blue-laguna-iceland\\\/\",\"url\":\"http:\\\/\\\/skyline-gs.com\\\/fr\\\/produit\\\/golden-ring-blue-laguna-iceland\\\/\",\"name\":\"\u0418\u043d\u0434\u0438\u0432\u0438\u0434\u0443\u0430\u043b\u044c\u043d\u044b\u0439 \u0442\u0443\u0440: \u0417\u043e\u043b\u043e\u0442\u043e\u0435 \u043a\u043e\u043b\u044c\u0446\u043e \u0418\u0441\u043b\u0430\u043d\u0434\u0438\u0438 + \u0413\u043e\u043b\u0443\u0431\u0430\u044f \u043b\u0430\u0433\u0443\u043d\u0430 &#8226; \u042d\u043a\u0441\u043a\u0443\u0440\u0441\u0438\u0438 Skyline\",\"isPartOf\":{\"@id\":\"https:\\\/\\\/skyline-gs.com\\\/it\\\/#website\"},\"primaryImageOfPage\":{\"@id\":\"http:\\\/\\\/skyline-gs.com\\\/fr\\\/produit\\\/golden-ring-blue-laguna-iceland\\\/#primaryimage\"},\"image\":{\"@id\":\"http:\\\/\\\/skyline-gs.com\\\/fr\\\/produit\\\/golden-ring-blue-laguna-iceland\\\/#primaryimage\"},\"thumbnailUrl\":\"https:\\\/\\\/skyline-gs.com\\\/wp-content\\\/uploads\\\/2025\\\/05\\\/68-2.jpg\",\"datePublished\":\"2025-05-21T20:03:04+00:00\",\"dateModified\":\"2025-12-22T22:53:21+00:00\",\"breadcrumb\":{\"@id\":\"http:\\\/\\\/skyline-gs.com\\\/fr\\\/produit\\\/golden-ring-blue-laguna-iceland\\\/#breadcrumb\"},\"inLanguage\":\"fr-FR\",\"potentialAction\":[{\"@type\":\"ReadAction\",\"target\":[\"http:\\\/\\\/skyline-gs.com\\\/fr\\\/produit\\\/golden-ring-blue-laguna-iceland\\\/\"]}]},{\"@type\":\"ImageObject\",\"inLanguage\":\"fr-FR\",\"@id\":\"http:\\\/\\\/skyline-gs.com\\\/fr\\\/produit\\\/golden-ring-blue-laguna-iceland\\\/#primaryimage\",\"url\":\"https:\\\/\\\/skyline-gs.com\\\/wp-content\\\/uploads\\\/2025\\\/05\\\/68-2.jpg\",\"contentUrl\":\"https:\\\/\\\/skyline-gs.com\\\/wp-content\\\/uploads\\\/2025\\\/05\\\/68-2.jpg\",\"width\":669,\"height\":446},{\"@type\":\"BreadcrumbList\",\"@id\":\"http:\\\/\\\/skyline-gs.com\\\/fr\\\/produit\\\/golden-ring-blue-laguna-iceland\\\/#breadcrumb\",\"itemListElement\":[{\"@type\":\"ListItem\",\"position\":1,\"name\":\"\u0413\u043b\u0430\u0432\u043d\u0430\u044f \u0441\u0442\u0440\u0430\u043d\u0438\u0446\u0430\",\"item\":\"https:\\\/\\\/skyline-gs.com\\\/hu\\\/\"},{\"@type\":\"ListItem\",\"position\":2,\"name\":\"\u041c\u0430\u0433\u0430\u0437\u0438\u043d\",\"item\":\"https:\\\/\\\/skyline-gs.com\\\/cs\\\/shop\\\/\"},{\"@type\":\"ListItem\",\"position\":3,\"name\":\"\u0418\u043d\u0434\u0438\u0432\u0438\u0434\u0443\u0430\u043b\u044c\u043d\u044b\u0439 \u0442\u0443\u0440: \u0417\u043e\u043b\u043e\u0442\u043e\u0435 \u043a\u043e\u043b\u044c\u0446\u043e \u0418\u0441\u043b\u0430\u043d\u0434\u0438\u0438 + \u0413\u043e\u043b\u0443\u0431\u0430\u044f \u043b\u0430\u0433\u0443\u043d\u0430\"}]},{\"@type\":\"WebSite\",\"@id\":\"https:\\\/\\\/skyline-gs.com\\\/it\\\/#website\",\"url\":\"https:\\\/\\\/skyline-gs.com\\\/it\\\/\",\"name\":\"\u042d\u043a\u0441\u043a\u0443\u0440\u0441\u0438\u0438 Skyline\",\"description\":\"\u042d\u043a\u0441\u043a\u043b\u044e\u0437\u0438\u0432\u043d\u044b\u0435 \u044d\u043a\u0441\u043a\u0443\u0440\u0441\u0438\u0438 \u043d\u0430 \u043b\u0443\u0447\u0448\u0438\u0445 \u043a\u0443\u0440\u043e\u0440\u0442\u0430\u0445 \u043c\u0438\u0440\u0430\",\"publisher\":{\"@id\":\"https:\\\/\\\/skyline-gs.com\\\/it\\\/#organization\"},\"alternateName\":\"Skyline\",\"potentialAction\":[{\"@type\":\"SearchAction\",\"target\":{\"@type\":\"EntryPoint\",\"urlTemplate\":\"https:\\\/\\\/skyline-gs.com\\\/it\\\/?s={search_term_string}\"},\"query-input\":{\"@type\":\"PropertyValueSpecification\",\"valueRequired\":true,\"valueName\":\"search_term_string\"}}],\"inLanguage\":\"fr-FR\"},{\"@type\":\"Organization\",\"@id\":\"https:\\\/\\\/skyline-gs.com\\\/it\\\/#organization\",\"name\":\"\u042d\u043a\u0441\u043a\u0443\u0440\u0441\u0438\u0438 Skyline\",\"alternateName\":\"\u042d\u043a\u0441\u043a\u0443\u0440\u0441\u0438\u0438 Skyline\",\"url\":\"https:\\\/\\\/skyline-gs.com\\\/it\\\/\",\"logo\":{\"@type\":\"ImageObject\",\"inLanguage\":\"fr-FR\",\"@id\":\"https:\\\/\\\/skyline-gs.com\\\/it\\\/#\\\/schema\\\/logo\\\/image\\\/\",\"url\":\"https:\\\/\\\/skyline-gs.com\\\/wp-content\\\/uploads\\\/2020\\\/12\\\/cropped-logo-2.png\",\"contentUrl\":\"https:\\\/\\\/skyline-gs.com\\\/wp-content\\\/uploads\\\/2020\\\/12\\\/cropped-logo-2.png\",\"width\":512,\"height\":512,\"caption\":\"\u042d\u043a\u0441\u043a\u0443\u0440\u0441\u0438\u0438 Skyline\"},\"image\":{\"@id\":\"https:\\\/\\\/skyline-gs.com\\\/it\\\/#\\\/schema\\\/logo\\\/image\\\/\"},\"sameAs\":[\"https:\\\/\\\/www.instagram.com\\\/skylineglobalservice\\\/\"]}]}<\/script>\n<!-- \/ Yoast SEO plugin. -->","yoast_head_json":{"title":"\u0418\u043d\u0434\u0438\u0432\u0438\u0434\u0443\u0430\u043b\u044c\u043d\u044b\u0439 \u0442\u0443\u0440: \u0417\u043e\u043b\u043e\u0442\u043e\u0435 \u043a\u043e\u043b\u044c\u0446\u043e \u0418\u0441\u043b\u0430\u043d\u0434\u0438\u0438 + \u0413\u043e\u043b\u0443\u0431\u0430\u044f \u043b\u0430\u0433\u0443\u043d\u0430 &#8226; \u042d\u043a\u0441\u043a\u0443\u0440\u0441\u0438\u0438 Skyline","robots":{"index":"index","follow":"follow","max-snippet":"max-snippet:-1","max-image-preview":"max-image-preview:large","max-video-preview":"max-video-preview:-1"},"canonical":"http:\/\/skyline-gs.com\/fr\/produit\/golden-ring-blue-laguna-iceland\/","og_locale":"fr_FR","og_type":"article","og_title":"\u0418\u043d\u0434\u0438\u0432\u0438\u0434\u0443\u0430\u043b\u044c\u043d\u044b\u0439 \u0442\u0443\u0440: \u0417\u043e\u043b\u043e\u0442\u043e\u0435 \u043a\u043e\u043b\u044c\u0446\u043e \u0418\u0441\u043b\u0430\u043d\u0434\u0438\u0438 + \u0413\u043e\u043b\u0443\u0431\u0430\u044f \u043b\u0430\u0433\u0443\u043d\u0430 &#8226; \u042d\u043a\u0441\u043a\u0443\u0440\u0441\u0438\u0438 Skyline","og_description":"\u0412\u0440\u0435\u043c\u044f \u0442\u0443\u0440\u0430:\u00a08:00 \u2014 20:30  \u0414\u043d\u0438 \u043f\u0440\u043e\u0432\u0435\u0434\u0435\u043d\u0438\u044f: \u041a\u0430\u0436\u0434\u044b\u0439 \u0434\u0435\u043d\u044c","og_url":"http:\/\/skyline-gs.com\/fr\/produit\/golden-ring-blue-laguna-iceland\/","og_site_name":"\u042d\u043a\u0441\u043a\u0443\u0440\u0441\u0438\u0438 Skyline","article_modified_time":"2025-12-22T22:53:21+00:00","og_image":[{"width":669,"height":446,"url":"https:\/\/skyline-gs.com\/wp-content\/uploads\/2025\/05\/68-2.jpg","type":"image\/jpeg"}],"twitter_card":"summary_large_image","twitter_misc":{"Dur\u00e9e de lecture estim\u00e9e":"3 minutes"},"schema":{"@context":"https:\/\/schema.org","@graph":[{"@type":"WebPage","@id":"http:\/\/skyline-gs.com\/fr\/produit\/golden-ring-blue-laguna-iceland\/","url":"http:\/\/skyline-gs.com\/fr\/produit\/golden-ring-blue-laguna-iceland\/","name":"\u0418\u043d\u0434\u0438\u0432\u0438\u0434\u0443\u0430\u043b\u044c\u043d\u044b\u0439 \u0442\u0443\u0440: \u0417\u043e\u043b\u043e\u0442\u043e\u0435 \u043a\u043e\u043b\u044c\u0446\u043e \u0418\u0441\u043b\u0430\u043d\u0434\u0438\u0438 + \u0413\u043e\u043b\u0443\u0431\u0430\u044f \u043b\u0430\u0433\u0443\u043d\u0430 &#8226; \u042d\u043a\u0441\u043a\u0443\u0440\u0441\u0438\u0438 Skyline","isPartOf":{"@id":"https:\/\/skyline-gs.com\/it\/#website"},"primaryImageOfPage":{"@id":"http:\/\/skyline-gs.com\/fr\/produit\/golden-ring-blue-laguna-iceland\/#primaryimage"},"image":{"@id":"http:\/\/skyline-gs.com\/fr\/produit\/golden-ring-blue-laguna-iceland\/#primaryimage"},"thumbnailUrl":"https:\/\/skyline-gs.com\/wp-content\/uploads\/2025\/05\/68-2.jpg","datePublished":"2025-05-21T20:03:04+00:00","dateModified":"2025-12-22T22:53:21+00:00","breadcrumb":{"@id":"http:\/\/skyline-gs.com\/fr\/produit\/golden-ring-blue-laguna-iceland\/#breadcrumb"},"inLanguage":"fr-FR","potentialAction":[{"@type":"ReadAction","target":["http:\/\/skyline-gs.com\/fr\/produit\/golden-ring-blue-laguna-iceland\/"]}]},{"@type":"ImageObject","inLanguage":"fr-FR","@id":"http:\/\/skyline-gs.com\/fr\/produit\/golden-ring-blue-laguna-iceland\/#primaryimage","url":"https:\/\/skyline-gs.com\/wp-content\/uploads\/2025\/05\/68-2.jpg","contentUrl":"https:\/\/skyline-gs.com\/wp-content\/uploads\/2025\/05\/68-2.jpg","width":669,"height":446},{"@type":"BreadcrumbList","@id":"http:\/\/skyline-gs.com\/fr\/produit\/golden-ring-blue-laguna-iceland\/#breadcrumb","itemListElement":[{"@type":"ListItem","position":1,"name":"\u0413\u043b\u0430\u0432\u043d\u0430\u044f \u0441\u0442\u0440\u0430\u043d\u0438\u0446\u0430","item":"https:\/\/skyline-gs.com\/hu\/"},{"@type":"ListItem","position":2,"name":"\u041c\u0430\u0433\u0430\u0437\u0438\u043d","item":"https:\/\/skyline-gs.com\/cs\/shop\/"},{"@type":"ListItem","position":3,"name":"\u0418\u043d\u0434\u0438\u0432\u0438\u0434\u0443\u0430\u043b\u044c\u043d\u044b\u0439 \u0442\u0443\u0440: \u0417\u043e\u043b\u043e\u0442\u043e\u0435 \u043a\u043e\u043b\u044c\u0446\u043e \u0418\u0441\u043b\u0430\u043d\u0434\u0438\u0438 + \u0413\u043e\u043b\u0443\u0431\u0430\u044f \u043b\u0430\u0433\u0443\u043d\u0430"}]},{"@type":"WebSite","@id":"https:\/\/skyline-gs.com\/it\/#website","url":"https:\/\/skyline-gs.com\/it\/","name":"Excursions Skyline","description":"Excursions exclusives dans les meilleurs centres de vill\u00e9giature du monde","publisher":{"@id":"https:\/\/skyline-gs.com\/it\/#organization"},"alternateName":"Skyline","potentialAction":[{"@type":"SearchAction","target":{"@type":"EntryPoint","urlTemplate":"https:\/\/skyline-gs.com\/it\/?s={search_term_string}"},"query-input":{"@type":"PropertyValueSpecification","valueRequired":true,"valueName":"search_term_string"}}],"inLanguage":"fr-FR"},{"@type":"Organization","@id":"https:\/\/skyline-gs.com\/it\/#organization","name":"Excursions Skyline","alternateName":"\u042d\u043a\u0441\u043a\u0443\u0440\u0441\u0438\u0438 Skyline","url":"https:\/\/skyline-gs.com\/it\/","logo":{"@type":"ImageObject","inLanguage":"fr-FR","@id":"https:\/\/skyline-gs.com\/it\/#\/schema\/logo\/image\/","url":"https:\/\/skyline-gs.com\/wp-content\/uploads\/2020\/12\/cropped-logo-2.png","contentUrl":"https:\/\/skyline-gs.com\/wp-content\/uploads\/2020\/12\/cropped-logo-2.png","width":512,"height":512,"caption":"\u042d\u043a\u0441\u043a\u0443\u0440\u0441\u0438\u0438 Skyline"},"image":{"@id":"https:\/\/skyline-gs.com\/it\/#\/schema\/logo\/image\/"},"sameAs":["https:\/\/www.instagram.com\/skylineglobalservice\/"]}]}},"_links":{"self":[{"href":"https:\/\/skyline-gs.com\/fr\/wp-json\/wp\/v2\/product\/63355","targetHints":{"allow":["GET"]}}],"collection":[{"href":"https:\/\/skyline-gs.com\/fr\/wp-json\/wp\/v2\/product"}],"about":[{"href":"https:\/\/skyline-gs.com\/fr\/wp-json\/wp\/v2\/types\/product"}],"version-history":[{"count":0,"href":"https:\/\/skyline-gs.com\/fr\/wp-json\/wp\/v2\/product\/63355\/revisions"}],"wp:featuredmedia":[{"embeddable":true,"href":"https:\/\/skyline-gs.com\/fr\/wp-json\/wp\/v2\/media\/63377"}],"wp:attachment":[{"href":"https:\/\/skyline-gs.com\/fr\/wp-json\/wp\/v2\/media?parent=63355"}],"wp:term":[{"taxonomy":"product_brand","embeddable":true,"href":"https:\/\/skyline-gs.com\/fr\/wp-json\/wp\/v2\/product_brand?post=63355"},{"taxonomy":"product_cat","embeddable":true,"href":"https:\/\/skyline-gs.com\/fr\/wp-json\/wp\/v2\/product_cat?post=63355"},{"taxonomy":"product_tag","embeddable":true,"href":"https:\/\/skyline-gs.com\/fr\/wp-json\/wp\/v2\/product_tag?post=63355"}],"curies":[{"name":"wp","href":"https:\/\/api.w.org\/{rel}","templated":true}]}}