{"id":62403,"date":"2025-03-12T07:30:58","date_gmt":"2025-03-12T05:30:58","guid":{"rendered":"http:\/\/skyline-gs.com\/?post_type=product&#038;p=62403"},"modified":"2025-03-12T09:17:53","modified_gmt":"2025-03-12T07:17:53","slug":"montgolfiere-dubai","status":"publish","type":"product","link":"https:\/\/skyline-gs.com\/fr\/product\/hot-air-balloon-dubai\/","title":{"rendered":"Vol en montgolfi\u00e8re au-dessus du d\u00e9sert d'Arabie avec petit-d\u00e9jeuner"},"content":{"rendered":"<p data-start=\"338\" data-end=\"493\"><strong>Nous vous invitons \u00e0 commencer votre matin\u00e9e d'une mani\u00e8re sp\u00e9ciale - haut dans le ciel.<\/strong>, en survolant l'\u00e9tendue dor\u00e9e des dunes de sable. En vol <strong>vous verrez les paysages grandioses du d\u00e9sert d'Arabie<\/strong>Les paysages de l'Europe de l'Est sont tr\u00e8s vari\u00e9s : longues cha\u00eenes de dunes de sable, collines et plaines color\u00e9es par la douce lumi\u00e8re du soleil levant.<\/p>\n<p data-start=\"273\" data-end=\"492\"><strong>5:00 - D\u00e9part de l'h\u00f4tel<\/strong> (transfert de groupe).<\/p>\n<ul>\n<li data-start=\"893\" data-end=\"957\">Briefing succinct<\/li>\n<li data-start=\"893\" data-end=\"957\"><strong>Vol en ballon<\/strong> (environ 60 minutes). Cette matin\u00e9e dans le d\u00e9sert est l'occasion de voir le monde d'un \u0153il d'oiseau et de <strong>pour sentir la s\u00e9r\u00e9nit\u00e9 du d\u00e9sert vous envahir.<\/strong>.<\/li>\n<li data-start=\"958\" data-end=\"987\"><strong>Petit d\u00e9jeuner dans le d\u00e9sert<\/strong>. Apr\u00e8s l'atterrissage, un petit d\u00e9jeuner gastronomique en plein air vous attend dans un espace sp\u00e9cialement am\u00e9nag\u00e9 o\u00f9 vous pourrez vous d\u00e9tendre tout en profitant des vues environnantes et de l'atmosph\u00e8re d'intimit\u00e9 totale.<\/li>\n<\/ul>\n<p data-start=\"2495\" data-end=\"2523\"><strong>9:00 - Retour \u00e0 l'h\u00f4tel.<\/strong><\/p>\n<p><strong>Inclus :<\/strong><\/p>\n<ul>\n<li>Transferts vers et depuis l'h\u00f4tel (\u00e0 partir des h\u00f4tels de Duba\u00ef)<\/li>\n<li>Tous les transferts pr\u00e9vus au programme en autocar climatis\u00e9<\/li>\n<li>Services de guide<\/li>\n<li data-start=\"893\" data-end=\"957\">Vol en montgolfi\u00e8re (environ 60 minutes)<\/li>\n<li>Petit d\u00e9jeuner<\/li>\n<\/ul>\n<p><strong>Que puis-je ajouter ?<\/strong><\/p>\n<ul>\n<li data-start=\"1256\" data-end=\"1309\"><strong data-start=\"1258\" data-end=\"1300\">Louer un quad ou une voiture de collection<\/strong> +80$<\/li>\n<li data-start=\"1310\" data-end=\"1460\"><strong data-start=\"1312\" data-end=\"1348\">Transfert personnalis\u00e9 depuis Duba\u00ef<\/strong> (jusqu'\u00e0 6 personnes) : +200$ par voiture<br data-start=\"1380\" data-end=\"1383\" \/><em data-start=\"1383\" data-end=\"1458\">(Le prix du transfert individuel ne comprend pas le vol en montgolfi\u00e8re)<\/em><\/li>\n<\/ul>\n<p><strong>Que faut-il apporter ?<\/strong><\/p>\n<ul>\n<li>Appareil photo<\/li>\n<li>V\u00eatements chauds (en automne et en hiver)<\/li>\n<\/ul>","protected":false},"excerpt":{"rendered":"<p><strong>Temps du Tour:<\/strong> 5:00 \u2014 9:00<\/p>\n<p><strong>Jours de D\u00e9roulement:<\/strong> Chaque jour<\/p>","protected":false},"featured_media":62409,"template":"","meta":{"_kad_post_transparent":"default","_kad_post_title":"","_kad_post_layout":"default","_kad_post_sidebar_id":"","_kad_post_content_style":"default","_kad_post_vertical_padding":"default","_kad_post_feature":"","_kad_post_feature_position":"","_kad_post_header":false,"_kad_post_footer":false,"_kad_post_classname":"","_glsr_average":0,"_glsr_ranking":0,"_glsr_reviews":0},"product_brand":[],"product_cat":[438],"product_tag":[],"class_list":{"0":"post-62403","1":"product","2":"type-product","3":"status-publish","4":"has-post-thumbnail","6":"product_cat-dubai","7":"tm-has-options","9":"first","10":"instock","11":"sold-individually","12":"taxable","13":"shipping-taxable","14":"purchasable","15":"product-type-simple","16":"entry","17":"content-bg","18":"loop-entry"},"yoast_head":"<!-- This site is optimized with the Yoast SEO plugin v27.4 - https:\/\/yoast.com\/product\/yoast-seo-wordpress\/ -->\n<title>\u041f\u043e\u043b\u0451\u0442 \u043d\u0430 \u0432\u043e\u0437\u0434\u0443\u0448\u043d\u043e\u043c \u0448\u0430\u0440\u0435 \u043d\u0430\u0434 \u0430\u0440\u0430\u0432\u0438\u0439\u0441\u043a\u043e\u0439 \u043f\u0443\u0441\u0442\u044b\u043d\u0435\u0439 \u0441 \u0437\u0430\u0432\u0442\u0440\u0430\u043a\u043e\u043c &#8226; \u042d\u043a\u0441\u043a\u0443\u0440\u0441\u0438\u0438 Skyline<\/title>\n<meta name=\"robots\" content=\"index, follow, max-snippet:-1, max-image-preview:large, max-video-preview:-1\" \/>\n<link rel=\"canonical\" href=\"http:\/\/skyline-gs.com\/fr\/produit\/montgolfiere-dubai\/\" \/>\n<meta property=\"og:locale\" content=\"fr_FR\" \/>\n<meta property=\"og:type\" content=\"article\" \/>\n<meta property=\"og:title\" content=\"\u041f\u043e\u043b\u0451\u0442 \u043d\u0430 \u0432\u043e\u0437\u0434\u0443\u0448\u043d\u043e\u043c \u0448\u0430\u0440\u0435 \u043d\u0430\u0434 \u0430\u0440\u0430\u0432\u0438\u0439\u0441\u043a\u043e\u0439 \u043f\u0443\u0441\u0442\u044b\u043d\u0435\u0439 \u0441 \u0437\u0430\u0432\u0442\u0440\u0430\u043a\u043e\u043c &#8226; \u042d\u043a\u0441\u043a\u0443\u0440\u0441\u0438\u0438 Skyline\" \/>\n<meta property=\"og:description\" content=\"\u0412\u0440\u0435\u043c\u044f \u0442\u0443\u0440\u0430: 5:00 - 9:00  \u0414\u043d\u0438 \u043f\u0440\u043e\u0432\u0435\u0434\u0435\u043d\u0438\u044f: \u0435\u0436\u0435\u0434\u043d\u0435\u0432\u043d\u043e\" \/>\n<meta property=\"og:url\" content=\"http:\/\/skyline-gs.com\/fr\/produit\/montgolfiere-dubai\/\" \/>\n<meta property=\"og:site_name\" content=\"\u042d\u043a\u0441\u043a\u0443\u0440\u0441\u0438\u0438 Skyline\" \/>\n<meta property=\"article:modified_time\" content=\"2025-03-12T07:17:53+00:00\" \/>\n<meta property=\"og:image\" content=\"https:\/\/skyline-gs.com\/wp-content\/uploads\/2025\/03\/Hot-Air-Balloon-Dubai-8-e1741760079738.jpg\" \/>\n\t<meta property=\"og:image:width\" content=\"600\" \/>\n\t<meta property=\"og:image:height\" content=\"429\" \/>\n\t<meta property=\"og:image:type\" content=\"image\/jpeg\" \/>\n<meta name=\"twitter:card\" content=\"summary_large_image\" \/>\n<meta name=\"twitter:label1\" content=\"Dur\u00e9e de lecture estim\u00e9e\" \/>\n\t<meta name=\"twitter:data1\" content=\"2 minutes\" \/>\n<script type=\"application\/ld+json\" class=\"yoast-schema-graph\">{\"@context\":\"https:\\\/\\\/schema.org\",\"@graph\":[{\"@type\":\"WebPage\",\"@id\":\"http:\\\/\\\/skyline-gs.com\\\/fr\\\/produit\\\/hot-air-balloon-dubai\\\/\",\"url\":\"http:\\\/\\\/skyline-gs.com\\\/fr\\\/produit\\\/hot-air-balloon-dubai\\\/\",\"name\":\"\u041f\u043e\u043b\u0451\u0442 \u043d\u0430 \u0432\u043e\u0437\u0434\u0443\u0448\u043d\u043e\u043c \u0448\u0430\u0440\u0435 \u043d\u0430\u0434 \u0430\u0440\u0430\u0432\u0438\u0439\u0441\u043a\u043e\u0439 \u043f\u0443\u0441\u0442\u044b\u043d\u0435\u0439 \u0441 \u0437\u0430\u0432\u0442\u0440\u0430\u043a\u043e\u043c &#8226; \u042d\u043a\u0441\u043a\u0443\u0440\u0441\u0438\u0438 Skyline\",\"isPartOf\":{\"@id\":\"https:\\\/\\\/skyline-gs.com\\\/it\\\/#website\"},\"primaryImageOfPage\":{\"@id\":\"http:\\\/\\\/skyline-gs.com\\\/fr\\\/produit\\\/hot-air-balloon-dubai\\\/#primaryimage\"},\"image\":{\"@id\":\"http:\\\/\\\/skyline-gs.com\\\/fr\\\/produit\\\/hot-air-balloon-dubai\\\/#primaryimage\"},\"thumbnailUrl\":\"https:\\\/\\\/skyline-gs.com\\\/wp-content\\\/uploads\\\/2025\\\/03\\\/Hot-Air-Balloon-Dubai-8-e1741760079738.jpg\",\"datePublished\":\"2025-03-12T05:30:58+00:00\",\"dateModified\":\"2025-03-12T07:17:53+00:00\",\"breadcrumb\":{\"@id\":\"http:\\\/\\\/skyline-gs.com\\\/fr\\\/produit\\\/hot-air-balloon-dubai\\\/#breadcrumb\"},\"inLanguage\":\"fr-FR\",\"potentialAction\":[{\"@type\":\"ReadAction\",\"target\":[\"http:\\\/\\\/skyline-gs.com\\\/fr\\\/produit\\\/hot-air-balloon-dubai\\\/\"]}]},{\"@type\":\"ImageObject\",\"inLanguage\":\"fr-FR\",\"@id\":\"http:\\\/\\\/skyline-gs.com\\\/fr\\\/produit\\\/hot-air-balloon-dubai\\\/#primaryimage\",\"url\":\"https:\\\/\\\/skyline-gs.com\\\/wp-content\\\/uploads\\\/2025\\\/03\\\/Hot-Air-Balloon-Dubai-8-e1741760079738.jpg\",\"contentUrl\":\"https:\\\/\\\/skyline-gs.com\\\/wp-content\\\/uploads\\\/2025\\\/03\\\/Hot-Air-Balloon-Dubai-8-e1741760079738.jpg\",\"width\":600,\"height\":429},{\"@type\":\"BreadcrumbList\",\"@id\":\"http:\\\/\\\/skyline-gs.com\\\/fr\\\/produit\\\/hot-air-balloon-dubai\\\/#breadcrumb\",\"itemListElement\":[{\"@type\":\"ListItem\",\"position\":1,\"name\":\"\u0413\u043b\u0430\u0432\u043d\u0430\u044f \u0441\u0442\u0440\u0430\u043d\u0438\u0446\u0430\",\"item\":\"https:\\\/\\\/skyline-gs.com\\\/hu\\\/\"},{\"@type\":\"ListItem\",\"position\":2,\"name\":\"\u041c\u0430\u0433\u0430\u0437\u0438\u043d\",\"item\":\"https:\\\/\\\/skyline-gs.com\\\/cs\\\/shop\\\/\"},{\"@type\":\"ListItem\",\"position\":3,\"name\":\"\u041f\u043e\u043b\u0451\u0442 \u043d\u0430 \u0432\u043e\u0437\u0434\u0443\u0448\u043d\u043e\u043c \u0448\u0430\u0440\u0435 \u043d\u0430\u0434 \u0430\u0440\u0430\u0432\u0438\u0439\u0441\u043a\u043e\u0439 \u043f\u0443\u0441\u0442\u044b\u043d\u0435\u0439 \u0441 \u0437\u0430\u0432\u0442\u0440\u0430\u043a\u043e\u043c\"}]},{\"@type\":\"WebSite\",\"@id\":\"https:\\\/\\\/skyline-gs.com\\\/it\\\/#website\",\"url\":\"https:\\\/\\\/skyline-gs.com\\\/it\\\/\",\"name\":\"\u042d\u043a\u0441\u043a\u0443\u0440\u0441\u0438\u0438 Skyline\",\"description\":\"\u042d\u043a\u0441\u043a\u043b\u044e\u0437\u0438\u0432\u043d\u044b\u0435 \u044d\u043a\u0441\u043a\u0443\u0440\u0441\u0438\u0438 \u043d\u0430 \u043b\u0443\u0447\u0448\u0438\u0445 \u043a\u0443\u0440\u043e\u0440\u0442\u0430\u0445 \u043c\u0438\u0440\u0430\",\"publisher\":{\"@id\":\"https:\\\/\\\/skyline-gs.com\\\/it\\\/#organization\"},\"alternateName\":\"Skyline\",\"potentialAction\":[{\"@type\":\"SearchAction\",\"target\":{\"@type\":\"EntryPoint\",\"urlTemplate\":\"https:\\\/\\\/skyline-gs.com\\\/it\\\/?s={search_term_string}\"},\"query-input\":{\"@type\":\"PropertyValueSpecification\",\"valueRequired\":true,\"valueName\":\"search_term_string\"}}],\"inLanguage\":\"fr-FR\"},{\"@type\":\"Organization\",\"@id\":\"https:\\\/\\\/skyline-gs.com\\\/it\\\/#organization\",\"name\":\"\u042d\u043a\u0441\u043a\u0443\u0440\u0441\u0438\u0438 Skyline\",\"alternateName\":\"\u042d\u043a\u0441\u043a\u0443\u0440\u0441\u0438\u0438 Skyline\",\"url\":\"https:\\\/\\\/skyline-gs.com\\\/it\\\/\",\"logo\":{\"@type\":\"ImageObject\",\"inLanguage\":\"fr-FR\",\"@id\":\"https:\\\/\\\/skyline-gs.com\\\/it\\\/#\\\/schema\\\/logo\\\/image\\\/\",\"url\":\"https:\\\/\\\/skyline-gs.com\\\/wp-content\\\/uploads\\\/2020\\\/12\\\/cropped-logo-2.png\",\"contentUrl\":\"https:\\\/\\\/skyline-gs.com\\\/wp-content\\\/uploads\\\/2020\\\/12\\\/cropped-logo-2.png\",\"width\":512,\"height\":512,\"caption\":\"\u042d\u043a\u0441\u043a\u0443\u0440\u0441\u0438\u0438 Skyline\"},\"image\":{\"@id\":\"https:\\\/\\\/skyline-gs.com\\\/it\\\/#\\\/schema\\\/logo\\\/image\\\/\"},\"sameAs\":[\"https:\\\/\\\/www.instagram.com\\\/skylineglobalservice\\\/\"]}]}<\/script>\n<!-- \/ Yoast SEO plugin. -->","yoast_head_json":{"title":"Vol en montgolfi\u00e8re au-dessus du d\u00e9sert d'Arabie avec petit-d\u00e9jeuner - Skyline Excursions","robots":{"index":"index","follow":"follow","max-snippet":"max-snippet:-1","max-image-preview":"max-image-preview:large","max-video-preview":"max-video-preview:-1"},"canonical":"http:\/\/skyline-gs.com\/fr\/produit\/montgolfiere-dubai\/","og_locale":"fr_FR","og_type":"article","og_title":"\u041f\u043e\u043b\u0451\u0442 \u043d\u0430 \u0432\u043e\u0437\u0434\u0443\u0448\u043d\u043e\u043c \u0448\u0430\u0440\u0435 \u043d\u0430\u0434 \u0430\u0440\u0430\u0432\u0438\u0439\u0441\u043a\u043e\u0439 \u043f\u0443\u0441\u0442\u044b\u043d\u0435\u0439 \u0441 \u0437\u0430\u0432\u0442\u0440\u0430\u043a\u043e\u043c &#8226; \u042d\u043a\u0441\u043a\u0443\u0440\u0441\u0438\u0438 Skyline","og_description":"\u0412\u0440\u0435\u043c\u044f \u0442\u0443\u0440\u0430: 5:00 - 9:00  \u0414\u043d\u0438 \u043f\u0440\u043e\u0432\u0435\u0434\u0435\u043d\u0438\u044f: \u0435\u0436\u0435\u0434\u043d\u0435\u0432\u043d\u043e","og_url":"http:\/\/skyline-gs.com\/fr\/produit\/montgolfiere-dubai\/","og_site_name":"\u042d\u043a\u0441\u043a\u0443\u0440\u0441\u0438\u0438 Skyline","article_modified_time":"2025-03-12T07:17:53+00:00","og_image":[{"width":600,"height":429,"url":"https:\/\/skyline-gs.com\/wp-content\/uploads\/2025\/03\/Hot-Air-Balloon-Dubai-8-e1741760079738.jpg","type":"image\/jpeg"}],"twitter_card":"summary_large_image","twitter_misc":{"Dur\u00e9e de lecture estim\u00e9e":"2 minutes"},"schema":{"@context":"https:\/\/schema.org","@graph":[{"@type":"WebPage","@id":"http:\/\/skyline-gs.com\/fr\/produit\/hot-air-balloon-dubai\/","url":"http:\/\/skyline-gs.com\/fr\/produit\/hot-air-balloon-dubai\/","name":"Vol en montgolfi\u00e8re au-dessus du d\u00e9sert d'Arabie avec petit-d\u00e9jeuner - Skyline Excursions","isPartOf":{"@id":"https:\/\/skyline-gs.com\/it\/#website"},"primaryImageOfPage":{"@id":"http:\/\/skyline-gs.com\/fr\/produit\/hot-air-balloon-dubai\/#primaryimage"},"image":{"@id":"http:\/\/skyline-gs.com\/fr\/produit\/hot-air-balloon-dubai\/#primaryimage"},"thumbnailUrl":"https:\/\/skyline-gs.com\/wp-content\/uploads\/2025\/03\/Hot-Air-Balloon-Dubai-8-e1741760079738.jpg","datePublished":"2025-03-12T05:30:58+00:00","dateModified":"2025-03-12T07:17:53+00:00","breadcrumb":{"@id":"http:\/\/skyline-gs.com\/fr\/produit\/hot-air-balloon-dubai\/#breadcrumb"},"inLanguage":"fr-FR","potentialAction":[{"@type":"ReadAction","target":["http:\/\/skyline-gs.com\/fr\/produit\/hot-air-balloon-dubai\/"]}]},{"@type":"ImageObject","inLanguage":"fr-FR","@id":"http:\/\/skyline-gs.com\/fr\/produit\/hot-air-balloon-dubai\/#primaryimage","url":"https:\/\/skyline-gs.com\/wp-content\/uploads\/2025\/03\/Hot-Air-Balloon-Dubai-8-e1741760079738.jpg","contentUrl":"https:\/\/skyline-gs.com\/wp-content\/uploads\/2025\/03\/Hot-Air-Balloon-Dubai-8-e1741760079738.jpg","width":600,"height":429},{"@type":"BreadcrumbList","@id":"http:\/\/skyline-gs.com\/fr\/produit\/hot-air-balloon-dubai\/#breadcrumb","itemListElement":[{"@type":"ListItem","position":1,"name":"\u0413\u043b\u0430\u0432\u043d\u0430\u044f \u0441\u0442\u0440\u0430\u043d\u0438\u0446\u0430","item":"https:\/\/skyline-gs.com\/hu\/"},{"@type":"ListItem","position":2,"name":"\u041c\u0430\u0433\u0430\u0437\u0438\u043d","item":"https:\/\/skyline-gs.com\/cs\/shop\/"},{"@type":"ListItem","position":3,"name":"\u041f\u043e\u043b\u0451\u0442 \u043d\u0430 \u0432\u043e\u0437\u0434\u0443\u0448\u043d\u043e\u043c \u0448\u0430\u0440\u0435 \u043d\u0430\u0434 \u0430\u0440\u0430\u0432\u0438\u0439\u0441\u043a\u043e\u0439 \u043f\u0443\u0441\u0442\u044b\u043d\u0435\u0439 \u0441 \u0437\u0430\u0432\u0442\u0440\u0430\u043a\u043e\u043c"}]},{"@type":"WebSite","@id":"https:\/\/skyline-gs.com\/it\/#website","url":"https:\/\/skyline-gs.com\/it\/","name":"Excursions Skyline","description":"Excursions exclusives dans les meilleurs centres de vill\u00e9giature du monde","publisher":{"@id":"https:\/\/skyline-gs.com\/it\/#organization"},"alternateName":"Skyline","potentialAction":[{"@type":"SearchAction","target":{"@type":"EntryPoint","urlTemplate":"https:\/\/skyline-gs.com\/it\/?s={search_term_string}"},"query-input":{"@type":"PropertyValueSpecification","valueRequired":true,"valueName":"search_term_string"}}],"inLanguage":"fr-FR"},{"@type":"Organization","@id":"https:\/\/skyline-gs.com\/it\/#organization","name":"Excursions Skyline","alternateName":"\u042d\u043a\u0441\u043a\u0443\u0440\u0441\u0438\u0438 Skyline","url":"https:\/\/skyline-gs.com\/it\/","logo":{"@type":"ImageObject","inLanguage":"fr-FR","@id":"https:\/\/skyline-gs.com\/it\/#\/schema\/logo\/image\/","url":"https:\/\/skyline-gs.com\/wp-content\/uploads\/2020\/12\/cropped-logo-2.png","contentUrl":"https:\/\/skyline-gs.com\/wp-content\/uploads\/2020\/12\/cropped-logo-2.png","width":512,"height":512,"caption":"\u042d\u043a\u0441\u043a\u0443\u0440\u0441\u0438\u0438 Skyline"},"image":{"@id":"https:\/\/skyline-gs.com\/it\/#\/schema\/logo\/image\/"},"sameAs":["https:\/\/www.instagram.com\/skylineglobalservice\/"]}]}},"_links":{"self":[{"href":"https:\/\/skyline-gs.com\/fr\/wp-json\/wp\/v2\/product\/62403","targetHints":{"allow":["GET"]}}],"collection":[{"href":"https:\/\/skyline-gs.com\/fr\/wp-json\/wp\/v2\/product"}],"about":[{"href":"https:\/\/skyline-gs.com\/fr\/wp-json\/wp\/v2\/types\/product"}],"version-history":[{"count":0,"href":"https:\/\/skyline-gs.com\/fr\/wp-json\/wp\/v2\/product\/62403\/revisions"}],"wp:featuredmedia":[{"embeddable":true,"href":"https:\/\/skyline-gs.com\/fr\/wp-json\/wp\/v2\/media\/62409"}],"wp:attachment":[{"href":"https:\/\/skyline-gs.com\/fr\/wp-json\/wp\/v2\/media?parent=62403"}],"wp:term":[{"taxonomy":"product_brand","embeddable":true,"href":"https:\/\/skyline-gs.com\/fr\/wp-json\/wp\/v2\/product_brand?post=62403"},{"taxonomy":"product_cat","embeddable":true,"href":"https:\/\/skyline-gs.com\/fr\/wp-json\/wp\/v2\/product_cat?post=62403"},{"taxonomy":"product_tag","embeddable":true,"href":"https:\/\/skyline-gs.com\/fr\/wp-json\/wp\/v2\/product_tag?post=62403"}],"curies":[{"name":"wp","href":"https:\/\/api.w.org\/{rel}","templated":true}]}}