{"id":61392,"date":"2025-02-05T02:01:55","date_gmt":"2025-02-05T00:01:55","guid":{"rendered":"http:\/\/skyline-gs.com\/?post_type=product&#038;p=61392"},"modified":"2025-02-20T23:10:00","modified_gmt":"2025-02-20T21:10:00","slug":"dragon-way-nha-trang","status":"publish","type":"product","link":"https:\/\/skyline-gs.com\/fr\/product\/dragon-way-nha-trang\/","title":{"rendered":"Dragon's Path 4 jours (en avion)"},"content":{"rendered":"<p>Le circuit \u00abLe chemin du dragon\u00bb vous fera d\u00e9couvrir les sites les plus color\u00e9s du Vi\u00eat Nam. Ce chemin m\u00e8ne aux endroits o\u00f9 la terre vietnamienne ouvre ses secrets les plus intimes au promeneur : l'ancienne Hanoi, o\u00f9 les rues gardent l'\u00e9cho des si\u00e8cles ; la myst\u00e9rieuse baie d'Halong, o\u00f9 les rochers silencieux se pr\u00e9cipitent vers le ciel, se refl\u00e9tant dans la surface de l'eau \u00e9meraude ; l'ancienne Hoi An, la ville des lanternes et des routes de la soie. \u00abLa Voie du Dragon\u00bb est un voyage non seulement sur terre, mais aussi dans les profondeurs de l'\u00e2me, o\u00f9 dans le silence des pagodes anciennes, sous le bruissement des vagues et \u00e0 la lueur des lumi\u00e8res du soir, on se rend compte que le monde est grand et que le chemin qui le traverse est infiniment beau.<\/p>\n<p><strong>Jour 1 : Hanoi - l'atmosph\u00e8re de la capitale du Vietnam<\/strong><\/p>\n<ul>\n<li><strong>D\u00e9part de l'h\u00f4tel de Nha Trang pour l'a\u00e9roport<\/strong>, Enregistrement et vol pour Hanoi, la capitale du Vietnam.<\/li>\n<li><strong>Arriv\u00e9e \u00e0 Hanoi<\/strong>, Transfert et installation \u00e0 l'h\u00f4tel dans la vieille ville historique.<\/li>\n<li><strong>Une marche vers le lac de l'\u00e9p\u00e9e retourn\u00e9e<\/strong> - un lieu l\u00e9gendaire, symbole de Hanoi.<\/li>\n<li><strong>Rue du chemin de fer<\/strong> - assis dans un caf\u00e9 situ\u00e9 le long de la voie ferr\u00e9e, o\u00f9 l'on peut voir passer un train \u00e0 bout de bras.<\/li>\n<li><strong>Visite de Hanoi<\/strong>:\n<ul>\n<li>Le Mausol\u00e9e Ho Chi Minh est la place principale du pays et le lieu de m\u00e9moire de \u00abl'Oncle Ho\u00bb.<\/li>\n<li>La place Badinh est le centre historique de la vie politique vietnamienne.<\/li>\n<\/ul>\n<\/li>\n<li><strong>D\u00eener au c\u00e9l\u00e8bre Boon Cha Hanoi.<\/strong> au caf\u00e9 o\u00f9 Barack Obama a d\u00een\u00e9 un jour.<\/li>\n<li><strong>Bars de rue du soir<\/strong> - s'immerger dans la vie nocturne de Hanoi.<\/li>\n<li>Temps libre, retour ind\u00e9pendant \u00e0 l'h\u00f4tel.<\/li>\n<\/ul>\n<p><strong>Jour 2 : Baie d'Halong - Baie des mille \u00eeles<\/strong><\/p>\n<ul>\n<li><strong>Petit d\u00e9jeuner \u00e0 l'h\u00f4tel.<\/strong><\/li>\n<li><strong>Transfert vers la baie d'Halong<\/strong>, qui figure sur la liste du patrimoine de l'UNESCO.<\/li>\n<li><strong>Enregistrement dans une cabine confortable<\/strong> d'un bateau de croisi\u00e8re 3*.<\/li>\n<li><strong>D\u00e9jeuner \u00e0 bord.<\/strong><\/li>\n<li><strong>Croisi\u00e8re dans la baie d'Halong<\/strong> - le c\u00e9l\u00e8bre paysage de milliers d'\u00eeles et d'eau \u00e9meraude.\n<ul>\n<li>Un arr\u00eat \u00e0 <strong>\u00cele Titov<\/strong> - vues panoramiques, vacances \u00e0 la plage et baignade.<\/li>\n<li>Cours de ma\u00eetre culinaire - une introduction \u00e0 la cuisine vietnamienne traditionnelle.<\/li>\n<\/ul>\n<\/li>\n<li><strong>D\u00eener sur le bateau.<\/strong><\/li>\n<li>Programme du soir :\n<ul>\n<li><strong>P\u00eache au calmar<\/strong>, regarder des films, jouer \u00e0 des jeux de soci\u00e9t\u00e9.<\/li>\n<\/ul>\n<\/li>\n<\/ul>\n<p><strong>Jour 3 : Grottes d'Halong et Hoi An<\/strong><\/p>\n<ul>\n<li><strong>Aube dans la baie<\/strong> - un spectacle \u00e9poustouflant \u00e0 savourer depuis le pont.<\/li>\n<li><strong>Formation au tai-chi<\/strong> - l'art ancestral de l'exercice matinal en pleine nature.<\/li>\n<li><strong>Un petit d\u00e9jeuner l\u00e9ger.<\/strong><\/li>\n<li><strong>Visite des grottes de la baie d'Halong<\/strong> - stalactites, stalagmites et grottes myst\u00e9rieuses.<\/li>\n<li><strong>Expulsion de la cabine.<\/strong><\/li>\n<li><strong>D\u00e9jeuner vietnamien en d\u00e9but de journ\u00e9e.<\/strong><\/li>\n<li><strong>Transfert \u00e0 l'a\u00e9roport<\/strong>, Vol pour Da Nang.<\/li>\n<li><strong>Arriv\u00e9e \u00e0 Hoi An<\/strong>, Arriv\u00e9e \u00e0 l'h\u00f4tel.<\/li>\n<li><strong>Le d\u00e9jeuner est un plat traditionnel Cao Lao.<\/strong> - La carte de visite de Hoi An.<\/li>\n<li><strong>Promenade nocturne \u00e0 Hoi An<\/strong>:\n<ul>\n<li>Le pont japonais est un symbole architectural de la ville.<\/li>\n<li>Vieille ville atmosph\u00e9rique avec des rues coloniales.<\/li>\n<\/ul>\n<\/li>\n<li><strong>Lancement de lanternes sur l'eau et promenades en bateau<\/strong> sur la rivi\u00e8re Hoai.<\/li>\n<\/ul>\n<p><strong>Jour 4 : Da Nang et le pont d'or<\/strong><\/p>\n<ul>\n<li><strong>Petit d\u00e9jeuner \u00e0 l'h\u00f4tel.<\/strong><\/li>\n<li><strong>Montagnes de marbre<\/strong> - cinq parois rocheuses symbolisant les \u00e9l\u00e9ments.\n<ul>\n<li>Une promenade sur les sentiers de la nature.<\/li>\n<li><strong>Visite de grottes anciennes<\/strong> avec des temples bouddhistes \u00e0 l'int\u00e9rieur.<\/li>\n<li><strong>Pagode Linh Ung<\/strong> avec une statue de Bouddha de 67 m\u00e8tres de haut.<\/li>\n<\/ul>\n<\/li>\n<li><strong>T\u00e9l\u00e9ph\u00e9rique de Banna Hills<\/strong> - l'un des plus longs et des plus hauts du monde.<\/li>\n<li><strong>Pont d'or<\/strong> - le c\u00e9l\u00e8bre \u00abpont de la main de Dieu\u00bb qui s'\u00e9l\u00e8ve au-dessus des nuages.<\/li>\n<li><strong>Temps libre<\/strong> au parc d'attractions de Banna Hills.<\/li>\n<li><strong>Le d\u00e9jeuner est un buffet.<\/strong><\/li>\n<li><strong>Transfert \u00e0 la gare routi\u00e8re de Da Nang.<\/strong><\/li>\n<li><strong>Un d\u00eener l\u00e9ger<\/strong> - la c\u00e9l\u00e8bre baguette vietnamienne Banh Mi.<\/li>\n<li><strong>D\u00e9part pour Nha Trang en bus couchette VIP<\/strong> - un d\u00e9m\u00e9nagement confortable du jour au lendemain.<\/li>\n<\/ul>\n<p><strong>Inclus :<\/strong><\/p>\n<ul>\n<li>H\u00e9bergement dans des h\u00f4tels 3* \u00e0 Hanoi et Hoi An<\/li>\n<li>Croisi\u00e8re dans la baie d'Halong \u00e0 bord d'un navire 3*.<\/li>\n<li>Transferts tout au long de l'itin\u00e9raire<\/li>\n<li>Guide parlant russe<\/li>\n<li>Repas selon le programme<\/li>\n<li>Vols : Nha Trang - Hanoi, Halong - Da Nang<\/li>\n<li>Billet pour le VIP Sleep Bus Da Nang - Nha Trang<\/li>\n<\/ul>\n<p><strong>Non inclus :<\/strong><\/p>\n<ul>\n<li>Boissons lors d'une croisi\u00e8re \u00e0 Halong<\/li>\n<li>D\u00e9penses personnelles<\/li>\n<li>Transfert depuis les h\u00f4tels situ\u00e9s en dehors de la ville :\u00a0<strong>Amiana<\/strong>\u00a0- surtaxe\u00a0<strong>+10$ par v\u00e9hicule jusqu'\u00e0 6 personnes<\/strong>\u00a0aller-retour et\u00a0<strong>+15$ par v\u00e9hicule jusqu'\u00e0 10 personnes<\/strong>\u00a0dans les deux sens<\/li>\n<\/ul>\n<p><strong>Emportez-le avec vous :<\/strong><\/p>\n<ul>\n<li>Passeport<\/li>\n<li>V\u00eatements et chaussures confortables<\/li>\n<li>Coiffure<\/li>\n<li>Maillot de bain, lunettes de soleil et cr\u00e8me<\/li>\n<li>cam\u00e9ra<\/li>\n<li>Argent liquide pour les d\u00e9penses suppl\u00e9mentaires<\/li>\n<\/ul>","protected":false},"excerpt":{"rendered":"<p><strong>Temps du Tour:<\/strong> 4 jours<\/p>\n<p><strong>Jours de D\u00e9roulement:<\/strong> Tous les jours.<\/p>","protected":false},"featured_media":61008,"template":"","meta":{"_kad_post_transparent":"default","_kad_post_title":"","_kad_post_layout":"default","_kad_post_sidebar_id":"","_kad_post_content_style":"default","_kad_post_vertical_padding":"default","_kad_post_feature":"","_kad_post_feature_position":"","_kad_post_header":false,"_kad_post_footer":false,"_kad_post_classname":"","_glsr_average":0,"_glsr_ranking":0,"_glsr_reviews":0},"product_brand":[],"product_cat":[437],"product_tag":[],"class_list":{"0":"post-61392","1":"product","2":"type-product","3":"status-publish","4":"has-post-thumbnail","6":"product_cat-nha-trang","7":"tm-has-options","9":"first","10":"instock","11":"sold-individually","12":"taxable","13":"shipping-taxable","14":"purchasable","15":"product-type-simple","16":"entry","17":"content-bg","18":"loop-entry"},"yoast_head":"<!-- This site is optimized with the Yoast SEO plugin v27.3 - https:\/\/yoast.com\/product\/yoast-seo-wordpress\/ -->\n<title>\u041f\u0443\u0442\u044c \u0434\u0440\u0430\u043a\u043e\u043d\u0430 4 \u0434\u043d\u044f (\u043d\u0430 \u0441\u0430\u043c\u043e\u043b\u0451\u0442\u0435) &#8226; \u042d\u043a\u0441\u043a\u0443\u0440\u0441\u0438\u0438 Skyline<\/title>\n<meta name=\"robots\" content=\"index, follow, max-snippet:-1, max-image-preview:large, max-video-preview:-1\" \/>\n<link rel=\"canonical\" href=\"http:\/\/skyline-gs.com\/fr\/produit\/dragon-way-nha-trang\/\" \/>\n<meta property=\"og:locale\" content=\"fr_FR\" \/>\n<meta property=\"og:type\" content=\"article\" \/>\n<meta property=\"og:title\" content=\"\u041f\u0443\u0442\u044c \u0434\u0440\u0430\u043a\u043e\u043d\u0430 4 \u0434\u043d\u044f (\u043d\u0430 \u0441\u0430\u043c\u043e\u043b\u0451\u0442\u0435) &#8226; \u042d\u043a\u0441\u043a\u0443\u0440\u0441\u0438\u0438 Skyline\" \/>\n<meta property=\"og:description\" content=\"\u0412\u0440\u0435\u043c\u044f \u0442\u0443\u0440\u0430: 4 \u0434\u043d\u044f  \u0414\u043d\u0438 \u043f\u0440\u043e\u0432\u0435\u0434\u0435\u043d\u0438\u044f: \u041a\u0430\u0436\u0434\u044b\u0439 \u0434\u0435\u043d\u044c\" \/>\n<meta property=\"og:url\" content=\"http:\/\/skyline-gs.com\/fr\/produit\/dragon-way-nha-trang\/\" \/>\n<meta property=\"og:site_name\" content=\"\u042d\u043a\u0441\u043a\u0443\u0440\u0441\u0438\u0438 Skyline\" \/>\n<meta property=\"article:modified_time\" content=\"2025-02-20T21:10:00+00:00\" \/>\n<meta property=\"og:image\" content=\"https:\/\/skyline-gs.com\/wp-content\/uploads\/2025\/01\/cd.jpg\" \/>\n\t<meta property=\"og:image:width\" content=\"669\" \/>\n\t<meta property=\"og:image:height\" content=\"446\" \/>\n\t<meta property=\"og:image:type\" content=\"image\/jpeg\" \/>\n<meta name=\"twitter:card\" content=\"summary_large_image\" \/>\n<meta name=\"twitter:label1\" content=\"Dur\u00e9e de lecture estim\u00e9e\" \/>\n\t<meta name=\"twitter:data1\" content=\"4 minutes\" \/>\n<script type=\"application\/ld+json\" class=\"yoast-schema-graph\">{\"@context\":\"https:\\\/\\\/schema.org\",\"@graph\":[{\"@type\":\"WebPage\",\"@id\":\"http:\\\/\\\/skyline-gs.com\\\/hu\\\/termek\\\/dragon-way-nha-trang\\\/\",\"url\":\"http:\\\/\\\/skyline-gs.com\\\/hu\\\/termek\\\/dragon-way-nha-trang\\\/\",\"name\":\"\u041f\u0443\u0442\u044c \u0434\u0440\u0430\u043a\u043e\u043d\u0430 4 \u0434\u043d\u044f (\u043d\u0430 \u0441\u0430\u043c\u043e\u043b\u0451\u0442\u0435) &#8226; \u042d\u043a\u0441\u043a\u0443\u0440\u0441\u0438\u0438 Skyline\",\"isPartOf\":{\"@id\":\"https:\\\/\\\/skyline-gs.com\\\/it\\\/#website\"},\"primaryImageOfPage\":{\"@id\":\"http:\\\/\\\/skyline-gs.com\\\/hu\\\/termek\\\/dragon-way-nha-trang\\\/#primaryimage\"},\"image\":{\"@id\":\"http:\\\/\\\/skyline-gs.com\\\/hu\\\/termek\\\/dragon-way-nha-trang\\\/#primaryimage\"},\"thumbnailUrl\":\"https:\\\/\\\/skyline-gs.com\\\/wp-content\\\/uploads\\\/2025\\\/01\\\/cd.jpg\",\"datePublished\":\"2025-02-05T00:01:55+00:00\",\"dateModified\":\"2025-02-20T21:10:00+00:00\",\"breadcrumb\":{\"@id\":\"http:\\\/\\\/skyline-gs.com\\\/hu\\\/termek\\\/dragon-way-nha-trang\\\/#breadcrumb\"},\"inLanguage\":\"fr-FR\",\"potentialAction\":[{\"@type\":\"ReadAction\",\"target\":[\"http:\\\/\\\/skyline-gs.com\\\/hu\\\/termek\\\/dragon-way-nha-trang\\\/\"]}]},{\"@type\":\"ImageObject\",\"inLanguage\":\"fr-FR\",\"@id\":\"http:\\\/\\\/skyline-gs.com\\\/hu\\\/termek\\\/dragon-way-nha-trang\\\/#primaryimage\",\"url\":\"https:\\\/\\\/skyline-gs.com\\\/wp-content\\\/uploads\\\/2025\\\/01\\\/cd.jpg\",\"contentUrl\":\"https:\\\/\\\/skyline-gs.com\\\/wp-content\\\/uploads\\\/2025\\\/01\\\/cd.jpg\",\"width\":669,\"height\":446},{\"@type\":\"BreadcrumbList\",\"@id\":\"http:\\\/\\\/skyline-gs.com\\\/hu\\\/termek\\\/dragon-way-nha-trang\\\/#breadcrumb\",\"itemListElement\":[{\"@type\":\"ListItem\",\"position\":1,\"name\":\"\u0413\u043b\u0430\u0432\u043d\u0430\u044f \u0441\u0442\u0440\u0430\u043d\u0438\u0446\u0430\",\"item\":\"https:\\\/\\\/skyline-gs.com\\\/hu\\\/\"},{\"@type\":\"ListItem\",\"position\":2,\"name\":\"\u041c\u0430\u0433\u0430\u0437\u0438\u043d\",\"item\":\"https:\\\/\\\/skyline-gs.com\\\/cs\\\/shop\\\/\"},{\"@type\":\"ListItem\",\"position\":3,\"name\":\"\u041f\u0443\u0442\u044c \u0434\u0440\u0430\u043a\u043e\u043d\u0430 4 \u0434\u043d\u044f (\u043d\u0430 \u0441\u0430\u043c\u043e\u043b\u0451\u0442\u0435)\"}]},{\"@type\":\"WebSite\",\"@id\":\"https:\\\/\\\/skyline-gs.com\\\/it\\\/#website\",\"url\":\"https:\\\/\\\/skyline-gs.com\\\/it\\\/\",\"name\":\"\u042d\u043a\u0441\u043a\u0443\u0440\u0441\u0438\u0438 Skyline\",\"description\":\"\u042d\u043a\u0441\u043a\u043b\u044e\u0437\u0438\u0432\u043d\u044b\u0435 \u044d\u043a\u0441\u043a\u0443\u0440\u0441\u0438\u0438 \u043d\u0430 \u043b\u0443\u0447\u0448\u0438\u0445 \u043a\u0443\u0440\u043e\u0440\u0442\u0430\u0445 \u043c\u0438\u0440\u0430\",\"publisher\":{\"@id\":\"https:\\\/\\\/skyline-gs.com\\\/it\\\/#organization\"},\"alternateName\":\"Skyline\",\"potentialAction\":[{\"@type\":\"SearchAction\",\"target\":{\"@type\":\"EntryPoint\",\"urlTemplate\":\"https:\\\/\\\/skyline-gs.com\\\/it\\\/?s={search_term_string}\"},\"query-input\":{\"@type\":\"PropertyValueSpecification\",\"valueRequired\":true,\"valueName\":\"search_term_string\"}}],\"inLanguage\":\"fr-FR\"},{\"@type\":\"Organization\",\"@id\":\"https:\\\/\\\/skyline-gs.com\\\/it\\\/#organization\",\"name\":\"\u042d\u043a\u0441\u043a\u0443\u0440\u0441\u0438\u0438 Skyline\",\"alternateName\":\"\u042d\u043a\u0441\u043a\u0443\u0440\u0441\u0438\u0438 Skyline\",\"url\":\"https:\\\/\\\/skyline-gs.com\\\/it\\\/\",\"logo\":{\"@type\":\"ImageObject\",\"inLanguage\":\"fr-FR\",\"@id\":\"https:\\\/\\\/skyline-gs.com\\\/it\\\/#\\\/schema\\\/logo\\\/image\\\/\",\"url\":\"https:\\\/\\\/skyline-gs.com\\\/wp-content\\\/uploads\\\/2020\\\/12\\\/cropped-logo-2.png\",\"contentUrl\":\"https:\\\/\\\/skyline-gs.com\\\/wp-content\\\/uploads\\\/2020\\\/12\\\/cropped-logo-2.png\",\"width\":512,\"height\":512,\"caption\":\"\u042d\u043a\u0441\u043a\u0443\u0440\u0441\u0438\u0438 Skyline\"},\"image\":{\"@id\":\"https:\\\/\\\/skyline-gs.com\\\/it\\\/#\\\/schema\\\/logo\\\/image\\\/\"},\"sameAs\":[\"https:\\\/\\\/www.instagram.com\\\/skylineglobalservice\\\/\"]}]}<\/script>\n<!-- \/ Yoast SEO plugin. -->","yoast_head_json":{"title":"Dragon's Path 4 jours (en avion) - Skyline Excursions","robots":{"index":"index","follow":"follow","max-snippet":"max-snippet:-1","max-image-preview":"max-image-preview:large","max-video-preview":"max-video-preview:-1"},"canonical":"http:\/\/skyline-gs.com\/fr\/produit\/dragon-way-nha-trang\/","og_locale":"fr_FR","og_type":"article","og_title":"\u041f\u0443\u0442\u044c \u0434\u0440\u0430\u043a\u043e\u043d\u0430 4 \u0434\u043d\u044f (\u043d\u0430 \u0441\u0430\u043c\u043e\u043b\u0451\u0442\u0435) &#8226; \u042d\u043a\u0441\u043a\u0443\u0440\u0441\u0438\u0438 Skyline","og_description":"\u0412\u0440\u0435\u043c\u044f \u0442\u0443\u0440\u0430: 4 \u0434\u043d\u044f  \u0414\u043d\u0438 \u043f\u0440\u043e\u0432\u0435\u0434\u0435\u043d\u0438\u044f: \u041a\u0430\u0436\u0434\u044b\u0439 \u0434\u0435\u043d\u044c","og_url":"http:\/\/skyline-gs.com\/fr\/produit\/dragon-way-nha-trang\/","og_site_name":"\u042d\u043a\u0441\u043a\u0443\u0440\u0441\u0438\u0438 Skyline","article_modified_time":"2025-02-20T21:10:00+00:00","og_image":[{"width":669,"height":446,"url":"https:\/\/skyline-gs.com\/wp-content\/uploads\/2025\/01\/cd.jpg","type":"image\/jpeg"}],"twitter_card":"summary_large_image","twitter_misc":{"Dur\u00e9e de lecture estim\u00e9e":"4 minutes"},"schema":{"@context":"https:\/\/schema.org","@graph":[{"@type":"WebPage","@id":"http:\/\/skyline-gs.com\/hu\/termek\/dragon-way-nha-trang\/","url":"http:\/\/skyline-gs.com\/hu\/termek\/dragon-way-nha-trang\/","name":"Dragon's Path 4 jours (en avion) - Skyline Excursions","isPartOf":{"@id":"https:\/\/skyline-gs.com\/it\/#website"},"primaryImageOfPage":{"@id":"http:\/\/skyline-gs.com\/hu\/termek\/dragon-way-nha-trang\/#primaryimage"},"image":{"@id":"http:\/\/skyline-gs.com\/hu\/termek\/dragon-way-nha-trang\/#primaryimage"},"thumbnailUrl":"https:\/\/skyline-gs.com\/wp-content\/uploads\/2025\/01\/cd.jpg","datePublished":"2025-02-05T00:01:55+00:00","dateModified":"2025-02-20T21:10:00+00:00","breadcrumb":{"@id":"http:\/\/skyline-gs.com\/hu\/termek\/dragon-way-nha-trang\/#breadcrumb"},"inLanguage":"fr-FR","potentialAction":[{"@type":"ReadAction","target":["http:\/\/skyline-gs.com\/hu\/termek\/dragon-way-nha-trang\/"]}]},{"@type":"ImageObject","inLanguage":"fr-FR","@id":"http:\/\/skyline-gs.com\/hu\/termek\/dragon-way-nha-trang\/#primaryimage","url":"https:\/\/skyline-gs.com\/wp-content\/uploads\/2025\/01\/cd.jpg","contentUrl":"https:\/\/skyline-gs.com\/wp-content\/uploads\/2025\/01\/cd.jpg","width":669,"height":446},{"@type":"BreadcrumbList","@id":"http:\/\/skyline-gs.com\/hu\/termek\/dragon-way-nha-trang\/#breadcrumb","itemListElement":[{"@type":"ListItem","position":1,"name":"\u0413\u043b\u0430\u0432\u043d\u0430\u044f \u0441\u0442\u0440\u0430\u043d\u0438\u0446\u0430","item":"https:\/\/skyline-gs.com\/hu\/"},{"@type":"ListItem","position":2,"name":"\u041c\u0430\u0433\u0430\u0437\u0438\u043d","item":"https:\/\/skyline-gs.com\/cs\/shop\/"},{"@type":"ListItem","position":3,"name":"\u041f\u0443\u0442\u044c \u0434\u0440\u0430\u043a\u043e\u043d\u0430 4 \u0434\u043d\u044f (\u043d\u0430 \u0441\u0430\u043c\u043e\u043b\u0451\u0442\u0435)"}]},{"@type":"WebSite","@id":"https:\/\/skyline-gs.com\/it\/#website","url":"https:\/\/skyline-gs.com\/it\/","name":"Excursions Skyline","description":"Excursions exclusives dans les meilleurs centres de vill\u00e9giature du monde","publisher":{"@id":"https:\/\/skyline-gs.com\/it\/#organization"},"alternateName":"Skyline","potentialAction":[{"@type":"SearchAction","target":{"@type":"EntryPoint","urlTemplate":"https:\/\/skyline-gs.com\/it\/?s={search_term_string}"},"query-input":{"@type":"PropertyValueSpecification","valueRequired":true,"valueName":"search_term_string"}}],"inLanguage":"fr-FR"},{"@type":"Organization","@id":"https:\/\/skyline-gs.com\/it\/#organization","name":"Excursions Skyline","alternateName":"\u042d\u043a\u0441\u043a\u0443\u0440\u0441\u0438\u0438 Skyline","url":"https:\/\/skyline-gs.com\/it\/","logo":{"@type":"ImageObject","inLanguage":"fr-FR","@id":"https:\/\/skyline-gs.com\/it\/#\/schema\/logo\/image\/","url":"https:\/\/skyline-gs.com\/wp-content\/uploads\/2020\/12\/cropped-logo-2.png","contentUrl":"https:\/\/skyline-gs.com\/wp-content\/uploads\/2020\/12\/cropped-logo-2.png","width":512,"height":512,"caption":"\u042d\u043a\u0441\u043a\u0443\u0440\u0441\u0438\u0438 Skyline"},"image":{"@id":"https:\/\/skyline-gs.com\/it\/#\/schema\/logo\/image\/"},"sameAs":["https:\/\/www.instagram.com\/skylineglobalservice\/"]}]}},"_links":{"self":[{"href":"https:\/\/skyline-gs.com\/fr\/wp-json\/wp\/v2\/product\/61392","targetHints":{"allow":["GET"]}}],"collection":[{"href":"https:\/\/skyline-gs.com\/fr\/wp-json\/wp\/v2\/product"}],"about":[{"href":"https:\/\/skyline-gs.com\/fr\/wp-json\/wp\/v2\/types\/product"}],"version-history":[{"count":0,"href":"https:\/\/skyline-gs.com\/fr\/wp-json\/wp\/v2\/product\/61392\/revisions"}],"wp:featuredmedia":[{"embeddable":true,"href":"https:\/\/skyline-gs.com\/fr\/wp-json\/wp\/v2\/media\/61008"}],"wp:attachment":[{"href":"https:\/\/skyline-gs.com\/fr\/wp-json\/wp\/v2\/media?parent=61392"}],"wp:term":[{"taxonomy":"product_brand","embeddable":true,"href":"https:\/\/skyline-gs.com\/fr\/wp-json\/wp\/v2\/product_brand?post=61392"},{"taxonomy":"product_cat","embeddable":true,"href":"https:\/\/skyline-gs.com\/fr\/wp-json\/wp\/v2\/product_cat?post=61392"},{"taxonomy":"product_tag","embeddable":true,"href":"https:\/\/skyline-gs.com\/fr\/wp-json\/wp\/v2\/product_tag?post=61392"}],"curies":[{"name":"wp","href":"https:\/\/api.w.org\/{rel}","templated":true}]}}