{"id":60882,"date":"2025-01-11T23:43:07","date_gmt":"2025-01-11T21:43:07","guid":{"rendered":"http:\/\/skyline-gs.com\/?post_type=product&#038;p=60882"},"modified":"2025-12-23T00:49:39","modified_gmt":"2025-12-22T22:49:39","slug":"cote-sud-de-lislande","status":"publish","type":"product","link":"https:\/\/skyline-gs.com\/fr\/product\/south-coast-iceland\/","title":{"rendered":"Circuit personnalis\u00e9 : C\u00f4te sud de l'Islande, glacier Mj\u00f6dalsj\u00f6kull, plage noire"},"content":{"rendered":"<p>La c\u00f4te sud de l'Islande est le lieu o\u00f9 les chutes d'eau exaltantes, les glaciers et les plages volcaniques cr\u00e9ent une atmosph\u00e8re inoubliable. Plongez dans la magie de cette r\u00e9gion et vous d\u00e9couvrirez les plus belles et les plus impressionnantes merveilles naturelles de l'Islande !<\/p>\n<p><strong>8:00 - D\u00e9part du hall de l'h\u00f4tel.<\/strong><\/p>\n<ol>\n<li><strong>Chute d'eau de Seljalandsfoss<\/strong> - une cascade unique, derri\u00e8re laquelle vous pouvez marcher et ressentir toute la puissance et la force de la nature. Nous visiterons \u00e9galement une \u00abcascade secr\u00e8te\u00bb que peu de gens connaissent, mais qui n'en est pas moins impressionnante !<\/li>\n<li><strong>Chute d'eau de Skogafoss<\/strong> - Une puissante chute d'eau qui se jette sur d'immenses falaises. C'est l'un des endroits les plus pittoresques d'Islande, id\u00e9al pour les s\u00e9ances photos.<\/li>\n<li><strong>Glacier Mj\u00f6dalsj\u00f6kull<\/strong> - marcher le long du glacier, appr\u00e9cier l'immensit\u00e9 de la glace et les paysages glac\u00e9s uniques. D\u00e9couvrez la magie de ce monde de glace !<\/li>\n<li><strong>Le cap Deerhawley et le phare en 1910<\/strong> - Un lieu myst\u00e9rieux o\u00f9 les vagues de l'Islande se heurtent \u00e0 d'imposantes falaises et \u00e0 des sites d'observation des oiseaux.<\/li>\n<li><strong>Plage noire de Reynisfjara<\/strong> - Le sable volcanique et les puissantes colonnes de basalte cr\u00e9ent une atmosph\u00e8re mystique, ce qui en fait l'un des lieux les plus c\u00e9l\u00e8bres et les plus passionnants d'Islande.<\/li>\n<\/ol>\n<p><strong>16:00 - Retour \u00e0 l'h\u00f4tel.<\/strong><\/p>\n<p><strong>Ce qui peut \u00eatre ajout\u00e9 :<\/strong><\/p>\n<ul>\n<li><strong>Glacier Vatnajokull<\/strong> (en option, avec suppl\u00e9ment) - Poursuivez votre voyage vers le plus grand glacier d'Islande ! Nagez entre les icebergs \u00e0 bord d'un bateau amphibie, observez les phoques communs en libert\u00e9 et visitez la plage de Diamond Beach o\u00f9 vous pourrez voir des icebergs \u00e9chou\u00e9s sur le rivage.<\/li>\n<\/ul>\n<p><strong>Inclus :<\/strong><\/p>\n<ul>\n<li>Transfert depuis et vers l'h\u00f4tel<\/li>\n<li>Transferts dans un confortable SUV 4\u00d74 avec air conditionn\u00e9<\/li>\n<li>Guide parlant russe<\/li>\n<li>Carburant<\/li>\n<li>Parkings payants le long de l'itin\u00e9raire<\/li>\n<\/ul>\n<p><strong>Non inclus :<\/strong><\/p>\n<ul>\n<li>Billets d'entr\u00e9e<\/li>\n<li>Repas (facultatif, caf\u00e9s le long de la route)<\/li>\n<\/ul>\n<p><strong>Emportez-le avec vous :<\/strong><\/p>\n<ul>\n<li>Appareil photo<\/li>\n<li>Chaussures confortables<\/li>\n<li>V\u00eatements chauds<\/li>\n<li>Argent pour les d\u00e9penses personnelles<\/li>\n<\/ul>","protected":false},"excerpt":{"rendered":"<p><strong>Temps du Tour: <\/strong>8:00 \u2014 16:00<\/p>\n<p><strong>Jours de D\u00e9roulement: <\/strong>Tous les jours.<\/p>","protected":false},"featured_media":60921,"template":"","meta":{"_kad_post_transparent":"default","_kad_post_title":"","_kad_post_layout":"default","_kad_post_sidebar_id":"","_kad_post_content_style":"default","_kad_post_vertical_padding":"default","_kad_post_feature":"","_kad_post_feature_position":"","_kad_post_header":false,"_kad_post_footer":false,"_kad_post_classname":"","_glsr_average":0,"_glsr_ranking":0,"_glsr_reviews":0},"product_brand":[],"product_cat":[467],"product_tag":[],"class_list":{"0":"post-60882","1":"product","2":"type-product","3":"status-publish","4":"has-post-thumbnail","6":"product_cat-iceland","7":"tm-has-options","9":"first","10":"instock","11":"sold-individually","12":"taxable","13":"shipping-taxable","14":"purchasable","15":"product-type-simple","16":"entry","17":"content-bg","18":"loop-entry"},"yoast_head":"<!-- This site is optimized with the Yoast SEO plugin v27.4 - https:\/\/yoast.com\/product\/yoast-seo-wordpress\/ -->\n<title>\u0418\u043d\u0434\u0438\u0432\u0438\u0434\u0443\u0430\u043b\u044c\u043d\u044b\u0439 \u0442\u0443\u0440: \u042e\u0436\u043d\u044b\u0439 \u0431\u0435\u0440\u0435\u0433 \u0418\u0441\u043b\u0430\u043d\u0434\u0438\u0438, \u043b\u0435\u0434\u043d\u0438\u043a \u041c\u0439\u0451\u0434\u0430\u043b\u044c\u0441\u0439\u043e\u043a\u0443\u0434\u043b\u044c, \u0427\u0435\u0440\u043d\u044b\u0439 \u043f\u043b\u044f\u0436 &#8226; \u042d\u043a\u0441\u043a\u0443\u0440\u0441\u0438\u0438 Skyline<\/title>\n<meta name=\"robots\" content=\"index, follow, max-snippet:-1, max-image-preview:large, max-video-preview:-1\" \/>\n<link rel=\"canonical\" href=\"http:\/\/skyline-gs.com\/fr\/produit\/cote-sud-de-lislande\/\" \/>\n<meta property=\"og:locale\" content=\"fr_FR\" \/>\n<meta property=\"og:type\" content=\"article\" \/>\n<meta property=\"og:title\" content=\"\u0418\u043d\u0434\u0438\u0432\u0438\u0434\u0443\u0430\u043b\u044c\u043d\u044b\u0439 \u0442\u0443\u0440: \u042e\u0436\u043d\u044b\u0439 \u0431\u0435\u0440\u0435\u0433 \u0418\u0441\u043b\u0430\u043d\u0434\u0438\u0438, \u043b\u0435\u0434\u043d\u0438\u043a \u041c\u0439\u0451\u0434\u0430\u043b\u044c\u0441\u0439\u043e\u043a\u0443\u0434\u043b\u044c, \u0427\u0435\u0440\u043d\u044b\u0439 \u043f\u043b\u044f\u0436 &#8226; \u042d\u043a\u0441\u043a\u0443\u0440\u0441\u0438\u0438 Skyline\" \/>\n<meta property=\"og:description\" content=\"\u0412\u0440\u0435\u043c\u044f \u0442\u0443\u0440\u0430: 8:00 - 16:00  \u0414\u043d\u0438 \u043f\u0440\u043e\u0432\u0435\u0434\u0435\u043d\u0438\u044f: \u041a\u0430\u0436\u0434\u044b\u0439 \u0434\u0435\u043d\u044c\" \/>\n<meta property=\"og:url\" content=\"http:\/\/skyline-gs.com\/fr\/produit\/cote-sud-de-lislande\/\" \/>\n<meta property=\"og:site_name\" content=\"\u042d\u043a\u0441\u043a\u0443\u0440\u0441\u0438\u0438 Skyline\" \/>\n<meta property=\"article:modified_time\" content=\"2025-12-22T22:49:39+00:00\" \/>\n<meta property=\"og:image\" content=\"https:\/\/skyline-gs.com\/wp-content\/uploads\/2025\/01\/34.png\" \/>\n\t<meta property=\"og:image:width\" content=\"669\" \/>\n\t<meta property=\"og:image:height\" content=\"446\" \/>\n\t<meta property=\"og:image:type\" content=\"image\/png\" \/>\n<meta name=\"twitter:card\" content=\"summary_large_image\" \/>\n<meta name=\"twitter:label1\" content=\"Dur\u00e9e de lecture estim\u00e9e\" \/>\n\t<meta name=\"twitter:data1\" content=\"2 minutes\" \/>\n<script type=\"application\/ld+json\" class=\"yoast-schema-graph\">{\"@context\":\"https:\\\/\\\/schema.org\",\"@graph\":[{\"@type\":\"WebPage\",\"@id\":\"http:\\\/\\\/skyline-gs.com\\\/de\\\/produkt\\\/south-coast-iceland\\\/\",\"url\":\"http:\\\/\\\/skyline-gs.com\\\/de\\\/produkt\\\/south-coast-iceland\\\/\",\"name\":\"\u0418\u043d\u0434\u0438\u0432\u0438\u0434\u0443\u0430\u043b\u044c\u043d\u044b\u0439 \u0442\u0443\u0440: \u042e\u0436\u043d\u044b\u0439 \u0431\u0435\u0440\u0435\u0433 \u0418\u0441\u043b\u0430\u043d\u0434\u0438\u0438, \u043b\u0435\u0434\u043d\u0438\u043a \u041c\u0439\u0451\u0434\u0430\u043b\u044c\u0441\u0439\u043e\u043a\u0443\u0434\u043b\u044c, \u0427\u0435\u0440\u043d\u044b\u0439 \u043f\u043b\u044f\u0436 &#8226; \u042d\u043a\u0441\u043a\u0443\u0440\u0441\u0438\u0438 Skyline\",\"isPartOf\":{\"@id\":\"https:\\\/\\\/skyline-gs.com\\\/it\\\/#website\"},\"primaryImageOfPage\":{\"@id\":\"http:\\\/\\\/skyline-gs.com\\\/de\\\/produkt\\\/south-coast-iceland\\\/#primaryimage\"},\"image\":{\"@id\":\"http:\\\/\\\/skyline-gs.com\\\/de\\\/produkt\\\/south-coast-iceland\\\/#primaryimage\"},\"thumbnailUrl\":\"https:\\\/\\\/skyline-gs.com\\\/wp-content\\\/uploads\\\/2025\\\/01\\\/34.png\",\"datePublished\":\"2025-01-11T21:43:07+00:00\",\"dateModified\":\"2025-12-22T22:49:39+00:00\",\"breadcrumb\":{\"@id\":\"http:\\\/\\\/skyline-gs.com\\\/de\\\/produkt\\\/south-coast-iceland\\\/#breadcrumb\"},\"inLanguage\":\"fr-FR\",\"potentialAction\":[{\"@type\":\"ReadAction\",\"target\":[\"http:\\\/\\\/skyline-gs.com\\\/de\\\/produkt\\\/south-coast-iceland\\\/\"]}]},{\"@type\":\"ImageObject\",\"inLanguage\":\"fr-FR\",\"@id\":\"http:\\\/\\\/skyline-gs.com\\\/de\\\/produkt\\\/south-coast-iceland\\\/#primaryimage\",\"url\":\"https:\\\/\\\/skyline-gs.com\\\/wp-content\\\/uploads\\\/2025\\\/01\\\/34.png\",\"contentUrl\":\"https:\\\/\\\/skyline-gs.com\\\/wp-content\\\/uploads\\\/2025\\\/01\\\/34.png\",\"width\":669,\"height\":446},{\"@type\":\"BreadcrumbList\",\"@id\":\"http:\\\/\\\/skyline-gs.com\\\/de\\\/produkt\\\/south-coast-iceland\\\/#breadcrumb\",\"itemListElement\":[{\"@type\":\"ListItem\",\"position\":1,\"name\":\"\u0413\u043b\u0430\u0432\u043d\u0430\u044f \u0441\u0442\u0440\u0430\u043d\u0438\u0446\u0430\",\"item\":\"https:\\\/\\\/skyline-gs.com\\\/hu\\\/\"},{\"@type\":\"ListItem\",\"position\":2,\"name\":\"\u041c\u0430\u0433\u0430\u0437\u0438\u043d\",\"item\":\"https:\\\/\\\/skyline-gs.com\\\/cs\\\/shop\\\/\"},{\"@type\":\"ListItem\",\"position\":3,\"name\":\"\u0418\u043d\u0434\u0438\u0432\u0438\u0434\u0443\u0430\u043b\u044c\u043d\u044b\u0439 \u0442\u0443\u0440: \u042e\u0436\u043d\u044b\u0439 \u0431\u0435\u0440\u0435\u0433 \u0418\u0441\u043b\u0430\u043d\u0434\u0438\u0438, \u043b\u0435\u0434\u043d\u0438\u043a \u041c\u0439\u0451\u0434\u0430\u043b\u044c\u0441\u0439\u043e\u043a\u0443\u0434\u043b\u044c, \u0427\u0435\u0440\u043d\u044b\u0439 \u043f\u043b\u044f\u0436\"}]},{\"@type\":\"WebSite\",\"@id\":\"https:\\\/\\\/skyline-gs.com\\\/it\\\/#website\",\"url\":\"https:\\\/\\\/skyline-gs.com\\\/it\\\/\",\"name\":\"\u042d\u043a\u0441\u043a\u0443\u0440\u0441\u0438\u0438 Skyline\",\"description\":\"\u042d\u043a\u0441\u043a\u043b\u044e\u0437\u0438\u0432\u043d\u044b\u0435 \u044d\u043a\u0441\u043a\u0443\u0440\u0441\u0438\u0438 \u043d\u0430 \u043b\u0443\u0447\u0448\u0438\u0445 \u043a\u0443\u0440\u043e\u0440\u0442\u0430\u0445 \u043c\u0438\u0440\u0430\",\"publisher\":{\"@id\":\"https:\\\/\\\/skyline-gs.com\\\/it\\\/#organization\"},\"alternateName\":\"Skyline\",\"potentialAction\":[{\"@type\":\"SearchAction\",\"target\":{\"@type\":\"EntryPoint\",\"urlTemplate\":\"https:\\\/\\\/skyline-gs.com\\\/it\\\/?s={search_term_string}\"},\"query-input\":{\"@type\":\"PropertyValueSpecification\",\"valueRequired\":true,\"valueName\":\"search_term_string\"}}],\"inLanguage\":\"fr-FR\"},{\"@type\":\"Organization\",\"@id\":\"https:\\\/\\\/skyline-gs.com\\\/it\\\/#organization\",\"name\":\"\u042d\u043a\u0441\u043a\u0443\u0440\u0441\u0438\u0438 Skyline\",\"alternateName\":\"\u042d\u043a\u0441\u043a\u0443\u0440\u0441\u0438\u0438 Skyline\",\"url\":\"https:\\\/\\\/skyline-gs.com\\\/it\\\/\",\"logo\":{\"@type\":\"ImageObject\",\"inLanguage\":\"fr-FR\",\"@id\":\"https:\\\/\\\/skyline-gs.com\\\/it\\\/#\\\/schema\\\/logo\\\/image\\\/\",\"url\":\"https:\\\/\\\/skyline-gs.com\\\/wp-content\\\/uploads\\\/2020\\\/12\\\/cropped-logo-2.png\",\"contentUrl\":\"https:\\\/\\\/skyline-gs.com\\\/wp-content\\\/uploads\\\/2020\\\/12\\\/cropped-logo-2.png\",\"width\":512,\"height\":512,\"caption\":\"\u042d\u043a\u0441\u043a\u0443\u0440\u0441\u0438\u0438 Skyline\"},\"image\":{\"@id\":\"https:\\\/\\\/skyline-gs.com\\\/it\\\/#\\\/schema\\\/logo\\\/image\\\/\"},\"sameAs\":[\"https:\\\/\\\/www.instagram.com\\\/skylineglobalservice\\\/\"]}]}<\/script>\n<!-- \/ Yoast SEO plugin. -->","yoast_head_json":{"title":"Circuit personnalis\u00e9 : C\u00f4te sud de l'Islande, glacier Mj\u00f6dalsj\u00f6kull, plage noire - Skyline Excursions","robots":{"index":"index","follow":"follow","max-snippet":"max-snippet:-1","max-image-preview":"max-image-preview:large","max-video-preview":"max-video-preview:-1"},"canonical":"http:\/\/skyline-gs.com\/fr\/produit\/cote-sud-de-lislande\/","og_locale":"fr_FR","og_type":"article","og_title":"\u0418\u043d\u0434\u0438\u0432\u0438\u0434\u0443\u0430\u043b\u044c\u043d\u044b\u0439 \u0442\u0443\u0440: \u042e\u0436\u043d\u044b\u0439 \u0431\u0435\u0440\u0435\u0433 \u0418\u0441\u043b\u0430\u043d\u0434\u0438\u0438, \u043b\u0435\u0434\u043d\u0438\u043a \u041c\u0439\u0451\u0434\u0430\u043b\u044c\u0441\u0439\u043e\u043a\u0443\u0434\u043b\u044c, \u0427\u0435\u0440\u043d\u044b\u0439 \u043f\u043b\u044f\u0436 &#8226; \u042d\u043a\u0441\u043a\u0443\u0440\u0441\u0438\u0438 Skyline","og_description":"\u0412\u0440\u0435\u043c\u044f \u0442\u0443\u0440\u0430: 8:00 - 16:00  \u0414\u043d\u0438 \u043f\u0440\u043e\u0432\u0435\u0434\u0435\u043d\u0438\u044f: \u041a\u0430\u0436\u0434\u044b\u0439 \u0434\u0435\u043d\u044c","og_url":"http:\/\/skyline-gs.com\/fr\/produit\/cote-sud-de-lislande\/","og_site_name":"\u042d\u043a\u0441\u043a\u0443\u0440\u0441\u0438\u0438 Skyline","article_modified_time":"2025-12-22T22:49:39+00:00","og_image":[{"width":669,"height":446,"url":"https:\/\/skyline-gs.com\/wp-content\/uploads\/2025\/01\/34.png","type":"image\/png"}],"twitter_card":"summary_large_image","twitter_misc":{"Dur\u00e9e de lecture estim\u00e9e":"2 minutes"},"schema":{"@context":"https:\/\/schema.org","@graph":[{"@type":"WebPage","@id":"http:\/\/skyline-gs.com\/de\/produkt\/south-coast-iceland\/","url":"http:\/\/skyline-gs.com\/de\/produkt\/south-coast-iceland\/","name":"Circuit personnalis\u00e9 : C\u00f4te sud de l'Islande, glacier Mj\u00f6dalsj\u00f6kull, plage noire - Skyline Excursions","isPartOf":{"@id":"https:\/\/skyline-gs.com\/it\/#website"},"primaryImageOfPage":{"@id":"http:\/\/skyline-gs.com\/de\/produkt\/south-coast-iceland\/#primaryimage"},"image":{"@id":"http:\/\/skyline-gs.com\/de\/produkt\/south-coast-iceland\/#primaryimage"},"thumbnailUrl":"https:\/\/skyline-gs.com\/wp-content\/uploads\/2025\/01\/34.png","datePublished":"2025-01-11T21:43:07+00:00","dateModified":"2025-12-22T22:49:39+00:00","breadcrumb":{"@id":"http:\/\/skyline-gs.com\/de\/produkt\/south-coast-iceland\/#breadcrumb"},"inLanguage":"fr-FR","potentialAction":[{"@type":"ReadAction","target":["http:\/\/skyline-gs.com\/de\/produkt\/south-coast-iceland\/"]}]},{"@type":"ImageObject","inLanguage":"fr-FR","@id":"http:\/\/skyline-gs.com\/de\/produkt\/south-coast-iceland\/#primaryimage","url":"https:\/\/skyline-gs.com\/wp-content\/uploads\/2025\/01\/34.png","contentUrl":"https:\/\/skyline-gs.com\/wp-content\/uploads\/2025\/01\/34.png","width":669,"height":446},{"@type":"BreadcrumbList","@id":"http:\/\/skyline-gs.com\/de\/produkt\/south-coast-iceland\/#breadcrumb","itemListElement":[{"@type":"ListItem","position":1,"name":"\u0413\u043b\u0430\u0432\u043d\u0430\u044f \u0441\u0442\u0440\u0430\u043d\u0438\u0446\u0430","item":"https:\/\/skyline-gs.com\/hu\/"},{"@type":"ListItem","position":2,"name":"\u041c\u0430\u0433\u0430\u0437\u0438\u043d","item":"https:\/\/skyline-gs.com\/cs\/shop\/"},{"@type":"ListItem","position":3,"name":"\u0418\u043d\u0434\u0438\u0432\u0438\u0434\u0443\u0430\u043b\u044c\u043d\u044b\u0439 \u0442\u0443\u0440: \u042e\u0436\u043d\u044b\u0439 \u0431\u0435\u0440\u0435\u0433 \u0418\u0441\u043b\u0430\u043d\u0434\u0438\u0438, \u043b\u0435\u0434\u043d\u0438\u043a \u041c\u0439\u0451\u0434\u0430\u043b\u044c\u0441\u0439\u043e\u043a\u0443\u0434\u043b\u044c, \u0427\u0435\u0440\u043d\u044b\u0439 \u043f\u043b\u044f\u0436"}]},{"@type":"WebSite","@id":"https:\/\/skyline-gs.com\/it\/#website","url":"https:\/\/skyline-gs.com\/it\/","name":"Excursions Skyline","description":"Excursions exclusives dans les meilleurs centres de vill\u00e9giature du monde","publisher":{"@id":"https:\/\/skyline-gs.com\/it\/#organization"},"alternateName":"Skyline","potentialAction":[{"@type":"SearchAction","target":{"@type":"EntryPoint","urlTemplate":"https:\/\/skyline-gs.com\/it\/?s={search_term_string}"},"query-input":{"@type":"PropertyValueSpecification","valueRequired":true,"valueName":"search_term_string"}}],"inLanguage":"fr-FR"},{"@type":"Organization","@id":"https:\/\/skyline-gs.com\/it\/#organization","name":"Excursions Skyline","alternateName":"\u042d\u043a\u0441\u043a\u0443\u0440\u0441\u0438\u0438 Skyline","url":"https:\/\/skyline-gs.com\/it\/","logo":{"@type":"ImageObject","inLanguage":"fr-FR","@id":"https:\/\/skyline-gs.com\/it\/#\/schema\/logo\/image\/","url":"https:\/\/skyline-gs.com\/wp-content\/uploads\/2020\/12\/cropped-logo-2.png","contentUrl":"https:\/\/skyline-gs.com\/wp-content\/uploads\/2020\/12\/cropped-logo-2.png","width":512,"height":512,"caption":"\u042d\u043a\u0441\u043a\u0443\u0440\u0441\u0438\u0438 Skyline"},"image":{"@id":"https:\/\/skyline-gs.com\/it\/#\/schema\/logo\/image\/"},"sameAs":["https:\/\/www.instagram.com\/skylineglobalservice\/"]}]}},"_links":{"self":[{"href":"https:\/\/skyline-gs.com\/fr\/wp-json\/wp\/v2\/product\/60882","targetHints":{"allow":["GET"]}}],"collection":[{"href":"https:\/\/skyline-gs.com\/fr\/wp-json\/wp\/v2\/product"}],"about":[{"href":"https:\/\/skyline-gs.com\/fr\/wp-json\/wp\/v2\/types\/product"}],"version-history":[{"count":0,"href":"https:\/\/skyline-gs.com\/fr\/wp-json\/wp\/v2\/product\/60882\/revisions"}],"wp:featuredmedia":[{"embeddable":true,"href":"https:\/\/skyline-gs.com\/fr\/wp-json\/wp\/v2\/media\/60921"}],"wp:attachment":[{"href":"https:\/\/skyline-gs.com\/fr\/wp-json\/wp\/v2\/media?parent=60882"}],"wp:term":[{"taxonomy":"product_brand","embeddable":true,"href":"https:\/\/skyline-gs.com\/fr\/wp-json\/wp\/v2\/product_brand?post=60882"},{"taxonomy":"product_cat","embeddable":true,"href":"https:\/\/skyline-gs.com\/fr\/wp-json\/wp\/v2\/product_cat?post=60882"},{"taxonomy":"product_tag","embeddable":true,"href":"https:\/\/skyline-gs.com\/fr\/wp-json\/wp\/v2\/product_tag?post=60882"}],"curies":[{"name":"wp","href":"https:\/\/api.w.org\/{rel}","templated":true}]}}