{"id":60833,"date":"2025-01-06T20:22:05","date_gmt":"2025-01-06T18:22:05","guid":{"rendered":"http:\/\/skyline-gs.com\/?post_type=product&#038;p=60833"},"modified":"2025-01-06T21:09:17","modified_gmt":"2025-01-06T19:09:17","slug":"ch-chi-mekong-saigon","status":"publish","type":"product","link":"https:\/\/skyline-gs.com\/fr\/product\/ch-chi-mekong-saigon\/","title":{"rendered":"Circuit personnalis\u00e9 : Tunnels de Cu Chi et fleuve M\u00e9kong"},"content":{"rendered":"<p><strong>Commencez votre journ\u00e9e en vous plongeant dans l'histoire du Vi\u00eat Nam<\/strong>visite des c\u00e9l\u00e8bres tunnels de Cu Chi. Cet \u00e9tonnant r\u00e9seau souterrain, long de plus de 250 km, a \u00e9t\u00e9 utilis\u00e9 pendant la guerre comme abri, comme tactique d'attaque et comme moyen de d\u00e9fense. Vous verrez comment les gens survivaient dans ces conditions, pr\u00e9paraient la nourriture et organisaient la vie sous terre. Ceux qui le souhaitent pourront s'essayer au tir avec des armes de troph\u00e9e et ressentir l'adr\u00e9naline du combat.<\/p>\n<p>Apr\u00e8s avoir explor\u00e9 l'histoire, vous vous dirigerez vers le delta du M\u00e9kong, berceau de la vie rurale au Vi\u00eat Nam. Ici, vous <strong>excursion en bateau le long des canaux pittoresques<\/strong>Visite d'un verger traditionnel, entour\u00e9 d'une v\u00e9g\u00e9tation luxuriante, et visite d'un verger traditionnel o\u00f9 vous pourrez d\u00e9guster des saveurs tropicales. Le rucher propose des boissons au miel et des musiciens traditionnels vous offriront un spectacle inoubliable. Ne manquez pas l'occasion de visiter l'\u00eele des artisans o\u00f9 ils cr\u00e9ent des produits uniques \u00e0 base de noix de coco, de cuir et de riz. Vous aurez l'occasion de voir tout le processus de fabrication et d'acheter des souvenirs.<\/p>\n<p><strong>8:00 - D\u00e9part du hall de l'h\u00f4tel.<\/strong><\/p>\n<ul>\n<li><strong>8:00 &#8212; 09:00:<\/strong> Transfert vers les c\u00e9l\u00e8bres tunnels de Cu Chi.<\/li>\n<li><strong>9:00 &#8212; 11:00:<\/strong> Visite des tunnels de Cu Chi. Il s'agit d'un r\u00e9seau complexe de passages souterrains de plus de 250 km de long, utilis\u00e9 pendant la guerre du Vi\u00eat Nam pour la d\u00e9fense et les attaques. Vous pourrez voir \u00e0 quoi ressemblait la vie dans les conditions de la guerre et vous essayer au tir avec des armes de troph\u00e9e (en option, avec suppl\u00e9ment : AK-47, M-16, M-60).<\/li>\n<li><strong>11:00 &#8212; 12:30:<\/strong> Transfert vers le M\u00e9kong.<\/li>\n<li><strong>12:30 &#8212; 13:00:<\/strong> D\u00e9jeuner au restaurant.<\/li>\n<li><strong>13:00 &#8212; 15:00:<\/strong> Circuit dans le delta du M\u00e9kong :\n<ul>\n<li>Une promenade en bateau le long des voies d'eau pittoresques de la rivi\u00e8re.<\/li>\n<li>Visite du verger et du rucher, d\u00e9gustation de boissons au miel.<\/li>\n<li>Un spectacle unique de musiciens interpr\u00e9tant des chansons folkloriques.<\/li>\n<li>Promenade dans une rue du village sur une charrette tir\u00e9e par des chevaux.<\/li>\n<li>Naviguer sur un bateau en bois \u00e0 travers des canaux \u00e9troits.<\/li>\n<li>Visite d'un village de p\u00eacheurs, d\u00e9couverte de la vie locale.<\/li>\n<li>\u00cele des artisans : fabrication de bonbons \u00e0 la noix de coco, de g\u00e2teaux de riz, de souvenirs et de produits en peau de crocodile.<\/li>\n<\/ul>\n<\/li>\n<\/ul>\n<p><strong>16:00 - Retour \u00e0 l'h\u00f4tel.<\/strong><\/p>\n<p><strong>Inclus :<\/strong><\/p>\n<ul>\n<li>Transfert depuis et vers l'h\u00f4tel<\/li>\n<li>D\u00e9jeuner<\/li>\n<li>Guide parlant russe<\/li>\n<li>Tous les billets d'entr\u00e9e<\/li>\n<li>Excursion en bateau sur le M\u00e9kong<\/li>\n<\/ul>\n<p><strong>Non inclus :<\/strong><\/p>\n<ul>\n<li>Tir avec des armes \u00e0 troph\u00e9es (en option, avec suppl\u00e9ment : AK-47, M-16, M-60)<\/li>\n<\/ul>\n<p><strong>Emportez-le avec vous :<\/strong><\/p>\n<ul>\n<li>L'eau<\/li>\n<li>V\u00eatements confortables<\/li>\n<li>cam\u00e9ra<\/li>\n<li>Argent pour les d\u00e9penses personnelles<\/li>\n<\/ul>","protected":false},"excerpt":{"rendered":"<p><strong>Temps du Tour:<\/strong> 8:00 \u2014 16:00<\/p>\n<p><strong>Jours de D\u00e9roulement:<\/strong> Quotidiennement<\/p>","protected":false},"featured_media":59264,"template":"","meta":{"_kad_post_transparent":"default","_kad_post_title":"","_kad_post_layout":"default","_kad_post_sidebar_id":"","_kad_post_content_style":"default","_kad_post_vertical_padding":"default","_kad_post_feature":"","_kad_post_feature_position":"","_kad_post_header":false,"_kad_post_footer":false,"_kad_post_classname":"","_glsr_average":0,"_glsr_ranking":0,"_glsr_reviews":0},"product_brand":[],"product_cat":[488],"product_tag":[],"class_list":{"0":"post-60833","1":"product","2":"type-product","3":"status-publish","4":"has-post-thumbnail","6":"product_cat-hochiminh","7":"tm-has-options","9":"first","10":"instock","11":"sold-individually","12":"taxable","13":"shipping-taxable","14":"purchasable","15":"product-type-simple","16":"entry","17":"content-bg","18":"loop-entry"},"yoast_head":"<!-- This site is optimized with the Yoast SEO plugin v27.3 - https:\/\/yoast.com\/product\/yoast-seo-wordpress\/ -->\n<title>\u0418\u043d\u0434\u0438\u0432\u0438\u0434\u0443\u0430\u043b\u044c\u043d\u044b \u0442\u0443\u0440: \u0422\u043e\u043d\u043d\u0435\u043b\u0438 \u041a\u0443 \u0427\u0438 \u0438 \u0440\u0435\u043a\u0430 \u041c\u0435\u043a\u043e\u043d\u0433 &#8226; \u042d\u043a\u0441\u043a\u0443\u0440\u0441\u0438\u0438 Skyline<\/title>\n<meta name=\"robots\" content=\"index, follow, max-snippet:-1, max-image-preview:large, max-video-preview:-1\" \/>\n<link rel=\"canonical\" href=\"https:\/\/skyline-gs.com\/fr\/produit\/ch-chi-mekong-saigon\/\" \/>\n<meta property=\"og:locale\" content=\"fr_FR\" \/>\n<meta property=\"og:type\" content=\"article\" \/>\n<meta property=\"og:title\" content=\"\u0418\u043d\u0434\u0438\u0432\u0438\u0434\u0443\u0430\u043b\u044c\u043d\u044b \u0442\u0443\u0440: \u0422\u043e\u043d\u043d\u0435\u043b\u0438 \u041a\u0443 \u0427\u0438 \u0438 \u0440\u0435\u043a\u0430 \u041c\u0435\u043a\u043e\u043d\u0433 &#8226; \u042d\u043a\u0441\u043a\u0443\u0440\u0441\u0438\u0438 Skyline\" \/>\n<meta property=\"og:description\" content=\"\u0412\u0440\u0435\u043c\u044f \u0442\u0443\u0440\u0430: 8:00 - 16:00  \u0414\u043d\u0438 \u043f\u0440\u043e\u0432\u0435\u0434\u0435\u043d\u0438\u044f: \u0415\u0436\u0435\u0434\u043d\u0435\u0432\u043d\u043e\" \/>\n<meta property=\"og:url\" content=\"https:\/\/skyline-gs.com\/fr\/produit\/ch-chi-mekong-saigon\/\" \/>\n<meta property=\"og:site_name\" content=\"\u042d\u043a\u0441\u043a\u0443\u0440\u0441\u0438\u0438 Skyline\" \/>\n<meta property=\"article:modified_time\" content=\"2025-01-06T19:09:17+00:00\" \/>\n<meta property=\"og:image\" content=\"https:\/\/skyline-gs.com\/wp-content\/uploads\/2024\/11\/7b-2.jpg\" \/>\n\t<meta property=\"og:image:width\" content=\"669\" \/>\n\t<meta property=\"og:image:height\" content=\"446\" \/>\n\t<meta property=\"og:image:type\" content=\"image\/jpeg\" \/>\n<meta name=\"twitter:card\" content=\"summary_large_image\" \/>\n<meta name=\"twitter:label1\" content=\"Dur\u00e9e de lecture estim\u00e9e\" \/>\n\t<meta name=\"twitter:data1\" content=\"2 minutes\" \/>\n<script type=\"application\/ld+json\" class=\"yoast-schema-graph\">{\"@context\":\"https:\\\/\\\/schema.org\",\"@graph\":[{\"@type\":\"WebPage\",\"@id\":\"https:\\\/\\\/skyline-gs.com\\\/it\\\/prodotto\\\/ch-chi-mekong-saigon\\\/\",\"url\":\"https:\\\/\\\/skyline-gs.com\\\/it\\\/prodotto\\\/ch-chi-mekong-saigon\\\/\",\"name\":\"\u0418\u043d\u0434\u0438\u0432\u0438\u0434\u0443\u0430\u043b\u044c\u043d\u044b \u0442\u0443\u0440: \u0422\u043e\u043d\u043d\u0435\u043b\u0438 \u041a\u0443 \u0427\u0438 \u0438 \u0440\u0435\u043a\u0430 \u041c\u0435\u043a\u043e\u043d\u0433 &#8226; \u042d\u043a\u0441\u043a\u0443\u0440\u0441\u0438\u0438 Skyline\",\"isPartOf\":{\"@id\":\"https:\\\/\\\/skyline-gs.com\\\/it\\\/#website\"},\"primaryImageOfPage\":{\"@id\":\"https:\\\/\\\/skyline-gs.com\\\/it\\\/prodotto\\\/ch-chi-mekong-saigon\\\/#primaryimage\"},\"image\":{\"@id\":\"https:\\\/\\\/skyline-gs.com\\\/it\\\/prodotto\\\/ch-chi-mekong-saigon\\\/#primaryimage\"},\"thumbnailUrl\":\"https:\\\/\\\/skyline-gs.com\\\/wp-content\\\/uploads\\\/2024\\\/11\\\/7b-2.jpg\",\"datePublished\":\"2025-01-06T18:22:05+00:00\",\"dateModified\":\"2025-01-06T19:09:17+00:00\",\"breadcrumb\":{\"@id\":\"https:\\\/\\\/skyline-gs.com\\\/it\\\/prodotto\\\/ch-chi-mekong-saigon\\\/#breadcrumb\"},\"inLanguage\":\"fr-FR\",\"potentialAction\":[{\"@type\":\"ReadAction\",\"target\":[\"https:\\\/\\\/skyline-gs.com\\\/it\\\/prodotto\\\/ch-chi-mekong-saigon\\\/\"]}]},{\"@type\":\"ImageObject\",\"inLanguage\":\"fr-FR\",\"@id\":\"https:\\\/\\\/skyline-gs.com\\\/it\\\/prodotto\\\/ch-chi-mekong-saigon\\\/#primaryimage\",\"url\":\"https:\\\/\\\/skyline-gs.com\\\/wp-content\\\/uploads\\\/2024\\\/11\\\/7b-2.jpg\",\"contentUrl\":\"https:\\\/\\\/skyline-gs.com\\\/wp-content\\\/uploads\\\/2024\\\/11\\\/7b-2.jpg\",\"width\":669,\"height\":446},{\"@type\":\"BreadcrumbList\",\"@id\":\"https:\\\/\\\/skyline-gs.com\\\/it\\\/prodotto\\\/ch-chi-mekong-saigon\\\/#breadcrumb\",\"itemListElement\":[{\"@type\":\"ListItem\",\"position\":1,\"name\":\"\u0413\u043b\u0430\u0432\u043d\u0430\u044f \u0441\u0442\u0440\u0430\u043d\u0438\u0446\u0430\",\"item\":\"https:\\\/\\\/skyline-gs.com\\\/hu\\\/\"},{\"@type\":\"ListItem\",\"position\":2,\"name\":\"\u041c\u0430\u0433\u0430\u0437\u0438\u043d\",\"item\":\"https:\\\/\\\/skyline-gs.com\\\/cs\\\/shop\\\/\"},{\"@type\":\"ListItem\",\"position\":3,\"name\":\"\u0418\u043d\u0434\u0438\u0432\u0438\u0434\u0443\u0430\u043b\u044c\u043d\u044b \u0442\u0443\u0440: \u0422\u043e\u043d\u043d\u0435\u043b\u0438 \u041a\u0443 \u0427\u0438 \u0438 \u0440\u0435\u043a\u0430 \u041c\u0435\u043a\u043e\u043d\u0433\"}]},{\"@type\":\"WebSite\",\"@id\":\"https:\\\/\\\/skyline-gs.com\\\/it\\\/#website\",\"url\":\"https:\\\/\\\/skyline-gs.com\\\/it\\\/\",\"name\":\"\u042d\u043a\u0441\u043a\u0443\u0440\u0441\u0438\u0438 Skyline\",\"description\":\"\u042d\u043a\u0441\u043a\u043b\u044e\u0437\u0438\u0432\u043d\u044b\u0435 \u044d\u043a\u0441\u043a\u0443\u0440\u0441\u0438\u0438 \u043d\u0430 \u043b\u0443\u0447\u0448\u0438\u0445 \u043a\u0443\u0440\u043e\u0440\u0442\u0430\u0445 \u043c\u0438\u0440\u0430\",\"publisher\":{\"@id\":\"https:\\\/\\\/skyline-gs.com\\\/it\\\/#organization\"},\"alternateName\":\"Skyline\",\"potentialAction\":[{\"@type\":\"SearchAction\",\"target\":{\"@type\":\"EntryPoint\",\"urlTemplate\":\"https:\\\/\\\/skyline-gs.com\\\/it\\\/?s={search_term_string}\"},\"query-input\":{\"@type\":\"PropertyValueSpecification\",\"valueRequired\":true,\"valueName\":\"search_term_string\"}}],\"inLanguage\":\"fr-FR\"},{\"@type\":\"Organization\",\"@id\":\"https:\\\/\\\/skyline-gs.com\\\/it\\\/#organization\",\"name\":\"\u042d\u043a\u0441\u043a\u0443\u0440\u0441\u0438\u0438 Skyline\",\"alternateName\":\"\u042d\u043a\u0441\u043a\u0443\u0440\u0441\u0438\u0438 Skyline\",\"url\":\"https:\\\/\\\/skyline-gs.com\\\/it\\\/\",\"logo\":{\"@type\":\"ImageObject\",\"inLanguage\":\"fr-FR\",\"@id\":\"https:\\\/\\\/skyline-gs.com\\\/it\\\/#\\\/schema\\\/logo\\\/image\\\/\",\"url\":\"https:\\\/\\\/skyline-gs.com\\\/wp-content\\\/uploads\\\/2020\\\/12\\\/cropped-logo-2.png\",\"contentUrl\":\"https:\\\/\\\/skyline-gs.com\\\/wp-content\\\/uploads\\\/2020\\\/12\\\/cropped-logo-2.png\",\"width\":512,\"height\":512,\"caption\":\"\u042d\u043a\u0441\u043a\u0443\u0440\u0441\u0438\u0438 Skyline\"},\"image\":{\"@id\":\"https:\\\/\\\/skyline-gs.com\\\/it\\\/#\\\/schema\\\/logo\\\/image\\\/\"},\"sameAs\":[\"https:\\\/\\\/www.instagram.com\\\/skylineglobalservice\\\/\"]}]}<\/script>\n<!-- \/ Yoast SEO plugin. -->","yoast_head_json":{"title":"\u0418\u043d\u0434\u0438\u0432\u0438\u0434\u0443\u0430\u043b\u044c\u043d\u044b \u0442\u0443\u0440: \u0422\u043e\u043d\u043d\u0435\u043b\u0438 \u041a\u0443 \u0427\u0438 \u0438 \u0440\u0435\u043a\u0430 \u041c\u0435\u043a\u043e\u043d\u0433 &#8226; \u042d\u043a\u0441\u043a\u0443\u0440\u0441\u0438\u0438 Skyline","robots":{"index":"index","follow":"follow","max-snippet":"max-snippet:-1","max-image-preview":"max-image-preview:large","max-video-preview":"max-video-preview:-1"},"canonical":"https:\/\/skyline-gs.com\/fr\/produit\/ch-chi-mekong-saigon\/","og_locale":"fr_FR","og_type":"article","og_title":"\u0418\u043d\u0434\u0438\u0432\u0438\u0434\u0443\u0430\u043b\u044c\u043d\u044b \u0442\u0443\u0440: \u0422\u043e\u043d\u043d\u0435\u043b\u0438 \u041a\u0443 \u0427\u0438 \u0438 \u0440\u0435\u043a\u0430 \u041c\u0435\u043a\u043e\u043d\u0433 &#8226; \u042d\u043a\u0441\u043a\u0443\u0440\u0441\u0438\u0438 Skyline","og_description":"\u0412\u0440\u0435\u043c\u044f \u0442\u0443\u0440\u0430: 8:00 - 16:00  \u0414\u043d\u0438 \u043f\u0440\u043e\u0432\u0435\u0434\u0435\u043d\u0438\u044f: \u0415\u0436\u0435\u0434\u043d\u0435\u0432\u043d\u043e","og_url":"https:\/\/skyline-gs.com\/fr\/produit\/ch-chi-mekong-saigon\/","og_site_name":"\u042d\u043a\u0441\u043a\u0443\u0440\u0441\u0438\u0438 Skyline","article_modified_time":"2025-01-06T19:09:17+00:00","og_image":[{"width":669,"height":446,"url":"https:\/\/skyline-gs.com\/wp-content\/uploads\/2024\/11\/7b-2.jpg","type":"image\/jpeg"}],"twitter_card":"summary_large_image","twitter_misc":{"Dur\u00e9e de lecture estim\u00e9e":"2 minutes"},"schema":{"@context":"https:\/\/schema.org","@graph":[{"@type":"WebPage","@id":"https:\/\/skyline-gs.com\/it\/prodotto\/ch-chi-mekong-saigon\/","url":"https:\/\/skyline-gs.com\/it\/prodotto\/ch-chi-mekong-saigon\/","name":"\u0418\u043d\u0434\u0438\u0432\u0438\u0434\u0443\u0430\u043b\u044c\u043d\u044b \u0442\u0443\u0440: \u0422\u043e\u043d\u043d\u0435\u043b\u0438 \u041a\u0443 \u0427\u0438 \u0438 \u0440\u0435\u043a\u0430 \u041c\u0435\u043a\u043e\u043d\u0433 &#8226; \u042d\u043a\u0441\u043a\u0443\u0440\u0441\u0438\u0438 Skyline","isPartOf":{"@id":"https:\/\/skyline-gs.com\/it\/#website"},"primaryImageOfPage":{"@id":"https:\/\/skyline-gs.com\/it\/prodotto\/ch-chi-mekong-saigon\/#primaryimage"},"image":{"@id":"https:\/\/skyline-gs.com\/it\/prodotto\/ch-chi-mekong-saigon\/#primaryimage"},"thumbnailUrl":"https:\/\/skyline-gs.com\/wp-content\/uploads\/2024\/11\/7b-2.jpg","datePublished":"2025-01-06T18:22:05+00:00","dateModified":"2025-01-06T19:09:17+00:00","breadcrumb":{"@id":"https:\/\/skyline-gs.com\/it\/prodotto\/ch-chi-mekong-saigon\/#breadcrumb"},"inLanguage":"fr-FR","potentialAction":[{"@type":"ReadAction","target":["https:\/\/skyline-gs.com\/it\/prodotto\/ch-chi-mekong-saigon\/"]}]},{"@type":"ImageObject","inLanguage":"fr-FR","@id":"https:\/\/skyline-gs.com\/it\/prodotto\/ch-chi-mekong-saigon\/#primaryimage","url":"https:\/\/skyline-gs.com\/wp-content\/uploads\/2024\/11\/7b-2.jpg","contentUrl":"https:\/\/skyline-gs.com\/wp-content\/uploads\/2024\/11\/7b-2.jpg","width":669,"height":446},{"@type":"BreadcrumbList","@id":"https:\/\/skyline-gs.com\/it\/prodotto\/ch-chi-mekong-saigon\/#breadcrumb","itemListElement":[{"@type":"ListItem","position":1,"name":"\u0413\u043b\u0430\u0432\u043d\u0430\u044f \u0441\u0442\u0440\u0430\u043d\u0438\u0446\u0430","item":"https:\/\/skyline-gs.com\/hu\/"},{"@type":"ListItem","position":2,"name":"\u041c\u0430\u0433\u0430\u0437\u0438\u043d","item":"https:\/\/skyline-gs.com\/cs\/shop\/"},{"@type":"ListItem","position":3,"name":"\u0418\u043d\u0434\u0438\u0432\u0438\u0434\u0443\u0430\u043b\u044c\u043d\u044b \u0442\u0443\u0440: \u0422\u043e\u043d\u043d\u0435\u043b\u0438 \u041a\u0443 \u0427\u0438 \u0438 \u0440\u0435\u043a\u0430 \u041c\u0435\u043a\u043e\u043d\u0433"}]},{"@type":"WebSite","@id":"https:\/\/skyline-gs.com\/it\/#website","url":"https:\/\/skyline-gs.com\/it\/","name":"Excursions Skyline","description":"Excursions exclusives dans les meilleurs centres de vill\u00e9giature du monde","publisher":{"@id":"https:\/\/skyline-gs.com\/it\/#organization"},"alternateName":"Skyline","potentialAction":[{"@type":"SearchAction","target":{"@type":"EntryPoint","urlTemplate":"https:\/\/skyline-gs.com\/it\/?s={search_term_string}"},"query-input":{"@type":"PropertyValueSpecification","valueRequired":true,"valueName":"search_term_string"}}],"inLanguage":"fr-FR"},{"@type":"Organization","@id":"https:\/\/skyline-gs.com\/it\/#organization","name":"Excursions Skyline","alternateName":"\u042d\u043a\u0441\u043a\u0443\u0440\u0441\u0438\u0438 Skyline","url":"https:\/\/skyline-gs.com\/it\/","logo":{"@type":"ImageObject","inLanguage":"fr-FR","@id":"https:\/\/skyline-gs.com\/it\/#\/schema\/logo\/image\/","url":"https:\/\/skyline-gs.com\/wp-content\/uploads\/2020\/12\/cropped-logo-2.png","contentUrl":"https:\/\/skyline-gs.com\/wp-content\/uploads\/2020\/12\/cropped-logo-2.png","width":512,"height":512,"caption":"\u042d\u043a\u0441\u043a\u0443\u0440\u0441\u0438\u0438 Skyline"},"image":{"@id":"https:\/\/skyline-gs.com\/it\/#\/schema\/logo\/image\/"},"sameAs":["https:\/\/www.instagram.com\/skylineglobalservice\/"]}]}},"_links":{"self":[{"href":"https:\/\/skyline-gs.com\/fr\/wp-json\/wp\/v2\/product\/60833","targetHints":{"allow":["GET"]}}],"collection":[{"href":"https:\/\/skyline-gs.com\/fr\/wp-json\/wp\/v2\/product"}],"about":[{"href":"https:\/\/skyline-gs.com\/fr\/wp-json\/wp\/v2\/types\/product"}],"version-history":[{"count":0,"href":"https:\/\/skyline-gs.com\/fr\/wp-json\/wp\/v2\/product\/60833\/revisions"}],"wp:featuredmedia":[{"embeddable":true,"href":"https:\/\/skyline-gs.com\/fr\/wp-json\/wp\/v2\/media\/59264"}],"wp:attachment":[{"href":"https:\/\/skyline-gs.com\/fr\/wp-json\/wp\/v2\/media?parent=60833"}],"wp:term":[{"taxonomy":"product_brand","embeddable":true,"href":"https:\/\/skyline-gs.com\/fr\/wp-json\/wp\/v2\/product_brand?post=60833"},{"taxonomy":"product_cat","embeddable":true,"href":"https:\/\/skyline-gs.com\/fr\/wp-json\/wp\/v2\/product_cat?post=60833"},{"taxonomy":"product_tag","embeddable":true,"href":"https:\/\/skyline-gs.com\/fr\/wp-json\/wp\/v2\/product_tag?post=60833"}],"curies":[{"name":"wp","href":"https:\/\/api.w.org\/{rel}","templated":true}]}}