{"id":59628,"date":"2024-12-12T20:40:36","date_gmt":"2024-12-12T18:40:36","guid":{"rendered":"http:\/\/skyline-gs.com\/?post_type=product&#038;p=59628"},"modified":"2025-11-19T20:36:06","modified_gmt":"2025-11-19T18:36:06","slug":"snorkeling-phu-quoc-2","status":"publish","type":"product","link":"https:\/\/skyline-gs.com\/fr\/product\/snorkeling-phu-quoc\/","title":{"rendered":"Plong\u00e9e en apn\u00e9e"},"content":{"rendered":"<p>Cette excursion est l'option id\u00e9ale pour ceux qui souhaitent d\u00e9couvrir le monde sous-marin de Fukuoka dans les endroits les plus color\u00e9s de l'archipel d'An Toi. Vous aurez droit \u00e0 deux plong\u00e9es sur diff\u00e9rents r\u00e9cifs coralliens riches en vie marine, \u00e0 une promenade relaxante sur la mer turquoise et \u00e0 un d\u00e9jeuner l\u00e9ger \u00e0 bord. Il s'agit d'une excursion confortable et enrichissante qui conviendra aussi bien aux d\u00e9butants qu'aux plongeurs exp\u00e9riment\u00e9s.<\/p>\n<p><strong>8:00 - 8:30 - D\u00e9part du hall de votre h\u00f4tel.<\/strong> Les participants se pr\u00e9senteront \u00e0 leur h\u00f4tel dans la r\u00e9gion de Duong Dong.<\/p>\n<ul>\n<li>D\u00e9part du port. Pendant le voyage, vous pouvez vous d\u00e9tendre, admirer les paysages marins et vous pr\u00e9parer \u00e0 la plong\u00e9e.<\/li>\n<li><strong style=\"font-size: 17px;\">Premier arr\u00eat pour la plong\u00e9e en apn\u00e9e. <\/strong>Exploration guid\u00e9e des r\u00e9cifs coralliens et de la vie marine.<\/li>\n<li><strong style=\"font-size: 17px;\">Le deuxi\u00e8me<\/strong><strong style=\"font-size: 17px;\"> arr\u00eat de plong\u00e9e avec masque et tuba. <\/strong>La plong\u00e9e avec masque et tuba se poursuit au nouveau site panoramique.<\/li>\n<li><strong>D\u00e9jeuner \u00e0 bord<\/strong>Les activit\u00e9s de la journ\u00e9e sont les suivantes : collations l\u00e9g\u00e8res, boissons rafra\u00eechissantes et d\u00e9tente au soleil.<\/li>\n<li>Retour au port d'An Thoi, transfert \u00e0 l'h\u00f4tel.<\/li>\n<\/ul>\n<p><strong><strong>15:30 - 16:00 - Retour \u00e0 l'h\u00f4tel.<\/strong><\/strong><\/p>\n<p><strong>Inclus :<\/strong><\/p>\n<ul>\n<li>Transferts depuis et vers l'h\u00f4tel<\/li>\n<li>Equipement complet de plong\u00e9e avec tuba<\/li>\n<li>Services d'un instructeur professionnel<\/li>\n<li>D\u00e9jeuner, boissons et collations \u00e0 bord<\/li>\n<\/ul>\n<p><strong>Informations compl\u00e9mentaires :<\/strong><\/p>\n<ul>\n<li>Pour les clients r\u00e9sidant au nord de Duong Dong, il est possible de conduire soi-m\u00eame ou d'opter pour un transfert payant (7-20 $ par personne).<\/li>\n<\/ul>\n<p><strong>Emportez-le avec vous :<\/strong><\/p>\n<ul>\n<li>Lunettes de soleil<\/li>\n<li>Maillot de bain, slip de bain<\/li>\n<li>L'eau<\/li>\n<li>Cr\u00e8me solaire<\/li>\n<li>Serviette<\/li>\n<\/ul>","protected":false},"excerpt":{"rendered":"<p><strong>Temps du Tour:<\/strong> 8:00 \u2014 16:00<\/p>\n<p><strong>Jours de D\u00e9roulement:<\/strong> Tous les jours.<\/p>","protected":false},"featured_media":59179,"template":"","meta":{"_kad_post_transparent":"default","_kad_post_title":"","_kad_post_layout":"default","_kad_post_sidebar_id":"","_kad_post_content_style":"default","_kad_post_vertical_padding":"default","_kad_post_feature":"","_kad_post_feature_position":"","_kad_post_header":false,"_kad_post_footer":false,"_kad_post_classname":"","_glsr_average":0,"_glsr_ranking":0,"_glsr_reviews":0},"product_brand":[],"product_cat":[484],"product_tag":[],"class_list":{"0":"post-59628","1":"product","2":"type-product","3":"status-publish","4":"has-post-thumbnail","6":"product_cat-phu-quoc","7":"tm-has-options","9":"first","10":"instock","11":"sale","12":"sold-individually","13":"taxable","14":"shipping-taxable","15":"purchasable","16":"product-type-simple","17":"entry","18":"content-bg","19":"loop-entry"},"yoast_head":"<!-- This site is optimized with the Yoast SEO plugin v27.4 - https:\/\/yoast.com\/product\/yoast-seo-wordpress\/ -->\n<title>\u0421\u043d\u043e\u0440\u043a\u043b\u0438\u043d\u0433 &#8226; \u042d\u043a\u0441\u043a\u0443\u0440\u0441\u0438\u0438 Skyline<\/title>\n<meta name=\"robots\" content=\"index, follow, max-snippet:-1, max-image-preview:large, max-video-preview:-1\" \/>\n<link rel=\"canonical\" href=\"http:\/\/skyline-gs.com\/fr\/produit\/snorkeling-phu-quoc-2\/\" \/>\n<meta property=\"og:locale\" content=\"fr_FR\" \/>\n<meta property=\"og:type\" content=\"article\" \/>\n<meta property=\"og:title\" content=\"\u0421\u043d\u043e\u0440\u043a\u043b\u0438\u043d\u0433 &#8226; \u042d\u043a\u0441\u043a\u0443\u0440\u0441\u0438\u0438 Skyline\" \/>\n<meta property=\"og:description\" content=\"\u0412\u0440\u0435\u043c\u044f \u0442\u0443\u0440\u0430: 8:00 - 16:00  \u0414\u043d\u0438 \u043f\u0440\u043e\u0432\u0435\u0434\u0435\u043d\u0438\u044f: \u041a\u0430\u0436\u0434\u044b\u0439 \u0434\u0435\u043d\u044c\" \/>\n<meta property=\"og:url\" content=\"http:\/\/skyline-gs.com\/fr\/produit\/snorkeling-phu-quoc-2\/\" \/>\n<meta property=\"og:site_name\" content=\"\u042d\u043a\u0441\u043a\u0443\u0440\u0441\u0438\u0438 Skyline\" \/>\n<meta property=\"article:modified_time\" content=\"2025-11-19T18:36:06+00:00\" \/>\n<meta property=\"og:image\" content=\"https:\/\/skyline-gs.com\/wp-content\/uploads\/2024\/11\/145-59.jpg\" \/>\n\t<meta property=\"og:image:width\" content=\"960\" \/>\n\t<meta property=\"og:image:height\" content=\"573\" \/>\n\t<meta property=\"og:image:type\" content=\"image\/jpeg\" \/>\n<meta name=\"twitter:card\" content=\"summary_large_image\" \/>\n<meta name=\"twitter:label1\" content=\"Dur\u00e9e de lecture estim\u00e9e\" \/>\n\t<meta name=\"twitter:data1\" content=\"2 minutes\" \/>\n<script type=\"application\/ld+json\" class=\"yoast-schema-graph\">{\"@context\":\"https:\\\/\\\/schema.org\",\"@graph\":[{\"@type\":\"WebPage\",\"@id\":\"http:\\\/\\\/skyline-gs.com\\\/fr\\\/produit\\\/snorkeling-phu-quoc\\\/\",\"url\":\"http:\\\/\\\/skyline-gs.com\\\/fr\\\/produit\\\/snorkeling-phu-quoc\\\/\",\"name\":\"\u0421\u043d\u043e\u0440\u043a\u043b\u0438\u043d\u0433 &#8226; \u042d\u043a\u0441\u043a\u0443\u0440\u0441\u0438\u0438 Skyline\",\"isPartOf\":{\"@id\":\"https:\\\/\\\/skyline-gs.com\\\/it\\\/#website\"},\"primaryImageOfPage\":{\"@id\":\"http:\\\/\\\/skyline-gs.com\\\/fr\\\/produit\\\/snorkeling-phu-quoc\\\/#primaryimage\"},\"image\":{\"@id\":\"http:\\\/\\\/skyline-gs.com\\\/fr\\\/produit\\\/snorkeling-phu-quoc\\\/#primaryimage\"},\"thumbnailUrl\":\"https:\\\/\\\/skyline-gs.com\\\/wp-content\\\/uploads\\\/2024\\\/11\\\/145-59.jpg\",\"datePublished\":\"2024-12-12T18:40:36+00:00\",\"dateModified\":\"2025-11-19T18:36:06+00:00\",\"breadcrumb\":{\"@id\":\"http:\\\/\\\/skyline-gs.com\\\/fr\\\/produit\\\/snorkeling-phu-quoc\\\/#breadcrumb\"},\"inLanguage\":\"fr-FR\",\"potentialAction\":[{\"@type\":\"ReadAction\",\"target\":[\"http:\\\/\\\/skyline-gs.com\\\/fr\\\/produit\\\/snorkeling-phu-quoc\\\/\"]}]},{\"@type\":\"ImageObject\",\"inLanguage\":\"fr-FR\",\"@id\":\"http:\\\/\\\/skyline-gs.com\\\/fr\\\/produit\\\/snorkeling-phu-quoc\\\/#primaryimage\",\"url\":\"https:\\\/\\\/skyline-gs.com\\\/wp-content\\\/uploads\\\/2024\\\/11\\\/145-59.jpg\",\"contentUrl\":\"https:\\\/\\\/skyline-gs.com\\\/wp-content\\\/uploads\\\/2024\\\/11\\\/145-59.jpg\",\"width\":960,\"height\":573},{\"@type\":\"BreadcrumbList\",\"@id\":\"http:\\\/\\\/skyline-gs.com\\\/fr\\\/produit\\\/snorkeling-phu-quoc\\\/#breadcrumb\",\"itemListElement\":[{\"@type\":\"ListItem\",\"position\":1,\"name\":\"\u0413\u043b\u0430\u0432\u043d\u0430\u044f \u0441\u0442\u0440\u0430\u043d\u0438\u0446\u0430\",\"item\":\"https:\\\/\\\/skyline-gs.com\\\/hu\\\/\"},{\"@type\":\"ListItem\",\"position\":2,\"name\":\"\u041c\u0430\u0433\u0430\u0437\u0438\u043d\",\"item\":\"https:\\\/\\\/skyline-gs.com\\\/cs\\\/shop\\\/\"},{\"@type\":\"ListItem\",\"position\":3,\"name\":\"\u0421\u043d\u043e\u0440\u043a\u043b\u0438\u043d\u0433\"}]},{\"@type\":\"WebSite\",\"@id\":\"https:\\\/\\\/skyline-gs.com\\\/it\\\/#website\",\"url\":\"https:\\\/\\\/skyline-gs.com\\\/it\\\/\",\"name\":\"\u042d\u043a\u0441\u043a\u0443\u0440\u0441\u0438\u0438 Skyline\",\"description\":\"\u042d\u043a\u0441\u043a\u043b\u044e\u0437\u0438\u0432\u043d\u044b\u0435 \u044d\u043a\u0441\u043a\u0443\u0440\u0441\u0438\u0438 \u043d\u0430 \u043b\u0443\u0447\u0448\u0438\u0445 \u043a\u0443\u0440\u043e\u0440\u0442\u0430\u0445 \u043c\u0438\u0440\u0430\",\"publisher\":{\"@id\":\"https:\\\/\\\/skyline-gs.com\\\/it\\\/#organization\"},\"alternateName\":\"Skyline\",\"potentialAction\":[{\"@type\":\"SearchAction\",\"target\":{\"@type\":\"EntryPoint\",\"urlTemplate\":\"https:\\\/\\\/skyline-gs.com\\\/it\\\/?s={search_term_string}\"},\"query-input\":{\"@type\":\"PropertyValueSpecification\",\"valueRequired\":true,\"valueName\":\"search_term_string\"}}],\"inLanguage\":\"fr-FR\"},{\"@type\":\"Organization\",\"@id\":\"https:\\\/\\\/skyline-gs.com\\\/it\\\/#organization\",\"name\":\"\u042d\u043a\u0441\u043a\u0443\u0440\u0441\u0438\u0438 Skyline\",\"alternateName\":\"\u042d\u043a\u0441\u043a\u0443\u0440\u0441\u0438\u0438 Skyline\",\"url\":\"https:\\\/\\\/skyline-gs.com\\\/it\\\/\",\"logo\":{\"@type\":\"ImageObject\",\"inLanguage\":\"fr-FR\",\"@id\":\"https:\\\/\\\/skyline-gs.com\\\/it\\\/#\\\/schema\\\/logo\\\/image\\\/\",\"url\":\"https:\\\/\\\/skyline-gs.com\\\/wp-content\\\/uploads\\\/2020\\\/12\\\/cropped-logo-2.png\",\"contentUrl\":\"https:\\\/\\\/skyline-gs.com\\\/wp-content\\\/uploads\\\/2020\\\/12\\\/cropped-logo-2.png\",\"width\":512,\"height\":512,\"caption\":\"\u042d\u043a\u0441\u043a\u0443\u0440\u0441\u0438\u0438 Skyline\"},\"image\":{\"@id\":\"https:\\\/\\\/skyline-gs.com\\\/it\\\/#\\\/schema\\\/logo\\\/image\\\/\"},\"sameAs\":[\"https:\\\/\\\/www.instagram.com\\\/skylineglobalservice\\\/\"]}]}<\/script>\n<!-- \/ Yoast SEO plugin. -->","yoast_head_json":{"title":"Plong\u00e9e en apn\u00e9e - Skyline Excursions","robots":{"index":"index","follow":"follow","max-snippet":"max-snippet:-1","max-image-preview":"max-image-preview:large","max-video-preview":"max-video-preview:-1"},"canonical":"http:\/\/skyline-gs.com\/fr\/produit\/snorkeling-phu-quoc-2\/","og_locale":"fr_FR","og_type":"article","og_title":"\u0421\u043d\u043e\u0440\u043a\u043b\u0438\u043d\u0433 &#8226; \u042d\u043a\u0441\u043a\u0443\u0440\u0441\u0438\u0438 Skyline","og_description":"\u0412\u0440\u0435\u043c\u044f \u0442\u0443\u0440\u0430: 8:00 - 16:00  \u0414\u043d\u0438 \u043f\u0440\u043e\u0432\u0435\u0434\u0435\u043d\u0438\u044f: \u041a\u0430\u0436\u0434\u044b\u0439 \u0434\u0435\u043d\u044c","og_url":"http:\/\/skyline-gs.com\/fr\/produit\/snorkeling-phu-quoc-2\/","og_site_name":"\u042d\u043a\u0441\u043a\u0443\u0440\u0441\u0438\u0438 Skyline","article_modified_time":"2025-11-19T18:36:06+00:00","og_image":[{"width":960,"height":573,"url":"https:\/\/skyline-gs.com\/wp-content\/uploads\/2024\/11\/145-59.jpg","type":"image\/jpeg"}],"twitter_card":"summary_large_image","twitter_misc":{"Dur\u00e9e de lecture estim\u00e9e":"2 minutes"},"schema":{"@context":"https:\/\/schema.org","@graph":[{"@type":"WebPage","@id":"http:\/\/skyline-gs.com\/fr\/produit\/snorkeling-phu-quoc\/","url":"http:\/\/skyline-gs.com\/fr\/produit\/snorkeling-phu-quoc\/","name":"Plong\u00e9e en apn\u00e9e - Skyline Excursions","isPartOf":{"@id":"https:\/\/skyline-gs.com\/it\/#website"},"primaryImageOfPage":{"@id":"http:\/\/skyline-gs.com\/fr\/produit\/snorkeling-phu-quoc\/#primaryimage"},"image":{"@id":"http:\/\/skyline-gs.com\/fr\/produit\/snorkeling-phu-quoc\/#primaryimage"},"thumbnailUrl":"https:\/\/skyline-gs.com\/wp-content\/uploads\/2024\/11\/145-59.jpg","datePublished":"2024-12-12T18:40:36+00:00","dateModified":"2025-11-19T18:36:06+00:00","breadcrumb":{"@id":"http:\/\/skyline-gs.com\/fr\/produit\/snorkeling-phu-quoc\/#breadcrumb"},"inLanguage":"fr-FR","potentialAction":[{"@type":"ReadAction","target":["http:\/\/skyline-gs.com\/fr\/produit\/snorkeling-phu-quoc\/"]}]},{"@type":"ImageObject","inLanguage":"fr-FR","@id":"http:\/\/skyline-gs.com\/fr\/produit\/snorkeling-phu-quoc\/#primaryimage","url":"https:\/\/skyline-gs.com\/wp-content\/uploads\/2024\/11\/145-59.jpg","contentUrl":"https:\/\/skyline-gs.com\/wp-content\/uploads\/2024\/11\/145-59.jpg","width":960,"height":573},{"@type":"BreadcrumbList","@id":"http:\/\/skyline-gs.com\/fr\/produit\/snorkeling-phu-quoc\/#breadcrumb","itemListElement":[{"@type":"ListItem","position":1,"name":"\u0413\u043b\u0430\u0432\u043d\u0430\u044f \u0441\u0442\u0440\u0430\u043d\u0438\u0446\u0430","item":"https:\/\/skyline-gs.com\/hu\/"},{"@type":"ListItem","position":2,"name":"\u041c\u0430\u0433\u0430\u0437\u0438\u043d","item":"https:\/\/skyline-gs.com\/cs\/shop\/"},{"@type":"ListItem","position":3,"name":"\u0421\u043d\u043e\u0440\u043a\u043b\u0438\u043d\u0433"}]},{"@type":"WebSite","@id":"https:\/\/skyline-gs.com\/it\/#website","url":"https:\/\/skyline-gs.com\/it\/","name":"Excursions Skyline","description":"Excursions exclusives dans les meilleurs centres de vill\u00e9giature du monde","publisher":{"@id":"https:\/\/skyline-gs.com\/it\/#organization"},"alternateName":"Skyline","potentialAction":[{"@type":"SearchAction","target":{"@type":"EntryPoint","urlTemplate":"https:\/\/skyline-gs.com\/it\/?s={search_term_string}"},"query-input":{"@type":"PropertyValueSpecification","valueRequired":true,"valueName":"search_term_string"}}],"inLanguage":"fr-FR"},{"@type":"Organization","@id":"https:\/\/skyline-gs.com\/it\/#organization","name":"Excursions Skyline","alternateName":"\u042d\u043a\u0441\u043a\u0443\u0440\u0441\u0438\u0438 Skyline","url":"https:\/\/skyline-gs.com\/it\/","logo":{"@type":"ImageObject","inLanguage":"fr-FR","@id":"https:\/\/skyline-gs.com\/it\/#\/schema\/logo\/image\/","url":"https:\/\/skyline-gs.com\/wp-content\/uploads\/2020\/12\/cropped-logo-2.png","contentUrl":"https:\/\/skyline-gs.com\/wp-content\/uploads\/2020\/12\/cropped-logo-2.png","width":512,"height":512,"caption":"\u042d\u043a\u0441\u043a\u0443\u0440\u0441\u0438\u0438 Skyline"},"image":{"@id":"https:\/\/skyline-gs.com\/it\/#\/schema\/logo\/image\/"},"sameAs":["https:\/\/www.instagram.com\/skylineglobalservice\/"]}]}},"_links":{"self":[{"href":"https:\/\/skyline-gs.com\/fr\/wp-json\/wp\/v2\/product\/59628","targetHints":{"allow":["GET"]}}],"collection":[{"href":"https:\/\/skyline-gs.com\/fr\/wp-json\/wp\/v2\/product"}],"about":[{"href":"https:\/\/skyline-gs.com\/fr\/wp-json\/wp\/v2\/types\/product"}],"version-history":[{"count":0,"href":"https:\/\/skyline-gs.com\/fr\/wp-json\/wp\/v2\/product\/59628\/revisions"}],"wp:featuredmedia":[{"embeddable":true,"href":"https:\/\/skyline-gs.com\/fr\/wp-json\/wp\/v2\/media\/59179"}],"wp:attachment":[{"href":"https:\/\/skyline-gs.com\/fr\/wp-json\/wp\/v2\/media?parent=59628"}],"wp:term":[{"taxonomy":"product_brand","embeddable":true,"href":"https:\/\/skyline-gs.com\/fr\/wp-json\/wp\/v2\/product_brand?post=59628"},{"taxonomy":"product_cat","embeddable":true,"href":"https:\/\/skyline-gs.com\/fr\/wp-json\/wp\/v2\/product_cat?post=59628"},{"taxonomy":"product_tag","embeddable":true,"href":"https:\/\/skyline-gs.com\/fr\/wp-json\/wp\/v2\/product_tag?post=59628"}],"curies":[{"name":"wp","href":"https:\/\/api.w.org\/{rel}","templated":true}]}}