{"id":59500,"date":"2024-11-25T23:36:53","date_gmt":"2024-11-25T21:36:53","guid":{"rendered":"http:\/\/skyline-gs.com\/?post_type=product&#038;p=59500"},"modified":"2025-04-25T19:09:12","modified_gmt":"2025-04-25T17:09:12","slug":"vinpearl-2-days-nhatrang","status":"publish","type":"product","link":"https:\/\/skyline-gs.com\/fr\/product\/vinpearl-2-days-nhatrang\/","title":{"rendered":"Wineperl 2 jours : h\u00e9bergement 5* sur l'\u00eele + entr\u00e9es illimit\u00e9es dans les parcs \u00e0 th\u00e8me"},"content":{"rendered":"<p>Passez deux jours inoubliables dans l'un des complexes de loisirs les plus populaires du Vi\u00eat Nam : Vinpearl ! <strong>Vacances sur l'\u00eele dans un h\u00f4tel de luxe 5* avec entr\u00e9e illimit\u00e9e au parc d'attractions Vinpearl pour les 2 jours ! <\/strong>Le parc d'attractions Vinpearl est un endroit o\u00f9 tout le monde peut trouver quelque chose \u00e0 faire. On y trouve des man\u00e8ges \u00e0 sensations, d'\u00e9tonnants spectacles de sir\u00e8nes, de dauphins et de fontaines, un immense oc\u00e9anarium, un zoo, un jardin d'oiseaux et de fleurs, un parc aquatique et une plage de sable blanc. Cette visite comprend <strong>Transfert personnalis\u00e9 de votre h\u00f4tel au parc et vice-versa<\/strong>, ce qui garantit un maximum de confort et de commodit\u00e9.<\/p>\n<h4><strong>Jour 1<\/strong><\/h4>\n<ul>\n<li><strong>Transfert de l'h\u00f4tel \u00e0 Nha Trang<\/strong> au quai de Winperl.<\/li>\n<li><strong>T\u00e9l\u00e9ph\u00e9rique :<\/strong> Un voyage inoubliable vers l'\u00eele de Wineperl par l'un des plus longs t\u00e9l\u00e9ph\u00e9riques au monde, avec une vue imprenable sur la baie de Nha Trang.<\/li>\n<li><strong>Parc de loisirs Winperl :<\/strong>\n<ul>\n<li>Visitez tous les man\u00e8ges et spectacles du parc.<\/li>\n<li>Parc aquatique, oc\u00e9anarium, parc aquatique.<\/li>\n<li>Aires th\u00e9matiques, carrousels, montagnes russes et plus encore.<\/li>\n<\/ul>\n<\/li>\n<li><em>Enregistrement \u00e0 l'h\u00f4tel 5 (Marriott ou Vinpearl Resort) :<\/em>*\n<ul>\n<li>H\u00e9bergement en chambre <strong>DELUXE<\/strong> (avec un ou deux lits).<\/li>\n<li><strong>Temps libre :<\/strong> d\u00e9tente sur la plage, promenades autour de la station.<\/li>\n<li><strong>Programme de la soir\u00e9e<\/strong> dans le parc.<\/li>\n<\/ul>\n<\/li>\n<\/ul>\n<p><strong style=\"font-family: Montserrat, var(--global-fallback-font); font-size: 17px;\">Jour 2<\/strong><\/p>\n<ul>\n<li><strong>Excellent petit d\u00e9jeuner<\/strong> \u00e0 l'h\u00f4tel (buffet avec un riche choix de plats).<\/li>\n<li><strong>Deuxi\u00e8me jour au parc Winperl :<\/strong>\n<ul>\n<li>Visiter tous les man\u00e8ges et toutes les zones que vous n'avez pas pu visiter le premier jour.<\/li>\n<li>C'est le moment de se d\u00e9tendre sur la plage ou au bord de la piscine.<\/li>\n<\/ul>\n<\/li>\n<li><strong>19:00:<\/strong> Transfert de retour \u00e0 l'h\u00f4tel \u00e0 Nha Trang.<\/li>\n<\/ul>\n<p><strong>Inclus :<\/strong><\/p>\n<ul>\n<li>Transfert depuis et vers l'h\u00f4tel<\/li>\n<li>H\u00e9bergement dans un h\u00f4tel 5* (<strong>Marriott<\/strong> ou <strong>Vinpearl Resort<\/strong>)<\/li>\n<li>Nombre <strong>DELUXE<\/strong> (un ou deux lits)<\/li>\n<li>Petit d\u00e9jeuner \u00e0 l'h\u00f4tel<\/li>\n<li>Billets de t\u00e9l\u00e9ph\u00e9rique<\/li>\n<li>Billets d'entr\u00e9e au Winperl Park pour 2 jours complets<\/li>\n<\/ul>\n<p><strong>Non inclus :<\/strong><\/p>\n<ul>\n<li>D\u00e9jeuner, d\u00eener (il y a de nombreux caf\u00e9s et restaurants dans le parc)<\/li>\n<li>Transfert depuis les h\u00f4tels situ\u00e9s en dehors de la ville :\u00a0<strong>Cam Ranh<\/strong>\u00a0- surtaxe\u00a0<strong>+40$ par v\u00e9hicule jusqu'\u00e0 6 personnes<\/strong>\u00a0aller-retour et\u00a0<strong>+60$ par v\u00e9hicule jusqu'\u00e0 10 personnes<\/strong>\u00a0dans les deux sens<\/li>\n<li>Transfert depuis les h\u00f4tels situ\u00e9s en dehors de la ville :\u00a0<strong>Amiana<\/strong>\u00a0- surtaxe\u00a0<strong>+10$ par v\u00e9hicule jusqu'\u00e0 6 personnes<\/strong>\u00a0aller-retour et\u00a0<strong>+15$ par v\u00e9hicule jusqu'\u00e0 10 personnes<\/strong>\u00a0dans les deux sens<\/li>\n<\/ul>\n<p><strong>Emportez-le avec vous :<\/strong><\/p>\n<ul>\n<li>Passeports (passeports originaux de tous les participants pour l'enregistrement \u00e0 l'h\u00f4tel)<\/li>\n<li>Serviette<\/li>\n<li>Maillot de bain, slip de bain<\/li>\n<li>Cr\u00e8me solaire<\/li>\n<li>Coiffure<\/li>\n<li>Appareil photo<\/li>\n<\/ul>\n<p><strong>Conditions de r\u00e9servation :<\/strong><\/p>\n<ul>\n<li>Paiement int\u00e9gral<\/li>\n<li>Veuillez envoyer des photos d'identit\u00e9 lors de la r\u00e9servation<\/li>\n<li>L'annulation ou le changement de date n'est pas possible<\/li>\n<li>Les temps de transfert aller-retour peuvent \u00eatre ajust\u00e9s<\/li>\n<\/ul>","protected":false},"excerpt":{"rendered":"<p><strong>Dur\u00e9e de l'enqu\u00eate :<\/strong> 2 jours<\/p>\n<p><strong>Jours de D\u00e9roulement:<\/strong> Tous les jours.<\/p>","protected":false},"featured_media":61398,"template":"","meta":{"_kad_post_transparent":"default","_kad_post_title":"","_kad_post_layout":"default","_kad_post_sidebar_id":"","_kad_post_content_style":"default","_kad_post_vertical_padding":"default","_kad_post_feature":"","_kad_post_feature_position":"","_kad_post_header":false,"_kad_post_footer":false,"_kad_post_classname":"","_glsr_average":0,"_glsr_ranking":0,"_glsr_reviews":0},"product_brand":[],"product_cat":[437],"product_tag":[],"class_list":{"0":"post-59500","1":"product","2":"type-product","3":"status-publish","4":"has-post-thumbnail","6":"product_cat-nha-trang","7":"tm-has-options","9":"first","10":"instock","11":"sold-individually","12":"taxable","13":"shipping-taxable","14":"purchasable","15":"product-type-simple","16":"entry","17":"content-bg","18":"loop-entry"},"yoast_head":"<!-- This site is optimized with the Yoast SEO plugin v27.3 - https:\/\/yoast.com\/product\/yoast-seo-wordpress\/ -->\n<title>\u0412\u0438\u043d\u043f\u0435\u0440\u043b 2 \u0434\u043d\u044f: \u041f\u0440\u043e\u0436\u0438\u0432\u0430\u043d\u0438\u0435 5* \u043d\u0430 \u043e\u0441\u0442\u0440\u043e\u0432\u0435 + \u0431\u0435\u0437\u043b\u0438\u043c\u0438\u0442\u043d\u044b\u0439 \u0432\u0445\u043e\u0434 \u0432 \u043f\u0430\u0440\u043a \u0440\u0430\u0437\u0432\u043b\u0435\u0447\u0435\u043d\u0438\u0439 &#8226; \u042d\u043a\u0441\u043a\u0443\u0440\u0441\u0438\u0438 Skyline<\/title>\n<meta name=\"robots\" content=\"index, follow, max-snippet:-1, max-image-preview:large, max-video-preview:-1\" \/>\n<link rel=\"canonical\" href=\"http:\/\/skyline-gs.com\/fr\/produit\/vinpearl-2-days-nhatrang\/\" \/>\n<meta property=\"og:locale\" content=\"fr_FR\" \/>\n<meta property=\"og:type\" content=\"article\" \/>\n<meta property=\"og:title\" content=\"\u0412\u0438\u043d\u043f\u0435\u0440\u043b 2 \u0434\u043d\u044f: \u041f\u0440\u043e\u0436\u0438\u0432\u0430\u043d\u0438\u0435 5* \u043d\u0430 \u043e\u0441\u0442\u0440\u043e\u0432\u0435 + \u0431\u0435\u0437\u043b\u0438\u043c\u0438\u0442\u043d\u044b\u0439 \u0432\u0445\u043e\u0434 \u0432 \u043f\u0430\u0440\u043a \u0440\u0430\u0437\u0432\u043b\u0435\u0447\u0435\u043d\u0438\u0439 &#8226; \u042d\u043a\u0441\u043a\u0443\u0440\u0441\u0438\u0438 Skyline\" \/>\n<meta property=\"og:description\" content=\"\u0414\u043b\u0438\u0442\u0435\u043b\u044c\u043d\u043e\u0441\u0442\u044c: 2 \u0434\u043d\u044f  \u0414\u043d\u0438 \u043f\u0440\u043e\u0432\u0435\u0434\u0435\u043d\u0438\u044f: \u041a\u0430\u0436\u0434\u044b\u0439 \u0434\u0435\u043d\u044c\" \/>\n<meta property=\"og:url\" content=\"http:\/\/skyline-gs.com\/fr\/produit\/vinpearl-2-days-nhatrang\/\" \/>\n<meta property=\"og:site_name\" content=\"\u042d\u043a\u0441\u043a\u0443\u0440\u0441\u0438\u0438 Skyline\" \/>\n<meta property=\"article:modified_time\" content=\"2025-04-25T17:09:12+00:00\" \/>\n<meta property=\"og:image\" content=\"https:\/\/skyline-gs.com\/wp-content\/uploads\/2024\/11\/50.png\" \/>\n\t<meta property=\"og:image:width\" content=\"669\" \/>\n\t<meta property=\"og:image:height\" content=\"446\" \/>\n\t<meta property=\"og:image:type\" content=\"image\/png\" \/>\n<meta name=\"twitter:card\" content=\"summary_large_image\" \/>\n<meta name=\"twitter:label1\" content=\"Dur\u00e9e de lecture estim\u00e9e\" \/>\n\t<meta name=\"twitter:data1\" content=\"3 minutes\" \/>\n<script type=\"application\/ld+json\" class=\"yoast-schema-graph\">{\"@context\":\"https:\\\/\\\/schema.org\",\"@graph\":[{\"@type\":\"WebPage\",\"@id\":\"http:\\\/\\\/skyline-gs.com\\\/de\\\/produkt\\\/vinpearl-2-days-nhatrang\\\/\",\"url\":\"http:\\\/\\\/skyline-gs.com\\\/de\\\/produkt\\\/vinpearl-2-days-nhatrang\\\/\",\"name\":\"\u0412\u0438\u043d\u043f\u0435\u0440\u043b 2 \u0434\u043d\u044f: \u041f\u0440\u043e\u0436\u0438\u0432\u0430\u043d\u0438\u0435 5* \u043d\u0430 \u043e\u0441\u0442\u0440\u043e\u0432\u0435 + \u0431\u0435\u0437\u043b\u0438\u043c\u0438\u0442\u043d\u044b\u0439 \u0432\u0445\u043e\u0434 \u0432 \u043f\u0430\u0440\u043a \u0440\u0430\u0437\u0432\u043b\u0435\u0447\u0435\u043d\u0438\u0439 &#8226; \u042d\u043a\u0441\u043a\u0443\u0440\u0441\u0438\u0438 Skyline\",\"isPartOf\":{\"@id\":\"https:\\\/\\\/skyline-gs.com\\\/it\\\/#website\"},\"primaryImageOfPage\":{\"@id\":\"http:\\\/\\\/skyline-gs.com\\\/de\\\/produkt\\\/vinpearl-2-days-nhatrang\\\/#primaryimage\"},\"image\":{\"@id\":\"http:\\\/\\\/skyline-gs.com\\\/de\\\/produkt\\\/vinpearl-2-days-nhatrang\\\/#primaryimage\"},\"thumbnailUrl\":\"https:\\\/\\\/skyline-gs.com\\\/wp-content\\\/uploads\\\/2024\\\/11\\\/50.png\",\"datePublished\":\"2024-11-25T21:36:53+00:00\",\"dateModified\":\"2025-04-25T17:09:12+00:00\",\"breadcrumb\":{\"@id\":\"http:\\\/\\\/skyline-gs.com\\\/de\\\/produkt\\\/vinpearl-2-days-nhatrang\\\/#breadcrumb\"},\"inLanguage\":\"fr-FR\",\"potentialAction\":[{\"@type\":\"ReadAction\",\"target\":[\"http:\\\/\\\/skyline-gs.com\\\/de\\\/produkt\\\/vinpearl-2-days-nhatrang\\\/\"]}]},{\"@type\":\"ImageObject\",\"inLanguage\":\"fr-FR\",\"@id\":\"http:\\\/\\\/skyline-gs.com\\\/de\\\/produkt\\\/vinpearl-2-days-nhatrang\\\/#primaryimage\",\"url\":\"https:\\\/\\\/skyline-gs.com\\\/wp-content\\\/uploads\\\/2024\\\/11\\\/50.png\",\"contentUrl\":\"https:\\\/\\\/skyline-gs.com\\\/wp-content\\\/uploads\\\/2024\\\/11\\\/50.png\",\"width\":669,\"height\":446},{\"@type\":\"BreadcrumbList\",\"@id\":\"http:\\\/\\\/skyline-gs.com\\\/de\\\/produkt\\\/vinpearl-2-days-nhatrang\\\/#breadcrumb\",\"itemListElement\":[{\"@type\":\"ListItem\",\"position\":1,\"name\":\"\u0413\u043b\u0430\u0432\u043d\u0430\u044f \u0441\u0442\u0440\u0430\u043d\u0438\u0446\u0430\",\"item\":\"https:\\\/\\\/skyline-gs.com\\\/hu\\\/\"},{\"@type\":\"ListItem\",\"position\":2,\"name\":\"\u041c\u0430\u0433\u0430\u0437\u0438\u043d\",\"item\":\"https:\\\/\\\/skyline-gs.com\\\/cs\\\/shop\\\/\"},{\"@type\":\"ListItem\",\"position\":3,\"name\":\"\u0412\u0438\u043d\u043f\u0435\u0440\u043b 2 \u0434\u043d\u044f: \u041f\u0440\u043e\u0436\u0438\u0432\u0430\u043d\u0438\u0435 5* \u043d\u0430 \u043e\u0441\u0442\u0440\u043e\u0432\u0435 + \u0431\u0435\u0437\u043b\u0438\u043c\u0438\u0442\u043d\u044b\u0439 \u0432\u0445\u043e\u0434 \u0432 \u043f\u0430\u0440\u043a \u0440\u0430\u0437\u0432\u043b\u0435\u0447\u0435\u043d\u0438\u0439\"}]},{\"@type\":\"WebSite\",\"@id\":\"https:\\\/\\\/skyline-gs.com\\\/it\\\/#website\",\"url\":\"https:\\\/\\\/skyline-gs.com\\\/it\\\/\",\"name\":\"\u042d\u043a\u0441\u043a\u0443\u0440\u0441\u0438\u0438 Skyline\",\"description\":\"\u042d\u043a\u0441\u043a\u043b\u044e\u0437\u0438\u0432\u043d\u044b\u0435 \u044d\u043a\u0441\u043a\u0443\u0440\u0441\u0438\u0438 \u043d\u0430 \u043b\u0443\u0447\u0448\u0438\u0445 \u043a\u0443\u0440\u043e\u0440\u0442\u0430\u0445 \u043c\u0438\u0440\u0430\",\"publisher\":{\"@id\":\"https:\\\/\\\/skyline-gs.com\\\/it\\\/#organization\"},\"alternateName\":\"Skyline\",\"potentialAction\":[{\"@type\":\"SearchAction\",\"target\":{\"@type\":\"EntryPoint\",\"urlTemplate\":\"https:\\\/\\\/skyline-gs.com\\\/it\\\/?s={search_term_string}\"},\"query-input\":{\"@type\":\"PropertyValueSpecification\",\"valueRequired\":true,\"valueName\":\"search_term_string\"}}],\"inLanguage\":\"fr-FR\"},{\"@type\":\"Organization\",\"@id\":\"https:\\\/\\\/skyline-gs.com\\\/it\\\/#organization\",\"name\":\"\u042d\u043a\u0441\u043a\u0443\u0440\u0441\u0438\u0438 Skyline\",\"alternateName\":\"\u042d\u043a\u0441\u043a\u0443\u0440\u0441\u0438\u0438 Skyline\",\"url\":\"https:\\\/\\\/skyline-gs.com\\\/it\\\/\",\"logo\":{\"@type\":\"ImageObject\",\"inLanguage\":\"fr-FR\",\"@id\":\"https:\\\/\\\/skyline-gs.com\\\/it\\\/#\\\/schema\\\/logo\\\/image\\\/\",\"url\":\"https:\\\/\\\/skyline-gs.com\\\/wp-content\\\/uploads\\\/2020\\\/12\\\/cropped-logo-2.png\",\"contentUrl\":\"https:\\\/\\\/skyline-gs.com\\\/wp-content\\\/uploads\\\/2020\\\/12\\\/cropped-logo-2.png\",\"width\":512,\"height\":512,\"caption\":\"\u042d\u043a\u0441\u043a\u0443\u0440\u0441\u0438\u0438 Skyline\"},\"image\":{\"@id\":\"https:\\\/\\\/skyline-gs.com\\\/it\\\/#\\\/schema\\\/logo\\\/image\\\/\"},\"sameAs\":[\"https:\\\/\\\/www.instagram.com\\\/skylineglobalservice\\\/\"]}]}<\/script>\n<!-- \/ Yoast SEO plugin. -->","yoast_head_json":{"title":"Wineperl 2 jours : h\u00e9bergement 5* sur l'\u00eele + entr\u00e9es illimit\u00e9es dans les parcs \u00e0 th\u00e8me - Skyline Excursions","robots":{"index":"index","follow":"follow","max-snippet":"max-snippet:-1","max-image-preview":"max-image-preview:large","max-video-preview":"max-video-preview:-1"},"canonical":"http:\/\/skyline-gs.com\/fr\/produit\/vinpearl-2-days-nhatrang\/","og_locale":"fr_FR","og_type":"article","og_title":"\u0412\u0438\u043d\u043f\u0435\u0440\u043b 2 \u0434\u043d\u044f: \u041f\u0440\u043e\u0436\u0438\u0432\u0430\u043d\u0438\u0435 5* \u043d\u0430 \u043e\u0441\u0442\u0440\u043e\u0432\u0435 + \u0431\u0435\u0437\u043b\u0438\u043c\u0438\u0442\u043d\u044b\u0439 \u0432\u0445\u043e\u0434 \u0432 \u043f\u0430\u0440\u043a \u0440\u0430\u0437\u0432\u043b\u0435\u0447\u0435\u043d\u0438\u0439 &#8226; \u042d\u043a\u0441\u043a\u0443\u0440\u0441\u0438\u0438 Skyline","og_description":"\u0414\u043b\u0438\u0442\u0435\u043b\u044c\u043d\u043e\u0441\u0442\u044c: 2 \u0434\u043d\u044f  \u0414\u043d\u0438 \u043f\u0440\u043e\u0432\u0435\u0434\u0435\u043d\u0438\u044f: \u041a\u0430\u0436\u0434\u044b\u0439 \u0434\u0435\u043d\u044c","og_url":"http:\/\/skyline-gs.com\/fr\/produit\/vinpearl-2-days-nhatrang\/","og_site_name":"\u042d\u043a\u0441\u043a\u0443\u0440\u0441\u0438\u0438 Skyline","article_modified_time":"2025-04-25T17:09:12+00:00","og_image":[{"width":669,"height":446,"url":"https:\/\/skyline-gs.com\/wp-content\/uploads\/2024\/11\/50.png","type":"image\/png"}],"twitter_card":"summary_large_image","twitter_misc":{"Dur\u00e9e de lecture estim\u00e9e":"3 minutes"},"schema":{"@context":"https:\/\/schema.org","@graph":[{"@type":"WebPage","@id":"http:\/\/skyline-gs.com\/de\/produkt\/vinpearl-2-days-nhatrang\/","url":"http:\/\/skyline-gs.com\/de\/produkt\/vinpearl-2-days-nhatrang\/","name":"Wineperl 2 jours : h\u00e9bergement 5* sur l'\u00eele + entr\u00e9es illimit\u00e9es dans les parcs \u00e0 th\u00e8me - Skyline Excursions","isPartOf":{"@id":"https:\/\/skyline-gs.com\/it\/#website"},"primaryImageOfPage":{"@id":"http:\/\/skyline-gs.com\/de\/produkt\/vinpearl-2-days-nhatrang\/#primaryimage"},"image":{"@id":"http:\/\/skyline-gs.com\/de\/produkt\/vinpearl-2-days-nhatrang\/#primaryimage"},"thumbnailUrl":"https:\/\/skyline-gs.com\/wp-content\/uploads\/2024\/11\/50.png","datePublished":"2024-11-25T21:36:53+00:00","dateModified":"2025-04-25T17:09:12+00:00","breadcrumb":{"@id":"http:\/\/skyline-gs.com\/de\/produkt\/vinpearl-2-days-nhatrang\/#breadcrumb"},"inLanguage":"fr-FR","potentialAction":[{"@type":"ReadAction","target":["http:\/\/skyline-gs.com\/de\/produkt\/vinpearl-2-days-nhatrang\/"]}]},{"@type":"ImageObject","inLanguage":"fr-FR","@id":"http:\/\/skyline-gs.com\/de\/produkt\/vinpearl-2-days-nhatrang\/#primaryimage","url":"https:\/\/skyline-gs.com\/wp-content\/uploads\/2024\/11\/50.png","contentUrl":"https:\/\/skyline-gs.com\/wp-content\/uploads\/2024\/11\/50.png","width":669,"height":446},{"@type":"BreadcrumbList","@id":"http:\/\/skyline-gs.com\/de\/produkt\/vinpearl-2-days-nhatrang\/#breadcrumb","itemListElement":[{"@type":"ListItem","position":1,"name":"\u0413\u043b\u0430\u0432\u043d\u0430\u044f \u0441\u0442\u0440\u0430\u043d\u0438\u0446\u0430","item":"https:\/\/skyline-gs.com\/hu\/"},{"@type":"ListItem","position":2,"name":"\u041c\u0430\u0433\u0430\u0437\u0438\u043d","item":"https:\/\/skyline-gs.com\/cs\/shop\/"},{"@type":"ListItem","position":3,"name":"\u0412\u0438\u043d\u043f\u0435\u0440\u043b 2 \u0434\u043d\u044f: \u041f\u0440\u043e\u0436\u0438\u0432\u0430\u043d\u0438\u0435 5* \u043d\u0430 \u043e\u0441\u0442\u0440\u043e\u0432\u0435 + \u0431\u0435\u0437\u043b\u0438\u043c\u0438\u0442\u043d\u044b\u0439 \u0432\u0445\u043e\u0434 \u0432 \u043f\u0430\u0440\u043a \u0440\u0430\u0437\u0432\u043b\u0435\u0447\u0435\u043d\u0438\u0439"}]},{"@type":"WebSite","@id":"https:\/\/skyline-gs.com\/it\/#website","url":"https:\/\/skyline-gs.com\/it\/","name":"Excursions Skyline","description":"Excursions exclusives dans les meilleurs centres de vill\u00e9giature du monde","publisher":{"@id":"https:\/\/skyline-gs.com\/it\/#organization"},"alternateName":"Skyline","potentialAction":[{"@type":"SearchAction","target":{"@type":"EntryPoint","urlTemplate":"https:\/\/skyline-gs.com\/it\/?s={search_term_string}"},"query-input":{"@type":"PropertyValueSpecification","valueRequired":true,"valueName":"search_term_string"}}],"inLanguage":"fr-FR"},{"@type":"Organization","@id":"https:\/\/skyline-gs.com\/it\/#organization","name":"Excursions Skyline","alternateName":"\u042d\u043a\u0441\u043a\u0443\u0440\u0441\u0438\u0438 Skyline","url":"https:\/\/skyline-gs.com\/it\/","logo":{"@type":"ImageObject","inLanguage":"fr-FR","@id":"https:\/\/skyline-gs.com\/it\/#\/schema\/logo\/image\/","url":"https:\/\/skyline-gs.com\/wp-content\/uploads\/2020\/12\/cropped-logo-2.png","contentUrl":"https:\/\/skyline-gs.com\/wp-content\/uploads\/2020\/12\/cropped-logo-2.png","width":512,"height":512,"caption":"\u042d\u043a\u0441\u043a\u0443\u0440\u0441\u0438\u0438 Skyline"},"image":{"@id":"https:\/\/skyline-gs.com\/it\/#\/schema\/logo\/image\/"},"sameAs":["https:\/\/www.instagram.com\/skylineglobalservice\/"]}]}},"_links":{"self":[{"href":"https:\/\/skyline-gs.com\/fr\/wp-json\/wp\/v2\/product\/59500","targetHints":{"allow":["GET"]}}],"collection":[{"href":"https:\/\/skyline-gs.com\/fr\/wp-json\/wp\/v2\/product"}],"about":[{"href":"https:\/\/skyline-gs.com\/fr\/wp-json\/wp\/v2\/types\/product"}],"version-history":[{"count":0,"href":"https:\/\/skyline-gs.com\/fr\/wp-json\/wp\/v2\/product\/59500\/revisions"}],"wp:featuredmedia":[{"embeddable":true,"href":"https:\/\/skyline-gs.com\/fr\/wp-json\/wp\/v2\/media\/61398"}],"wp:attachment":[{"href":"https:\/\/skyline-gs.com\/fr\/wp-json\/wp\/v2\/media?parent=59500"}],"wp:term":[{"taxonomy":"product_brand","embeddable":true,"href":"https:\/\/skyline-gs.com\/fr\/wp-json\/wp\/v2\/product_brand?post=59500"},{"taxonomy":"product_cat","embeddable":true,"href":"https:\/\/skyline-gs.com\/fr\/wp-json\/wp\/v2\/product_cat?post=59500"},{"taxonomy":"product_tag","embeddable":true,"href":"https:\/\/skyline-gs.com\/fr\/wp-json\/wp\/v2\/product_tag?post=59500"}],"curies":[{"name":"wp","href":"https:\/\/api.w.org\/{rel}","templated":true}]}}