{"id":59237,"date":"2024-11-17T19:42:18","date_gmt":"2024-11-17T17:42:18","guid":{"rendered":"http:\/\/skyline-gs.com\/?post_type=product&#038;p=59237"},"modified":"2026-03-31T00:46:07","modified_gmt":"2026-03-30T22:46:07","slug":"saigon-and-cu-chi-tunnels-nhatrang","status":"publish","type":"product","link":"https:\/\/skyline-gs.com\/fr\/product\/saigon-and-cu-chi-tunnels-nhatrang\/","title":{"rendered":"Saigon et Tunnels de Cu Chi 1 jour (bus VIP)"},"content":{"rendered":"<p>Ce circuit vous offre une occasion unique de d\u00e9couvrir le pass\u00e9 militaire du Vi\u00eat Nam, d'explorer les monuments historiques les plus importants de Ho Chi Minh-Ville et de vous immerger dans la culture et l'atmosph\u00e8re de la ville. Vous visiterez non seulement les principaux sites, mais aussi les c\u00e9l\u00e8bres tunnels de Cu Chi, qui ont jou\u00e9 un r\u00f4le cl\u00e9 dans la guerre du Vi\u00eat Nam.<\/p>\n<p><strong>Jour 1 - D\u00e9part pour Ho Chi Minh Ville :<\/strong><\/p>\n<ul>\n<li><strong>21:00 &#8212; 21:30:<\/strong> Transfert depuis l'h\u00f4tel et embarquement dans un slipbus VIP (bus couchette de type capsule) pour le voyage de nuit vers Ho Chi Minh Ville. A bord, vous b\u00e9n\u00e9ficierez de conditions confortables : Wi-Fi, TV, eau, plaid.<\/li>\n<\/ul>\n<p><strong>Jour 2 - Ho Chi Minh Ville et les tunnels de Cu Chi :<\/strong><\/p>\n<ul>\n<li><strong>06:00 &#8212; 06:30:<\/strong> Arriv\u00e9e \u00e0 Ho Chi Minh Ville, accueil par votre guide, transfert au restaurant pour le petit d\u00e9jeuner.<\/li>\n<li><strong>07:00 &#8212; 07:45:<\/strong> Petit d\u00e9jeuner au restaurant (buffet).<\/li>\n<li><strong>08:00 &#8212; 09:00:<\/strong> Transfert vers les c\u00e9l\u00e8bres tunnels de Cu Chi.<\/li>\n<li><strong>09:00 &#8212; 11:00:<\/strong> Visite des tunnels de Cu Chi. Il s'agit d'un r\u00e9seau complexe de passages souterrains de plus de 250 km de long, utilis\u00e9 pendant la guerre du Vi\u00eat Nam pour la d\u00e9fense et les attaques. Vous pourrez voir \u00e0 quoi ressemblait la vie dans les conditions de la guerre et vous essayer au tir avec des armes de troph\u00e9e (en option, avec suppl\u00e9ment : AK-47, M-16, M-60).<\/li>\n<li><strong>11:00 &#8212; 12:30:<\/strong> Retour \u00e0 Ho Chi Minh Ville.<\/li>\n<li><strong>12:30 &#8212; 13:00:<\/strong> D\u00e9jeuner au restaurant.<\/li>\n<li><strong>13:00 &#8212; 15:30:<\/strong> Visite touristique de Ho Chi Minh Ville :\n<ul>\n<li><strong>Mus\u00e9e des crimes de guerre<\/strong> - L'histoire de la guerre et ses effets sur le pays.<\/li>\n<li><strong>Cath\u00e9drale Notre Dame de Saigon<\/strong> - une belle cath\u00e9drale catholique fran\u00e7aise.<\/li>\n<li><strong>Bureau de poste g\u00e9n\u00e9ral<\/strong> - con\u00e7u par Gustave Eiffel.<\/li>\n<li><strong>Temple Vinh Nghiem<\/strong> - un ancien temple vietnamien.<\/li>\n<li><strong>Place centrale, Monument Ho Chi Minh<\/strong> - symboles importants de la ville.<\/li>\n<li><strong>B\u00e2timent municipal de la ville<\/strong> \u0438 <strong>Quai Dragon House<\/strong> - des monuments architecturaux \u00e0 l'histoire int\u00e9ressante.<\/li>\n<\/ul>\n<\/li>\n<li><strong>16:00 &#8212; 19:00:<\/strong> Temps libre pour faire du shopping au march\u00e9 central ou dans les centres commerciaux.<\/li>\n<li><strong>22:00:<\/strong> D\u00e9part pour Nha Trang en bus couchette.<\/li>\n<\/ul>\n<p><strong>Jour 3 - Retour \u00e0 Nha Trang :<\/strong><\/p>\n<ul>\n<li><strong>Matin :<\/strong> Arriv\u00e9e \u00e0 Nha Trang, transfert \u00e0 l'h\u00f4tel.<\/li>\n<\/ul>\n<p><strong>Inclus :<\/strong><\/p>\n<ul>\n<li>Transfert depuis et vers l'h\u00f4tel<\/li>\n<li>VIP \u0441\u043f\u0430\u043b\u044c\u043d\u044b\u0439 \u0430\u0432\u0442\u043e\u0431\u0443\u0441 (\u0441\u043b\u0438\u043f\u0431\u0430\u0441)<\/li>\n<li>Petit-d\u00e9jeuner et d\u00e9jeuner<\/li>\n<li>Guide parlant russe<\/li>\n<li>Tous les billets d'entr\u00e9e selon le programme<\/li>\n<\/ul>\n<p><strong>Non inclus :<\/strong><\/p>\n<ul>\n<li>Tir avec des armes \u00e0 troph\u00e9es (en option, avec suppl\u00e9ment : AK-47, M-16, M-60)<\/li>\n<li>Transfert depuis les h\u00f4tels situ\u00e9s en dehors de la ville :\u00a0<strong>Cam Ranh<\/strong>\u00a0- surtaxe\u00a0<strong>+40$ par v\u00e9hicule jusqu'\u00e0 6 personnes<\/strong>\u00a0aller-retour et\u00a0<strong>+60$ par v\u00e9hicule jusqu'\u00e0 10 personnes<\/strong>\u00a0dans les deux sens<\/li>\n<li>Transfert depuis les h\u00f4tels situ\u00e9s en dehors de la ville :\u00a0<strong>Amiana<\/strong>\u00a0- surtaxe\u00a0<strong>+10$ par v\u00e9hicule jusqu'\u00e0 6 personnes<\/strong>\u00a0aller-retour et\u00a0<strong>+15$ par v\u00e9hicule jusqu'\u00e0 10 personnes<\/strong>\u00a0dans les deux sens<\/li>\n<\/ul>\n<p><strong>Emportez-le avec vous :<\/strong><\/p>\n<ul>\n<li>V\u00eatements confortables<\/li>\n<li>Appareil photo ou smartphone pour prendre des photos<\/li>\n<li>Produits d'hygi\u00e8ne personnelle<\/li>\n<li>Argent pour les achats et les petites d\u00e9penses<\/li>\n<\/ul>","protected":false},"excerpt":{"rendered":"<p><strong>Dur\u00e9e de l'enqu\u00eate :<\/strong> 1 jour<\/p>\n<p><strong>Jours de D\u00e9roulement:<\/strong> Quotidiennement<\/p>","protected":false},"featured_media":59278,"template":"","meta":{"_kad_post_transparent":"default","_kad_post_title":"","_kad_post_layout":"default","_kad_post_sidebar_id":"","_kad_post_content_style":"default","_kad_post_vertical_padding":"default","_kad_post_feature":"","_kad_post_feature_position":"","_kad_post_header":false,"_kad_post_footer":false,"_kad_post_classname":"","_glsr_average":0,"_glsr_ranking":0,"_glsr_reviews":0},"product_brand":[],"product_cat":[437],"product_tag":[],"class_list":{"0":"post-59237","1":"product","2":"type-product","3":"status-publish","4":"has-post-thumbnail","6":"product_cat-nha-trang","7":"tm-has-options","9":"first","10":"instock","11":"sold-individually","12":"taxable","13":"shipping-taxable","14":"purchasable","15":"product-type-simple","16":"entry","17":"content-bg","18":"loop-entry"},"yoast_head":"<!-- This site is optimized with the Yoast SEO plugin v27.4 - https:\/\/yoast.com\/product\/yoast-seo-wordpress\/ -->\n<title>\u0421\u0430\u0439\u0433\u043e\u043d \u0438 \u0442\u043e\u043d\u043d\u0435\u043b\u0438 \u041a\u0443 \u0427\u0438 1 \u0434\u0435\u043d\u044c (VIP-\u0441\u043b\u0438\u043f\u0431\u0430\u0441) &#8226; \u042d\u043a\u0441\u043a\u0443\u0440\u0441\u0438\u0438 Skyline<\/title>\n<meta name=\"robots\" content=\"index, follow, max-snippet:-1, max-image-preview:large, max-video-preview:-1\" \/>\n<link rel=\"canonical\" href=\"https:\/\/skyline-gs.com\/fr\/produit\/saigon-and-cu-chi-tunnels-nhatrang\/\" \/>\n<meta property=\"og:locale\" content=\"fr_FR\" \/>\n<meta property=\"og:type\" content=\"article\" \/>\n<meta property=\"og:title\" content=\"\u0421\u0430\u0439\u0433\u043e\u043d \u0438 \u0442\u043e\u043d\u043d\u0435\u043b\u0438 \u041a\u0443 \u0427\u0438 1 \u0434\u0435\u043d\u044c (VIP-\u0441\u043b\u0438\u043f\u0431\u0430\u0441) &#8226; \u042d\u043a\u0441\u043a\u0443\u0440\u0441\u0438\u0438 Skyline\" \/>\n<meta property=\"og:description\" content=\"\u0414\u043b\u0438\u0442\u0435\u043b\u044c\u043d\u043e\u0441\u0442\u044c: 1 \u0434\u0435\u043d\u044c  \u0414\u043d\u0438 \u043f\u0440\u043e\u0432\u0435\u0434\u0435\u043d\u0438\u044f: \u0415\u0436\u0435\u0434\u043d\u0435\u0432\u043d\u043e\" \/>\n<meta property=\"og:url\" content=\"https:\/\/skyline-gs.com\/fr\/produit\/saigon-and-cu-chi-tunnels-nhatrang\/\" \/>\n<meta property=\"og:site_name\" content=\"\u042d\u043a\u0441\u043a\u0443\u0440\u0441\u0438\u0438 Skyline\" \/>\n<meta property=\"article:modified_time\" content=\"2026-03-30T22:46:07+00:00\" \/>\n<meta property=\"og:image\" content=\"https:\/\/skyline-gs.com\/wp-content\/uploads\/2024\/11\/hoshimin_006-e1731875166180.jpg\" \/>\n\t<meta property=\"og:image:width\" content=\"940\" \/>\n\t<meta property=\"og:image:height\" content=\"627\" \/>\n\t<meta property=\"og:image:type\" content=\"image\/jpeg\" \/>\n<meta name=\"twitter:card\" content=\"summary_large_image\" \/>\n<meta name=\"twitter:label1\" content=\"Dur\u00e9e de lecture estim\u00e9e\" \/>\n\t<meta name=\"twitter:data1\" content=\"3 minutes\" \/>\n<script type=\"application\/ld+json\" class=\"yoast-schema-graph\">{\"@context\":\"https:\\\/\\\/schema.org\",\"@graph\":[{\"@type\":\"WebPage\",\"@id\":\"https:\\\/\\\/skyline-gs.com\\\/product\\\/saigon-and-cu-chi-tunnels-nhatrang\\\/\",\"url\":\"https:\\\/\\\/skyline-gs.com\\\/product\\\/saigon-and-cu-chi-tunnels-nhatrang\\\/\",\"name\":\"\u0421\u0430\u0439\u0433\u043e\u043d \u0438 \u0442\u043e\u043d\u043d\u0435\u043b\u0438 \u041a\u0443 \u0427\u0438 1 \u0434\u0435\u043d\u044c (VIP-\u0441\u043b\u0438\u043f\u0431\u0430\u0441) &#8226; \u042d\u043a\u0441\u043a\u0443\u0440\u0441\u0438\u0438 Skyline\",\"isPartOf\":{\"@id\":\"https:\\\/\\\/skyline-gs.com\\\/it\\\/#website\"},\"primaryImageOfPage\":{\"@id\":\"https:\\\/\\\/skyline-gs.com\\\/product\\\/saigon-and-cu-chi-tunnels-nhatrang\\\/#primaryimage\"},\"image\":{\"@id\":\"https:\\\/\\\/skyline-gs.com\\\/product\\\/saigon-and-cu-chi-tunnels-nhatrang\\\/#primaryimage\"},\"thumbnailUrl\":\"https:\\\/\\\/skyline-gs.com\\\/wp-content\\\/uploads\\\/2024\\\/11\\\/hoshimin_006-e1731875166180.jpg\",\"datePublished\":\"2024-11-17T17:42:18+00:00\",\"dateModified\":\"2026-03-30T22:46:07+00:00\",\"breadcrumb\":{\"@id\":\"https:\\\/\\\/skyline-gs.com\\\/product\\\/saigon-and-cu-chi-tunnels-nhatrang\\\/#breadcrumb\"},\"inLanguage\":\"fr-FR\",\"potentialAction\":[{\"@type\":\"ReadAction\",\"target\":[\"https:\\\/\\\/skyline-gs.com\\\/product\\\/saigon-and-cu-chi-tunnels-nhatrang\\\/\"]}]},{\"@type\":\"ImageObject\",\"inLanguage\":\"fr-FR\",\"@id\":\"https:\\\/\\\/skyline-gs.com\\\/product\\\/saigon-and-cu-chi-tunnels-nhatrang\\\/#primaryimage\",\"url\":\"https:\\\/\\\/skyline-gs.com\\\/wp-content\\\/uploads\\\/2024\\\/11\\\/hoshimin_006-e1731875166180.jpg\",\"contentUrl\":\"https:\\\/\\\/skyline-gs.com\\\/wp-content\\\/uploads\\\/2024\\\/11\\\/hoshimin_006-e1731875166180.jpg\",\"width\":940,\"height\":627},{\"@type\":\"BreadcrumbList\",\"@id\":\"https:\\\/\\\/skyline-gs.com\\\/product\\\/saigon-and-cu-chi-tunnels-nhatrang\\\/#breadcrumb\",\"itemListElement\":[{\"@type\":\"ListItem\",\"position\":1,\"name\":\"\u0413\u043b\u0430\u0432\u043d\u0430\u044f \u0441\u0442\u0440\u0430\u043d\u0438\u0446\u0430\",\"item\":\"https:\\\/\\\/skyline-gs.com\\\/hu\\\/\"},{\"@type\":\"ListItem\",\"position\":2,\"name\":\"\u041c\u0430\u0433\u0430\u0437\u0438\u043d\",\"item\":\"https:\\\/\\\/skyline-gs.com\\\/cs\\\/shop\\\/\"},{\"@type\":\"ListItem\",\"position\":3,\"name\":\"\u0421\u0430\u0439\u0433\u043e\u043d \u0438 \u0442\u043e\u043d\u043d\u0435\u043b\u0438 \u041a\u0443 \u0427\u0438 1 \u0434\u0435\u043d\u044c (VIP-\u0441\u043b\u0438\u043f\u0431\u0430\u0441)\"}]},{\"@type\":\"WebSite\",\"@id\":\"https:\\\/\\\/skyline-gs.com\\\/it\\\/#website\",\"url\":\"https:\\\/\\\/skyline-gs.com\\\/it\\\/\",\"name\":\"\u042d\u043a\u0441\u043a\u0443\u0440\u0441\u0438\u0438 Skyline\",\"description\":\"\u042d\u043a\u0441\u043a\u043b\u044e\u0437\u0438\u0432\u043d\u044b\u0435 \u044d\u043a\u0441\u043a\u0443\u0440\u0441\u0438\u0438 \u043d\u0430 \u043b\u0443\u0447\u0448\u0438\u0445 \u043a\u0443\u0440\u043e\u0440\u0442\u0430\u0445 \u043c\u0438\u0440\u0430\",\"publisher\":{\"@id\":\"https:\\\/\\\/skyline-gs.com\\\/it\\\/#organization\"},\"alternateName\":\"Skyline\",\"potentialAction\":[{\"@type\":\"SearchAction\",\"target\":{\"@type\":\"EntryPoint\",\"urlTemplate\":\"https:\\\/\\\/skyline-gs.com\\\/it\\\/?s={search_term_string}\"},\"query-input\":{\"@type\":\"PropertyValueSpecification\",\"valueRequired\":true,\"valueName\":\"search_term_string\"}}],\"inLanguage\":\"fr-FR\"},{\"@type\":\"Organization\",\"@id\":\"https:\\\/\\\/skyline-gs.com\\\/it\\\/#organization\",\"name\":\"\u042d\u043a\u0441\u043a\u0443\u0440\u0441\u0438\u0438 Skyline\",\"alternateName\":\"\u042d\u043a\u0441\u043a\u0443\u0440\u0441\u0438\u0438 Skyline\",\"url\":\"https:\\\/\\\/skyline-gs.com\\\/it\\\/\",\"logo\":{\"@type\":\"ImageObject\",\"inLanguage\":\"fr-FR\",\"@id\":\"https:\\\/\\\/skyline-gs.com\\\/it\\\/#\\\/schema\\\/logo\\\/image\\\/\",\"url\":\"https:\\\/\\\/skyline-gs.com\\\/wp-content\\\/uploads\\\/2020\\\/12\\\/cropped-logo-2.png\",\"contentUrl\":\"https:\\\/\\\/skyline-gs.com\\\/wp-content\\\/uploads\\\/2020\\\/12\\\/cropped-logo-2.png\",\"width\":512,\"height\":512,\"caption\":\"\u042d\u043a\u0441\u043a\u0443\u0440\u0441\u0438\u0438 Skyline\"},\"image\":{\"@id\":\"https:\\\/\\\/skyline-gs.com\\\/it\\\/#\\\/schema\\\/logo\\\/image\\\/\"},\"sameAs\":[\"https:\\\/\\\/www.instagram.com\\\/skylineglobalservice\\\/\"]}]}<\/script>\n<!-- \/ Yoast SEO plugin. -->","yoast_head_json":{"title":"\u0421\u0430\u0439\u0433\u043e\u043d \u0438 \u0442\u043e\u043d\u043d\u0435\u043b\u0438 \u041a\u0443 \u0427\u0438 1 \u0434\u0435\u043d\u044c (VIP-\u0441\u043b\u0438\u043f\u0431\u0430\u0441) &#8226; \u042d\u043a\u0441\u043a\u0443\u0440\u0441\u0438\u0438 Skyline","robots":{"index":"index","follow":"follow","max-snippet":"max-snippet:-1","max-image-preview":"max-image-preview:large","max-video-preview":"max-video-preview:-1"},"canonical":"https:\/\/skyline-gs.com\/fr\/produit\/saigon-and-cu-chi-tunnels-nhatrang\/","og_locale":"fr_FR","og_type":"article","og_title":"\u0421\u0430\u0439\u0433\u043e\u043d \u0438 \u0442\u043e\u043d\u043d\u0435\u043b\u0438 \u041a\u0443 \u0427\u0438 1 \u0434\u0435\u043d\u044c (VIP-\u0441\u043b\u0438\u043f\u0431\u0430\u0441) &#8226; \u042d\u043a\u0441\u043a\u0443\u0440\u0441\u0438\u0438 Skyline","og_description":"\u0414\u043b\u0438\u0442\u0435\u043b\u044c\u043d\u043e\u0441\u0442\u044c: 1 \u0434\u0435\u043d\u044c  \u0414\u043d\u0438 \u043f\u0440\u043e\u0432\u0435\u0434\u0435\u043d\u0438\u044f: \u0415\u0436\u0435\u0434\u043d\u0435\u0432\u043d\u043e","og_url":"https:\/\/skyline-gs.com\/fr\/produit\/saigon-and-cu-chi-tunnels-nhatrang\/","og_site_name":"\u042d\u043a\u0441\u043a\u0443\u0440\u0441\u0438\u0438 Skyline","article_modified_time":"2026-03-30T22:46:07+00:00","og_image":[{"width":940,"height":627,"url":"https:\/\/skyline-gs.com\/wp-content\/uploads\/2024\/11\/hoshimin_006-e1731875166180.jpg","type":"image\/jpeg"}],"twitter_card":"summary_large_image","twitter_misc":{"Dur\u00e9e de lecture estim\u00e9e":"3 minutes"},"schema":{"@context":"https:\/\/schema.org","@graph":[{"@type":"WebPage","@id":"https:\/\/skyline-gs.com\/product\/saigon-and-cu-chi-tunnels-nhatrang\/","url":"https:\/\/skyline-gs.com\/product\/saigon-and-cu-chi-tunnels-nhatrang\/","name":"\u0421\u0430\u0439\u0433\u043e\u043d \u0438 \u0442\u043e\u043d\u043d\u0435\u043b\u0438 \u041a\u0443 \u0427\u0438 1 \u0434\u0435\u043d\u044c (VIP-\u0441\u043b\u0438\u043f\u0431\u0430\u0441) &#8226; \u042d\u043a\u0441\u043a\u0443\u0440\u0441\u0438\u0438 Skyline","isPartOf":{"@id":"https:\/\/skyline-gs.com\/it\/#website"},"primaryImageOfPage":{"@id":"https:\/\/skyline-gs.com\/product\/saigon-and-cu-chi-tunnels-nhatrang\/#primaryimage"},"image":{"@id":"https:\/\/skyline-gs.com\/product\/saigon-and-cu-chi-tunnels-nhatrang\/#primaryimage"},"thumbnailUrl":"https:\/\/skyline-gs.com\/wp-content\/uploads\/2024\/11\/hoshimin_006-e1731875166180.jpg","datePublished":"2024-11-17T17:42:18+00:00","dateModified":"2026-03-30T22:46:07+00:00","breadcrumb":{"@id":"https:\/\/skyline-gs.com\/product\/saigon-and-cu-chi-tunnels-nhatrang\/#breadcrumb"},"inLanguage":"fr-FR","potentialAction":[{"@type":"ReadAction","target":["https:\/\/skyline-gs.com\/product\/saigon-and-cu-chi-tunnels-nhatrang\/"]}]},{"@type":"ImageObject","inLanguage":"fr-FR","@id":"https:\/\/skyline-gs.com\/product\/saigon-and-cu-chi-tunnels-nhatrang\/#primaryimage","url":"https:\/\/skyline-gs.com\/wp-content\/uploads\/2024\/11\/hoshimin_006-e1731875166180.jpg","contentUrl":"https:\/\/skyline-gs.com\/wp-content\/uploads\/2024\/11\/hoshimin_006-e1731875166180.jpg","width":940,"height":627},{"@type":"BreadcrumbList","@id":"https:\/\/skyline-gs.com\/product\/saigon-and-cu-chi-tunnels-nhatrang\/#breadcrumb","itemListElement":[{"@type":"ListItem","position":1,"name":"\u0413\u043b\u0430\u0432\u043d\u0430\u044f \u0441\u0442\u0440\u0430\u043d\u0438\u0446\u0430","item":"https:\/\/skyline-gs.com\/hu\/"},{"@type":"ListItem","position":2,"name":"\u041c\u0430\u0433\u0430\u0437\u0438\u043d","item":"https:\/\/skyline-gs.com\/cs\/shop\/"},{"@type":"ListItem","position":3,"name":"\u0421\u0430\u0439\u0433\u043e\u043d \u0438 \u0442\u043e\u043d\u043d\u0435\u043b\u0438 \u041a\u0443 \u0427\u0438 1 \u0434\u0435\u043d\u044c (VIP-\u0441\u043b\u0438\u043f\u0431\u0430\u0441)"}]},{"@type":"WebSite","@id":"https:\/\/skyline-gs.com\/it\/#website","url":"https:\/\/skyline-gs.com\/it\/","name":"Excursions Skyline","description":"Excursions exclusives dans les meilleurs centres de vill\u00e9giature du monde","publisher":{"@id":"https:\/\/skyline-gs.com\/it\/#organization"},"alternateName":"Skyline","potentialAction":[{"@type":"SearchAction","target":{"@type":"EntryPoint","urlTemplate":"https:\/\/skyline-gs.com\/it\/?s={search_term_string}"},"query-input":{"@type":"PropertyValueSpecification","valueRequired":true,"valueName":"search_term_string"}}],"inLanguage":"fr-FR"},{"@type":"Organization","@id":"https:\/\/skyline-gs.com\/it\/#organization","name":"Excursions Skyline","alternateName":"\u042d\u043a\u0441\u043a\u0443\u0440\u0441\u0438\u0438 Skyline","url":"https:\/\/skyline-gs.com\/it\/","logo":{"@type":"ImageObject","inLanguage":"fr-FR","@id":"https:\/\/skyline-gs.com\/it\/#\/schema\/logo\/image\/","url":"https:\/\/skyline-gs.com\/wp-content\/uploads\/2020\/12\/cropped-logo-2.png","contentUrl":"https:\/\/skyline-gs.com\/wp-content\/uploads\/2020\/12\/cropped-logo-2.png","width":512,"height":512,"caption":"\u042d\u043a\u0441\u043a\u0443\u0440\u0441\u0438\u0438 Skyline"},"image":{"@id":"https:\/\/skyline-gs.com\/it\/#\/schema\/logo\/image\/"},"sameAs":["https:\/\/www.instagram.com\/skylineglobalservice\/"]}]}},"_links":{"self":[{"href":"https:\/\/skyline-gs.com\/fr\/wp-json\/wp\/v2\/product\/59237","targetHints":{"allow":["GET"]}}],"collection":[{"href":"https:\/\/skyline-gs.com\/fr\/wp-json\/wp\/v2\/product"}],"about":[{"href":"https:\/\/skyline-gs.com\/fr\/wp-json\/wp\/v2\/types\/product"}],"version-history":[{"count":0,"href":"https:\/\/skyline-gs.com\/fr\/wp-json\/wp\/v2\/product\/59237\/revisions"}],"wp:featuredmedia":[{"embeddable":true,"href":"https:\/\/skyline-gs.com\/fr\/wp-json\/wp\/v2\/media\/59278"}],"wp:attachment":[{"href":"https:\/\/skyline-gs.com\/fr\/wp-json\/wp\/v2\/media?parent=59237"}],"wp:term":[{"taxonomy":"product_brand","embeddable":true,"href":"https:\/\/skyline-gs.com\/fr\/wp-json\/wp\/v2\/product_brand?post=59237"},{"taxonomy":"product_cat","embeddable":true,"href":"https:\/\/skyline-gs.com\/fr\/wp-json\/wp\/v2\/product_cat?post=59237"},{"taxonomy":"product_tag","embeddable":true,"href":"https:\/\/skyline-gs.com\/fr\/wp-json\/wp\/v2\/product_tag?post=59237"}],"curies":[{"name":"wp","href":"https:\/\/api.w.org\/{rel}","templated":true}]}}