{"id":59092,"date":"2024-11-16T21:33:10","date_gmt":"2024-11-16T19:33:10","guid":{"rendered":"http:\/\/skyline-gs.com\/?post_type=product&#038;p=59092"},"modified":"2025-08-23T16:11:55","modified_gmt":"2025-08-23T14:11:55","slug":"city-tour-nhatrang","status":"publish","type":"product","link":"https:\/\/skyline-gs.com\/fr\/product\/city-tour-nhatrang\/","title":{"rendered":"Les perles de Nha Trang"},"content":{"rendered":"<p><strong>Visite de Nha Trang<\/strong> - est l'occasion de d\u00e9couvrir les principales attractions de cette ville pittoresque en une journ\u00e9e. Ce voyage est id\u00e9al pour ceux qui souhaitent appr\u00e9cier l'histoire, la culture et l'atmosph\u00e8re de Nha Trang en compagnie d'un guide professionnel.<\/p>\n<p><strong>9:00 - D\u00e9part du hall de l'h\u00f4tel.<\/strong><\/p>\n<ul>\n<li><strong>Cath\u00e9drale St Mary.<\/strong><br \/>\nL'architecture gothique et l'int\u00e9rieur color\u00e9 de cette cath\u00e9drale en feront un v\u00e9ritable joyau de votre voyage.<\/li>\n<li><strong>Pagode de Long Shon.<\/strong><br \/>\nC\u00e9l\u00e8bre pour son immense statue du Bouddha blanc situ\u00e9e au sommet d'une colline. Elle offre une vue panoramique sur la ville.<\/li>\n<li><strong>Bouddha blanc assis.<\/strong><br \/>\nSymbole de paix et de tranquillit\u00e9, la statue s'\u00e9l\u00e8ve majestueusement au-dessus de Nha Trang.<\/li>\n<li><strong>Rock Garden et Cape Hon Chong.<\/strong><br \/>\nProfitez de l'harmonie de la nature : l'oc\u00e9an, les falaises et les spectacles musicaux uniques de personnes ethniques jouant d'instruments traditionnels vietnamiens.<\/li>\n<li><strong>Temple Da Bao.<\/strong><br \/>\nUn temple isol\u00e9 sur une montagne avec une vue magnifique sur Nha Trang, parfait pour la m\u00e9ditation et la photographie.<\/li>\n<li><strong>Tours de Cham \"Po Nagar\".<\/strong><br \/>\nUn ancien complexe de temples du 12e si\u00e8cle qui pr\u00e9serve l'esprit de la civilisation Champa.<\/li>\n<li><strong>Une ancienne maison de p\u00eacheur.<\/strong><br \/>\nVous y d\u00e9couvrirez la vie des habitants et d\u00e9gusterez le traditionnel caf\u00e9 au lait de coco.<\/li>\n<li><strong>March\u00e9 de Cho Dam (facultatif).<\/strong><br \/>\nLe plus grand march\u00e9 de la ville o\u00f9 l'on peut acheter des souvenirs, des fruits frais et d'autres produits.<\/li>\n<\/ul>\n<p><strong>14:00 - Retour \u00e0 l'h\u00f4tel.<\/strong><\/p>\n<p><strong>Inclus :<\/strong><\/p>\n<ul>\n<li>Transferts depuis et vers l'h\u00f4tel<\/li>\n<li>Guide parlant russe<\/li>\n<li>Billets d'entr\u00e9e<\/li>\n<li>L'eau<\/li>\n<\/ul>\n<p><strong>Non inclus :<\/strong><\/p>\n<ul>\n<li>Transfert depuis les h\u00f4tels situ\u00e9s en dehors de la ville :\u00a0<strong>Cam Ranh<\/strong>\u00a0- surtaxe\u00a0<strong>+40$ par v\u00e9hicule jusqu'\u00e0 6 personnes<\/strong>\u00a0aller-retour et\u00a0<strong>+60$ par v\u00e9hicule jusqu'\u00e0 10 personnes<\/strong>\u00a0dans les deux sens<\/li>\n<li>Transfert depuis les h\u00f4tels situ\u00e9s en dehors de la ville :\u00a0<strong>Amiana<\/strong>\u00a0- surtaxe\u00a0<strong>+10$ par v\u00e9hicule jusqu'\u00e0 6 personnes<\/strong>\u00a0aller-retour et\u00a0<strong>+15$ par v\u00e9hicule jusqu'\u00e0 10 personnes<\/strong>\u00a0dans les deux sens<\/li>\n<\/ul>","protected":false},"excerpt":{"rendered":"<p><strong>Temps du Tour:<\/strong> 9:00 &#8212; 14:00<\/p>\n<p><strong>Jours de D\u00e9roulement:<\/strong> Mercredi<\/p>","protected":false},"featured_media":59095,"template":"","meta":{"_kad_post_transparent":"default","_kad_post_title":"","_kad_post_layout":"default","_kad_post_sidebar_id":"","_kad_post_content_style":"default","_kad_post_vertical_padding":"default","_kad_post_feature":"","_kad_post_feature_position":"","_kad_post_header":false,"_kad_post_footer":false,"_kad_post_classname":"","_glsr_average":0,"_glsr_ranking":0,"_glsr_reviews":0},"product_brand":[],"product_cat":[437],"product_tag":[],"class_list":{"0":"post-59092","1":"product","2":"type-product","3":"status-publish","4":"has-post-thumbnail","6":"product_cat-nha-trang","7":"tm-has-options","9":"first","10":"instock","11":"sold-individually","12":"taxable","13":"shipping-taxable","14":"purchasable","15":"product-type-simple","16":"entry","17":"content-bg","18":"loop-entry"},"yoast_head":"<!-- This site is optimized with the Yoast SEO plugin v27.3 - https:\/\/yoast.com\/product\/yoast-seo-wordpress\/ -->\n<title>\u0416\u0435\u043c\u0447\u0443\u0436\u0438\u043d\u044b \u041d\u044f\u0447\u0430\u043d\u0433\u0430 &#8226; \u042d\u043a\u0441\u043a\u0443\u0440\u0441\u0438\u0438 Skyline<\/title>\n<meta name=\"robots\" content=\"index, follow, max-snippet:-1, max-image-preview:large, max-video-preview:-1\" \/>\n<link rel=\"canonical\" href=\"https:\/\/skyline-gs.com\/fr\/produit\/city-tour-nhatrang\/\" \/>\n<meta property=\"og:locale\" content=\"fr_FR\" \/>\n<meta property=\"og:type\" content=\"article\" \/>\n<meta property=\"og:title\" content=\"\u0416\u0435\u043c\u0447\u0443\u0436\u0438\u043d\u044b \u041d\u044f\u0447\u0430\u043d\u0433\u0430 &#8226; \u042d\u043a\u0441\u043a\u0443\u0440\u0441\u0438\u0438 Skyline\" \/>\n<meta property=\"og:description\" content=\"\u0412\u0440\u0435\u043c\u044f \u0442\u0443\u0440\u0430: 9:00 - 14:00  \u0414\u043d\u0438 \u043f\u0440\u043e\u0432\u0435\u0434\u0435\u043d\u0438\u044f: \u0421\u0440\u0435\u0434\u0430\" \/>\n<meta property=\"og:url\" content=\"https:\/\/skyline-gs.com\/fr\/produit\/city-tour-nhatrang\/\" \/>\n<meta property=\"og:site_name\" content=\"\u042d\u043a\u0441\u043a\u0443\u0440\u0441\u0438\u0438 Skyline\" \/>\n<meta property=\"article:modified_time\" content=\"2025-08-23T14:11:55+00:00\" \/>\n<meta property=\"og:image\" content=\"https:\/\/skyline-gs.com\/wp-content\/uploads\/2024\/11\/92.jpg\" \/>\n\t<meta property=\"og:image:width\" content=\"669\" \/>\n\t<meta property=\"og:image:height\" content=\"446\" \/>\n\t<meta property=\"og:image:type\" content=\"image\/jpeg\" \/>\n<meta name=\"twitter:card\" content=\"summary_large_image\" \/>\n<meta name=\"twitter:label1\" content=\"Dur\u00e9e de lecture estim\u00e9e\" \/>\n\t<meta name=\"twitter:data1\" content=\"2 minutes\" \/>\n<script type=\"application\/ld+json\" class=\"yoast-schema-graph\">{\"@context\":\"https:\\\/\\\/schema.org\",\"@graph\":[{\"@type\":\"WebPage\",\"@id\":\"https:\\\/\\\/skyline-gs.com\\\/product\\\/city-tour-nhatrang\\\/\",\"url\":\"https:\\\/\\\/skyline-gs.com\\\/product\\\/city-tour-nhatrang\\\/\",\"name\":\"\u0416\u0435\u043c\u0447\u0443\u0436\u0438\u043d\u044b \u041d\u044f\u0447\u0430\u043d\u0433\u0430 &#8226; \u042d\u043a\u0441\u043a\u0443\u0440\u0441\u0438\u0438 Skyline\",\"isPartOf\":{\"@id\":\"https:\\\/\\\/skyline-gs.com\\\/it\\\/#website\"},\"primaryImageOfPage\":{\"@id\":\"https:\\\/\\\/skyline-gs.com\\\/product\\\/city-tour-nhatrang\\\/#primaryimage\"},\"image\":{\"@id\":\"https:\\\/\\\/skyline-gs.com\\\/product\\\/city-tour-nhatrang\\\/#primaryimage\"},\"thumbnailUrl\":\"https:\\\/\\\/skyline-gs.com\\\/wp-content\\\/uploads\\\/2024\\\/11\\\/92.jpg\",\"datePublished\":\"2024-11-16T19:33:10+00:00\",\"dateModified\":\"2025-08-23T14:11:55+00:00\",\"breadcrumb\":{\"@id\":\"https:\\\/\\\/skyline-gs.com\\\/product\\\/city-tour-nhatrang\\\/#breadcrumb\"},\"inLanguage\":\"fr-FR\",\"potentialAction\":[{\"@type\":\"ReadAction\",\"target\":[\"https:\\\/\\\/skyline-gs.com\\\/product\\\/city-tour-nhatrang\\\/\"]}]},{\"@type\":\"ImageObject\",\"inLanguage\":\"fr-FR\",\"@id\":\"https:\\\/\\\/skyline-gs.com\\\/product\\\/city-tour-nhatrang\\\/#primaryimage\",\"url\":\"https:\\\/\\\/skyline-gs.com\\\/wp-content\\\/uploads\\\/2024\\\/11\\\/92.jpg\",\"contentUrl\":\"https:\\\/\\\/skyline-gs.com\\\/wp-content\\\/uploads\\\/2024\\\/11\\\/92.jpg\",\"width\":669,\"height\":446},{\"@type\":\"BreadcrumbList\",\"@id\":\"https:\\\/\\\/skyline-gs.com\\\/product\\\/city-tour-nhatrang\\\/#breadcrumb\",\"itemListElement\":[{\"@type\":\"ListItem\",\"position\":1,\"name\":\"\u0413\u043b\u0430\u0432\u043d\u0430\u044f \u0441\u0442\u0440\u0430\u043d\u0438\u0446\u0430\",\"item\":\"https:\\\/\\\/skyline-gs.com\\\/hu\\\/\"},{\"@type\":\"ListItem\",\"position\":2,\"name\":\"\u041c\u0430\u0433\u0430\u0437\u0438\u043d\",\"item\":\"https:\\\/\\\/skyline-gs.com\\\/cs\\\/shop\\\/\"},{\"@type\":\"ListItem\",\"position\":3,\"name\":\"\u0416\u0435\u043c\u0447\u0443\u0436\u0438\u043d\u044b \u041d\u044f\u0447\u0430\u043d\u0433\u0430\"}]},{\"@type\":\"WebSite\",\"@id\":\"https:\\\/\\\/skyline-gs.com\\\/it\\\/#website\",\"url\":\"https:\\\/\\\/skyline-gs.com\\\/it\\\/\",\"name\":\"\u042d\u043a\u0441\u043a\u0443\u0440\u0441\u0438\u0438 Skyline\",\"description\":\"\u042d\u043a\u0441\u043a\u043b\u044e\u0437\u0438\u0432\u043d\u044b\u0435 \u044d\u043a\u0441\u043a\u0443\u0440\u0441\u0438\u0438 \u043d\u0430 \u043b\u0443\u0447\u0448\u0438\u0445 \u043a\u0443\u0440\u043e\u0440\u0442\u0430\u0445 \u043c\u0438\u0440\u0430\",\"publisher\":{\"@id\":\"https:\\\/\\\/skyline-gs.com\\\/it\\\/#organization\"},\"alternateName\":\"Skyline\",\"potentialAction\":[{\"@type\":\"SearchAction\",\"target\":{\"@type\":\"EntryPoint\",\"urlTemplate\":\"https:\\\/\\\/skyline-gs.com\\\/it\\\/?s={search_term_string}\"},\"query-input\":{\"@type\":\"PropertyValueSpecification\",\"valueRequired\":true,\"valueName\":\"search_term_string\"}}],\"inLanguage\":\"fr-FR\"},{\"@type\":\"Organization\",\"@id\":\"https:\\\/\\\/skyline-gs.com\\\/it\\\/#organization\",\"name\":\"\u042d\u043a\u0441\u043a\u0443\u0440\u0441\u0438\u0438 Skyline\",\"alternateName\":\"\u042d\u043a\u0441\u043a\u0443\u0440\u0441\u0438\u0438 Skyline\",\"url\":\"https:\\\/\\\/skyline-gs.com\\\/it\\\/\",\"logo\":{\"@type\":\"ImageObject\",\"inLanguage\":\"fr-FR\",\"@id\":\"https:\\\/\\\/skyline-gs.com\\\/it\\\/#\\\/schema\\\/logo\\\/image\\\/\",\"url\":\"https:\\\/\\\/skyline-gs.com\\\/wp-content\\\/uploads\\\/2020\\\/12\\\/cropped-logo-2.png\",\"contentUrl\":\"https:\\\/\\\/skyline-gs.com\\\/wp-content\\\/uploads\\\/2020\\\/12\\\/cropped-logo-2.png\",\"width\":512,\"height\":512,\"caption\":\"\u042d\u043a\u0441\u043a\u0443\u0440\u0441\u0438\u0438 Skyline\"},\"image\":{\"@id\":\"https:\\\/\\\/skyline-gs.com\\\/it\\\/#\\\/schema\\\/logo\\\/image\\\/\"},\"sameAs\":[\"https:\\\/\\\/www.instagram.com\\\/skylineglobalservice\\\/\"]}]}<\/script>\n<!-- \/ Yoast SEO plugin. -->","yoast_head_json":{"title":"\u0416\u0435\u043c\u0447\u0443\u0436\u0438\u043d\u044b \u041d\u044f\u0447\u0430\u043d\u0433\u0430 &#8226; \u042d\u043a\u0441\u043a\u0443\u0440\u0441\u0438\u0438 Skyline","robots":{"index":"index","follow":"follow","max-snippet":"max-snippet:-1","max-image-preview":"max-image-preview:large","max-video-preview":"max-video-preview:-1"},"canonical":"https:\/\/skyline-gs.com\/fr\/produit\/city-tour-nhatrang\/","og_locale":"fr_FR","og_type":"article","og_title":"\u0416\u0435\u043c\u0447\u0443\u0436\u0438\u043d\u044b \u041d\u044f\u0447\u0430\u043d\u0433\u0430 &#8226; \u042d\u043a\u0441\u043a\u0443\u0440\u0441\u0438\u0438 Skyline","og_description":"\u0412\u0440\u0435\u043c\u044f \u0442\u0443\u0440\u0430: 9:00 - 14:00  \u0414\u043d\u0438 \u043f\u0440\u043e\u0432\u0435\u0434\u0435\u043d\u0438\u044f: \u0421\u0440\u0435\u0434\u0430","og_url":"https:\/\/skyline-gs.com\/fr\/produit\/city-tour-nhatrang\/","og_site_name":"\u042d\u043a\u0441\u043a\u0443\u0440\u0441\u0438\u0438 Skyline","article_modified_time":"2025-08-23T14:11:55+00:00","og_image":[{"width":669,"height":446,"url":"https:\/\/skyline-gs.com\/wp-content\/uploads\/2024\/11\/92.jpg","type":"image\/jpeg"}],"twitter_card":"summary_large_image","twitter_misc":{"Dur\u00e9e de lecture estim\u00e9e":"2 minutes"},"schema":{"@context":"https:\/\/schema.org","@graph":[{"@type":"WebPage","@id":"https:\/\/skyline-gs.com\/product\/city-tour-nhatrang\/","url":"https:\/\/skyline-gs.com\/product\/city-tour-nhatrang\/","name":"\u0416\u0435\u043c\u0447\u0443\u0436\u0438\u043d\u044b \u041d\u044f\u0447\u0430\u043d\u0433\u0430 &#8226; \u042d\u043a\u0441\u043a\u0443\u0440\u0441\u0438\u0438 Skyline","isPartOf":{"@id":"https:\/\/skyline-gs.com\/it\/#website"},"primaryImageOfPage":{"@id":"https:\/\/skyline-gs.com\/product\/city-tour-nhatrang\/#primaryimage"},"image":{"@id":"https:\/\/skyline-gs.com\/product\/city-tour-nhatrang\/#primaryimage"},"thumbnailUrl":"https:\/\/skyline-gs.com\/wp-content\/uploads\/2024\/11\/92.jpg","datePublished":"2024-11-16T19:33:10+00:00","dateModified":"2025-08-23T14:11:55+00:00","breadcrumb":{"@id":"https:\/\/skyline-gs.com\/product\/city-tour-nhatrang\/#breadcrumb"},"inLanguage":"fr-FR","potentialAction":[{"@type":"ReadAction","target":["https:\/\/skyline-gs.com\/product\/city-tour-nhatrang\/"]}]},{"@type":"ImageObject","inLanguage":"fr-FR","@id":"https:\/\/skyline-gs.com\/product\/city-tour-nhatrang\/#primaryimage","url":"https:\/\/skyline-gs.com\/wp-content\/uploads\/2024\/11\/92.jpg","contentUrl":"https:\/\/skyline-gs.com\/wp-content\/uploads\/2024\/11\/92.jpg","width":669,"height":446},{"@type":"BreadcrumbList","@id":"https:\/\/skyline-gs.com\/product\/city-tour-nhatrang\/#breadcrumb","itemListElement":[{"@type":"ListItem","position":1,"name":"\u0413\u043b\u0430\u0432\u043d\u0430\u044f \u0441\u0442\u0440\u0430\u043d\u0438\u0446\u0430","item":"https:\/\/skyline-gs.com\/hu\/"},{"@type":"ListItem","position":2,"name":"\u041c\u0430\u0433\u0430\u0437\u0438\u043d","item":"https:\/\/skyline-gs.com\/cs\/shop\/"},{"@type":"ListItem","position":3,"name":"\u0416\u0435\u043c\u0447\u0443\u0436\u0438\u043d\u044b \u041d\u044f\u0447\u0430\u043d\u0433\u0430"}]},{"@type":"WebSite","@id":"https:\/\/skyline-gs.com\/it\/#website","url":"https:\/\/skyline-gs.com\/it\/","name":"Excursions Skyline","description":"Excursions exclusives dans les meilleurs centres de vill\u00e9giature du monde","publisher":{"@id":"https:\/\/skyline-gs.com\/it\/#organization"},"alternateName":"Skyline","potentialAction":[{"@type":"SearchAction","target":{"@type":"EntryPoint","urlTemplate":"https:\/\/skyline-gs.com\/it\/?s={search_term_string}"},"query-input":{"@type":"PropertyValueSpecification","valueRequired":true,"valueName":"search_term_string"}}],"inLanguage":"fr-FR"},{"@type":"Organization","@id":"https:\/\/skyline-gs.com\/it\/#organization","name":"Excursions Skyline","alternateName":"\u042d\u043a\u0441\u043a\u0443\u0440\u0441\u0438\u0438 Skyline","url":"https:\/\/skyline-gs.com\/it\/","logo":{"@type":"ImageObject","inLanguage":"fr-FR","@id":"https:\/\/skyline-gs.com\/it\/#\/schema\/logo\/image\/","url":"https:\/\/skyline-gs.com\/wp-content\/uploads\/2020\/12\/cropped-logo-2.png","contentUrl":"https:\/\/skyline-gs.com\/wp-content\/uploads\/2020\/12\/cropped-logo-2.png","width":512,"height":512,"caption":"\u042d\u043a\u0441\u043a\u0443\u0440\u0441\u0438\u0438 Skyline"},"image":{"@id":"https:\/\/skyline-gs.com\/it\/#\/schema\/logo\/image\/"},"sameAs":["https:\/\/www.instagram.com\/skylineglobalservice\/"]}]}},"_links":{"self":[{"href":"https:\/\/skyline-gs.com\/fr\/wp-json\/wp\/v2\/product\/59092","targetHints":{"allow":["GET"]}}],"collection":[{"href":"https:\/\/skyline-gs.com\/fr\/wp-json\/wp\/v2\/product"}],"about":[{"href":"https:\/\/skyline-gs.com\/fr\/wp-json\/wp\/v2\/types\/product"}],"version-history":[{"count":0,"href":"https:\/\/skyline-gs.com\/fr\/wp-json\/wp\/v2\/product\/59092\/revisions"}],"wp:featuredmedia":[{"embeddable":true,"href":"https:\/\/skyline-gs.com\/fr\/wp-json\/wp\/v2\/media\/59095"}],"wp:attachment":[{"href":"https:\/\/skyline-gs.com\/fr\/wp-json\/wp\/v2\/media?parent=59092"}],"wp:term":[{"taxonomy":"product_brand","embeddable":true,"href":"https:\/\/skyline-gs.com\/fr\/wp-json\/wp\/v2\/product_brand?post=59092"},{"taxonomy":"product_cat","embeddable":true,"href":"https:\/\/skyline-gs.com\/fr\/wp-json\/wp\/v2\/product_cat?post=59092"},{"taxonomy":"product_tag","embeddable":true,"href":"https:\/\/skyline-gs.com\/fr\/wp-json\/wp\/v2\/product_tag?post=59092"}],"curies":[{"name":"wp","href":"https:\/\/api.w.org\/{rel}","templated":true}]}}