{"id":59049,"date":"2024-11-16T16:01:26","date_gmt":"2024-11-16T14:01:26","guid":{"rendered":"http:\/\/skyline-gs.com\/?post_type=product&#038;p=59049"},"modified":"2026-04-04T12:51:13","modified_gmt":"2026-04-04T10:51:13","slug":"dalat-maximum-nhatrang-2","status":"publish","type":"product","link":"https:\/\/skyline-gs.com\/fr\/product\/dalat-maximum-nhatrang\/","title":{"rendered":"Dalat Maximum (mini-groupe)"},"content":{"rendered":"<p><strong>Action !<\/strong> \u0421 1 \u043c\u0430\u044f \u0446\u0435\u043d\u044b \u043d\u0430 \u0433\u0440\u0443\u043f\u043f\u043e\u0432\u044b\u0435 \u044d\u043a\u0441\u043a\u0443\u0440\u0441\u0438\u0438 \u0432 \u0414\u0430\u043b\u0430\u0442 <strong>\u0438\u0437\u043c\u0435\u043d\u044f\u0442\u0441\u044f:<\/strong><\/p>\n<p>&#x1f539; \u0414\u0430\u043b\u0430\u0442 \u041c\u0430\u043a\u0441\u0438\u043c\u0443\u043c \u2014 59$<br \/>\n&#x1f539; \u0414\u0430\u043b\u0430\u0442 \u0423\u043b\u044c\u0442\u0440\u0430 \u2014 69$<\/p>\n<p>\u041d\u043e \u0441\u0435\u0439\u0447\u0430\u0441 \u0434\u0435\u0439\u0441\u0442\u0432\u0443\u0435\u0442 \u0430\u043a\u0446\u0438\u044f &#x1f525;<br \/>\nAu <strong>\u0431\u0440\u043e\u043d\u0438\u0440\u043e\u0432\u0430\u043d\u0438\u0438 \u0432 \u0442\u0435\u0447\u0435\u043d\u0438\u0435 \u0430\u043f\u0440\u0435\u043b\u044f<\/strong> \u043c\u043e\u0436\u043d\u043e \u0437\u0430\u0444\u0438\u043a\u0441\u0438\u0440\u043e\u0432\u0430\u0442\u044c <strong>\u0441\u0442\u0430\u0440\u0443\u044e \u0446\u0435\u043d\u0443<\/strong>:<\/p>\n<p>&#x2705; <strong>\u0414\u0430\u043b\u0430\u0442 \u041c\u0430\u043a\u0441\u0438\u043c\u0443\u043c \u2014 55$<\/strong><br \/>\n<strong>&#x2705; \u0414\u0430\u043b\u0430\u0442 \u0423\u043b\u044c\u0442\u0440\u0430 \u2014 66$<\/strong><\/p>\n<p>&#x1f449; \u0414\u0430\u0436\u0435 \u0435\u0441\u043b\u0438 \u043f\u043e\u0435\u0437\u0434\u043a\u0430 \u0431\u0443\u0434\u0435\u0442 \u0432 \u043c\u0430\u0435 \u0438\u043b\u0438 \u043f\u043e\u0437\u0436\u0435 \u2014 <strong>\u0446\u0435\u043d\u0430 \u0437\u0430 \u0432\u0430\u043c\u0438 \u0441\u043e\u0445\u0440\u0430\u043d\u044f\u0435\u0442\u0441\u044f.<\/strong><\/p>\n<p><em>Taille du groupe : Jusqu'\u00e0 14 personnes<\/em><\/p>\n<p><strong>Dalat 1 jour de visite de Dalat - Dalat Maximum<\/strong> - est une occasion unique de s'immerger dans l'atmosph\u00e8re du Vi\u00eat Nam, qui allie la fra\u00eecheur des montagnes, la nature exotique et des merveilles architecturales inhabituelles. Dalat est un endroit o\u00f9 chaque recoin est rempli de magie : des cascades pittoresques et des plantations de caf\u00e9 aux b\u00e2timents les plus \u00e9tranges et les plus magiques. Le programme comprend tous les points forts de cette ville merveilleuse afin que vous puissiez profiter de toute sa beaut\u00e9 en une journ\u00e9e.<\/p>\n<p><strong>Itin\u00e9raire de la visite :<\/strong><\/p>\n<p><strong>5:00 - D\u00e9part du hall de l'h\u00f4tel.<\/strong> Le trajet jusqu'\u00e0 Dalat dure environ 3 heures. En chemin, vous aurez droit \u00e0 des vues spectaculaires sur les montagnes et les vall\u00e9es, qui vous laisseront une impression inoubliable et vous permettront de bien commencer la journ\u00e9e.<\/p>\n<ol>\n<li><strong>Petit d\u00e9jeuner dans le village de Raglai<\/strong> - Arr\u00eat petit-d\u00e9jeuner dans un caf\u00e9 (commandez le petit-d\u00e9jeuner \u00e0 la r\u00e9ception de votre h\u00f4tel, c'est gratuit).<\/li>\n<li><strong>Khan Le Pass<\/strong> (altitude 1500 m) - arr\u00eat photo \u00e0 la cascade des Larmes de Dalat avec vue panoramique sur le plateau de Taeinguyen.<\/li>\n<li><strong>Plantations de caf\u00e9 arabica<\/strong> - Promenade dans les plantations de caf\u00e9 odorantes de la for\u00eat de pins de la banlieue de Dalat, o\u00f9 vous pourrez d\u00e9couvrir le processus de culture et de r\u00e9colte du caf\u00e9.<\/li>\n<li><strong>Maison de fous<\/strong> - Visite d'un h\u00f4tel unique, reconnu comme l'un des b\u00e2timents les plus insolites au monde, \u00e0 l'architecture extravagante et \u00e0 l'atmosph\u00e8re surr\u00e9aliste.<\/li>\n<li><strong>Village d'Argile<\/strong> (Tunnel de la cr\u00e9ativit\u00e9) - objets d'art int\u00e9ressants et zone photo \"Visages de l'amour\", qui vous donnera de l'inspiration et des photos lumineuses.<\/li>\n<li><strong>t\u00e9l\u00e9ph\u00e9rique<\/strong> (2 300 m\u00e8tres de long) est un voyage \u00e0 couper le souffle avec une vue panoramique de Dalat et de ses environs.<\/li>\n<li><strong>Chutes de Datanla<\/strong> - Un bel endroit pour se promener et prendre des photos, avec la possibilit\u00e9 de descendre en luge \u00e9lectrique jusqu'au pied de la cascade.<\/li>\n<li><strong>Ferme du caf\u00e9 Luwak<\/strong> - Vous d\u00e9couvrirez le processus de production du c\u00e9l\u00e8bre caf\u00e9, un mini zoo, des promenades \u00e0 dos d'\u00e9l\u00e9phant et d'autruche, ainsi qu'un divertissement inhabituel : la capture de crocodiles.<\/li>\n<li><strong>Pagode Linh Phuoc<\/strong> - un \u00e9tonnant temple en verre bris\u00e9, une statue de fleurs fra\u00eeches (18 m\u00e8tres de haut), un temple du Bouddha d'or et une cloche \u00e0 souhaits o\u00f9 l'on peut venir r\u00e9aliser ses r\u00eaves.<\/li>\n<\/ol>\n<p><strong>19:00 - Retour \u00e0 l'h\u00f4tel.<\/strong> Le soir venu, vous serez plein d'impressions et de souvenirs des beaux endroits que vous avez visit\u00e9s.<\/p>\n<p><strong>Inclus :<\/strong><\/p>\n<ul>\n<li>Transferts depuis et vers l'h\u00f4tel<\/li>\n<li>Guide parlant russe<\/li>\n<li>Billets d'entr\u00e9e<\/li>\n<li>D\u00e9jeuner<\/li>\n<li>L'eau<\/li>\n<\/ul>\n<p><strong>Non inclus :<\/strong><\/p>\n<ul>\n<li>Petit d\u00e9jeuner<\/li>\n<li>Divertissements suppl\u00e9mentaires (\u00e9l\u00e9phants, autruches et tra\u00eeneaux \u00e9lectriques)<\/li>\n<li>Transfert depuis les h\u00f4tels situ\u00e9s en dehors de la ville : <strong style=\"font-family: var(--global-body-font-family);\">Cam Ranh<\/strong><span style=\"font-family: var(--global-body-font-family);\">\u00a0- surtaxe\u00a0<\/span><strong style=\"font-family: var(--global-body-font-family);\">+40$ par v\u00e9hicule jusqu'\u00e0 6 personnes<\/strong><span style=\"font-family: var(--global-body-font-family);\">\u00a0aller-retour et\u00a0<\/span><strong style=\"font-family: var(--global-body-font-family);\">+60$ par v\u00e9hicule jusqu'\u00e0 10 personnes<\/strong><span style=\"font-family: var(--global-body-font-family);\">\u00a0dans les deux sens<\/span><\/li>\n<li>Transfert depuis les h\u00f4tels situ\u00e9s en dehors de la ville :\u00a0<strong>Amiana<\/strong>\u00a0- surtaxe\u00a0<strong>+10$ par v\u00e9hicule jusqu'\u00e0 6 personnes<\/strong>\u00a0aller-retour et\u00a0<strong>+15$ par v\u00e9hicule jusqu'\u00e0 10 personnes<\/strong>\u00a0dans les deux sens<\/li>\n<\/ul>\n<p><strong>Emportez-le avec vous :<\/strong><\/p>\n<ul>\n<li>Petit d\u00e9jeuner \u00e0 emporter (\u00e0 commander \u00e0 la r\u00e9ception de votre h\u00f4tel, c'est gratuit)<\/li>\n<li>V\u00eatements chauds en hiver<\/li>\n<li>Coiffure<\/li>\n<li>Chaussures confortables<\/li>\n<li>cam\u00e9ra<\/li>\n<\/ul>","protected":false},"excerpt":{"rendered":"<p><strong>Temps du Tour:<\/strong> 5:00 \u2014 19:00<\/p>\n<p><strong>Jours de D\u00e9roulement:<\/strong> Lundi, jeudi<\/p>","protected":false},"featured_media":59132,"template":"","meta":{"_kad_post_transparent":"default","_kad_post_title":"","_kad_post_layout":"default","_kad_post_sidebar_id":"","_kad_post_content_style":"default","_kad_post_vertical_padding":"default","_kad_post_feature":"","_kad_post_feature_position":"","_kad_post_header":false,"_kad_post_footer":false,"_kad_post_classname":"","_glsr_average":0,"_glsr_ranking":0,"_glsr_reviews":0},"product_brand":[],"product_cat":[437],"product_tag":[],"class_list":{"0":"post-59049","1":"product","2":"type-product","3":"status-publish","4":"has-post-thumbnail","6":"product_cat-nha-trang","7":"tm-has-options","9":"first","10":"instock","11":"sale","12":"sold-individually","13":"taxable","14":"shipping-taxable","15":"purchasable","16":"product-type-simple","17":"entry","18":"content-bg","19":"loop-entry"},"yoast_head":"<!-- This site is optimized with the Yoast SEO plugin v27.3 - https:\/\/yoast.com\/product\/yoast-seo-wordpress\/ -->\n<title>\u0414\u0430\u043b\u0430\u0442 Maximum (\u043c\u0438\u043d\u0438-\u0433\u0440\u0443\u043f\u043f\u0430) &#8226; \u042d\u043a\u0441\u043a\u0443\u0440\u0441\u0438\u0438 Skyline<\/title>\n<meta name=\"robots\" content=\"index, follow, max-snippet:-1, max-image-preview:large, max-video-preview:-1\" \/>\n<link rel=\"canonical\" href=\"https:\/\/skyline-gs.com\/fr\/produit\/dalat-maximum-nhatrang-2\/\" \/>\n<meta property=\"og:locale\" content=\"fr_FR\" \/>\n<meta property=\"og:type\" content=\"article\" \/>\n<meta property=\"og:title\" content=\"\u0414\u0430\u043b\u0430\u0442 Maximum (\u043c\u0438\u043d\u0438-\u0433\u0440\u0443\u043f\u043f\u0430) &#8226; \u042d\u043a\u0441\u043a\u0443\u0440\u0441\u0438\u0438 Skyline\" \/>\n<meta property=\"og:description\" content=\"\u0412\u0440\u0435\u043c\u044f \u0442\u0443\u0440\u0430: 5:00 - 19:00  \u0414\u043d\u0438 \u043f\u0440\u043e\u0432\u0435\u0434\u0435\u043d\u0438\u044f: \u041f\u043e\u043d\u0435\u0434\u0435\u043b\u044c\u043d\u0438\u043a, \u0427\u0435\u0442\u0432\u0435\u0440\u0433\" \/>\n<meta property=\"og:url\" content=\"https:\/\/skyline-gs.com\/fr\/produit\/dalat-maximum-nhatrang-2\/\" \/>\n<meta property=\"og:site_name\" content=\"\u042d\u043a\u0441\u043a\u0443\u0440\u0441\u0438\u0438 Skyline\" \/>\n<meta property=\"article:modified_time\" content=\"2026-04-04T10:51:13+00:00\" \/>\n<meta property=\"og:image\" content=\"https:\/\/skyline-gs.com\/wp-content\/uploads\/2024\/11\/22.png\" \/>\n\t<meta property=\"og:image:width\" content=\"669\" \/>\n\t<meta property=\"og:image:height\" content=\"446\" \/>\n\t<meta property=\"og:image:type\" content=\"image\/png\" \/>\n<meta name=\"twitter:card\" content=\"summary_large_image\" \/>\n<meta name=\"twitter:label1\" content=\"Dur\u00e9e de lecture estim\u00e9e\" \/>\n\t<meta name=\"twitter:data1\" content=\"3 minutes\" \/>\n<script type=\"application\/ld+json\" class=\"yoast-schema-graph\">{\"@context\":\"https:\\\/\\\/schema.org\",\"@graph\":[{\"@type\":\"WebPage\",\"@id\":\"https:\\\/\\\/skyline-gs.com\\\/product\\\/dalat-maximum-nhatrang\\\/\",\"url\":\"https:\\\/\\\/skyline-gs.com\\\/product\\\/dalat-maximum-nhatrang\\\/\",\"name\":\"\u0414\u0430\u043b\u0430\u0442 Maximum (\u043c\u0438\u043d\u0438-\u0433\u0440\u0443\u043f\u043f\u0430) &#8226; \u042d\u043a\u0441\u043a\u0443\u0440\u0441\u0438\u0438 Skyline\",\"isPartOf\":{\"@id\":\"https:\\\/\\\/skyline-gs.com\\\/it\\\/#website\"},\"primaryImageOfPage\":{\"@id\":\"https:\\\/\\\/skyline-gs.com\\\/product\\\/dalat-maximum-nhatrang\\\/#primaryimage\"},\"image\":{\"@id\":\"https:\\\/\\\/skyline-gs.com\\\/product\\\/dalat-maximum-nhatrang\\\/#primaryimage\"},\"thumbnailUrl\":\"https:\\\/\\\/skyline-gs.com\\\/wp-content\\\/uploads\\\/2024\\\/11\\\/22.png\",\"datePublished\":\"2024-11-16T14:01:26+00:00\",\"dateModified\":\"2026-04-04T10:51:13+00:00\",\"breadcrumb\":{\"@id\":\"https:\\\/\\\/skyline-gs.com\\\/product\\\/dalat-maximum-nhatrang\\\/#breadcrumb\"},\"inLanguage\":\"fr-FR\",\"potentialAction\":[{\"@type\":\"ReadAction\",\"target\":[\"https:\\\/\\\/skyline-gs.com\\\/product\\\/dalat-maximum-nhatrang\\\/\"]}]},{\"@type\":\"ImageObject\",\"inLanguage\":\"fr-FR\",\"@id\":\"https:\\\/\\\/skyline-gs.com\\\/product\\\/dalat-maximum-nhatrang\\\/#primaryimage\",\"url\":\"https:\\\/\\\/skyline-gs.com\\\/wp-content\\\/uploads\\\/2024\\\/11\\\/22.png\",\"contentUrl\":\"https:\\\/\\\/skyline-gs.com\\\/wp-content\\\/uploads\\\/2024\\\/11\\\/22.png\",\"width\":669,\"height\":446},{\"@type\":\"BreadcrumbList\",\"@id\":\"https:\\\/\\\/skyline-gs.com\\\/product\\\/dalat-maximum-nhatrang\\\/#breadcrumb\",\"itemListElement\":[{\"@type\":\"ListItem\",\"position\":1,\"name\":\"\u0413\u043b\u0430\u0432\u043d\u0430\u044f \u0441\u0442\u0440\u0430\u043d\u0438\u0446\u0430\",\"item\":\"https:\\\/\\\/skyline-gs.com\\\/hu\\\/\"},{\"@type\":\"ListItem\",\"position\":2,\"name\":\"\u041c\u0430\u0433\u0430\u0437\u0438\u043d\",\"item\":\"https:\\\/\\\/skyline-gs.com\\\/cs\\\/shop\\\/\"},{\"@type\":\"ListItem\",\"position\":3,\"name\":\"\u0414\u0430\u043b\u0430\u0442 Maximum (\u043c\u0438\u043d\u0438-\u0433\u0440\u0443\u043f\u043f\u0430)\"}]},{\"@type\":\"WebSite\",\"@id\":\"https:\\\/\\\/skyline-gs.com\\\/it\\\/#website\",\"url\":\"https:\\\/\\\/skyline-gs.com\\\/it\\\/\",\"name\":\"\u042d\u043a\u0441\u043a\u0443\u0440\u0441\u0438\u0438 Skyline\",\"description\":\"\u042d\u043a\u0441\u043a\u043b\u044e\u0437\u0438\u0432\u043d\u044b\u0435 \u044d\u043a\u0441\u043a\u0443\u0440\u0441\u0438\u0438 \u043d\u0430 \u043b\u0443\u0447\u0448\u0438\u0445 \u043a\u0443\u0440\u043e\u0440\u0442\u0430\u0445 \u043c\u0438\u0440\u0430\",\"publisher\":{\"@id\":\"https:\\\/\\\/skyline-gs.com\\\/it\\\/#organization\"},\"alternateName\":\"Skyline\",\"potentialAction\":[{\"@type\":\"SearchAction\",\"target\":{\"@type\":\"EntryPoint\",\"urlTemplate\":\"https:\\\/\\\/skyline-gs.com\\\/it\\\/?s={search_term_string}\"},\"query-input\":{\"@type\":\"PropertyValueSpecification\",\"valueRequired\":true,\"valueName\":\"search_term_string\"}}],\"inLanguage\":\"fr-FR\"},{\"@type\":\"Organization\",\"@id\":\"https:\\\/\\\/skyline-gs.com\\\/it\\\/#organization\",\"name\":\"\u042d\u043a\u0441\u043a\u0443\u0440\u0441\u0438\u0438 Skyline\",\"alternateName\":\"\u042d\u043a\u0441\u043a\u0443\u0440\u0441\u0438\u0438 Skyline\",\"url\":\"https:\\\/\\\/skyline-gs.com\\\/it\\\/\",\"logo\":{\"@type\":\"ImageObject\",\"inLanguage\":\"fr-FR\",\"@id\":\"https:\\\/\\\/skyline-gs.com\\\/it\\\/#\\\/schema\\\/logo\\\/image\\\/\",\"url\":\"https:\\\/\\\/skyline-gs.com\\\/wp-content\\\/uploads\\\/2020\\\/12\\\/cropped-logo-2.png\",\"contentUrl\":\"https:\\\/\\\/skyline-gs.com\\\/wp-content\\\/uploads\\\/2020\\\/12\\\/cropped-logo-2.png\",\"width\":512,\"height\":512,\"caption\":\"\u042d\u043a\u0441\u043a\u0443\u0440\u0441\u0438\u0438 Skyline\"},\"image\":{\"@id\":\"https:\\\/\\\/skyline-gs.com\\\/it\\\/#\\\/schema\\\/logo\\\/image\\\/\"},\"sameAs\":[\"https:\\\/\\\/www.instagram.com\\\/skylineglobalservice\\\/\"]}]}<\/script>\n<!-- \/ Yoast SEO plugin. -->","yoast_head_json":{"title":"Dalat Maximum (Mini groupe) - Skyline Excursions","robots":{"index":"index","follow":"follow","max-snippet":"max-snippet:-1","max-image-preview":"max-image-preview:large","max-video-preview":"max-video-preview:-1"},"canonical":"https:\/\/skyline-gs.com\/fr\/produit\/dalat-maximum-nhatrang-2\/","og_locale":"fr_FR","og_type":"article","og_title":"\u0414\u0430\u043b\u0430\u0442 Maximum (\u043c\u0438\u043d\u0438-\u0433\u0440\u0443\u043f\u043f\u0430) &#8226; \u042d\u043a\u0441\u043a\u0443\u0440\u0441\u0438\u0438 Skyline","og_description":"\u0412\u0440\u0435\u043c\u044f \u0442\u0443\u0440\u0430: 5:00 - 19:00  \u0414\u043d\u0438 \u043f\u0440\u043e\u0432\u0435\u0434\u0435\u043d\u0438\u044f: \u041f\u043e\u043d\u0435\u0434\u0435\u043b\u044c\u043d\u0438\u043a, \u0427\u0435\u0442\u0432\u0435\u0440\u0433","og_url":"https:\/\/skyline-gs.com\/fr\/produit\/dalat-maximum-nhatrang-2\/","og_site_name":"\u042d\u043a\u0441\u043a\u0443\u0440\u0441\u0438\u0438 Skyline","article_modified_time":"2026-04-04T10:51:13+00:00","og_image":[{"width":669,"height":446,"url":"https:\/\/skyline-gs.com\/wp-content\/uploads\/2024\/11\/22.png","type":"image\/png"}],"twitter_card":"summary_large_image","twitter_misc":{"Dur\u00e9e de lecture estim\u00e9e":"3 minutes"},"schema":{"@context":"https:\/\/schema.org","@graph":[{"@type":"WebPage","@id":"https:\/\/skyline-gs.com\/product\/dalat-maximum-nhatrang\/","url":"https:\/\/skyline-gs.com\/product\/dalat-maximum-nhatrang\/","name":"Dalat Maximum (Mini groupe) - Skyline Excursions","isPartOf":{"@id":"https:\/\/skyline-gs.com\/it\/#website"},"primaryImageOfPage":{"@id":"https:\/\/skyline-gs.com\/product\/dalat-maximum-nhatrang\/#primaryimage"},"image":{"@id":"https:\/\/skyline-gs.com\/product\/dalat-maximum-nhatrang\/#primaryimage"},"thumbnailUrl":"https:\/\/skyline-gs.com\/wp-content\/uploads\/2024\/11\/22.png","datePublished":"2024-11-16T14:01:26+00:00","dateModified":"2026-04-04T10:51:13+00:00","breadcrumb":{"@id":"https:\/\/skyline-gs.com\/product\/dalat-maximum-nhatrang\/#breadcrumb"},"inLanguage":"fr-FR","potentialAction":[{"@type":"ReadAction","target":["https:\/\/skyline-gs.com\/product\/dalat-maximum-nhatrang\/"]}]},{"@type":"ImageObject","inLanguage":"fr-FR","@id":"https:\/\/skyline-gs.com\/product\/dalat-maximum-nhatrang\/#primaryimage","url":"https:\/\/skyline-gs.com\/wp-content\/uploads\/2024\/11\/22.png","contentUrl":"https:\/\/skyline-gs.com\/wp-content\/uploads\/2024\/11\/22.png","width":669,"height":446},{"@type":"BreadcrumbList","@id":"https:\/\/skyline-gs.com\/product\/dalat-maximum-nhatrang\/#breadcrumb","itemListElement":[{"@type":"ListItem","position":1,"name":"\u0413\u043b\u0430\u0432\u043d\u0430\u044f \u0441\u0442\u0440\u0430\u043d\u0438\u0446\u0430","item":"https:\/\/skyline-gs.com\/hu\/"},{"@type":"ListItem","position":2,"name":"\u041c\u0430\u0433\u0430\u0437\u0438\u043d","item":"https:\/\/skyline-gs.com\/cs\/shop\/"},{"@type":"ListItem","position":3,"name":"\u0414\u0430\u043b\u0430\u0442 Maximum (\u043c\u0438\u043d\u0438-\u0433\u0440\u0443\u043f\u043f\u0430)"}]},{"@type":"WebSite","@id":"https:\/\/skyline-gs.com\/it\/#website","url":"https:\/\/skyline-gs.com\/it\/","name":"Excursions Skyline","description":"Excursions exclusives dans les meilleurs centres de vill\u00e9giature du monde","publisher":{"@id":"https:\/\/skyline-gs.com\/it\/#organization"},"alternateName":"Skyline","potentialAction":[{"@type":"SearchAction","target":{"@type":"EntryPoint","urlTemplate":"https:\/\/skyline-gs.com\/it\/?s={search_term_string}"},"query-input":{"@type":"PropertyValueSpecification","valueRequired":true,"valueName":"search_term_string"}}],"inLanguage":"fr-FR"},{"@type":"Organization","@id":"https:\/\/skyline-gs.com\/it\/#organization","name":"Excursions Skyline","alternateName":"\u042d\u043a\u0441\u043a\u0443\u0440\u0441\u0438\u0438 Skyline","url":"https:\/\/skyline-gs.com\/it\/","logo":{"@type":"ImageObject","inLanguage":"fr-FR","@id":"https:\/\/skyline-gs.com\/it\/#\/schema\/logo\/image\/","url":"https:\/\/skyline-gs.com\/wp-content\/uploads\/2020\/12\/cropped-logo-2.png","contentUrl":"https:\/\/skyline-gs.com\/wp-content\/uploads\/2020\/12\/cropped-logo-2.png","width":512,"height":512,"caption":"\u042d\u043a\u0441\u043a\u0443\u0440\u0441\u0438\u0438 Skyline"},"image":{"@id":"https:\/\/skyline-gs.com\/it\/#\/schema\/logo\/image\/"},"sameAs":["https:\/\/www.instagram.com\/skylineglobalservice\/"]}]}},"_links":{"self":[{"href":"https:\/\/skyline-gs.com\/fr\/wp-json\/wp\/v2\/product\/59049","targetHints":{"allow":["GET"]}}],"collection":[{"href":"https:\/\/skyline-gs.com\/fr\/wp-json\/wp\/v2\/product"}],"about":[{"href":"https:\/\/skyline-gs.com\/fr\/wp-json\/wp\/v2\/types\/product"}],"version-history":[{"count":0,"href":"https:\/\/skyline-gs.com\/fr\/wp-json\/wp\/v2\/product\/59049\/revisions"}],"wp:featuredmedia":[{"embeddable":true,"href":"https:\/\/skyline-gs.com\/fr\/wp-json\/wp\/v2\/media\/59132"}],"wp:attachment":[{"href":"https:\/\/skyline-gs.com\/fr\/wp-json\/wp\/v2\/media?parent=59049"}],"wp:term":[{"taxonomy":"product_brand","embeddable":true,"href":"https:\/\/skyline-gs.com\/fr\/wp-json\/wp\/v2\/product_brand?post=59049"},{"taxonomy":"product_cat","embeddable":true,"href":"https:\/\/skyline-gs.com\/fr\/wp-json\/wp\/v2\/product_cat?post=59049"},{"taxonomy":"product_tag","embeddable":true,"href":"https:\/\/skyline-gs.com\/fr\/wp-json\/wp\/v2\/product_tag?post=59049"}],"curies":[{"name":"wp","href":"https:\/\/api.w.org\/{rel}","templated":true}]}}