{"id":58373,"date":"2024-10-22T13:03:22","date_gmt":"2024-10-22T11:03:22","guid":{"rendered":"http:\/\/skyline-gs.com\/?post_type=product&#038;p=58373"},"modified":"2026-03-09T23:37:38","modified_gmt":"2026-03-09T21:37:38","slug":"sri-lanka-mosaic-pro-pidurangala-srilanka","status":"publish","type":"product","link":"https:\/\/skyline-gs.com\/fr\/product\/sri-lanka-mosaic-pro-pidurangala-srilanka\/","title":{"rendered":"Lanka Express Plus (\u00e0 partir de Pidurangala) 2 jours"},"content":{"rendered":"<p>C'est le v\u00e9ritable \u00abmaximum du Sri Lanka\u00bb en 2 jours ! Des vues l\u00e9gendaires, des temples embl\u00e9matiques, des \u00e9l\u00e9phants et des singes, des plantations de th\u00e9 et des paysages naturels \u00e9tonnants vous attendent. Le programme est con\u00e7u pour ceux qui veulent tomber amoureux du Sri Lanka au premier regard et emporter avec eux des centaines de photos \u00e9clatantes.<\/p>\n<p><strong>Jour 1<\/strong><\/p>\n<ul>\n<li data-start=\"680\" data-end=\"713\"><strong>3h00 - D\u00e9part du hall de l'h\u00f4tel.<\/strong><\/li>\n<li data-start=\"680\" data-end=\"713\"><strong data-start=\"717\" data-end=\"763\">Little Adam's Peak (environ 30 minutes d'ascension). <\/strong>Une randonn\u00e9e facile suivie de vues panoramiques sur Ella et les vall\u00e9es montagneuses. Un endroit id\u00e9al pour assister au lever du soleil et faire ses premi\u00e8res impressions.<\/li>\n<li data-start=\"680\" data-end=\"713\"><strong data-start=\"911\" data-end=\"932\">Ravana tombe. <\/strong>L'une des cascades les plus pittoresques de l'\u00eele. Vous pouvez vous rafra\u00eechir, nager ou prendre des photos spectaculaires avec, en toile de fond, de puissantes coul\u00e9es d'eau.<\/li>\n<li data-start=\"680\" data-end=\"713\"><strong data-start=\"1077\" data-end=\"1102\">Le pont des neuf. <\/strong>Le pont le plus photog\u00e9nique du Sri Lanka. Le moment o\u00f9 un train passe dessus est particuli\u00e8rement impressionnant, avec des collines verdoyantes et des nuages tout autour.<\/li>\n<li data-start=\"680\" data-end=\"713\"><strong data-start=\"1240\" data-end=\"1285\">Train d'Ella \u00e0 Nuwara Eliya (30-40 minutes). <\/strong>Un trajet c\u00e9l\u00e8bre avec des vues \u00e0 couper le souffle sur les plantations de th\u00e9, les gorges et les montagnes. C'est ici que sont prises les photos embl\u00e9matiques de la \u00abporte du train\u00bb.<\/li>\n<li data-start=\"680\" data-end=\"713\"><strong data-start=\"1442\" data-end=\"1484\">Visite de la ville de Nuwara Eliya. <\/strong>\u00abLa \u00bbpetite Angleterre\" au c\u0153ur du Sri Lanka. Architecture britannique, rues accueillantes, jardins fleuris. Vous pouvez envoyer une carte postale depuis l'ancien bureau de poste.<\/li>\n<li data-start=\"680\" data-end=\"713\"><strong data-start=\"1632\" data-end=\"1667\">Temple hindou Sita Amman. <\/strong>Un lieu associ\u00e9 \u00e0 la l\u00e9gende du Ramayana. Un temple color\u00e9 d\u00e9di\u00e9 \u00e0 la d\u00e9esse Sita, d\u00e9cor\u00e9 de nombreuses images de divinit\u00e9s hindoues. Un lieu atmosph\u00e9rique et spirituel.<\/li>\n<li data-start=\"680\" data-end=\"713\"><strong data-start=\"1839\" data-end=\"1872\">Plantation et usine de th\u00e9. <\/strong>Introduction au processus de culture et de production du th\u00e9 de Ceylan. D\u00e9gustation de 12 vari\u00e9t\u00e9s de th\u00e9, possibilit\u00e9 d'acheter du th\u00e9 frais et de faire une photo dans le style traditionnel avec des paniers.<\/li>\n<li data-start=\"680\" data-end=\"713\"><strong data-start=\"2055\" data-end=\"2117\">D\u00eener (buffet) et nuit \u00e0 l'h\u00f4tel Tea Bush Ramboda. <\/strong>H\u00f4tel avec balcons panoramiques, vue sur les chutes d'eau et les montagnes. Un endroit id\u00e9al pour se d\u00e9tendre apr\u00e8s une journ\u00e9e bien remplie.<\/li>\n<\/ul>\n<p><strong>Jour 2<\/strong><\/p>\n<ul>\n<li data-start=\"2254\" data-end=\"2283\"><strong data-start=\"2254\" data-end=\"2281\">Petit d\u00e9jeuner (buffet)<\/strong><\/li>\n<li data-start=\"2254\" data-end=\"2283\"><strong data-start=\"2287\" data-end=\"2304\">Ambuluwawa. <\/strong>Cette tour a \u00e9t\u00e9 d\u00e9crite comme une \u00abspirale dans le ciel\u00bb. La mont\u00e9e au sommet offre une vue panoramique sur la jungle et les vall\u00e9es montagneuses.<\/li>\n<li data-start=\"2254\" data-end=\"2283\"><strong data-start=\"2423\" data-end=\"2457\">P\u00e9pini\u00e8re d'\u00e9l\u00e9phants de Pinnawala. <\/strong>Plus de 90 \u00e9l\u00e9phants vivent ici. Vous pourrez les voir se nourrir et se baigner, observer les \u00e9l\u00e9phanteaux et prendre des photos avec ces animaux \u00e9tonnants.<\/li>\n<li data-start=\"2254\" data-end=\"2283\"><strong data-start=\"2612\" data-end=\"2651\">Temple d'or de Dambulla (15 minutes). <\/strong>Un majestueux complexe bouddhiste connu pour ses anciens temples troglodytes et son immense statue de Bouddha en or.<\/li>\n<li data-start=\"2254\" data-end=\"2283\"><strong data-start=\"2775\" data-end=\"2799\">Nourrir les singes. <\/strong>Une interaction amusante et vivante avec des habitants espi\u00e8gles. Une excellente occasion de prendre des photos lumineuses et amusantes.<\/li>\n<li data-start=\"2254\" data-end=\"2283\"><strong data-start=\"2915\" data-end=\"2943\">Mont\u00e9e \u00e0 Pidurangala. <\/strong>Le dernier point fort du voyage est l'ascension du mont Pidurangala. De l\u00e0, vous pouvez voir <strong data-start=\"3031\" data-end=\"3064\">la plus belle vue de Sigiriya<\/strong>, l'une des principales attractions du Sri Lanka.<\/li>\n<li data-start=\"2254\" data-end=\"2283\"><strong>23:30 - Retour \u00e0 l'h\u00f4tel.<\/strong><\/li>\n<\/ul>\n<p><strong>Inclus :<\/strong><\/p>\n<ul>\n<li>Transferts vers et depuis l'h\u00f4tel (prise en charge \u00e0 partir de tous les h\u00f4tels de la c\u00f4te sud)<\/li>\n<li>Tous les transferts pr\u00e9vus au programme<\/li>\n<li>Guide parlant russe<\/li>\n<li>Tous les billets d'entr\u00e9e selon le programme<\/li>\n<li>Nuit \u00e0 l'h\u00f4tel Tea Bush Ramboda<\/li>\n<li>Repas : D\u00eener et petit d\u00e9jeuner<\/li>\n<\/ul>\n<p><strong>Non inclus :<\/strong><\/p>\n<ul>\n<li>D\u00e9jeuners ( 5-10$ )<\/li>\n<li>Suppl\u00e9ment pour occupation simple dans une chambre +25$<\/li>\n<\/ul>\n<p><strong>Emportez-le avec vous :<\/strong><\/p>\n<ul>\n<li>Petit-d\u00e9jeuner libre (\u00e0 commander \u00e0 l'h\u00f4tel)<\/li>\n<li>L'eau<\/li>\n<li>Coiffure<\/li>\n<li>Cr\u00e8me solaire<\/li>\n<li>Argent de poche<\/li>\n<\/ul>","protected":false},"excerpt":{"rendered":"<p><strong>Temps du Tour:<\/strong> 2 jours<\/p>\n<p><strong>Jours de D\u00e9roulement:<\/strong> Mardi, mercredi, samedi, dimanche.<\/p>","protected":false},"featured_media":58374,"template":"","meta":{"_kad_post_transparent":"default","_kad_post_title":"","_kad_post_layout":"default","_kad_post_sidebar_id":"","_kad_post_content_style":"default","_kad_post_vertical_padding":"default","_kad_post_feature":"","_kad_post_feature_position":"","_kad_post_header":false,"_kad_post_footer":false,"_kad_post_classname":"","_glsr_average":0,"_glsr_ranking":0,"_glsr_reviews":0},"product_brand":[],"product_cat":[436],"product_tag":[],"class_list":{"0":"post-58373","1":"product","2":"type-product","3":"status-publish","4":"has-post-thumbnail","6":"product_cat-srilanka","7":"tm-has-options","9":"first","10":"instock","11":"sold-individually","12":"taxable","13":"shipping-taxable","14":"purchasable","15":"product-type-simple","16":"entry","17":"content-bg","18":"loop-entry"},"yoast_head":"<!-- This site is optimized with the Yoast SEO plugin v27.3 - https:\/\/yoast.com\/product\/yoast-seo-wordpress\/ -->\n<title>\u041b\u0430\u043d\u043a\u0438\u0439\u0441\u043a\u0438\u0439 \u044d\u043a\u0441\u043f\u0440\u0435\u0441\u0441 \u041f\u043b\u044e\u0441 (\u0441 \u041f\u0438\u0434\u0443\u0440\u0430\u043d\u0433\u0430\u043b\u0430) 2 \u0434\u043d\u044f &#8226; \u042d\u043a\u0441\u043a\u0443\u0440\u0441\u0438\u0438 Skyline<\/title>\n<meta name=\"robots\" content=\"index, follow, max-snippet:-1, max-image-preview:large, max-video-preview:-1\" \/>\n<link rel=\"canonical\" href=\"https:\/\/skyline-gs.com\/fr\/produit\/sri-lanka-mosaic-pro-pidurangala-srilanka\/\" \/>\n<meta property=\"og:locale\" content=\"fr_FR\" \/>\n<meta property=\"og:type\" content=\"article\" \/>\n<meta property=\"og:title\" content=\"\u041b\u0430\u043d\u043a\u0438\u0439\u0441\u043a\u0438\u0439 \u044d\u043a\u0441\u043f\u0440\u0435\u0441\u0441 \u041f\u043b\u044e\u0441 (\u0441 \u041f\u0438\u0434\u0443\u0440\u0430\u043d\u0433\u0430\u043b\u0430) 2 \u0434\u043d\u044f &#8226; \u042d\u043a\u0441\u043a\u0443\u0440\u0441\u0438\u0438 Skyline\" \/>\n<meta property=\"og:description\" content=\"\u0412\u0440\u0435\u043c\u044f \u0442\u0443\u0440\u0430: 2 \u0434\u043d\u044f  \u0414\u043d\u0438 \u043f\u0440\u043e\u0432\u0435\u0434\u0435\u043d\u0438\u044f: \u0412\u0442\u043e\u0440\u043d\u0438\u043a, \u0421\u0440\u0435\u0434\u0430, \u0421\u0443\u0431\u0431\u043e\u0442\u0430, \u0412\u043e\u0441\u043a\u0440\u0435\u0441\u0435\u043d\u044c\u0435\" \/>\n<meta property=\"og:url\" content=\"https:\/\/skyline-gs.com\/fr\/produit\/sri-lanka-mosaic-pro-pidurangala-srilanka\/\" \/>\n<meta property=\"og:site_name\" content=\"\u042d\u043a\u0441\u043a\u0443\u0440\u0441\u0438\u0438 Skyline\" \/>\n<meta property=\"article:modified_time\" content=\"2026-03-09T21:37:38+00:00\" \/>\n<meta property=\"og:image\" content=\"https:\/\/skyline-gs.com\/wp-content\/uploads\/2024\/10\/58.jpg\" \/>\n\t<meta property=\"og:image:width\" content=\"668\" \/>\n\t<meta property=\"og:image:height\" content=\"446\" \/>\n\t<meta property=\"og:image:type\" content=\"image\/jpeg\" \/>\n<meta name=\"twitter:card\" content=\"summary_large_image\" \/>\n<meta name=\"twitter:label1\" content=\"Dur\u00e9e de lecture estim\u00e9e\" \/>\n\t<meta name=\"twitter:data1\" content=\"3 minutes\" \/>\n<script type=\"application\/ld+json\" class=\"yoast-schema-graph\">{\"@context\":\"https:\\\/\\\/schema.org\",\"@graph\":[{\"@type\":\"WebPage\",\"@id\":\"https:\\\/\\\/skyline-gs.com\\\/product\\\/sri-lanka-mosaic-pro-pidurangala-srilanka\\\/\",\"url\":\"https:\\\/\\\/skyline-gs.com\\\/product\\\/sri-lanka-mosaic-pro-pidurangala-srilanka\\\/\",\"name\":\"\u041b\u0430\u043d\u043a\u0438\u0439\u0441\u043a\u0438\u0439 \u044d\u043a\u0441\u043f\u0440\u0435\u0441\u0441 \u041f\u043b\u044e\u0441 (\u0441 \u041f\u0438\u0434\u0443\u0440\u0430\u043d\u0433\u0430\u043b\u0430) 2 \u0434\u043d\u044f &#8226; \u042d\u043a\u0441\u043a\u0443\u0440\u0441\u0438\u0438 Skyline\",\"isPartOf\":{\"@id\":\"https:\\\/\\\/skyline-gs.com\\\/it\\\/#website\"},\"primaryImageOfPage\":{\"@id\":\"https:\\\/\\\/skyline-gs.com\\\/product\\\/sri-lanka-mosaic-pro-pidurangala-srilanka\\\/#primaryimage\"},\"image\":{\"@id\":\"https:\\\/\\\/skyline-gs.com\\\/product\\\/sri-lanka-mosaic-pro-pidurangala-srilanka\\\/#primaryimage\"},\"thumbnailUrl\":\"https:\\\/\\\/skyline-gs.com\\\/wp-content\\\/uploads\\\/2024\\\/10\\\/58.jpg\",\"datePublished\":\"2024-10-22T11:03:22+00:00\",\"dateModified\":\"2026-03-09T21:37:38+00:00\",\"breadcrumb\":{\"@id\":\"https:\\\/\\\/skyline-gs.com\\\/product\\\/sri-lanka-mosaic-pro-pidurangala-srilanka\\\/#breadcrumb\"},\"inLanguage\":\"fr-FR\",\"potentialAction\":[{\"@type\":\"ReadAction\",\"target\":[\"https:\\\/\\\/skyline-gs.com\\\/product\\\/sri-lanka-mosaic-pro-pidurangala-srilanka\\\/\"]}]},{\"@type\":\"ImageObject\",\"inLanguage\":\"fr-FR\",\"@id\":\"https:\\\/\\\/skyline-gs.com\\\/product\\\/sri-lanka-mosaic-pro-pidurangala-srilanka\\\/#primaryimage\",\"url\":\"https:\\\/\\\/skyline-gs.com\\\/wp-content\\\/uploads\\\/2024\\\/10\\\/58.jpg\",\"contentUrl\":\"https:\\\/\\\/skyline-gs.com\\\/wp-content\\\/uploads\\\/2024\\\/10\\\/58.jpg\",\"width\":668,\"height\":446},{\"@type\":\"BreadcrumbList\",\"@id\":\"https:\\\/\\\/skyline-gs.com\\\/product\\\/sri-lanka-mosaic-pro-pidurangala-srilanka\\\/#breadcrumb\",\"itemListElement\":[{\"@type\":\"ListItem\",\"position\":1,\"name\":\"\u0413\u043b\u0430\u0432\u043d\u0430\u044f \u0441\u0442\u0440\u0430\u043d\u0438\u0446\u0430\",\"item\":\"https:\\\/\\\/skyline-gs.com\\\/hu\\\/\"},{\"@type\":\"ListItem\",\"position\":2,\"name\":\"\u041c\u0430\u0433\u0430\u0437\u0438\u043d\",\"item\":\"https:\\\/\\\/skyline-gs.com\\\/cs\\\/shop\\\/\"},{\"@type\":\"ListItem\",\"position\":3,\"name\":\"\u041b\u0430\u043d\u043a\u0438\u0439\u0441\u043a\u0438\u0439 \u044d\u043a\u0441\u043f\u0440\u0435\u0441\u0441 \u041f\u043b\u044e\u0441 (\u0441 \u041f\u0438\u0434\u0443\u0440\u0430\u043d\u0433\u0430\u043b\u0430) 2 \u0434\u043d\u044f\"}]},{\"@type\":\"WebSite\",\"@id\":\"https:\\\/\\\/skyline-gs.com\\\/it\\\/#website\",\"url\":\"https:\\\/\\\/skyline-gs.com\\\/it\\\/\",\"name\":\"\u042d\u043a\u0441\u043a\u0443\u0440\u0441\u0438\u0438 Skyline\",\"description\":\"\u042d\u043a\u0441\u043a\u043b\u044e\u0437\u0438\u0432\u043d\u044b\u0435 \u044d\u043a\u0441\u043a\u0443\u0440\u0441\u0438\u0438 \u043d\u0430 \u043b\u0443\u0447\u0448\u0438\u0445 \u043a\u0443\u0440\u043e\u0440\u0442\u0430\u0445 \u043c\u0438\u0440\u0430\",\"publisher\":{\"@id\":\"https:\\\/\\\/skyline-gs.com\\\/it\\\/#organization\"},\"alternateName\":\"Skyline\",\"potentialAction\":[{\"@type\":\"SearchAction\",\"target\":{\"@type\":\"EntryPoint\",\"urlTemplate\":\"https:\\\/\\\/skyline-gs.com\\\/it\\\/?s={search_term_string}\"},\"query-input\":{\"@type\":\"PropertyValueSpecification\",\"valueRequired\":true,\"valueName\":\"search_term_string\"}}],\"inLanguage\":\"fr-FR\"},{\"@type\":\"Organization\",\"@id\":\"https:\\\/\\\/skyline-gs.com\\\/it\\\/#organization\",\"name\":\"\u042d\u043a\u0441\u043a\u0443\u0440\u0441\u0438\u0438 Skyline\",\"alternateName\":\"\u042d\u043a\u0441\u043a\u0443\u0440\u0441\u0438\u0438 Skyline\",\"url\":\"https:\\\/\\\/skyline-gs.com\\\/it\\\/\",\"logo\":{\"@type\":\"ImageObject\",\"inLanguage\":\"fr-FR\",\"@id\":\"https:\\\/\\\/skyline-gs.com\\\/it\\\/#\\\/schema\\\/logo\\\/image\\\/\",\"url\":\"https:\\\/\\\/skyline-gs.com\\\/wp-content\\\/uploads\\\/2020\\\/12\\\/cropped-logo-2.png\",\"contentUrl\":\"https:\\\/\\\/skyline-gs.com\\\/wp-content\\\/uploads\\\/2020\\\/12\\\/cropped-logo-2.png\",\"width\":512,\"height\":512,\"caption\":\"\u042d\u043a\u0441\u043a\u0443\u0440\u0441\u0438\u0438 Skyline\"},\"image\":{\"@id\":\"https:\\\/\\\/skyline-gs.com\\\/it\\\/#\\\/schema\\\/logo\\\/image\\\/\"},\"sameAs\":[\"https:\\\/\\\/www.instagram.com\\\/skylineglobalservice\\\/\"]}]}<\/script>\n<!-- \/ Yoast SEO plugin. -->","yoast_head_json":{"title":"Lanka Express Plus (de Pidurangala) 2 jours - Skyline Excursions","robots":{"index":"index","follow":"follow","max-snippet":"max-snippet:-1","max-image-preview":"max-image-preview:large","max-video-preview":"max-video-preview:-1"},"canonical":"https:\/\/skyline-gs.com\/fr\/produit\/sri-lanka-mosaic-pro-pidurangala-srilanka\/","og_locale":"fr_FR","og_type":"article","og_title":"\u041b\u0430\u043d\u043a\u0438\u0439\u0441\u043a\u0438\u0439 \u044d\u043a\u0441\u043f\u0440\u0435\u0441\u0441 \u041f\u043b\u044e\u0441 (\u0441 \u041f\u0438\u0434\u0443\u0440\u0430\u043d\u0433\u0430\u043b\u0430) 2 \u0434\u043d\u044f &#8226; \u042d\u043a\u0441\u043a\u0443\u0440\u0441\u0438\u0438 Skyline","og_description":"\u0412\u0440\u0435\u043c\u044f \u0442\u0443\u0440\u0430: 2 \u0434\u043d\u044f  \u0414\u043d\u0438 \u043f\u0440\u043e\u0432\u0435\u0434\u0435\u043d\u0438\u044f: \u0412\u0442\u043e\u0440\u043d\u0438\u043a, \u0421\u0440\u0435\u0434\u0430, \u0421\u0443\u0431\u0431\u043e\u0442\u0430, \u0412\u043e\u0441\u043a\u0440\u0435\u0441\u0435\u043d\u044c\u0435","og_url":"https:\/\/skyline-gs.com\/fr\/produit\/sri-lanka-mosaic-pro-pidurangala-srilanka\/","og_site_name":"\u042d\u043a\u0441\u043a\u0443\u0440\u0441\u0438\u0438 Skyline","article_modified_time":"2026-03-09T21:37:38+00:00","og_image":[{"width":668,"height":446,"url":"https:\/\/skyline-gs.com\/wp-content\/uploads\/2024\/10\/58.jpg","type":"image\/jpeg"}],"twitter_card":"summary_large_image","twitter_misc":{"Dur\u00e9e de lecture estim\u00e9e":"3 minutes"},"schema":{"@context":"https:\/\/schema.org","@graph":[{"@type":"WebPage","@id":"https:\/\/skyline-gs.com\/product\/sri-lanka-mosaic-pro-pidurangala-srilanka\/","url":"https:\/\/skyline-gs.com\/product\/sri-lanka-mosaic-pro-pidurangala-srilanka\/","name":"Lanka Express Plus (de Pidurangala) 2 jours - Skyline Excursions","isPartOf":{"@id":"https:\/\/skyline-gs.com\/it\/#website"},"primaryImageOfPage":{"@id":"https:\/\/skyline-gs.com\/product\/sri-lanka-mosaic-pro-pidurangala-srilanka\/#primaryimage"},"image":{"@id":"https:\/\/skyline-gs.com\/product\/sri-lanka-mosaic-pro-pidurangala-srilanka\/#primaryimage"},"thumbnailUrl":"https:\/\/skyline-gs.com\/wp-content\/uploads\/2024\/10\/58.jpg","datePublished":"2024-10-22T11:03:22+00:00","dateModified":"2026-03-09T21:37:38+00:00","breadcrumb":{"@id":"https:\/\/skyline-gs.com\/product\/sri-lanka-mosaic-pro-pidurangala-srilanka\/#breadcrumb"},"inLanguage":"fr-FR","potentialAction":[{"@type":"ReadAction","target":["https:\/\/skyline-gs.com\/product\/sri-lanka-mosaic-pro-pidurangala-srilanka\/"]}]},{"@type":"ImageObject","inLanguage":"fr-FR","@id":"https:\/\/skyline-gs.com\/product\/sri-lanka-mosaic-pro-pidurangala-srilanka\/#primaryimage","url":"https:\/\/skyline-gs.com\/wp-content\/uploads\/2024\/10\/58.jpg","contentUrl":"https:\/\/skyline-gs.com\/wp-content\/uploads\/2024\/10\/58.jpg","width":668,"height":446},{"@type":"BreadcrumbList","@id":"https:\/\/skyline-gs.com\/product\/sri-lanka-mosaic-pro-pidurangala-srilanka\/#breadcrumb","itemListElement":[{"@type":"ListItem","position":1,"name":"\u0413\u043b\u0430\u0432\u043d\u0430\u044f \u0441\u0442\u0440\u0430\u043d\u0438\u0446\u0430","item":"https:\/\/skyline-gs.com\/hu\/"},{"@type":"ListItem","position":2,"name":"\u041c\u0430\u0433\u0430\u0437\u0438\u043d","item":"https:\/\/skyline-gs.com\/cs\/shop\/"},{"@type":"ListItem","position":3,"name":"\u041b\u0430\u043d\u043a\u0438\u0439\u0441\u043a\u0438\u0439 \u044d\u043a\u0441\u043f\u0440\u0435\u0441\u0441 \u041f\u043b\u044e\u0441 (\u0441 \u041f\u0438\u0434\u0443\u0440\u0430\u043d\u0433\u0430\u043b\u0430) 2 \u0434\u043d\u044f"}]},{"@type":"WebSite","@id":"https:\/\/skyline-gs.com\/it\/#website","url":"https:\/\/skyline-gs.com\/it\/","name":"Excursions Skyline","description":"Excursions exclusives dans les meilleurs centres de vill\u00e9giature du monde","publisher":{"@id":"https:\/\/skyline-gs.com\/it\/#organization"},"alternateName":"Skyline","potentialAction":[{"@type":"SearchAction","target":{"@type":"EntryPoint","urlTemplate":"https:\/\/skyline-gs.com\/it\/?s={search_term_string}"},"query-input":{"@type":"PropertyValueSpecification","valueRequired":true,"valueName":"search_term_string"}}],"inLanguage":"fr-FR"},{"@type":"Organization","@id":"https:\/\/skyline-gs.com\/it\/#organization","name":"Excursions Skyline","alternateName":"\u042d\u043a\u0441\u043a\u0443\u0440\u0441\u0438\u0438 Skyline","url":"https:\/\/skyline-gs.com\/it\/","logo":{"@type":"ImageObject","inLanguage":"fr-FR","@id":"https:\/\/skyline-gs.com\/it\/#\/schema\/logo\/image\/","url":"https:\/\/skyline-gs.com\/wp-content\/uploads\/2020\/12\/cropped-logo-2.png","contentUrl":"https:\/\/skyline-gs.com\/wp-content\/uploads\/2020\/12\/cropped-logo-2.png","width":512,"height":512,"caption":"\u042d\u043a\u0441\u043a\u0443\u0440\u0441\u0438\u0438 Skyline"},"image":{"@id":"https:\/\/skyline-gs.com\/it\/#\/schema\/logo\/image\/"},"sameAs":["https:\/\/www.instagram.com\/skylineglobalservice\/"]}]}},"_links":{"self":[{"href":"https:\/\/skyline-gs.com\/fr\/wp-json\/wp\/v2\/product\/58373","targetHints":{"allow":["GET"]}}],"collection":[{"href":"https:\/\/skyline-gs.com\/fr\/wp-json\/wp\/v2\/product"}],"about":[{"href":"https:\/\/skyline-gs.com\/fr\/wp-json\/wp\/v2\/types\/product"}],"version-history":[{"count":0,"href":"https:\/\/skyline-gs.com\/fr\/wp-json\/wp\/v2\/product\/58373\/revisions"}],"wp:featuredmedia":[{"embeddable":true,"href":"https:\/\/skyline-gs.com\/fr\/wp-json\/wp\/v2\/media\/58374"}],"wp:attachment":[{"href":"https:\/\/skyline-gs.com\/fr\/wp-json\/wp\/v2\/media?parent=58373"}],"wp:term":[{"taxonomy":"product_brand","embeddable":true,"href":"https:\/\/skyline-gs.com\/fr\/wp-json\/wp\/v2\/product_brand?post=58373"},{"taxonomy":"product_cat","embeddable":true,"href":"https:\/\/skyline-gs.com\/fr\/wp-json\/wp\/v2\/product_cat?post=58373"},{"taxonomy":"product_tag","embeddable":true,"href":"https:\/\/skyline-gs.com\/fr\/wp-json\/wp\/v2\/product_tag?post=58373"}],"curies":[{"name":"wp","href":"https:\/\/api.w.org\/{rel}","templated":true}]}}