{"id":57888,"date":"2024-10-05T17:02:12","date_gmt":"2024-10-05T15:02:12","guid":{"rendered":"http:\/\/skyline-gs.com\/?post_type=product&#038;p=57888"},"modified":"2026-04-03T11:47:03","modified_gmt":"2026-04-03T09:47:03","slug":"bella-vita-sharm","status":"publish","type":"product","link":"https:\/\/skyline-gs.com\/fr\/product\/bella-vita-sharm\/","title":{"rendered":"Le yacht Bella Vita"},"content":{"rendered":"<div>Sentez-vous sp\u00e9cial lors d'une excursion en bateau organis\u00e9e uniquement pour vous et vos proches.<\/div>\n<div><\/div>\n<div>\n<p>8:00 Transfert de l'h\u00f4tel au port. 9:00 Embarquement sur le yacht. Notre guide sera \u00e0 votre service \u00e0 bord pour vous montrer les plus beaux r\u00e9cifs coralliens et organiser les escales sur les \u00eeles. Prenez un bain de soleil sur les chaises longues et d\u00e9tendez-vous au son des vagues. Un d\u00e9licieux d\u00e9jeuner vous sera servi \u00e0 bord du bateau et des rafra\u00eechissements seront disponibles tout au long de la journ\u00e9e. Vers 16h30, transfert de retour \u00e0 l'h\u00f4tel.<\/p>\n<p><strong>Inclus :<\/strong><\/p>\n<ul>\n<li>Transferts depuis et vers l'h\u00f4tel<\/li>\n<li>Location de bateaux et d'\u00e9quipages<\/li>\n<li>D\u00e9jeuner et boissons non alcoolis\u00e9es<\/li>\n<li>Arr\u00eats de plong\u00e9e avec masque et tuba<\/li>\n<\/ul>\n<\/div>\n<p><strong>Non inclus :<\/strong><\/p>\n<ul>\n<li>\n<div>Location de mat\u00e9riel de plong\u00e9e avec tuba : masque, palmes, gilet de sauvetage (payable sur demande)<\/div>\n<\/li>\n<\/ul>\n<p><strong>Emportez-le avec vous :<\/strong><\/p>\n<ul>\n<li>cam\u00e9ra photo-vid\u00e9o<\/li>\n<li>Coiffure<\/li>\n<li>Serviette<\/li>\n<li>Maillot de bain, slip de bain<\/li>\n<li>Cr\u00e8me solaire<\/li>\n<\/ul>\n<p><strong>R\u00e9servations :<\/strong><\/p>\n<p>\u0414\u043b\u044f \u043e\u0444\u043e\u0440\u043c\u043b\u0435\u043d\u0438\u044f \u0442\u0443\u0440\u0438\u0441\u0442\u0438\u0447\u0435\u0441\u043a\u043e\u0433\u043e \u0440\u0430\u0437\u0440\u0435\u0448\u0435\u043d\u0438\u044f \u0442\u0440\u0435\u0431\u0443\u0435\u0442\u0441\u044f \u043f\u0440\u0435\u0434\u043e\u0441\u0442\u0430\u0432\u0438\u0442\u044c \u0444\u043e\u0442\u043e\u043a\u043e\u043f\u0438\u0438 \u043f\u0430\u0441\u043f\u043e\u0440\u0442\u043e\u0432 \u0432\u0441\u0435\u0445 \u0443\u0447\u0430\u0441\u0442\u043d\u0438\u043a\u043e\u0432 \u0442\u0443\u0440\u0430, \u0430 \u0442\u0430\u043a\u0436\u0435 <strong>\u0432\u043d\u0435\u0441\u0442\u0438 \u043f\u0440\u0435\u0434\u043e\u043f\u043b\u0430\u0442\u0443 \u0432 \u0440\u0430\u0437\u043c\u0435\u0440\u0435 100%.<\/strong><\/p>","protected":false},"excerpt":{"rendered":"<p><strong>Dur\u00e9e du bail :<\/strong> 7 heures<\/p>\n<p><strong>Capacit\u00e9 : <\/strong>20 personnes<\/p>","protected":false},"featured_media":57889,"template":"","meta":{"_kad_post_transparent":"default","_kad_post_title":"","_kad_post_layout":"default","_kad_post_sidebar_id":"","_kad_post_content_style":"default","_kad_post_vertical_padding":"default","_kad_post_feature":"","_kad_post_feature_position":"","_kad_post_header":false,"_kad_post_footer":false,"_kad_post_classname":"","_glsr_average":0,"_glsr_ranking":0,"_glsr_reviews":0},"product_brand":[],"product_cat":[475,435],"product_tag":[],"class_list":{"0":"post-57888","1":"product","2":"type-product","3":"status-publish","4":"has-post-thumbnail","6":"product_cat-yacht-in-sharm","7":"product_cat-sharm-el-sheikh","8":"tm-has-options","10":"first","11":"instock","12":"sold-individually","13":"taxable","14":"shipping-taxable","15":"purchasable","16":"product-type-simple","17":"entry","18":"content-bg","19":"loop-entry"},"yoast_head":"<!-- This site is optimized with the Yoast SEO plugin v27.3 - https:\/\/yoast.com\/product\/yoast-seo-wordpress\/ -->\n<title>\u042f\u0445\u0442\u0430 Bella Vita &#8226; \u042d\u043a\u0441\u043a\u0443\u0440\u0441\u0438\u0438 Skyline<\/title>\n<meta name=\"robots\" content=\"index, follow, max-snippet:-1, max-image-preview:large, max-video-preview:-1\" \/>\n<link rel=\"canonical\" href=\"https:\/\/skyline-gs.com\/fr\/produit\/bella-vita-sharm\/\" \/>\n<meta property=\"og:locale\" content=\"fr_FR\" \/>\n<meta property=\"og:type\" content=\"article\" \/>\n<meta property=\"og:title\" content=\"\u042f\u0445\u0442\u0430 Bella Vita &#8226; \u042d\u043a\u0441\u043a\u0443\u0440\u0441\u0438\u0438 Skyline\" \/>\n<meta property=\"og:description\" content=\"\u0414\u043b\u0438\u0442\u0435\u043b\u044c\u043d\u043e\u0441\u0442\u044c \u0430\u0440\u0435\u043d\u0434\u044b: 7 \u0447\u0430\u0441\u043e\u0432  \u0412\u043c\u0435\u0441\u0442\u0438\u0442\u0435\u043b\u044c\u043d\u043e\u0441\u0442\u044c: 20 \u0447\u0435\u043b\u043e\u0432\u0435\u043a\" \/>\n<meta property=\"og:url\" content=\"https:\/\/skyline-gs.com\/fr\/produit\/bella-vita-sharm\/\" \/>\n<meta property=\"og:site_name\" content=\"\u042d\u043a\u0441\u043a\u0443\u0440\u0441\u0438\u0438 Skyline\" \/>\n<meta property=\"article:modified_time\" content=\"2026-04-03T09:47:03+00:00\" \/>\n<meta property=\"og:image\" content=\"https:\/\/skyline-gs.com\/wp-content\/uploads\/2024\/10\/6.png\" \/>\n\t<meta property=\"og:image:width\" content=\"669\" \/>\n\t<meta property=\"og:image:height\" content=\"446\" \/>\n\t<meta property=\"og:image:type\" content=\"image\/png\" \/>\n<meta name=\"twitter:card\" content=\"summary_large_image\" \/>\n<meta name=\"twitter:label1\" content=\"Dur\u00e9e de lecture estim\u00e9e\" \/>\n\t<meta name=\"twitter:data1\" content=\"1 minute\" \/>\n<script type=\"application\/ld+json\" class=\"yoast-schema-graph\">{\"@context\":\"https:\\\/\\\/schema.org\",\"@graph\":[{\"@type\":\"WebPage\",\"@id\":\"https:\\\/\\\/skyline-gs.com\\\/product\\\/bella-vita-sharm\\\/\",\"url\":\"https:\\\/\\\/skyline-gs.com\\\/product\\\/bella-vita-sharm\\\/\",\"name\":\"\u042f\u0445\u0442\u0430 Bella Vita &#8226; \u042d\u043a\u0441\u043a\u0443\u0440\u0441\u0438\u0438 Skyline\",\"isPartOf\":{\"@id\":\"https:\\\/\\\/skyline-gs.com\\\/it\\\/#website\"},\"primaryImageOfPage\":{\"@id\":\"https:\\\/\\\/skyline-gs.com\\\/product\\\/bella-vita-sharm\\\/#primaryimage\"},\"image\":{\"@id\":\"https:\\\/\\\/skyline-gs.com\\\/product\\\/bella-vita-sharm\\\/#primaryimage\"},\"thumbnailUrl\":\"https:\\\/\\\/skyline-gs.com\\\/wp-content\\\/uploads\\\/2024\\\/10\\\/6.png\",\"datePublished\":\"2024-10-05T15:02:12+00:00\",\"dateModified\":\"2026-04-03T09:47:03+00:00\",\"breadcrumb\":{\"@id\":\"https:\\\/\\\/skyline-gs.com\\\/product\\\/bella-vita-sharm\\\/#breadcrumb\"},\"inLanguage\":\"fr-FR\",\"potentialAction\":[{\"@type\":\"ReadAction\",\"target\":[\"https:\\\/\\\/skyline-gs.com\\\/product\\\/bella-vita-sharm\\\/\"]}]},{\"@type\":\"ImageObject\",\"inLanguage\":\"fr-FR\",\"@id\":\"https:\\\/\\\/skyline-gs.com\\\/product\\\/bella-vita-sharm\\\/#primaryimage\",\"url\":\"https:\\\/\\\/skyline-gs.com\\\/wp-content\\\/uploads\\\/2024\\\/10\\\/6.png\",\"contentUrl\":\"https:\\\/\\\/skyline-gs.com\\\/wp-content\\\/uploads\\\/2024\\\/10\\\/6.png\",\"width\":669,\"height\":446},{\"@type\":\"BreadcrumbList\",\"@id\":\"https:\\\/\\\/skyline-gs.com\\\/product\\\/bella-vita-sharm\\\/#breadcrumb\",\"itemListElement\":[{\"@type\":\"ListItem\",\"position\":1,\"name\":\"\u0413\u043b\u0430\u0432\u043d\u0430\u044f \u0441\u0442\u0440\u0430\u043d\u0438\u0446\u0430\",\"item\":\"https:\\\/\\\/skyline-gs.com\\\/hu\\\/\"},{\"@type\":\"ListItem\",\"position\":2,\"name\":\"\u041c\u0430\u0433\u0430\u0437\u0438\u043d\",\"item\":\"https:\\\/\\\/skyline-gs.com\\\/cs\\\/shop\\\/\"},{\"@type\":\"ListItem\",\"position\":3,\"name\":\"\u042f\u0445\u0442\u0430 Bella Vita\"}]},{\"@type\":\"WebSite\",\"@id\":\"https:\\\/\\\/skyline-gs.com\\\/it\\\/#website\",\"url\":\"https:\\\/\\\/skyline-gs.com\\\/it\\\/\",\"name\":\"\u042d\u043a\u0441\u043a\u0443\u0440\u0441\u0438\u0438 Skyline\",\"description\":\"\u042d\u043a\u0441\u043a\u043b\u044e\u0437\u0438\u0432\u043d\u044b\u0435 \u044d\u043a\u0441\u043a\u0443\u0440\u0441\u0438\u0438 \u043d\u0430 \u043b\u0443\u0447\u0448\u0438\u0445 \u043a\u0443\u0440\u043e\u0440\u0442\u0430\u0445 \u043c\u0438\u0440\u0430\",\"publisher\":{\"@id\":\"https:\\\/\\\/skyline-gs.com\\\/it\\\/#organization\"},\"alternateName\":\"Skyline\",\"potentialAction\":[{\"@type\":\"SearchAction\",\"target\":{\"@type\":\"EntryPoint\",\"urlTemplate\":\"https:\\\/\\\/skyline-gs.com\\\/it\\\/?s={search_term_string}\"},\"query-input\":{\"@type\":\"PropertyValueSpecification\",\"valueRequired\":true,\"valueName\":\"search_term_string\"}}],\"inLanguage\":\"fr-FR\"},{\"@type\":\"Organization\",\"@id\":\"https:\\\/\\\/skyline-gs.com\\\/it\\\/#organization\",\"name\":\"\u042d\u043a\u0441\u043a\u0443\u0440\u0441\u0438\u0438 Skyline\",\"alternateName\":\"\u042d\u043a\u0441\u043a\u0443\u0440\u0441\u0438\u0438 Skyline\",\"url\":\"https:\\\/\\\/skyline-gs.com\\\/it\\\/\",\"logo\":{\"@type\":\"ImageObject\",\"inLanguage\":\"fr-FR\",\"@id\":\"https:\\\/\\\/skyline-gs.com\\\/it\\\/#\\\/schema\\\/logo\\\/image\\\/\",\"url\":\"https:\\\/\\\/skyline-gs.com\\\/wp-content\\\/uploads\\\/2020\\\/12\\\/cropped-logo-2.png\",\"contentUrl\":\"https:\\\/\\\/skyline-gs.com\\\/wp-content\\\/uploads\\\/2020\\\/12\\\/cropped-logo-2.png\",\"width\":512,\"height\":512,\"caption\":\"\u042d\u043a\u0441\u043a\u0443\u0440\u0441\u0438\u0438 Skyline\"},\"image\":{\"@id\":\"https:\\\/\\\/skyline-gs.com\\\/it\\\/#\\\/schema\\\/logo\\\/image\\\/\"},\"sameAs\":[\"https:\\\/\\\/www.instagram.com\\\/skylineglobalservice\\\/\"]}]}<\/script>\n<!-- \/ Yoast SEO plugin. -->","yoast_head_json":{"title":"\u042f\u0445\u0442\u0430 Bella Vita &#8226; \u042d\u043a\u0441\u043a\u0443\u0440\u0441\u0438\u0438 Skyline","robots":{"index":"index","follow":"follow","max-snippet":"max-snippet:-1","max-image-preview":"max-image-preview:large","max-video-preview":"max-video-preview:-1"},"canonical":"https:\/\/skyline-gs.com\/fr\/produit\/bella-vita-sharm\/","og_locale":"fr_FR","og_type":"article","og_title":"\u042f\u0445\u0442\u0430 Bella Vita &#8226; \u042d\u043a\u0441\u043a\u0443\u0440\u0441\u0438\u0438 Skyline","og_description":"\u0414\u043b\u0438\u0442\u0435\u043b\u044c\u043d\u043e\u0441\u0442\u044c \u0430\u0440\u0435\u043d\u0434\u044b: 7 \u0447\u0430\u0441\u043e\u0432  \u0412\u043c\u0435\u0441\u0442\u0438\u0442\u0435\u043b\u044c\u043d\u043e\u0441\u0442\u044c: 20 \u0447\u0435\u043b\u043e\u0432\u0435\u043a","og_url":"https:\/\/skyline-gs.com\/fr\/produit\/bella-vita-sharm\/","og_site_name":"\u042d\u043a\u0441\u043a\u0443\u0440\u0441\u0438\u0438 Skyline","article_modified_time":"2026-04-03T09:47:03+00:00","og_image":[{"width":669,"height":446,"url":"https:\/\/skyline-gs.com\/wp-content\/uploads\/2024\/10\/6.png","type":"image\/png"}],"twitter_card":"summary_large_image","twitter_misc":{"Dur\u00e9e de lecture estim\u00e9e":"1 minute"},"schema":{"@context":"https:\/\/schema.org","@graph":[{"@type":"WebPage","@id":"https:\/\/skyline-gs.com\/product\/bella-vita-sharm\/","url":"https:\/\/skyline-gs.com\/product\/bella-vita-sharm\/","name":"\u042f\u0445\u0442\u0430 Bella Vita &#8226; \u042d\u043a\u0441\u043a\u0443\u0440\u0441\u0438\u0438 Skyline","isPartOf":{"@id":"https:\/\/skyline-gs.com\/it\/#website"},"primaryImageOfPage":{"@id":"https:\/\/skyline-gs.com\/product\/bella-vita-sharm\/#primaryimage"},"image":{"@id":"https:\/\/skyline-gs.com\/product\/bella-vita-sharm\/#primaryimage"},"thumbnailUrl":"https:\/\/skyline-gs.com\/wp-content\/uploads\/2024\/10\/6.png","datePublished":"2024-10-05T15:02:12+00:00","dateModified":"2026-04-03T09:47:03+00:00","breadcrumb":{"@id":"https:\/\/skyline-gs.com\/product\/bella-vita-sharm\/#breadcrumb"},"inLanguage":"fr-FR","potentialAction":[{"@type":"ReadAction","target":["https:\/\/skyline-gs.com\/product\/bella-vita-sharm\/"]}]},{"@type":"ImageObject","inLanguage":"fr-FR","@id":"https:\/\/skyline-gs.com\/product\/bella-vita-sharm\/#primaryimage","url":"https:\/\/skyline-gs.com\/wp-content\/uploads\/2024\/10\/6.png","contentUrl":"https:\/\/skyline-gs.com\/wp-content\/uploads\/2024\/10\/6.png","width":669,"height":446},{"@type":"BreadcrumbList","@id":"https:\/\/skyline-gs.com\/product\/bella-vita-sharm\/#breadcrumb","itemListElement":[{"@type":"ListItem","position":1,"name":"\u0413\u043b\u0430\u0432\u043d\u0430\u044f \u0441\u0442\u0440\u0430\u043d\u0438\u0446\u0430","item":"https:\/\/skyline-gs.com\/hu\/"},{"@type":"ListItem","position":2,"name":"\u041c\u0430\u0433\u0430\u0437\u0438\u043d","item":"https:\/\/skyline-gs.com\/cs\/shop\/"},{"@type":"ListItem","position":3,"name":"\u042f\u0445\u0442\u0430 Bella Vita"}]},{"@type":"WebSite","@id":"https:\/\/skyline-gs.com\/it\/#website","url":"https:\/\/skyline-gs.com\/it\/","name":"Excursions Skyline","description":"Excursions exclusives dans les meilleurs centres de vill\u00e9giature du monde","publisher":{"@id":"https:\/\/skyline-gs.com\/it\/#organization"},"alternateName":"Skyline","potentialAction":[{"@type":"SearchAction","target":{"@type":"EntryPoint","urlTemplate":"https:\/\/skyline-gs.com\/it\/?s={search_term_string}"},"query-input":{"@type":"PropertyValueSpecification","valueRequired":true,"valueName":"search_term_string"}}],"inLanguage":"fr-FR"},{"@type":"Organization","@id":"https:\/\/skyline-gs.com\/it\/#organization","name":"Excursions Skyline","alternateName":"\u042d\u043a\u0441\u043a\u0443\u0440\u0441\u0438\u0438 Skyline","url":"https:\/\/skyline-gs.com\/it\/","logo":{"@type":"ImageObject","inLanguage":"fr-FR","@id":"https:\/\/skyline-gs.com\/it\/#\/schema\/logo\/image\/","url":"https:\/\/skyline-gs.com\/wp-content\/uploads\/2020\/12\/cropped-logo-2.png","contentUrl":"https:\/\/skyline-gs.com\/wp-content\/uploads\/2020\/12\/cropped-logo-2.png","width":512,"height":512,"caption":"\u042d\u043a\u0441\u043a\u0443\u0440\u0441\u0438\u0438 Skyline"},"image":{"@id":"https:\/\/skyline-gs.com\/it\/#\/schema\/logo\/image\/"},"sameAs":["https:\/\/www.instagram.com\/skylineglobalservice\/"]}]}},"_links":{"self":[{"href":"https:\/\/skyline-gs.com\/fr\/wp-json\/wp\/v2\/product\/57888","targetHints":{"allow":["GET"]}}],"collection":[{"href":"https:\/\/skyline-gs.com\/fr\/wp-json\/wp\/v2\/product"}],"about":[{"href":"https:\/\/skyline-gs.com\/fr\/wp-json\/wp\/v2\/types\/product"}],"version-history":[{"count":0,"href":"https:\/\/skyline-gs.com\/fr\/wp-json\/wp\/v2\/product\/57888\/revisions"}],"wp:featuredmedia":[{"embeddable":true,"href":"https:\/\/skyline-gs.com\/fr\/wp-json\/wp\/v2\/media\/57889"}],"wp:attachment":[{"href":"https:\/\/skyline-gs.com\/fr\/wp-json\/wp\/v2\/media?parent=57888"}],"wp:term":[{"taxonomy":"product_brand","embeddable":true,"href":"https:\/\/skyline-gs.com\/fr\/wp-json\/wp\/v2\/product_brand?post=57888"},{"taxonomy":"product_cat","embeddable":true,"href":"https:\/\/skyline-gs.com\/fr\/wp-json\/wp\/v2\/product_cat?post=57888"},{"taxonomy":"product_tag","embeddable":true,"href":"https:\/\/skyline-gs.com\/fr\/wp-json\/wp\/v2\/product_tag?post=57888"}],"curies":[{"name":"wp","href":"https:\/\/api.w.org\/{rel}","templated":true}]}}