{"id":57517,"date":"2022-10-25T18:49:32","date_gmt":"2022-10-25T15:49:32","guid":{"rendered":"https:\/\/hurghada.skyline-gs.com\/?post_type=product&#038;p=25580"},"modified":"2026-03-10T00:20:18","modified_gmt":"2026-03-09T22:20:18","slug":"horse-riding","status":"publish","type":"product","link":"https:\/\/skyline-gs.com\/fr\/product\/horse-riding\/","title":{"rendered":"Randonn\u00e9e \u00e0 cheval (apr\u00e8s le d\u00e9jeuner)"},"content":{"rendered":"<p><strong>16:00<\/strong>\u00a0- D\u00e9part de l'h\u00f4tel. Le trajet dure environ 40 minutes.<\/p>\n<p><strong>L'\u00e9quitation vous permet d'appr\u00e9cier la beaut\u00e9 du paysage et de vous sentir en harmonie avec la nature. Une promenade le long du littoral de la mer Rouge, avec en toile de fond le coucher du soleil, cr\u00e9e une atmosph\u00e8re unique et procure un sentiment de calme et de paix.<\/strong><\/p>\n<p>Arriv\u00e9e sur le site o\u00f9 des instructeurs exp\u00e9riment\u00e9s vous donneront un briefing d\u00e9taill\u00e9 pour que vous vous sentiez en confiance et en s\u00e9curit\u00e9.<\/p>\n<p><strong>Promenade le long de la c\u00f4te et baignade avec un cheval (1 heure) :<\/strong><\/p>\n<ul>\n<li>Montez \u00e0 cheval et embarquez pour un voyage passionnant \u00e0 travers le d\u00e9sert. La promenade vous m\u00e8nera \u00e0 environ 200 m\u00e8tres des rives de la mer Rouge.<\/li>\n<li>Profitez d'une promenade \u00e0 cheval le long des rives pittoresques de la mer Rouge. Cette promenade d'environ 30 minutes vous permettra de profiter de vues imprenables et de l'air frais de la mer.<\/li>\n<li>Plongez dans les eaux rafra\u00eechissantes de la mer Rouge avec un cheval. Environ 30 minutes de nage \u00e0 une profondeur d'environ 1,20 m\u00e8tre vous feront vivre une exp\u00e9rience inoubliable.<\/li>\n<\/ul>\n<p>Capturez ces moments magiques sur l'appareil photo de votre t\u00e9l\u00e9phone. Nos instructeurs vous aideront \u00e0 prendre des photos vivantes et pittoresques.<\/p>\n<p>L'\u00e9quitation au bord de la mer et la natation avec un cheval cr\u00e9ent des moments vivants et m\u00e9morables. Ces impressions restent longtemps grav\u00e9es dans la m\u00e9moire et peuvent constituer un excellent sujet d'histoires et de souvenirs.<\/p>\n<p><strong>20:00<\/strong>\u00a0- Retour \u00e0 l'h\u00f4tel.<\/p>\n<p><strong>Inclus :<\/strong><\/p>\n<ul>\n<li>\u00c9quitation<\/li>\n<li>Munitions et protection<\/li>\n<li>Instructeur russophone<\/li>\n<\/ul>\n<p><strong>Conditions d'utilisation :<\/strong><\/p>\n<ul>\n<li>Le poids du cavalier ne doit pas d\u00e9passer 100 kg.<\/li>\n<li>Les enfants ne peuvent \u00eatre r\u00e9serv\u00e9s qu'avec un adulte dans la m\u00eame r\u00e9servation.<\/li>\n<\/ul>\n<p><strong>Non inclus :<\/strong><\/p>\n<ul>\n<li>Transfert depuis les h\u00f4tels d'El Gouna, Makadi : +10$ aller-retour pour un groupe de 1 \u00e0 6 personnes<\/li>\n<li>Transfert depuis les h\u00f4tels de Soma Bay, Safaga : +20$ aller-retour par groupe de 1 \u00e0 6 personnes<\/li>\n<\/ul>\n<p><strong>Emportez-le avec vous :<\/strong><\/p>\n<ul>\n<li>cam\u00e9ra photo-vid\u00e9o<\/li>\n<li>Lunettes de soleil<\/li>\n<li>Chaussures confortables<\/li>\n<\/ul>","protected":false},"excerpt":{"rendered":"<p><strong>Temps du Tour:<\/strong> 16:00 &#8212; 20:00<\/p>\n<p><strong>Jours de D\u00e9roulement: <\/strong>Chaque jour<\/p>","protected":false},"featured_media":57675,"template":"","meta":{"_kad_post_transparent":"default","_kad_post_title":"","_kad_post_layout":"default","_kad_post_sidebar_id":"","_kad_post_content_style":"default","_kad_post_vertical_padding":"default","_kad_post_feature":"","_kad_post_feature_position":"","_kad_post_header":false,"_kad_post_footer":false,"_kad_post_classname":"","_glsr_average":0,"_glsr_ranking":0,"_glsr_reviews":0},"product_brand":[],"product_cat":[479],"product_tag":[],"class_list":{"0":"post-57517","1":"product","2":"type-product","3":"status-publish","4":"has-post-thumbnail","6":"product_cat-hurghadatours","7":"tm-has-options","9":"first","10":"instock","11":"sold-individually","12":"taxable","13":"shipping-taxable","14":"purchasable","15":"product-type-simple","16":"entry","17":"content-bg","18":"loop-entry"},"yoast_head":"<!-- This site is optimized with the Yoast SEO plugin v27.3 - https:\/\/yoast.com\/product\/yoast-seo-wordpress\/ -->\n<title>\u0422\u0443\u0440 \u043d\u0430 \u043b\u043e\u0448\u0430\u0434\u044f\u0445 (\u043f\u043e\u0441\u043b\u0435 \u043e\u0431\u0435\u0434\u0430) &#8226; \u042d\u043a\u0441\u043a\u0443\u0440\u0441\u0438\u0438 Skyline<\/title>\n<meta name=\"robots\" content=\"index, follow, max-snippet:-1, max-image-preview:large, max-video-preview:-1\" \/>\n<link rel=\"canonical\" href=\"https:\/\/skyline-gs.com\/fr\/produit\/horse-riding\/\" \/>\n<meta property=\"og:locale\" content=\"fr_FR\" \/>\n<meta property=\"og:type\" content=\"article\" \/>\n<meta property=\"og:title\" content=\"\u0422\u0443\u0440 \u043d\u0430 \u043b\u043e\u0448\u0430\u0434\u044f\u0445 (\u043f\u043e\u0441\u043b\u0435 \u043e\u0431\u0435\u0434\u0430) &#8226; \u042d\u043a\u0441\u043a\u0443\u0440\u0441\u0438\u0438 Skyline\" \/>\n<meta property=\"og:description\" content=\"\u0412\u0440\u0435\u043c\u044f \u0442\u0443\u0440\u0430: 16:00 - 20:00  \u0414\u043d\u0438 \u043f\u0440\u043e\u0432\u0435\u0434\u0435\u043d\u0438\u044f: \u0435\u0436\u0435\u0434\u043d\u0435\u0432\u043d\u043e\" \/>\n<meta property=\"og:url\" content=\"https:\/\/skyline-gs.com\/fr\/produit\/horse-riding\/\" \/>\n<meta property=\"og:site_name\" content=\"\u042d\u043a\u0441\u043a\u0443\u0440\u0441\u0438\u0438 Skyline\" \/>\n<meta property=\"article:modified_time\" content=\"2026-03-09T22:20:18+00:00\" \/>\n<meta property=\"og:image\" content=\"https:\/\/skyline-gs.com\/wp-content\/uploads\/2022\/10\/145-2024-06-09T174108.117.jpg\" \/>\n\t<meta property=\"og:image:width\" content=\"960\" \/>\n\t<meta property=\"og:image:height\" content=\"574\" \/>\n\t<meta property=\"og:image:type\" content=\"image\/jpeg\" \/>\n<meta name=\"twitter:card\" content=\"summary_large_image\" \/>\n<meta name=\"twitter:label1\" content=\"Dur\u00e9e de lecture estim\u00e9e\" \/>\n\t<meta name=\"twitter:data1\" content=\"2 minutes\" \/>\n<script type=\"application\/ld+json\" class=\"yoast-schema-graph\">{\"@context\":\"https:\\\/\\\/schema.org\",\"@graph\":[{\"@type\":\"WebPage\",\"@id\":\"https:\\\/\\\/skyline-gs.com\\\/product\\\/horse-riding\\\/\",\"url\":\"https:\\\/\\\/skyline-gs.com\\\/product\\\/horse-riding\\\/\",\"name\":\"\u0422\u0443\u0440 \u043d\u0430 \u043b\u043e\u0448\u0430\u0434\u044f\u0445 (\u043f\u043e\u0441\u043b\u0435 \u043e\u0431\u0435\u0434\u0430) &#8226; \u042d\u043a\u0441\u043a\u0443\u0440\u0441\u0438\u0438 Skyline\",\"isPartOf\":{\"@id\":\"https:\\\/\\\/skyline-gs.com\\\/it\\\/#website\"},\"primaryImageOfPage\":{\"@id\":\"https:\\\/\\\/skyline-gs.com\\\/product\\\/horse-riding\\\/#primaryimage\"},\"image\":{\"@id\":\"https:\\\/\\\/skyline-gs.com\\\/product\\\/horse-riding\\\/#primaryimage\"},\"thumbnailUrl\":\"https:\\\/\\\/skyline-gs.com\\\/wp-content\\\/uploads\\\/2022\\\/10\\\/145-2024-06-09T174108.117.jpg\",\"datePublished\":\"2022-10-25T15:49:32+00:00\",\"dateModified\":\"2026-03-09T22:20:18+00:00\",\"breadcrumb\":{\"@id\":\"https:\\\/\\\/skyline-gs.com\\\/product\\\/horse-riding\\\/#breadcrumb\"},\"inLanguage\":\"fr-FR\",\"potentialAction\":[{\"@type\":\"ReadAction\",\"target\":[\"https:\\\/\\\/skyline-gs.com\\\/product\\\/horse-riding\\\/\"]}]},{\"@type\":\"ImageObject\",\"inLanguage\":\"fr-FR\",\"@id\":\"https:\\\/\\\/skyline-gs.com\\\/product\\\/horse-riding\\\/#primaryimage\",\"url\":\"https:\\\/\\\/skyline-gs.com\\\/wp-content\\\/uploads\\\/2022\\\/10\\\/145-2024-06-09T174108.117.jpg\",\"contentUrl\":\"https:\\\/\\\/skyline-gs.com\\\/wp-content\\\/uploads\\\/2022\\\/10\\\/145-2024-06-09T174108.117.jpg\",\"width\":960,\"height\":574},{\"@type\":\"BreadcrumbList\",\"@id\":\"https:\\\/\\\/skyline-gs.com\\\/product\\\/horse-riding\\\/#breadcrumb\",\"itemListElement\":[{\"@type\":\"ListItem\",\"position\":1,\"name\":\"\u0413\u043b\u0430\u0432\u043d\u0430\u044f \u0441\u0442\u0440\u0430\u043d\u0438\u0446\u0430\",\"item\":\"https:\\\/\\\/skyline-gs.com\\\/hu\\\/\"},{\"@type\":\"ListItem\",\"position\":2,\"name\":\"\u041c\u0430\u0433\u0430\u0437\u0438\u043d\",\"item\":\"https:\\\/\\\/skyline-gs.com\\\/cs\\\/shop\\\/\"},{\"@type\":\"ListItem\",\"position\":3,\"name\":\"\u0422\u0443\u0440 \u043d\u0430 \u043b\u043e\u0448\u0430\u0434\u044f\u0445 (\u043f\u043e\u0441\u043b\u0435 \u043e\u0431\u0435\u0434\u0430)\"}]},{\"@type\":\"WebSite\",\"@id\":\"https:\\\/\\\/skyline-gs.com\\\/it\\\/#website\",\"url\":\"https:\\\/\\\/skyline-gs.com\\\/it\\\/\",\"name\":\"\u042d\u043a\u0441\u043a\u0443\u0440\u0441\u0438\u0438 Skyline\",\"description\":\"\u042d\u043a\u0441\u043a\u043b\u044e\u0437\u0438\u0432\u043d\u044b\u0435 \u044d\u043a\u0441\u043a\u0443\u0440\u0441\u0438\u0438 \u043d\u0430 \u043b\u0443\u0447\u0448\u0438\u0445 \u043a\u0443\u0440\u043e\u0440\u0442\u0430\u0445 \u043c\u0438\u0440\u0430\",\"publisher\":{\"@id\":\"https:\\\/\\\/skyline-gs.com\\\/it\\\/#organization\"},\"alternateName\":\"Skyline\",\"potentialAction\":[{\"@type\":\"SearchAction\",\"target\":{\"@type\":\"EntryPoint\",\"urlTemplate\":\"https:\\\/\\\/skyline-gs.com\\\/it\\\/?s={search_term_string}\"},\"query-input\":{\"@type\":\"PropertyValueSpecification\",\"valueRequired\":true,\"valueName\":\"search_term_string\"}}],\"inLanguage\":\"fr-FR\"},{\"@type\":\"Organization\",\"@id\":\"https:\\\/\\\/skyline-gs.com\\\/it\\\/#organization\",\"name\":\"\u042d\u043a\u0441\u043a\u0443\u0440\u0441\u0438\u0438 Skyline\",\"alternateName\":\"\u042d\u043a\u0441\u043a\u0443\u0440\u0441\u0438\u0438 Skyline\",\"url\":\"https:\\\/\\\/skyline-gs.com\\\/it\\\/\",\"logo\":{\"@type\":\"ImageObject\",\"inLanguage\":\"fr-FR\",\"@id\":\"https:\\\/\\\/skyline-gs.com\\\/it\\\/#\\\/schema\\\/logo\\\/image\\\/\",\"url\":\"https:\\\/\\\/skyline-gs.com\\\/wp-content\\\/uploads\\\/2020\\\/12\\\/cropped-logo-2.png\",\"contentUrl\":\"https:\\\/\\\/skyline-gs.com\\\/wp-content\\\/uploads\\\/2020\\\/12\\\/cropped-logo-2.png\",\"width\":512,\"height\":512,\"caption\":\"\u042d\u043a\u0441\u043a\u0443\u0440\u0441\u0438\u0438 Skyline\"},\"image\":{\"@id\":\"https:\\\/\\\/skyline-gs.com\\\/it\\\/#\\\/schema\\\/logo\\\/image\\\/\"},\"sameAs\":[\"https:\\\/\\\/www.instagram.com\\\/skylineglobalservice\\\/\"]}]}<\/script>\n<!-- \/ Yoast SEO plugin. -->","yoast_head_json":{"title":"\u0422\u0443\u0440 \u043d\u0430 \u043b\u043e\u0448\u0430\u0434\u044f\u0445 (\u043f\u043e\u0441\u043b\u0435 \u043e\u0431\u0435\u0434\u0430) &#8226; \u042d\u043a\u0441\u043a\u0443\u0440\u0441\u0438\u0438 Skyline","robots":{"index":"index","follow":"follow","max-snippet":"max-snippet:-1","max-image-preview":"max-image-preview:large","max-video-preview":"max-video-preview:-1"},"canonical":"https:\/\/skyline-gs.com\/fr\/produit\/horse-riding\/","og_locale":"fr_FR","og_type":"article","og_title":"\u0422\u0443\u0440 \u043d\u0430 \u043b\u043e\u0448\u0430\u0434\u044f\u0445 (\u043f\u043e\u0441\u043b\u0435 \u043e\u0431\u0435\u0434\u0430) &#8226; \u042d\u043a\u0441\u043a\u0443\u0440\u0441\u0438\u0438 Skyline","og_description":"\u0412\u0440\u0435\u043c\u044f \u0442\u0443\u0440\u0430: 16:00 - 20:00  \u0414\u043d\u0438 \u043f\u0440\u043e\u0432\u0435\u0434\u0435\u043d\u0438\u044f: \u0435\u0436\u0435\u0434\u043d\u0435\u0432\u043d\u043e","og_url":"https:\/\/skyline-gs.com\/fr\/produit\/horse-riding\/","og_site_name":"\u042d\u043a\u0441\u043a\u0443\u0440\u0441\u0438\u0438 Skyline","article_modified_time":"2026-03-09T22:20:18+00:00","og_image":[{"width":960,"height":574,"url":"https:\/\/skyline-gs.com\/wp-content\/uploads\/2022\/10\/145-2024-06-09T174108.117.jpg","type":"image\/jpeg"}],"twitter_card":"summary_large_image","twitter_misc":{"Dur\u00e9e de lecture estim\u00e9e":"2 minutes"},"schema":{"@context":"https:\/\/schema.org","@graph":[{"@type":"WebPage","@id":"https:\/\/skyline-gs.com\/product\/horse-riding\/","url":"https:\/\/skyline-gs.com\/product\/horse-riding\/","name":"\u0422\u0443\u0440 \u043d\u0430 \u043b\u043e\u0448\u0430\u0434\u044f\u0445 (\u043f\u043e\u0441\u043b\u0435 \u043e\u0431\u0435\u0434\u0430) &#8226; \u042d\u043a\u0441\u043a\u0443\u0440\u0441\u0438\u0438 Skyline","isPartOf":{"@id":"https:\/\/skyline-gs.com\/it\/#website"},"primaryImageOfPage":{"@id":"https:\/\/skyline-gs.com\/product\/horse-riding\/#primaryimage"},"image":{"@id":"https:\/\/skyline-gs.com\/product\/horse-riding\/#primaryimage"},"thumbnailUrl":"https:\/\/skyline-gs.com\/wp-content\/uploads\/2022\/10\/145-2024-06-09T174108.117.jpg","datePublished":"2022-10-25T15:49:32+00:00","dateModified":"2026-03-09T22:20:18+00:00","breadcrumb":{"@id":"https:\/\/skyline-gs.com\/product\/horse-riding\/#breadcrumb"},"inLanguage":"fr-FR","potentialAction":[{"@type":"ReadAction","target":["https:\/\/skyline-gs.com\/product\/horse-riding\/"]}]},{"@type":"ImageObject","inLanguage":"fr-FR","@id":"https:\/\/skyline-gs.com\/product\/horse-riding\/#primaryimage","url":"https:\/\/skyline-gs.com\/wp-content\/uploads\/2022\/10\/145-2024-06-09T174108.117.jpg","contentUrl":"https:\/\/skyline-gs.com\/wp-content\/uploads\/2022\/10\/145-2024-06-09T174108.117.jpg","width":960,"height":574},{"@type":"BreadcrumbList","@id":"https:\/\/skyline-gs.com\/product\/horse-riding\/#breadcrumb","itemListElement":[{"@type":"ListItem","position":1,"name":"\u0413\u043b\u0430\u0432\u043d\u0430\u044f \u0441\u0442\u0440\u0430\u043d\u0438\u0446\u0430","item":"https:\/\/skyline-gs.com\/hu\/"},{"@type":"ListItem","position":2,"name":"\u041c\u0430\u0433\u0430\u0437\u0438\u043d","item":"https:\/\/skyline-gs.com\/cs\/shop\/"},{"@type":"ListItem","position":3,"name":"\u0422\u0443\u0440 \u043d\u0430 \u043b\u043e\u0448\u0430\u0434\u044f\u0445 (\u043f\u043e\u0441\u043b\u0435 \u043e\u0431\u0435\u0434\u0430)"}]},{"@type":"WebSite","@id":"https:\/\/skyline-gs.com\/it\/#website","url":"https:\/\/skyline-gs.com\/it\/","name":"Excursions Skyline","description":"Excursions exclusives dans les meilleurs centres de vill\u00e9giature du monde","publisher":{"@id":"https:\/\/skyline-gs.com\/it\/#organization"},"alternateName":"Skyline","potentialAction":[{"@type":"SearchAction","target":{"@type":"EntryPoint","urlTemplate":"https:\/\/skyline-gs.com\/it\/?s={search_term_string}"},"query-input":{"@type":"PropertyValueSpecification","valueRequired":true,"valueName":"search_term_string"}}],"inLanguage":"fr-FR"},{"@type":"Organization","@id":"https:\/\/skyline-gs.com\/it\/#organization","name":"Excursions Skyline","alternateName":"\u042d\u043a\u0441\u043a\u0443\u0440\u0441\u0438\u0438 Skyline","url":"https:\/\/skyline-gs.com\/it\/","logo":{"@type":"ImageObject","inLanguage":"fr-FR","@id":"https:\/\/skyline-gs.com\/it\/#\/schema\/logo\/image\/","url":"https:\/\/skyline-gs.com\/wp-content\/uploads\/2020\/12\/cropped-logo-2.png","contentUrl":"https:\/\/skyline-gs.com\/wp-content\/uploads\/2020\/12\/cropped-logo-2.png","width":512,"height":512,"caption":"\u042d\u043a\u0441\u043a\u0443\u0440\u0441\u0438\u0438 Skyline"},"image":{"@id":"https:\/\/skyline-gs.com\/it\/#\/schema\/logo\/image\/"},"sameAs":["https:\/\/www.instagram.com\/skylineglobalservice\/"]}]}},"_links":{"self":[{"href":"https:\/\/skyline-gs.com\/fr\/wp-json\/wp\/v2\/product\/57517","targetHints":{"allow":["GET"]}}],"collection":[{"href":"https:\/\/skyline-gs.com\/fr\/wp-json\/wp\/v2\/product"}],"about":[{"href":"https:\/\/skyline-gs.com\/fr\/wp-json\/wp\/v2\/types\/product"}],"version-history":[{"count":0,"href":"https:\/\/skyline-gs.com\/fr\/wp-json\/wp\/v2\/product\/57517\/revisions"}],"wp:featuredmedia":[{"embeddable":true,"href":"https:\/\/skyline-gs.com\/fr\/wp-json\/wp\/v2\/media\/57675"}],"wp:attachment":[{"href":"https:\/\/skyline-gs.com\/fr\/wp-json\/wp\/v2\/media?parent=57517"}],"wp:term":[{"taxonomy":"product_brand","embeddable":true,"href":"https:\/\/skyline-gs.com\/fr\/wp-json\/wp\/v2\/product_brand?post=57517"},{"taxonomy":"product_cat","embeddable":true,"href":"https:\/\/skyline-gs.com\/fr\/wp-json\/wp\/v2\/product_cat?post=57517"},{"taxonomy":"product_tag","embeddable":true,"href":"https:\/\/skyline-gs.com\/fr\/wp-json\/wp\/v2\/product_tag?post=57517"}],"curies":[{"name":"wp","href":"https:\/\/api.w.org\/{rel}","templated":true}]}}