{"id":57503,"date":"2021-05-19T20:07:13","date_gmt":"2021-05-19T17:07:13","guid":{"rendered":"https:\/\/hurghada.skyline-gs.com\/?post_type=product&#038;p=22619"},"modified":"2026-01-26T13:31:02","modified_gmt":"2026-01-26T11:31:02","slug":"christian-cairo-and-giza-pyramids","status":"publish","type":"product","link":"https:\/\/skyline-gs.com\/fr\/product\/christian-cairo-and-giza-pyramids\/","title":{"rendered":"Le Caire (\u00e9conomie) : Pyramides de Gizeh et vieille ville + Promenade sur le fleuve Nil en cadeau !"},"content":{"rendered":"<p><strong><span class=\"selectable-text copyable-text\">\u0410\u043a\u0446\u0438\u044f! \u0412 \u044d\u0442\u043e\u0439 \u043f\u0440\u043e\u0433\u0440\u0430\u043c\u043c\u0435 \u043f\u0440\u043e\u0433\u0443\u043b\u043a\u0430 \u043f\u043e \u041d\u0438\u043b\u0443 \u0431\u0435\u0441\u043f\u043b\u0430\u0442\u043d\u043e!!!<\/span><\/strong><\/p>\n<p><strong>1h00 - D\u00e9part du hall de l'h\u00f4tel. <\/strong>\u0414\u043e\u0440\u043e\u0433\u0430 \u0434\u043e \u041a\u0430\u0438\u0440\u0430 \u0437\u0430\u0439\u043c\u0435\u0442 \u043e\u043a\u043e\u043b\u043e 7 \u0447\u0430\u0441\u043e\u0432. \u041f\u043e \u043f\u0443\u0442\u0438 \u0432\u044b \u0441\u043c\u043e\u0436\u0435\u0442\u0435 \u043f\u043e\u043b\u044e\u0431\u043e\u0432\u0430\u0442\u044c\u0441\u044f \u043f\u043e\u0431\u0435\u0440\u0435\u0436\u044c\u0435\u043c \u041a\u0440\u0430\u0441\u043d\u043e\u0433\u043e \u043c\u043e\u0440\u044f.<\/p>\n<ul>\n<li><strong>Arriv\u00e9e au Caire<\/strong>:\n<ul>\n<li>Une visite de l'une des villes les plus peupl\u00e9es d'Afrique.<\/li>\n<li>Pr\u00e9sence <strong>du vieux Caire<\/strong>:\n<ul>\n<li><strong>L'\u00e9glise suspendue de St Mary's<\/strong> - l'un des plus anciens temples chr\u00e9tiens d'\u00c9gypte (3e si\u00e8cle apr\u00e8s J.-C.).<\/li>\n<li><strong>Grotte du Temple<\/strong>o\u00f9 la Sainte Famille s'est cach\u00e9e pour \u00e9chapper \u00e0 la pers\u00e9cution.<\/li>\n<\/ul>\n<\/li>\n<li>Promenade sur le Nil 40 minutes (en option, suppl\u00e9ment +10$ par personne).<\/li>\n<\/ul>\n<\/li>\n<li><strong>D\u00e9jeuner<\/strong>:\n<ul>\n<li>Au restaurant buffet (les boissons sont factur\u00e9es s\u00e9par\u00e9ment).<\/li>\n<\/ul>\n<\/li>\n<li><strong>Les Pyramides et le Sphinx<\/strong>:\n<ul>\n<li>Visite des grandes pyramides de Gizeh, l'une des plus anciennes merveilles du monde.<\/li>\n<li>Visite du Sphinx.<\/li>\n<\/ul>\n<\/li>\n<li><strong>Arr\u00eats suppl\u00e9mentaires<\/strong>:\n<ul>\n<li><strong>Mus\u00e9e des papyrus<\/strong> - D\u00e9monstration de la technologie de fabrication du papyrus dans l'Antiquit\u00e9.<\/li>\n<li>Ou encore la visite d'une fabrique de parfums et d'huiles.<\/li>\n<\/ul>\n<\/li>\n<\/ul>\n<p><strong>22:00 - Retour \u00e0 l'h\u00f4tel.<\/strong><\/p>\n<p><strong>Inclus :<\/strong><\/p>\n<ul>\n<li>Transferts depuis et vers l'h\u00f4tel<\/li>\n<li>Transfert en autocar touristique moderne et climatis\u00e9<\/li>\n<li>Guide \u00e9gyptologue russophone au Caire<\/li>\n<li>Frais d'entr\u00e9e pour toutes les attractions mentionn\u00e9es<\/li>\n<li>D\u00e9jeuner dans un restaurant du Caire<\/li>\n<li>Une promenade le long du Nil<\/li>\n<\/ul>\n<p><strong>Non inclus :<\/strong><\/p>\n<ul>\n<li>Boissons<\/li>\n<li>Transferts de Sahl Hasheesh, Makadi Bay, El Gouna +$10 aller-retour (par groupe de 6 personnes maximum).<\/li>\n<li>Transfert depuis les h\u00f4tels de campagne \u00e0 Soma Bay, Safaga +$20 aller-retour (par groupe jusqu'\u00e0 6 personnes)<\/li>\n<\/ul>\n<p><strong>Emportez-le avec vous :<\/strong><\/p>\n<ul>\n<li>Passeport<\/li>\n<li>Coiffure<\/li>\n<li>Argent pour les d\u00e9penses personnelles et les souvenirs<\/li>\n<li>Produits de soins personnels<\/li>\n<li>Eau potable<\/li>\n<li>Collation matinale (expliquez \u00e0 la r\u00e9ception de l'h\u00f4tel que vous partez t\u00f4t le matin pour une excursion et que vous avez besoin de pr\u00e9parer une bo\u00eete \u00e0 lunch, les h\u00f4tels fourniront ce service gratuitement).<\/li>\n<li>Chaussures confortables<\/li>\n<li>V\u00eatements chauds pour le voyage (en hiver)<\/li>\n<\/ul>","protected":false},"excerpt":{"rendered":"<p><strong>Dur\u00e9e de l'enqu\u00eate :<\/strong> 1:00 &#8212; 22:00<\/p>\n<p><strong>Jours de D\u00e9roulement:<\/strong> Mardi<span class=\"selectable-text copyable-text\">, \u0421\u0440\u0435\u0434\u0430, \u041f\u044f\u0442\u043d\u0438\u0446\u0430, \u0421\u0443\u0431\u0431\u043e\u0442\u0430<\/span><\/p>","protected":false},"featured_media":23165,"template":"","meta":{"_kad_post_transparent":"default","_kad_post_title":"","_kad_post_layout":"default","_kad_post_sidebar_id":"","_kad_post_content_style":"default","_kad_post_vertical_padding":"default","_kad_post_feature":"","_kad_post_feature_position":"","_kad_post_header":false,"_kad_post_footer":false,"_kad_post_classname":"","_glsr_average":0,"_glsr_ranking":0,"_glsr_reviews":0},"product_brand":[],"product_cat":[479],"product_tag":[],"class_list":{"0":"post-57503","1":"product","2":"type-product","3":"status-publish","4":"has-post-thumbnail","6":"product_cat-hurghadatours","7":"tm-has-options","9":"first","10":"instock","11":"sold-individually","12":"taxable","13":"shipping-taxable","14":"purchasable","15":"product-type-simple","16":"entry","17":"content-bg","18":"loop-entry"},"yoast_head":"<!-- This site is optimized with the Yoast SEO plugin v27.3 - https:\/\/yoast.com\/product\/yoast-seo-wordpress\/ -->\n<title>\u041a\u0430\u0438\u0440 (\u044d\u043a\u043e\u043d\u043e\u043c): \u041f\u0438\u0440\u0430\u043c\u0438\u0434\u044b \u0413\u0438\u0437\u044b \u0438 \u0441\u0442\u0430\u0440\u044b\u0439 \u0433\u043e\u0440\u043e\u0434 +\u041f\u0440\u043e\u0433\u0443\u043b\u043a\u0430 \u043f\u043e \u041d\u0438\u043b\u0443 \u0432 \u043f\u043e\u0434\u0430\u0440\u043e\u043a! &#8226; \u042d\u043a\u0441\u043a\u0443\u0440\u0441\u0438\u0438 Skyline<\/title>\n<meta name=\"robots\" content=\"index, follow, max-snippet:-1, max-image-preview:large, max-video-preview:-1\" \/>\n<link rel=\"canonical\" href=\"https:\/\/skyline-gs.com\/fr\/produit\/christian-cairo-and-giza-pyramids\/\" \/>\n<meta property=\"og:locale\" content=\"fr_FR\" \/>\n<meta property=\"og:type\" content=\"article\" \/>\n<meta property=\"og:title\" content=\"\u041a\u0430\u0438\u0440 (\u044d\u043a\u043e\u043d\u043e\u043c): \u041f\u0438\u0440\u0430\u043c\u0438\u0434\u044b \u0413\u0438\u0437\u044b \u0438 \u0441\u0442\u0430\u0440\u044b\u0439 \u0433\u043e\u0440\u043e\u0434 +\u041f\u0440\u043e\u0433\u0443\u043b\u043a\u0430 \u043f\u043e \u041d\u0438\u043b\u0443 \u0432 \u043f\u043e\u0434\u0430\u0440\u043e\u043a! &#8226; \u042d\u043a\u0441\u043a\u0443\u0440\u0441\u0438\u0438 Skyline\" \/>\n<meta property=\"og:description\" content=\"\u0414\u043b\u0438\u0442\u0435\u043b\u044c\u043d\u043e\u0441\u0442\u044c: 1:00 - 22:00  \u0414\u043d\u0438 \u043f\u0440\u043e\u0432\u0435\u0434\u0435\u043d\u0438\u044f: \u0412\u0442\u043e\u0440\u043d\u0438\u043a, \u0421\u0440\u0435\u0434\u0430, \u041f\u044f\u0442\u043d\u0438\u0446\u0430, \u0421\u0443\u0431\u0431\u043e\u0442\u0430\" \/>\n<meta property=\"og:url\" content=\"https:\/\/skyline-gs.com\/fr\/produit\/christian-cairo-and-giza-pyramids\/\" \/>\n<meta property=\"og:site_name\" content=\"\u042d\u043a\u0441\u043a\u0443\u0440\u0441\u0438\u0438 Skyline\" \/>\n<meta property=\"article:modified_time\" content=\"2026-01-26T11:31:02+00:00\" \/>\n<meta property=\"og:image\" content=\"https:\/\/skyline-gs.com\/wp-content\/uploads\/2021\/05\/c5-1.jpg\" \/>\n\t<meta property=\"og:image:width\" content=\"669\" \/>\n\t<meta property=\"og:image:height\" content=\"446\" \/>\n\t<meta property=\"og:image:type\" content=\"image\/jpeg\" \/>\n<meta name=\"twitter:card\" content=\"summary_large_image\" \/>\n<meta name=\"twitter:label1\" content=\"Dur\u00e9e de lecture estim\u00e9e\" \/>\n\t<meta name=\"twitter:data1\" content=\"2 minutes\" \/>\n<script type=\"application\/ld+json\" class=\"yoast-schema-graph\">{\"@context\":\"https:\\\/\\\/schema.org\",\"@graph\":[{\"@type\":\"WebPage\",\"@id\":\"https:\\\/\\\/skyline-gs.com\\\/product\\\/christian-cairo-and-giza-pyramids\\\/\",\"url\":\"https:\\\/\\\/skyline-gs.com\\\/product\\\/christian-cairo-and-giza-pyramids\\\/\",\"name\":\"\u041a\u0430\u0438\u0440 (\u044d\u043a\u043e\u043d\u043e\u043c): \u041f\u0438\u0440\u0430\u043c\u0438\u0434\u044b \u0413\u0438\u0437\u044b \u0438 \u0441\u0442\u0430\u0440\u044b\u0439 \u0433\u043e\u0440\u043e\u0434 +\u041f\u0440\u043e\u0433\u0443\u043b\u043a\u0430 \u043f\u043e \u041d\u0438\u043b\u0443 \u0432 \u043f\u043e\u0434\u0430\u0440\u043e\u043a! &#8226; \u042d\u043a\u0441\u043a\u0443\u0440\u0441\u0438\u0438 Skyline\",\"isPartOf\":{\"@id\":\"https:\\\/\\\/skyline-gs.com\\\/it\\\/#website\"},\"primaryImageOfPage\":{\"@id\":\"https:\\\/\\\/skyline-gs.com\\\/product\\\/christian-cairo-and-giza-pyramids\\\/#primaryimage\"},\"image\":{\"@id\":\"https:\\\/\\\/skyline-gs.com\\\/product\\\/christian-cairo-and-giza-pyramids\\\/#primaryimage\"},\"thumbnailUrl\":\"https:\\\/\\\/skyline-gs.com\\\/wp-content\\\/uploads\\\/2021\\\/05\\\/c5-1.jpg\",\"datePublished\":\"2021-05-19T17:07:13+00:00\",\"dateModified\":\"2026-01-26T11:31:02+00:00\",\"breadcrumb\":{\"@id\":\"https:\\\/\\\/skyline-gs.com\\\/product\\\/christian-cairo-and-giza-pyramids\\\/#breadcrumb\"},\"inLanguage\":\"fr-FR\",\"potentialAction\":[{\"@type\":\"ReadAction\",\"target\":[\"https:\\\/\\\/skyline-gs.com\\\/product\\\/christian-cairo-and-giza-pyramids\\\/\"]}]},{\"@type\":\"ImageObject\",\"inLanguage\":\"fr-FR\",\"@id\":\"https:\\\/\\\/skyline-gs.com\\\/product\\\/christian-cairo-and-giza-pyramids\\\/#primaryimage\",\"url\":\"https:\\\/\\\/skyline-gs.com\\\/wp-content\\\/uploads\\\/2021\\\/05\\\/c5-1.jpg\",\"contentUrl\":\"https:\\\/\\\/skyline-gs.com\\\/wp-content\\\/uploads\\\/2021\\\/05\\\/c5-1.jpg\",\"width\":669,\"height\":446},{\"@type\":\"BreadcrumbList\",\"@id\":\"https:\\\/\\\/skyline-gs.com\\\/product\\\/christian-cairo-and-giza-pyramids\\\/#breadcrumb\",\"itemListElement\":[{\"@type\":\"ListItem\",\"position\":1,\"name\":\"\u0413\u043b\u0430\u0432\u043d\u0430\u044f \u0441\u0442\u0440\u0430\u043d\u0438\u0446\u0430\",\"item\":\"https:\\\/\\\/skyline-gs.com\\\/hu\\\/\"},{\"@type\":\"ListItem\",\"position\":2,\"name\":\"\u041c\u0430\u0433\u0430\u0437\u0438\u043d\",\"item\":\"https:\\\/\\\/skyline-gs.com\\\/cs\\\/shop\\\/\"},{\"@type\":\"ListItem\",\"position\":3,\"name\":\"\u041a\u0430\u0438\u0440 (\u044d\u043a\u043e\u043d\u043e\u043c): \u041f\u0438\u0440\u0430\u043c\u0438\u0434\u044b \u0413\u0438\u0437\u044b \u0438 \u0441\u0442\u0430\u0440\u044b\u0439 \u0433\u043e\u0440\u043e\u0434 +\u041f\u0440\u043e\u0433\u0443\u043b\u043a\u0430 \u043f\u043e \u041d\u0438\u043b\u0443 \u0432 \u043f\u043e\u0434\u0430\u0440\u043e\u043a!\"}]},{\"@type\":\"WebSite\",\"@id\":\"https:\\\/\\\/skyline-gs.com\\\/it\\\/#website\",\"url\":\"https:\\\/\\\/skyline-gs.com\\\/it\\\/\",\"name\":\"\u042d\u043a\u0441\u043a\u0443\u0440\u0441\u0438\u0438 Skyline\",\"description\":\"\u042d\u043a\u0441\u043a\u043b\u044e\u0437\u0438\u0432\u043d\u044b\u0435 \u044d\u043a\u0441\u043a\u0443\u0440\u0441\u0438\u0438 \u043d\u0430 \u043b\u0443\u0447\u0448\u0438\u0445 \u043a\u0443\u0440\u043e\u0440\u0442\u0430\u0445 \u043c\u0438\u0440\u0430\",\"publisher\":{\"@id\":\"https:\\\/\\\/skyline-gs.com\\\/it\\\/#organization\"},\"alternateName\":\"Skyline\",\"potentialAction\":[{\"@type\":\"SearchAction\",\"target\":{\"@type\":\"EntryPoint\",\"urlTemplate\":\"https:\\\/\\\/skyline-gs.com\\\/it\\\/?s={search_term_string}\"},\"query-input\":{\"@type\":\"PropertyValueSpecification\",\"valueRequired\":true,\"valueName\":\"search_term_string\"}}],\"inLanguage\":\"fr-FR\"},{\"@type\":\"Organization\",\"@id\":\"https:\\\/\\\/skyline-gs.com\\\/it\\\/#organization\",\"name\":\"\u042d\u043a\u0441\u043a\u0443\u0440\u0441\u0438\u0438 Skyline\",\"alternateName\":\"\u042d\u043a\u0441\u043a\u0443\u0440\u0441\u0438\u0438 Skyline\",\"url\":\"https:\\\/\\\/skyline-gs.com\\\/it\\\/\",\"logo\":{\"@type\":\"ImageObject\",\"inLanguage\":\"fr-FR\",\"@id\":\"https:\\\/\\\/skyline-gs.com\\\/it\\\/#\\\/schema\\\/logo\\\/image\\\/\",\"url\":\"https:\\\/\\\/skyline-gs.com\\\/wp-content\\\/uploads\\\/2020\\\/12\\\/cropped-logo-2.png\",\"contentUrl\":\"https:\\\/\\\/skyline-gs.com\\\/wp-content\\\/uploads\\\/2020\\\/12\\\/cropped-logo-2.png\",\"width\":512,\"height\":512,\"caption\":\"\u042d\u043a\u0441\u043a\u0443\u0440\u0441\u0438\u0438 Skyline\"},\"image\":{\"@id\":\"https:\\\/\\\/skyline-gs.com\\\/it\\\/#\\\/schema\\\/logo\\\/image\\\/\"},\"sameAs\":[\"https:\\\/\\\/www.instagram.com\\\/skylineglobalservice\\\/\"]}]}<\/script>\n<!-- \/ Yoast SEO plugin. -->","yoast_head_json":{"title":"\u041a\u0430\u0438\u0440 (\u044d\u043a\u043e\u043d\u043e\u043c): \u041f\u0438\u0440\u0430\u043c\u0438\u0434\u044b \u0413\u0438\u0437\u044b \u0438 \u0441\u0442\u0430\u0440\u044b\u0439 \u0433\u043e\u0440\u043e\u0434 +\u041f\u0440\u043e\u0433\u0443\u043b\u043a\u0430 \u043f\u043e \u041d\u0438\u043b\u0443 \u0432 \u043f\u043e\u0434\u0430\u0440\u043e\u043a! &#8226; \u042d\u043a\u0441\u043a\u0443\u0440\u0441\u0438\u0438 Skyline","robots":{"index":"index","follow":"follow","max-snippet":"max-snippet:-1","max-image-preview":"max-image-preview:large","max-video-preview":"max-video-preview:-1"},"canonical":"https:\/\/skyline-gs.com\/fr\/produit\/christian-cairo-and-giza-pyramids\/","og_locale":"fr_FR","og_type":"article","og_title":"\u041a\u0430\u0438\u0440 (\u044d\u043a\u043e\u043d\u043e\u043c): \u041f\u0438\u0440\u0430\u043c\u0438\u0434\u044b \u0413\u0438\u0437\u044b \u0438 \u0441\u0442\u0430\u0440\u044b\u0439 \u0433\u043e\u0440\u043e\u0434 +\u041f\u0440\u043e\u0433\u0443\u043b\u043a\u0430 \u043f\u043e \u041d\u0438\u043b\u0443 \u0432 \u043f\u043e\u0434\u0430\u0440\u043e\u043a! &#8226; \u042d\u043a\u0441\u043a\u0443\u0440\u0441\u0438\u0438 Skyline","og_description":"\u0414\u043b\u0438\u0442\u0435\u043b\u044c\u043d\u043e\u0441\u0442\u044c: 1:00 - 22:00  \u0414\u043d\u0438 \u043f\u0440\u043e\u0432\u0435\u0434\u0435\u043d\u0438\u044f: \u0412\u0442\u043e\u0440\u043d\u0438\u043a, \u0421\u0440\u0435\u0434\u0430, \u041f\u044f\u0442\u043d\u0438\u0446\u0430, \u0421\u0443\u0431\u0431\u043e\u0442\u0430","og_url":"https:\/\/skyline-gs.com\/fr\/produit\/christian-cairo-and-giza-pyramids\/","og_site_name":"\u042d\u043a\u0441\u043a\u0443\u0440\u0441\u0438\u0438 Skyline","article_modified_time":"2026-01-26T11:31:02+00:00","og_image":[{"width":669,"height":446,"url":"https:\/\/skyline-gs.com\/wp-content\/uploads\/2021\/05\/c5-1.jpg","type":"image\/jpeg"}],"twitter_card":"summary_large_image","twitter_misc":{"Dur\u00e9e de lecture estim\u00e9e":"2 minutes"},"schema":{"@context":"https:\/\/schema.org","@graph":[{"@type":"WebPage","@id":"https:\/\/skyline-gs.com\/product\/christian-cairo-and-giza-pyramids\/","url":"https:\/\/skyline-gs.com\/product\/christian-cairo-and-giza-pyramids\/","name":"\u041a\u0430\u0438\u0440 (\u044d\u043a\u043e\u043d\u043e\u043c): \u041f\u0438\u0440\u0430\u043c\u0438\u0434\u044b \u0413\u0438\u0437\u044b \u0438 \u0441\u0442\u0430\u0440\u044b\u0439 \u0433\u043e\u0440\u043e\u0434 +\u041f\u0440\u043e\u0433\u0443\u043b\u043a\u0430 \u043f\u043e \u041d\u0438\u043b\u0443 \u0432 \u043f\u043e\u0434\u0430\u0440\u043e\u043a! &#8226; \u042d\u043a\u0441\u043a\u0443\u0440\u0441\u0438\u0438 Skyline","isPartOf":{"@id":"https:\/\/skyline-gs.com\/it\/#website"},"primaryImageOfPage":{"@id":"https:\/\/skyline-gs.com\/product\/christian-cairo-and-giza-pyramids\/#primaryimage"},"image":{"@id":"https:\/\/skyline-gs.com\/product\/christian-cairo-and-giza-pyramids\/#primaryimage"},"thumbnailUrl":"https:\/\/skyline-gs.com\/wp-content\/uploads\/2021\/05\/c5-1.jpg","datePublished":"2021-05-19T17:07:13+00:00","dateModified":"2026-01-26T11:31:02+00:00","breadcrumb":{"@id":"https:\/\/skyline-gs.com\/product\/christian-cairo-and-giza-pyramids\/#breadcrumb"},"inLanguage":"fr-FR","potentialAction":[{"@type":"ReadAction","target":["https:\/\/skyline-gs.com\/product\/christian-cairo-and-giza-pyramids\/"]}]},{"@type":"ImageObject","inLanguage":"fr-FR","@id":"https:\/\/skyline-gs.com\/product\/christian-cairo-and-giza-pyramids\/#primaryimage","url":"https:\/\/skyline-gs.com\/wp-content\/uploads\/2021\/05\/c5-1.jpg","contentUrl":"https:\/\/skyline-gs.com\/wp-content\/uploads\/2021\/05\/c5-1.jpg","width":669,"height":446},{"@type":"BreadcrumbList","@id":"https:\/\/skyline-gs.com\/product\/christian-cairo-and-giza-pyramids\/#breadcrumb","itemListElement":[{"@type":"ListItem","position":1,"name":"\u0413\u043b\u0430\u0432\u043d\u0430\u044f \u0441\u0442\u0440\u0430\u043d\u0438\u0446\u0430","item":"https:\/\/skyline-gs.com\/hu\/"},{"@type":"ListItem","position":2,"name":"\u041c\u0430\u0433\u0430\u0437\u0438\u043d","item":"https:\/\/skyline-gs.com\/cs\/shop\/"},{"@type":"ListItem","position":3,"name":"\u041a\u0430\u0438\u0440 (\u044d\u043a\u043e\u043d\u043e\u043c): \u041f\u0438\u0440\u0430\u043c\u0438\u0434\u044b \u0413\u0438\u0437\u044b \u0438 \u0441\u0442\u0430\u0440\u044b\u0439 \u0433\u043e\u0440\u043e\u0434 +\u041f\u0440\u043e\u0433\u0443\u043b\u043a\u0430 \u043f\u043e \u041d\u0438\u043b\u0443 \u0432 \u043f\u043e\u0434\u0430\u0440\u043e\u043a!"}]},{"@type":"WebSite","@id":"https:\/\/skyline-gs.com\/it\/#website","url":"https:\/\/skyline-gs.com\/it\/","name":"Excursions Skyline","description":"Excursions exclusives dans les meilleurs centres de vill\u00e9giature du monde","publisher":{"@id":"https:\/\/skyline-gs.com\/it\/#organization"},"alternateName":"Skyline","potentialAction":[{"@type":"SearchAction","target":{"@type":"EntryPoint","urlTemplate":"https:\/\/skyline-gs.com\/it\/?s={search_term_string}"},"query-input":{"@type":"PropertyValueSpecification","valueRequired":true,"valueName":"search_term_string"}}],"inLanguage":"fr-FR"},{"@type":"Organization","@id":"https:\/\/skyline-gs.com\/it\/#organization","name":"Excursions Skyline","alternateName":"\u042d\u043a\u0441\u043a\u0443\u0440\u0441\u0438\u0438 Skyline","url":"https:\/\/skyline-gs.com\/it\/","logo":{"@type":"ImageObject","inLanguage":"fr-FR","@id":"https:\/\/skyline-gs.com\/it\/#\/schema\/logo\/image\/","url":"https:\/\/skyline-gs.com\/wp-content\/uploads\/2020\/12\/cropped-logo-2.png","contentUrl":"https:\/\/skyline-gs.com\/wp-content\/uploads\/2020\/12\/cropped-logo-2.png","width":512,"height":512,"caption":"\u042d\u043a\u0441\u043a\u0443\u0440\u0441\u0438\u0438 Skyline"},"image":{"@id":"https:\/\/skyline-gs.com\/it\/#\/schema\/logo\/image\/"},"sameAs":["https:\/\/www.instagram.com\/skylineglobalservice\/"]}]}},"_links":{"self":[{"href":"https:\/\/skyline-gs.com\/fr\/wp-json\/wp\/v2\/product\/57503","targetHints":{"allow":["GET"]}}],"collection":[{"href":"https:\/\/skyline-gs.com\/fr\/wp-json\/wp\/v2\/product"}],"about":[{"href":"https:\/\/skyline-gs.com\/fr\/wp-json\/wp\/v2\/types\/product"}],"version-history":[{"count":0,"href":"https:\/\/skyline-gs.com\/fr\/wp-json\/wp\/v2\/product\/57503\/revisions"}],"wp:featuredmedia":[{"embeddable":true,"href":"https:\/\/skyline-gs.com\/fr\/wp-json\/wp\/v2\/media\/23165"}],"wp:attachment":[{"href":"https:\/\/skyline-gs.com\/fr\/wp-json\/wp\/v2\/media?parent=57503"}],"wp:term":[{"taxonomy":"product_brand","embeddable":true,"href":"https:\/\/skyline-gs.com\/fr\/wp-json\/wp\/v2\/product_brand?post=57503"},{"taxonomy":"product_cat","embeddable":true,"href":"https:\/\/skyline-gs.com\/fr\/wp-json\/wp\/v2\/product_cat?post=57503"},{"taxonomy":"product_tag","embeddable":true,"href":"https:\/\/skyline-gs.com\/fr\/wp-json\/wp\/v2\/product_tag?post=57503"}],"curies":[{"name":"wp","href":"https:\/\/api.w.org\/{rel}","templated":true}]}}