{"id":57500,"date":"2021-04-16T03:09:32","date_gmt":"2021-04-16T00:09:32","guid":{"rendered":"https:\/\/hurghada.skyline-gs.com\/?post_type=product&#038;p=19502"},"modified":"2025-02-11T16:17:11","modified_gmt":"2025-02-11T14:17:11","slug":"kair-na-2-dnya-s-prozhivaniem-v-marriott-mena-cairo-5","status":"publish","type":"product","link":"https:\/\/skyline-gs.com\/fr\/product\/kair-na-2-dnya-s-prozhivaniem-v-marriott-mena-cairo-5\/","title":{"rendered":"Le Caire pour 2 jours avec h\u00e9bergement au Marriott Mena Cairo 5*."},"content":{"rendered":"<p><strong>Jour 1<\/strong><\/p>\n<p>6:00 \u0432\u044b\u0435\u0437\u0434 \u0438\u0437 \u043e\u0442\u0435\u043b\u044f. \u0414\u043e\u0440\u043e\u0433\u0430 \u0434\u043e \u041a\u0430\u0438\u0440\u0430 \u0437\u0430\u0439\u043c\u0435\u0442 \u043e\u043a\u043e\u043b\u043e 7 \u0447\u0430\u0441\u043e\u0432. \u041f\u043e \u0434\u043e\u0440\u043e\u0433\u0435 \u0432\u044b \u0443\u0432\u0438\u0434\u0438\u0442\u0435 \u043f\u043e\u0431\u0435\u0440\u0435\u0436\u044c\u0435 \u043a\u0440\u0430\u0441\u043d\u043e\u0433\u043e \u043c\u043e\u0440\u044f. 11:00 \u043f\u0440\u0438\u0435\u0437\u0434 \u0432 \u041a\u0430\u0438\u0440 \u0438 \u043e\u0441\u043c\u043e\u0442\u0440 \u043e\u0434\u043d\u043e\u0433\u043e \u0438\u0437 \u0441\u0430\u043c\u044b\u0445 \u0431\u043e\u043b\u044c\u0448\u0438\u0445 \u0433\u0443\u0441\u0442\u043e\u043d\u0430\u0441\u0435\u043b\u0435\u043d\u043d\u044b\u0445 \u0433\u043e\u0440\u043e\u0434\u043e\u0432 \u0410\u0444\u0440\u0438\u043a\u0438. \u041e\u0431\u0435\u0434 \u0432 \u0440\u0435\u0441\u0442\u043e\u0440\u0430\u043d\u0435 \u043f\u043e \u0441\u0438\u0441\u0442\u0435\u043c\u0435 \u0448\u0432\u0435\u0434\u0441\u043a\u0438\u0439 \u0441\u0442\u043e\u043b (\u043d\u0430\u043f\u0438\u0442\u043a\u0438 \u043d\u0435 \u0432\u043a\u043b\u044e\u0447\u0435\u043d\u044b \u0432 \u0441\u0442\u043e\u0438\u043c\u043e\u0441\u0442\u044c). \u041f\u043e\u0441\u043b\u0435 \u043e\u0431\u0435\u0434\u0430 \u043c\u044b \u043e\u0442\u043f\u0440\u0430\u0432\u0438\u043c\u0441\u044f \u0432 \u0415\u0433\u0438\u043f\u0435\u0442\u0441\u043a\u0438\u0439 \u043c\u0443\u0437\u0435\u0439, \u0433\u0434\u0435 \u0441\u043e\u0431\u0440\u0430\u043d\u043e \u043e\u0433\u0440\u043e\u043c\u043d\u043e\u0435 \u043a\u043e\u043b\u0438\u0447\u0435\u0441\u0442\u0432\u043e \u0435\u0433\u0438\u043f\u0435\u0442\u0441\u043a\u0438\u0445 \u0434\u0440\u0435\u0432\u043d\u043e\u0441\u0442\u0435\u0439. \u0412 \u043c\u0443\u0437\u0435\u0435, \u0441\u043e\u0441\u0442\u043e\u044f\u0449\u0435\u043c \u0431\u043e\u043b\u0435\u0435 \u0447\u0435\u043c \u0438\u0437 \u0441\u0442\u0430 \u0437\u0430\u043b\u043e\u0432, \u043d\u0430\u0445\u043e\u0434\u044f\u0442\u0441\u044f \u0443\u043d\u0438\u043a\u0430\u043b\u044c\u043d\u044b\u0435 \u044d\u043a\u0441\u043f\u043e\u043d\u0430\u0442\u044b, \u0432\u043e\u0437\u0440\u0430\u0441\u0442 \u043a\u043e\u0442\u043e\u0440\u044b\u0445 \u043e\u043a\u043e\u043b\u043e \u043f\u044f\u0442\u0438 \u0442\u044b\u0441\u044f\u0447 \u043b\u0435\u0442. \u0412\u044b \u0443\u0432\u0438\u0434\u0438\u0442\u0435 \u0441\u0442\u0430\u0442\u0443\u0438 \u0441\u0430\u043c\u044b\u0445 \u0438\u0437\u0432\u0435\u0441\u0442\u043d\u044b\u0445 \u0444\u0430\u0440\u0430\u043e\u043d\u043e\u0432, \u0442\u0430\u043a\u0438\u0445 \u043a\u0430\u043a \u0425\u0435\u043e\u043f\u0441, \u0425\u0435\u0444\u0440\u0435\u043d, \u041c\u0438\u043a\u0435\u0440\u0438\u043d, \u0425\u0430\u0442\u0448\u0435\u043f\u0441\u0443\u0442, \u042d\u0445\u043d\u0430\u0442\u043e\u043d \u0438 \u0434\u0440\u0443\u0433\u0438\u0435. \u0417\u043e\u043b\u043e\u0442\u044b\u0435 \u0441\u0430\u0440\u043a\u043e\u0444\u0430\u0433\u0438, \u0441\u0442\u0430\u0442\u0443\u0438 \u0438 \u0441\u043e\u043a\u0440\u043e\u0432\u0438\u0449\u0430 \u0438\u0437 \u0433\u0440\u043e\u0431\u043d\u0438\u0446\u044b \u0441\u0430\u043c\u043e\u0433\u043e \u0422\u0443\u0442\u0430\u043d\u0445\u0430\u043c\u043e\u043d\u0430. \u041f\u043e\u0441\u043b\u0435 \u0412\u044b o\u0442\u043f\u0440\u0430\u0432\u0438\u0442\u0435\u0441\u044c \u0442\u0443\u0434\u0430, \u0433\u0434\u0435 \u0437\u0430\u043c\u0438\u0440\u0430\u0435\u0442 \u0432\u0440\u0435\u043c\u044f, \u043a \u0441\u0438\u043c\u0432\u043e\u043b\u0443 \u0415\u0433\u0438\u043f\u0442\u0430 \u2013 \u0412\u0435\u043b\u0438\u043a\u0438\u043c \u043f\u0438\u0440\u0430\u043c\u0438\u0434\u0430\u043c \u0438 \u0421\u0444\u0438\u043d\u043a\u0441\u0443. \u0432 \u0415\u0433\u0438\u043f\u0442\u0435 \u043d\u0430\u0441\u0447\u0438\u0442\u044b\u0432\u0430\u0435\u0442\u0441\u044f \u0431\u043e\u043b\u0435\u0435 100 \u043f\u0438\u0440\u0430\u043c\u0438\u0434, \u043d\u043e \u0441\u0430\u043c\u044b\u0435 \u0437\u043d\u0430\u043c\u0435\u043d\u0438\u0442\u044b\u0435 \u044d\u0442\u043e \u043f\u0438\u0440\u0430\u043c\u0438\u0434\u044b \u0413\u0438\u0437\u044b, \u043a\u043e\u0442\u043e\u0440\u044b\u0435 \u0441\u0447\u0438\u0442\u0430\u044e\u0442\u0441\u044f \u043f\u0435\u0440\u0432\u044b\u043c \u0447\u0443\u0434\u043e\u043c \u0441\u0432\u0435\u0442\u0430 \u0432\u0441\u0435\u0445 \u0432\u0440\u0435\u043c\u0435\u043d. 17:00 \u0417\u0430\u0441\u0435\u043b\u0435\u043d\u0438\u0435 \u0432 \u043e\u0442\u0435\u043b\u044c Marriott Mena Cairo 5*, \u0447\u0442\u043e \u0431\u044b \u0443\u0441\u043f\u0435\u0442\u044c \u043d\u0430\u0441\u043b\u0430\u0434\u0438\u0442\u0441\u044f \u0437\u0430\u043a\u0430\u0442\u043e\u043c \u0441\u043e\u043b\u043d\u0446\u0430.<\/p>\n<p><strong>Jour 2<\/strong><\/p>\n<p>\u0417\u0430\u0432\u0442\u0440\u0430\u043a \u0432 \u043e\u0442\u0435\u043b\u0435 (\u0448\u0432\u0435\u0434\u0441\u043a\u0438\u0439 \u0441\u0442\u043e\u043b). \u041e\u0442\u0434\u044b\u0445 \u043d\u0430 \u0442\u0435\u0440\u0440\u0438\u0442\u043e\u0440\u0438\u0438 \u043e\u0442\u0435\u043b\u044f, \u0432 \u0440\u0430\u0441\u043f\u043e\u0440\u044f\u0436\u0435\u043d\u0438\u0438 \u0433\u043e\u0441\u0442\u0435\u0439 \u0431\u043e\u043b\u044c\u0448\u043e\u0439 \u0431\u0430\u0441\u0441\u0435\u0439\u043d \u0438 \u0437\u043e\u043d\u044b \u043e\u0442\u0434\u044b\u0445\u0430. 13:00 \u0432\u044b\u0435\u0437\u0434 \u043e\u0431\u0440\u0430\u0442\u043d\u043e \u0432 \u0425\u0443\u0440\u0433\u0430\u0434\u0443. \u041e\u043a\u043e\u043b\u043e 18:00 \u0432\u043e\u0437\u0432\u0440\u0430\u0449\u0435\u043d\u0438\u0435 \u0432 \u043e\u0442\u0435\u043b\u044c.<\/p>\n<p><strong>Inclus :<\/strong><\/p>\n<ul>\n<li>Transfert en voiture priv\u00e9e climatis\u00e9e ;<\/li>\n<li>\u041f\u0440\u043e\u0436\u0438\u0432\u0430\u043d\u0438\u0435 \u0432 \u043e\u0442\u0435\u043b\u0435 Marriott Mena Cairo 5* \u043d\u0430\u043f\u0440\u043e\u0442\u0438\u0432 \u041f\u0438\u0440\u0430\u043c\u0438\u0434;<\/li>\n<li>Guide \u00e9gyptologue parlant russe ;<\/li>\n<li>Frais d'entr\u00e9e pour toutes les attractions mentionn\u00e9es ;<\/li>\n<li>\u041e\u0431\u0435\u0434, \u0437\u0430\u0432\u0442\u0440\u0430\u043a.<\/li>\n<\/ul>\n<p><strong>Non inclus :<\/strong><\/p>\n<ul>\n<li>Transferts de Sahl Hasheesh, Makadi Bay, El Gouna +$10 aller-retour (par groupe de 6 personnes maximum).<\/li>\n<li>Transfert depuis les h\u00f4tels de campagne \u00e0 Soma Bay, Safaga +$20 aller-retour (par groupe jusqu'\u00e0 6 personnes)<\/li>\n<\/ul>\n<p><strong>Emportez-le avec vous :<\/strong><\/p>\n<ul>\n<li>Passeport pour l'enregistrement \u00e0 l'h\u00f4tel ;<\/li>\n<li>Coiffure ;<\/li>\n<li>De l'argent pour les d\u00e9penses personnelles et les souvenirs ;<\/li>\n<li>Produits d'hygi\u00e8ne personnelle ;<\/li>\n<li>Eau potable ;<\/li>\n<li>Collation matinale (\u00e0 la r\u00e9ception de l'h\u00f4tel, expliquez que vous partez t\u00f4t le matin pour une excursion et que vous avez besoin de pr\u00e9parer une bo\u00eete \u00e0 lunch, les h\u00f4tels fourniront ce service gratuitement) ;<\/li>\n<li>Des chaussures confortables ;<\/li>\n<li>V\u00eatements chauds pour le voyage (en hiver).<\/li>\n<\/ul>","protected":false},"excerpt":{"rendered":"<p><b>Dur\u00e9e de l'enqu\u00eate : <\/b>2 jours<\/p>\n<p><strong>Jours de D\u00e9roulement:<\/strong> Chaque jour<\/p>","protected":false},"featured_media":19517,"template":"","meta":{"_kad_post_transparent":"default","_kad_post_title":"","_kad_post_layout":"default","_kad_post_sidebar_id":"","_kad_post_content_style":"default","_kad_post_vertical_padding":"default","_kad_post_feature":"","_kad_post_feature_position":"","_kad_post_header":false,"_kad_post_footer":false,"_kad_post_classname":"","_glsr_average":0,"_glsr_ranking":0,"_glsr_reviews":0},"product_brand":[],"product_cat":[480],"product_tag":[],"class_list":{"0":"post-57500","1":"product","2":"type-product","3":"status-publish","4":"has-post-thumbnail","6":"product_cat-individual-tours-hurghada","7":"tm-has-options","9":"first","10":"instock","11":"sold-individually","12":"taxable","13":"shipping-taxable","14":"purchasable","15":"product-type-simple","16":"entry","17":"content-bg","18":"loop-entry"},"yoast_head":"<!-- This site is optimized with the Yoast SEO plugin v27.3 - https:\/\/yoast.com\/product\/yoast-seo-wordpress\/ -->\n<title>\u041a\u0430\u0438\u0440 \u043d\u0430 2 \u0434\u043d\u044f \u0441 \u043f\u0440\u043e\u0436\u0438\u0432\u0430\u043d\u0438\u0435\u043c \u0432 Marriott Mena Cairo 5* &#8226; \u042d\u043a\u0441\u043a\u0443\u0440\u0441\u0438\u0438 Skyline<\/title>\n<meta name=\"robots\" content=\"index, follow, max-snippet:-1, max-image-preview:large, max-video-preview:-1\" \/>\n<link rel=\"canonical\" href=\"https:\/\/skyline-gs.com\/fr\/produit\/kair-na-2-dnya-s-prozhivaniem-v-marriott-mena-cairo-5\/\" \/>\n<meta property=\"og:locale\" content=\"fr_FR\" \/>\n<meta property=\"og:type\" content=\"article\" \/>\n<meta property=\"og:title\" content=\"\u041a\u0430\u0438\u0440 \u043d\u0430 2 \u0434\u043d\u044f \u0441 \u043f\u0440\u043e\u0436\u0438\u0432\u0430\u043d\u0438\u0435\u043c \u0432 Marriott Mena Cairo 5* &#8226; \u042d\u043a\u0441\u043a\u0443\u0440\u0441\u0438\u0438 Skyline\" \/>\n<meta property=\"og:description\" content=\"\u0414\u043b\u0438\u0442\u0435\u043b\u044c\u043d\u043e\u0441\u0442\u044c: 2 \u0434\u043d\u044f  \u0414\u043d\u0438 \u043f\u0440\u043e\u0432\u0435\u0434\u0435\u043d\u0438\u044f: \u0435\u0436\u0435\u0434\u043d\u0435\u0432\u043d\u043e\" \/>\n<meta property=\"og:url\" content=\"https:\/\/skyline-gs.com\/fr\/produit\/kair-na-2-dnya-s-prozhivaniem-v-marriott-mena-cairo-5\/\" \/>\n<meta property=\"og:site_name\" content=\"\u042d\u043a\u0441\u043a\u0443\u0440\u0441\u0438\u0438 Skyline\" \/>\n<meta property=\"article:modified_time\" content=\"2025-02-11T14:17:11+00:00\" \/>\n<meta property=\"og:image\" content=\"https:\/\/skyline-gs.com\/wp-content\/uploads\/2021\/04\/Kair-2-dnya-9-of-14.jpg\" \/>\n\t<meta property=\"og:image:width\" content=\"900\" \/>\n\t<meta property=\"og:image:height\" content=\"600\" \/>\n\t<meta property=\"og:image:type\" content=\"image\/jpeg\" \/>\n<meta name=\"twitter:card\" content=\"summary_large_image\" \/>\n<meta name=\"twitter:label1\" content=\"Dur\u00e9e de lecture estim\u00e9e\" \/>\n\t<meta name=\"twitter:data1\" content=\"2 minutes\" \/>\n<script type=\"application\/ld+json\" class=\"yoast-schema-graph\">{\"@context\":\"https:\\\/\\\/schema.org\",\"@graph\":[{\"@type\":\"WebPage\",\"@id\":\"https:\\\/\\\/skyline-gs.com\\\/product\\\/kair-na-2-dnya-s-prozhivaniem-v-marriott-mena-cairo-5\\\/\",\"url\":\"https:\\\/\\\/skyline-gs.com\\\/product\\\/kair-na-2-dnya-s-prozhivaniem-v-marriott-mena-cairo-5\\\/\",\"name\":\"\u041a\u0430\u0438\u0440 \u043d\u0430 2 \u0434\u043d\u044f \u0441 \u043f\u0440\u043e\u0436\u0438\u0432\u0430\u043d\u0438\u0435\u043c \u0432 Marriott Mena Cairo 5* &#8226; \u042d\u043a\u0441\u043a\u0443\u0440\u0441\u0438\u0438 Skyline\",\"isPartOf\":{\"@id\":\"https:\\\/\\\/skyline-gs.com\\\/it\\\/#website\"},\"primaryImageOfPage\":{\"@id\":\"https:\\\/\\\/skyline-gs.com\\\/product\\\/kair-na-2-dnya-s-prozhivaniem-v-marriott-mena-cairo-5\\\/#primaryimage\"},\"image\":{\"@id\":\"https:\\\/\\\/skyline-gs.com\\\/product\\\/kair-na-2-dnya-s-prozhivaniem-v-marriott-mena-cairo-5\\\/#primaryimage\"},\"thumbnailUrl\":\"https:\\\/\\\/skyline-gs.com\\\/wp-content\\\/uploads\\\/2021\\\/04\\\/Kair-2-dnya-9-of-14.jpg\",\"datePublished\":\"2021-04-16T00:09:32+00:00\",\"dateModified\":\"2025-02-11T14:17:11+00:00\",\"breadcrumb\":{\"@id\":\"https:\\\/\\\/skyline-gs.com\\\/product\\\/kair-na-2-dnya-s-prozhivaniem-v-marriott-mena-cairo-5\\\/#breadcrumb\"},\"inLanguage\":\"fr-FR\",\"potentialAction\":[{\"@type\":\"ReadAction\",\"target\":[\"https:\\\/\\\/skyline-gs.com\\\/product\\\/kair-na-2-dnya-s-prozhivaniem-v-marriott-mena-cairo-5\\\/\"]}]},{\"@type\":\"ImageObject\",\"inLanguage\":\"fr-FR\",\"@id\":\"https:\\\/\\\/skyline-gs.com\\\/product\\\/kair-na-2-dnya-s-prozhivaniem-v-marriott-mena-cairo-5\\\/#primaryimage\",\"url\":\"https:\\\/\\\/skyline-gs.com\\\/wp-content\\\/uploads\\\/2021\\\/04\\\/Kair-2-dnya-9-of-14.jpg\",\"contentUrl\":\"https:\\\/\\\/skyline-gs.com\\\/wp-content\\\/uploads\\\/2021\\\/04\\\/Kair-2-dnya-9-of-14.jpg\",\"width\":900,\"height\":600},{\"@type\":\"BreadcrumbList\",\"@id\":\"https:\\\/\\\/skyline-gs.com\\\/product\\\/kair-na-2-dnya-s-prozhivaniem-v-marriott-mena-cairo-5\\\/#breadcrumb\",\"itemListElement\":[{\"@type\":\"ListItem\",\"position\":1,\"name\":\"\u0413\u043b\u0430\u0432\u043d\u0430\u044f \u0441\u0442\u0440\u0430\u043d\u0438\u0446\u0430\",\"item\":\"https:\\\/\\\/skyline-gs.com\\\/hu\\\/\"},{\"@type\":\"ListItem\",\"position\":2,\"name\":\"\u041c\u0430\u0433\u0430\u0437\u0438\u043d\",\"item\":\"https:\\\/\\\/skyline-gs.com\\\/cs\\\/shop\\\/\"},{\"@type\":\"ListItem\",\"position\":3,\"name\":\"\u041a\u0430\u0438\u0440 \u043d\u0430 2 \u0434\u043d\u044f \u0441 \u043f\u0440\u043e\u0436\u0438\u0432\u0430\u043d\u0438\u0435\u043c \u0432 Marriott Mena Cairo 5*\"}]},{\"@type\":\"WebSite\",\"@id\":\"https:\\\/\\\/skyline-gs.com\\\/it\\\/#website\",\"url\":\"https:\\\/\\\/skyline-gs.com\\\/it\\\/\",\"name\":\"\u042d\u043a\u0441\u043a\u0443\u0440\u0441\u0438\u0438 Skyline\",\"description\":\"\u042d\u043a\u0441\u043a\u043b\u044e\u0437\u0438\u0432\u043d\u044b\u0435 \u044d\u043a\u0441\u043a\u0443\u0440\u0441\u0438\u0438 \u043d\u0430 \u043b\u0443\u0447\u0448\u0438\u0445 \u043a\u0443\u0440\u043e\u0440\u0442\u0430\u0445 \u043c\u0438\u0440\u0430\",\"publisher\":{\"@id\":\"https:\\\/\\\/skyline-gs.com\\\/it\\\/#organization\"},\"alternateName\":\"Skyline\",\"potentialAction\":[{\"@type\":\"SearchAction\",\"target\":{\"@type\":\"EntryPoint\",\"urlTemplate\":\"https:\\\/\\\/skyline-gs.com\\\/it\\\/?s={search_term_string}\"},\"query-input\":{\"@type\":\"PropertyValueSpecification\",\"valueRequired\":true,\"valueName\":\"search_term_string\"}}],\"inLanguage\":\"fr-FR\"},{\"@type\":\"Organization\",\"@id\":\"https:\\\/\\\/skyline-gs.com\\\/it\\\/#organization\",\"name\":\"\u042d\u043a\u0441\u043a\u0443\u0440\u0441\u0438\u0438 Skyline\",\"alternateName\":\"\u042d\u043a\u0441\u043a\u0443\u0440\u0441\u0438\u0438 Skyline\",\"url\":\"https:\\\/\\\/skyline-gs.com\\\/it\\\/\",\"logo\":{\"@type\":\"ImageObject\",\"inLanguage\":\"fr-FR\",\"@id\":\"https:\\\/\\\/skyline-gs.com\\\/it\\\/#\\\/schema\\\/logo\\\/image\\\/\",\"url\":\"https:\\\/\\\/skyline-gs.com\\\/wp-content\\\/uploads\\\/2020\\\/12\\\/cropped-logo-2.png\",\"contentUrl\":\"https:\\\/\\\/skyline-gs.com\\\/wp-content\\\/uploads\\\/2020\\\/12\\\/cropped-logo-2.png\",\"width\":512,\"height\":512,\"caption\":\"\u042d\u043a\u0441\u043a\u0443\u0440\u0441\u0438\u0438 Skyline\"},\"image\":{\"@id\":\"https:\\\/\\\/skyline-gs.com\\\/it\\\/#\\\/schema\\\/logo\\\/image\\\/\"},\"sameAs\":[\"https:\\\/\\\/www.instagram.com\\\/skylineglobalservice\\\/\"]}]}<\/script>\n<!-- \/ Yoast SEO plugin. -->","yoast_head_json":{"title":"\u041a\u0430\u0438\u0440 \u043d\u0430 2 \u0434\u043d\u044f \u0441 \u043f\u0440\u043e\u0436\u0438\u0432\u0430\u043d\u0438\u0435\u043c \u0432 Marriott Mena Cairo 5* &#8226; \u042d\u043a\u0441\u043a\u0443\u0440\u0441\u0438\u0438 Skyline","robots":{"index":"index","follow":"follow","max-snippet":"max-snippet:-1","max-image-preview":"max-image-preview:large","max-video-preview":"max-video-preview:-1"},"canonical":"https:\/\/skyline-gs.com\/fr\/produit\/kair-na-2-dnya-s-prozhivaniem-v-marriott-mena-cairo-5\/","og_locale":"fr_FR","og_type":"article","og_title":"\u041a\u0430\u0438\u0440 \u043d\u0430 2 \u0434\u043d\u044f \u0441 \u043f\u0440\u043e\u0436\u0438\u0432\u0430\u043d\u0438\u0435\u043c \u0432 Marriott Mena Cairo 5* &#8226; \u042d\u043a\u0441\u043a\u0443\u0440\u0441\u0438\u0438 Skyline","og_description":"\u0414\u043b\u0438\u0442\u0435\u043b\u044c\u043d\u043e\u0441\u0442\u044c: 2 \u0434\u043d\u044f  \u0414\u043d\u0438 \u043f\u0440\u043e\u0432\u0435\u0434\u0435\u043d\u0438\u044f: \u0435\u0436\u0435\u0434\u043d\u0435\u0432\u043d\u043e","og_url":"https:\/\/skyline-gs.com\/fr\/produit\/kair-na-2-dnya-s-prozhivaniem-v-marriott-mena-cairo-5\/","og_site_name":"\u042d\u043a\u0441\u043a\u0443\u0440\u0441\u0438\u0438 Skyline","article_modified_time":"2025-02-11T14:17:11+00:00","og_image":[{"width":900,"height":600,"url":"https:\/\/skyline-gs.com\/wp-content\/uploads\/2021\/04\/Kair-2-dnya-9-of-14.jpg","type":"image\/jpeg"}],"twitter_card":"summary_large_image","twitter_misc":{"Dur\u00e9e de lecture estim\u00e9e":"2 minutes"},"schema":{"@context":"https:\/\/schema.org","@graph":[{"@type":"WebPage","@id":"https:\/\/skyline-gs.com\/product\/kair-na-2-dnya-s-prozhivaniem-v-marriott-mena-cairo-5\/","url":"https:\/\/skyline-gs.com\/product\/kair-na-2-dnya-s-prozhivaniem-v-marriott-mena-cairo-5\/","name":"\u041a\u0430\u0438\u0440 \u043d\u0430 2 \u0434\u043d\u044f \u0441 \u043f\u0440\u043e\u0436\u0438\u0432\u0430\u043d\u0438\u0435\u043c \u0432 Marriott Mena Cairo 5* &#8226; \u042d\u043a\u0441\u043a\u0443\u0440\u0441\u0438\u0438 Skyline","isPartOf":{"@id":"https:\/\/skyline-gs.com\/it\/#website"},"primaryImageOfPage":{"@id":"https:\/\/skyline-gs.com\/product\/kair-na-2-dnya-s-prozhivaniem-v-marriott-mena-cairo-5\/#primaryimage"},"image":{"@id":"https:\/\/skyline-gs.com\/product\/kair-na-2-dnya-s-prozhivaniem-v-marriott-mena-cairo-5\/#primaryimage"},"thumbnailUrl":"https:\/\/skyline-gs.com\/wp-content\/uploads\/2021\/04\/Kair-2-dnya-9-of-14.jpg","datePublished":"2021-04-16T00:09:32+00:00","dateModified":"2025-02-11T14:17:11+00:00","breadcrumb":{"@id":"https:\/\/skyline-gs.com\/product\/kair-na-2-dnya-s-prozhivaniem-v-marriott-mena-cairo-5\/#breadcrumb"},"inLanguage":"fr-FR","potentialAction":[{"@type":"ReadAction","target":["https:\/\/skyline-gs.com\/product\/kair-na-2-dnya-s-prozhivaniem-v-marriott-mena-cairo-5\/"]}]},{"@type":"ImageObject","inLanguage":"fr-FR","@id":"https:\/\/skyline-gs.com\/product\/kair-na-2-dnya-s-prozhivaniem-v-marriott-mena-cairo-5\/#primaryimage","url":"https:\/\/skyline-gs.com\/wp-content\/uploads\/2021\/04\/Kair-2-dnya-9-of-14.jpg","contentUrl":"https:\/\/skyline-gs.com\/wp-content\/uploads\/2021\/04\/Kair-2-dnya-9-of-14.jpg","width":900,"height":600},{"@type":"BreadcrumbList","@id":"https:\/\/skyline-gs.com\/product\/kair-na-2-dnya-s-prozhivaniem-v-marriott-mena-cairo-5\/#breadcrumb","itemListElement":[{"@type":"ListItem","position":1,"name":"\u0413\u043b\u0430\u0432\u043d\u0430\u044f \u0441\u0442\u0440\u0430\u043d\u0438\u0446\u0430","item":"https:\/\/skyline-gs.com\/hu\/"},{"@type":"ListItem","position":2,"name":"\u041c\u0430\u0433\u0430\u0437\u0438\u043d","item":"https:\/\/skyline-gs.com\/cs\/shop\/"},{"@type":"ListItem","position":3,"name":"\u041a\u0430\u0438\u0440 \u043d\u0430 2 \u0434\u043d\u044f \u0441 \u043f\u0440\u043e\u0436\u0438\u0432\u0430\u043d\u0438\u0435\u043c \u0432 Marriott Mena Cairo 5*"}]},{"@type":"WebSite","@id":"https:\/\/skyline-gs.com\/it\/#website","url":"https:\/\/skyline-gs.com\/it\/","name":"Excursions Skyline","description":"Excursions exclusives dans les meilleurs centres de vill\u00e9giature du monde","publisher":{"@id":"https:\/\/skyline-gs.com\/it\/#organization"},"alternateName":"Skyline","potentialAction":[{"@type":"SearchAction","target":{"@type":"EntryPoint","urlTemplate":"https:\/\/skyline-gs.com\/it\/?s={search_term_string}"},"query-input":{"@type":"PropertyValueSpecification","valueRequired":true,"valueName":"search_term_string"}}],"inLanguage":"fr-FR"},{"@type":"Organization","@id":"https:\/\/skyline-gs.com\/it\/#organization","name":"Excursions Skyline","alternateName":"\u042d\u043a\u0441\u043a\u0443\u0440\u0441\u0438\u0438 Skyline","url":"https:\/\/skyline-gs.com\/it\/","logo":{"@type":"ImageObject","inLanguage":"fr-FR","@id":"https:\/\/skyline-gs.com\/it\/#\/schema\/logo\/image\/","url":"https:\/\/skyline-gs.com\/wp-content\/uploads\/2020\/12\/cropped-logo-2.png","contentUrl":"https:\/\/skyline-gs.com\/wp-content\/uploads\/2020\/12\/cropped-logo-2.png","width":512,"height":512,"caption":"\u042d\u043a\u0441\u043a\u0443\u0440\u0441\u0438\u0438 Skyline"},"image":{"@id":"https:\/\/skyline-gs.com\/it\/#\/schema\/logo\/image\/"},"sameAs":["https:\/\/www.instagram.com\/skylineglobalservice\/"]}]}},"_links":{"self":[{"href":"https:\/\/skyline-gs.com\/fr\/wp-json\/wp\/v2\/product\/57500","targetHints":{"allow":["GET"]}}],"collection":[{"href":"https:\/\/skyline-gs.com\/fr\/wp-json\/wp\/v2\/product"}],"about":[{"href":"https:\/\/skyline-gs.com\/fr\/wp-json\/wp\/v2\/types\/product"}],"version-history":[{"count":0,"href":"https:\/\/skyline-gs.com\/fr\/wp-json\/wp\/v2\/product\/57500\/revisions"}],"wp:featuredmedia":[{"embeddable":true,"href":"https:\/\/skyline-gs.com\/fr\/wp-json\/wp\/v2\/media\/19517"}],"wp:attachment":[{"href":"https:\/\/skyline-gs.com\/fr\/wp-json\/wp\/v2\/media?parent=57500"}],"wp:term":[{"taxonomy":"product_brand","embeddable":true,"href":"https:\/\/skyline-gs.com\/fr\/wp-json\/wp\/v2\/product_brand?post=57500"},{"taxonomy":"product_cat","embeddable":true,"href":"https:\/\/skyline-gs.com\/fr\/wp-json\/wp\/v2\/product_cat?post=57500"},{"taxonomy":"product_tag","embeddable":true,"href":"https:\/\/skyline-gs.com\/fr\/wp-json\/wp\/v2\/product_tag?post=57500"}],"curies":[{"name":"wp","href":"https:\/\/api.w.org\/{rel}","templated":true}]}}