{"id":57497,"date":"2021-04-15T19:54:41","date_gmt":"2021-04-15T16:54:41","guid":{"rendered":"https:\/\/hurghada.skyline-gs.com\/?post_type=product&#038;p=19438"},"modified":"2026-01-31T00:11:15","modified_gmt":"2026-01-30T22:11:15","slug":"privat-cairo-hurghada","status":"publish","type":"product","link":"https:\/\/skyline-gs.com\/fr\/product\/privat-cairo-hurghada\/","title":{"rendered":"Personnalis\u00e9 Le Caire et les Pyramides de Gizeh"},"content":{"rendered":"<p>1h00 : d\u00e9part de l'h\u00f4tel. Le voyage aller dure environ 7 heures. En chemin, vous verrez la c\u00f4te de la mer Rouge.<\/p>\n<p>8:30 \u043f\u0440\u0438\u0435\u0437\u0434 \u0432 \u041a\u0430\u0438\u0440 \u0438 \u043e\u0441\u043c\u043e\u0442\u0440 \u043e\u0434\u043d\u043e\u0433\u043e \u0438\u0437 \u0441\u0430\u043c\u044b\u0445 \u0431\u043e\u043b\u044c\u0448\u0438\u0445 \u0433\u0443\u0441\u0442\u043e\u043d\u0430\u0441\u0435\u043b\u0435\u043d\u043d\u044b\u0445 \u0433\u043e\u0440\u043e\u0434\u043e\u0432 \u0410\u0444\u0440\u0438\u043a\u0438. \u0415\u0433\u0438\u043f\u0435\u0442\u0441\u043a\u0438\u0439 \u043c\u0443\u0437\u0435\u0439, \u0433\u0434\u0435 \u0441\u043e\u0431\u0440\u0430\u043d\u043e \u043e\u0433\u0440\u043e\u043c\u043d\u043e\u0435 \u043a\u043e\u043b\u0438\u0447\u0435\u0441\u0442\u0432\u043e \u0435\u0433\u0438\u043f\u0435\u0442\u0441\u043a\u0438\u0445 \u0434\u0440\u0435\u0432\u043d\u043e\u0441\u0442\u0435\u0439. \u0412 \u043c\u0443\u0437\u0435\u0435, \u0441\u043e\u0441\u0442\u043e\u044f\u0449\u0435\u043c \u0431\u043e\u043b\u0435\u0435 \u0447\u0435\u043c \u0438\u0437 \u0441\u0442\u0430 \u0437\u0430\u043b\u043e\u0432, \u043d\u0430\u0445\u043e\u0434\u044f\u0442\u0441\u044f \u0443\u043d\u0438\u043a\u0430\u043b\u044c\u043d\u044b\u0435 \u044d\u043a\u0441\u043f\u043e\u043d\u0430\u0442\u044b, \u0432\u043e\u0437\u0440\u0430\u0441\u0442 \u043a\u043e\u0442\u043e\u0440\u044b\u0445 \u043e\u043a\u043e\u043b\u043e \u043f\u044f\u0442\u0438 \u0442\u044b\u0441\u044f\u0447 \u043b\u0435\u0442. \u0412\u044b \u0443\u0432\u0438\u0434\u0438\u0442\u0435 \u0441\u0442\u0430\u0442\u0443\u0438 \u0441\u0430\u043c\u044b\u0445 \u0438\u0437\u0432\u0435\u0441\u0442\u043d\u044b\u0445 \u0444\u0430\u0440\u0430\u043e\u043d\u043e\u0432, \u0442\u0430\u043a\u0438\u0445 \u043a\u0430\u043a \u0425\u0435\u043e\u043f\u0441, \u0425\u0435\u0444\u0440\u0435\u043d, \u041c\u0438\u043a\u0435\u0440\u0438\u043d, \u0425\u0430\u0442\u0448\u0435\u043f\u0441\u0443\u0442, \u042d\u0445\u043d\u0430\u0442\u043e\u043d \u0438 \u0434\u0440\u0443\u0433\u0438\u0435. \u0417\u043e\u043b\u043e\u0442\u044b\u0435 \u0441\u0430\u0440\u043a\u043e\u0444\u0430\u0433\u0438, \u0441\u0442\u0430\u0442\u0443\u0438 \u0438 \u0441\u043e\u043a\u0440\u043e\u0432\u0438\u0449\u0430 \u0438\u0437 \u0433\u0440\u043e\u0431\u043d\u0438\u0446\u044b \u0441\u0430\u043c\u043e\u0433\u043e \u0422\u0443\u0442\u0430\u043d\u0445\u0430\u043c\u043e\u043d\u0430. \u041f\u0440\u043e\u0433\u0443\u043b\u043a\u0430 \u043f\u043e \u0440\u0435\u043a\u0435 \u041d\u0438\u043b (\u043f\u043e \u0436\u0435\u043b\u0430\u043d\u0438\u044e, \u0437\u0430 \u0434\u043e\u043f\u043e\u043b\u043d\u0438\u0442\u0435\u043b\u044c\u043d\u0443\u044e \u043f\u043b\u0430\u0442\u0443).<\/p>\n<p>D\u00e9jeuner dans un restaurant buffet (boissons non comprises). Apr\u00e8s le d\u00e9jeuner, vous vous rendrez \u00e0 l'endroit o\u00f9 le temps s'est arr\u00eat\u00e9, au symbole de l'\u00c9gypte - les grandes pyramides et le Sphinx. Il y a plus de 100 pyramides en \u00c9gypte, mais les plus c\u00e9l\u00e8bres sont les pyramides de Gizeh, qui sont consid\u00e9r\u00e9es comme la premi\u00e8re merveille du monde de tous les temps. Gizeh est une banlieue du Caire et est c\u00e9l\u00e8bre dans le monde entier. Vous visiterez le mus\u00e9e du papyrus, o\u00f9 l'on vous expliquera et vous montrera comment le papyrus \u00e9tait fabriqu\u00e9 dans l'Antiquit\u00e9, ou l'usine de parfums et d'huiles. Retour \u00e0 l'h\u00f4tel vers 22h00.<\/p>\n<p><strong>Inclus :<\/strong><\/p>\n<ul>\n<li>Transfert en voiture priv\u00e9e climatis\u00e9e ;<\/li>\n<li>Guide \u00e9gyptologue russophone au Caire ;<\/li>\n<li>Frais d'entr\u00e9e pour toutes les attractions mentionn\u00e9es ;<\/li>\n<li>Visite du mus\u00e9e \u00e9gyptien avec un guide russophone - \u00e9gyptologue ;<\/li>\n<li>Visite des pyramides de Gizeh avec un guide \u00e9gyptologue parlant russe ;<\/li>\n<li>Visite du l\u00e9gendaire Sphinx avec un guide \u00e9gyptologue parlant russe ;<\/li>\n<li>D\u00e9jeuner dans un restaurant du Caire.<\/li>\n<\/ul>\n<p><strong>Non inclus :<\/strong><\/p>\n<ul>\n<li>\u041f\u0440\u043e\u0433\u0443\u043b\u043a\u0430 \u043f\u043e \u0440\u0435\u043a\u0435 \u041d\u0438\u043b (\u043f\u043e \u0436\u0435\u043b\u0430\u043d\u0438\u044e \u0437\u0430 \u0434\u043e\u043f\u043e\u043b\u043d\u0438\u0442\u0435\u043b\u044c\u043d\u0443\u044e \u043f\u043b\u0430\u0442\u0443).<\/li>\n<li>Transferts de Sahl Hasheesh, Makadi Bay, El Gouna +$10 aller-retour (par groupe de 6 personnes maximum).<\/li>\n<li>Transfert depuis les h\u00f4tels de campagne \u00e0 Soma Bay, Safaga +$20 aller-retour (par groupe jusqu'\u00e0 6 personnes)<\/li>\n<\/ul>\n<p><strong>Emportez-le avec vous :<\/strong><\/p>\n<ul>\n<li>Passeport ;<\/li>\n<li>Coiffure ;<\/li>\n<li>De l'argent pour les d\u00e9penses personnelles et les souvenirs ;<\/li>\n<li>Produits d'hygi\u00e8ne personnelle ;<\/li>\n<li>Eau potable ;<\/li>\n<li>Collation matinale (\u00e0 la r\u00e9ception de l'h\u00f4tel, expliquez que vous partez t\u00f4t le matin pour une excursion et que vous avez besoin de pr\u00e9parer une bo\u00eete \u00e0 lunch, les h\u00f4tels fourniront ce service gratuitement) ;<\/li>\n<li>Des chaussures confortables ;<\/li>\n<li>V\u00eatements chauds pour le voyage (en hiver).<\/li>\n<\/ul>\n<p><strong>Conditions de r\u00e9servation :<\/strong><\/p>\n<ul>\n<li>Un pr\u00e9paiement de 50$ est exig\u00e9. Remboursable en cas d'annulation 24 heures \u00e0 l'avance.<\/li>\n<\/ul>","protected":false},"excerpt":{"rendered":"<p><strong>Temps du Tour:<\/strong> 1:00 -22:00<\/p>\n<p><strong>Jours de D\u00e9roulement:<\/strong> Tous les jours.<\/p>","protected":false},"featured_media":18337,"template":"","meta":{"_kad_post_transparent":"default","_kad_post_title":"","_kad_post_layout":"default","_kad_post_sidebar_id":"","_kad_post_content_style":"default","_kad_post_vertical_padding":"default","_kad_post_feature":"","_kad_post_feature_position":"","_kad_post_header":false,"_kad_post_footer":false,"_kad_post_classname":"","_glsr_average":0,"_glsr_ranking":0,"_glsr_reviews":0},"product_brand":[],"product_cat":[480],"product_tag":[],"class_list":{"0":"post-57497","1":"product","2":"type-product","3":"status-publish","4":"has-post-thumbnail","6":"product_cat-individual-tours-hurghada","7":"tm-has-options","9":"first","10":"instock","11":"sale","12":"sold-individually","13":"taxable","14":"shipping-taxable","15":"purchasable","16":"product-type-simple","17":"entry","18":"content-bg","19":"loop-entry"},"yoast_head":"<!-- This site is optimized with the Yoast SEO plugin v27.3 - https:\/\/yoast.com\/product\/yoast-seo-wordpress\/ -->\n<title>\u0418\u043d\u0434\u0438\u0432\u0438\u0434\u0443\u0430\u043b\u044c\u043d\u044b\u0439 \u041a\u0430\u0438\u0440 \u0438 \u041f\u0438\u0440\u0430\u043c\u0438\u0434\u044b \u0413\u0438\u0437\u044b &#8226; \u042d\u043a\u0441\u043a\u0443\u0440\u0441\u0438\u0438 Skyline<\/title>\n<meta name=\"robots\" content=\"index, follow, max-snippet:-1, max-image-preview:large, max-video-preview:-1\" \/>\n<link rel=\"canonical\" href=\"https:\/\/skyline-gs.com\/fr\/produit\/privat-cairo-hurghada\/\" \/>\n<meta property=\"og:locale\" content=\"fr_FR\" \/>\n<meta property=\"og:type\" content=\"article\" \/>\n<meta property=\"og:title\" content=\"\u0418\u043d\u0434\u0438\u0432\u0438\u0434\u0443\u0430\u043b\u044c\u043d\u044b\u0439 \u041a\u0430\u0438\u0440 \u0438 \u041f\u0438\u0440\u0430\u043c\u0438\u0434\u044b \u0413\u0438\u0437\u044b &#8226; \u042d\u043a\u0441\u043a\u0443\u0440\u0441\u0438\u0438 Skyline\" \/>\n<meta property=\"og:description\" content=\"\u0412\u0440\u0435\u043c\u044f \u0442\u0443\u0440\u0430: 1:00 -22:00  \u0414\u043d\u0438 \u043f\u0440\u043e\u0432\u0435\u0434\u0435\u043d\u0438\u044f: \u041a\u0430\u0436\u0434\u044b\u0439 \u0434\u0435\u043d\u044c\" \/>\n<meta property=\"og:url\" content=\"https:\/\/skyline-gs.com\/fr\/produit\/privat-cairo-hurghada\/\" \/>\n<meta property=\"og:site_name\" content=\"\u042d\u043a\u0441\u043a\u0443\u0440\u0441\u0438\u0438 Skyline\" \/>\n<meta property=\"article:modified_time\" content=\"2026-01-30T22:11:15+00:00\" \/>\n<meta property=\"og:image\" content=\"https:\/\/skyline-gs.com\/wp-content\/uploads\/2021\/01\/Kair-1-of-11.jpg\" \/>\n\t<meta property=\"og:image:width\" content=\"900\" \/>\n\t<meta property=\"og:image:height\" content=\"600\" \/>\n\t<meta property=\"og:image:type\" content=\"image\/jpeg\" \/>\n<meta name=\"twitter:card\" content=\"summary_large_image\" \/>\n<meta name=\"twitter:label1\" content=\"Dur\u00e9e de lecture estim\u00e9e\" \/>\n\t<meta name=\"twitter:data1\" content=\"2 minutes\" \/>\n<script type=\"application\/ld+json\" class=\"yoast-schema-graph\">{\"@context\":\"https:\\\/\\\/schema.org\",\"@graph\":[{\"@type\":\"WebPage\",\"@id\":\"https:\\\/\\\/skyline-gs.com\\\/product\\\/privat-cairo-hurghada\\\/\",\"url\":\"https:\\\/\\\/skyline-gs.com\\\/product\\\/privat-cairo-hurghada\\\/\",\"name\":\"\u0418\u043d\u0434\u0438\u0432\u0438\u0434\u0443\u0430\u043b\u044c\u043d\u044b\u0439 \u041a\u0430\u0438\u0440 \u0438 \u041f\u0438\u0440\u0430\u043c\u0438\u0434\u044b \u0413\u0438\u0437\u044b &#8226; \u042d\u043a\u0441\u043a\u0443\u0440\u0441\u0438\u0438 Skyline\",\"isPartOf\":{\"@id\":\"https:\\\/\\\/skyline-gs.com\\\/it\\\/#website\"},\"primaryImageOfPage\":{\"@id\":\"https:\\\/\\\/skyline-gs.com\\\/product\\\/privat-cairo-hurghada\\\/#primaryimage\"},\"image\":{\"@id\":\"https:\\\/\\\/skyline-gs.com\\\/product\\\/privat-cairo-hurghada\\\/#primaryimage\"},\"thumbnailUrl\":\"https:\\\/\\\/skyline-gs.com\\\/wp-content\\\/uploads\\\/2021\\\/01\\\/Kair-1-of-11.jpg\",\"datePublished\":\"2021-04-15T16:54:41+00:00\",\"dateModified\":\"2026-01-30T22:11:15+00:00\",\"breadcrumb\":{\"@id\":\"https:\\\/\\\/skyline-gs.com\\\/product\\\/privat-cairo-hurghada\\\/#breadcrumb\"},\"inLanguage\":\"fr-FR\",\"potentialAction\":[{\"@type\":\"ReadAction\",\"target\":[\"https:\\\/\\\/skyline-gs.com\\\/product\\\/privat-cairo-hurghada\\\/\"]}]},{\"@type\":\"ImageObject\",\"inLanguage\":\"fr-FR\",\"@id\":\"https:\\\/\\\/skyline-gs.com\\\/product\\\/privat-cairo-hurghada\\\/#primaryimage\",\"url\":\"https:\\\/\\\/skyline-gs.com\\\/wp-content\\\/uploads\\\/2021\\\/01\\\/Kair-1-of-11.jpg\",\"contentUrl\":\"https:\\\/\\\/skyline-gs.com\\\/wp-content\\\/uploads\\\/2021\\\/01\\\/Kair-1-of-11.jpg\",\"width\":900,\"height\":600},{\"@type\":\"BreadcrumbList\",\"@id\":\"https:\\\/\\\/skyline-gs.com\\\/product\\\/privat-cairo-hurghada\\\/#breadcrumb\",\"itemListElement\":[{\"@type\":\"ListItem\",\"position\":1,\"name\":\"\u0413\u043b\u0430\u0432\u043d\u0430\u044f \u0441\u0442\u0440\u0430\u043d\u0438\u0446\u0430\",\"item\":\"https:\\\/\\\/skyline-gs.com\\\/hu\\\/\"},{\"@type\":\"ListItem\",\"position\":2,\"name\":\"\u041c\u0430\u0433\u0430\u0437\u0438\u043d\",\"item\":\"https:\\\/\\\/skyline-gs.com\\\/cs\\\/shop\\\/\"},{\"@type\":\"ListItem\",\"position\":3,\"name\":\"\u0418\u043d\u0434\u0438\u0432\u0438\u0434\u0443\u0430\u043b\u044c\u043d\u044b\u0439 \u041a\u0430\u0438\u0440 \u0438 \u041f\u0438\u0440\u0430\u043c\u0438\u0434\u044b \u0413\u0438\u0437\u044b\"}]},{\"@type\":\"WebSite\",\"@id\":\"https:\\\/\\\/skyline-gs.com\\\/it\\\/#website\",\"url\":\"https:\\\/\\\/skyline-gs.com\\\/it\\\/\",\"name\":\"\u042d\u043a\u0441\u043a\u0443\u0440\u0441\u0438\u0438 Skyline\",\"description\":\"\u042d\u043a\u0441\u043a\u043b\u044e\u0437\u0438\u0432\u043d\u044b\u0435 \u044d\u043a\u0441\u043a\u0443\u0440\u0441\u0438\u0438 \u043d\u0430 \u043b\u0443\u0447\u0448\u0438\u0445 \u043a\u0443\u0440\u043e\u0440\u0442\u0430\u0445 \u043c\u0438\u0440\u0430\",\"publisher\":{\"@id\":\"https:\\\/\\\/skyline-gs.com\\\/it\\\/#organization\"},\"alternateName\":\"Skyline\",\"potentialAction\":[{\"@type\":\"SearchAction\",\"target\":{\"@type\":\"EntryPoint\",\"urlTemplate\":\"https:\\\/\\\/skyline-gs.com\\\/it\\\/?s={search_term_string}\"},\"query-input\":{\"@type\":\"PropertyValueSpecification\",\"valueRequired\":true,\"valueName\":\"search_term_string\"}}],\"inLanguage\":\"fr-FR\"},{\"@type\":\"Organization\",\"@id\":\"https:\\\/\\\/skyline-gs.com\\\/it\\\/#organization\",\"name\":\"\u042d\u043a\u0441\u043a\u0443\u0440\u0441\u0438\u0438 Skyline\",\"alternateName\":\"\u042d\u043a\u0441\u043a\u0443\u0440\u0441\u0438\u0438 Skyline\",\"url\":\"https:\\\/\\\/skyline-gs.com\\\/it\\\/\",\"logo\":{\"@type\":\"ImageObject\",\"inLanguage\":\"fr-FR\",\"@id\":\"https:\\\/\\\/skyline-gs.com\\\/it\\\/#\\\/schema\\\/logo\\\/image\\\/\",\"url\":\"https:\\\/\\\/skyline-gs.com\\\/wp-content\\\/uploads\\\/2020\\\/12\\\/cropped-logo-2.png\",\"contentUrl\":\"https:\\\/\\\/skyline-gs.com\\\/wp-content\\\/uploads\\\/2020\\\/12\\\/cropped-logo-2.png\",\"width\":512,\"height\":512,\"caption\":\"\u042d\u043a\u0441\u043a\u0443\u0440\u0441\u0438\u0438 Skyline\"},\"image\":{\"@id\":\"https:\\\/\\\/skyline-gs.com\\\/it\\\/#\\\/schema\\\/logo\\\/image\\\/\"},\"sameAs\":[\"https:\\\/\\\/www.instagram.com\\\/skylineglobalservice\\\/\"]}]}<\/script>\n<!-- \/ Yoast SEO plugin. -->","yoast_head_json":{"title":"\u0418\u043d\u0434\u0438\u0432\u0438\u0434\u0443\u0430\u043b\u044c\u043d\u044b\u0439 \u041a\u0430\u0438\u0440 \u0438 \u041f\u0438\u0440\u0430\u043c\u0438\u0434\u044b \u0413\u0438\u0437\u044b &#8226; \u042d\u043a\u0441\u043a\u0443\u0440\u0441\u0438\u0438 Skyline","robots":{"index":"index","follow":"follow","max-snippet":"max-snippet:-1","max-image-preview":"max-image-preview:large","max-video-preview":"max-video-preview:-1"},"canonical":"https:\/\/skyline-gs.com\/fr\/produit\/privat-cairo-hurghada\/","og_locale":"fr_FR","og_type":"article","og_title":"\u0418\u043d\u0434\u0438\u0432\u0438\u0434\u0443\u0430\u043b\u044c\u043d\u044b\u0439 \u041a\u0430\u0438\u0440 \u0438 \u041f\u0438\u0440\u0430\u043c\u0438\u0434\u044b \u0413\u0438\u0437\u044b &#8226; \u042d\u043a\u0441\u043a\u0443\u0440\u0441\u0438\u0438 Skyline","og_description":"\u0412\u0440\u0435\u043c\u044f \u0442\u0443\u0440\u0430: 1:00 -22:00  \u0414\u043d\u0438 \u043f\u0440\u043e\u0432\u0435\u0434\u0435\u043d\u0438\u044f: \u041a\u0430\u0436\u0434\u044b\u0439 \u0434\u0435\u043d\u044c","og_url":"https:\/\/skyline-gs.com\/fr\/produit\/privat-cairo-hurghada\/","og_site_name":"\u042d\u043a\u0441\u043a\u0443\u0440\u0441\u0438\u0438 Skyline","article_modified_time":"2026-01-30T22:11:15+00:00","og_image":[{"width":900,"height":600,"url":"https:\/\/skyline-gs.com\/wp-content\/uploads\/2021\/01\/Kair-1-of-11.jpg","type":"image\/jpeg"}],"twitter_card":"summary_large_image","twitter_misc":{"Dur\u00e9e de lecture estim\u00e9e":"2 minutes"},"schema":{"@context":"https:\/\/schema.org","@graph":[{"@type":"WebPage","@id":"https:\/\/skyline-gs.com\/product\/privat-cairo-hurghada\/","url":"https:\/\/skyline-gs.com\/product\/privat-cairo-hurghada\/","name":"\u0418\u043d\u0434\u0438\u0432\u0438\u0434\u0443\u0430\u043b\u044c\u043d\u044b\u0439 \u041a\u0430\u0438\u0440 \u0438 \u041f\u0438\u0440\u0430\u043c\u0438\u0434\u044b \u0413\u0438\u0437\u044b &#8226; \u042d\u043a\u0441\u043a\u0443\u0440\u0441\u0438\u0438 Skyline","isPartOf":{"@id":"https:\/\/skyline-gs.com\/it\/#website"},"primaryImageOfPage":{"@id":"https:\/\/skyline-gs.com\/product\/privat-cairo-hurghada\/#primaryimage"},"image":{"@id":"https:\/\/skyline-gs.com\/product\/privat-cairo-hurghada\/#primaryimage"},"thumbnailUrl":"https:\/\/skyline-gs.com\/wp-content\/uploads\/2021\/01\/Kair-1-of-11.jpg","datePublished":"2021-04-15T16:54:41+00:00","dateModified":"2026-01-30T22:11:15+00:00","breadcrumb":{"@id":"https:\/\/skyline-gs.com\/product\/privat-cairo-hurghada\/#breadcrumb"},"inLanguage":"fr-FR","potentialAction":[{"@type":"ReadAction","target":["https:\/\/skyline-gs.com\/product\/privat-cairo-hurghada\/"]}]},{"@type":"ImageObject","inLanguage":"fr-FR","@id":"https:\/\/skyline-gs.com\/product\/privat-cairo-hurghada\/#primaryimage","url":"https:\/\/skyline-gs.com\/wp-content\/uploads\/2021\/01\/Kair-1-of-11.jpg","contentUrl":"https:\/\/skyline-gs.com\/wp-content\/uploads\/2021\/01\/Kair-1-of-11.jpg","width":900,"height":600},{"@type":"BreadcrumbList","@id":"https:\/\/skyline-gs.com\/product\/privat-cairo-hurghada\/#breadcrumb","itemListElement":[{"@type":"ListItem","position":1,"name":"\u0413\u043b\u0430\u0432\u043d\u0430\u044f \u0441\u0442\u0440\u0430\u043d\u0438\u0446\u0430","item":"https:\/\/skyline-gs.com\/hu\/"},{"@type":"ListItem","position":2,"name":"\u041c\u0430\u0433\u0430\u0437\u0438\u043d","item":"https:\/\/skyline-gs.com\/cs\/shop\/"},{"@type":"ListItem","position":3,"name":"\u0418\u043d\u0434\u0438\u0432\u0438\u0434\u0443\u0430\u043b\u044c\u043d\u044b\u0439 \u041a\u0430\u0438\u0440 \u0438 \u041f\u0438\u0440\u0430\u043c\u0438\u0434\u044b \u0413\u0438\u0437\u044b"}]},{"@type":"WebSite","@id":"https:\/\/skyline-gs.com\/it\/#website","url":"https:\/\/skyline-gs.com\/it\/","name":"Excursions Skyline","description":"Excursions exclusives dans les meilleurs centres de vill\u00e9giature du monde","publisher":{"@id":"https:\/\/skyline-gs.com\/it\/#organization"},"alternateName":"Skyline","potentialAction":[{"@type":"SearchAction","target":{"@type":"EntryPoint","urlTemplate":"https:\/\/skyline-gs.com\/it\/?s={search_term_string}"},"query-input":{"@type":"PropertyValueSpecification","valueRequired":true,"valueName":"search_term_string"}}],"inLanguage":"fr-FR"},{"@type":"Organization","@id":"https:\/\/skyline-gs.com\/it\/#organization","name":"Excursions Skyline","alternateName":"\u042d\u043a\u0441\u043a\u0443\u0440\u0441\u0438\u0438 Skyline","url":"https:\/\/skyline-gs.com\/it\/","logo":{"@type":"ImageObject","inLanguage":"fr-FR","@id":"https:\/\/skyline-gs.com\/it\/#\/schema\/logo\/image\/","url":"https:\/\/skyline-gs.com\/wp-content\/uploads\/2020\/12\/cropped-logo-2.png","contentUrl":"https:\/\/skyline-gs.com\/wp-content\/uploads\/2020\/12\/cropped-logo-2.png","width":512,"height":512,"caption":"\u042d\u043a\u0441\u043a\u0443\u0440\u0441\u0438\u0438 Skyline"},"image":{"@id":"https:\/\/skyline-gs.com\/it\/#\/schema\/logo\/image\/"},"sameAs":["https:\/\/www.instagram.com\/skylineglobalservice\/"]}]}},"_links":{"self":[{"href":"https:\/\/skyline-gs.com\/fr\/wp-json\/wp\/v2\/product\/57497","targetHints":{"allow":["GET"]}}],"collection":[{"href":"https:\/\/skyline-gs.com\/fr\/wp-json\/wp\/v2\/product"}],"about":[{"href":"https:\/\/skyline-gs.com\/fr\/wp-json\/wp\/v2\/types\/product"}],"version-history":[{"count":0,"href":"https:\/\/skyline-gs.com\/fr\/wp-json\/wp\/v2\/product\/57497\/revisions"}],"wp:featuredmedia":[{"embeddable":true,"href":"https:\/\/skyline-gs.com\/fr\/wp-json\/wp\/v2\/media\/18337"}],"wp:attachment":[{"href":"https:\/\/skyline-gs.com\/fr\/wp-json\/wp\/v2\/media?parent=57497"}],"wp:term":[{"taxonomy":"product_brand","embeddable":true,"href":"https:\/\/skyline-gs.com\/fr\/wp-json\/wp\/v2\/product_brand?post=57497"},{"taxonomy":"product_cat","embeddable":true,"href":"https:\/\/skyline-gs.com\/fr\/wp-json\/wp\/v2\/product_cat?post=57497"},{"taxonomy":"product_tag","embeddable":true,"href":"https:\/\/skyline-gs.com\/fr\/wp-json\/wp\/v2\/product_tag?post=57497"}],"curies":[{"name":"wp","href":"https:\/\/api.w.org\/{rel}","templated":true}]}}