{"id":56255,"date":"2022-11-13T01:14:35","date_gmt":"2022-11-12T22:14:35","guid":{"rendered":"https:\/\/dubai.skyline-gs.com\/?post_type=product&#038;p=41063"},"modified":"2025-11-12T00:12:47","modified_gmt":"2025-11-11T22:12:47","slug":"yacht-lurssen-capri-1-dubai-2","status":"publish","type":"product","link":"https:\/\/skyline-gs.com\/fr\/product\/yacht-lurssen-capri-1-dubai\/","title":{"rendered":"Yacht Lurssen CAPRI 1"},"content":{"rendered":"<p>Passez vos vacances dans un cadre luxueux - \u00e0 bord d'un yacht \u00e0 la mode \u00e0 voile blanche, glissant sur les eaux azur du doux golfe Persique. Profitez de l'une des lignes d'horizon les plus pittoresques, parmi les gratte-ciel et les sites pr\u00e9f\u00e9r\u00e9s de Duba\u00ef : Burj Al Arab, Atlantis et Burj Khalifa. Un \u00e9quipage courtois et un service de qualit\u00e9 sup\u00e9rieure sont \u00e0 votre disposition.<\/p>\n<p>Le yacht \u00e0 moteur CAPRI I, construit en 2003 par le chantier naval allemand L\u00fcrssen, allie un style classique \u00e0 des \u00e9quipements modernes. L'int\u00e9rieur et l'ext\u00e9rieur du yacht, y compris la coque en acier et la superstructure en aluminium, ont \u00e9t\u00e9 con\u00e7us par Glade Johnson. Ce navire unique peut accueillir 12 personnes pour des s\u00e9jours prolong\u00e9s. Les cinq ponts offrent un large \u00e9ventail d'\u00e9quipements modernes. L'int\u00e9rieur combine des \u00e9l\u00e9ments classiques et modernes. Par exemple, certaines zones sont d\u00e9cor\u00e9es de marbre, de bois fonc\u00e9 et de soie.<\/p>\n<p>\u00c0 l'arri\u00e8re du pont inf\u00e9rieur se trouve le garage \u00e0 annexe avec deux portes hydrauliques pour faciliter le chargement et l'accostage. Un salon spacieux et une salle \u00e0 manger sont situ\u00e9s \u00e0 l'arri\u00e8re du pont principal. Le pont sup\u00e9rieur est occup\u00e9 par un skylounge avec un bar, une salle de cin\u00e9ma et deux salons. Le m\u00e2t du bateau est r\u00e9tractable. L'une des caract\u00e9ristiques les plus impressionnantes de ce yacht de luxe est son pont d'observation prot\u00e9g\u00e9 du vent, qui offre des vues panoramiques depuis l'int\u00e9rieur. Une salle de sport, un jacuzzi ext\u00e9rieur et des si\u00e8ges confortables sont situ\u00e9s \u00e0 l'arri\u00e8re. Cette zone a une double fonction : elle peut devenir un pont de sable ou \u00eatre utilis\u00e9e comme h\u00e9liport.<\/p>\n<p>Quatre des six cabines sont r\u00e9serv\u00e9es aux invit\u00e9s, dont trois avec des lits king-size et la derni\u00e8re avec des lits jumeaux. La cabine VIP peut \u00eatre transform\u00e9e en salle de jeux pour les enfants. La suite principale est situ\u00e9e \u00e0 l'avant du pont principal. Sa salle de bains est en onyx. Le clou de cette pi\u00e8ce est une gravure sur verre illumin\u00e9e repr\u00e9sentant le port de l'\u00eele de Capri I, o\u00f9 les propri\u00e9taires ont sign\u00e9 le contrat de construction de ce yacht. \u00c0 c\u00f4t\u00e9 de la cabine du propri\u00e9taire se trouvent le bureau, la biblioth\u00e8que et la suite VIP. Les cabines des invit\u00e9s sont situ\u00e9es sur le pont inf\u00e9rieur, de m\u00eame que les logements de l'\u00e9quipage.<\/p>\n<p>L'\u00e9quipement technique du yacht est irr\u00e9prochable. Le syst\u00e8me de stabilisation Koop Nautic est install\u00e9 \u00e0 bord, avec un mode \u00abau mouillage\u00bb pour minimiser le roulis sur les vagues. Le propri\u00e9taire \u00e9tant soucieux de l'environnement, le superyacht est \u00e9quip\u00e9 de filtres \u00e0 particules, de convertisseurs catalytiques sur deux moteurs Caterpillar 3512, d'un syst\u00e8me de purification de l'eau, d'un compacteur d'ordures et d'un m\u00e9canisme de cong\u00e9lation. Le yacht \u00e9tant destin\u00e9 \u00e0 la fois \u00e0 la famille du propri\u00e9taire et aux croisi\u00e8res de charter, sa conception a \u00e9t\u00e9 pens\u00e9e en fonction de la s\u00e9curit\u00e9 des enfants. Ainsi, chaque escalier ext\u00e9rieur est \u00e9quip\u00e9 de barri\u00e8res de s\u00e9curit\u00e9 et la cabine des enfants est situ\u00e9e \u00e0 c\u00f4t\u00e9 de la suite principale. CAPRI 1 est le yacht de location id\u00e9al pour des vacances de luxe avec un \u00e9quipage d\u00e9vou\u00e9, une large gamme de commodit\u00e9s \u00e0 bord et des \u00e9quipements de sports nautiques.<\/p>\n<p><strong>Informations compl\u00e9mentaires :<\/strong><\/p>\n<ul>\n<li>Il est obligatoire de se munir des passeports originaux de tous les participants.<\/li>\n<li>Dur\u00e9e minimale de location - 6 heures<\/li>\n<li>Location \u00e0 la semaine<\/li>\n<li>Nombre de cabines : 6<\/li>\n<li>Nombre de lits : 12<\/li>\n<\/ul>\n<p><strong>Inclus :<\/strong><\/p>\n<ul>\n<li>Transferts de et vers l'h\u00f4tel (jusqu'\u00e0 6 personnes)<\/li>\n<li>Location de bateaux sur mesure<\/li>\n<li>Services du personnel<\/li>\n<li>L'eau<\/li>\n<li>Gilets de sauvetage<\/li>\n<li>Equipements \u00e0 bord<\/li>\n<\/ul>\n<p><strong>Non inclus :<\/strong><\/p>\n<ul>\n<li>Transferts de et vers l'h\u00f4tel pour 7-14 personnes - suppl\u00e9ment 100$ par groupe<\/li>\n<li>Transferts de et vers l'h\u00f4tel pour plus de 15-24 personnes - suppl\u00e9ment 200$ par groupe<\/li>\n<li>Transferts de et vers l'h\u00f4tel pour plus de 25-40 personnes - suppl\u00e9ment 300$ par groupe<\/li>\n<\/ul>\n<p><strong>Emportez-le avec vous :<\/strong><\/p>\n<ul>\n<li>L'eau<\/li>\n<li>Serviette<\/li>\n<\/ul>\n<p><strong>Options de menu :<\/strong><\/p>\n<ol>\n<li><strong>Menu Bronze. Adulte - 50$, Enfant de moins de 12 ans - 35$. <\/strong>Salade C\u00e9sar, Salade Fattoush arabe, Assortiment de viande de kebab, L\u00e9gumes grill\u00e9s, L\u00e9gumes, Pur\u00e9e de pommes de terre, Fruits, Eau<\/li>\n<li><strong>Menu d'argent. Adulte - 70$, Enfant de moins de 12 ans - 55$. <\/strong>Salade Fattoush arabe, houmous, poisson, l\u00e9gumes grill\u00e9s, crevettes, frites, pains plats arabes, coupes de fruits, eau<\/li>\n<li><strong><strong>Menu d'or. Adulte - 90$, Enfant de moins de 12 ans - 75$. <\/strong><\/strong>Salade C\u00e9sar, salade de l\u00e9gumes, salade grecque, agneau, poisson, crevettes, l\u00e9gumes grill\u00e9s, frites, pain plat arabe, p\u00e2te de fruits, Baklava, eau.<\/li>\n<\/ol>","protected":false},"excerpt":{"rendered":"<p><strong>Dur\u00e9e du bail :<\/strong> 6 heures<\/p>\n<p><strong>Capacit\u00e9 :<\/strong> 40 personnes<\/p>","protected":false},"featured_media":41086,"template":"","meta":{"_kad_post_transparent":"default","_kad_post_title":"","_kad_post_layout":"default","_kad_post_sidebar_id":"","_kad_post_content_style":"default","_kad_post_vertical_padding":"default","_kad_post_feature":"","_kad_post_feature_position":"","_kad_post_header":false,"_kad_post_footer":false,"_kad_post_classname":"","_glsr_average":0,"_glsr_ranking":0,"_glsr_reviews":0},"product_brand":[],"product_cat":[474],"product_tag":[],"class_list":{"0":"post-56255","1":"product","2":"type-product","3":"status-publish","4":"has-post-thumbnail","6":"product_cat-yacht-in-dubai","7":"tm-has-options","9":"first","10":"instock","11":"sold-individually","12":"taxable","13":"shipping-taxable","14":"purchasable","15":"product-type-simple","16":"entry","17":"content-bg","18":"loop-entry"},"yoast_head":"<!-- This site is optimized with the Yoast SEO plugin v27.4 - https:\/\/yoast.com\/product\/yoast-seo-wordpress\/ -->\n<title>\u042f\u0445\u0442\u0430 Lurssen CAPRI 1 &#8226; \u042d\u043a\u0441\u043a\u0443\u0440\u0441\u0438\u0438 Skyline<\/title>\n<meta name=\"robots\" content=\"index, follow, max-snippet:-1, max-image-preview:large, max-video-preview:-1\" \/>\n<link rel=\"canonical\" href=\"http:\/\/skyline-gs.com\/fr\/produit\/yacht-lurssen-capri-1-dubai-2\/\" \/>\n<meta property=\"og:locale\" content=\"fr_FR\" \/>\n<meta property=\"og:type\" content=\"article\" \/>\n<meta property=\"og:title\" content=\"\u042f\u0445\u0442\u0430 Lurssen CAPRI 1 &#8226; \u042d\u043a\u0441\u043a\u0443\u0440\u0441\u0438\u0438 Skyline\" \/>\n<meta property=\"og:description\" content=\"\u0414\u043b\u0438\u0442\u0435\u043b\u044c\u043d\u043e\u0441\u0442\u044c \u0430\u0440\u0435\u043d\u0434\u044b: 6 \u0447\u0430\u0441\u043e\u0432  \u0412\u043c\u0435\u0441\u0442\u0438\u0442\u0435\u043b\u044c\u043d\u043e\u0441\u0442\u044c: 40 \u0447\u0435\u043b\u043e\u0432\u0435\u043a\" \/>\n<meta property=\"og:url\" content=\"http:\/\/skyline-gs.com\/fr\/produit\/yacht-lurssen-capri-1-dubai-2\/\" \/>\n<meta property=\"og:site_name\" content=\"\u042d\u043a\u0441\u043a\u0443\u0440\u0441\u0438\u0438 Skyline\" \/>\n<meta property=\"article:modified_time\" content=\"2025-11-11T22:12:47+00:00\" \/>\n<meta property=\"og:image\" content=\"https:\/\/skyline-gs.com\/wp-content\/uploads\/2022\/11\/23.png\" \/>\n\t<meta property=\"og:image:width\" content=\"669\" \/>\n\t<meta property=\"og:image:height\" content=\"446\" \/>\n\t<meta property=\"og:image:type\" content=\"image\/png\" \/>\n<meta name=\"twitter:card\" content=\"summary_large_image\" \/>\n<meta name=\"twitter:label1\" content=\"Dur\u00e9e de lecture estim\u00e9e\" \/>\n\t<meta name=\"twitter:data1\" content=\"4 minutes\" \/>\n<script type=\"application\/ld+json\" class=\"yoast-schema-graph\">{\"@context\":\"https:\\\/\\\/schema.org\",\"@graph\":[{\"@type\":\"WebPage\",\"@id\":\"http:\\\/\\\/skyline-gs.com\\\/fr\\\/produit\\\/yacht-lurssen-capri-1-dubai\\\/\",\"url\":\"http:\\\/\\\/skyline-gs.com\\\/fr\\\/produit\\\/yacht-lurssen-capri-1-dubai\\\/\",\"name\":\"\u042f\u0445\u0442\u0430 Lurssen CAPRI 1 &#8226; \u042d\u043a\u0441\u043a\u0443\u0440\u0441\u0438\u0438 Skyline\",\"isPartOf\":{\"@id\":\"https:\\\/\\\/skyline-gs.com\\\/it\\\/#website\"},\"primaryImageOfPage\":{\"@id\":\"http:\\\/\\\/skyline-gs.com\\\/fr\\\/produit\\\/yacht-lurssen-capri-1-dubai\\\/#primaryimage\"},\"image\":{\"@id\":\"http:\\\/\\\/skyline-gs.com\\\/fr\\\/produit\\\/yacht-lurssen-capri-1-dubai\\\/#primaryimage\"},\"thumbnailUrl\":\"https:\\\/\\\/skyline-gs.com\\\/wp-content\\\/uploads\\\/2022\\\/11\\\/23.png\",\"datePublished\":\"2022-11-12T22:14:35+00:00\",\"dateModified\":\"2025-11-11T22:12:47+00:00\",\"breadcrumb\":{\"@id\":\"http:\\\/\\\/skyline-gs.com\\\/fr\\\/produit\\\/yacht-lurssen-capri-1-dubai\\\/#breadcrumb\"},\"inLanguage\":\"fr-FR\",\"potentialAction\":[{\"@type\":\"ReadAction\",\"target\":[\"http:\\\/\\\/skyline-gs.com\\\/fr\\\/produit\\\/yacht-lurssen-capri-1-dubai\\\/\"]}]},{\"@type\":\"ImageObject\",\"inLanguage\":\"fr-FR\",\"@id\":\"http:\\\/\\\/skyline-gs.com\\\/fr\\\/produit\\\/yacht-lurssen-capri-1-dubai\\\/#primaryimage\",\"url\":\"https:\\\/\\\/skyline-gs.com\\\/wp-content\\\/uploads\\\/2022\\\/11\\\/23.png\",\"contentUrl\":\"https:\\\/\\\/skyline-gs.com\\\/wp-content\\\/uploads\\\/2022\\\/11\\\/23.png\",\"width\":669,\"height\":446},{\"@type\":\"BreadcrumbList\",\"@id\":\"http:\\\/\\\/skyline-gs.com\\\/fr\\\/produit\\\/yacht-lurssen-capri-1-dubai\\\/#breadcrumb\",\"itemListElement\":[{\"@type\":\"ListItem\",\"position\":1,\"name\":\"\u0413\u043b\u0430\u0432\u043d\u0430\u044f \u0441\u0442\u0440\u0430\u043d\u0438\u0446\u0430\",\"item\":\"https:\\\/\\\/skyline-gs.com\\\/hu\\\/\"},{\"@type\":\"ListItem\",\"position\":2,\"name\":\"\u041c\u0430\u0433\u0430\u0437\u0438\u043d\",\"item\":\"https:\\\/\\\/skyline-gs.com\\\/cs\\\/shop\\\/\"},{\"@type\":\"ListItem\",\"position\":3,\"name\":\"\u042f\u0445\u0442\u0430 Lurssen CAPRI 1\"}]},{\"@type\":\"WebSite\",\"@id\":\"https:\\\/\\\/skyline-gs.com\\\/it\\\/#website\",\"url\":\"https:\\\/\\\/skyline-gs.com\\\/it\\\/\",\"name\":\"\u042d\u043a\u0441\u043a\u0443\u0440\u0441\u0438\u0438 Skyline\",\"description\":\"\u042d\u043a\u0441\u043a\u043b\u044e\u0437\u0438\u0432\u043d\u044b\u0435 \u044d\u043a\u0441\u043a\u0443\u0440\u0441\u0438\u0438 \u043d\u0430 \u043b\u0443\u0447\u0448\u0438\u0445 \u043a\u0443\u0440\u043e\u0440\u0442\u0430\u0445 \u043c\u0438\u0440\u0430\",\"publisher\":{\"@id\":\"https:\\\/\\\/skyline-gs.com\\\/it\\\/#organization\"},\"alternateName\":\"Skyline\",\"potentialAction\":[{\"@type\":\"SearchAction\",\"target\":{\"@type\":\"EntryPoint\",\"urlTemplate\":\"https:\\\/\\\/skyline-gs.com\\\/it\\\/?s={search_term_string}\"},\"query-input\":{\"@type\":\"PropertyValueSpecification\",\"valueRequired\":true,\"valueName\":\"search_term_string\"}}],\"inLanguage\":\"fr-FR\"},{\"@type\":\"Organization\",\"@id\":\"https:\\\/\\\/skyline-gs.com\\\/it\\\/#organization\",\"name\":\"\u042d\u043a\u0441\u043a\u0443\u0440\u0441\u0438\u0438 Skyline\",\"alternateName\":\"\u042d\u043a\u0441\u043a\u0443\u0440\u0441\u0438\u0438 Skyline\",\"url\":\"https:\\\/\\\/skyline-gs.com\\\/it\\\/\",\"logo\":{\"@type\":\"ImageObject\",\"inLanguage\":\"fr-FR\",\"@id\":\"https:\\\/\\\/skyline-gs.com\\\/it\\\/#\\\/schema\\\/logo\\\/image\\\/\",\"url\":\"https:\\\/\\\/skyline-gs.com\\\/wp-content\\\/uploads\\\/2020\\\/12\\\/cropped-logo-2.png\",\"contentUrl\":\"https:\\\/\\\/skyline-gs.com\\\/wp-content\\\/uploads\\\/2020\\\/12\\\/cropped-logo-2.png\",\"width\":512,\"height\":512,\"caption\":\"\u042d\u043a\u0441\u043a\u0443\u0440\u0441\u0438\u0438 Skyline\"},\"image\":{\"@id\":\"https:\\\/\\\/skyline-gs.com\\\/it\\\/#\\\/schema\\\/logo\\\/image\\\/\"},\"sameAs\":[\"https:\\\/\\\/www.instagram.com\\\/skylineglobalservice\\\/\"]}]}<\/script>\n<!-- \/ Yoast SEO plugin. -->","yoast_head_json":{"title":"Lurssen CAPRI 1 - Skyline Excursions","robots":{"index":"index","follow":"follow","max-snippet":"max-snippet:-1","max-image-preview":"max-image-preview:large","max-video-preview":"max-video-preview:-1"},"canonical":"http:\/\/skyline-gs.com\/fr\/produit\/yacht-lurssen-capri-1-dubai-2\/","og_locale":"fr_FR","og_type":"article","og_title":"\u042f\u0445\u0442\u0430 Lurssen CAPRI 1 &#8226; \u042d\u043a\u0441\u043a\u0443\u0440\u0441\u0438\u0438 Skyline","og_description":"\u0414\u043b\u0438\u0442\u0435\u043b\u044c\u043d\u043e\u0441\u0442\u044c \u0430\u0440\u0435\u043d\u0434\u044b: 6 \u0447\u0430\u0441\u043e\u0432  \u0412\u043c\u0435\u0441\u0442\u0438\u0442\u0435\u043b\u044c\u043d\u043e\u0441\u0442\u044c: 40 \u0447\u0435\u043b\u043e\u0432\u0435\u043a","og_url":"http:\/\/skyline-gs.com\/fr\/produit\/yacht-lurssen-capri-1-dubai-2\/","og_site_name":"\u042d\u043a\u0441\u043a\u0443\u0440\u0441\u0438\u0438 Skyline","article_modified_time":"2025-11-11T22:12:47+00:00","og_image":[{"width":669,"height":446,"url":"https:\/\/skyline-gs.com\/wp-content\/uploads\/2022\/11\/23.png","type":"image\/png"}],"twitter_card":"summary_large_image","twitter_misc":{"Dur\u00e9e de lecture estim\u00e9e":"4 minutes"},"schema":{"@context":"https:\/\/schema.org","@graph":[{"@type":"WebPage","@id":"http:\/\/skyline-gs.com\/fr\/produit\/yacht-lurssen-capri-1-dubai\/","url":"http:\/\/skyline-gs.com\/fr\/produit\/yacht-lurssen-capri-1-dubai\/","name":"Lurssen CAPRI 1 - Skyline Excursions","isPartOf":{"@id":"https:\/\/skyline-gs.com\/it\/#website"},"primaryImageOfPage":{"@id":"http:\/\/skyline-gs.com\/fr\/produit\/yacht-lurssen-capri-1-dubai\/#primaryimage"},"image":{"@id":"http:\/\/skyline-gs.com\/fr\/produit\/yacht-lurssen-capri-1-dubai\/#primaryimage"},"thumbnailUrl":"https:\/\/skyline-gs.com\/wp-content\/uploads\/2022\/11\/23.png","datePublished":"2022-11-12T22:14:35+00:00","dateModified":"2025-11-11T22:12:47+00:00","breadcrumb":{"@id":"http:\/\/skyline-gs.com\/fr\/produit\/yacht-lurssen-capri-1-dubai\/#breadcrumb"},"inLanguage":"fr-FR","potentialAction":[{"@type":"ReadAction","target":["http:\/\/skyline-gs.com\/fr\/produit\/yacht-lurssen-capri-1-dubai\/"]}]},{"@type":"ImageObject","inLanguage":"fr-FR","@id":"http:\/\/skyline-gs.com\/fr\/produit\/yacht-lurssen-capri-1-dubai\/#primaryimage","url":"https:\/\/skyline-gs.com\/wp-content\/uploads\/2022\/11\/23.png","contentUrl":"https:\/\/skyline-gs.com\/wp-content\/uploads\/2022\/11\/23.png","width":669,"height":446},{"@type":"BreadcrumbList","@id":"http:\/\/skyline-gs.com\/fr\/produit\/yacht-lurssen-capri-1-dubai\/#breadcrumb","itemListElement":[{"@type":"ListItem","position":1,"name":"\u0413\u043b\u0430\u0432\u043d\u0430\u044f \u0441\u0442\u0440\u0430\u043d\u0438\u0446\u0430","item":"https:\/\/skyline-gs.com\/hu\/"},{"@type":"ListItem","position":2,"name":"\u041c\u0430\u0433\u0430\u0437\u0438\u043d","item":"https:\/\/skyline-gs.com\/cs\/shop\/"},{"@type":"ListItem","position":3,"name":"\u042f\u0445\u0442\u0430 Lurssen CAPRI 1"}]},{"@type":"WebSite","@id":"https:\/\/skyline-gs.com\/it\/#website","url":"https:\/\/skyline-gs.com\/it\/","name":"Excursions Skyline","description":"Excursions exclusives dans les meilleurs centres de vill\u00e9giature du monde","publisher":{"@id":"https:\/\/skyline-gs.com\/it\/#organization"},"alternateName":"Skyline","potentialAction":[{"@type":"SearchAction","target":{"@type":"EntryPoint","urlTemplate":"https:\/\/skyline-gs.com\/it\/?s={search_term_string}"},"query-input":{"@type":"PropertyValueSpecification","valueRequired":true,"valueName":"search_term_string"}}],"inLanguage":"fr-FR"},{"@type":"Organization","@id":"https:\/\/skyline-gs.com\/it\/#organization","name":"Excursions Skyline","alternateName":"\u042d\u043a\u0441\u043a\u0443\u0440\u0441\u0438\u0438 Skyline","url":"https:\/\/skyline-gs.com\/it\/","logo":{"@type":"ImageObject","inLanguage":"fr-FR","@id":"https:\/\/skyline-gs.com\/it\/#\/schema\/logo\/image\/","url":"https:\/\/skyline-gs.com\/wp-content\/uploads\/2020\/12\/cropped-logo-2.png","contentUrl":"https:\/\/skyline-gs.com\/wp-content\/uploads\/2020\/12\/cropped-logo-2.png","width":512,"height":512,"caption":"\u042d\u043a\u0441\u043a\u0443\u0440\u0441\u0438\u0438 Skyline"},"image":{"@id":"https:\/\/skyline-gs.com\/it\/#\/schema\/logo\/image\/"},"sameAs":["https:\/\/www.instagram.com\/skylineglobalservice\/"]}]}},"_links":{"self":[{"href":"https:\/\/skyline-gs.com\/fr\/wp-json\/wp\/v2\/product\/56255","targetHints":{"allow":["GET"]}}],"collection":[{"href":"https:\/\/skyline-gs.com\/fr\/wp-json\/wp\/v2\/product"}],"about":[{"href":"https:\/\/skyline-gs.com\/fr\/wp-json\/wp\/v2\/types\/product"}],"version-history":[{"count":0,"href":"https:\/\/skyline-gs.com\/fr\/wp-json\/wp\/v2\/product\/56255\/revisions"}],"wp:featuredmedia":[{"embeddable":true,"href":"https:\/\/skyline-gs.com\/fr\/wp-json\/wp\/v2\/media\/41086"}],"wp:attachment":[{"href":"https:\/\/skyline-gs.com\/fr\/wp-json\/wp\/v2\/media?parent=56255"}],"wp:term":[{"taxonomy":"product_brand","embeddable":true,"href":"https:\/\/skyline-gs.com\/fr\/wp-json\/wp\/v2\/product_brand?post=56255"},{"taxonomy":"product_cat","embeddable":true,"href":"https:\/\/skyline-gs.com\/fr\/wp-json\/wp\/v2\/product_cat?post=56255"},{"taxonomy":"product_tag","embeddable":true,"href":"https:\/\/skyline-gs.com\/fr\/wp-json\/wp\/v2\/product_tag?post=56255"}],"curies":[{"name":"wp","href":"https:\/\/api.w.org\/{rel}","templated":true}]}}