{"id":55684,"date":"2022-10-16T18:36:56","date_gmt":"2022-10-16T15:36:56","guid":{"rendered":"https:\/\/zanzibar.skyline-gs.com\/?post_type=product&amp;p=19927"},"modified":"2022-10-16T18:36:56","modified_gmt":"2022-10-16T15:36:56","slug":"dolphin-tour-cuza-cave-and-jozani-forest","status":"publish","type":"product","link":"https:\/\/skyline-gs.com\/fr\/product\/dolphin-tour-cuza-cave-and-jozani-forest\/","title":{"rendered":"Excursion personnalis\u00e9e \u00e0 la rencontre des dauphins depuis Kizimkazi, la grotte de Kuza et la for\u00eat de Jozani"},"content":{"rendered":"<p>5:00 d\u00e9part de l'h\u00f4tel et d\u00e9part pour le village de Kizimkazi. Dans la baie de Kizimkazi, au sud de l'\u00eele, les conditions sont parfaites pour les dauphins. Un d\u00e9part matinal est n\u00e9cessaire pour maximiser les chances de voir des dauphins. Les animaux, qui ne sont pas contraints par les conditions des delphinariums, se comportent naturellement et font preuve d'une curiosit\u00e9 naturelle lorsqu'ils rencontrent des touristes.  Ceux qui pr\u00e9f\u00e8rent des vacances plus actives sont invit\u00e9s \u00e0 <strong>nage avec les dauphins<\/strong>Les dauphins sont si amicaux qu'ils se laissent caresser et acceptent m\u00eame volontiers que des humains jouent avec eux. Vous pouvez voir des dauphins \u00e0 gros nez et des dauphins \u00e0 bosse. Il est temps de prendre le petit-d\u00e9jeuner \u00e0 votre retour sur le rivage (commandez votre petit-d\u00e9jeuner \u00e0 l'h\u00f4tel).<\/p>\n<p>Ensuite, nous nous rendons dans une magnifique grotte karstique. <strong>Grotte de Kuza<\/strong>. C'est un lieu sacr\u00e9 pour les habitants. Zanzibar compte des centaines de grottes reli\u00e9es par de nombreux tunnels. On croit qu'apr\u00e8s s'\u00eatre baign\u00e9 dans les eaux cristallines de cette grotte, on peut gu\u00e9rir de certaines maladies et que si l'on fait un v\u0153u, il se r\u00e9alisera \u00e0 coup s\u00fbr.<\/p>\n<p><strong>Visite de la for\u00eat de Jozani<\/strong> - prochaine partie du programme. Des vacances dans des stations baln\u00e9aires africaines n\u00e9cessitent une introduction \u00e0 la faune riche et vari\u00e9e du continent.  L'une des meilleures occasions de le faire est la visite du parc des singes, o\u00f9 \u00e9voluent en libert\u00e9 les magnifiques et \u00e9tonnants colobes rouges. La for\u00eat de Jozani, qui s'\u00e9tend sur 44 kilom\u00e8tres carr\u00e9s, est divis\u00e9e en trois zones : la premi\u00e8re est la brousse, la deuxi\u00e8me est la mangrove et la troisi\u00e8me est la for\u00eat tropicale. Outre les singes, on y trouve des cam\u00e9l\u00e9ons, de beaux oiseaux et des papillons. Fin du programme vers 14h00. Retour \u00e0 l'h\u00f4tel.<\/p>\n<p><strong>Ce qui est inclus :<\/strong><\/p>\n<ul>\n<li>Transferts depuis et vers l'h\u00f4tel<\/li>\n<li>Tous les transferts en minibus climatis\u00e9<\/li>\n<li>Location de bateaux<\/li>\n<li>Guide parlant russe<\/li>\n<li>Tous les billets d'entr\u00e9e<\/li>\n<li>Fruits et en-cas<\/li>\n<li>\u00c9quipement de plong\u00e9e avec tuba<\/li>\n<li>Gilets de sauvetage<\/li>\n<\/ul>\n<p><strong>\u00c0 emporter :<\/strong><\/p>\n<ul>\n<li>Petit-d\u00e9jeuner \u00e0 emporter (commander une bo\u00eete \u00e0 lunch \u00e0 la r\u00e9ception de l'h\u00f4tel)<\/li>\n<li>Maillot de bain, slip de bain<\/li>\n<li>Serviette<\/li>\n<li>Appareil photo<\/li>\n<li><span class=\"fontstyle0\">Lunettes de soleil<\/span><\/li>\n<li>Coiffure<\/li>\n<li><span class=\"fontstyle0\">Cr\u00e8me solaire<\/span><\/li>\n<\/ul>\n<ul>\n<li style=\"list-style-type: none;\"><\/li>\n<\/ul>","protected":false},"excerpt":{"rendered":"<p><strong>Temps du Tour: <\/strong>5:00 &#8212; 14:00<\/p>\n<p><strong>Jours de D\u00e9roulement: <\/strong>Chaque jour<\/p>","protected":false},"featured_media":19929,"template":"","meta":{"_kad_post_transparent":"default","_kad_post_title":"","_kad_post_layout":"default","_kad_post_sidebar_id":"","_kad_post_content_style":"default","_kad_post_vertical_padding":"default","_kad_post_feature":"","_kad_post_feature_position":"","_kad_post_header":false,"_kad_post_footer":false,"_kad_post_classname":"","_glsr_average":0,"_glsr_ranking":0,"_glsr_reviews":0},"product_brand":[],"product_cat":[470],"product_tag":[],"class_list":{"0":"post-55684","1":"product","2":"type-product","3":"status-publish","4":"has-post-thumbnail","6":"product_cat-individual","7":"tm-has-options","9":"first","10":"instock","11":"sold-individually","12":"taxable","13":"shipping-taxable","14":"purchasable","15":"product-type-simple","16":"entry","17":"content-bg","18":"loop-entry"},"yoast_head":"<!-- This site is optimized with the Yoast SEO plugin v27.3 - https:\/\/yoast.com\/product\/yoast-seo-wordpress\/ -->\n<title>\u0418\u043d\u0434\u0438\u0432\u0438\u0434\u0443\u0430\u043b\u044c\u043d\u044b\u0439 \u0414\u0435\u043b\u044c\u0444\u0438\u043d \u0442\u0443\u0440 \u0438\u0437 \u041a\u0438\u0437\u0438\u043c\u043a\u0430\u0437\u0438, \u041f\u0435\u0449\u0435\u0440\u0430 \u041a\u0443\u0437\u0430 \u0438 \u041b\u0435\u0441 \u0414\u0436\u043e\u0437\u0430\u043d\u0438 &#8226; \u042d\u043a\u0441\u043a\u0443\u0440\u0441\u0438\u0438 Skyline<\/title>\n<meta name=\"robots\" content=\"index, follow, max-snippet:-1, max-image-preview:large, max-video-preview:-1\" \/>\n<link rel=\"canonical\" href=\"http:\/\/skyline-gs.com\/fr\/produit\/dolphin-tour-cuza-cave-and-jozani-forest\/\" \/>\n<meta property=\"og:locale\" content=\"fr_FR\" \/>\n<meta property=\"og:type\" content=\"article\" \/>\n<meta property=\"og:title\" content=\"\u0418\u043d\u0434\u0438\u0432\u0438\u0434\u0443\u0430\u043b\u044c\u043d\u044b\u0439 \u0414\u0435\u043b\u044c\u0444\u0438\u043d \u0442\u0443\u0440 \u0438\u0437 \u041a\u0438\u0437\u0438\u043c\u043a\u0430\u0437\u0438, \u041f\u0435\u0449\u0435\u0440\u0430 \u041a\u0443\u0437\u0430 \u0438 \u041b\u0435\u0441 \u0414\u0436\u043e\u0437\u0430\u043d\u0438 &#8226; \u042d\u043a\u0441\u043a\u0443\u0440\u0441\u0438\u0438 Skyline\" \/>\n<meta property=\"og:description\" content=\"\u0412\u0440\u0435\u043c\u044f \u0442\u0443\u0440\u0430: 5:00 - 14:00 \u0414\u043d\u0438 \u043f\u0440\u043e\u0432\u0435\u0434\u0435\u043d\u0438\u044f: \u0435\u0436\u0435\u0434\u043d\u0435\u0432\u043d\u043e\" \/>\n<meta property=\"og:url\" content=\"http:\/\/skyline-gs.com\/fr\/produit\/dolphin-tour-cuza-cave-and-jozani-forest\/\" \/>\n<meta property=\"og:site_name\" content=\"\u042d\u043a\u0441\u043a\u0443\u0440\u0441\u0438\u0438 Skyline\" \/>\n<meta property=\"og:image\" content=\"https:\/\/skyline-gs.com\/wp-content\/uploads\/2022\/10\/3-3-1.png\" \/>\n\t<meta property=\"og:image:width\" content=\"669\" \/>\n\t<meta property=\"og:image:height\" content=\"446\" \/>\n\t<meta property=\"og:image:type\" content=\"image\/png\" \/>\n<meta name=\"twitter:card\" content=\"summary_large_image\" \/>\n<meta name=\"twitter:label1\" content=\"Dur\u00e9e de lecture estim\u00e9e\" \/>\n\t<meta name=\"twitter:data1\" content=\"2 minutes\" \/>\n<script type=\"application\/ld+json\" class=\"yoast-schema-graph\">{\"@context\":\"https:\\\/\\\/schema.org\",\"@graph\":[{\"@type\":\"WebPage\",\"@id\":\"http:\\\/\\\/skyline-gs.com\\\/pl\\\/produkt\\\/dolphin-tour-cuza-cave-and-jozani-forest\\\/\",\"url\":\"http:\\\/\\\/skyline-gs.com\\\/pl\\\/produkt\\\/dolphin-tour-cuza-cave-and-jozani-forest\\\/\",\"name\":\"\u0418\u043d\u0434\u0438\u0432\u0438\u0434\u0443\u0430\u043b\u044c\u043d\u044b\u0439 \u0414\u0435\u043b\u044c\u0444\u0438\u043d \u0442\u0443\u0440 \u0438\u0437 \u041a\u0438\u0437\u0438\u043c\u043a\u0430\u0437\u0438, \u041f\u0435\u0449\u0435\u0440\u0430 \u041a\u0443\u0437\u0430 \u0438 \u041b\u0435\u0441 \u0414\u0436\u043e\u0437\u0430\u043d\u0438 &#8226; \u042d\u043a\u0441\u043a\u0443\u0440\u0441\u0438\u0438 Skyline\",\"isPartOf\":{\"@id\":\"https:\\\/\\\/skyline-gs.com\\\/it\\\/#website\"},\"primaryImageOfPage\":{\"@id\":\"http:\\\/\\\/skyline-gs.com\\\/pl\\\/produkt\\\/dolphin-tour-cuza-cave-and-jozani-forest\\\/#primaryimage\"},\"image\":{\"@id\":\"http:\\\/\\\/skyline-gs.com\\\/pl\\\/produkt\\\/dolphin-tour-cuza-cave-and-jozani-forest\\\/#primaryimage\"},\"thumbnailUrl\":\"https:\\\/\\\/skyline-gs.com\\\/wp-content\\\/uploads\\\/2022\\\/10\\\/3-3-1.png\",\"datePublished\":\"2022-10-16T15:36:56+00:00\",\"breadcrumb\":{\"@id\":\"http:\\\/\\\/skyline-gs.com\\\/pl\\\/produkt\\\/dolphin-tour-cuza-cave-and-jozani-forest\\\/#breadcrumb\"},\"inLanguage\":\"fr-FR\",\"potentialAction\":[{\"@type\":\"ReadAction\",\"target\":[\"http:\\\/\\\/skyline-gs.com\\\/pl\\\/produkt\\\/dolphin-tour-cuza-cave-and-jozani-forest\\\/\"]}]},{\"@type\":\"ImageObject\",\"inLanguage\":\"fr-FR\",\"@id\":\"http:\\\/\\\/skyline-gs.com\\\/pl\\\/produkt\\\/dolphin-tour-cuza-cave-and-jozani-forest\\\/#primaryimage\",\"url\":\"https:\\\/\\\/skyline-gs.com\\\/wp-content\\\/uploads\\\/2022\\\/10\\\/3-3-1.png\",\"contentUrl\":\"https:\\\/\\\/skyline-gs.com\\\/wp-content\\\/uploads\\\/2022\\\/10\\\/3-3-1.png\",\"width\":669,\"height\":446},{\"@type\":\"BreadcrumbList\",\"@id\":\"http:\\\/\\\/skyline-gs.com\\\/pl\\\/produkt\\\/dolphin-tour-cuza-cave-and-jozani-forest\\\/#breadcrumb\",\"itemListElement\":[{\"@type\":\"ListItem\",\"position\":1,\"name\":\"\u0413\u043b\u0430\u0432\u043d\u0430\u044f \u0441\u0442\u0440\u0430\u043d\u0438\u0446\u0430\",\"item\":\"https:\\\/\\\/skyline-gs.com\\\/hu\\\/\"},{\"@type\":\"ListItem\",\"position\":2,\"name\":\"\u041c\u0430\u0433\u0430\u0437\u0438\u043d\",\"item\":\"https:\\\/\\\/skyline-gs.com\\\/cs\\\/shop\\\/\"},{\"@type\":\"ListItem\",\"position\":3,\"name\":\"\u0418\u043d\u0434\u0438\u0432\u0438\u0434\u0443\u0430\u043b\u044c\u043d\u044b\u0439 \u0414\u0435\u043b\u044c\u0444\u0438\u043d \u0442\u0443\u0440 \u0438\u0437 \u041a\u0438\u0437\u0438\u043c\u043a\u0430\u0437\u0438, \u041f\u0435\u0449\u0435\u0440\u0430 \u041a\u0443\u0437\u0430 \u0438 \u041b\u0435\u0441 \u0414\u0436\u043e\u0437\u0430\u043d\u0438\"}]},{\"@type\":\"WebSite\",\"@id\":\"https:\\\/\\\/skyline-gs.com\\\/it\\\/#website\",\"url\":\"https:\\\/\\\/skyline-gs.com\\\/it\\\/\",\"name\":\"\u042d\u043a\u0441\u043a\u0443\u0440\u0441\u0438\u0438 Skyline\",\"description\":\"\u042d\u043a\u0441\u043a\u043b\u044e\u0437\u0438\u0432\u043d\u044b\u0435 \u044d\u043a\u0441\u043a\u0443\u0440\u0441\u0438\u0438 \u043d\u0430 \u043b\u0443\u0447\u0448\u0438\u0445 \u043a\u0443\u0440\u043e\u0440\u0442\u0430\u0445 \u043c\u0438\u0440\u0430\",\"publisher\":{\"@id\":\"https:\\\/\\\/skyline-gs.com\\\/it\\\/#organization\"},\"alternateName\":\"Skyline\",\"potentialAction\":[{\"@type\":\"SearchAction\",\"target\":{\"@type\":\"EntryPoint\",\"urlTemplate\":\"https:\\\/\\\/skyline-gs.com\\\/it\\\/?s={search_term_string}\"},\"query-input\":{\"@type\":\"PropertyValueSpecification\",\"valueRequired\":true,\"valueName\":\"search_term_string\"}}],\"inLanguage\":\"fr-FR\"},{\"@type\":\"Organization\",\"@id\":\"https:\\\/\\\/skyline-gs.com\\\/it\\\/#organization\",\"name\":\"\u042d\u043a\u0441\u043a\u0443\u0440\u0441\u0438\u0438 Skyline\",\"alternateName\":\"\u042d\u043a\u0441\u043a\u0443\u0440\u0441\u0438\u0438 Skyline\",\"url\":\"https:\\\/\\\/skyline-gs.com\\\/it\\\/\",\"logo\":{\"@type\":\"ImageObject\",\"inLanguage\":\"fr-FR\",\"@id\":\"https:\\\/\\\/skyline-gs.com\\\/it\\\/#\\\/schema\\\/logo\\\/image\\\/\",\"url\":\"https:\\\/\\\/skyline-gs.com\\\/wp-content\\\/uploads\\\/2020\\\/12\\\/cropped-logo-2.png\",\"contentUrl\":\"https:\\\/\\\/skyline-gs.com\\\/wp-content\\\/uploads\\\/2020\\\/12\\\/cropped-logo-2.png\",\"width\":512,\"height\":512,\"caption\":\"\u042d\u043a\u0441\u043a\u0443\u0440\u0441\u0438\u0438 Skyline\"},\"image\":{\"@id\":\"https:\\\/\\\/skyline-gs.com\\\/it\\\/#\\\/schema\\\/logo\\\/image\\\/\"},\"sameAs\":[\"https:\\\/\\\/www.instagram.com\\\/skylineglobalservice\\\/\"]}]}<\/script>\n<!-- \/ Yoast SEO plugin. -->","yoast_head_json":{"title":"\u0418\u043d\u0434\u0438\u0432\u0438\u0434\u0443\u0430\u043b\u044c\u043d\u044b\u0439 \u0414\u0435\u043b\u044c\u0444\u0438\u043d \u0442\u0443\u0440 \u0438\u0437 \u041a\u0438\u0437\u0438\u043c\u043a\u0430\u0437\u0438, \u041f\u0435\u0449\u0435\u0440\u0430 \u041a\u0443\u0437\u0430 \u0438 \u041b\u0435\u0441 \u0414\u0436\u043e\u0437\u0430\u043d\u0438 &#8226; \u042d\u043a\u0441\u043a\u0443\u0440\u0441\u0438\u0438 Skyline","robots":{"index":"index","follow":"follow","max-snippet":"max-snippet:-1","max-image-preview":"max-image-preview:large","max-video-preview":"max-video-preview:-1"},"canonical":"http:\/\/skyline-gs.com\/fr\/produit\/dolphin-tour-cuza-cave-and-jozani-forest\/","og_locale":"fr_FR","og_type":"article","og_title":"\u0418\u043d\u0434\u0438\u0432\u0438\u0434\u0443\u0430\u043b\u044c\u043d\u044b\u0439 \u0414\u0435\u043b\u044c\u0444\u0438\u043d \u0442\u0443\u0440 \u0438\u0437 \u041a\u0438\u0437\u0438\u043c\u043a\u0430\u0437\u0438, \u041f\u0435\u0449\u0435\u0440\u0430 \u041a\u0443\u0437\u0430 \u0438 \u041b\u0435\u0441 \u0414\u0436\u043e\u0437\u0430\u043d\u0438 &#8226; \u042d\u043a\u0441\u043a\u0443\u0440\u0441\u0438\u0438 Skyline","og_description":"\u0412\u0440\u0435\u043c\u044f \u0442\u0443\u0440\u0430: 5:00 - 14:00 \u0414\u043d\u0438 \u043f\u0440\u043e\u0432\u0435\u0434\u0435\u043d\u0438\u044f: \u0435\u0436\u0435\u0434\u043d\u0435\u0432\u043d\u043e","og_url":"http:\/\/skyline-gs.com\/fr\/produit\/dolphin-tour-cuza-cave-and-jozani-forest\/","og_site_name":"\u042d\u043a\u0441\u043a\u0443\u0440\u0441\u0438\u0438 Skyline","og_image":[{"width":669,"height":446,"url":"https:\/\/skyline-gs.com\/wp-content\/uploads\/2022\/10\/3-3-1.png","type":"image\/png"}],"twitter_card":"summary_large_image","twitter_misc":{"Dur\u00e9e de lecture estim\u00e9e":"2 minutes"},"schema":{"@context":"https:\/\/schema.org","@graph":[{"@type":"WebPage","@id":"http:\/\/skyline-gs.com\/pl\/produkt\/dolphin-tour-cuza-cave-and-jozani-forest\/","url":"http:\/\/skyline-gs.com\/pl\/produkt\/dolphin-tour-cuza-cave-and-jozani-forest\/","name":"\u0418\u043d\u0434\u0438\u0432\u0438\u0434\u0443\u0430\u043b\u044c\u043d\u044b\u0439 \u0414\u0435\u043b\u044c\u0444\u0438\u043d \u0442\u0443\u0440 \u0438\u0437 \u041a\u0438\u0437\u0438\u043c\u043a\u0430\u0437\u0438, \u041f\u0435\u0449\u0435\u0440\u0430 \u041a\u0443\u0437\u0430 \u0438 \u041b\u0435\u0441 \u0414\u0436\u043e\u0437\u0430\u043d\u0438 &#8226; \u042d\u043a\u0441\u043a\u0443\u0440\u0441\u0438\u0438 Skyline","isPartOf":{"@id":"https:\/\/skyline-gs.com\/it\/#website"},"primaryImageOfPage":{"@id":"http:\/\/skyline-gs.com\/pl\/produkt\/dolphin-tour-cuza-cave-and-jozani-forest\/#primaryimage"},"image":{"@id":"http:\/\/skyline-gs.com\/pl\/produkt\/dolphin-tour-cuza-cave-and-jozani-forest\/#primaryimage"},"thumbnailUrl":"https:\/\/skyline-gs.com\/wp-content\/uploads\/2022\/10\/3-3-1.png","datePublished":"2022-10-16T15:36:56+00:00","breadcrumb":{"@id":"http:\/\/skyline-gs.com\/pl\/produkt\/dolphin-tour-cuza-cave-and-jozani-forest\/#breadcrumb"},"inLanguage":"fr-FR","potentialAction":[{"@type":"ReadAction","target":["http:\/\/skyline-gs.com\/pl\/produkt\/dolphin-tour-cuza-cave-and-jozani-forest\/"]}]},{"@type":"ImageObject","inLanguage":"fr-FR","@id":"http:\/\/skyline-gs.com\/pl\/produkt\/dolphin-tour-cuza-cave-and-jozani-forest\/#primaryimage","url":"https:\/\/skyline-gs.com\/wp-content\/uploads\/2022\/10\/3-3-1.png","contentUrl":"https:\/\/skyline-gs.com\/wp-content\/uploads\/2022\/10\/3-3-1.png","width":669,"height":446},{"@type":"BreadcrumbList","@id":"http:\/\/skyline-gs.com\/pl\/produkt\/dolphin-tour-cuza-cave-and-jozani-forest\/#breadcrumb","itemListElement":[{"@type":"ListItem","position":1,"name":"\u0413\u043b\u0430\u0432\u043d\u0430\u044f \u0441\u0442\u0440\u0430\u043d\u0438\u0446\u0430","item":"https:\/\/skyline-gs.com\/hu\/"},{"@type":"ListItem","position":2,"name":"\u041c\u0430\u0433\u0430\u0437\u0438\u043d","item":"https:\/\/skyline-gs.com\/cs\/shop\/"},{"@type":"ListItem","position":3,"name":"\u0418\u043d\u0434\u0438\u0432\u0438\u0434\u0443\u0430\u043b\u044c\u043d\u044b\u0439 \u0414\u0435\u043b\u044c\u0444\u0438\u043d \u0442\u0443\u0440 \u0438\u0437 \u041a\u0438\u0437\u0438\u043c\u043a\u0430\u0437\u0438, \u041f\u0435\u0449\u0435\u0440\u0430 \u041a\u0443\u0437\u0430 \u0438 \u041b\u0435\u0441 \u0414\u0436\u043e\u0437\u0430\u043d\u0438"}]},{"@type":"WebSite","@id":"https:\/\/skyline-gs.com\/it\/#website","url":"https:\/\/skyline-gs.com\/it\/","name":"Excursions Skyline","description":"Excursions exclusives dans les meilleurs centres de vill\u00e9giature du monde","publisher":{"@id":"https:\/\/skyline-gs.com\/it\/#organization"},"alternateName":"Skyline","potentialAction":[{"@type":"SearchAction","target":{"@type":"EntryPoint","urlTemplate":"https:\/\/skyline-gs.com\/it\/?s={search_term_string}"},"query-input":{"@type":"PropertyValueSpecification","valueRequired":true,"valueName":"search_term_string"}}],"inLanguage":"fr-FR"},{"@type":"Organization","@id":"https:\/\/skyline-gs.com\/it\/#organization","name":"Excursions Skyline","alternateName":"\u042d\u043a\u0441\u043a\u0443\u0440\u0441\u0438\u0438 Skyline","url":"https:\/\/skyline-gs.com\/it\/","logo":{"@type":"ImageObject","inLanguage":"fr-FR","@id":"https:\/\/skyline-gs.com\/it\/#\/schema\/logo\/image\/","url":"https:\/\/skyline-gs.com\/wp-content\/uploads\/2020\/12\/cropped-logo-2.png","contentUrl":"https:\/\/skyline-gs.com\/wp-content\/uploads\/2020\/12\/cropped-logo-2.png","width":512,"height":512,"caption":"\u042d\u043a\u0441\u043a\u0443\u0440\u0441\u0438\u0438 Skyline"},"image":{"@id":"https:\/\/skyline-gs.com\/it\/#\/schema\/logo\/image\/"},"sameAs":["https:\/\/www.instagram.com\/skylineglobalservice\/"]}]}},"_links":{"self":[{"href":"https:\/\/skyline-gs.com\/fr\/wp-json\/wp\/v2\/product\/55684","targetHints":{"allow":["GET"]}}],"collection":[{"href":"https:\/\/skyline-gs.com\/fr\/wp-json\/wp\/v2\/product"}],"about":[{"href":"https:\/\/skyline-gs.com\/fr\/wp-json\/wp\/v2\/types\/product"}],"version-history":[{"count":0,"href":"https:\/\/skyline-gs.com\/fr\/wp-json\/wp\/v2\/product\/55684\/revisions"}],"wp:featuredmedia":[{"embeddable":true,"href":"https:\/\/skyline-gs.com\/fr\/wp-json\/wp\/v2\/media\/19929"}],"wp:attachment":[{"href":"https:\/\/skyline-gs.com\/fr\/wp-json\/wp\/v2\/media?parent=55684"}],"wp:term":[{"taxonomy":"product_brand","embeddable":true,"href":"https:\/\/skyline-gs.com\/fr\/wp-json\/wp\/v2\/product_brand?post=55684"},{"taxonomy":"product_cat","embeddable":true,"href":"https:\/\/skyline-gs.com\/fr\/wp-json\/wp\/v2\/product_cat?post=55684"},{"taxonomy":"product_tag","embeddable":true,"href":"https:\/\/skyline-gs.com\/fr\/wp-json\/wp\/v2\/product_tag?post=55684"}],"curies":[{"name":"wp","href":"https:\/\/api.w.org\/{rel}","templated":true}]}}