{"id":47210,"date":"2024-01-22T15:03:19","date_gmt":"2024-01-22T13:03:19","guid":{"rendered":"http:\/\/skyline-gs.com\/?post_type=product&#038;p=47210"},"modified":"2024-01-24T19:55:08","modified_gmt":"2024-01-24T17:55:08","slug":"ferry-to-rhodes-marmaris","status":"publish","type":"product","link":"https:\/\/skyline-gs.com\/fr\/product\/ferry-to-rhodes-marmaris\/","title":{"rendered":"Ferry pour Rhodes"},"content":{"rendered":"<p>Le ferry pour Rhodes au d\u00e9part de Marmaris est un voyage en mer passionnant et une occasion unique d'explorer le patrimoine culturel de Rhodes. L'excursion commence par un transfert confortable depuis les h\u00f4tels de la c\u00f4te, suivi de l'enregistrement et des formalit\u00e9s frontali\u00e8res au port.<\/p>\n<p>Apr\u00e8s un d\u00e9part \u00e0 9h15 et un court voyage de 45 minutes, les voyageurs arrivent sur l'\u00eele de Rhodes. Le temps pass\u00e9 sur l'\u00eele de 10h00 \u00e0 16h00 permet d'explorer librement son riche patrimoine historique. La vieille ville, la forteresse, la mosqu\u00e9e de Soliman, la rue des Chevaliers, le palais des Grands Ma\u00eetres et le port de Mandraki vous attendent. Vous pouvez \u00e9galement r\u00e9server une visite touristique aupr\u00e8s des agences locales au port.<\/p>\n<p>Le rassemblement des touristes pour l'enregistrement sur le ferry commence \u00e0 16h00, avec un d\u00e9part ult\u00e9rieur pour Marmaris \u00e0 17h00. Apr\u00e8s l'arriv\u00e9e au port et le passage des douanes turques, le transfert retour vers les h\u00f4tels est assur\u00e9.<\/p>\n<p><strong>Inclus :<\/strong> Transferts aller-retour, billets de ferry, assurance<br \/>\n<strong>Non inclus :<\/strong> D\u00e9penses personnelles<\/p>\n<p><strong>N'oubliez pas :<\/strong> Passeport avec visa Schengen, chaussures et v\u00eatements confortables, accessoires de bain, cr\u00e8me solaire, lunettes de soleil.<\/p>","protected":false},"excerpt":{"rendered":"<p><strong>Temps du Tour:<\/strong> 07:30 &#8212; 19:00<\/p>\n<p><strong>Jours de D\u00e9roulement:<\/strong> Chaque jour<\/p>","protected":false},"featured_media":0,"template":"","meta":{"_kad_post_transparent":"default","_kad_post_title":"","_kad_post_layout":"default","_kad_post_sidebar_id":"","_kad_post_content_style":"default","_kad_post_vertical_padding":"default","_kad_post_feature":"","_kad_post_feature_position":"","_kad_post_header":false,"_kad_post_footer":false,"_kad_post_classname":"","_glsr_average":0,"_glsr_ranking":0,"_glsr_reviews":0},"product_brand":[],"product_cat":[451],"product_tag":[],"class_list":{"0":"post-47210","1":"product","2":"type-product","3":"status-publish","5":"product_cat-marmaris","6":"tm-has-options","8":"first","9":"instock","10":"sold-individually","11":"taxable","12":"shipping-taxable","13":"purchasable","14":"product-type-simple","15":"entry","16":"content-bg","17":"loop-entry"},"yoast_head":"<!-- This site is optimized with the Yoast SEO plugin v27.3 - https:\/\/yoast.com\/product\/yoast-seo-wordpress\/ -->\n<title>\u041f\u0430\u0440\u043e\u043c \u043d\u0430 \u0420\u043e\u0434\u043e\u0441 &#8226; \u042d\u043a\u0441\u043a\u0443\u0440\u0441\u0438\u0438 Skyline<\/title>\n<meta name=\"description\" content=\"\u042d\u043a\u0441\u043a\u0443\u0440\u0441\u0438\u044f \u041f\u0430\u0440\u043e\u043c \u043d\u0430 \u0420\u043e\u0434\u043e\u0441 \u0438\u0437 \u041c\u0430\u0440\u043c\u0430\u0440\u0438\u0441\u0430 - \u044d\u0442\u043e \u0443\u043d\u0438\u043a\u0430\u043b\u044c\u043d\u0430\u044f \u0432\u043e\u0437\u043c\u043e\u0436\u043d\u043e\u0441\u0442\u044c \u0434\u043b\u044f \u0442\u0443\u0440\u0438\u0441\u0442\u043e\u0432 \u043f\u043e\u0441\u0435\u0442\u0438\u0442\u044c \u0440\u043e\u0434\u0438\u043d\u0443 \u043e\u0434\u043d\u043e\u0433\u043e \u0438\u0437 \u0441\u0435\u043c\u0438 \u0447\u0443\u0434\u0435\u0441 \u043c\u0438\u0440\u0430 - \u041a\u043e\u043b\u043e\u0441\u0441\u0430 \u0420\u043e\u0434\u043e\u0441\u0441\u043a\u043e\u0433\u043e!\" \/>\n<meta name=\"robots\" content=\"index, follow, max-snippet:-1, max-image-preview:large, max-video-preview:-1\" \/>\n<link rel=\"canonical\" href=\"https:\/\/skyline-gs.com\/fr\/produit\/ferry-to-rhodes-marmaris\/\" \/>\n<meta property=\"og:locale\" content=\"fr_FR\" \/>\n<meta property=\"og:type\" content=\"article\" \/>\n<meta property=\"og:title\" content=\"\u041f\u0430\u0440\u043e\u043c \u043d\u0430 \u0420\u043e\u0434\u043e\u0441 &#8226; \u042d\u043a\u0441\u043a\u0443\u0440\u0441\u0438\u0438 Skyline\" \/>\n<meta property=\"og:description\" content=\"\u042d\u043a\u0441\u043a\u0443\u0440\u0441\u0438\u044f \u041f\u0430\u0440\u043e\u043c \u043d\u0430 \u0420\u043e\u0434\u043e\u0441 \u0438\u0437 \u041c\u0430\u0440\u043c\u0430\u0440\u0438\u0441\u0430 - \u044d\u0442\u043e \u0443\u043d\u0438\u043a\u0430\u043b\u044c\u043d\u0430\u044f \u0432\u043e\u0437\u043c\u043e\u0436\u043d\u043e\u0441\u0442\u044c \u0434\u043b\u044f \u0442\u0443\u0440\u0438\u0441\u0442\u043e\u0432 \u043f\u043e\u0441\u0435\u0442\u0438\u0442\u044c \u0440\u043e\u0434\u0438\u043d\u0443 \u043e\u0434\u043d\u043e\u0433\u043e \u0438\u0437 \u0441\u0435\u043c\u0438 \u0447\u0443\u0434\u0435\u0441 \u043c\u0438\u0440\u0430 - \u041a\u043e\u043b\u043e\u0441\u0441\u0430 \u0420\u043e\u0434\u043e\u0441\u0441\u043a\u043e\u0433\u043e!\" \/>\n<meta property=\"og:url\" content=\"https:\/\/skyline-gs.com\/fr\/produit\/ferry-to-rhodes-marmaris\/\" \/>\n<meta property=\"og:site_name\" content=\"\u042d\u043a\u0441\u043a\u0443\u0440\u0441\u0438\u0438 Skyline\" \/>\n<meta property=\"article:modified_time\" content=\"2024-01-24T17:55:08+00:00\" \/>\n<meta property=\"og:image\" content=\"https:\/\/skyline-gs.com\/wp-content\/uploads\/2024\/08\/LoGo777.png\" \/>\n\t<meta property=\"og:image:width\" content=\"1080\" \/>\n\t<meta property=\"og:image:height\" content=\"1080\" \/>\n\t<meta property=\"og:image:type\" content=\"image\/png\" \/>\n<meta name=\"twitter:card\" content=\"summary_large_image\" \/>\n<meta name=\"twitter:label1\" content=\"Dur\u00e9e de lecture estim\u00e9e\" \/>\n\t<meta name=\"twitter:data1\" content=\"1 minute\" \/>\n<script type=\"application\/ld+json\" class=\"yoast-schema-graph\">{\"@context\":\"https:\\\/\\\/schema.org\",\"@graph\":[{\"@type\":\"WebPage\",\"@id\":\"https:\\\/\\\/skyline-gs.com\\\/pl\\\/produkt\\\/ferry-to-rhodes-marmaris\\\/\",\"url\":\"https:\\\/\\\/skyline-gs.com\\\/pl\\\/produkt\\\/ferry-to-rhodes-marmaris\\\/\",\"name\":\"\u041f\u0430\u0440\u043e\u043c \u043d\u0430 \u0420\u043e\u0434\u043e\u0441 &#8226; \u042d\u043a\u0441\u043a\u0443\u0440\u0441\u0438\u0438 Skyline\",\"isPartOf\":{\"@id\":\"https:\\\/\\\/skyline-gs.com\\\/it\\\/#website\"},\"datePublished\":\"2024-01-22T13:03:19+00:00\",\"dateModified\":\"2024-01-24T17:55:08+00:00\",\"description\":\"\u042d\u043a\u0441\u043a\u0443\u0440\u0441\u0438\u044f \u041f\u0430\u0440\u043e\u043c \u043d\u0430 \u0420\u043e\u0434\u043e\u0441 \u0438\u0437 \u041c\u0430\u0440\u043c\u0430\u0440\u0438\u0441\u0430 - \u044d\u0442\u043e \u0443\u043d\u0438\u043a\u0430\u043b\u044c\u043d\u0430\u044f \u0432\u043e\u0437\u043c\u043e\u0436\u043d\u043e\u0441\u0442\u044c \u0434\u043b\u044f \u0442\u0443\u0440\u0438\u0441\u0442\u043e\u0432 \u043f\u043e\u0441\u0435\u0442\u0438\u0442\u044c \u0440\u043e\u0434\u0438\u043d\u0443 \u043e\u0434\u043d\u043e\u0433\u043e \u0438\u0437 \u0441\u0435\u043c\u0438 \u0447\u0443\u0434\u0435\u0441 \u043c\u0438\u0440\u0430 - \u041a\u043e\u043b\u043e\u0441\u0441\u0430 \u0420\u043e\u0434\u043e\u0441\u0441\u043a\u043e\u0433\u043e!\",\"breadcrumb\":{\"@id\":\"https:\\\/\\\/skyline-gs.com\\\/pl\\\/produkt\\\/ferry-to-rhodes-marmaris\\\/#breadcrumb\"},\"inLanguage\":\"fr-FR\",\"potentialAction\":[{\"@type\":\"ReadAction\",\"target\":[\"https:\\\/\\\/skyline-gs.com\\\/pl\\\/produkt\\\/ferry-to-rhodes-marmaris\\\/\"]}]},{\"@type\":\"BreadcrumbList\",\"@id\":\"https:\\\/\\\/skyline-gs.com\\\/pl\\\/produkt\\\/ferry-to-rhodes-marmaris\\\/#breadcrumb\",\"itemListElement\":[{\"@type\":\"ListItem\",\"position\":1,\"name\":\"\u0413\u043b\u0430\u0432\u043d\u0430\u044f \u0441\u0442\u0440\u0430\u043d\u0438\u0446\u0430\",\"item\":\"https:\\\/\\\/skyline-gs.com\\\/hu\\\/\"},{\"@type\":\"ListItem\",\"position\":2,\"name\":\"\u041c\u0430\u0433\u0430\u0437\u0438\u043d\",\"item\":\"https:\\\/\\\/skyline-gs.com\\\/cs\\\/shop\\\/\"},{\"@type\":\"ListItem\",\"position\":3,\"name\":\"\u041f\u0430\u0440\u043e\u043c \u043d\u0430 \u0420\u043e\u0434\u043e\u0441\"}]},{\"@type\":\"WebSite\",\"@id\":\"https:\\\/\\\/skyline-gs.com\\\/it\\\/#website\",\"url\":\"https:\\\/\\\/skyline-gs.com\\\/it\\\/\",\"name\":\"\u042d\u043a\u0441\u043a\u0443\u0440\u0441\u0438\u0438 Skyline\",\"description\":\"\u042d\u043a\u0441\u043a\u043b\u044e\u0437\u0438\u0432\u043d\u044b\u0435 \u044d\u043a\u0441\u043a\u0443\u0440\u0441\u0438\u0438 \u043d\u0430 \u043b\u0443\u0447\u0448\u0438\u0445 \u043a\u0443\u0440\u043e\u0440\u0442\u0430\u0445 \u043c\u0438\u0440\u0430\",\"publisher\":{\"@id\":\"https:\\\/\\\/skyline-gs.com\\\/it\\\/#organization\"},\"alternateName\":\"Skyline\",\"potentialAction\":[{\"@type\":\"SearchAction\",\"target\":{\"@type\":\"EntryPoint\",\"urlTemplate\":\"https:\\\/\\\/skyline-gs.com\\\/it\\\/?s={search_term_string}\"},\"query-input\":{\"@type\":\"PropertyValueSpecification\",\"valueRequired\":true,\"valueName\":\"search_term_string\"}}],\"inLanguage\":\"fr-FR\"},{\"@type\":\"Organization\",\"@id\":\"https:\\\/\\\/skyline-gs.com\\\/it\\\/#organization\",\"name\":\"\u042d\u043a\u0441\u043a\u0443\u0440\u0441\u0438\u0438 Skyline\",\"alternateName\":\"\u042d\u043a\u0441\u043a\u0443\u0440\u0441\u0438\u0438 Skyline\",\"url\":\"https:\\\/\\\/skyline-gs.com\\\/it\\\/\",\"logo\":{\"@type\":\"ImageObject\",\"inLanguage\":\"fr-FR\",\"@id\":\"https:\\\/\\\/skyline-gs.com\\\/it\\\/#\\\/schema\\\/logo\\\/image\\\/\",\"url\":\"https:\\\/\\\/skyline-gs.com\\\/wp-content\\\/uploads\\\/2020\\\/12\\\/cropped-logo-2.png\",\"contentUrl\":\"https:\\\/\\\/skyline-gs.com\\\/wp-content\\\/uploads\\\/2020\\\/12\\\/cropped-logo-2.png\",\"width\":512,\"height\":512,\"caption\":\"\u042d\u043a\u0441\u043a\u0443\u0440\u0441\u0438\u0438 Skyline\"},\"image\":{\"@id\":\"https:\\\/\\\/skyline-gs.com\\\/it\\\/#\\\/schema\\\/logo\\\/image\\\/\"},\"sameAs\":[\"https:\\\/\\\/www.instagram.com\\\/skylineglobalservice\\\/\"]}]}<\/script>\n<!-- \/ Yoast SEO plugin. -->","yoast_head_json":{"title":"\u041f\u0430\u0440\u043e\u043c \u043d\u0430 \u0420\u043e\u0434\u043e\u0441 &#8226; \u042d\u043a\u0441\u043a\u0443\u0440\u0441\u0438\u0438 Skyline","description":"L'excursion en ferry vers Rhodes au d\u00e9part de Marmaris est une occasion unique pour les touristes de visiter le lieu de naissance de l'une des sept merveilles du monde - le Colosse de Rhodes !","robots":{"index":"index","follow":"follow","max-snippet":"max-snippet:-1","max-image-preview":"max-image-preview:large","max-video-preview":"max-video-preview:-1"},"canonical":"https:\/\/skyline-gs.com\/fr\/produit\/ferry-to-rhodes-marmaris\/","og_locale":"fr_FR","og_type":"article","og_title":"\u041f\u0430\u0440\u043e\u043c \u043d\u0430 \u0420\u043e\u0434\u043e\u0441 &#8226; \u042d\u043a\u0441\u043a\u0443\u0440\u0441\u0438\u0438 Skyline","og_description":"\u042d\u043a\u0441\u043a\u0443\u0440\u0441\u0438\u044f \u041f\u0430\u0440\u043e\u043c \u043d\u0430 \u0420\u043e\u0434\u043e\u0441 \u0438\u0437 \u041c\u0430\u0440\u043c\u0430\u0440\u0438\u0441\u0430 - \u044d\u0442\u043e \u0443\u043d\u0438\u043a\u0430\u043b\u044c\u043d\u0430\u044f \u0432\u043e\u0437\u043c\u043e\u0436\u043d\u043e\u0441\u0442\u044c \u0434\u043b\u044f \u0442\u0443\u0440\u0438\u0441\u0442\u043e\u0432 \u043f\u043e\u0441\u0435\u0442\u0438\u0442\u044c \u0440\u043e\u0434\u0438\u043d\u0443 \u043e\u0434\u043d\u043e\u0433\u043e \u0438\u0437 \u0441\u0435\u043c\u0438 \u0447\u0443\u0434\u0435\u0441 \u043c\u0438\u0440\u0430 - \u041a\u043e\u043b\u043e\u0441\u0441\u0430 \u0420\u043e\u0434\u043e\u0441\u0441\u043a\u043e\u0433\u043e!","og_url":"https:\/\/skyline-gs.com\/fr\/produit\/ferry-to-rhodes-marmaris\/","og_site_name":"\u042d\u043a\u0441\u043a\u0443\u0440\u0441\u0438\u0438 Skyline","article_modified_time":"2024-01-24T17:55:08+00:00","og_image":[{"width":1080,"height":1080,"url":"https:\/\/skyline-gs.com\/wp-content\/uploads\/2024\/08\/LoGo777.png","type":"image\/png"}],"twitter_card":"summary_large_image","twitter_misc":{"Dur\u00e9e de lecture estim\u00e9e":"1 minute"},"schema":{"@context":"https:\/\/schema.org","@graph":[{"@type":"WebPage","@id":"https:\/\/skyline-gs.com\/pl\/produkt\/ferry-to-rhodes-marmaris\/","url":"https:\/\/skyline-gs.com\/pl\/produkt\/ferry-to-rhodes-marmaris\/","name":"\u041f\u0430\u0440\u043e\u043c \u043d\u0430 \u0420\u043e\u0434\u043e\u0441 &#8226; \u042d\u043a\u0441\u043a\u0443\u0440\u0441\u0438\u0438 Skyline","isPartOf":{"@id":"https:\/\/skyline-gs.com\/it\/#website"},"datePublished":"2024-01-22T13:03:19+00:00","dateModified":"2024-01-24T17:55:08+00:00","description":"L'excursion en ferry vers Rhodes au d\u00e9part de Marmaris est une occasion unique pour les touristes de visiter le lieu de naissance de l'une des sept merveilles du monde - le Colosse de Rhodes !","breadcrumb":{"@id":"https:\/\/skyline-gs.com\/pl\/produkt\/ferry-to-rhodes-marmaris\/#breadcrumb"},"inLanguage":"fr-FR","potentialAction":[{"@type":"ReadAction","target":["https:\/\/skyline-gs.com\/pl\/produkt\/ferry-to-rhodes-marmaris\/"]}]},{"@type":"BreadcrumbList","@id":"https:\/\/skyline-gs.com\/pl\/produkt\/ferry-to-rhodes-marmaris\/#breadcrumb","itemListElement":[{"@type":"ListItem","position":1,"name":"\u0413\u043b\u0430\u0432\u043d\u0430\u044f \u0441\u0442\u0440\u0430\u043d\u0438\u0446\u0430","item":"https:\/\/skyline-gs.com\/hu\/"},{"@type":"ListItem","position":2,"name":"\u041c\u0430\u0433\u0430\u0437\u0438\u043d","item":"https:\/\/skyline-gs.com\/cs\/shop\/"},{"@type":"ListItem","position":3,"name":"\u041f\u0430\u0440\u043e\u043c \u043d\u0430 \u0420\u043e\u0434\u043e\u0441"}]},{"@type":"WebSite","@id":"https:\/\/skyline-gs.com\/it\/#website","url":"https:\/\/skyline-gs.com\/it\/","name":"Excursions Skyline","description":"Excursions exclusives dans les meilleurs centres de vill\u00e9giature du monde","publisher":{"@id":"https:\/\/skyline-gs.com\/it\/#organization"},"alternateName":"Skyline","potentialAction":[{"@type":"SearchAction","target":{"@type":"EntryPoint","urlTemplate":"https:\/\/skyline-gs.com\/it\/?s={search_term_string}"},"query-input":{"@type":"PropertyValueSpecification","valueRequired":true,"valueName":"search_term_string"}}],"inLanguage":"fr-FR"},{"@type":"Organization","@id":"https:\/\/skyline-gs.com\/it\/#organization","name":"Excursions Skyline","alternateName":"\u042d\u043a\u0441\u043a\u0443\u0440\u0441\u0438\u0438 Skyline","url":"https:\/\/skyline-gs.com\/it\/","logo":{"@type":"ImageObject","inLanguage":"fr-FR","@id":"https:\/\/skyline-gs.com\/it\/#\/schema\/logo\/image\/","url":"https:\/\/skyline-gs.com\/wp-content\/uploads\/2020\/12\/cropped-logo-2.png","contentUrl":"https:\/\/skyline-gs.com\/wp-content\/uploads\/2020\/12\/cropped-logo-2.png","width":512,"height":512,"caption":"\u042d\u043a\u0441\u043a\u0443\u0440\u0441\u0438\u0438 Skyline"},"image":{"@id":"https:\/\/skyline-gs.com\/it\/#\/schema\/logo\/image\/"},"sameAs":["https:\/\/www.instagram.com\/skylineglobalservice\/"]}]}},"_links":{"self":[{"href":"https:\/\/skyline-gs.com\/fr\/wp-json\/wp\/v2\/product\/47210","targetHints":{"allow":["GET"]}}],"collection":[{"href":"https:\/\/skyline-gs.com\/fr\/wp-json\/wp\/v2\/product"}],"about":[{"href":"https:\/\/skyline-gs.com\/fr\/wp-json\/wp\/v2\/types\/product"}],"version-history":[{"count":0,"href":"https:\/\/skyline-gs.com\/fr\/wp-json\/wp\/v2\/product\/47210\/revisions"}],"wp:attachment":[{"href":"https:\/\/skyline-gs.com\/fr\/wp-json\/wp\/v2\/media?parent=47210"}],"wp:term":[{"taxonomy":"product_brand","embeddable":true,"href":"https:\/\/skyline-gs.com\/fr\/wp-json\/wp\/v2\/product_brand?post=47210"},{"taxonomy":"product_cat","embeddable":true,"href":"https:\/\/skyline-gs.com\/fr\/wp-json\/wp\/v2\/product_cat?post=47210"},{"taxonomy":"product_tag","embeddable":true,"href":"https:\/\/skyline-gs.com\/fr\/wp-json\/wp\/v2\/product_tag?post=47210"}],"curies":[{"name":"wp","href":"https:\/\/api.w.org\/{rel}","templated":true}]}}