{"id":47202,"date":"2024-01-22T14:11:27","date_gmt":"2024-01-22T12:11:27","guid":{"rendered":"http:\/\/skyline-gs.com\/?post_type=product&#038;p=47202"},"modified":"2024-01-24T00:52:23","modified_gmt":"2024-01-23T22:52:23","slug":"snorkeling-in-marmaris","status":"publish","type":"product","link":"https:\/\/skyline-gs.com\/fr\/product\/snorkeling-in-marmaris\/","title":{"rendered":"Plong\u00e9e en apn\u00e9e \u00e0 Marmaris"},"content":{"rendered":"<p>La plong\u00e9e avec masque et tuba \u00e0 Marmaris est une exp\u00e9rience unique qui permet de plonger dans le monde sous-marin color\u00e9. L'excursion commence par un transfert confortable des clients depuis leur h\u00f4tel. Apr\u00e8s l'arriv\u00e9e au port, l'excursion se dirige vers le centre de plong\u00e9e, d'o\u00f9 l'on embarque sur un yacht sp\u00e9cial.<\/p>\n<p>Les participants re\u00e7oivent leur \u00e9quipement et sont inform\u00e9s des techniques de plong\u00e9e avec tuba. Le voyage se dirige vers la haute mer, o\u00f9 un endroit appropri\u00e9 est choisi pour la premi\u00e8re plong\u00e9e. Apr\u00e8s une exp\u00e9rience sous-marine riche et passionnante, les participants savourent un d\u00e9licieux d\u00e9jeuner compos\u00e9 de sp\u00e9cialit\u00e9s nationales.<\/p>\n<p>Vous pourrez ensuite choisir un deuxi\u00e8me site de plong\u00e9e avec masque et tuba et profiter de la tranquillit\u00e9 des eaux libres. L'excursion se termine par un retour au port de Marmaris et le transfert des clients vers leurs h\u00f4tels.<\/p>\n<p><strong>Inclus :<\/strong><\/p>\n<ul>\n<li>Transfert aller-retour<\/li>\n<li>Assurance<\/li>\n<li>\u00c9quipement de plong\u00e9e avec tuba<\/li>\n<li>Instruction<\/li>\n<li>D\u00e9jeuner<\/li>\n<\/ul>\n<p><strong>Non inclus :<\/strong><\/p>\n<ul>\n<li>Boissons<\/li>\n<li>D\u00e9penses personnelles<\/li>\n<\/ul>\n<p><strong>Il est n\u00e9cessaire de l'apporter avec soi :<\/strong><\/p>\n<ul>\n<li>Maillots de bain<\/li>\n<li>Cr\u00e8me solaire\/\u00e9cran solaire<\/li>\n<li>Chapeaux<\/li>\n<li>Lunettes de soleil<\/li>\n<li>L'eau<\/li>\n<\/ul>","protected":false},"excerpt":{"rendered":"<p><strong>Temps du Tour:<\/strong> 08:30 &#8212; 14:00<\/p>\n<p><strong>Jours de D\u00e9roulement:<\/strong> Chaque jour<\/p>","protected":false},"featured_media":42437,"template":"","meta":{"_kad_post_transparent":"default","_kad_post_title":"","_kad_post_layout":"default","_kad_post_sidebar_id":"","_kad_post_content_style":"default","_kad_post_vertical_padding":"default","_kad_post_feature":"","_kad_post_feature_position":"","_kad_post_header":false,"_kad_post_footer":false,"_kad_post_classname":"","_glsr_average":0,"_glsr_ranking":0,"_glsr_reviews":0},"product_brand":[],"product_cat":[451],"product_tag":[],"class_list":{"0":"post-47202","1":"product","2":"type-product","3":"status-publish","4":"has-post-thumbnail","6":"product_cat-marmaris","7":"tm-has-options","9":"first","10":"instock","11":"sold-individually","12":"taxable","13":"shipping-taxable","14":"purchasable","15":"product-type-simple","16":"entry","17":"content-bg","18":"loop-entry"},"yoast_head":"<!-- This site is optimized with the Yoast SEO plugin v27.3 - https:\/\/yoast.com\/product\/yoast-seo-wordpress\/ -->\n<title>\u0421\u043d\u043e\u0440\u043a\u043b\u0438\u043d\u0433 \u0432 \u041c\u0430\u0440\u043c\u0430\u0440\u0438\u0441\u0435 &#8226; \u042d\u043a\u0441\u043a\u0443\u0440\u0441\u0438\u0438 Skyline<\/title>\n<meta name=\"description\" content=\"\u042d\u043a\u0441\u043a\u0443\u0440\u0441\u0438\u044f \u0441\u043d\u043e\u0440\u043a\u043b\u0438\u043d\u0433 \u0432 \u041c\u0430\u0440\u043c\u0430\u0440\u0438\u0441\u0435 \u2013 \u044d\u0442\u043e \u0432\u043e\u0437\u043c\u043e\u0436\u043d\u043e\u0441\u0442\u044c \u043e\u0449\u0443\u0442\u0438\u0442\u044c \u043f\u043e\u0434\u0432\u043e\u0434\u043d\u043e\u0435 \u0432\u043e\u043b\u0448\u0435\u0431\u0441\u0442\u0432\u043e \u0438 \u0441\u043e\u0437\u0434\u0430\u0442\u044c \u043d\u0435\u0437\u0430\u0431\u044b\u0432\u0430\u0435\u043c\u044b\u0435 \u0432\u043e\u0441\u043f\u043e\u043c\u0438\u043d\u0430\u043d\u0438\u044f \u043e \u0441\u0432\u043e\u0435\u043c \u043f\u0443\u0442\u0435\u0448\u0435\u0441\u0442\u0432\u0438\u0438!\" \/>\n<meta name=\"robots\" content=\"index, follow, max-snippet:-1, max-image-preview:large, max-video-preview:-1\" \/>\n<link rel=\"canonical\" href=\"https:\/\/skyline-gs.com\/fr\/produit\/snorkeling-in-marmaris\/\" \/>\n<meta property=\"og:locale\" content=\"fr_FR\" \/>\n<meta property=\"og:type\" content=\"article\" \/>\n<meta property=\"og:title\" content=\"\u0421\u043d\u043e\u0440\u043a\u043b\u0438\u043d\u0433 \u0432 \u041c\u0430\u0440\u043c\u0430\u0440\u0438\u0441\u0435 &#8226; \u042d\u043a\u0441\u043a\u0443\u0440\u0441\u0438\u0438 Skyline\" \/>\n<meta property=\"og:description\" content=\"\u042d\u043a\u0441\u043a\u0443\u0440\u0441\u0438\u044f \u0441\u043d\u043e\u0440\u043a\u043b\u0438\u043d\u0433 \u0432 \u041c\u0430\u0440\u043c\u0430\u0440\u0438\u0441\u0435 \u2013 \u044d\u0442\u043e \u0432\u043e\u0437\u043c\u043e\u0436\u043d\u043e\u0441\u0442\u044c \u043e\u0449\u0443\u0442\u0438\u0442\u044c \u043f\u043e\u0434\u0432\u043e\u0434\u043d\u043e\u0435 \u0432\u043e\u043b\u0448\u0435\u0431\u0441\u0442\u0432\u043e \u0438 \u0441\u043e\u0437\u0434\u0430\u0442\u044c \u043d\u0435\u0437\u0430\u0431\u044b\u0432\u0430\u0435\u043c\u044b\u0435 \u0432\u043e\u0441\u043f\u043e\u043c\u0438\u043d\u0430\u043d\u0438\u044f \u043e \u0441\u0432\u043e\u0435\u043c \u043f\u0443\u0442\u0435\u0448\u0435\u0441\u0442\u0432\u0438\u0438!\" \/>\n<meta property=\"og:url\" content=\"https:\/\/skyline-gs.com\/fr\/produit\/snorkeling-in-marmaris\/\" \/>\n<meta property=\"og:site_name\" content=\"\u042d\u043a\u0441\u043a\u0443\u0440\u0441\u0438\u0438 Skyline\" \/>\n<meta property=\"article:modified_time\" content=\"2024-01-23T22:52:23+00:00\" \/>\n<meta property=\"og:image\" content=\"https:\/\/skyline-gs.com\/wp-content\/uploads\/2023\/06\/cb.jpg\" \/>\n\t<meta property=\"og:image:width\" content=\"669\" \/>\n\t<meta property=\"og:image:height\" content=\"446\" \/>\n\t<meta property=\"og:image:type\" content=\"image\/jpeg\" \/>\n<meta name=\"twitter:card\" content=\"summary_large_image\" \/>\n<meta name=\"twitter:label1\" content=\"Dur\u00e9e de lecture estim\u00e9e\" \/>\n\t<meta name=\"twitter:data1\" content=\"1 minute\" \/>\n<script type=\"application\/ld+json\" class=\"yoast-schema-graph\">{\"@context\":\"https:\\\/\\\/schema.org\",\"@graph\":[{\"@type\":\"WebPage\",\"@id\":\"https:\\\/\\\/skyline-gs.com\\\/product\\\/snorkeling-in-marmaris\\\/\",\"url\":\"https:\\\/\\\/skyline-gs.com\\\/product\\\/snorkeling-in-marmaris\\\/\",\"name\":\"\u0421\u043d\u043e\u0440\u043a\u043b\u0438\u043d\u0433 \u0432 \u041c\u0430\u0440\u043c\u0430\u0440\u0438\u0441\u0435 &#8226; \u042d\u043a\u0441\u043a\u0443\u0440\u0441\u0438\u0438 Skyline\",\"isPartOf\":{\"@id\":\"https:\\\/\\\/skyline-gs.com\\\/it\\\/#website\"},\"primaryImageOfPage\":{\"@id\":\"https:\\\/\\\/skyline-gs.com\\\/product\\\/snorkeling-in-marmaris\\\/#primaryimage\"},\"image\":{\"@id\":\"https:\\\/\\\/skyline-gs.com\\\/product\\\/snorkeling-in-marmaris\\\/#primaryimage\"},\"thumbnailUrl\":\"https:\\\/\\\/skyline-gs.com\\\/wp-content\\\/uploads\\\/2023\\\/06\\\/cb.jpg\",\"datePublished\":\"2024-01-22T12:11:27+00:00\",\"dateModified\":\"2024-01-23T22:52:23+00:00\",\"description\":\"\u042d\u043a\u0441\u043a\u0443\u0440\u0441\u0438\u044f \u0441\u043d\u043e\u0440\u043a\u043b\u0438\u043d\u0433 \u0432 \u041c\u0430\u0440\u043c\u0430\u0440\u0438\u0441\u0435 \u2013 \u044d\u0442\u043e \u0432\u043e\u0437\u043c\u043e\u0436\u043d\u043e\u0441\u0442\u044c \u043e\u0449\u0443\u0442\u0438\u0442\u044c \u043f\u043e\u0434\u0432\u043e\u0434\u043d\u043e\u0435 \u0432\u043e\u043b\u0448\u0435\u0431\u0441\u0442\u0432\u043e \u0438 \u0441\u043e\u0437\u0434\u0430\u0442\u044c \u043d\u0435\u0437\u0430\u0431\u044b\u0432\u0430\u0435\u043c\u044b\u0435 \u0432\u043e\u0441\u043f\u043e\u043c\u0438\u043d\u0430\u043d\u0438\u044f \u043e \u0441\u0432\u043e\u0435\u043c \u043f\u0443\u0442\u0435\u0448\u0435\u0441\u0442\u0432\u0438\u0438!\",\"breadcrumb\":{\"@id\":\"https:\\\/\\\/skyline-gs.com\\\/product\\\/snorkeling-in-marmaris\\\/#breadcrumb\"},\"inLanguage\":\"fr-FR\",\"potentialAction\":[{\"@type\":\"ReadAction\",\"target\":[\"https:\\\/\\\/skyline-gs.com\\\/product\\\/snorkeling-in-marmaris\\\/\"]}]},{\"@type\":\"ImageObject\",\"inLanguage\":\"fr-FR\",\"@id\":\"https:\\\/\\\/skyline-gs.com\\\/product\\\/snorkeling-in-marmaris\\\/#primaryimage\",\"url\":\"https:\\\/\\\/skyline-gs.com\\\/wp-content\\\/uploads\\\/2023\\\/06\\\/cb.jpg\",\"contentUrl\":\"https:\\\/\\\/skyline-gs.com\\\/wp-content\\\/uploads\\\/2023\\\/06\\\/cb.jpg\",\"width\":669,\"height\":446},{\"@type\":\"BreadcrumbList\",\"@id\":\"https:\\\/\\\/skyline-gs.com\\\/product\\\/snorkeling-in-marmaris\\\/#breadcrumb\",\"itemListElement\":[{\"@type\":\"ListItem\",\"position\":1,\"name\":\"\u0413\u043b\u0430\u0432\u043d\u0430\u044f \u0441\u0442\u0440\u0430\u043d\u0438\u0446\u0430\",\"item\":\"https:\\\/\\\/skyline-gs.com\\\/hu\\\/\"},{\"@type\":\"ListItem\",\"position\":2,\"name\":\"\u041c\u0430\u0433\u0430\u0437\u0438\u043d\",\"item\":\"https:\\\/\\\/skyline-gs.com\\\/cs\\\/shop\\\/\"},{\"@type\":\"ListItem\",\"position\":3,\"name\":\"\u0421\u043d\u043e\u0440\u043a\u043b\u0438\u043d\u0433 \u0432 \u041c\u0430\u0440\u043c\u0430\u0440\u0438\u0441\u0435\"}]},{\"@type\":\"WebSite\",\"@id\":\"https:\\\/\\\/skyline-gs.com\\\/it\\\/#website\",\"url\":\"https:\\\/\\\/skyline-gs.com\\\/it\\\/\",\"name\":\"\u042d\u043a\u0441\u043a\u0443\u0440\u0441\u0438\u0438 Skyline\",\"description\":\"\u042d\u043a\u0441\u043a\u043b\u044e\u0437\u0438\u0432\u043d\u044b\u0435 \u044d\u043a\u0441\u043a\u0443\u0440\u0441\u0438\u0438 \u043d\u0430 \u043b\u0443\u0447\u0448\u0438\u0445 \u043a\u0443\u0440\u043e\u0440\u0442\u0430\u0445 \u043c\u0438\u0440\u0430\",\"publisher\":{\"@id\":\"https:\\\/\\\/skyline-gs.com\\\/it\\\/#organization\"},\"alternateName\":\"Skyline\",\"potentialAction\":[{\"@type\":\"SearchAction\",\"target\":{\"@type\":\"EntryPoint\",\"urlTemplate\":\"https:\\\/\\\/skyline-gs.com\\\/it\\\/?s={search_term_string}\"},\"query-input\":{\"@type\":\"PropertyValueSpecification\",\"valueRequired\":true,\"valueName\":\"search_term_string\"}}],\"inLanguage\":\"fr-FR\"},{\"@type\":\"Organization\",\"@id\":\"https:\\\/\\\/skyline-gs.com\\\/it\\\/#organization\",\"name\":\"\u042d\u043a\u0441\u043a\u0443\u0440\u0441\u0438\u0438 Skyline\",\"alternateName\":\"\u042d\u043a\u0441\u043a\u0443\u0440\u0441\u0438\u0438 Skyline\",\"url\":\"https:\\\/\\\/skyline-gs.com\\\/it\\\/\",\"logo\":{\"@type\":\"ImageObject\",\"inLanguage\":\"fr-FR\",\"@id\":\"https:\\\/\\\/skyline-gs.com\\\/it\\\/#\\\/schema\\\/logo\\\/image\\\/\",\"url\":\"https:\\\/\\\/skyline-gs.com\\\/wp-content\\\/uploads\\\/2020\\\/12\\\/cropped-logo-2.png\",\"contentUrl\":\"https:\\\/\\\/skyline-gs.com\\\/wp-content\\\/uploads\\\/2020\\\/12\\\/cropped-logo-2.png\",\"width\":512,\"height\":512,\"caption\":\"\u042d\u043a\u0441\u043a\u0443\u0440\u0441\u0438\u0438 Skyline\"},\"image\":{\"@id\":\"https:\\\/\\\/skyline-gs.com\\\/it\\\/#\\\/schema\\\/logo\\\/image\\\/\"},\"sameAs\":[\"https:\\\/\\\/www.instagram.com\\\/skylineglobalservice\\\/\"]}]}<\/script>\n<!-- \/ Yoast SEO plugin. -->","yoast_head_json":{"title":"\u0421\u043d\u043e\u0440\u043a\u043b\u0438\u043d\u0433 \u0432 \u041c\u0430\u0440\u043c\u0430\u0440\u0438\u0441\u0435 &#8226; \u042d\u043a\u0441\u043a\u0443\u0440\u0441\u0438\u0438 Skyline","description":"L'excursion de plong\u00e9e en apn\u00e9e \u00e0 Marmaris est l'occasion d'exp\u00e9rimenter la magie sous-marine et de cr\u00e9er des souvenirs inoubliables de votre voyage !","robots":{"index":"index","follow":"follow","max-snippet":"max-snippet:-1","max-image-preview":"max-image-preview:large","max-video-preview":"max-video-preview:-1"},"canonical":"https:\/\/skyline-gs.com\/fr\/produit\/snorkeling-in-marmaris\/","og_locale":"fr_FR","og_type":"article","og_title":"\u0421\u043d\u043e\u0440\u043a\u043b\u0438\u043d\u0433 \u0432 \u041c\u0430\u0440\u043c\u0430\u0440\u0438\u0441\u0435 &#8226; \u042d\u043a\u0441\u043a\u0443\u0440\u0441\u0438\u0438 Skyline","og_description":"\u042d\u043a\u0441\u043a\u0443\u0440\u0441\u0438\u044f \u0441\u043d\u043e\u0440\u043a\u043b\u0438\u043d\u0433 \u0432 \u041c\u0430\u0440\u043c\u0430\u0440\u0438\u0441\u0435 \u2013 \u044d\u0442\u043e \u0432\u043e\u0437\u043c\u043e\u0436\u043d\u043e\u0441\u0442\u044c \u043e\u0449\u0443\u0442\u0438\u0442\u044c \u043f\u043e\u0434\u0432\u043e\u0434\u043d\u043e\u0435 \u0432\u043e\u043b\u0448\u0435\u0431\u0441\u0442\u0432\u043e \u0438 \u0441\u043e\u0437\u0434\u0430\u0442\u044c \u043d\u0435\u0437\u0430\u0431\u044b\u0432\u0430\u0435\u043c\u044b\u0435 \u0432\u043e\u0441\u043f\u043e\u043c\u0438\u043d\u0430\u043d\u0438\u044f \u043e \u0441\u0432\u043e\u0435\u043c \u043f\u0443\u0442\u0435\u0448\u0435\u0441\u0442\u0432\u0438\u0438!","og_url":"https:\/\/skyline-gs.com\/fr\/produit\/snorkeling-in-marmaris\/","og_site_name":"\u042d\u043a\u0441\u043a\u0443\u0440\u0441\u0438\u0438 Skyline","article_modified_time":"2024-01-23T22:52:23+00:00","og_image":[{"width":669,"height":446,"url":"https:\/\/skyline-gs.com\/wp-content\/uploads\/2023\/06\/cb.jpg","type":"image\/jpeg"}],"twitter_card":"summary_large_image","twitter_misc":{"Dur\u00e9e de lecture estim\u00e9e":"1 minute"},"schema":{"@context":"https:\/\/schema.org","@graph":[{"@type":"WebPage","@id":"https:\/\/skyline-gs.com\/product\/snorkeling-in-marmaris\/","url":"https:\/\/skyline-gs.com\/product\/snorkeling-in-marmaris\/","name":"\u0421\u043d\u043e\u0440\u043a\u043b\u0438\u043d\u0433 \u0432 \u041c\u0430\u0440\u043c\u0430\u0440\u0438\u0441\u0435 &#8226; \u042d\u043a\u0441\u043a\u0443\u0440\u0441\u0438\u0438 Skyline","isPartOf":{"@id":"https:\/\/skyline-gs.com\/it\/#website"},"primaryImageOfPage":{"@id":"https:\/\/skyline-gs.com\/product\/snorkeling-in-marmaris\/#primaryimage"},"image":{"@id":"https:\/\/skyline-gs.com\/product\/snorkeling-in-marmaris\/#primaryimage"},"thumbnailUrl":"https:\/\/skyline-gs.com\/wp-content\/uploads\/2023\/06\/cb.jpg","datePublished":"2024-01-22T12:11:27+00:00","dateModified":"2024-01-23T22:52:23+00:00","description":"L'excursion de plong\u00e9e en apn\u00e9e \u00e0 Marmaris est l'occasion d'exp\u00e9rimenter la magie sous-marine et de cr\u00e9er des souvenirs inoubliables de votre voyage !","breadcrumb":{"@id":"https:\/\/skyline-gs.com\/product\/snorkeling-in-marmaris\/#breadcrumb"},"inLanguage":"fr-FR","potentialAction":[{"@type":"ReadAction","target":["https:\/\/skyline-gs.com\/product\/snorkeling-in-marmaris\/"]}]},{"@type":"ImageObject","inLanguage":"fr-FR","@id":"https:\/\/skyline-gs.com\/product\/snorkeling-in-marmaris\/#primaryimage","url":"https:\/\/skyline-gs.com\/wp-content\/uploads\/2023\/06\/cb.jpg","contentUrl":"https:\/\/skyline-gs.com\/wp-content\/uploads\/2023\/06\/cb.jpg","width":669,"height":446},{"@type":"BreadcrumbList","@id":"https:\/\/skyline-gs.com\/product\/snorkeling-in-marmaris\/#breadcrumb","itemListElement":[{"@type":"ListItem","position":1,"name":"\u0413\u043b\u0430\u0432\u043d\u0430\u044f \u0441\u0442\u0440\u0430\u043d\u0438\u0446\u0430","item":"https:\/\/skyline-gs.com\/hu\/"},{"@type":"ListItem","position":2,"name":"\u041c\u0430\u0433\u0430\u0437\u0438\u043d","item":"https:\/\/skyline-gs.com\/cs\/shop\/"},{"@type":"ListItem","position":3,"name":"\u0421\u043d\u043e\u0440\u043a\u043b\u0438\u043d\u0433 \u0432 \u041c\u0430\u0440\u043c\u0430\u0440\u0438\u0441\u0435"}]},{"@type":"WebSite","@id":"https:\/\/skyline-gs.com\/it\/#website","url":"https:\/\/skyline-gs.com\/it\/","name":"Excursions Skyline","description":"Excursions exclusives dans les meilleurs centres de vill\u00e9giature du monde","publisher":{"@id":"https:\/\/skyline-gs.com\/it\/#organization"},"alternateName":"Skyline","potentialAction":[{"@type":"SearchAction","target":{"@type":"EntryPoint","urlTemplate":"https:\/\/skyline-gs.com\/it\/?s={search_term_string}"},"query-input":{"@type":"PropertyValueSpecification","valueRequired":true,"valueName":"search_term_string"}}],"inLanguage":"fr-FR"},{"@type":"Organization","@id":"https:\/\/skyline-gs.com\/it\/#organization","name":"Excursions Skyline","alternateName":"\u042d\u043a\u0441\u043a\u0443\u0440\u0441\u0438\u0438 Skyline","url":"https:\/\/skyline-gs.com\/it\/","logo":{"@type":"ImageObject","inLanguage":"fr-FR","@id":"https:\/\/skyline-gs.com\/it\/#\/schema\/logo\/image\/","url":"https:\/\/skyline-gs.com\/wp-content\/uploads\/2020\/12\/cropped-logo-2.png","contentUrl":"https:\/\/skyline-gs.com\/wp-content\/uploads\/2020\/12\/cropped-logo-2.png","width":512,"height":512,"caption":"\u042d\u043a\u0441\u043a\u0443\u0440\u0441\u0438\u0438 Skyline"},"image":{"@id":"https:\/\/skyline-gs.com\/it\/#\/schema\/logo\/image\/"},"sameAs":["https:\/\/www.instagram.com\/skylineglobalservice\/"]}]}},"_links":{"self":[{"href":"https:\/\/skyline-gs.com\/fr\/wp-json\/wp\/v2\/product\/47202","targetHints":{"allow":["GET"]}}],"collection":[{"href":"https:\/\/skyline-gs.com\/fr\/wp-json\/wp\/v2\/product"}],"about":[{"href":"https:\/\/skyline-gs.com\/fr\/wp-json\/wp\/v2\/types\/product"}],"version-history":[{"count":0,"href":"https:\/\/skyline-gs.com\/fr\/wp-json\/wp\/v2\/product\/47202\/revisions"}],"wp:featuredmedia":[{"embeddable":true,"href":"https:\/\/skyline-gs.com\/fr\/wp-json\/wp\/v2\/media\/42437"}],"wp:attachment":[{"href":"https:\/\/skyline-gs.com\/fr\/wp-json\/wp\/v2\/media?parent=47202"}],"wp:term":[{"taxonomy":"product_brand","embeddable":true,"href":"https:\/\/skyline-gs.com\/fr\/wp-json\/wp\/v2\/product_brand?post=47202"},{"taxonomy":"product_cat","embeddable":true,"href":"https:\/\/skyline-gs.com\/fr\/wp-json\/wp\/v2\/product_cat?post=47202"},{"taxonomy":"product_tag","embeddable":true,"href":"https:\/\/skyline-gs.com\/fr\/wp-json\/wp\/v2\/product_tag?post=47202"}],"curies":[{"name":"wp","href":"https:\/\/api.w.org\/{rel}","templated":true}]}}