{"id":46410,"date":"2024-01-16T21:48:28","date_gmt":"2024-01-16T19:48:28","guid":{"rendered":"http:\/\/skyline-gs.com\/?post_type=product&#038;p=46410"},"modified":"2024-01-24T00:51:47","modified_gmt":"2024-01-23T22:51:47","slug":"night-foam-disco-on-a-yacht","status":"publish","type":"product","link":"https:\/\/skyline-gs.com\/fr\/product\/night-foam-disco-on-a-yacht\/","title":{"rendered":"Discoth\u00e8que nocturne sur un yacht"},"content":{"rendered":"<p>D\u00e9couvrez un monde de sensations incroyables lors d'une excursion palpitante : Night Foam Disco sur un yacht \u00e0 Marmaris. La rencontre avec un autocar confortable \u00e0 votre h\u00f4tel donnera le coup d'envoi d'une aventure inoubliable.<\/p>\n<p>\u00c0 votre arriv\u00e9e au port de Marmaris, un yacht \u00e0 trois ponts et un \u00e9quipage de pirates vous attendent, pr\u00eats \u00e0 vous servir tout au long de la soir\u00e9e. En vous \u00e9loignant du rivage, vous profiterez d'une vue imprenable sur la ville nocturne.<\/p>\n<p>L'\u00e9v\u00e9nement principal de la soir\u00e9e est une soir\u00e9e mousse au son des meilleurs tubes musicaux. De retour au port, vous pourrez retourner \u00e0 votre h\u00f4tel ou continuer \u00e0 vous amuser sur Bar Street.<\/p>\n<p><strong>Inclus :<\/strong><\/p>\n<ul>\n<li>Transfert aller-retour<\/li>\n<li>Billet d'entr\u00e9e sur le navire<\/li>\n<li>Assurance<\/li>\n<\/ul>\n<p><strong>Non inclus :<\/strong><\/p>\n<ul>\n<li>Boissons<\/li>\n<li>D\u00e9penses personnelles<\/li>\n<\/ul>\n<p><strong>N'oubliez pas :<\/strong><\/p>\n<ul>\n<li>Maillots de bain<\/li>\n<li>Des v\u00eatements de rechange<\/li>\n<li>Pulls l\u00e9gers<\/li>\n<\/ul>","protected":false},"excerpt":{"rendered":"<p><strong>Temps du Tour:<\/strong> 21:00 - 01:00<br \/>\n<strong>Jours de visite :<\/strong> Jeudi, mercredi, samedi<\/p>","protected":false},"featured_media":0,"template":"","meta":{"_kad_post_transparent":"default","_kad_post_title":"","_kad_post_layout":"default","_kad_post_sidebar_id":"","_kad_post_content_style":"default","_kad_post_vertical_padding":"default","_kad_post_feature":"","_kad_post_feature_position":"","_kad_post_header":false,"_kad_post_footer":false,"_kad_post_classname":"","_glsr_average":0,"_glsr_ranking":0,"_glsr_reviews":0},"product_brand":[],"product_cat":[451],"product_tag":[],"class_list":{"0":"post-46410","1":"product","2":"type-product","3":"status-publish","5":"product_cat-marmaris","6":"tm-has-options","8":"first","9":"instock","10":"sold-individually","11":"taxable","12":"shipping-taxable","13":"purchasable","14":"product-type-simple","15":"entry","16":"content-bg","17":"loop-entry"},"yoast_head":"<!-- This site is optimized with the Yoast SEO plugin v27.3 - https:\/\/yoast.com\/product\/yoast-seo-wordpress\/ -->\n<title>\u041d\u043e\u0447\u043d\u0430\u044f \u041f\u0435\u043d\u043d\u0430\u044f \u0414\u0438\u0441\u043a\u043e\u0442\u0435\u043a\u0430 \u043d\u0430 \u042f\u0445\u0442\u0435 &#8226; \u042d\u043a\u0441\u043a\u0443\u0440\u0441\u0438\u0438 Skyline<\/title>\n<meta name=\"description\" content=\"\u041e\u043a\u0443\u043d\u0438\u0442\u0435\u0441\u044c \u0432 \u043c\u0438\u0440 \u043d\u0435\u0432\u0435\u0440\u043e\u044f\u0442\u043d\u044b\u0445 \u043e\u0449\u0443\u0449\u0435\u043d\u0438\u0439 \u043d\u0430 \u043d\u0430\u0448\u0435\u0439 \u0437\u0430\u0445\u0432\u0430\u0442\u044b\u0432\u0430\u044e\u0449\u0435\u0439 \u044d\u043a\u0441\u043a\u0443\u0440\u0441\u0438\u0438 \u041d\u043e\u0447\u043d\u0430\u044f \u043f\u0435\u043d\u043d\u0430\u044f \u0434\u0438\u0441\u043a\u043e\u0442\u0435\u043a\u0430 \u043d\u0430 \u042f\u0445\u0442\u0435 \u0432 \u041c\u0430\u0440\u043c\u0430\u0440\u0438\u0441\u0435. \u0412\u0441\u0442\u0440\u0435\u0447\u0430\u0439\u0442\u0435 \u041d\u043e\u0447\u044c \u0441 \u041c\u043e\u0440\u0435\u043c \u0412\u0435\u0441\u0435\u043b\u044c\u044f!\" \/>\n<meta name=\"robots\" content=\"index, follow, max-snippet:-1, max-image-preview:large, max-video-preview:-1\" \/>\n<link rel=\"canonical\" href=\"https:\/\/skyline-gs.com\/fr\/produit\/night-foam-disco-on-a-yacht\/\" \/>\n<meta property=\"og:locale\" content=\"fr_FR\" \/>\n<meta property=\"og:type\" content=\"article\" \/>\n<meta property=\"og:title\" content=\"\u041d\u043e\u0447\u043d\u0430\u044f \u041f\u0435\u043d\u043d\u0430\u044f \u0414\u0438\u0441\u043a\u043e\u0442\u0435\u043a\u0430 \u043d\u0430 \u042f\u0445\u0442\u0435 &#8226; \u042d\u043a\u0441\u043a\u0443\u0440\u0441\u0438\u0438 Skyline\" \/>\n<meta property=\"og:description\" content=\"\u041e\u043a\u0443\u043d\u0438\u0442\u0435\u0441\u044c \u0432 \u043c\u0438\u0440 \u043d\u0435\u0432\u0435\u0440\u043e\u044f\u0442\u043d\u044b\u0445 \u043e\u0449\u0443\u0449\u0435\u043d\u0438\u0439 \u043d\u0430 \u043d\u0430\u0448\u0435\u0439 \u0437\u0430\u0445\u0432\u0430\u0442\u044b\u0432\u0430\u044e\u0449\u0435\u0439 \u044d\u043a\u0441\u043a\u0443\u0440\u0441\u0438\u0438 \u041d\u043e\u0447\u043d\u0430\u044f \u043f\u0435\u043d\u043d\u0430\u044f \u0434\u0438\u0441\u043a\u043e\u0442\u0435\u043a\u0430 \u043d\u0430 \u042f\u0445\u0442\u0435 \u0432 \u041c\u0430\u0440\u043c\u0430\u0440\u0438\u0441\u0435. \u0412\u0441\u0442\u0440\u0435\u0447\u0430\u0439\u0442\u0435 \u041d\u043e\u0447\u044c \u0441 \u041c\u043e\u0440\u0435\u043c \u0412\u0435\u0441\u0435\u043b\u044c\u044f!\" \/>\n<meta property=\"og:url\" content=\"https:\/\/skyline-gs.com\/fr\/produit\/night-foam-disco-on-a-yacht\/\" \/>\n<meta property=\"og:site_name\" content=\"\u042d\u043a\u0441\u043a\u0443\u0440\u0441\u0438\u0438 Skyline\" \/>\n<meta property=\"article:modified_time\" content=\"2024-01-23T22:51:47+00:00\" \/>\n<meta property=\"og:image\" content=\"https:\/\/skyline-gs.com\/wp-content\/uploads\/2024\/08\/LoGo777.png\" \/>\n\t<meta property=\"og:image:width\" content=\"1080\" \/>\n\t<meta property=\"og:image:height\" content=\"1080\" \/>\n\t<meta property=\"og:image:type\" content=\"image\/png\" \/>\n<meta name=\"twitter:card\" content=\"summary_large_image\" \/>\n<meta name=\"twitter:label1\" content=\"Dur\u00e9e de lecture estim\u00e9e\" \/>\n\t<meta name=\"twitter:data1\" content=\"1 minute\" \/>\n<script type=\"application\/ld+json\" class=\"yoast-schema-graph\">{\"@context\":\"https:\\\/\\\/schema.org\",\"@graph\":[{\"@type\":\"WebPage\",\"@id\":\"https:\\\/\\\/skyline-gs.com\\\/product\\\/night-foam-disco-on-a-yacht\\\/\",\"url\":\"https:\\\/\\\/skyline-gs.com\\\/product\\\/night-foam-disco-on-a-yacht\\\/\",\"name\":\"\u041d\u043e\u0447\u043d\u0430\u044f \u041f\u0435\u043d\u043d\u0430\u044f \u0414\u0438\u0441\u043a\u043e\u0442\u0435\u043a\u0430 \u043d\u0430 \u042f\u0445\u0442\u0435 &#8226; \u042d\u043a\u0441\u043a\u0443\u0440\u0441\u0438\u0438 Skyline\",\"isPartOf\":{\"@id\":\"https:\\\/\\\/skyline-gs.com\\\/it\\\/#website\"},\"datePublished\":\"2024-01-16T19:48:28+00:00\",\"dateModified\":\"2024-01-23T22:51:47+00:00\",\"description\":\"\u041e\u043a\u0443\u043d\u0438\u0442\u0435\u0441\u044c \u0432 \u043c\u0438\u0440 \u043d\u0435\u0432\u0435\u0440\u043e\u044f\u0442\u043d\u044b\u0445 \u043e\u0449\u0443\u0449\u0435\u043d\u0438\u0439 \u043d\u0430 \u043d\u0430\u0448\u0435\u0439 \u0437\u0430\u0445\u0432\u0430\u0442\u044b\u0432\u0430\u044e\u0449\u0435\u0439 \u044d\u043a\u0441\u043a\u0443\u0440\u0441\u0438\u0438 \u041d\u043e\u0447\u043d\u0430\u044f \u043f\u0435\u043d\u043d\u0430\u044f \u0434\u0438\u0441\u043a\u043e\u0442\u0435\u043a\u0430 \u043d\u0430 \u042f\u0445\u0442\u0435 \u0432 \u041c\u0430\u0440\u043c\u0430\u0440\u0438\u0441\u0435. \u0412\u0441\u0442\u0440\u0435\u0447\u0430\u0439\u0442\u0435 \u041d\u043e\u0447\u044c \u0441 \u041c\u043e\u0440\u0435\u043c \u0412\u0435\u0441\u0435\u043b\u044c\u044f!\",\"breadcrumb\":{\"@id\":\"https:\\\/\\\/skyline-gs.com\\\/product\\\/night-foam-disco-on-a-yacht\\\/#breadcrumb\"},\"inLanguage\":\"fr-FR\",\"potentialAction\":[{\"@type\":\"ReadAction\",\"target\":[\"https:\\\/\\\/skyline-gs.com\\\/product\\\/night-foam-disco-on-a-yacht\\\/\"]}]},{\"@type\":\"BreadcrumbList\",\"@id\":\"https:\\\/\\\/skyline-gs.com\\\/product\\\/night-foam-disco-on-a-yacht\\\/#breadcrumb\",\"itemListElement\":[{\"@type\":\"ListItem\",\"position\":1,\"name\":\"\u0413\u043b\u0430\u0432\u043d\u0430\u044f \u0441\u0442\u0440\u0430\u043d\u0438\u0446\u0430\",\"item\":\"https:\\\/\\\/skyline-gs.com\\\/hu\\\/\"},{\"@type\":\"ListItem\",\"position\":2,\"name\":\"\u041c\u0430\u0433\u0430\u0437\u0438\u043d\",\"item\":\"https:\\\/\\\/skyline-gs.com\\\/cs\\\/shop\\\/\"},{\"@type\":\"ListItem\",\"position\":3,\"name\":\"\u041d\u043e\u0447\u043d\u0430\u044f \u041f\u0435\u043d\u043d\u0430\u044f \u0414\u0438\u0441\u043a\u043e\u0442\u0435\u043a\u0430 \u043d\u0430 \u042f\u0445\u0442\u0435\"}]},{\"@type\":\"WebSite\",\"@id\":\"https:\\\/\\\/skyline-gs.com\\\/it\\\/#website\",\"url\":\"https:\\\/\\\/skyline-gs.com\\\/it\\\/\",\"name\":\"\u042d\u043a\u0441\u043a\u0443\u0440\u0441\u0438\u0438 Skyline\",\"description\":\"\u042d\u043a\u0441\u043a\u043b\u044e\u0437\u0438\u0432\u043d\u044b\u0435 \u044d\u043a\u0441\u043a\u0443\u0440\u0441\u0438\u0438 \u043d\u0430 \u043b\u0443\u0447\u0448\u0438\u0445 \u043a\u0443\u0440\u043e\u0440\u0442\u0430\u0445 \u043c\u0438\u0440\u0430\",\"publisher\":{\"@id\":\"https:\\\/\\\/skyline-gs.com\\\/it\\\/#organization\"},\"alternateName\":\"Skyline\",\"potentialAction\":[{\"@type\":\"SearchAction\",\"target\":{\"@type\":\"EntryPoint\",\"urlTemplate\":\"https:\\\/\\\/skyline-gs.com\\\/it\\\/?s={search_term_string}\"},\"query-input\":{\"@type\":\"PropertyValueSpecification\",\"valueRequired\":true,\"valueName\":\"search_term_string\"}}],\"inLanguage\":\"fr-FR\"},{\"@type\":\"Organization\",\"@id\":\"https:\\\/\\\/skyline-gs.com\\\/it\\\/#organization\",\"name\":\"\u042d\u043a\u0441\u043a\u0443\u0440\u0441\u0438\u0438 Skyline\",\"alternateName\":\"\u042d\u043a\u0441\u043a\u0443\u0440\u0441\u0438\u0438 Skyline\",\"url\":\"https:\\\/\\\/skyline-gs.com\\\/it\\\/\",\"logo\":{\"@type\":\"ImageObject\",\"inLanguage\":\"fr-FR\",\"@id\":\"https:\\\/\\\/skyline-gs.com\\\/it\\\/#\\\/schema\\\/logo\\\/image\\\/\",\"url\":\"https:\\\/\\\/skyline-gs.com\\\/wp-content\\\/uploads\\\/2020\\\/12\\\/cropped-logo-2.png\",\"contentUrl\":\"https:\\\/\\\/skyline-gs.com\\\/wp-content\\\/uploads\\\/2020\\\/12\\\/cropped-logo-2.png\",\"width\":512,\"height\":512,\"caption\":\"\u042d\u043a\u0441\u043a\u0443\u0440\u0441\u0438\u0438 Skyline\"},\"image\":{\"@id\":\"https:\\\/\\\/skyline-gs.com\\\/it\\\/#\\\/schema\\\/logo\\\/image\\\/\"},\"sameAs\":[\"https:\\\/\\\/www.instagram.com\\\/skylineglobalservice\\\/\"]}]}<\/script>\n<!-- \/ Yoast SEO plugin. -->","yoast_head_json":{"title":"\u041d\u043e\u0447\u043d\u0430\u044f \u041f\u0435\u043d\u043d\u0430\u044f \u0414\u0438\u0441\u043a\u043e\u0442\u0435\u043a\u0430 \u043d\u0430 \u042f\u0445\u0442\u0435 &#8226; \u042d\u043a\u0441\u043a\u0443\u0440\u0441\u0438\u0438 Skyline","description":"D\u00e9couvrez un monde de sensations incroyables lors de notre excursion Night Foam Disco sur un yacht \u00e0 Marmaris. La nuit s'annonce sous le signe de l'amusement !","robots":{"index":"index","follow":"follow","max-snippet":"max-snippet:-1","max-image-preview":"max-image-preview:large","max-video-preview":"max-video-preview:-1"},"canonical":"https:\/\/skyline-gs.com\/fr\/produit\/night-foam-disco-on-a-yacht\/","og_locale":"fr_FR","og_type":"article","og_title":"\u041d\u043e\u0447\u043d\u0430\u044f \u041f\u0435\u043d\u043d\u0430\u044f \u0414\u0438\u0441\u043a\u043e\u0442\u0435\u043a\u0430 \u043d\u0430 \u042f\u0445\u0442\u0435 &#8226; \u042d\u043a\u0441\u043a\u0443\u0440\u0441\u0438\u0438 Skyline","og_description":"\u041e\u043a\u0443\u043d\u0438\u0442\u0435\u0441\u044c \u0432 \u043c\u0438\u0440 \u043d\u0435\u0432\u0435\u0440\u043e\u044f\u0442\u043d\u044b\u0445 \u043e\u0449\u0443\u0449\u0435\u043d\u0438\u0439 \u043d\u0430 \u043d\u0430\u0448\u0435\u0439 \u0437\u0430\u0445\u0432\u0430\u0442\u044b\u0432\u0430\u044e\u0449\u0435\u0439 \u044d\u043a\u0441\u043a\u0443\u0440\u0441\u0438\u0438 \u041d\u043e\u0447\u043d\u0430\u044f \u043f\u0435\u043d\u043d\u0430\u044f \u0434\u0438\u0441\u043a\u043e\u0442\u0435\u043a\u0430 \u043d\u0430 \u042f\u0445\u0442\u0435 \u0432 \u041c\u0430\u0440\u043c\u0430\u0440\u0438\u0441\u0435. \u0412\u0441\u0442\u0440\u0435\u0447\u0430\u0439\u0442\u0435 \u041d\u043e\u0447\u044c \u0441 \u041c\u043e\u0440\u0435\u043c \u0412\u0435\u0441\u0435\u043b\u044c\u044f!","og_url":"https:\/\/skyline-gs.com\/fr\/produit\/night-foam-disco-on-a-yacht\/","og_site_name":"\u042d\u043a\u0441\u043a\u0443\u0440\u0441\u0438\u0438 Skyline","article_modified_time":"2024-01-23T22:51:47+00:00","og_image":[{"width":1080,"height":1080,"url":"https:\/\/skyline-gs.com\/wp-content\/uploads\/2024\/08\/LoGo777.png","type":"image\/png"}],"twitter_card":"summary_large_image","twitter_misc":{"Dur\u00e9e de lecture estim\u00e9e":"1 minute"},"schema":{"@context":"https:\/\/schema.org","@graph":[{"@type":"WebPage","@id":"https:\/\/skyline-gs.com\/product\/night-foam-disco-on-a-yacht\/","url":"https:\/\/skyline-gs.com\/product\/night-foam-disco-on-a-yacht\/","name":"\u041d\u043e\u0447\u043d\u0430\u044f \u041f\u0435\u043d\u043d\u0430\u044f \u0414\u0438\u0441\u043a\u043e\u0442\u0435\u043a\u0430 \u043d\u0430 \u042f\u0445\u0442\u0435 &#8226; \u042d\u043a\u0441\u043a\u0443\u0440\u0441\u0438\u0438 Skyline","isPartOf":{"@id":"https:\/\/skyline-gs.com\/it\/#website"},"datePublished":"2024-01-16T19:48:28+00:00","dateModified":"2024-01-23T22:51:47+00:00","description":"D\u00e9couvrez un monde de sensations incroyables lors de notre excursion Night Foam Disco sur un yacht \u00e0 Marmaris. La nuit s'annonce sous le signe de l'amusement !","breadcrumb":{"@id":"https:\/\/skyline-gs.com\/product\/night-foam-disco-on-a-yacht\/#breadcrumb"},"inLanguage":"fr-FR","potentialAction":[{"@type":"ReadAction","target":["https:\/\/skyline-gs.com\/product\/night-foam-disco-on-a-yacht\/"]}]},{"@type":"BreadcrumbList","@id":"https:\/\/skyline-gs.com\/product\/night-foam-disco-on-a-yacht\/#breadcrumb","itemListElement":[{"@type":"ListItem","position":1,"name":"\u0413\u043b\u0430\u0432\u043d\u0430\u044f \u0441\u0442\u0440\u0430\u043d\u0438\u0446\u0430","item":"https:\/\/skyline-gs.com\/hu\/"},{"@type":"ListItem","position":2,"name":"\u041c\u0430\u0433\u0430\u0437\u0438\u043d","item":"https:\/\/skyline-gs.com\/cs\/shop\/"},{"@type":"ListItem","position":3,"name":"\u041d\u043e\u0447\u043d\u0430\u044f \u041f\u0435\u043d\u043d\u0430\u044f \u0414\u0438\u0441\u043a\u043e\u0442\u0435\u043a\u0430 \u043d\u0430 \u042f\u0445\u0442\u0435"}]},{"@type":"WebSite","@id":"https:\/\/skyline-gs.com\/it\/#website","url":"https:\/\/skyline-gs.com\/it\/","name":"Excursions Skyline","description":"Excursions exclusives dans les meilleurs centres de vill\u00e9giature du monde","publisher":{"@id":"https:\/\/skyline-gs.com\/it\/#organization"},"alternateName":"Skyline","potentialAction":[{"@type":"SearchAction","target":{"@type":"EntryPoint","urlTemplate":"https:\/\/skyline-gs.com\/it\/?s={search_term_string}"},"query-input":{"@type":"PropertyValueSpecification","valueRequired":true,"valueName":"search_term_string"}}],"inLanguage":"fr-FR"},{"@type":"Organization","@id":"https:\/\/skyline-gs.com\/it\/#organization","name":"Excursions Skyline","alternateName":"\u042d\u043a\u0441\u043a\u0443\u0440\u0441\u0438\u0438 Skyline","url":"https:\/\/skyline-gs.com\/it\/","logo":{"@type":"ImageObject","inLanguage":"fr-FR","@id":"https:\/\/skyline-gs.com\/it\/#\/schema\/logo\/image\/","url":"https:\/\/skyline-gs.com\/wp-content\/uploads\/2020\/12\/cropped-logo-2.png","contentUrl":"https:\/\/skyline-gs.com\/wp-content\/uploads\/2020\/12\/cropped-logo-2.png","width":512,"height":512,"caption":"\u042d\u043a\u0441\u043a\u0443\u0440\u0441\u0438\u0438 Skyline"},"image":{"@id":"https:\/\/skyline-gs.com\/it\/#\/schema\/logo\/image\/"},"sameAs":["https:\/\/www.instagram.com\/skylineglobalservice\/"]}]}},"_links":{"self":[{"href":"https:\/\/skyline-gs.com\/fr\/wp-json\/wp\/v2\/product\/46410","targetHints":{"allow":["GET"]}}],"collection":[{"href":"https:\/\/skyline-gs.com\/fr\/wp-json\/wp\/v2\/product"}],"about":[{"href":"https:\/\/skyline-gs.com\/fr\/wp-json\/wp\/v2\/types\/product"}],"version-history":[{"count":0,"href":"https:\/\/skyline-gs.com\/fr\/wp-json\/wp\/v2\/product\/46410\/revisions"}],"wp:attachment":[{"href":"https:\/\/skyline-gs.com\/fr\/wp-json\/wp\/v2\/media?parent=46410"}],"wp:term":[{"taxonomy":"product_brand","embeddable":true,"href":"https:\/\/skyline-gs.com\/fr\/wp-json\/wp\/v2\/product_brand?post=46410"},{"taxonomy":"product_cat","embeddable":true,"href":"https:\/\/skyline-gs.com\/fr\/wp-json\/wp\/v2\/product_cat?post=46410"},{"taxonomy":"product_tag","embeddable":true,"href":"https:\/\/skyline-gs.com\/fr\/wp-json\/wp\/v2\/product_tag?post=46410"}],"curies":[{"name":"wp","href":"https:\/\/api.w.org\/{rel}","templated":true}]}}