{"id":46362,"date":"2024-01-16T21:04:07","date_gmt":"2024-01-16T19:04:07","guid":{"rendered":"http:\/\/skyline-gs.com\/?post_type=product&#038;p=46362"},"modified":"2024-01-24T19:55:48","modified_gmt":"2024-01-24T17:55:48","slug":"buggy-safari-marmaris","status":"publish","type":"product","link":"https:\/\/skyline-gs.com\/fr\/product\/buggy-safari-marmaris\/","title":{"rendered":"Safari bogu\u00e9"},"content":{"rendered":"<p>L'excursion commence par un transfert confortable en autocar depuis votre h\u00f4tel.<\/p>\n<p>A l'arriv\u00e9e sur la base o\u00f9 se d\u00e9roule le rassemblement, vous serez accueilli par un instructeur, familiaris\u00e9 avec les r\u00e8gles de s\u00e9curit\u00e9 et \u00e9quip\u00e9 d'un mat\u00e9riel de protection. Avant de partir, vous pourrez tester votre buggy sur la base lors d'un parcours d'essai.<\/p>\n<p>En compagnie de votre instructeur, vous vous lancerez dans une aventure passionnante le long d'un itin\u00e9raire traversant les r\u00e9gions pittoresques de la r\u00e9gion. Vous passerez une heure au volant du buggy !<\/p>\n<p>Un retour \u00e0 la base cl\u00f4turera cette aventure passionnante, suivi d'un transfert en autocar confortable jusqu'\u00e0 votre h\u00f4tel.<\/p>\n<p><strong>Inclus :<\/strong><\/p>\n<ul>\n<li>Transfert aller-retour<\/li>\n<li>Location de buggy<\/li>\n<li>\u00c9quipement de protection<\/li>\n<li>Instruction<\/li>\n<li>Assurance<\/li>\n<li>Instructeur professionnel<\/li>\n<\/ul>\n<p><strong>Non inclus :<\/strong><\/p>\n<ul>\n<li>D\u00e9penses personnelles<\/li>\n<li>Boissons<\/li>\n<\/ul>\n<p><strong>Emportez-le avec vous :<\/strong><\/p>\n<ul>\n<li>Des v\u00eatements et des chaussures confortables qui ne craignent pas de se salir.<\/li>\n<\/ul>","protected":false},"excerpt":{"rendered":"<p><strong>Temps du Tour:<\/strong> 10:00 &#8212; 16:00<\/p>\n<p><strong>Jours de D\u00e9roulement:<\/strong> Chaque jour<\/p>","protected":false},"featured_media":37509,"template":"","meta":{"_kad_post_transparent":"default","_kad_post_title":"","_kad_post_layout":"default","_kad_post_sidebar_id":"","_kad_post_content_style":"default","_kad_post_vertical_padding":"default","_kad_post_feature":"","_kad_post_feature_position":"","_kad_post_header":false,"_kad_post_footer":false,"_kad_post_classname":"","_glsr_average":0,"_glsr_ranking":0,"_glsr_reviews":0},"product_brand":[],"product_cat":[451],"product_tag":[],"class_list":{"0":"post-46362","1":"product","2":"type-product","3":"status-publish","4":"has-post-thumbnail","6":"product_cat-marmaris","7":"tm-has-options","9":"first","10":"instock","11":"sold-individually","12":"taxable","13":"shipping-taxable","14":"purchasable","15":"product-type-simple","16":"entry","17":"content-bg","18":"loop-entry"},"yoast_head":"<!-- This site is optimized with the Yoast SEO plugin v27.3 - https:\/\/yoast.com\/product\/yoast-seo-wordpress\/ -->\n<title>\u0411\u0430\u0433\u0433\u0438 \u0441\u0430\u0444\u0430\u0440\u0438 &#8226; \u042d\u043a\u0441\u043a\u0443\u0440\u0441\u0438\u0438 Skyline<\/title>\n<meta name=\"description\" content=\"\u041f\u0440\u0438\u0441\u043e\u0435\u0434\u0438\u043d\u0438\u0442\u0435\u0441\u044c \u043a \u043d\u0430\u0448\u0435\u043c\u0443 \u0411\u0430\u0433\u0433\u0438 \u0441\u0430\u0444\u0430\u0440\u0438 \u0432 \u041c\u0430\u0440\u043c\u0430\u0440\u0438\u0441\u0435 \u0438 \u043e\u0449\u0443\u0442\u0438\u0442\u0435 \u0430\u0434\u0440\u0435\u043d\u0430\u043b\u0438\u043d \u0438 \u0432\u043e\u043b\u043d\u0435\u043d\u0438\u0435 \u0441\u0432\u043e\u0431\u043e\u0434\u044b \u043d\u0430 \u043c\u043e\u0449\u043d\u044b\u0445 \u0430\u0432\u0442\u043e \u0441 \u043f\u0440\u0435\u043e\u0434\u043e\u043b\u0435\u043d\u0438\u0435\u043c \u043f\u0440\u0435\u043f\u044f\u0442\u0441\u0442\u0432\u0438\u0439!\" \/>\n<meta name=\"robots\" content=\"index, follow, max-snippet:-1, max-image-preview:large, max-video-preview:-1\" \/>\n<link rel=\"canonical\" href=\"https:\/\/skyline-gs.com\/fr\/produit\/buggy-safari-marmaris\/\" \/>\n<meta property=\"og:locale\" content=\"fr_FR\" \/>\n<meta property=\"og:type\" content=\"article\" \/>\n<meta property=\"og:title\" content=\"\u0411\u0430\u0433\u0433\u0438 \u0441\u0430\u0444\u0430\u0440\u0438 &#8226; \u042d\u043a\u0441\u043a\u0443\u0440\u0441\u0438\u0438 Skyline\" \/>\n<meta property=\"og:description\" content=\"\u041f\u0440\u0438\u0441\u043e\u0435\u0434\u0438\u043d\u0438\u0442\u0435\u0441\u044c \u043a \u043d\u0430\u0448\u0435\u043c\u0443 \u0411\u0430\u0433\u0433\u0438 \u0441\u0430\u0444\u0430\u0440\u0438 \u0432 \u041c\u0430\u0440\u043c\u0430\u0440\u0438\u0441\u0435 \u0438 \u043e\u0449\u0443\u0442\u0438\u0442\u0435 \u0430\u0434\u0440\u0435\u043d\u0430\u043b\u0438\u043d \u0438 \u0432\u043e\u043b\u043d\u0435\u043d\u0438\u0435 \u0441\u0432\u043e\u0431\u043e\u0434\u044b \u043d\u0430 \u043c\u043e\u0449\u043d\u044b\u0445 \u0430\u0432\u0442\u043e \u0441 \u043f\u0440\u0435\u043e\u0434\u043e\u043b\u0435\u043d\u0438\u0435\u043c \u043f\u0440\u0435\u043f\u044f\u0442\u0441\u0442\u0432\u0438\u0439!\" \/>\n<meta property=\"og:url\" content=\"https:\/\/skyline-gs.com\/fr\/produit\/buggy-safari-marmaris\/\" \/>\n<meta property=\"og:site_name\" content=\"\u042d\u043a\u0441\u043a\u0443\u0440\u0441\u0438\u0438 Skyline\" \/>\n<meta property=\"article:modified_time\" content=\"2024-01-24T17:55:48+00:00\" \/>\n<meta property=\"og:image\" content=\"https:\/\/skyline-gs.com\/wp-content\/uploads\/2022\/05\/7-10.png\" \/>\n\t<meta property=\"og:image:width\" content=\"669\" \/>\n\t<meta property=\"og:image:height\" content=\"446\" \/>\n\t<meta property=\"og:image:type\" content=\"image\/png\" \/>\n<meta name=\"twitter:card\" content=\"summary_large_image\" \/>\n<meta name=\"twitter:label1\" content=\"Dur\u00e9e de lecture estim\u00e9e\" \/>\n\t<meta name=\"twitter:data1\" content=\"1 minute\" \/>\n<script type=\"application\/ld+json\" class=\"yoast-schema-graph\">{\"@context\":\"https:\\\/\\\/schema.org\",\"@graph\":[{\"@type\":\"WebPage\",\"@id\":\"https:\\\/\\\/skyline-gs.com\\\/cs\\\/produkt\\\/buggy-safari-marmaris\\\/\",\"url\":\"https:\\\/\\\/skyline-gs.com\\\/cs\\\/produkt\\\/buggy-safari-marmaris\\\/\",\"name\":\"\u0411\u0430\u0433\u0433\u0438 \u0441\u0430\u0444\u0430\u0440\u0438 &#8226; \u042d\u043a\u0441\u043a\u0443\u0440\u0441\u0438\u0438 Skyline\",\"isPartOf\":{\"@id\":\"https:\\\/\\\/skyline-gs.com\\\/it\\\/#website\"},\"primaryImageOfPage\":{\"@id\":\"https:\\\/\\\/skyline-gs.com\\\/cs\\\/produkt\\\/buggy-safari-marmaris\\\/#primaryimage\"},\"image\":{\"@id\":\"https:\\\/\\\/skyline-gs.com\\\/cs\\\/produkt\\\/buggy-safari-marmaris\\\/#primaryimage\"},\"thumbnailUrl\":\"https:\\\/\\\/skyline-gs.com\\\/wp-content\\\/uploads\\\/2022\\\/05\\\/7-10.png\",\"datePublished\":\"2024-01-16T19:04:07+00:00\",\"dateModified\":\"2024-01-24T17:55:48+00:00\",\"description\":\"\u041f\u0440\u0438\u0441\u043e\u0435\u0434\u0438\u043d\u0438\u0442\u0435\u0441\u044c \u043a \u043d\u0430\u0448\u0435\u043c\u0443 \u0411\u0430\u0433\u0433\u0438 \u0441\u0430\u0444\u0430\u0440\u0438 \u0432 \u041c\u0430\u0440\u043c\u0430\u0440\u0438\u0441\u0435 \u0438 \u043e\u0449\u0443\u0442\u0438\u0442\u0435 \u0430\u0434\u0440\u0435\u043d\u0430\u043b\u0438\u043d \u0438 \u0432\u043e\u043b\u043d\u0435\u043d\u0438\u0435 \u0441\u0432\u043e\u0431\u043e\u0434\u044b \u043d\u0430 \u043c\u043e\u0449\u043d\u044b\u0445 \u0430\u0432\u0442\u043e \u0441 \u043f\u0440\u0435\u043e\u0434\u043e\u043b\u0435\u043d\u0438\u0435\u043c \u043f\u0440\u0435\u043f\u044f\u0442\u0441\u0442\u0432\u0438\u0439!\",\"breadcrumb\":{\"@id\":\"https:\\\/\\\/skyline-gs.com\\\/cs\\\/produkt\\\/buggy-safari-marmaris\\\/#breadcrumb\"},\"inLanguage\":\"fr-FR\",\"potentialAction\":[{\"@type\":\"ReadAction\",\"target\":[\"https:\\\/\\\/skyline-gs.com\\\/cs\\\/produkt\\\/buggy-safari-marmaris\\\/\"]}]},{\"@type\":\"ImageObject\",\"inLanguage\":\"fr-FR\",\"@id\":\"https:\\\/\\\/skyline-gs.com\\\/cs\\\/produkt\\\/buggy-safari-marmaris\\\/#primaryimage\",\"url\":\"https:\\\/\\\/skyline-gs.com\\\/wp-content\\\/uploads\\\/2022\\\/05\\\/7-10.png\",\"contentUrl\":\"https:\\\/\\\/skyline-gs.com\\\/wp-content\\\/uploads\\\/2022\\\/05\\\/7-10.png\",\"width\":669,\"height\":446},{\"@type\":\"BreadcrumbList\",\"@id\":\"https:\\\/\\\/skyline-gs.com\\\/cs\\\/produkt\\\/buggy-safari-marmaris\\\/#breadcrumb\",\"itemListElement\":[{\"@type\":\"ListItem\",\"position\":1,\"name\":\"\u0413\u043b\u0430\u0432\u043d\u0430\u044f \u0441\u0442\u0440\u0430\u043d\u0438\u0446\u0430\",\"item\":\"https:\\\/\\\/skyline-gs.com\\\/hu\\\/\"},{\"@type\":\"ListItem\",\"position\":2,\"name\":\"\u041c\u0430\u0433\u0430\u0437\u0438\u043d\",\"item\":\"https:\\\/\\\/skyline-gs.com\\\/cs\\\/shop\\\/\"},{\"@type\":\"ListItem\",\"position\":3,\"name\":\"\u0411\u0430\u0433\u0433\u0438 \u0441\u0430\u0444\u0430\u0440\u0438\"}]},{\"@type\":\"WebSite\",\"@id\":\"https:\\\/\\\/skyline-gs.com\\\/it\\\/#website\",\"url\":\"https:\\\/\\\/skyline-gs.com\\\/it\\\/\",\"name\":\"\u042d\u043a\u0441\u043a\u0443\u0440\u0441\u0438\u0438 Skyline\",\"description\":\"\u042d\u043a\u0441\u043a\u043b\u044e\u0437\u0438\u0432\u043d\u044b\u0435 \u044d\u043a\u0441\u043a\u0443\u0440\u0441\u0438\u0438 \u043d\u0430 \u043b\u0443\u0447\u0448\u0438\u0445 \u043a\u0443\u0440\u043e\u0440\u0442\u0430\u0445 \u043c\u0438\u0440\u0430\",\"publisher\":{\"@id\":\"https:\\\/\\\/skyline-gs.com\\\/it\\\/#organization\"},\"alternateName\":\"Skyline\",\"potentialAction\":[{\"@type\":\"SearchAction\",\"target\":{\"@type\":\"EntryPoint\",\"urlTemplate\":\"https:\\\/\\\/skyline-gs.com\\\/it\\\/?s={search_term_string}\"},\"query-input\":{\"@type\":\"PropertyValueSpecification\",\"valueRequired\":true,\"valueName\":\"search_term_string\"}}],\"inLanguage\":\"fr-FR\"},{\"@type\":\"Organization\",\"@id\":\"https:\\\/\\\/skyline-gs.com\\\/it\\\/#organization\",\"name\":\"\u042d\u043a\u0441\u043a\u0443\u0440\u0441\u0438\u0438 Skyline\",\"alternateName\":\"\u042d\u043a\u0441\u043a\u0443\u0440\u0441\u0438\u0438 Skyline\",\"url\":\"https:\\\/\\\/skyline-gs.com\\\/it\\\/\",\"logo\":{\"@type\":\"ImageObject\",\"inLanguage\":\"fr-FR\",\"@id\":\"https:\\\/\\\/skyline-gs.com\\\/it\\\/#\\\/schema\\\/logo\\\/image\\\/\",\"url\":\"https:\\\/\\\/skyline-gs.com\\\/wp-content\\\/uploads\\\/2020\\\/12\\\/cropped-logo-2.png\",\"contentUrl\":\"https:\\\/\\\/skyline-gs.com\\\/wp-content\\\/uploads\\\/2020\\\/12\\\/cropped-logo-2.png\",\"width\":512,\"height\":512,\"caption\":\"\u042d\u043a\u0441\u043a\u0443\u0440\u0441\u0438\u0438 Skyline\"},\"image\":{\"@id\":\"https:\\\/\\\/skyline-gs.com\\\/it\\\/#\\\/schema\\\/logo\\\/image\\\/\"},\"sameAs\":[\"https:\\\/\\\/www.instagram.com\\\/skylineglobalservice\\\/\"]}]}<\/script>\n<!-- \/ Yoast SEO plugin. -->","yoast_head_json":{"title":"\u0411\u0430\u0433\u0433\u0438 \u0441\u0430\u0444\u0430\u0440\u0438 &#8226; \u042d\u043a\u0441\u043a\u0443\u0440\u0441\u0438\u0438 Skyline","description":"Rejoignez notre Buggy Safari \u00e0 Marmaris et vivez l'adr\u00e9naline et l'excitation de la libert\u00e9 sur de puissantes autos de course d'obstacles !","robots":{"index":"index","follow":"follow","max-snippet":"max-snippet:-1","max-image-preview":"max-image-preview:large","max-video-preview":"max-video-preview:-1"},"canonical":"https:\/\/skyline-gs.com\/fr\/produit\/buggy-safari-marmaris\/","og_locale":"fr_FR","og_type":"article","og_title":"\u0411\u0430\u0433\u0433\u0438 \u0441\u0430\u0444\u0430\u0440\u0438 &#8226; \u042d\u043a\u0441\u043a\u0443\u0440\u0441\u0438\u0438 Skyline","og_description":"\u041f\u0440\u0438\u0441\u043e\u0435\u0434\u0438\u043d\u0438\u0442\u0435\u0441\u044c \u043a \u043d\u0430\u0448\u0435\u043c\u0443 \u0411\u0430\u0433\u0433\u0438 \u0441\u0430\u0444\u0430\u0440\u0438 \u0432 \u041c\u0430\u0440\u043c\u0430\u0440\u0438\u0441\u0435 \u0438 \u043e\u0449\u0443\u0442\u0438\u0442\u0435 \u0430\u0434\u0440\u0435\u043d\u0430\u043b\u0438\u043d \u0438 \u0432\u043e\u043b\u043d\u0435\u043d\u0438\u0435 \u0441\u0432\u043e\u0431\u043e\u0434\u044b \u043d\u0430 \u043c\u043e\u0449\u043d\u044b\u0445 \u0430\u0432\u0442\u043e \u0441 \u043f\u0440\u0435\u043e\u0434\u043e\u043b\u0435\u043d\u0438\u0435\u043c \u043f\u0440\u0435\u043f\u044f\u0442\u0441\u0442\u0432\u0438\u0439!","og_url":"https:\/\/skyline-gs.com\/fr\/produit\/buggy-safari-marmaris\/","og_site_name":"\u042d\u043a\u0441\u043a\u0443\u0440\u0441\u0438\u0438 Skyline","article_modified_time":"2024-01-24T17:55:48+00:00","og_image":[{"width":669,"height":446,"url":"https:\/\/skyline-gs.com\/wp-content\/uploads\/2022\/05\/7-10.png","type":"image\/png"}],"twitter_card":"summary_large_image","twitter_misc":{"Dur\u00e9e de lecture estim\u00e9e":"1 minute"},"schema":{"@context":"https:\/\/schema.org","@graph":[{"@type":"WebPage","@id":"https:\/\/skyline-gs.com\/cs\/produkt\/buggy-safari-marmaris\/","url":"https:\/\/skyline-gs.com\/cs\/produkt\/buggy-safari-marmaris\/","name":"\u0411\u0430\u0433\u0433\u0438 \u0441\u0430\u0444\u0430\u0440\u0438 &#8226; \u042d\u043a\u0441\u043a\u0443\u0440\u0441\u0438\u0438 Skyline","isPartOf":{"@id":"https:\/\/skyline-gs.com\/it\/#website"},"primaryImageOfPage":{"@id":"https:\/\/skyline-gs.com\/cs\/produkt\/buggy-safari-marmaris\/#primaryimage"},"image":{"@id":"https:\/\/skyline-gs.com\/cs\/produkt\/buggy-safari-marmaris\/#primaryimage"},"thumbnailUrl":"https:\/\/skyline-gs.com\/wp-content\/uploads\/2022\/05\/7-10.png","datePublished":"2024-01-16T19:04:07+00:00","dateModified":"2024-01-24T17:55:48+00:00","description":"Rejoignez notre Buggy Safari \u00e0 Marmaris et vivez l'adr\u00e9naline et l'excitation de la libert\u00e9 sur de puissantes autos de course d'obstacles !","breadcrumb":{"@id":"https:\/\/skyline-gs.com\/cs\/produkt\/buggy-safari-marmaris\/#breadcrumb"},"inLanguage":"fr-FR","potentialAction":[{"@type":"ReadAction","target":["https:\/\/skyline-gs.com\/cs\/produkt\/buggy-safari-marmaris\/"]}]},{"@type":"ImageObject","inLanguage":"fr-FR","@id":"https:\/\/skyline-gs.com\/cs\/produkt\/buggy-safari-marmaris\/#primaryimage","url":"https:\/\/skyline-gs.com\/wp-content\/uploads\/2022\/05\/7-10.png","contentUrl":"https:\/\/skyline-gs.com\/wp-content\/uploads\/2022\/05\/7-10.png","width":669,"height":446},{"@type":"BreadcrumbList","@id":"https:\/\/skyline-gs.com\/cs\/produkt\/buggy-safari-marmaris\/#breadcrumb","itemListElement":[{"@type":"ListItem","position":1,"name":"\u0413\u043b\u0430\u0432\u043d\u0430\u044f \u0441\u0442\u0440\u0430\u043d\u0438\u0446\u0430","item":"https:\/\/skyline-gs.com\/hu\/"},{"@type":"ListItem","position":2,"name":"\u041c\u0430\u0433\u0430\u0437\u0438\u043d","item":"https:\/\/skyline-gs.com\/cs\/shop\/"},{"@type":"ListItem","position":3,"name":"\u0411\u0430\u0433\u0433\u0438 \u0441\u0430\u0444\u0430\u0440\u0438"}]},{"@type":"WebSite","@id":"https:\/\/skyline-gs.com\/it\/#website","url":"https:\/\/skyline-gs.com\/it\/","name":"Excursions Skyline","description":"Excursions exclusives dans les meilleurs centres de vill\u00e9giature du monde","publisher":{"@id":"https:\/\/skyline-gs.com\/it\/#organization"},"alternateName":"Skyline","potentialAction":[{"@type":"SearchAction","target":{"@type":"EntryPoint","urlTemplate":"https:\/\/skyline-gs.com\/it\/?s={search_term_string}"},"query-input":{"@type":"PropertyValueSpecification","valueRequired":true,"valueName":"search_term_string"}}],"inLanguage":"fr-FR"},{"@type":"Organization","@id":"https:\/\/skyline-gs.com\/it\/#organization","name":"Excursions Skyline","alternateName":"\u042d\u043a\u0441\u043a\u0443\u0440\u0441\u0438\u0438 Skyline","url":"https:\/\/skyline-gs.com\/it\/","logo":{"@type":"ImageObject","inLanguage":"fr-FR","@id":"https:\/\/skyline-gs.com\/it\/#\/schema\/logo\/image\/","url":"https:\/\/skyline-gs.com\/wp-content\/uploads\/2020\/12\/cropped-logo-2.png","contentUrl":"https:\/\/skyline-gs.com\/wp-content\/uploads\/2020\/12\/cropped-logo-2.png","width":512,"height":512,"caption":"\u042d\u043a\u0441\u043a\u0443\u0440\u0441\u0438\u0438 Skyline"},"image":{"@id":"https:\/\/skyline-gs.com\/it\/#\/schema\/logo\/image\/"},"sameAs":["https:\/\/www.instagram.com\/skylineglobalservice\/"]}]}},"_links":{"self":[{"href":"https:\/\/skyline-gs.com\/fr\/wp-json\/wp\/v2\/product\/46362","targetHints":{"allow":["GET"]}}],"collection":[{"href":"https:\/\/skyline-gs.com\/fr\/wp-json\/wp\/v2\/product"}],"about":[{"href":"https:\/\/skyline-gs.com\/fr\/wp-json\/wp\/v2\/types\/product"}],"version-history":[{"count":0,"href":"https:\/\/skyline-gs.com\/fr\/wp-json\/wp\/v2\/product\/46362\/revisions"}],"wp:featuredmedia":[{"embeddable":true,"href":"https:\/\/skyline-gs.com\/fr\/wp-json\/wp\/v2\/media\/37509"}],"wp:attachment":[{"href":"https:\/\/skyline-gs.com\/fr\/wp-json\/wp\/v2\/media?parent=46362"}],"wp:term":[{"taxonomy":"product_brand","embeddable":true,"href":"https:\/\/skyline-gs.com\/fr\/wp-json\/wp\/v2\/product_brand?post=46362"},{"taxonomy":"product_cat","embeddable":true,"href":"https:\/\/skyline-gs.com\/fr\/wp-json\/wp\/v2\/product_cat?post=46362"},{"taxonomy":"product_tag","embeddable":true,"href":"https:\/\/skyline-gs.com\/fr\/wp-json\/wp\/v2\/product_tag?post=46362"}],"curies":[{"name":"wp","href":"https:\/\/api.w.org\/{rel}","templated":true}]}}