{"id":45916,"date":"2024-01-14T17:55:24","date_gmt":"2024-01-14T15:55:24","guid":{"rendered":"http:\/\/skyline-gs.com\/?post_type=product&#038;p=45916"},"modified":"2024-01-24T01:02:12","modified_gmt":"2024-01-23T23:02:12","slug":"excursion-to-ephesus","status":"publish","type":"product","link":"https:\/\/skyline-gs.com\/fr\/product\/excursion-to-ephesus\/","title":{"rendered":"Excursion \u00e0 \u00c9ph\u00e8se"},"content":{"rendered":"<p>Votre journ\u00e9e commencera par un transfert confortable qui viendra vous chercher directement \u00e0 votre h\u00f4tel.<\/p>\n<p>Un petit d\u00e9jeuner copieux dans un restaurant confortable de la ville de Mugla vous permettra de bien commencer la journ\u00e9e. Ensuite, vous explorerez l'ancienne ville de Selcuk, o\u00f9 vous entendrez des l\u00e9gendes et des mythes fascinants li\u00e9s \u00e0 l'\u00e9poque de l'Empire romain.<\/p>\n<p>\u00c0 votre arriv\u00e9e \u00e0 \u00c9ph\u00e8se, vous disposerez de temps libre pour explorer les sites de cette grande ville antique - jusqu'\u00e0 deux heures. Un guide historien vous accompagnera pour une visite touristique de la ville, o\u00f9 vous visiterez la biblioth\u00e8que de Celsus, l'amphith\u00e9\u00e2tre antique, l'\u00e9glise de la Vierge Marie, le temple d'Art\u00e9mis et bien d'autres sites uniques.<\/p>\n<p>Pour le d\u00e9jeuner, vous vous rendrez dans un restaurant accueillant qui sert des buffets traditionnels turcs. Vous serez ensuite transf\u00e9r\u00e9 \u00e0 votre h\u00f4tel.<\/p>\n<p><strong>Inclus :<\/strong><\/p>\n<ul>\n<li>Transfert aller-retour<\/li>\n<li>Assurance<\/li>\n<li>Guide historique parlant russe<\/li>\n<li>Petit d\u00e9jeuner avec boissons chaudes<\/li>\n<li>D\u00e9jeuner<\/li>\n<\/ul>\n<p><strong>Non inclus :<\/strong><\/p>\n<ul>\n<li>D\u00e9penses personnelles<\/li>\n<li>Boissons<\/li>\n<li>Billets d'entr\u00e9e<\/li>\n<\/ul>\n<p><strong>\u00c0 emporter :<\/strong><\/p>\n<ul>\n<li>Chaussures confortables<\/li>\n<li>Chapeaux<\/li>\n<li>Lunettes de soleil<\/li>\n<li>Cr\u00e8me solaire\/\u00e9cran solaire<\/li>\n<\/ul>","protected":false},"excerpt":{"rendered":"<p><strong>Temps du Tour:<\/strong> 05:30 &#8212; 19:00<\/p>\n<p><strong>Jours de D\u00e9roulement:<\/strong> Jeudi, dimanche<\/p>","protected":false},"featured_media":0,"template":"","meta":{"_kad_post_transparent":"default","_kad_post_title":"","_kad_post_layout":"default","_kad_post_sidebar_id":"","_kad_post_content_style":"default","_kad_post_vertical_padding":"default","_kad_post_feature":"","_kad_post_feature_position":"","_kad_post_header":false,"_kad_post_footer":false,"_kad_post_classname":"","_glsr_average":0,"_glsr_ranking":0,"_glsr_reviews":0},"product_brand":[],"product_cat":[451],"product_tag":[],"class_list":{"0":"post-45916","1":"product","2":"type-product","3":"status-publish","5":"product_cat-marmaris","6":"tm-has-options","8":"first","9":"instock","10":"sold-individually","11":"taxable","12":"shipping-taxable","13":"purchasable","14":"product-type-simple","15":"entry","16":"content-bg","17":"loop-entry"},"yoast_head":"<!-- This site is optimized with the Yoast SEO plugin v27.3 - https:\/\/yoast.com\/product\/yoast-seo-wordpress\/ -->\n<title>\u042d\u043a\u0441\u043a\u0443\u0440\u0441\u0438\u044f \u0432 \u042d\u0444\u0435\u0441 &#8226; \u042d\u043a\u0441\u043a\u0443\u0440\u0441\u0438\u0438 Skyline<\/title>\n<meta name=\"description\" content=\"\u041f\u043e\u0433\u0440\u0443\u0437\u0438\u0442\u0435\u0441\u044c \u0432 \u0443\u0432\u043b\u0435\u043a\u0430\u0442\u0435\u043b\u044c\u043d\u043e\u0435 \u043f\u0440\u0438\u043a\u043b\u044e\u0447\u0435\u043d\u0438\u0435 \u0432 \u0434\u0440\u0435\u0432\u043d\u0438\u0439 \u043c\u0438\u0440 \u0441 \u044d\u043a\u0441\u043a\u0443\u0440\u0441\u0438\u0435\u0439 \u0432 \u042d\u0444\u0435\u0441 \u0438\u0437 \u041c\u0430\u0440\u043c\u0430\u0440\u0438\u0441\u0430, \u043a\u043e\u0442\u043e\u0440\u0430\u044f \u044f\u0432\u043b\u044f\u0435\u0442\u0441\u044f \u0430\u0431\u0441\u043e\u043b\u044e\u0442\u043d\u044b\u043c \u043b\u0438\u0434\u0435\u0440\u043e\u043c \u043f\u043e \u043f\u043e\u043f\u0443\u043b\u044f\u0440\u043d\u043e\u0441\u0442\u0438 \u0441\u0440\u0435\u0434\u0438 \u0442\u0443\u0440\u0438\u0441\u0442\u043e\u0432.\" \/>\n<meta name=\"robots\" content=\"index, follow, max-snippet:-1, max-image-preview:large, max-video-preview:-1\" \/>\n<link rel=\"canonical\" href=\"https:\/\/skyline-gs.com\/fr\/produit\/excursion-to-ephesus\/\" \/>\n<meta property=\"og:locale\" content=\"fr_FR\" \/>\n<meta property=\"og:type\" content=\"article\" \/>\n<meta property=\"og:title\" content=\"\u042d\u043a\u0441\u043a\u0443\u0440\u0441\u0438\u044f \u0432 \u042d\u0444\u0435\u0441 &#8226; \u042d\u043a\u0441\u043a\u0443\u0440\u0441\u0438\u0438 Skyline\" \/>\n<meta property=\"og:description\" content=\"\u041f\u043e\u0433\u0440\u0443\u0437\u0438\u0442\u0435\u0441\u044c \u0432 \u0443\u0432\u043b\u0435\u043a\u0430\u0442\u0435\u043b\u044c\u043d\u043e\u0435 \u043f\u0440\u0438\u043a\u043b\u044e\u0447\u0435\u043d\u0438\u0435 \u0432 \u0434\u0440\u0435\u0432\u043d\u0438\u0439 \u043c\u0438\u0440 \u0441 \u044d\u043a\u0441\u043a\u0443\u0440\u0441\u0438\u0435\u0439 \u0432 \u042d\u0444\u0435\u0441 \u0438\u0437 \u041c\u0430\u0440\u043c\u0430\u0440\u0438\u0441\u0430, \u043a\u043e\u0442\u043e\u0440\u0430\u044f \u044f\u0432\u043b\u044f\u0435\u0442\u0441\u044f \u0430\u0431\u0441\u043e\u043b\u044e\u0442\u043d\u044b\u043c \u043b\u0438\u0434\u0435\u0440\u043e\u043c \u043f\u043e \u043f\u043e\u043f\u0443\u043b\u044f\u0440\u043d\u043e\u0441\u0442\u0438 \u0441\u0440\u0435\u0434\u0438 \u0442\u0443\u0440\u0438\u0441\u0442\u043e\u0432.\" \/>\n<meta property=\"og:url\" content=\"https:\/\/skyline-gs.com\/fr\/produit\/excursion-to-ephesus\/\" \/>\n<meta property=\"og:site_name\" content=\"\u042d\u043a\u0441\u043a\u0443\u0440\u0441\u0438\u0438 Skyline\" \/>\n<meta property=\"article:modified_time\" content=\"2024-01-23T23:02:12+00:00\" \/>\n<meta property=\"og:image\" content=\"https:\/\/skyline-gs.com\/wp-content\/uploads\/2024\/08\/LoGo777.png\" \/>\n\t<meta property=\"og:image:width\" content=\"1080\" \/>\n\t<meta property=\"og:image:height\" content=\"1080\" \/>\n\t<meta property=\"og:image:type\" content=\"image\/png\" \/>\n<meta name=\"twitter:card\" content=\"summary_large_image\" \/>\n<meta name=\"twitter:label1\" content=\"Dur\u00e9e de lecture estim\u00e9e\" \/>\n\t<meta name=\"twitter:data1\" content=\"1 minute\" \/>\n<script type=\"application\/ld+json\" class=\"yoast-schema-graph\">{\"@context\":\"https:\\\/\\\/schema.org\",\"@graph\":[{\"@type\":\"WebPage\",\"@id\":\"https:\\\/\\\/skyline-gs.com\\\/product\\\/excursion-to-ephesus\\\/\",\"url\":\"https:\\\/\\\/skyline-gs.com\\\/product\\\/excursion-to-ephesus\\\/\",\"name\":\"\u042d\u043a\u0441\u043a\u0443\u0440\u0441\u0438\u044f \u0432 \u042d\u0444\u0435\u0441 &#8226; \u042d\u043a\u0441\u043a\u0443\u0440\u0441\u0438\u0438 Skyline\",\"isPartOf\":{\"@id\":\"https:\\\/\\\/skyline-gs.com\\\/it\\\/#website\"},\"datePublished\":\"2024-01-14T15:55:24+00:00\",\"dateModified\":\"2024-01-23T23:02:12+00:00\",\"description\":\"\u041f\u043e\u0433\u0440\u0443\u0437\u0438\u0442\u0435\u0441\u044c \u0432 \u0443\u0432\u043b\u0435\u043a\u0430\u0442\u0435\u043b\u044c\u043d\u043e\u0435 \u043f\u0440\u0438\u043a\u043b\u044e\u0447\u0435\u043d\u0438\u0435 \u0432 \u0434\u0440\u0435\u0432\u043d\u0438\u0439 \u043c\u0438\u0440 \u0441 \u044d\u043a\u0441\u043a\u0443\u0440\u0441\u0438\u0435\u0439 \u0432 \u042d\u0444\u0435\u0441 \u0438\u0437 \u041c\u0430\u0440\u043c\u0430\u0440\u0438\u0441\u0430, \u043a\u043e\u0442\u043e\u0440\u0430\u044f \u044f\u0432\u043b\u044f\u0435\u0442\u0441\u044f \u0430\u0431\u0441\u043e\u043b\u044e\u0442\u043d\u044b\u043c \u043b\u0438\u0434\u0435\u0440\u043e\u043c \u043f\u043e \u043f\u043e\u043f\u0443\u043b\u044f\u0440\u043d\u043e\u0441\u0442\u0438 \u0441\u0440\u0435\u0434\u0438 \u0442\u0443\u0440\u0438\u0441\u0442\u043e\u0432.\",\"breadcrumb\":{\"@id\":\"https:\\\/\\\/skyline-gs.com\\\/product\\\/excursion-to-ephesus\\\/#breadcrumb\"},\"inLanguage\":\"fr-FR\",\"potentialAction\":[{\"@type\":\"ReadAction\",\"target\":[\"https:\\\/\\\/skyline-gs.com\\\/product\\\/excursion-to-ephesus\\\/\"]}]},{\"@type\":\"BreadcrumbList\",\"@id\":\"https:\\\/\\\/skyline-gs.com\\\/product\\\/excursion-to-ephesus\\\/#breadcrumb\",\"itemListElement\":[{\"@type\":\"ListItem\",\"position\":1,\"name\":\"\u0413\u043b\u0430\u0432\u043d\u0430\u044f \u0441\u0442\u0440\u0430\u043d\u0438\u0446\u0430\",\"item\":\"https:\\\/\\\/skyline-gs.com\\\/hu\\\/\"},{\"@type\":\"ListItem\",\"position\":2,\"name\":\"\u041c\u0430\u0433\u0430\u0437\u0438\u043d\",\"item\":\"https:\\\/\\\/skyline-gs.com\\\/cs\\\/shop\\\/\"},{\"@type\":\"ListItem\",\"position\":3,\"name\":\"\u042d\u043a\u0441\u043a\u0443\u0440\u0441\u0438\u044f \u0432 \u042d\u0444\u0435\u0441\"}]},{\"@type\":\"WebSite\",\"@id\":\"https:\\\/\\\/skyline-gs.com\\\/it\\\/#website\",\"url\":\"https:\\\/\\\/skyline-gs.com\\\/it\\\/\",\"name\":\"\u042d\u043a\u0441\u043a\u0443\u0440\u0441\u0438\u0438 Skyline\",\"description\":\"\u042d\u043a\u0441\u043a\u043b\u044e\u0437\u0438\u0432\u043d\u044b\u0435 \u044d\u043a\u0441\u043a\u0443\u0440\u0441\u0438\u0438 \u043d\u0430 \u043b\u0443\u0447\u0448\u0438\u0445 \u043a\u0443\u0440\u043e\u0440\u0442\u0430\u0445 \u043c\u0438\u0440\u0430\",\"publisher\":{\"@id\":\"https:\\\/\\\/skyline-gs.com\\\/it\\\/#organization\"},\"alternateName\":\"Skyline\",\"potentialAction\":[{\"@type\":\"SearchAction\",\"target\":{\"@type\":\"EntryPoint\",\"urlTemplate\":\"https:\\\/\\\/skyline-gs.com\\\/it\\\/?s={search_term_string}\"},\"query-input\":{\"@type\":\"PropertyValueSpecification\",\"valueRequired\":true,\"valueName\":\"search_term_string\"}}],\"inLanguage\":\"fr-FR\"},{\"@type\":\"Organization\",\"@id\":\"https:\\\/\\\/skyline-gs.com\\\/it\\\/#organization\",\"name\":\"\u042d\u043a\u0441\u043a\u0443\u0440\u0441\u0438\u0438 Skyline\",\"alternateName\":\"\u042d\u043a\u0441\u043a\u0443\u0440\u0441\u0438\u0438 Skyline\",\"url\":\"https:\\\/\\\/skyline-gs.com\\\/it\\\/\",\"logo\":{\"@type\":\"ImageObject\",\"inLanguage\":\"fr-FR\",\"@id\":\"https:\\\/\\\/skyline-gs.com\\\/it\\\/#\\\/schema\\\/logo\\\/image\\\/\",\"url\":\"https:\\\/\\\/skyline-gs.com\\\/wp-content\\\/uploads\\\/2020\\\/12\\\/cropped-logo-2.png\",\"contentUrl\":\"https:\\\/\\\/skyline-gs.com\\\/wp-content\\\/uploads\\\/2020\\\/12\\\/cropped-logo-2.png\",\"width\":512,\"height\":512,\"caption\":\"\u042d\u043a\u0441\u043a\u0443\u0440\u0441\u0438\u0438 Skyline\"},\"image\":{\"@id\":\"https:\\\/\\\/skyline-gs.com\\\/it\\\/#\\\/schema\\\/logo\\\/image\\\/\"},\"sameAs\":[\"https:\\\/\\\/www.instagram.com\\\/skylineglobalservice\\\/\"]}]}<\/script>\n<!-- \/ Yoast SEO plugin. -->","yoast_head_json":{"title":"\u042d\u043a\u0441\u043a\u0443\u0440\u0441\u0438\u044f \u0432 \u042d\u0444\u0435\u0441 &#8226; \u042d\u043a\u0441\u043a\u0443\u0440\u0441\u0438\u0438 Skyline","description":"Plongez dans une aventure fascinante dans le monde antique avec une excursion \u00e0 \u00c9ph\u00e8se au d\u00e9part de Marmaris, qui est la destination pr\u00e9f\u00e9r\u00e9e des touristes.","robots":{"index":"index","follow":"follow","max-snippet":"max-snippet:-1","max-image-preview":"max-image-preview:large","max-video-preview":"max-video-preview:-1"},"canonical":"https:\/\/skyline-gs.com\/fr\/produit\/excursion-to-ephesus\/","og_locale":"fr_FR","og_type":"article","og_title":"\u042d\u043a\u0441\u043a\u0443\u0440\u0441\u0438\u044f \u0432 \u042d\u0444\u0435\u0441 &#8226; \u042d\u043a\u0441\u043a\u0443\u0440\u0441\u0438\u0438 Skyline","og_description":"\u041f\u043e\u0433\u0440\u0443\u0437\u0438\u0442\u0435\u0441\u044c \u0432 \u0443\u0432\u043b\u0435\u043a\u0430\u0442\u0435\u043b\u044c\u043d\u043e\u0435 \u043f\u0440\u0438\u043a\u043b\u044e\u0447\u0435\u043d\u0438\u0435 \u0432 \u0434\u0440\u0435\u0432\u043d\u0438\u0439 \u043c\u0438\u0440 \u0441 \u044d\u043a\u0441\u043a\u0443\u0440\u0441\u0438\u0435\u0439 \u0432 \u042d\u0444\u0435\u0441 \u0438\u0437 \u041c\u0430\u0440\u043c\u0430\u0440\u0438\u0441\u0430, \u043a\u043e\u0442\u043e\u0440\u0430\u044f \u044f\u0432\u043b\u044f\u0435\u0442\u0441\u044f \u0430\u0431\u0441\u043e\u043b\u044e\u0442\u043d\u044b\u043c \u043b\u0438\u0434\u0435\u0440\u043e\u043c \u043f\u043e \u043f\u043e\u043f\u0443\u043b\u044f\u0440\u043d\u043e\u0441\u0442\u0438 \u0441\u0440\u0435\u0434\u0438 \u0442\u0443\u0440\u0438\u0441\u0442\u043e\u0432.","og_url":"https:\/\/skyline-gs.com\/fr\/produit\/excursion-to-ephesus\/","og_site_name":"\u042d\u043a\u0441\u043a\u0443\u0440\u0441\u0438\u0438 Skyline","article_modified_time":"2024-01-23T23:02:12+00:00","og_image":[{"width":1080,"height":1080,"url":"https:\/\/skyline-gs.com\/wp-content\/uploads\/2024\/08\/LoGo777.png","type":"image\/png"}],"twitter_card":"summary_large_image","twitter_misc":{"Dur\u00e9e de lecture estim\u00e9e":"1 minute"},"schema":{"@context":"https:\/\/schema.org","@graph":[{"@type":"WebPage","@id":"https:\/\/skyline-gs.com\/product\/excursion-to-ephesus\/","url":"https:\/\/skyline-gs.com\/product\/excursion-to-ephesus\/","name":"\u042d\u043a\u0441\u043a\u0443\u0440\u0441\u0438\u044f \u0432 \u042d\u0444\u0435\u0441 &#8226; \u042d\u043a\u0441\u043a\u0443\u0440\u0441\u0438\u0438 Skyline","isPartOf":{"@id":"https:\/\/skyline-gs.com\/it\/#website"},"datePublished":"2024-01-14T15:55:24+00:00","dateModified":"2024-01-23T23:02:12+00:00","description":"Plongez dans une aventure fascinante dans le monde antique avec une excursion \u00e0 \u00c9ph\u00e8se au d\u00e9part de Marmaris, qui est la destination pr\u00e9f\u00e9r\u00e9e des touristes.","breadcrumb":{"@id":"https:\/\/skyline-gs.com\/product\/excursion-to-ephesus\/#breadcrumb"},"inLanguage":"fr-FR","potentialAction":[{"@type":"ReadAction","target":["https:\/\/skyline-gs.com\/product\/excursion-to-ephesus\/"]}]},{"@type":"BreadcrumbList","@id":"https:\/\/skyline-gs.com\/product\/excursion-to-ephesus\/#breadcrumb","itemListElement":[{"@type":"ListItem","position":1,"name":"\u0413\u043b\u0430\u0432\u043d\u0430\u044f \u0441\u0442\u0440\u0430\u043d\u0438\u0446\u0430","item":"https:\/\/skyline-gs.com\/hu\/"},{"@type":"ListItem","position":2,"name":"\u041c\u0430\u0433\u0430\u0437\u0438\u043d","item":"https:\/\/skyline-gs.com\/cs\/shop\/"},{"@type":"ListItem","position":3,"name":"\u042d\u043a\u0441\u043a\u0443\u0440\u0441\u0438\u044f \u0432 \u042d\u0444\u0435\u0441"}]},{"@type":"WebSite","@id":"https:\/\/skyline-gs.com\/it\/#website","url":"https:\/\/skyline-gs.com\/it\/","name":"Excursions Skyline","description":"Excursions exclusives dans les meilleurs centres de vill\u00e9giature du monde","publisher":{"@id":"https:\/\/skyline-gs.com\/it\/#organization"},"alternateName":"Skyline","potentialAction":[{"@type":"SearchAction","target":{"@type":"EntryPoint","urlTemplate":"https:\/\/skyline-gs.com\/it\/?s={search_term_string}"},"query-input":{"@type":"PropertyValueSpecification","valueRequired":true,"valueName":"search_term_string"}}],"inLanguage":"fr-FR"},{"@type":"Organization","@id":"https:\/\/skyline-gs.com\/it\/#organization","name":"Excursions Skyline","alternateName":"\u042d\u043a\u0441\u043a\u0443\u0440\u0441\u0438\u0438 Skyline","url":"https:\/\/skyline-gs.com\/it\/","logo":{"@type":"ImageObject","inLanguage":"fr-FR","@id":"https:\/\/skyline-gs.com\/it\/#\/schema\/logo\/image\/","url":"https:\/\/skyline-gs.com\/wp-content\/uploads\/2020\/12\/cropped-logo-2.png","contentUrl":"https:\/\/skyline-gs.com\/wp-content\/uploads\/2020\/12\/cropped-logo-2.png","width":512,"height":512,"caption":"\u042d\u043a\u0441\u043a\u0443\u0440\u0441\u0438\u0438 Skyline"},"image":{"@id":"https:\/\/skyline-gs.com\/it\/#\/schema\/logo\/image\/"},"sameAs":["https:\/\/www.instagram.com\/skylineglobalservice\/"]}]}},"_links":{"self":[{"href":"https:\/\/skyline-gs.com\/fr\/wp-json\/wp\/v2\/product\/45916","targetHints":{"allow":["GET"]}}],"collection":[{"href":"https:\/\/skyline-gs.com\/fr\/wp-json\/wp\/v2\/product"}],"about":[{"href":"https:\/\/skyline-gs.com\/fr\/wp-json\/wp\/v2\/types\/product"}],"version-history":[{"count":0,"href":"https:\/\/skyline-gs.com\/fr\/wp-json\/wp\/v2\/product\/45916\/revisions"}],"wp:attachment":[{"href":"https:\/\/skyline-gs.com\/fr\/wp-json\/wp\/v2\/media?parent=45916"}],"wp:term":[{"taxonomy":"product_brand","embeddable":true,"href":"https:\/\/skyline-gs.com\/fr\/wp-json\/wp\/v2\/product_brand?post=45916"},{"taxonomy":"product_cat","embeddable":true,"href":"https:\/\/skyline-gs.com\/fr\/wp-json\/wp\/v2\/product_cat?post=45916"},{"taxonomy":"product_tag","embeddable":true,"href":"https:\/\/skyline-gs.com\/fr\/wp-json\/wp\/v2\/product_tag?post=45916"}],"curies":[{"name":"wp","href":"https:\/\/api.w.org\/{rel}","templated":true}]}}