{"id":45910,"date":"2024-01-14T17:01:11","date_gmt":"2024-01-14T15:01:11","guid":{"rendered":"http:\/\/skyline-gs.com\/?post_type=product&#038;p=45910"},"modified":"2024-01-24T01:04:21","modified_gmt":"2024-01-23T23:04:21","slug":"pirate-ship","status":"publish","type":"product","link":"https:\/\/skyline-gs.com\/fr\/product\/pirate-ship\/","title":{"rendered":"Bateau pirate"},"content":{"rendered":"<p>L'excursion commence par un transfert confortable qui vient vous chercher, vous et vos enfants, directement \u00e0 votre h\u00f4tel en autocar. \u00c0 l'arriv\u00e9e au port, une promenade passionnante \u00e0 bord d'un bateau pirate vous attend.<\/p>\n<p>Le programme de la visite comprend du temps libre pour profiter des vues panoramiques, un premier arr\u00eat en pleine mer pour nager, sauter du pont sup\u00e9rieur et d'autres divertissements. L'\u00e9quipe d'animation cr\u00e9e une atmosph\u00e8re amusante avec des concours et des danses. Des animations sp\u00e9ciales sont pr\u00e9vues pour les petits pirates.<\/p>\n<p>Le d\u00e9jeuner, grill\u00e9 \u00e0 bord, est accompagn\u00e9 de boissons illimit\u00e9es produites localement. Un arr\u00eat pour une baignade dans l'eau de mer la plus pure, une discoth\u00e8que et une soir\u00e9e mousse sur les tubes musicaux les plus populaires cr\u00e9ent une atmosph\u00e8re unique d'aventure pirate.<\/p>\n<p>\u00c0 la fin de l'excursion, vous retournerez au port et serez transf\u00e9r\u00e9s \u00e0 vos h\u00f4tels dans des bus confortables.<\/p>\n<p><strong>Inclus :<\/strong><\/p>\n<ul>\n<li>Transfert aller-retour<\/li>\n<li>Guide parlant russe<\/li>\n<li>\u00c9quipe d'animation<\/li>\n<li>D\u00e9jeuner<\/li>\n<li>Boissons non alcoolis\u00e9es<\/li>\n<li>Assurance<\/li>\n<\/ul>\n<p><strong>Non inclus :<\/strong><\/p>\n<ul>\n<li>D\u00e9penses personnelles<\/li>\n<li>Alcool<\/li>\n<\/ul>\n<p><strong>\u00c0 emporter :<\/strong><\/p>\n<ul>\n<li>Maillots de bain et slips de bain<\/li>\n<li>Serviettes<\/li>\n<li>Cr\u00e8me solaire<\/li>\n<li>Chapeaux<\/li>\n<li>Lunettes de soleil<\/li>\n<\/ul>","protected":false},"excerpt":{"rendered":"<p><strong>Temps du Tour:<\/strong> 10:00 &#8212; 16:00<\/p>\n<p><strong>Jours de D\u00e9roulement:<\/strong> Chaque jour<\/p>","protected":false},"featured_media":39458,"template":"","meta":{"_kad_post_transparent":"default","_kad_post_title":"","_kad_post_layout":"default","_kad_post_sidebar_id":"","_kad_post_content_style":"default","_kad_post_vertical_padding":"default","_kad_post_feature":"","_kad_post_feature_position":"","_kad_post_header":false,"_kad_post_footer":false,"_kad_post_classname":"","_glsr_average":0,"_glsr_ranking":0,"_glsr_reviews":0},"product_brand":[],"product_cat":[451],"product_tag":[],"class_list":{"0":"post-45910","1":"product","2":"type-product","3":"status-publish","4":"has-post-thumbnail","6":"product_cat-marmaris","7":"tm-has-options","9":"first","10":"instock","11":"sold-individually","12":"taxable","13":"shipping-taxable","14":"purchasable","15":"product-type-simple","16":"entry","17":"content-bg","18":"loop-entry"},"yoast_head":"<!-- This site is optimized with the Yoast SEO plugin v27.3 - https:\/\/yoast.com\/product\/yoast-seo-wordpress\/ -->\n<title>\u041f\u0438\u0440\u0430\u0442\u0441\u043a\u0438\u0439 \u043a\u043e\u0440\u0430\u0431\u043b\u044c &#8226; \u042d\u043a\u0441\u043a\u0443\u0440\u0441\u0438\u0438 Skyline<\/title>\n<meta name=\"description\" content=\"\u041f\u043e\u0434\u043d\u0438\u043c\u0438\u0442\u0435\u0441\u044c \u043d\u0430 \u0431\u043e\u0440\u0442 \u043d\u0430\u0441\u0442\u043e\u044f\u0449\u0435\u0433\u043e \u043f\u0438\u0440\u0430\u0442\u0441\u043a\u043e\u0433\u043e \u043a\u043e\u0440\u0430\u0431\u043b\u044f \u0432 \u041c\u0430\u0440\u043c\u0430\u0440\u0438\u0441\u0435! \u0410\u043d\u0438\u043c\u0430\u0446\u0438\u043e\u043d\u043d\u0430\u044f \u043a\u043e\u043c\u0430\u043d\u0434\u0430 \u043e\u0431\u0435\u0441\u043f\u0435\u0447\u0438\u0432\u0430\u0435\u0442 \u0432\u0435\u0441\u0435\u043b\u0443\u044e \u0430\u0442\u043c\u043e\u0441\u0444\u0435\u0440\u0443 \u0441 \u043a\u043e\u043d\u043a\u0443\u0440\u0441\u0430\u043c\u0438 \u0438 \u0442\u0430\u043d\u0446\u0430\u043c\u0438.\" \/>\n<meta name=\"robots\" content=\"index, follow, max-snippet:-1, max-image-preview:large, max-video-preview:-1\" \/>\n<link rel=\"canonical\" href=\"https:\/\/skyline-gs.com\/fr\/produit\/pirate-ship\/\" \/>\n<meta property=\"og:locale\" content=\"fr_FR\" \/>\n<meta property=\"og:type\" content=\"article\" \/>\n<meta property=\"og:title\" content=\"\u041f\u0438\u0440\u0430\u0442\u0441\u043a\u0438\u0439 \u043a\u043e\u0440\u0430\u0431\u043b\u044c &#8226; \u042d\u043a\u0441\u043a\u0443\u0440\u0441\u0438\u0438 Skyline\" \/>\n<meta property=\"og:description\" content=\"\u041f\u043e\u0434\u043d\u0438\u043c\u0438\u0442\u0435\u0441\u044c \u043d\u0430 \u0431\u043e\u0440\u0442 \u043d\u0430\u0441\u0442\u043e\u044f\u0449\u0435\u0433\u043e \u043f\u0438\u0440\u0430\u0442\u0441\u043a\u043e\u0433\u043e \u043a\u043e\u0440\u0430\u0431\u043b\u044f \u0432 \u041c\u0430\u0440\u043c\u0430\u0440\u0438\u0441\u0435! \u0410\u043d\u0438\u043c\u0430\u0446\u0438\u043e\u043d\u043d\u0430\u044f \u043a\u043e\u043c\u0430\u043d\u0434\u0430 \u043e\u0431\u0435\u0441\u043f\u0435\u0447\u0438\u0432\u0430\u0435\u0442 \u0432\u0435\u0441\u0435\u043b\u0443\u044e \u0430\u0442\u043c\u043e\u0441\u0444\u0435\u0440\u0443 \u0441 \u043a\u043e\u043d\u043a\u0443\u0440\u0441\u0430\u043c\u0438 \u0438 \u0442\u0430\u043d\u0446\u0430\u043c\u0438.\" \/>\n<meta property=\"og:url\" content=\"https:\/\/skyline-gs.com\/fr\/produit\/pirate-ship\/\" \/>\n<meta property=\"og:site_name\" content=\"\u042d\u043a\u0441\u043a\u0443\u0440\u0441\u0438\u0438 Skyline\" \/>\n<meta property=\"article:modified_time\" content=\"2024-01-23T23:04:21+00:00\" \/>\n<meta property=\"og:image\" content=\"https:\/\/skyline-gs.com\/wp-content\/uploads\/2022\/07\/6-50.png\" \/>\n\t<meta property=\"og:image:width\" content=\"669\" \/>\n\t<meta property=\"og:image:height\" content=\"446\" \/>\n\t<meta property=\"og:image:type\" content=\"image\/png\" \/>\n<meta name=\"twitter:card\" content=\"summary_large_image\" \/>\n<meta name=\"twitter:label1\" content=\"Dur\u00e9e de lecture estim\u00e9e\" \/>\n\t<meta name=\"twitter:data1\" content=\"1 minute\" \/>\n<script type=\"application\/ld+json\" class=\"yoast-schema-graph\">{\"@context\":\"https:\\\/\\\/schema.org\",\"@graph\":[{\"@type\":\"WebPage\",\"@id\":\"https:\\\/\\\/skyline-gs.com\\\/it\\\/prodotto\\\/pirate-ship\\\/\",\"url\":\"https:\\\/\\\/skyline-gs.com\\\/it\\\/prodotto\\\/pirate-ship\\\/\",\"name\":\"\u041f\u0438\u0440\u0430\u0442\u0441\u043a\u0438\u0439 \u043a\u043e\u0440\u0430\u0431\u043b\u044c &#8226; \u042d\u043a\u0441\u043a\u0443\u0440\u0441\u0438\u0438 Skyline\",\"isPartOf\":{\"@id\":\"https:\\\/\\\/skyline-gs.com\\\/it\\\/#website\"},\"primaryImageOfPage\":{\"@id\":\"https:\\\/\\\/skyline-gs.com\\\/it\\\/prodotto\\\/pirate-ship\\\/#primaryimage\"},\"image\":{\"@id\":\"https:\\\/\\\/skyline-gs.com\\\/it\\\/prodotto\\\/pirate-ship\\\/#primaryimage\"},\"thumbnailUrl\":\"https:\\\/\\\/skyline-gs.com\\\/wp-content\\\/uploads\\\/2022\\\/07\\\/6-50.png\",\"datePublished\":\"2024-01-14T15:01:11+00:00\",\"dateModified\":\"2024-01-23T23:04:21+00:00\",\"description\":\"\u041f\u043e\u0434\u043d\u0438\u043c\u0438\u0442\u0435\u0441\u044c \u043d\u0430 \u0431\u043e\u0440\u0442 \u043d\u0430\u0441\u0442\u043e\u044f\u0449\u0435\u0433\u043e \u043f\u0438\u0440\u0430\u0442\u0441\u043a\u043e\u0433\u043e \u043a\u043e\u0440\u0430\u0431\u043b\u044f \u0432 \u041c\u0430\u0440\u043c\u0430\u0440\u0438\u0441\u0435! \u0410\u043d\u0438\u043c\u0430\u0446\u0438\u043e\u043d\u043d\u0430\u044f \u043a\u043e\u043c\u0430\u043d\u0434\u0430 \u043e\u0431\u0435\u0441\u043f\u0435\u0447\u0438\u0432\u0430\u0435\u0442 \u0432\u0435\u0441\u0435\u043b\u0443\u044e \u0430\u0442\u043c\u043e\u0441\u0444\u0435\u0440\u0443 \u0441 \u043a\u043e\u043d\u043a\u0443\u0440\u0441\u0430\u043c\u0438 \u0438 \u0442\u0430\u043d\u0446\u0430\u043c\u0438.\",\"breadcrumb\":{\"@id\":\"https:\\\/\\\/skyline-gs.com\\\/it\\\/prodotto\\\/pirate-ship\\\/#breadcrumb\"},\"inLanguage\":\"fr-FR\",\"potentialAction\":[{\"@type\":\"ReadAction\",\"target\":[\"https:\\\/\\\/skyline-gs.com\\\/it\\\/prodotto\\\/pirate-ship\\\/\"]}]},{\"@type\":\"ImageObject\",\"inLanguage\":\"fr-FR\",\"@id\":\"https:\\\/\\\/skyline-gs.com\\\/it\\\/prodotto\\\/pirate-ship\\\/#primaryimage\",\"url\":\"https:\\\/\\\/skyline-gs.com\\\/wp-content\\\/uploads\\\/2022\\\/07\\\/6-50.png\",\"contentUrl\":\"https:\\\/\\\/skyline-gs.com\\\/wp-content\\\/uploads\\\/2022\\\/07\\\/6-50.png\",\"width\":669,\"height\":446},{\"@type\":\"BreadcrumbList\",\"@id\":\"https:\\\/\\\/skyline-gs.com\\\/it\\\/prodotto\\\/pirate-ship\\\/#breadcrumb\",\"itemListElement\":[{\"@type\":\"ListItem\",\"position\":1,\"name\":\"\u0413\u043b\u0430\u0432\u043d\u0430\u044f \u0441\u0442\u0440\u0430\u043d\u0438\u0446\u0430\",\"item\":\"https:\\\/\\\/skyline-gs.com\\\/hu\\\/\"},{\"@type\":\"ListItem\",\"position\":2,\"name\":\"\u041c\u0430\u0433\u0430\u0437\u0438\u043d\",\"item\":\"https:\\\/\\\/skyline-gs.com\\\/cs\\\/shop\\\/\"},{\"@type\":\"ListItem\",\"position\":3,\"name\":\"\u041f\u0438\u0440\u0430\u0442\u0441\u043a\u0438\u0439 \u043a\u043e\u0440\u0430\u0431\u043b\u044c\"}]},{\"@type\":\"WebSite\",\"@id\":\"https:\\\/\\\/skyline-gs.com\\\/it\\\/#website\",\"url\":\"https:\\\/\\\/skyline-gs.com\\\/it\\\/\",\"name\":\"\u042d\u043a\u0441\u043a\u0443\u0440\u0441\u0438\u0438 Skyline\",\"description\":\"\u042d\u043a\u0441\u043a\u043b\u044e\u0437\u0438\u0432\u043d\u044b\u0435 \u044d\u043a\u0441\u043a\u0443\u0440\u0441\u0438\u0438 \u043d\u0430 \u043b\u0443\u0447\u0448\u0438\u0445 \u043a\u0443\u0440\u043e\u0440\u0442\u0430\u0445 \u043c\u0438\u0440\u0430\",\"publisher\":{\"@id\":\"https:\\\/\\\/skyline-gs.com\\\/it\\\/#organization\"},\"alternateName\":\"Skyline\",\"potentialAction\":[{\"@type\":\"SearchAction\",\"target\":{\"@type\":\"EntryPoint\",\"urlTemplate\":\"https:\\\/\\\/skyline-gs.com\\\/it\\\/?s={search_term_string}\"},\"query-input\":{\"@type\":\"PropertyValueSpecification\",\"valueRequired\":true,\"valueName\":\"search_term_string\"}}],\"inLanguage\":\"fr-FR\"},{\"@type\":\"Organization\",\"@id\":\"https:\\\/\\\/skyline-gs.com\\\/it\\\/#organization\",\"name\":\"\u042d\u043a\u0441\u043a\u0443\u0440\u0441\u0438\u0438 Skyline\",\"alternateName\":\"\u042d\u043a\u0441\u043a\u0443\u0440\u0441\u0438\u0438 Skyline\",\"url\":\"https:\\\/\\\/skyline-gs.com\\\/it\\\/\",\"logo\":{\"@type\":\"ImageObject\",\"inLanguage\":\"fr-FR\",\"@id\":\"https:\\\/\\\/skyline-gs.com\\\/it\\\/#\\\/schema\\\/logo\\\/image\\\/\",\"url\":\"https:\\\/\\\/skyline-gs.com\\\/wp-content\\\/uploads\\\/2020\\\/12\\\/cropped-logo-2.png\",\"contentUrl\":\"https:\\\/\\\/skyline-gs.com\\\/wp-content\\\/uploads\\\/2020\\\/12\\\/cropped-logo-2.png\",\"width\":512,\"height\":512,\"caption\":\"\u042d\u043a\u0441\u043a\u0443\u0440\u0441\u0438\u0438 Skyline\"},\"image\":{\"@id\":\"https:\\\/\\\/skyline-gs.com\\\/it\\\/#\\\/schema\\\/logo\\\/image\\\/\"},\"sameAs\":[\"https:\\\/\\\/www.instagram.com\\\/skylineglobalservice\\\/\"]}]}<\/script>\n<!-- \/ Yoast SEO plugin. -->","yoast_head_json":{"title":"\u041f\u0438\u0440\u0430\u0442\u0441\u043a\u0438\u0439 \u043a\u043e\u0440\u0430\u0431\u043b\u044c &#8226; \u042d\u043a\u0441\u043a\u0443\u0440\u0441\u0438\u0438 Skyline","description":"Montez \u00e0 bord d'un v\u00e9ritable bateau pirate \u00e0 Marmaris ! L'\u00e9quipe d'animation cr\u00e9e une atmosph\u00e8re amusante avec des concours et des danses.","robots":{"index":"index","follow":"follow","max-snippet":"max-snippet:-1","max-image-preview":"max-image-preview:large","max-video-preview":"max-video-preview:-1"},"canonical":"https:\/\/skyline-gs.com\/fr\/produit\/pirate-ship\/","og_locale":"fr_FR","og_type":"article","og_title":"\u041f\u0438\u0440\u0430\u0442\u0441\u043a\u0438\u0439 \u043a\u043e\u0440\u0430\u0431\u043b\u044c &#8226; \u042d\u043a\u0441\u043a\u0443\u0440\u0441\u0438\u0438 Skyline","og_description":"\u041f\u043e\u0434\u043d\u0438\u043c\u0438\u0442\u0435\u0441\u044c \u043d\u0430 \u0431\u043e\u0440\u0442 \u043d\u0430\u0441\u0442\u043e\u044f\u0449\u0435\u0433\u043e \u043f\u0438\u0440\u0430\u0442\u0441\u043a\u043e\u0433\u043e \u043a\u043e\u0440\u0430\u0431\u043b\u044f \u0432 \u041c\u0430\u0440\u043c\u0430\u0440\u0438\u0441\u0435! \u0410\u043d\u0438\u043c\u0430\u0446\u0438\u043e\u043d\u043d\u0430\u044f \u043a\u043e\u043c\u0430\u043d\u0434\u0430 \u043e\u0431\u0435\u0441\u043f\u0435\u0447\u0438\u0432\u0430\u0435\u0442 \u0432\u0435\u0441\u0435\u043b\u0443\u044e \u0430\u0442\u043c\u043e\u0441\u0444\u0435\u0440\u0443 \u0441 \u043a\u043e\u043d\u043a\u0443\u0440\u0441\u0430\u043c\u0438 \u0438 \u0442\u0430\u043d\u0446\u0430\u043c\u0438.","og_url":"https:\/\/skyline-gs.com\/fr\/produit\/pirate-ship\/","og_site_name":"\u042d\u043a\u0441\u043a\u0443\u0440\u0441\u0438\u0438 Skyline","article_modified_time":"2024-01-23T23:04:21+00:00","og_image":[{"width":669,"height":446,"url":"https:\/\/skyline-gs.com\/wp-content\/uploads\/2022\/07\/6-50.png","type":"image\/png"}],"twitter_card":"summary_large_image","twitter_misc":{"Dur\u00e9e de lecture estim\u00e9e":"1 minute"},"schema":{"@context":"https:\/\/schema.org","@graph":[{"@type":"WebPage","@id":"https:\/\/skyline-gs.com\/it\/prodotto\/pirate-ship\/","url":"https:\/\/skyline-gs.com\/it\/prodotto\/pirate-ship\/","name":"\u041f\u0438\u0440\u0430\u0442\u0441\u043a\u0438\u0439 \u043a\u043e\u0440\u0430\u0431\u043b\u044c &#8226; \u042d\u043a\u0441\u043a\u0443\u0440\u0441\u0438\u0438 Skyline","isPartOf":{"@id":"https:\/\/skyline-gs.com\/it\/#website"},"primaryImageOfPage":{"@id":"https:\/\/skyline-gs.com\/it\/prodotto\/pirate-ship\/#primaryimage"},"image":{"@id":"https:\/\/skyline-gs.com\/it\/prodotto\/pirate-ship\/#primaryimage"},"thumbnailUrl":"https:\/\/skyline-gs.com\/wp-content\/uploads\/2022\/07\/6-50.png","datePublished":"2024-01-14T15:01:11+00:00","dateModified":"2024-01-23T23:04:21+00:00","description":"Montez \u00e0 bord d'un v\u00e9ritable bateau pirate \u00e0 Marmaris ! L'\u00e9quipe d'animation cr\u00e9e une atmosph\u00e8re amusante avec des concours et des danses.","breadcrumb":{"@id":"https:\/\/skyline-gs.com\/it\/prodotto\/pirate-ship\/#breadcrumb"},"inLanguage":"fr-FR","potentialAction":[{"@type":"ReadAction","target":["https:\/\/skyline-gs.com\/it\/prodotto\/pirate-ship\/"]}]},{"@type":"ImageObject","inLanguage":"fr-FR","@id":"https:\/\/skyline-gs.com\/it\/prodotto\/pirate-ship\/#primaryimage","url":"https:\/\/skyline-gs.com\/wp-content\/uploads\/2022\/07\/6-50.png","contentUrl":"https:\/\/skyline-gs.com\/wp-content\/uploads\/2022\/07\/6-50.png","width":669,"height":446},{"@type":"BreadcrumbList","@id":"https:\/\/skyline-gs.com\/it\/prodotto\/pirate-ship\/#breadcrumb","itemListElement":[{"@type":"ListItem","position":1,"name":"\u0413\u043b\u0430\u0432\u043d\u0430\u044f \u0441\u0442\u0440\u0430\u043d\u0438\u0446\u0430","item":"https:\/\/skyline-gs.com\/hu\/"},{"@type":"ListItem","position":2,"name":"\u041c\u0430\u0433\u0430\u0437\u0438\u043d","item":"https:\/\/skyline-gs.com\/cs\/shop\/"},{"@type":"ListItem","position":3,"name":"\u041f\u0438\u0440\u0430\u0442\u0441\u043a\u0438\u0439 \u043a\u043e\u0440\u0430\u0431\u043b\u044c"}]},{"@type":"WebSite","@id":"https:\/\/skyline-gs.com\/it\/#website","url":"https:\/\/skyline-gs.com\/it\/","name":"Excursions Skyline","description":"Excursions exclusives dans les meilleurs centres de vill\u00e9giature du monde","publisher":{"@id":"https:\/\/skyline-gs.com\/it\/#organization"},"alternateName":"Skyline","potentialAction":[{"@type":"SearchAction","target":{"@type":"EntryPoint","urlTemplate":"https:\/\/skyline-gs.com\/it\/?s={search_term_string}"},"query-input":{"@type":"PropertyValueSpecification","valueRequired":true,"valueName":"search_term_string"}}],"inLanguage":"fr-FR"},{"@type":"Organization","@id":"https:\/\/skyline-gs.com\/it\/#organization","name":"Excursions Skyline","alternateName":"\u042d\u043a\u0441\u043a\u0443\u0440\u0441\u0438\u0438 Skyline","url":"https:\/\/skyline-gs.com\/it\/","logo":{"@type":"ImageObject","inLanguage":"fr-FR","@id":"https:\/\/skyline-gs.com\/it\/#\/schema\/logo\/image\/","url":"https:\/\/skyline-gs.com\/wp-content\/uploads\/2020\/12\/cropped-logo-2.png","contentUrl":"https:\/\/skyline-gs.com\/wp-content\/uploads\/2020\/12\/cropped-logo-2.png","width":512,"height":512,"caption":"\u042d\u043a\u0441\u043a\u0443\u0440\u0441\u0438\u0438 Skyline"},"image":{"@id":"https:\/\/skyline-gs.com\/it\/#\/schema\/logo\/image\/"},"sameAs":["https:\/\/www.instagram.com\/skylineglobalservice\/"]}]}},"_links":{"self":[{"href":"https:\/\/skyline-gs.com\/fr\/wp-json\/wp\/v2\/product\/45910","targetHints":{"allow":["GET"]}}],"collection":[{"href":"https:\/\/skyline-gs.com\/fr\/wp-json\/wp\/v2\/product"}],"about":[{"href":"https:\/\/skyline-gs.com\/fr\/wp-json\/wp\/v2\/types\/product"}],"version-history":[{"count":0,"href":"https:\/\/skyline-gs.com\/fr\/wp-json\/wp\/v2\/product\/45910\/revisions"}],"wp:featuredmedia":[{"embeddable":true,"href":"https:\/\/skyline-gs.com\/fr\/wp-json\/wp\/v2\/media\/39458"}],"wp:attachment":[{"href":"https:\/\/skyline-gs.com\/fr\/wp-json\/wp\/v2\/media?parent=45910"}],"wp:term":[{"taxonomy":"product_brand","embeddable":true,"href":"https:\/\/skyline-gs.com\/fr\/wp-json\/wp\/v2\/product_brand?post=45910"},{"taxonomy":"product_cat","embeddable":true,"href":"https:\/\/skyline-gs.com\/fr\/wp-json\/wp\/v2\/product_cat?post=45910"},{"taxonomy":"product_tag","embeddable":true,"href":"https:\/\/skyline-gs.com\/fr\/wp-json\/wp\/v2\/product_tag?post=45910"}],"curies":[{"name":"wp","href":"https:\/\/api.w.org\/{rel}","templated":true}]}}